{"id":1556742,"date":"2025-03-31T12:00:46","date_gmt":"2025-03-31T12:00:46","guid":{"rendered":"https:\/\/tupique.com\/?page_id=1556742"},"modified":"2026-02-13T15:29:30","modified_gmt":"2026-02-13T14:29:30","slug":"qui-sommes-nous","status":"publish","type":"page","link":"https:\/\/tupique.com\/en\/qui-sommes-nous\/","title":{"rendered":"Who we are"},"content":{"rendered":"<div data-elementor-type=\"wp-page\" data-elementor-id=\"1556742\" class=\"elementor elementor-1556742\" data-elementor-post-type=\"page\">\n\t\t\t\t<div class=\"wd-negative-gap elementor-element elementor-element-d2861dc e-flex e-con-boxed e-con e-parent\" data-id=\"d2861dc\" data-element_type=\"container\" data-e-type=\"container\">\n\t\t\t\t\t<div class=\"e-con-inner\">\n\t\t\t\t<div class=\"elementor-element elementor-element-10beaa9 elementor-widget elementor-widget-heading\" data-id=\"10beaa9\" data-element_type=\"widget\" data-e-type=\"widget\" data-widget_type=\"heading.default\">\n\t\t\t\t<div class=\"elementor-widget-container\">\n\t\t\t\t\t<h2 class=\"elementor-heading-title elementor-size-default\">Who we are<\/h2>\t\t\t\t<\/div>\n\t\t\t\t<\/div>\n\t\t\t\t<div class=\"elementor-element elementor-element-47e18d5 color-scheme-inherit text-left elementor-widget elementor-widget-text-editor\" data-id=\"47e18d5\" data-element_type=\"widget\" data-e-type=\"widget\" data-widget_type=\"text-editor.default\">\n\t\t\t\t<div class=\"elementor-widget-container\">\n\t\t\t\t\t\t\t\t\t<p>Welcome to Tupique, your trusted online destination for a carefully curated selection of high-quality products at the best prices.<\/p><p><strong>Our Identity<\/strong><br \/>The tupique.com website is operated by TUPIQUE USA LLC, based in Sheridan, Wyoming, USA. Our mission is to connect European consumers with innovative and essential products, guaranteeing a secure and transparent shopping experience.<\/p><p><strong>Our Logistics<\/strong><br \/>To ensure efficient and rapid delivery throughout the European Union, we collaborate with strategic logistics partners. Although our headquarters are located in the United States, the majority of our shipments are managed from our logistics center in Spain. This model allows us to reduce delivery times and guarantee that our customers receive their orders in optimal condition.<\/p><p><strong>Why choose Typique?<\/strong><\/p><p>Quality Guaranteed: Every product in our catalogue is selected according to strict quality criteria.<br \/>Total Transparency: We believe in honest communication about our delivery times and the origin of our products.<br \/>Dedicated Customer Service: Our support team is available to answer all your questions and assist you after your purchase.<br \/>Payment Security: We use the most advanced encryption technologies to protect your data and transactions.<br \/>Our Commitment<br \/>Chez Tupique, le client est au centre de nos pr\u00e9occupations. Nous travaillons chaque jour pour am\u00e9liorer notre catalogue et nos processus afin de devenir votre boutique de r\u00e9f\u00e9rence en Europe.<\/p><p><strong>Legal Information:<\/strong><\/p><p>TUPIQUE USA LLC<br \/>Head office: 30 N Gould St Ste R, Sheridan, WY 82801, USA<br \/>Email: support@tupique.com<\/p>\t\t\t\t\t\t\t\t<\/div>\n\t\t\t\t<\/div>\n\t\t\t\t\t<\/div>\n\t\t\t\t<\/div>\n\t\t\t\t<\/div>","protected":false},"excerpt":{"rendered":"<p>Qui sommes-nous Chez TUPIQUE, nous croyons que le shopping en ligne doit \u00eatre simple, accessible et styl\u00e9. Nous sommes une<\/p>","protected":false},"author":2,"featured_media":0,"parent":0,"menu_order":0,"comment_status":"closed","ping_status":"open","template":"","meta":{"_joinchat":[],"footnotes":""},"class_list":["post-1556742","page","type-page","status-publish","hentry"],"yoast_head":"<!-- This site is optimized with the Yoast SEO plugin v27.2 - https:\/\/yoast.com\/product\/yoast-seo-wordpress\/ -->\n<title>Qui sommes-nous - Tupique<\/title>\n<meta name=\"robots\" content=\"index, follow, max-snippet:-1, max-image-preview:large, max-video-preview:-1\" \/>\n<link rel=\"canonical\" href=\"https:\/\/tupique.com\/en\/qui-sommes-nous\/\" \/>\n<meta property=\"og:locale\" content=\"en_GB\" \/>\n<meta property=\"og:type\" content=\"article\" \/>\n<meta property=\"og:title\" content=\"Qui sommes-nous - Tupique\" \/>\n<meta property=\"og:description\" content=\"Qui sommes-nous Chez TUPIQUE, nous croyons que le shopping en ligne doit \u00eatre simple, accessible et styl\u00e9. Nous sommes une\" \/>\n<meta property=\"og:url\" content=\"https:\/\/tupique.com\/en\/qui-sommes-nous\/\" \/>\n<meta property=\"og:site_name\" content=\"Tupique\" \/>\n<meta property=\"article:modified_time\" content=\"2026-02-13T14:29:30+00:00\" \/>\n<meta name=\"twitter:card\" content=\"summary_large_image\" \/>\n<meta name=\"twitter:label1\" content=\"Estimated reading time\" \/>\n\t<meta name=\"twitter:data1\" content=\"2 minutes\" \/>\n<script type=\"application\/ld+json\" class=\"yoast-schema-graph\">{\"@context\":\"https:\/\/schema.org\",\"@graph\":[{\"@type\":\"WebPage\",\"@id\":\"https:\/\/tupique.com\/en\/qui-sommes-nous\/\",\"url\":\"https:\/\/tupique.com\/en\/qui-sommes-nous\/\",\"name\":\"Qui sommes-nous - Tupique\",\"isPartOf\":{\"@id\":\"https:\/\/tupique.com\/#website\"},\"datePublished\":\"2025-03-31T12:00:46+00:00\",\"dateModified\":\"2026-02-13T14:29:30+00:00\",\"breadcrumb\":{\"@id\":\"https:\/\/tupique.com\/en\/qui-sommes-nous\/#breadcrumb\"},\"inLanguage\":\"en-GB\",\"potentialAction\":[{\"@type\":\"ReadAction\",\"target\":[\"https:\/\/tupique.com\/en\/qui-sommes-nous\/\"]}]},{\"@type\":\"BreadcrumbList\",\"@id\":\"https:\/\/tupique.com\/en\/qui-sommes-nous\/#breadcrumb\",\"itemListElement\":[{\"@type\":\"ListItem\",\"position\":1,\"name\":\"In\u00edcio\",\"item\":\"https:\/\/tupique.com\/\"},{\"@type\":\"ListItem\",\"position\":2,\"name\":\"Qui sommes-nous\"}]},{\"@type\":\"WebSite\",\"@id\":\"https:\/\/tupique.com\/#website\",\"url\":\"https:\/\/tupique.com\/\",\"name\":\"Tupique\",\"description\":\"Marketplace\",\"publisher\":{\"@id\":\"https:\/\/tupique.com\/#organization\"},\"potentialAction\":[{\"@type\":\"SearchAction\",\"target\":{\"@type\":\"EntryPoint\",\"urlTemplate\":\"https:\/\/tupique.com\/?s={search_term_string}\"},\"query-input\":{\"@type\":\"PropertyValueSpecification\",\"valueRequired\":true,\"valueName\":\"search_term_string\"}}],\"inLanguage\":\"en-GB\"},{\"@type\":\"Organization\",\"@id\":\"https:\/\/tupique.com\/#organization\",\"name\":\"Tupique\",\"url\":\"https:\/\/tupique.com\/\",\"logo\":{\"@type\":\"ImageObject\",\"inLanguage\":\"en-GB\",\"@id\":\"https:\/\/tupique.com\/#\/schema\/logo\/image\/\",\"url\":\"https:\/\/tupique.com\/wp-content\/uploads\/2024\/09\/logo.png\",\"contentUrl\":\"https:\/\/tupique.com\/wp-content\/uploads\/2024\/09\/logo.png\",\"width\":1118,\"height\":310,\"caption\":\"Tupique\"},\"image\":{\"@id\":\"https:\/\/tupique.com\/#\/schema\/logo\/image\/\"}}]}<\/script>\n<!-- \/ Yoast SEO plugin. -->","yoast_head_json":{"title":"Qui sommes-nous - Tupique","robots":{"index":"index","follow":"follow","max-snippet":"max-snippet:-1","max-image-preview":"max-image-preview:large","max-video-preview":"max-video-preview:-1"},"canonical":"https:\/\/tupique.com\/en\/qui-sommes-nous\/","og_locale":"en_GB","og_type":"article","og_title":"Qui sommes-nous - Tupique","og_description":"Qui sommes-nous Chez TUPIQUE, nous croyons que le shopping en ligne doit \u00eatre simple, accessible et styl\u00e9. Nous sommes une","og_url":"https:\/\/tupique.com\/en\/qui-sommes-nous\/","og_site_name":"Tupique","article_modified_time":"2026-02-13T14:29:30+00:00","twitter_card":"summary_large_image","twitter_misc":{"Estimated reading time":"2 minutes"},"schema":{"@context":"https:\/\/schema.org","@graph":[{"@type":"WebPage","@id":"https:\/\/tupique.com\/en\/qui-sommes-nous\/","url":"https:\/\/tupique.com\/en\/qui-sommes-nous\/","name":"Qui sommes-nous - Tupique","isPartOf":{"@id":"https:\/\/tupique.com\/#website"},"datePublished":"2025-03-31T12:00:46+00:00","dateModified":"2026-02-13T14:29:30+00:00","breadcrumb":{"@id":"https:\/\/tupique.com\/en\/qui-sommes-nous\/#breadcrumb"},"inLanguage":"en-GB","potentialAction":[{"@type":"ReadAction","target":["https:\/\/tupique.com\/en\/qui-sommes-nous\/"]}]},{"@type":"BreadcrumbList","@id":"https:\/\/tupique.com\/en\/qui-sommes-nous\/#breadcrumb","itemListElement":[{"@type":"ListItem","position":1,"name":"In\u00edcio","item":"https:\/\/tupique.com\/"},{"@type":"ListItem","position":2,"name":"Qui sommes-nous"}]},{"@type":"WebSite","@id":"https:\/\/tupique.com\/#website","url":"https:\/\/tupique.com\/","name":"Tupique","description":"Marketplace","publisher":{"@id":"https:\/\/tupique.com\/#organization"},"potentialAction":[{"@type":"SearchAction","target":{"@type":"EntryPoint","urlTemplate":"https:\/\/tupique.com\/?s={search_term_string}"},"query-input":{"@type":"PropertyValueSpecification","valueRequired":true,"valueName":"search_term_string"}}],"inLanguage":"en-GB"},{"@type":"Organization","@id":"https:\/\/tupique.com\/#organization","name":"Tupique","url":"https:\/\/tupique.com\/","logo":{"@type":"ImageObject","inLanguage":"en-GB","@id":"https:\/\/tupique.com\/#\/schema\/logo\/image\/","url":"https:\/\/tupique.com\/wp-content\/uploads\/2024\/09\/logo.png","contentUrl":"https:\/\/tupique.com\/wp-content\/uploads\/2024\/09\/logo.png","width":1118,"height":310,"caption":"Tupique"},"image":{"@id":"https:\/\/tupique.com\/#\/schema\/logo\/image\/"}}]}},"jetpack_sharing_enabled":true,"_links":{"self":[{"href":"https:\/\/tupique.com\/en\/wp-json\/wp\/v2\/pages\/1556742","targetHints":{"allow":["GET"]}}],"collection":[{"href":"https:\/\/tupique.com\/en\/wp-json\/wp\/v2\/pages"}],"about":[{"href":"https:\/\/tupique.com\/en\/wp-json\/wp\/v2\/types\/page"}],"author":[{"embeddable":true,"href":"https:\/\/tupique.com\/en\/wp-json\/wp\/v2\/users\/2"}],"replies":[{"embeddable":true,"href":"https:\/\/tupique.com\/en\/wp-json\/wp\/v2\/comments?post=1556742"}],"version-history":[{"count":0,"href":"https:\/\/tupique.com\/en\/wp-json\/wp\/v2\/pages\/1556742\/revisions"}],"wp:attachment":[{"href":"https:\/\/tupique.com\/en\/wp-json\/wp\/v2\/media?parent=1556742"}],"curies":[{"name":"wp","href":"https:\/\/api.w.org\/{rel}","templated":true}]}}