{"id":245375,"date":"2024-10-30T23:29:45","date_gmt":"2024-10-30T23:29:45","guid":{"rendered":"https:\/\/tupique.com\/?page_id=245375"},"modified":"2026-02-06T20:05:15","modified_gmt":"2026-02-06T19:05:15","slug":"termes-et-conditions","status":"publish","type":"page","link":"https:\/\/tupique.com\/en\/termes-et-conditions\/","title":{"rendered":"Terms and conditions"},"content":{"rendered":"<div data-elementor-type=\"wp-page\" data-elementor-id=\"245375\" class=\"elementor elementor-245375\" data-elementor-post-type=\"page\">\n\t\t\t\t<div class=\"wd-negative-gap elementor-element elementor-element-d578d6a e-flex e-con-boxed e-con e-parent\" data-id=\"d578d6a\" data-element_type=\"container\" data-e-type=\"container\">\n\t\t\t\t\t<div class=\"e-con-inner\">\n\t\t\t\t<div class=\"elementor-element elementor-element-0a9b909 color-scheme-inherit text-left elementor-widget elementor-widget-text-editor\" data-id=\"0a9b909\" data-element_type=\"widget\" data-e-type=\"widget\" data-widget_type=\"text-editor.default\">\n\t\t\t\t<div class=\"elementor-widget-container\">\n\t\t\t\t\t\t\t\t\t<p><b>GENERAL TERMS OF USE<\/b><b><\/b><\/p><p><b>1. Purpose<\/b><b><br \/><\/b><span style=\"font-weight: 400;\">GENERAL TERMS AND CONDITIONS OF USE These General Terms and Conditions of Use (GTC) define the rules applicable to the use of the TUPIQUE website and the purchase of products offered by our suppliers. By accessing our website or placing an order, the user acknowledges having read and accepted these terms and conditions without reservation.<\/span><\/p><p><span style=\"font-weight: 400;\">TUPIQUE is operated by <\/span><b>TUPIQUE USA LLC<\/b><span style=\"font-weight: 400;\">headquartered at <\/span><b>30 N Gould St Ste R, Sheridan, Wyoming 82801, USA<\/b><span style=\"font-weight: 400;\"><br \/><\/span><span style=\"font-weight: 400;\">VAT number: EE102923551<\/span><b><br \/><\/b><span style=\"font-weight: 400;\">Contact: <\/span><b>info@tupique.com<\/b><span style=\"font-weight: 400;\"> or WhatsApp : <\/span><b>(351) 214446119<\/b><span style=\"font-weight: 400;\">\u00a0(message only)<\/span><\/p><p><b>2. Economic Model<\/b><b><br \/><\/b><span style=\"font-weight: 400;\">TUPIQUE is a platform operating on a dropshipping model, which means we do not hold any physical stock. Products are shipped directly from suppliers, and delivery times may vary depending on their location.<\/span><\/p><p><b>3. Ordering and Payment Terms<\/b><b><br \/><\/b><span style=\"font-weight: 400;\">Orders are subject to product availability from our suppliers.<\/span><span style=\"font-weight: 400;\"><br \/><\/span><span style=\"font-weight: 400;\">We accept payments via PayPal, credit card and Klarna.<\/span><span style=\"font-weight: 400;\"><br \/><\/span><span style=\"font-weight: 400;\">Prices are subject to change without notice, depending on market developments.<\/span><\/p><p><b>4. Delivery and Responsibilities<\/b><b><br \/><\/b><span style=\"font-weight: 400;\">Delivery times are given as a guide only and may be affected by external events (customs, strikes, natural disasters, etc.)<\/span><\/p><p><span style=\"font-size: 15px;\">Free delivery on all orders within Europe<\/span><\/p><p><span style=\"font-size: 15px;\">We only ship within the European Union. No customs fees.<br \/>No additional charges will be requested.<\/span><\/p><p><span style=\"font-size: 15px;\">TUPIQUE cannot be held responsible for delays or delivery errors attributable to carriers.<\/span><\/p><p><b>5. Derecho de desistimiento y devoluciones<\/b><b><br \/><\/b><span style=\"font-weight: 400;\">In accordance with current legislation, consumers have a right of withdrawal of 14 days from the date of receipt of the product.<\/span><span style=\"font-weight: 400;\"><br \/><\/span><span style=\"font-weight: 400;\">The product must be returned in its original packaging and in perfect condition.<\/span><span style=\"font-weight: 400;\"><br \/><\/span><span style=\"font-weight: 400;\">Return shipping costs are the responsibility of the customer except in the case of a defective product.<\/span><span style=\"font-weight: 400;\"><br \/><\/span><span style=\"font-weight: 400;\">For all return requests, please contact our customer service.<\/span><\/p><p><b>6. Warranty and Liability<\/b><b><br \/><\/b><span style=\"font-weight: 400;\">Nous garantissons uniquement les caract\u00e9ristiques des produits telles que d\u00e9crites sur notre site.<\/span><span style=\"font-weight: 400;\"><br \/><\/span><span style=\"font-weight: 400;\">Nous ne saurions \u00eatre tenus responsables des dommages indirects li\u00e9s \u00e0 l&#8217;utilisation des produits.<\/span><\/p><p><b>7. Propri\u00e9t\u00e9 Intellectuelle<\/b><b><br \/><\/b><span style=\"font-weight: 400;\">L&#8217;ensemble des contenus pr\u00e9sents sur le site (textes, images, vid\u00e9os, logos) est prot\u00e9g\u00e9 par le droit de la propri\u00e9t\u00e9 intellectuelle et ne peut \u00eatre reproduit sans autorisation pr\u00e9alable.<\/span><\/p><p><b>8. Modification of Terms and Conditions<\/b><b><br \/><\/b><span style=\"font-weight: 400;\">TUPIQUE reserves the right to modify these Terms and Conditions at any time. Any modification will be applicable immediately upon its publication on the website.<\/span><\/p><p><b>9. Contact et Service Client<\/b><b><br \/><\/b><span style=\"font-weight: 400;\">For any questions relating to these Terms and Conditions, please contact us using the contact details provided above. <b>e-mail<\/b> to info@tupique.com or via <b>WhatsApp<\/b> at (351) 214446119<\/span><\/p><h2><strong>Return and exchange addresses<\/strong><\/h2><p><strong>ADDRESS IN FRANCE<\/strong><\/p><p>CXP 980527<br \/>110bis Avenue du General Leclerc<br \/>Quai Niv1 Bat7<br \/>93500-PANTIN &#8211; FRANCE<br \/>tel: 06.76.40.32.22<\/p><p><strong>USA ADDRESS DELAWARE (TAX FREE)<\/strong><\/p><p>CXP980527<br \/>266 Cherry Lane<br \/>DELAWARE (DE)<br \/>19720-NEW CASTLE \u2013 USA\u00a0<br \/>phone: 732-446-6721<\/p><p><strong>UK ADDRESS<\/strong><\/p><p>Landmark CXP980527<br \/>Unit 3 Heathrow Logistic Park<br \/>TW14 8EE-FELTHAM<br \/>UNITED KINGDO\u041c<br \/>phone: 7921222222<\/p><p><strong>ADDRESS IN SPAIN<\/strong><\/p><p>Souvenirs la Frontera CXP980527<br \/>Avenida Iparralde 47<br \/>GUIPUZCOA<br \/>20304- IRUN \u2013 ESPA\u00d1A<br \/>phone: 674 12 34 56<\/p><p><strong>ADDRESS IN ITALY<\/strong><\/p><p>COLISEXPAT - ref.980527<br \/>Via dell\u2019Industria 58\/A<br \/>20037-PADERNO DUGNANO \u2013 ITALIA<br \/>phone: 02 8434 9416<\/p>\t\t\t\t\t\t\t\t<\/div>\n\t\t\t\t<\/div>\n\t\t\t\t\t<\/div>\n\t\t\t\t<\/div>\n\t\t\t\t<\/div>","protected":false},"excerpt":{"rendered":"<p>CONDITIONS G\u00c9N\u00c9RALES D&#8217;UTILISATION 1. ObjetLes pr\u00e9sentes Conditions G\u00e9n\u00e9rales d&#8217;Utilisation (CGU) d\u00e9finissent les r\u00e8gles applicables \u00e0 l&#8217;utilisation du site TUPIQUE et<\/p>","protected":false},"author":2,"featured_media":0,"parent":0,"menu_order":0,"comment_status":"closed","ping_status":"open","template":"","meta":{"_joinchat":[],"footnotes":""},"class_list":["post-245375","page","type-page","status-publish","hentry"],"yoast_head":"<!-- This site is optimized with the Yoast SEO plugin v27.2 - https:\/\/yoast.com\/product\/yoast-seo-wordpress\/ -->\n<title>Termes et conditions - Tupique<\/title>\n<meta name=\"robots\" content=\"index, follow, max-snippet:-1, max-image-preview:large, max-video-preview:-1\" \/>\n<link rel=\"canonical\" href=\"https:\/\/tupique.com\/en\/termes-et-conditions\/\" \/>\n<meta property=\"og:locale\" content=\"en_GB\" \/>\n<meta property=\"og:type\" content=\"article\" \/>\n<meta property=\"og:title\" content=\"Termes et conditions - Tupique\" \/>\n<meta property=\"og:description\" content=\"CONDITIONS G\u00c9N\u00c9RALES D&#8217;UTILISATION 1. ObjetLes pr\u00e9sentes Conditions G\u00e9n\u00e9rales d&#8217;Utilisation (CGU) d\u00e9finissent les r\u00e8gles applicables \u00e0 l&#8217;utilisation du site TUPIQUE et\" \/>\n<meta property=\"og:url\" content=\"https:\/\/tupique.com\/en\/termes-et-conditions\/\" \/>\n<meta property=\"og:site_name\" content=\"Tupique\" \/>\n<meta property=\"article:modified_time\" content=\"2026-02-06T19:05:15+00:00\" \/>\n<meta name=\"twitter:card\" content=\"summary_large_image\" \/>\n<meta name=\"twitter:label1\" content=\"Estimated reading time\" \/>\n\t<meta name=\"twitter:data1\" content=\"3 minutes\" \/>\n<script type=\"application\/ld+json\" class=\"yoast-schema-graph\">{\"@context\":\"https:\/\/schema.org\",\"@graph\":[{\"@type\":\"WebPage\",\"@id\":\"https:\/\/tupique.com\/en\/termes-et-conditions\/\",\"url\":\"https:\/\/tupique.com\/en\/termes-et-conditions\/\",\"name\":\"Termes et conditions - Tupique\",\"isPartOf\":{\"@id\":\"https:\/\/tupique.com\/#website\"},\"datePublished\":\"2024-10-30T23:29:45+00:00\",\"dateModified\":\"2026-02-06T19:05:15+00:00\",\"breadcrumb\":{\"@id\":\"https:\/\/tupique.com\/en\/termes-et-conditions\/#breadcrumb\"},\"inLanguage\":\"en-GB\",\"potentialAction\":[{\"@type\":\"ReadAction\",\"target\":[\"https:\/\/tupique.com\/en\/termes-et-conditions\/\"]}]},{\"@type\":\"BreadcrumbList\",\"@id\":\"https:\/\/tupique.com\/en\/termes-et-conditions\/#breadcrumb\",\"itemListElement\":[{\"@type\":\"ListItem\",\"position\":1,\"name\":\"In\u00edcio\",\"item\":\"https:\/\/tupique.com\/\"},{\"@type\":\"ListItem\",\"position\":2,\"name\":\"Termes et conditions\"}]},{\"@type\":\"WebSite\",\"@id\":\"https:\/\/tupique.com\/#website\",\"url\":\"https:\/\/tupique.com\/\",\"name\":\"Tupique\",\"description\":\"Marketplace\",\"publisher\":{\"@id\":\"https:\/\/tupique.com\/#organization\"},\"potentialAction\":[{\"@type\":\"SearchAction\",\"target\":{\"@type\":\"EntryPoint\",\"urlTemplate\":\"https:\/\/tupique.com\/?s={search_term_string}\"},\"query-input\":{\"@type\":\"PropertyValueSpecification\",\"valueRequired\":true,\"valueName\":\"search_term_string\"}}],\"inLanguage\":\"en-GB\"},{\"@type\":\"Organization\",\"@id\":\"https:\/\/tupique.com\/#organization\",\"name\":\"Tupique\",\"url\":\"https:\/\/tupique.com\/\",\"logo\":{\"@type\":\"ImageObject\",\"inLanguage\":\"en-GB\",\"@id\":\"https:\/\/tupique.com\/#\/schema\/logo\/image\/\",\"url\":\"https:\/\/tupique.com\/wp-content\/uploads\/2024\/09\/logo.png\",\"contentUrl\":\"https:\/\/tupique.com\/wp-content\/uploads\/2024\/09\/logo.png\",\"width\":1118,\"height\":310,\"caption\":\"Tupique\"},\"image\":{\"@id\":\"https:\/\/tupique.com\/#\/schema\/logo\/image\/\"}}]}<\/script>\n<!-- \/ Yoast SEO plugin. -->","yoast_head_json":{"title":"Termes et conditions - Tupique","robots":{"index":"index","follow":"follow","max-snippet":"max-snippet:-1","max-image-preview":"max-image-preview:large","max-video-preview":"max-video-preview:-1"},"canonical":"https:\/\/tupique.com\/en\/termes-et-conditions\/","og_locale":"en_GB","og_type":"article","og_title":"Termes et conditions - Tupique","og_description":"CONDITIONS G\u00c9N\u00c9RALES D&#8217;UTILISATION 1. ObjetLes pr\u00e9sentes Conditions G\u00e9n\u00e9rales d&#8217;Utilisation (CGU) d\u00e9finissent les r\u00e8gles applicables \u00e0 l&#8217;utilisation du site TUPIQUE et","og_url":"https:\/\/tupique.com\/en\/termes-et-conditions\/","og_site_name":"Tupique","article_modified_time":"2026-02-06T19:05:15+00:00","twitter_card":"summary_large_image","twitter_misc":{"Estimated reading time":"3 minutes"},"schema":{"@context":"https:\/\/schema.org","@graph":[{"@type":"WebPage","@id":"https:\/\/tupique.com\/en\/termes-et-conditions\/","url":"https:\/\/tupique.com\/en\/termes-et-conditions\/","name":"Termes et conditions - Tupique","isPartOf":{"@id":"https:\/\/tupique.com\/#website"},"datePublished":"2024-10-30T23:29:45+00:00","dateModified":"2026-02-06T19:05:15+00:00","breadcrumb":{"@id":"https:\/\/tupique.com\/en\/termes-et-conditions\/#breadcrumb"},"inLanguage":"en-GB","potentialAction":[{"@type":"ReadAction","target":["https:\/\/tupique.com\/en\/termes-et-conditions\/"]}]},{"@type":"BreadcrumbList","@id":"https:\/\/tupique.com\/en\/termes-et-conditions\/#breadcrumb","itemListElement":[{"@type":"ListItem","position":1,"name":"In\u00edcio","item":"https:\/\/tupique.com\/"},{"@type":"ListItem","position":2,"name":"Termes et conditions"}]},{"@type":"WebSite","@id":"https:\/\/tupique.com\/#website","url":"https:\/\/tupique.com\/","name":"Tupique","description":"Marketplace","publisher":{"@id":"https:\/\/tupique.com\/#organization"},"potentialAction":[{"@type":"SearchAction","target":{"@type":"EntryPoint","urlTemplate":"https:\/\/tupique.com\/?s={search_term_string}"},"query-input":{"@type":"PropertyValueSpecification","valueRequired":true,"valueName":"search_term_string"}}],"inLanguage":"en-GB"},{"@type":"Organization","@id":"https:\/\/tupique.com\/#organization","name":"Tupique","url":"https:\/\/tupique.com\/","logo":{"@type":"ImageObject","inLanguage":"en-GB","@id":"https:\/\/tupique.com\/#\/schema\/logo\/image\/","url":"https:\/\/tupique.com\/wp-content\/uploads\/2024\/09\/logo.png","contentUrl":"https:\/\/tupique.com\/wp-content\/uploads\/2024\/09\/logo.png","width":1118,"height":310,"caption":"Tupique"},"image":{"@id":"https:\/\/tupique.com\/#\/schema\/logo\/image\/"}}]}},"jetpack_sharing_enabled":true,"_links":{"self":[{"href":"https:\/\/tupique.com\/en\/wp-json\/wp\/v2\/pages\/245375","targetHints":{"allow":["GET"]}}],"collection":[{"href":"https:\/\/tupique.com\/en\/wp-json\/wp\/v2\/pages"}],"about":[{"href":"https:\/\/tupique.com\/en\/wp-json\/wp\/v2\/types\/page"}],"author":[{"embeddable":true,"href":"https:\/\/tupique.com\/en\/wp-json\/wp\/v2\/users\/2"}],"replies":[{"embeddable":true,"href":"https:\/\/tupique.com\/en\/wp-json\/wp\/v2\/comments?post=245375"}],"version-history":[{"count":0,"href":"https:\/\/tupique.com\/en\/wp-json\/wp\/v2\/pages\/245375\/revisions"}],"wp:attachment":[{"href":"https:\/\/tupique.com\/en\/wp-json\/wp\/v2\/media?parent=245375"}],"curies":[{"name":"wp","href":"https:\/\/api.w.org\/{rel}","templated":true}]}}