{"id":12875,"date":"2026-03-28T01:24:35","date_gmt":"2026-03-27T23:24:35","guid":{"rendered":"https:\/\/bigbuy.tupique.com\/produto\/strainer-quttin-black-metal-o-10-cm-24-units\/"},"modified":"2026-05-14T22:40:13","modified_gmt":"2026-05-14T20:40:13","slug":"strainer-quttin-black-metal-o-10-cm-24-units","status":"publish","type":"product","link":"https:\/\/tupique.com\/en\/product\/strainer-quttin-black-metal-o-10-cm-24-units\/","title":{"rendered":"Tamis Quttin Noir M\u00e9tal \u00d8 10 cm (24 Unit\u00e9s)"},"content":{"rendered":"<p>Si vous \u00eates \u00e0 la recherche de nouvelles tendances sur le march\u00e9, nous vous pr\u00e9sentons <b>Tamis Quttin Noir M\u00e9tal \u00d8 10 cm (24 Unit\u00e9s)<\/b> !<\/p>\n<ul>\n<li>Type: Tamis<\/li>\n<li>Couleur: Noir<\/li>\n<li>Mati\u00e8re: M\u00e9tal<\/li>\n<li>Unit\u00e9s: 24 Unit\u00e9s<\/li>\n<li>diam\u00e8tre approx.: \u00d8 10 cm<\/li>\n<\/ul>","protected":false},"excerpt":{"rendered":"<p><span class=\"unit-info\">1.3329 &euro; \/ 1 unit<\/span><\/p>","protected":false},"featured_media":213156,"comment_status":"open","ping_status":"closed","template":"","meta":[],"product_brand":[278],"product_cat":[225,60,224],"product_tag":[104],"woo-feed-brand":[],"class_list":{"0":"post-12875","1":"product","2":"type-product","3":"status-publish","4":"has-post-thumbnail","6":"product_brand-brandp_2771","7":"product_cat-autres-accessoires-et-ustensiles-de-cuisine","8":"product_cat-cuisine-gourmet","9":"product_cat-ustensiles-et-accessoires-de-cuisine","10":"product_tag-tag_1279","12":"first","13":"instock","14":"taxable","15":"shipping-taxable","16":"purchasable","17":"product-type-simple"},"yoast_head":"<!-- This site is optimized with the Yoast SEO plugin v27.6 - https:\/\/yoast.com\/product\/yoast-seo-wordpress\/ -->\n<title>Tamis Quttin Noir M\u00e9tal \u00d8 10 cm (24 Unit\u00e9s) | | Tupique<\/title>\n<meta name=\"description\" content=\"Envie d&#039;acheter Tamis Quttin Noir M\u00e9tal \u00d8 10 cm (24 Unit\u00e9s)\u00a0? Achetez Tamis Quttin Noir M\u00e9tal \u00d8 10 cm (24 Unit\u00e9s) maintenant avec Tupique en 3 versements sans int\u00e9r\u00eat.\" \/>\n<meta name=\"robots\" content=\"index, follow, max-snippet:-1, max-image-preview:large, max-video-preview:-1\" \/>\n<link rel=\"canonical\" href=\"https:\/\/tupique.com\/en\/product\/strainer-quttin-black-metal-o-10-cm-24-units\/\" \/>\n<meta property=\"og:locale\" content=\"en_GB\" \/>\n<meta property=\"og:type\" content=\"article\" \/>\n<meta property=\"og:title\" content=\"Tamis Quttin Noir M\u00e9tal \u00d8 10 cm (24 Unit\u00e9s) | | Tupique\" \/>\n<meta property=\"og:description\" content=\"Envie d&#039;acheter Tamis Quttin Noir M\u00e9tal \u00d8 10 cm (24 Unit\u00e9s)\u00a0? Achetez Tamis Quttin Noir M\u00e9tal \u00d8 10 cm (24 Unit\u00e9s) maintenant avec Tupique en 3 versements sans int\u00e9r\u00eat.\" \/>\n<meta property=\"og:url\" content=\"https:\/\/tupique.com\/en\/product\/strainer-quttin-black-metal-o-10-cm-24-units\/\" \/>\n<meta property=\"og:site_name\" content=\"Tupique\" \/>\n<meta property=\"article:modified_time\" content=\"2026-05-14T20:40:13+00:00\" \/>\n<meta name=\"twitter:card\" content=\"summary_large_image\" \/>\n<script type=\"application\/ld+json\" class=\"yoast-schema-graph\">{\"@context\":\"https:\\\/\\\/schema.org\",\"@graph\":[{\"@type\":\"WebPage\",\"@id\":\"https:\\\/\\\/tupique.com\\\/product\\\/strainer-quttin-black-metal-o-10-cm-24-units\\\/\",\"url\":\"https:\\\/\\\/tupique.com\\\/product\\\/strainer-quttin-black-metal-o-10-cm-24-units\\\/\",\"name\":\"Tamis Quttin Noir M\u00e9tal \u00d8 10 cm (24 Unit\u00e9s) | | Tupique\",\"isPartOf\":{\"@id\":\"https:\\\/\\\/tupique.com\\\/#website\"},\"primaryImageOfPage\":{\"@id\":\"https:\\\/\\\/tupique.com\\\/product\\\/strainer-quttin-black-metal-o-10-cm-24-units\\\/#primaryimage\"},\"image\":{\"@id\":\"https:\\\/\\\/tupique.com\\\/product\\\/strainer-quttin-black-metal-o-10-cm-24-units\\\/#primaryimage\"},\"thumbnailUrl\":\"https:\\\/\\\/tupique.com\\\/wp-content\\\/uploads\\\/2026\\\/05\\\/s2241482_p2_icon0.jpg\",\"datePublished\":\"2026-03-27T23:24:35+00:00\",\"dateModified\":\"2026-05-14T20:40:13+00:00\",\"description\":\"Envie d'acheter Tamis Quttin Noir M\u00e9tal \u00d8 10 cm (24 Unit\u00e9s)\u00a0? Achetez Tamis Quttin Noir M\u00e9tal \u00d8 10 cm (24 Unit\u00e9s) maintenant avec Tupique en 3 versements sans int\u00e9r\u00eat.\",\"breadcrumb\":{\"@id\":\"https:\\\/\\\/tupique.com\\\/product\\\/strainer-quttin-black-metal-o-10-cm-24-units\\\/#breadcrumb\"},\"inLanguage\":\"en-GB\",\"potentialAction\":[{\"@type\":\"ReadAction\",\"target\":[\"https:\\\/\\\/tupique.com\\\/product\\\/strainer-quttin-black-metal-o-10-cm-24-units\\\/\"]}]},{\"@type\":\"ImageObject\",\"inLanguage\":\"en-GB\",\"@id\":\"https:\\\/\\\/tupique.com\\\/product\\\/strainer-quttin-black-metal-o-10-cm-24-units\\\/#primaryimage\",\"url\":\"https:\\\/\\\/tupique.com\\\/wp-content\\\/uploads\\\/2026\\\/05\\\/s2241482_p2_icon0.jpg\",\"contentUrl\":\"https:\\\/\\\/tupique.com\\\/wp-content\\\/uploads\\\/2026\\\/05\\\/s2241482_p2_icon0.jpg\",\"width\":1200,\"height\":1200,\"caption\":\"S2241482_0\"},{\"@type\":\"BreadcrumbList\",\"@id\":\"https:\\\/\\\/tupique.com\\\/product\\\/strainer-quttin-black-metal-o-10-cm-24-units\\\/#breadcrumb\",\"itemListElement\":[{\"@type\":\"ListItem\",\"position\":1,\"name\":\"commencer\",\"item\":\"https:\\\/\\\/tupique.com\\\/\"},{\"@type\":\"ListItem\",\"position\":2,\"name\":\"Loja\",\"item\":\"https:\\\/\\\/tupique.com\\\/pt\\\/loja\\\/\"},{\"@type\":\"ListItem\",\"position\":3,\"name\":\"Tamis Quttin Noir M\u00e9tal \u00d8 10 cm (24 Unit\u00e9s)\"}]},{\"@type\":\"WebSite\",\"@id\":\"https:\\\/\\\/tupique.com\\\/#website\",\"url\":\"https:\\\/\\\/tupique.com\\\/\",\"name\":\"Tupique\",\"description\":\"\",\"publisher\":{\"@id\":\"https:\\\/\\\/tupique.com\\\/#organization\"},\"potentialAction\":[{\"@type\":\"SearchAction\",\"target\":{\"@type\":\"EntryPoint\",\"urlTemplate\":\"https:\\\/\\\/tupique.com\\\/?s={search_term_string}\"},\"query-input\":{\"@type\":\"PropertyValueSpecification\",\"valueRequired\":true,\"valueName\":\"search_term_string\"}}],\"inLanguage\":\"en-GB\"},{\"@type\":\"Organization\",\"@id\":\"https:\\\/\\\/tupique.com\\\/#organization\",\"name\":\"Tupique\",\"url\":\"https:\\\/\\\/tupique.com\\\/\",\"logo\":{\"@type\":\"ImageObject\",\"inLanguage\":\"en-GB\",\"@id\":\"https:\\\/\\\/tupique.com\\\/#\\\/schema\\\/logo\\\/image\\\/\",\"url\":\"https:\\\/\\\/tupique.com\\\/wp-content\\\/uploads\\\/2026\\\/03\\\/logo-tupique-1.webp\",\"contentUrl\":\"https:\\\/\\\/tupique.com\\\/wp-content\\\/uploads\\\/2026\\\/03\\\/logo-tupique-1.webp\",\"width\":500,\"height\":67,\"caption\":\"Tupique\"},\"image\":{\"@id\":\"https:\\\/\\\/tupique.com\\\/#\\\/schema\\\/logo\\\/image\\\/\"}}]}<\/script>\n<!-- \/ Yoast SEO plugin. -->","yoast_head_json":{"title":"Tamis Quttin Noir M\u00e9tal \u00d8 10 cm (24 Unit\u00e9s) | | Tupique","description":"Envie d'acheter Tamis Quttin Noir M\u00e9tal \u00d8 10 cm (24 Unit\u00e9s)\u00a0? Achetez Tamis Quttin Noir M\u00e9tal \u00d8 10 cm (24 Unit\u00e9s) maintenant avec Tupique en 3 versements sans int\u00e9r\u00eat.","robots":{"index":"index","follow":"follow","max-snippet":"max-snippet:-1","max-image-preview":"max-image-preview:large","max-video-preview":"max-video-preview:-1"},"canonical":"https:\/\/tupique.com\/en\/product\/strainer-quttin-black-metal-o-10-cm-24-units\/","og_locale":"en_GB","og_type":"article","og_title":"Tamis Quttin Noir M\u00e9tal \u00d8 10 cm (24 Unit\u00e9s) | | Tupique","og_description":"Envie d'acheter Tamis Quttin Noir M\u00e9tal \u00d8 10 cm (24 Unit\u00e9s)\u00a0? Achetez Tamis Quttin Noir M\u00e9tal \u00d8 10 cm (24 Unit\u00e9s) maintenant avec Tupique en 3 versements sans int\u00e9r\u00eat.","og_url":"https:\/\/tupique.com\/en\/product\/strainer-quttin-black-metal-o-10-cm-24-units\/","og_site_name":"Tupique","article_modified_time":"2026-05-14T20:40:13+00:00","twitter_card":"summary_large_image","schema":{"@context":"https:\/\/schema.org","@graph":[{"@type":"WebPage","@id":"https:\/\/tupique.com\/product\/strainer-quttin-black-metal-o-10-cm-24-units\/","url":"https:\/\/tupique.com\/product\/strainer-quttin-black-metal-o-10-cm-24-units\/","name":"Tamis Quttin Noir M\u00e9tal \u00d8 10 cm (24 Unit\u00e9s) | | Tupique","isPartOf":{"@id":"https:\/\/tupique.com\/#website"},"primaryImageOfPage":{"@id":"https:\/\/tupique.com\/product\/strainer-quttin-black-metal-o-10-cm-24-units\/#primaryimage"},"image":{"@id":"https:\/\/tupique.com\/product\/strainer-quttin-black-metal-o-10-cm-24-units\/#primaryimage"},"thumbnailUrl":"https:\/\/tupique.com\/wp-content\/uploads\/2026\/05\/s2241482_p2_icon0.jpg","datePublished":"2026-03-27T23:24:35+00:00","dateModified":"2026-05-14T20:40:13+00:00","description":"Envie d'acheter Tamis Quttin Noir M\u00e9tal \u00d8 10 cm (24 Unit\u00e9s)\u00a0? Achetez Tamis Quttin Noir M\u00e9tal \u00d8 10 cm (24 Unit\u00e9s) maintenant avec Tupique en 3 versements sans int\u00e9r\u00eat.","breadcrumb":{"@id":"https:\/\/tupique.com\/product\/strainer-quttin-black-metal-o-10-cm-24-units\/#breadcrumb"},"inLanguage":"en-GB","potentialAction":[{"@type":"ReadAction","target":["https:\/\/tupique.com\/product\/strainer-quttin-black-metal-o-10-cm-24-units\/"]}]},{"@type":"ImageObject","inLanguage":"en-GB","@id":"https:\/\/tupique.com\/product\/strainer-quttin-black-metal-o-10-cm-24-units\/#primaryimage","url":"https:\/\/tupique.com\/wp-content\/uploads\/2026\/05\/s2241482_p2_icon0.jpg","contentUrl":"https:\/\/tupique.com\/wp-content\/uploads\/2026\/05\/s2241482_p2_icon0.jpg","width":1200,"height":1200,"caption":"S2241482_0"},{"@type":"BreadcrumbList","@id":"https:\/\/tupique.com\/product\/strainer-quttin-black-metal-o-10-cm-24-units\/#breadcrumb","itemListElement":[{"@type":"ListItem","position":1,"name":"commencer","item":"https:\/\/tupique.com\/"},{"@type":"ListItem","position":2,"name":"Loja","item":"https:\/\/tupique.com\/pt\/loja\/"},{"@type":"ListItem","position":3,"name":"Tamis Quttin Noir M\u00e9tal \u00d8 10 cm (24 Unit\u00e9s)"}]},{"@type":"WebSite","@id":"https:\/\/tupique.com\/#website","url":"https:\/\/tupique.com\/","name":"Tupique","description":"","publisher":{"@id":"https:\/\/tupique.com\/#organization"},"potentialAction":[{"@type":"SearchAction","target":{"@type":"EntryPoint","urlTemplate":"https:\/\/tupique.com\/?s={search_term_string}"},"query-input":{"@type":"PropertyValueSpecification","valueRequired":true,"valueName":"search_term_string"}}],"inLanguage":"en-GB"},{"@type":"Organization","@id":"https:\/\/tupique.com\/#organization","name":"Tupique","url":"https:\/\/tupique.com\/","logo":{"@type":"ImageObject","inLanguage":"en-GB","@id":"https:\/\/tupique.com\/#\/schema\/logo\/image\/","url":"https:\/\/tupique.com\/wp-content\/uploads\/2026\/03\/logo-tupique-1.webp","contentUrl":"https:\/\/tupique.com\/wp-content\/uploads\/2026\/03\/logo-tupique-1.webp","width":500,"height":67,"caption":"Tupique"},"image":{"@id":"https:\/\/tupique.com\/#\/schema\/logo\/image\/"}}]}},"_links":{"self":[{"href":"https:\/\/tupique.com\/en\/wp-json\/wp\/v2\/product\/12875","targetHints":{"allow":["GET"]}}],"collection":[{"href":"https:\/\/tupique.com\/en\/wp-json\/wp\/v2\/product"}],"about":[{"href":"https:\/\/tupique.com\/en\/wp-json\/wp\/v2\/types\/product"}],"replies":[{"embeddable":true,"href":"https:\/\/tupique.com\/en\/wp-json\/wp\/v2\/comments?post=12875"}],"wp:featuredmedia":[{"embeddable":true,"href":"https:\/\/tupique.com\/en\/wp-json\/wp\/v2\/media\/213156"}],"wp:attachment":[{"href":"https:\/\/tupique.com\/en\/wp-json\/wp\/v2\/media?parent=12875"}],"wp:term":[{"taxonomy":"product_brand","embeddable":true,"href":"https:\/\/tupique.com\/en\/wp-json\/wp\/v2\/product_brand?post=12875"},{"taxonomy":"product_cat","embeddable":true,"href":"https:\/\/tupique.com\/en\/wp-json\/wp\/v2\/product_cat?post=12875"},{"taxonomy":"product_tag","embeddable":true,"href":"https:\/\/tupique.com\/en\/wp-json\/wp\/v2\/product_tag?post=12875"},{"taxonomy":"woo-feed-brand","embeddable":true,"href":"https:\/\/tupique.com\/en\/wp-json\/wp\/v2\/woo-feed-brand?post=12875"}],"curies":[{"name":"wp","href":"https:\/\/api.w.org\/{rel}","templated":true}]}}