{"id":161692,"date":"2026-04-10T04:22:49","date_gmt":"2026-04-10T02:22:49","guid":{"rendered":"https:\/\/bigbuy.tupique.com\/produto\/mens-watch-tissot-chemin-des-tourelles-silver\/"},"modified":"2026-05-10T14:19:25","modified_gmt":"2026-05-10T12:19:25","slug":"mens-watch-tissot-chemin-des-tourelles-silver","status":"publish","type":"product","link":"https:\/\/tupique.com\/en\/product\/mens-watch-tissot-chemin-des-tourelles-silver\/","title":{"rendered":"Montre Homme Tissot CHEMIN DES TOURELLES Argent\u00e9"},"content":{"rendered":"<p>Si vous aimez suivre les derni\u00e8res tendances en mati\u00e8re de mode et accessoires, achetez <b>Montre Homme Tissot CHEMIN DES TOURELLES Argent\u00e9<\/b> au meilleur prix.<\/p>\n<p>The <b>Tissot T0994072203800<\/b> est une <b>montre pour homme<\/b> distingu\u00e9e qui incarne la tradition suisse reconnue en mati\u00e8re d\u2019horlogerie de pr\u00e9cision et d\u2019\u00e9l\u00e9gance. Enti\u00e8rement fabriqu\u00e9e en <b>acier inoxydable<\/b>, tant pour le bo\u00eetier que pour le bracelet, ce mod\u00e8le offre une grande r\u00e9sistance et durabilit\u00e9, avec une finition grise attrayante qui souligne son caract\u00e8re sophistiqu\u00e9. Le <b>bracelet en acier inoxydable<\/b> gris assure solidit\u00e9 et confort au quotidien, tandis que le bo\u00eetier, \u00e9galement gris, s\u2019accorde parfaitement avec le <b>cadran blanc<\/b> pour cr\u00e9er un contraste raffin\u00e9 et intemporel, tr\u00e8s appr\u00e9ci\u00e9 dans les montres classiques. Con\u00e7ue sp\u00e9cifiquement pour les hommes, cette montre Tissot refl\u00e8te les standards suisses de qualit\u00e9, offrant fiabilit\u00e9 et style \u00e0 ceux qui recherchent une pi\u00e8ce polyvalente, adapt\u00e9e aussi bien aux occasions formelles qu\u2019\u00e0 un usage quotidien. Elle se distingue comme un choix solide dans la gamme des montres-bracelets pour homme gr\u00e2ce \u00e0 sa combinaison de mat\u00e9riaux nobles et \u00e0 son esth\u00e9tique \u00e9l\u00e9gante, fid\u00e8le \u00e0 l\u2019engagement de Tissot envers l\u2019excellence et la pr\u00e9cision. Cette montre suisse est un choix judicieux pour ceux qui privil\u00e9gient durabilit\u00e9, prestige et distinction dans leur accessoire de poignet.<\/p>\n<ul>\n<li>Liens suppl\u00e9mentaires: Non<\/li>\n<li>Type de montre: Montre-bracelet<\/li>\n<li>Diam\u00e8tre du bo\u00eetier de la montre: \u00d8 42 mm<\/li>\n<li>Mat\u00e9riau du bo\u00eetier de la montre: Acier inoxydable<\/li>\n<li>Couleur du cadran: Blanc<\/li>\n<li>Type de fermeture: Pression<\/li>\n<li>Couleur du bo\u00eetier de l&#8217;horloge: Gris<\/li>\n<li>Couleur du bracelet: Gris<\/li>\n<li>Fonctions: Date<\/li>\n<li>Genre: Homme<\/li>\n<li>Mat\u00e9riau du bracelet: Acier inoxydable<\/li>\n<li>Inclut: Inclut un \u00e9tui ou une housse de la marque<\/li>\n<li>Imperm\u00e9abilit\u00e9: 5 atm<\/li>\n<li>Verre: Saphir<\/li>\n<li>Type de mouvement: Automatique<\/li>\n<li>Mati\u00e8re: Acier inoxydable<\/li>\n<li>Couleur: Argent\u00e9<\/li>\n<\/ul>","protected":false},"excerpt":{"rendered":"<p>Si vous aimez suivre les derni\u00e8res tendances en mati\u00e8re de mode et accessoires, achetez Montre Homme Tissot CHEMIN DES TOURELLES Argent\u00e9 au meilleur prix. La Tissot T0994072203800 est une montre pour homme distingu\u00e9e qui incarne la tradition suisse reconnue en mati\u00e8re d\u2019horlogerie de pr\u00e9cision et d\u2019\u00e9l\u00e9gance. Enti\u00e8rement fabriqu\u00e9e en acier inoxydable, tant pour le bo\u00eetier [&hellip;]<\/p>\n","protected":false},"featured_media":164702,"comment_status":"open","ping_status":"closed","template":"","meta":[],"product_brand":[794],"product_cat":[544,574,545],"product_tag":[103,543],"class_list":{"0":"post-161692","1":"product","2":"type-product","3":"status-publish","4":"has-post-thumbnail","6":"product_brand-brandp_1719","7":"product_cat-mode-accessoires","8":"product_cat-montres-homme","9":"product_cat-montres-bracelets","10":"product_tag-tag_1261","11":"product_tag-tag_61","13":"first","14":"instock","15":"taxable","16":"shipping-taxable","17":"purchasable","18":"product-type-simple"},"yoast_head":"<!-- This site is optimized with the Yoast SEO plugin v27.5 - https:\/\/yoast.com\/product\/yoast-seo-wordpress\/ -->\n<title>Montre Homme Tissot CHEMIN DES TOURELLES Argent\u00e9 - Tupique<\/title>\n<meta name=\"robots\" content=\"index, follow, max-snippet:-1, max-image-preview:large, max-video-preview:-1\" \/>\n<link rel=\"canonical\" href=\"https:\/\/tupique.com\/en\/product\/mens-watch-tissot-chemin-des-tourelles-silver\/\" \/>\n<meta property=\"og:locale\" content=\"en_GB\" \/>\n<meta property=\"og:type\" content=\"article\" \/>\n<meta property=\"og:title\" content=\"Montre Homme Tissot CHEMIN DES TOURELLES Argent\u00e9 - Tupique\" \/>\n<meta property=\"og:description\" content=\"Si vous aimez suivre les derni\u00e8res tendances en mati\u00e8re de mode et accessoires, achetez Montre Homme Tissot CHEMIN DES TOURELLES Argent\u00e9 au meilleur prix. La Tissot T0994072203800 est une montre pour homme distingu\u00e9e qui incarne la tradition suisse reconnue en mati\u00e8re d\u2019horlogerie de pr\u00e9cision et d\u2019\u00e9l\u00e9gance. Enti\u00e8rement fabriqu\u00e9e en acier inoxydable, tant pour le bo\u00eetier [&hellip;]\" \/>\n<meta property=\"og:url\" content=\"https:\/\/tupique.com\/en\/product\/mens-watch-tissot-chemin-des-tourelles-silver\/\" \/>\n<meta property=\"og:site_name\" content=\"Tupique\" \/>\n<meta property=\"article:modified_time\" content=\"2026-05-10T12:19:25+00:00\" \/>\n<meta property=\"og:image\" content=\"https:\/\/tupique.com\/wp-content\/uploads\/2026\/04\/7611608270448_S72142420_P00.jpg\" \/>\n\t<meta property=\"og:image:width\" content=\"1200\" \/>\n\t<meta property=\"og:image:height\" content=\"1200\" \/>\n\t<meta property=\"og:image:type\" content=\"image\/jpeg\" \/>\n<meta name=\"twitter:card\" content=\"summary_large_image\" \/>\n<meta name=\"twitter:label1\" content=\"Est. reading time\" \/>\n\t<meta name=\"twitter:data1\" content=\"1 minute\" \/>\n<script type=\"application\/ld+json\" class=\"yoast-schema-graph\">{\"@context\":\"https:\\\/\\\/schema.org\",\"@graph\":[{\"@type\":\"WebPage\",\"@id\":\"https:\\\/\\\/tupique.com\\\/product\\\/mens-watch-tissot-chemin-des-tourelles-silver\\\/\",\"url\":\"https:\\\/\\\/tupique.com\\\/product\\\/mens-watch-tissot-chemin-des-tourelles-silver\\\/\",\"name\":\"Montre Homme Tissot CHEMIN DES TOURELLES Argent\u00e9 - Tupique\",\"isPartOf\":{\"@id\":\"https:\\\/\\\/tupique.com\\\/#website\"},\"primaryImageOfPage\":{\"@id\":\"https:\\\/\\\/tupique.com\\\/product\\\/mens-watch-tissot-chemin-des-tourelles-silver\\\/#primaryimage\"},\"image\":{\"@id\":\"https:\\\/\\\/tupique.com\\\/product\\\/mens-watch-tissot-chemin-des-tourelles-silver\\\/#primaryimage\"},\"thumbnailUrl\":\"https:\\\/\\\/tupique.com\\\/wp-content\\\/uploads\\\/2026\\\/04\\\/7611608270448_S72142420_P00.jpg\",\"datePublished\":\"2026-04-10T02:22:49+00:00\",\"dateModified\":\"2026-05-10T12:19:25+00:00\",\"breadcrumb\":{\"@id\":\"https:\\\/\\\/tupique.com\\\/product\\\/mens-watch-tissot-chemin-des-tourelles-silver\\\/#breadcrumb\"},\"inLanguage\":\"en-GB\",\"potentialAction\":[{\"@type\":\"ReadAction\",\"target\":[\"https:\\\/\\\/tupique.com\\\/product\\\/mens-watch-tissot-chemin-des-tourelles-silver\\\/\"]}]},{\"@type\":\"ImageObject\",\"inLanguage\":\"en-GB\",\"@id\":\"https:\\\/\\\/tupique.com\\\/product\\\/mens-watch-tissot-chemin-des-tourelles-silver\\\/#primaryimage\",\"url\":\"https:\\\/\\\/tupique.com\\\/wp-content\\\/uploads\\\/2026\\\/04\\\/7611608270448_S72142420_P00.jpg\",\"contentUrl\":\"https:\\\/\\\/tupique.com\\\/wp-content\\\/uploads\\\/2026\\\/04\\\/7611608270448_S72142420_P00.jpg\",\"width\":1200,\"height\":1200,\"caption\":\"S72142420_0\"},{\"@type\":\"BreadcrumbList\",\"@id\":\"https:\\\/\\\/tupique.com\\\/product\\\/mens-watch-tissot-chemin-des-tourelles-silver\\\/#breadcrumb\",\"itemListElement\":[{\"@type\":\"ListItem\",\"position\":1,\"name\":\"commencer\",\"item\":\"https:\\\/\\\/tupique.com\\\/\"},{\"@type\":\"ListItem\",\"position\":2,\"name\":\"Loja\",\"item\":\"https:\\\/\\\/tupique.com\\\/loja\\\/\"},{\"@type\":\"ListItem\",\"position\":3,\"name\":\"Montre Homme Tissot CHEMIN DES TOURELLES Argent\u00e9\"}]},{\"@type\":\"WebSite\",\"@id\":\"https:\\\/\\\/tupique.com\\\/#website\",\"url\":\"https:\\\/\\\/tupique.com\\\/\",\"name\":\"Tupique\",\"description\":\"\",\"publisher\":{\"@id\":\"https:\\\/\\\/tupique.com\\\/#organization\"},\"potentialAction\":[{\"@type\":\"SearchAction\",\"target\":{\"@type\":\"EntryPoint\",\"urlTemplate\":\"https:\\\/\\\/tupique.com\\\/?s={search_term_string}\"},\"query-input\":{\"@type\":\"PropertyValueSpecification\",\"valueRequired\":true,\"valueName\":\"search_term_string\"}}],\"inLanguage\":\"en-GB\"},{\"@type\":\"Organization\",\"@id\":\"https:\\\/\\\/tupique.com\\\/#organization\",\"name\":\"Tupique\",\"url\":\"https:\\\/\\\/tupique.com\\\/\",\"logo\":{\"@type\":\"ImageObject\",\"inLanguage\":\"en-GB\",\"@id\":\"https:\\\/\\\/tupique.com\\\/#\\\/schema\\\/logo\\\/image\\\/\",\"url\":\"https:\\\/\\\/tupique.com\\\/wp-content\\\/uploads\\\/2026\\\/03\\\/logo-tupique-1.webp\",\"contentUrl\":\"https:\\\/\\\/tupique.com\\\/wp-content\\\/uploads\\\/2026\\\/03\\\/logo-tupique-1.webp\",\"width\":500,\"height\":67,\"caption\":\"Tupique\"},\"image\":{\"@id\":\"https:\\\/\\\/tupique.com\\\/#\\\/schema\\\/logo\\\/image\\\/\"}}]}<\/script>\n<!-- \/ Yoast SEO plugin. -->","yoast_head_json":{"title":"Montre Homme Tissot CHEMIN DES TOURELLES Argent\u00e9 - Tupique","robots":{"index":"index","follow":"follow","max-snippet":"max-snippet:-1","max-image-preview":"max-image-preview:large","max-video-preview":"max-video-preview:-1"},"canonical":"https:\/\/tupique.com\/en\/product\/mens-watch-tissot-chemin-des-tourelles-silver\/","og_locale":"en_GB","og_type":"article","og_title":"Montre Homme Tissot CHEMIN DES TOURELLES Argent\u00e9 - Tupique","og_description":"Si vous aimez suivre les derni\u00e8res tendances en mati\u00e8re de mode et accessoires, achetez Montre Homme Tissot CHEMIN DES TOURELLES Argent\u00e9 au meilleur prix. La Tissot T0994072203800 est une montre pour homme distingu\u00e9e qui incarne la tradition suisse reconnue en mati\u00e8re d\u2019horlogerie de pr\u00e9cision et d\u2019\u00e9l\u00e9gance. Enti\u00e8rement fabriqu\u00e9e en acier inoxydable, tant pour le bo\u00eetier [&hellip;]","og_url":"https:\/\/tupique.com\/en\/product\/mens-watch-tissot-chemin-des-tourelles-silver\/","og_site_name":"Tupique","article_modified_time":"2026-05-10T12:19:25+00:00","og_image":[{"width":1200,"height":1200,"url":"https:\/\/tupique.com\/wp-content\/uploads\/2026\/04\/7611608270448_S72142420_P00.jpg","type":"image\/jpeg"}],"twitter_card":"summary_large_image","twitter_misc":{"Est. reading time":"1 minute"},"schema":{"@context":"https:\/\/schema.org","@graph":[{"@type":"WebPage","@id":"https:\/\/tupique.com\/product\/mens-watch-tissot-chemin-des-tourelles-silver\/","url":"https:\/\/tupique.com\/product\/mens-watch-tissot-chemin-des-tourelles-silver\/","name":"Montre Homme Tissot CHEMIN DES TOURELLES Argent\u00e9 - Tupique","isPartOf":{"@id":"https:\/\/tupique.com\/#website"},"primaryImageOfPage":{"@id":"https:\/\/tupique.com\/product\/mens-watch-tissot-chemin-des-tourelles-silver\/#primaryimage"},"image":{"@id":"https:\/\/tupique.com\/product\/mens-watch-tissot-chemin-des-tourelles-silver\/#primaryimage"},"thumbnailUrl":"https:\/\/tupique.com\/wp-content\/uploads\/2026\/04\/7611608270448_S72142420_P00.jpg","datePublished":"2026-04-10T02:22:49+00:00","dateModified":"2026-05-10T12:19:25+00:00","breadcrumb":{"@id":"https:\/\/tupique.com\/product\/mens-watch-tissot-chemin-des-tourelles-silver\/#breadcrumb"},"inLanguage":"en-GB","potentialAction":[{"@type":"ReadAction","target":["https:\/\/tupique.com\/product\/mens-watch-tissot-chemin-des-tourelles-silver\/"]}]},{"@type":"ImageObject","inLanguage":"en-GB","@id":"https:\/\/tupique.com\/product\/mens-watch-tissot-chemin-des-tourelles-silver\/#primaryimage","url":"https:\/\/tupique.com\/wp-content\/uploads\/2026\/04\/7611608270448_S72142420_P00.jpg","contentUrl":"https:\/\/tupique.com\/wp-content\/uploads\/2026\/04\/7611608270448_S72142420_P00.jpg","width":1200,"height":1200,"caption":"S72142420_0"},{"@type":"BreadcrumbList","@id":"https:\/\/tupique.com\/product\/mens-watch-tissot-chemin-des-tourelles-silver\/#breadcrumb","itemListElement":[{"@type":"ListItem","position":1,"name":"commencer","item":"https:\/\/tupique.com\/"},{"@type":"ListItem","position":2,"name":"Loja","item":"https:\/\/tupique.com\/loja\/"},{"@type":"ListItem","position":3,"name":"Montre Homme Tissot CHEMIN DES TOURELLES Argent\u00e9"}]},{"@type":"WebSite","@id":"https:\/\/tupique.com\/#website","url":"https:\/\/tupique.com\/","name":"Tupique","description":"","publisher":{"@id":"https:\/\/tupique.com\/#organization"},"potentialAction":[{"@type":"SearchAction","target":{"@type":"EntryPoint","urlTemplate":"https:\/\/tupique.com\/?s={search_term_string}"},"query-input":{"@type":"PropertyValueSpecification","valueRequired":true,"valueName":"search_term_string"}}],"inLanguage":"en-GB"},{"@type":"Organization","@id":"https:\/\/tupique.com\/#organization","name":"Tupique","url":"https:\/\/tupique.com\/","logo":{"@type":"ImageObject","inLanguage":"en-GB","@id":"https:\/\/tupique.com\/#\/schema\/logo\/image\/","url":"https:\/\/tupique.com\/wp-content\/uploads\/2026\/03\/logo-tupique-1.webp","contentUrl":"https:\/\/tupique.com\/wp-content\/uploads\/2026\/03\/logo-tupique-1.webp","width":500,"height":67,"caption":"Tupique"},"image":{"@id":"https:\/\/tupique.com\/#\/schema\/logo\/image\/"}}]}},"_links":{"self":[{"href":"https:\/\/tupique.com\/en\/wp-json\/wp\/v2\/product\/161692","targetHints":{"allow":["GET"]}}],"collection":[{"href":"https:\/\/tupique.com\/en\/wp-json\/wp\/v2\/product"}],"about":[{"href":"https:\/\/tupique.com\/en\/wp-json\/wp\/v2\/types\/product"}],"replies":[{"embeddable":true,"href":"https:\/\/tupique.com\/en\/wp-json\/wp\/v2\/comments?post=161692"}],"wp:featuredmedia":[{"embeddable":true,"href":"https:\/\/tupique.com\/en\/wp-json\/wp\/v2\/media\/164702"}],"wp:attachment":[{"href":"https:\/\/tupique.com\/en\/wp-json\/wp\/v2\/media?parent=161692"}],"wp:term":[{"taxonomy":"product_brand","embeddable":true,"href":"https:\/\/tupique.com\/en\/wp-json\/wp\/v2\/product_brand?post=161692"},{"taxonomy":"product_cat","embeddable":true,"href":"https:\/\/tupique.com\/en\/wp-json\/wp\/v2\/product_cat?post=161692"},{"taxonomy":"product_tag","embeddable":true,"href":"https:\/\/tupique.com\/en\/wp-json\/wp\/v2\/product_tag?post=161692"}],"curies":[{"name":"wp","href":"https:\/\/api.w.org\/{rel}","templated":true}]}}