{"id":169430,"date":"2026-04-11T00:51:44","date_gmt":"2026-04-10T22:51:44","guid":{"rendered":"https:\/\/bigbuy.tupique.com\/produto\/mini-pc-hp-refurbished-a\/"},"modified":"2026-05-09T02:34:40","modified_gmt":"2026-05-09T00:34:40","slug":"mini-pc-hp-refurbished-a","status":"publish","type":"product","link":"https:\/\/tupique.com\/en\/product\/mini-pc-hp-refurbished-a\/","title":{"rendered":"PC de bureau HP Victus (Reconditionn\u00e9 A)"},"content":{"rendered":"<p>Si vous \u00eates passionn\u00e9 d&#8217;<b>informatique et d&#8217;\u00e9lectronique<\/b>, si vous \u00eates \u00e0 la pointe de la technologie et qu&#8217;aucun d\u00e9tail ne vous \u00e9chappe, achetez <b>PC de bureau HP Victus (Reconditionn\u00e9 A)<\/b> au meilleur prix.<\/p>\n<ul>\n<li>Produit \u00e0 brancher: Oui<\/li>\n<li>Type de prise: Prise EU<\/li>\n<li>Bloc d\u2019Alimentation: r\u00e9seau \u00e9lectrique<\/li>\n<li>Type: PC de bureau<\/li>\n<li>Compatible:\n<ul>\n<li>PC de bureau<\/li>\n<li>HP<\/li>\n<li>Ordinateurs<\/li>\n<\/ul>\n<\/li>\n<li>Utilisation recommand\u00e9e: Jeux<\/li>\n<\/ul>\n<p>RECONDITIONN\u00c9S: Il s\u00b4agit de produits renvoy\u00e9s pendant la p\u00e9riode de d\u00e9sistement ou d\u00b4exposition qui ont pu \u00eatre utilis\u00e9s pour effectuer des tests ; certains se vendent avec l\u00b4emballage en mauvaise \u00e9tat ou avec l\u00b4emballage original visiblement ouvert. Tous les produits ont subi une r\u00e9vision, ils contiennent la garantie officielle de la marque et fonctionnent parfaitement. Classification selon leur \u00e9tat: <\/p>\n<ul>\n<li>A+\/ Impeccable : produits en \u00e9tat impeccable dont l\u00b4emballage original peut se trouver ouvert ou a \u00e9t\u00e9 remplac\u00e9 par un autre en parfaites conditions.<\/li>\n<li>A\/ Comme neuf : produits en parfait \u00e9tat comme neuf dont l\u00b4emballage original peut se trouver ouvert ou l\u00e9g\u00e8rement d\u00e9t\u00e9rior\u00e9, ou a \u00e9t\u00e9 remplac\u00e9 par un autre.<\/li>\n<li>B\/ Tr\u00e8s bien : produits en tr\u00e8s bon \u00e9tat, avec de possibles d\u00e9fauts esth\u00e9tiques l\u00e9gers, qui fonctionnent parfaitement et dont l\u00b4emballage original peut se trouver ouvert ou l\u00e9g\u00e8rement d\u00e9t\u00e9rior\u00e9.<\/li>\n<li>C\/ Bon \u00e9tat : produits en bon \u00e9tat, avec de possibles d\u00e9fauts esth\u00e9tiques, qui fonctionnent parfaitement et dont l\u00b4emballage original peut se trouver ouvert ou l\u00e9g\u00e8rement d\u00e9t\u00e9rior\u00e9.<\/li>\n<li>D\/ Correct : produits en correct \u00e9tat, avec de possibles d\u00e9fauts esth\u00e9tiques ou manque d\u00b4un accessoires quelconques, qui fonctionnent parfaitement et dont l\u00b4emballage original peut se trouver ouvert ou l\u00e9g\u00e8rement d\u00e9t\u00e9rior\u00e9.<\/li>\n<\/ul>","protected":false},"excerpt":{"rendered":"<p>Si vous \u00eates passionn\u00e9 d&#8217;informatique et d&#8217;\u00e9lectronique, si vous \u00eates \u00e0 la pointe de la technologie et qu&#8217;aucun d\u00e9tail ne vous \u00e9chappe, achetez PC de bureau HP Victus (Reconditionn\u00e9 A) au meilleur prix. Produit \u00e0 brancher: Oui Type de prise: Prise EU Bloc d\u2019Alimentation: r\u00e9seau \u00e9lectrique Type: PC de bureau Compatible: PC de bureau HP [&hellip;]<\/p>\n","protected":false},"featured_media":169427,"comment_status":"open","ping_status":"closed","template":"","meta":[],"product_brand":[630],"product_cat":[65,958,1775,173,174],"product_tag":[213,166,106],"class_list":{"0":"post-169430","1":"product","2":"type-product","3":"status-publish","4":"has-post-thumbnail","6":"product_brand-brandp_909","7":"product_cat-informatique-electronique","8":"product_cat-informatique-ordinateurs","9":"product_cat-ordinateur-de-bureau","10":"product_cat-promos-reconditionnes","11":"product_cat-reconditionnes-openbox","12":"product_tag-tag_933","13":"product_tag-tag_1297","14":"product_tag-tag_1295","16":"first","17":"instock","18":"taxable","19":"shipping-taxable","20":"purchasable","21":"product-type-simple"},"yoast_head":"<!-- This site is optimized with the Yoast SEO plugin v27.5 - https:\/\/yoast.com\/product\/yoast-seo-wordpress\/ -->\n<title>PC de bureau HP Victus (Reconditionn\u00e9 A) - Tupique<\/title>\n<meta name=\"robots\" content=\"index, follow, max-snippet:-1, max-image-preview:large, max-video-preview:-1\" \/>\n<link rel=\"canonical\" href=\"https:\/\/tupique.com\/en\/product\/mini-pc-hp-refurbished-a\/\" \/>\n<meta property=\"og:locale\" content=\"en_GB\" \/>\n<meta property=\"og:type\" content=\"article\" \/>\n<meta property=\"og:title\" content=\"PC de bureau HP Victus (Reconditionn\u00e9 A) - Tupique\" \/>\n<meta property=\"og:description\" content=\"Si vous \u00eates passionn\u00e9 d&#8217;informatique et d&#8217;\u00e9lectronique, si vous \u00eates \u00e0 la pointe de la technologie et qu&#8217;aucun d\u00e9tail ne vous \u00e9chappe, achetez PC de bureau HP Victus (Reconditionn\u00e9 A) au meilleur prix. Produit \u00e0 brancher: Oui Type de prise: Prise EU Bloc d\u2019Alimentation: r\u00e9seau \u00e9lectrique Type: PC de bureau Compatible: PC de bureau HP [&hellip;]\" \/>\n<meta property=\"og:url\" content=\"https:\/\/tupique.com\/en\/product\/mini-pc-hp-refurbished-a\/\" \/>\n<meta property=\"og:site_name\" content=\"Tupique\" \/>\n<meta property=\"article:modified_time\" content=\"2026-05-09T00:34:40+00:00\" \/>\n<meta property=\"og:image\" content=\"https:\/\/tupique.com\/wp-content\/uploads\/2026\/04\/0196337935815_I00.jpg\" \/>\n\t<meta property=\"og:image:width\" content=\"1200\" \/>\n\t<meta property=\"og:image:height\" content=\"1200\" \/>\n\t<meta property=\"og:image:type\" content=\"image\/jpeg\" \/>\n<meta name=\"twitter:card\" content=\"summary_large_image\" \/>\n<meta name=\"twitter:label1\" content=\"Est. reading time\" \/>\n\t<meta name=\"twitter:data1\" content=\"1 minute\" \/>\n<script type=\"application\/ld+json\" class=\"yoast-schema-graph\">{\"@context\":\"https:\\\/\\\/schema.org\",\"@graph\":[{\"@type\":\"WebPage\",\"@id\":\"https:\\\/\\\/tupique.com\\\/product\\\/mini-pc-hp-refurbished-a\\\/\",\"url\":\"https:\\\/\\\/tupique.com\\\/product\\\/mini-pc-hp-refurbished-a\\\/\",\"name\":\"PC de bureau HP Victus (Reconditionn\u00e9 A) - Tupique\",\"isPartOf\":{\"@id\":\"https:\\\/\\\/tupique.com\\\/#website\"},\"primaryImageOfPage\":{\"@id\":\"https:\\\/\\\/tupique.com\\\/product\\\/mini-pc-hp-refurbished-a\\\/#primaryimage\"},\"image\":{\"@id\":\"https:\\\/\\\/tupique.com\\\/product\\\/mini-pc-hp-refurbished-a\\\/#primaryimage\"},\"thumbnailUrl\":\"https:\\\/\\\/tupique.com\\\/wp-content\\\/uploads\\\/2026\\\/04\\\/0196337935815_I00.jpg\",\"datePublished\":\"2026-04-10T22:51:44+00:00\",\"dateModified\":\"2026-05-09T00:34:40+00:00\",\"breadcrumb\":{\"@id\":\"https:\\\/\\\/tupique.com\\\/product\\\/mini-pc-hp-refurbished-a\\\/#breadcrumb\"},\"inLanguage\":\"en-GB\",\"potentialAction\":[{\"@type\":\"ReadAction\",\"target\":[\"https:\\\/\\\/tupique.com\\\/product\\\/mini-pc-hp-refurbished-a\\\/\"]}]},{\"@type\":\"ImageObject\",\"inLanguage\":\"en-GB\",\"@id\":\"https:\\\/\\\/tupique.com\\\/product\\\/mini-pc-hp-refurbished-a\\\/#primaryimage\",\"url\":\"https:\\\/\\\/tupique.com\\\/wp-content\\\/uploads\\\/2026\\\/04\\\/0196337935815_I00.jpg\",\"contentUrl\":\"https:\\\/\\\/tupique.com\\\/wp-content\\\/uploads\\\/2026\\\/04\\\/0196337935815_I00.jpg\",\"width\":1200,\"height\":1200,\"caption\":\"V0710148_0\"},{\"@type\":\"BreadcrumbList\",\"@id\":\"https:\\\/\\\/tupique.com\\\/product\\\/mini-pc-hp-refurbished-a\\\/#breadcrumb\",\"itemListElement\":[{\"@type\":\"ListItem\",\"position\":1,\"name\":\"commencer\",\"item\":\"https:\\\/\\\/tupique.com\\\/\"},{\"@type\":\"ListItem\",\"position\":2,\"name\":\"Loja\",\"item\":\"https:\\\/\\\/tupique.com\\\/loja\\\/\"},{\"@type\":\"ListItem\",\"position\":3,\"name\":\"PC de bureau HP Victus (Reconditionn\u00e9 A)\"}]},{\"@type\":\"WebSite\",\"@id\":\"https:\\\/\\\/tupique.com\\\/#website\",\"url\":\"https:\\\/\\\/tupique.com\\\/\",\"name\":\"Tupique\",\"description\":\"\",\"publisher\":{\"@id\":\"https:\\\/\\\/tupique.com\\\/#organization\"},\"potentialAction\":[{\"@type\":\"SearchAction\",\"target\":{\"@type\":\"EntryPoint\",\"urlTemplate\":\"https:\\\/\\\/tupique.com\\\/?s={search_term_string}\"},\"query-input\":{\"@type\":\"PropertyValueSpecification\",\"valueRequired\":true,\"valueName\":\"search_term_string\"}}],\"inLanguage\":\"en-GB\"},{\"@type\":\"Organization\",\"@id\":\"https:\\\/\\\/tupique.com\\\/#organization\",\"name\":\"Tupique\",\"url\":\"https:\\\/\\\/tupique.com\\\/\",\"logo\":{\"@type\":\"ImageObject\",\"inLanguage\":\"en-GB\",\"@id\":\"https:\\\/\\\/tupique.com\\\/#\\\/schema\\\/logo\\\/image\\\/\",\"url\":\"https:\\\/\\\/tupique.com\\\/wp-content\\\/uploads\\\/2026\\\/03\\\/logo-tupique-1.webp\",\"contentUrl\":\"https:\\\/\\\/tupique.com\\\/wp-content\\\/uploads\\\/2026\\\/03\\\/logo-tupique-1.webp\",\"width\":500,\"height\":67,\"caption\":\"Tupique\"},\"image\":{\"@id\":\"https:\\\/\\\/tupique.com\\\/#\\\/schema\\\/logo\\\/image\\\/\"}}]}<\/script>\n<!-- \/ Yoast SEO plugin. -->","yoast_head_json":{"title":"PC de bureau HP Victus (Reconditionn\u00e9 A) - Tupique","robots":{"index":"index","follow":"follow","max-snippet":"max-snippet:-1","max-image-preview":"max-image-preview:large","max-video-preview":"max-video-preview:-1"},"canonical":"https:\/\/tupique.com\/en\/product\/mini-pc-hp-refurbished-a\/","og_locale":"en_GB","og_type":"article","og_title":"PC de bureau HP Victus (Reconditionn\u00e9 A) - Tupique","og_description":"Si vous \u00eates passionn\u00e9 d&#8217;informatique et d&#8217;\u00e9lectronique, si vous \u00eates \u00e0 la pointe de la technologie et qu&#8217;aucun d\u00e9tail ne vous \u00e9chappe, achetez PC de bureau HP Victus (Reconditionn\u00e9 A) au meilleur prix. Produit \u00e0 brancher: Oui Type de prise: Prise EU Bloc d\u2019Alimentation: r\u00e9seau \u00e9lectrique Type: PC de bureau Compatible: PC de bureau HP [&hellip;]","og_url":"https:\/\/tupique.com\/en\/product\/mini-pc-hp-refurbished-a\/","og_site_name":"Tupique","article_modified_time":"2026-05-09T00:34:40+00:00","og_image":[{"width":1200,"height":1200,"url":"https:\/\/tupique.com\/wp-content\/uploads\/2026\/04\/0196337935815_I00.jpg","type":"image\/jpeg"}],"twitter_card":"summary_large_image","twitter_misc":{"Est. reading time":"1 minute"},"schema":{"@context":"https:\/\/schema.org","@graph":[{"@type":"WebPage","@id":"https:\/\/tupique.com\/product\/mini-pc-hp-refurbished-a\/","url":"https:\/\/tupique.com\/product\/mini-pc-hp-refurbished-a\/","name":"PC de bureau HP Victus (Reconditionn\u00e9 A) - Tupique","isPartOf":{"@id":"https:\/\/tupique.com\/#website"},"primaryImageOfPage":{"@id":"https:\/\/tupique.com\/product\/mini-pc-hp-refurbished-a\/#primaryimage"},"image":{"@id":"https:\/\/tupique.com\/product\/mini-pc-hp-refurbished-a\/#primaryimage"},"thumbnailUrl":"https:\/\/tupique.com\/wp-content\/uploads\/2026\/04\/0196337935815_I00.jpg","datePublished":"2026-04-10T22:51:44+00:00","dateModified":"2026-05-09T00:34:40+00:00","breadcrumb":{"@id":"https:\/\/tupique.com\/product\/mini-pc-hp-refurbished-a\/#breadcrumb"},"inLanguage":"en-GB","potentialAction":[{"@type":"ReadAction","target":["https:\/\/tupique.com\/product\/mini-pc-hp-refurbished-a\/"]}]},{"@type":"ImageObject","inLanguage":"en-GB","@id":"https:\/\/tupique.com\/product\/mini-pc-hp-refurbished-a\/#primaryimage","url":"https:\/\/tupique.com\/wp-content\/uploads\/2026\/04\/0196337935815_I00.jpg","contentUrl":"https:\/\/tupique.com\/wp-content\/uploads\/2026\/04\/0196337935815_I00.jpg","width":1200,"height":1200,"caption":"V0710148_0"},{"@type":"BreadcrumbList","@id":"https:\/\/tupique.com\/product\/mini-pc-hp-refurbished-a\/#breadcrumb","itemListElement":[{"@type":"ListItem","position":1,"name":"commencer","item":"https:\/\/tupique.com\/"},{"@type":"ListItem","position":2,"name":"Loja","item":"https:\/\/tupique.com\/loja\/"},{"@type":"ListItem","position":3,"name":"PC de bureau HP Victus (Reconditionn\u00e9 A)"}]},{"@type":"WebSite","@id":"https:\/\/tupique.com\/#website","url":"https:\/\/tupique.com\/","name":"Tupique","description":"","publisher":{"@id":"https:\/\/tupique.com\/#organization"},"potentialAction":[{"@type":"SearchAction","target":{"@type":"EntryPoint","urlTemplate":"https:\/\/tupique.com\/?s={search_term_string}"},"query-input":{"@type":"PropertyValueSpecification","valueRequired":true,"valueName":"search_term_string"}}],"inLanguage":"en-GB"},{"@type":"Organization","@id":"https:\/\/tupique.com\/#organization","name":"Tupique","url":"https:\/\/tupique.com\/","logo":{"@type":"ImageObject","inLanguage":"en-GB","@id":"https:\/\/tupique.com\/#\/schema\/logo\/image\/","url":"https:\/\/tupique.com\/wp-content\/uploads\/2026\/03\/logo-tupique-1.webp","contentUrl":"https:\/\/tupique.com\/wp-content\/uploads\/2026\/03\/logo-tupique-1.webp","width":500,"height":67,"caption":"Tupique"},"image":{"@id":"https:\/\/tupique.com\/#\/schema\/logo\/image\/"}}]}},"_links":{"self":[{"href":"https:\/\/tupique.com\/en\/wp-json\/wp\/v2\/product\/169430","targetHints":{"allow":["GET"]}}],"collection":[{"href":"https:\/\/tupique.com\/en\/wp-json\/wp\/v2\/product"}],"about":[{"href":"https:\/\/tupique.com\/en\/wp-json\/wp\/v2\/types\/product"}],"replies":[{"embeddable":true,"href":"https:\/\/tupique.com\/en\/wp-json\/wp\/v2\/comments?post=169430"}],"wp:featuredmedia":[{"embeddable":true,"href":"https:\/\/tupique.com\/en\/wp-json\/wp\/v2\/media\/169427"}],"wp:attachment":[{"href":"https:\/\/tupique.com\/en\/wp-json\/wp\/v2\/media?parent=169430"}],"wp:term":[{"taxonomy":"product_brand","embeddable":true,"href":"https:\/\/tupique.com\/en\/wp-json\/wp\/v2\/product_brand?post=169430"},{"taxonomy":"product_cat","embeddable":true,"href":"https:\/\/tupique.com\/en\/wp-json\/wp\/v2\/product_cat?post=169430"},{"taxonomy":"product_tag","embeddable":true,"href":"https:\/\/tupique.com\/en\/wp-json\/wp\/v2\/product_tag?post=169430"}],"curies":[{"name":"wp","href":"https:\/\/api.w.org\/{rel}","templated":true}]}}