{"id":177747,"date":"2026-05-09T01:57:32","date_gmt":"2026-05-08T23:57:32","guid":{"rendered":"https:\/\/tupique.com\/product\/sac-a-dos-montblanc-mesisterstuck-selection-soft\/"},"modified":"2026-05-10T13:59:29","modified_gmt":"2026-05-10T11:59:29","slug":"sac-a-dos-montblanc-mesisterstuck-selection-soft","status":"publish","type":"product","link":"https:\/\/tupique.com\/en\/product\/sac-a-dos-montblanc-mesisterstuck-selection-soft\/","title":{"rendered":"Sac \u00e0 dos Montblanc MESISTERSTUCK SELECTION SOFT"},"content":{"rendered":"<p>Vous aimez la mode et \u00eates fan d\u00b4accessoires? Nous vous pr\u00e9sentons <b>Sac \u00e0 dos Montblanc MESISTERSTUCK SELECTION SOFT<\/b> ainsi qu\u00b4une large gamme de sacs et de portefeuilles pour \u00eatre \u00e0 la derni\u00e8re mode!<\/p>\n<ul>\n<li>Type: Sac \u00e0 dos<\/li>\n<li>Mati\u00e8re: Cuir<\/li>\n<li>Genre: Femme<\/li>\n<li>Inclut: Inclut un \u00e9tui ou une housse de la marque<\/li>\n<\/ul>","protected":false},"excerpt":{"rendered":"<p>Vous aimez la mode et \u00eates fan d\u00b4accessoires? Nous vous pr\u00e9sentons Sac \u00e0 dos Montblanc MESISTERSTUCK SELECTION SOFT ainsi qu\u00b4une large gamme de sacs et de portefeuilles pour \u00eatre \u00e0 la derni\u00e8re mode! Type: Sac \u00e0 dos Mati\u00e8re: Cuir Genre: Femme Inclut: Inclut un \u00e9tui ou une housse de la marque<\/p>","protected":false},"featured_media":177746,"comment_status":"open","ping_status":"closed","template":"","meta":[],"product_brand":[846],"product_cat":[1773,1764,1774],"product_tag":[542],"class_list":{"0":"post-177747","1":"product","2":"type-product","3":"status-publish","4":"has-post-thumbnail","6":"product_brand-brandp_437","7":"product_cat-pour-voyager","8":"product_cat-sports-loisirs","9":"product_cat-valises-et-bagage-a-main","10":"product_tag-tag_1274","12":"first","13":"instock","14":"taxable","15":"shipping-taxable","16":"purchasable","17":"product-type-simple"},"yoast_head":"<!-- This site is optimized with the Yoast SEO plugin v27.5 - https:\/\/yoast.com\/product\/yoast-seo-wordpress\/ -->\n<title>Sac \u00e0 dos Montblanc MESISTERSTUCK SELECTION SOFT - Tupique<\/title>\n<meta name=\"robots\" content=\"index, follow, max-snippet:-1, max-image-preview:large, max-video-preview:-1\" \/>\n<link rel=\"canonical\" href=\"https:\/\/tupique.com\/en\/product\/sac-a-dos-montblanc-mesisterstuck-selection-soft\/\" \/>\n<meta property=\"og:locale\" content=\"en_GB\" \/>\n<meta property=\"og:type\" content=\"article\" \/>\n<meta property=\"og:title\" content=\"Sac \u00e0 dos Montblanc MESISTERSTUCK SELECTION SOFT - Tupique\" \/>\n<meta property=\"og:description\" content=\"Vous aimez la mode et \u00eates fan d\u00b4accessoires? Nous vous pr\u00e9sentons Sac \u00e0 dos Montblanc MESISTERSTUCK SELECTION SOFT ainsi qu\u00b4une large gamme de sacs et de portefeuilles pour \u00eatre \u00e0 la derni\u00e8re mode! Type: Sac \u00e0 dos Mati\u00e8re: Cuir Genre: Femme Inclut: Inclut un \u00e9tui ou une housse de la marque\" \/>\n<meta property=\"og:url\" content=\"https:\/\/tupique.com\/en\/product\/sac-a-dos-montblanc-mesisterstuck-selection-soft\/\" \/>\n<meta property=\"og:site_name\" content=\"Tupique\" \/>\n<meta property=\"article:modified_time\" content=\"2026-05-10T11:59:29+00:00\" \/>\n<meta name=\"twitter:card\" content=\"summary_large_image\" \/>\n<script type=\"application\/ld+json\" class=\"yoast-schema-graph\">{\"@context\":\"https:\\\/\\\/schema.org\",\"@graph\":[{\"@type\":\"WebPage\",\"@id\":\"https:\\\/\\\/tupique.com\\\/product\\\/sac-a-dos-montblanc-mesisterstuck-selection-soft\\\/\",\"url\":\"https:\\\/\\\/tupique.com\\\/product\\\/sac-a-dos-montblanc-mesisterstuck-selection-soft\\\/\",\"name\":\"Sac \u00e0 dos Montblanc MESISTERSTUCK SELECTION SOFT - Tupique\",\"isPartOf\":{\"@id\":\"https:\\\/\\\/tupique.com\\\/#website\"},\"primaryImageOfPage\":{\"@id\":\"https:\\\/\\\/tupique.com\\\/product\\\/sac-a-dos-montblanc-mesisterstuck-selection-soft\\\/#primaryimage\"},\"image\":{\"@id\":\"https:\\\/\\\/tupique.com\\\/product\\\/sac-a-dos-montblanc-mesisterstuck-selection-soft\\\/#primaryimage\"},\"thumbnailUrl\":\"https:\\\/\\\/tupique.com\\\/wp-content\\\/uploads\\\/2026\\\/05\\\/7702018945689_S7211031_P00.jpg\",\"datePublished\":\"2026-05-08T23:57:32+00:00\",\"dateModified\":\"2026-05-10T11:59:29+00:00\",\"breadcrumb\":{\"@id\":\"https:\\\/\\\/tupique.com\\\/product\\\/sac-a-dos-montblanc-mesisterstuck-selection-soft\\\/#breadcrumb\"},\"inLanguage\":\"en-GB\",\"potentialAction\":[{\"@type\":\"ReadAction\",\"target\":[\"https:\\\/\\\/tupique.com\\\/product\\\/sac-a-dos-montblanc-mesisterstuck-selection-soft\\\/\"]}]},{\"@type\":\"ImageObject\",\"inLanguage\":\"en-GB\",\"@id\":\"https:\\\/\\\/tupique.com\\\/product\\\/sac-a-dos-montblanc-mesisterstuck-selection-soft\\\/#primaryimage\",\"url\":\"https:\\\/\\\/tupique.com\\\/wp-content\\\/uploads\\\/2026\\\/05\\\/7702018945689_S7211031_P00.jpg\",\"contentUrl\":\"https:\\\/\\\/tupique.com\\\/wp-content\\\/uploads\\\/2026\\\/05\\\/7702018945689_S7211031_P00.jpg\",\"width\":1200,\"height\":1200,\"caption\":\"S7211031_0\"},{\"@type\":\"BreadcrumbList\",\"@id\":\"https:\\\/\\\/tupique.com\\\/product\\\/sac-a-dos-montblanc-mesisterstuck-selection-soft\\\/#breadcrumb\",\"itemListElement\":[{\"@type\":\"ListItem\",\"position\":1,\"name\":\"commencer\",\"item\":\"https:\\\/\\\/tupique.com\\\/\"},{\"@type\":\"ListItem\",\"position\":2,\"name\":\"Loja\",\"item\":\"https:\\\/\\\/tupique.com\\\/loja\\\/\"},{\"@type\":\"ListItem\",\"position\":3,\"name\":\"Sac \u00e0 dos Montblanc MESISTERSTUCK SELECTION SOFT\"}]},{\"@type\":\"WebSite\",\"@id\":\"https:\\\/\\\/tupique.com\\\/#website\",\"url\":\"https:\\\/\\\/tupique.com\\\/\",\"name\":\"Tupique\",\"description\":\"\",\"publisher\":{\"@id\":\"https:\\\/\\\/tupique.com\\\/#organization\"},\"potentialAction\":[{\"@type\":\"SearchAction\",\"target\":{\"@type\":\"EntryPoint\",\"urlTemplate\":\"https:\\\/\\\/tupique.com\\\/?s={search_term_string}\"},\"query-input\":{\"@type\":\"PropertyValueSpecification\",\"valueRequired\":true,\"valueName\":\"search_term_string\"}}],\"inLanguage\":\"en-GB\"},{\"@type\":\"Organization\",\"@id\":\"https:\\\/\\\/tupique.com\\\/#organization\",\"name\":\"Tupique\",\"url\":\"https:\\\/\\\/tupique.com\\\/\",\"logo\":{\"@type\":\"ImageObject\",\"inLanguage\":\"en-GB\",\"@id\":\"https:\\\/\\\/tupique.com\\\/#\\\/schema\\\/logo\\\/image\\\/\",\"url\":\"https:\\\/\\\/tupique.com\\\/wp-content\\\/uploads\\\/2026\\\/03\\\/logo-tupique-1.webp\",\"contentUrl\":\"https:\\\/\\\/tupique.com\\\/wp-content\\\/uploads\\\/2026\\\/03\\\/logo-tupique-1.webp\",\"width\":500,\"height\":67,\"caption\":\"Tupique\"},\"image\":{\"@id\":\"https:\\\/\\\/tupique.com\\\/#\\\/schema\\\/logo\\\/image\\\/\"}}]}<\/script>\n<!-- \/ Yoast SEO plugin. -->","yoast_head_json":{"title":"Sac \u00e0 dos Montblanc MESISTERSTUCK SELECTION SOFT - Tupique","robots":{"index":"index","follow":"follow","max-snippet":"max-snippet:-1","max-image-preview":"max-image-preview:large","max-video-preview":"max-video-preview:-1"},"canonical":"https:\/\/tupique.com\/en\/product\/sac-a-dos-montblanc-mesisterstuck-selection-soft\/","og_locale":"en_GB","og_type":"article","og_title":"Sac \u00e0 dos Montblanc MESISTERSTUCK SELECTION SOFT - Tupique","og_description":"Vous aimez la mode et \u00eates fan d\u00b4accessoires? Nous vous pr\u00e9sentons Sac \u00e0 dos Montblanc MESISTERSTUCK SELECTION SOFT ainsi qu\u00b4une large gamme de sacs et de portefeuilles pour \u00eatre \u00e0 la derni\u00e8re mode! Type: Sac \u00e0 dos Mati\u00e8re: Cuir Genre: Femme Inclut: Inclut un \u00e9tui ou une housse de la marque","og_url":"https:\/\/tupique.com\/en\/product\/sac-a-dos-montblanc-mesisterstuck-selection-soft\/","og_site_name":"Tupique","article_modified_time":"2026-05-10T11:59:29+00:00","twitter_card":"summary_large_image","schema":{"@context":"https:\/\/schema.org","@graph":[{"@type":"WebPage","@id":"https:\/\/tupique.com\/product\/sac-a-dos-montblanc-mesisterstuck-selection-soft\/","url":"https:\/\/tupique.com\/product\/sac-a-dos-montblanc-mesisterstuck-selection-soft\/","name":"Sac \u00e0 dos Montblanc MESISTERSTUCK SELECTION SOFT - Tupique","isPartOf":{"@id":"https:\/\/tupique.com\/#website"},"primaryImageOfPage":{"@id":"https:\/\/tupique.com\/product\/sac-a-dos-montblanc-mesisterstuck-selection-soft\/#primaryimage"},"image":{"@id":"https:\/\/tupique.com\/product\/sac-a-dos-montblanc-mesisterstuck-selection-soft\/#primaryimage"},"thumbnailUrl":"https:\/\/tupique.com\/wp-content\/uploads\/2026\/05\/7702018945689_S7211031_P00.jpg","datePublished":"2026-05-08T23:57:32+00:00","dateModified":"2026-05-10T11:59:29+00:00","breadcrumb":{"@id":"https:\/\/tupique.com\/product\/sac-a-dos-montblanc-mesisterstuck-selection-soft\/#breadcrumb"},"inLanguage":"en-GB","potentialAction":[{"@type":"ReadAction","target":["https:\/\/tupique.com\/product\/sac-a-dos-montblanc-mesisterstuck-selection-soft\/"]}]},{"@type":"ImageObject","inLanguage":"en-GB","@id":"https:\/\/tupique.com\/product\/sac-a-dos-montblanc-mesisterstuck-selection-soft\/#primaryimage","url":"https:\/\/tupique.com\/wp-content\/uploads\/2026\/05\/7702018945689_S7211031_P00.jpg","contentUrl":"https:\/\/tupique.com\/wp-content\/uploads\/2026\/05\/7702018945689_S7211031_P00.jpg","width":1200,"height":1200,"caption":"S7211031_0"},{"@type":"BreadcrumbList","@id":"https:\/\/tupique.com\/product\/sac-a-dos-montblanc-mesisterstuck-selection-soft\/#breadcrumb","itemListElement":[{"@type":"ListItem","position":1,"name":"commencer","item":"https:\/\/tupique.com\/"},{"@type":"ListItem","position":2,"name":"Loja","item":"https:\/\/tupique.com\/loja\/"},{"@type":"ListItem","position":3,"name":"Sac \u00e0 dos Montblanc MESISTERSTUCK SELECTION SOFT"}]},{"@type":"WebSite","@id":"https:\/\/tupique.com\/#website","url":"https:\/\/tupique.com\/","name":"Tupique","description":"","publisher":{"@id":"https:\/\/tupique.com\/#organization"},"potentialAction":[{"@type":"SearchAction","target":{"@type":"EntryPoint","urlTemplate":"https:\/\/tupique.com\/?s={search_term_string}"},"query-input":{"@type":"PropertyValueSpecification","valueRequired":true,"valueName":"search_term_string"}}],"inLanguage":"en-GB"},{"@type":"Organization","@id":"https:\/\/tupique.com\/#organization","name":"Tupique","url":"https:\/\/tupique.com\/","logo":{"@type":"ImageObject","inLanguage":"en-GB","@id":"https:\/\/tupique.com\/#\/schema\/logo\/image\/","url":"https:\/\/tupique.com\/wp-content\/uploads\/2026\/03\/logo-tupique-1.webp","contentUrl":"https:\/\/tupique.com\/wp-content\/uploads\/2026\/03\/logo-tupique-1.webp","width":500,"height":67,"caption":"Tupique"},"image":{"@id":"https:\/\/tupique.com\/#\/schema\/logo\/image\/"}}]}},"_links":{"self":[{"href":"https:\/\/tupique.com\/en\/wp-json\/wp\/v2\/product\/177747","targetHints":{"allow":["GET"]}}],"collection":[{"href":"https:\/\/tupique.com\/en\/wp-json\/wp\/v2\/product"}],"about":[{"href":"https:\/\/tupique.com\/en\/wp-json\/wp\/v2\/types\/product"}],"replies":[{"embeddable":true,"href":"https:\/\/tupique.com\/en\/wp-json\/wp\/v2\/comments?post=177747"}],"wp:featuredmedia":[{"embeddable":true,"href":"https:\/\/tupique.com\/en\/wp-json\/wp\/v2\/media\/177746"}],"wp:attachment":[{"href":"https:\/\/tupique.com\/en\/wp-json\/wp\/v2\/media?parent=177747"}],"wp:term":[{"taxonomy":"product_brand","embeddable":true,"href":"https:\/\/tupique.com\/en\/wp-json\/wp\/v2\/product_brand?post=177747"},{"taxonomy":"product_cat","embeddable":true,"href":"https:\/\/tupique.com\/en\/wp-json\/wp\/v2\/product_cat?post=177747"},{"taxonomy":"product_tag","embeddable":true,"href":"https:\/\/tupique.com\/en\/wp-json\/wp\/v2\/product_tag?post=177747"}],"curies":[{"name":"wp","href":"https:\/\/api.w.org\/{rel}","templated":true}]}}