{"id":178118,"date":"2026-05-09T02:47:54","date_gmt":"2026-05-09T00:47:54","guid":{"rendered":"https:\/\/tupique.com\/product\/montre-enfant-guess-y78003l1mf\/"},"modified":"2026-05-10T14:19:30","modified_gmt":"2026-05-10T12:19:30","slug":"montre-enfant-guess-y78003l1mf","status":"publish","type":"product","link":"https:\/\/tupique.com\/en\/product\/montre-enfant-guess-y78003l1mf\/","title":{"rendered":"Guess Children's Watch Y78003L1MF"},"content":{"rendered":"<p>Si vous aimez suivre les derni\u00e8res tendances en mati\u00e8re de mode et accessoires, achetez <b>Guess Children's Watch Y78003L1MF<\/b> au meilleur prix.<\/p>\n<p>The <b>mod\u00e8le Y78003L1MF<\/b> de la marque <b>GC Watches<\/b> est une <b>montre pour femme<\/b> qui allie fonctionnalit\u00e9 et style avec des mat\u00e9riaux de haute qualit\u00e9 adapt\u00e9s \u00e0 un usage quotidien. Elle se distingue par sa <b>bo\u00eete et son bracelet en acier inoxydable<\/b>, garantissant r\u00e9sistance et durabilit\u00e9 face \u00e0 l\u2019usure quotidienne, tout en offrant une finition \u00e9l\u00e9gante et contemporaine. Sa teinte <b>grise, aussi bien sur la bo\u00eete que sur le bracelet<\/b>, propose un design sobre et polyvalent, capable de s\u2019int\u00e9grer \u00e0 diff\u00e9rents styles vestimentaires, des looks d\u00e9contract\u00e9s aux occasions plus formelles. Cette montre est sp\u00e9cialement con\u00e7ue pour un usage f\u00e9minin, avec une taille et un design adapt\u00e9s au poignet de la femme, bien qu\u2019une r\u00e9f\u00e9rence enfant soit \u00e9galement mentionn\u00e9e, ce qui pourrait indiquer une ligne destin\u00e9e \u00e0 un public jeune ou adolescent dans la cat\u00e9gorie f\u00e9minine. L\u2019acier inoxydable assure une protection efficace contre la corrosion et conserve un bon aspect au fil du temps, tandis que la couleur grise apporte neutralit\u00e9 et s\u2019accorde facilement avec d\u2019autres accessoires. Son design allie sobri\u00e9t\u00e9 et modernit\u00e9, convenant \u00e0 celles qui recherchent une montre \u00e0 la fois accessoire de mode et instrument de pr\u00e9cision au quotidien. Dans l\u2019ensemble, cette montre de <b>GC Watches<\/b> offre r\u00e9sistance, confort et esth\u00e9tique \u00e9quilibr\u00e9e, se positionnant comme une option pratique et \u00e9l\u00e9gante pour les femmes attach\u00e9es \u00e0 la qualit\u00e9 et au design classique de leurs accessoires.<\/p>\n<ul>\n<li>Genre:\n<ul>\n<li>Enfant<\/li>\n<li>Femme<\/li>\n<\/ul>\n<\/li>\n<li>Liens suppl\u00e9mentaires: Non<\/li>\n<li>Type de montre: Montre-bracelet<\/li>\n<li>Mat\u00e9riau du bracelet: Acier inoxydable<\/li>\n<li>Materiau du bo\u00eetier: Acier inoxydable<\/li>\n<li>Couleur: Argent\u00e9<\/li>\n<li>Type de mouvement: Quartz<\/li>\n<\/ul>","protected":false},"excerpt":{"rendered":"<p>Si vous aimez suivre les derni\u00e8res tendances en mati\u00e8re de mode et accessoires, achetez Montre Enfant Guess Y78003L1MF au meilleur prix. Le mod\u00e8le Y78003L1MF de la marque GC Watches est une montre pour femme qui allie fonctionnalit\u00e9 et style avec des mat\u00e9riaux de haute qualit\u00e9 adapt\u00e9s \u00e0 un usage quotidien. Elle se distingue par sa [&hellip;]<\/p>\n","protected":false},"featured_media":178114,"comment_status":"open","ping_status":"closed","template":"","meta":[],"product_brand":[553],"product_cat":[544,968,545],"product_tag":[103],"class_list":{"0":"post-178118","1":"product","2":"type-product","3":"status-publish","4":"has-post-thumbnail","6":"product_brand-brandp_835","7":"product_cat-mode-accessoires","8":"product_cat-montres-enfants","9":"product_cat-montres-bracelets","10":"product_tag-tag_1261","12":"first","13":"instock","14":"taxable","15":"shipping-taxable","16":"purchasable","17":"product-type-simple"},"yoast_head":"<!-- This site is optimized with the Yoast SEO plugin v27.5 - https:\/\/yoast.com\/product\/yoast-seo-wordpress\/ -->\n<title>Montre Enfant Guess Y78003L1MF - Tupique<\/title>\n<meta name=\"robots\" content=\"index, follow, max-snippet:-1, max-image-preview:large, max-video-preview:-1\" \/>\n<link rel=\"canonical\" href=\"https:\/\/tupique.com\/en\/product\/montre-enfant-guess-y78003l1mf\/\" \/>\n<meta property=\"og:locale\" content=\"en_GB\" \/>\n<meta property=\"og:type\" content=\"article\" \/>\n<meta property=\"og:title\" content=\"Montre Enfant Guess Y78003L1MF - Tupique\" \/>\n<meta property=\"og:description\" content=\"Si vous aimez suivre les derni\u00e8res tendances en mati\u00e8re de mode et accessoires, achetez Montre Enfant Guess Y78003L1MF au meilleur prix. Le mod\u00e8le Y78003L1MF de la marque GC Watches est une montre pour femme qui allie fonctionnalit\u00e9 et style avec des mat\u00e9riaux de haute qualit\u00e9 adapt\u00e9s \u00e0 un usage quotidien. Elle se distingue par sa [&hellip;]\" \/>\n<meta property=\"og:url\" content=\"https:\/\/tupique.com\/en\/product\/montre-enfant-guess-y78003l1mf\/\" \/>\n<meta property=\"og:site_name\" content=\"Tupique\" \/>\n<meta property=\"article:modified_time\" content=\"2026-05-10T12:19:30+00:00\" \/>\n<meta name=\"twitter:card\" content=\"summary_large_image\" \/>\n<meta name=\"twitter:label1\" content=\"Est. reading time\" \/>\n\t<meta name=\"twitter:data1\" content=\"2 minutes\" \/>\n<script type=\"application\/ld+json\" class=\"yoast-schema-graph\">{\"@context\":\"https:\\\/\\\/schema.org\",\"@graph\":[{\"@type\":\"WebPage\",\"@id\":\"https:\\\/\\\/tupique.com\\\/product\\\/montre-enfant-guess-y78003l1mf\\\/\",\"url\":\"https:\\\/\\\/tupique.com\\\/product\\\/montre-enfant-guess-y78003l1mf\\\/\",\"name\":\"Montre Enfant Guess Y78003L1MF - Tupique\",\"isPartOf\":{\"@id\":\"https:\\\/\\\/tupique.com\\\/#website\"},\"primaryImageOfPage\":{\"@id\":\"https:\\\/\\\/tupique.com\\\/product\\\/montre-enfant-guess-y78003l1mf\\\/#primaryimage\"},\"image\":{\"@id\":\"https:\\\/\\\/tupique.com\\\/product\\\/montre-enfant-guess-y78003l1mf\\\/#primaryimage\"},\"thumbnailUrl\":\"https:\\\/\\\/tupique.com\\\/wp-content\\\/uploads\\\/2026\\\/05\\\/0091661518317_S7274666_P01.jpg\",\"datePublished\":\"2026-05-09T00:47:54+00:00\",\"dateModified\":\"2026-05-10T12:19:30+00:00\",\"breadcrumb\":{\"@id\":\"https:\\\/\\\/tupique.com\\\/product\\\/montre-enfant-guess-y78003l1mf\\\/#breadcrumb\"},\"inLanguage\":\"en-GB\",\"potentialAction\":[{\"@type\":\"ReadAction\",\"target\":[\"https:\\\/\\\/tupique.com\\\/product\\\/montre-enfant-guess-y78003l1mf\\\/\"]}]},{\"@type\":\"ImageObject\",\"inLanguage\":\"en-GB\",\"@id\":\"https:\\\/\\\/tupique.com\\\/product\\\/montre-enfant-guess-y78003l1mf\\\/#primaryimage\",\"url\":\"https:\\\/\\\/tupique.com\\\/wp-content\\\/uploads\\\/2026\\\/05\\\/0091661518317_S7274666_P01.jpg\",\"contentUrl\":\"https:\\\/\\\/tupique.com\\\/wp-content\\\/uploads\\\/2026\\\/05\\\/0091661518317_S7274666_P01.jpg\",\"width\":1200,\"height\":1200,\"caption\":\"S7274666_0\"},{\"@type\":\"BreadcrumbList\",\"@id\":\"https:\\\/\\\/tupique.com\\\/product\\\/montre-enfant-guess-y78003l1mf\\\/#breadcrumb\",\"itemListElement\":[{\"@type\":\"ListItem\",\"position\":1,\"name\":\"commencer\",\"item\":\"https:\\\/\\\/tupique.com\\\/\"},{\"@type\":\"ListItem\",\"position\":2,\"name\":\"Loja\",\"item\":\"https:\\\/\\\/tupique.com\\\/loja\\\/\"},{\"@type\":\"ListItem\",\"position\":3,\"name\":\"Montre Enfant Guess Y78003L1MF\"}]},{\"@type\":\"WebSite\",\"@id\":\"https:\\\/\\\/tupique.com\\\/#website\",\"url\":\"https:\\\/\\\/tupique.com\\\/\",\"name\":\"Tupique\",\"description\":\"\",\"publisher\":{\"@id\":\"https:\\\/\\\/tupique.com\\\/#organization\"},\"potentialAction\":[{\"@type\":\"SearchAction\",\"target\":{\"@type\":\"EntryPoint\",\"urlTemplate\":\"https:\\\/\\\/tupique.com\\\/?s={search_term_string}\"},\"query-input\":{\"@type\":\"PropertyValueSpecification\",\"valueRequired\":true,\"valueName\":\"search_term_string\"}}],\"inLanguage\":\"en-GB\"},{\"@type\":\"Organization\",\"@id\":\"https:\\\/\\\/tupique.com\\\/#organization\",\"name\":\"Tupique\",\"url\":\"https:\\\/\\\/tupique.com\\\/\",\"logo\":{\"@type\":\"ImageObject\",\"inLanguage\":\"en-GB\",\"@id\":\"https:\\\/\\\/tupique.com\\\/#\\\/schema\\\/logo\\\/image\\\/\",\"url\":\"https:\\\/\\\/tupique.com\\\/wp-content\\\/uploads\\\/2026\\\/03\\\/logo-tupique-1.webp\",\"contentUrl\":\"https:\\\/\\\/tupique.com\\\/wp-content\\\/uploads\\\/2026\\\/03\\\/logo-tupique-1.webp\",\"width\":500,\"height\":67,\"caption\":\"Tupique\"},\"image\":{\"@id\":\"https:\\\/\\\/tupique.com\\\/#\\\/schema\\\/logo\\\/image\\\/\"}}]}<\/script>\n<!-- \/ Yoast SEO plugin. -->","yoast_head_json":{"title":"Montre Enfant Guess Y78003L1MF - Tupique","robots":{"index":"index","follow":"follow","max-snippet":"max-snippet:-1","max-image-preview":"max-image-preview:large","max-video-preview":"max-video-preview:-1"},"canonical":"https:\/\/tupique.com\/en\/product\/montre-enfant-guess-y78003l1mf\/","og_locale":"en_GB","og_type":"article","og_title":"Montre Enfant Guess Y78003L1MF - Tupique","og_description":"Si vous aimez suivre les derni\u00e8res tendances en mati\u00e8re de mode et accessoires, achetez Montre Enfant Guess Y78003L1MF au meilleur prix. Le mod\u00e8le Y78003L1MF de la marque GC Watches est une montre pour femme qui allie fonctionnalit\u00e9 et style avec des mat\u00e9riaux de haute qualit\u00e9 adapt\u00e9s \u00e0 un usage quotidien. Elle se distingue par sa [&hellip;]","og_url":"https:\/\/tupique.com\/en\/product\/montre-enfant-guess-y78003l1mf\/","og_site_name":"Tupique","article_modified_time":"2026-05-10T12:19:30+00:00","twitter_card":"summary_large_image","twitter_misc":{"Est. reading time":"2 minutes"},"schema":{"@context":"https:\/\/schema.org","@graph":[{"@type":"WebPage","@id":"https:\/\/tupique.com\/product\/montre-enfant-guess-y78003l1mf\/","url":"https:\/\/tupique.com\/product\/montre-enfant-guess-y78003l1mf\/","name":"Montre Enfant Guess Y78003L1MF - Tupique","isPartOf":{"@id":"https:\/\/tupique.com\/#website"},"primaryImageOfPage":{"@id":"https:\/\/tupique.com\/product\/montre-enfant-guess-y78003l1mf\/#primaryimage"},"image":{"@id":"https:\/\/tupique.com\/product\/montre-enfant-guess-y78003l1mf\/#primaryimage"},"thumbnailUrl":"https:\/\/tupique.com\/wp-content\/uploads\/2026\/05\/0091661518317_S7274666_P01.jpg","datePublished":"2026-05-09T00:47:54+00:00","dateModified":"2026-05-10T12:19:30+00:00","breadcrumb":{"@id":"https:\/\/tupique.com\/product\/montre-enfant-guess-y78003l1mf\/#breadcrumb"},"inLanguage":"en-GB","potentialAction":[{"@type":"ReadAction","target":["https:\/\/tupique.com\/product\/montre-enfant-guess-y78003l1mf\/"]}]},{"@type":"ImageObject","inLanguage":"en-GB","@id":"https:\/\/tupique.com\/product\/montre-enfant-guess-y78003l1mf\/#primaryimage","url":"https:\/\/tupique.com\/wp-content\/uploads\/2026\/05\/0091661518317_S7274666_P01.jpg","contentUrl":"https:\/\/tupique.com\/wp-content\/uploads\/2026\/05\/0091661518317_S7274666_P01.jpg","width":1200,"height":1200,"caption":"S7274666_0"},{"@type":"BreadcrumbList","@id":"https:\/\/tupique.com\/product\/montre-enfant-guess-y78003l1mf\/#breadcrumb","itemListElement":[{"@type":"ListItem","position":1,"name":"commencer","item":"https:\/\/tupique.com\/"},{"@type":"ListItem","position":2,"name":"Loja","item":"https:\/\/tupique.com\/loja\/"},{"@type":"ListItem","position":3,"name":"Montre Enfant Guess Y78003L1MF"}]},{"@type":"WebSite","@id":"https:\/\/tupique.com\/#website","url":"https:\/\/tupique.com\/","name":"Tupique","description":"","publisher":{"@id":"https:\/\/tupique.com\/#organization"},"potentialAction":[{"@type":"SearchAction","target":{"@type":"EntryPoint","urlTemplate":"https:\/\/tupique.com\/?s={search_term_string}"},"query-input":{"@type":"PropertyValueSpecification","valueRequired":true,"valueName":"search_term_string"}}],"inLanguage":"en-GB"},{"@type":"Organization","@id":"https:\/\/tupique.com\/#organization","name":"Tupique","url":"https:\/\/tupique.com\/","logo":{"@type":"ImageObject","inLanguage":"en-GB","@id":"https:\/\/tupique.com\/#\/schema\/logo\/image\/","url":"https:\/\/tupique.com\/wp-content\/uploads\/2026\/03\/logo-tupique-1.webp","contentUrl":"https:\/\/tupique.com\/wp-content\/uploads\/2026\/03\/logo-tupique-1.webp","width":500,"height":67,"caption":"Tupique"},"image":{"@id":"https:\/\/tupique.com\/#\/schema\/logo\/image\/"}}]}},"_links":{"self":[{"href":"https:\/\/tupique.com\/en\/wp-json\/wp\/v2\/product\/178118","targetHints":{"allow":["GET"]}}],"collection":[{"href":"https:\/\/tupique.com\/en\/wp-json\/wp\/v2\/product"}],"about":[{"href":"https:\/\/tupique.com\/en\/wp-json\/wp\/v2\/types\/product"}],"replies":[{"embeddable":true,"href":"https:\/\/tupique.com\/en\/wp-json\/wp\/v2\/comments?post=178118"}],"wp:featuredmedia":[{"embeddable":true,"href":"https:\/\/tupique.com\/en\/wp-json\/wp\/v2\/media\/178114"}],"wp:attachment":[{"href":"https:\/\/tupique.com\/en\/wp-json\/wp\/v2\/media?parent=178118"}],"wp:term":[{"taxonomy":"product_brand","embeddable":true,"href":"https:\/\/tupique.com\/en\/wp-json\/wp\/v2\/product_brand?post=178118"},{"taxonomy":"product_cat","embeddable":true,"href":"https:\/\/tupique.com\/en\/wp-json\/wp\/v2\/product_cat?post=178118"},{"taxonomy":"product_tag","embeddable":true,"href":"https:\/\/tupique.com\/en\/wp-json\/wp\/v2\/product_tag?post=178118"}],"curies":[{"name":"wp","href":"https:\/\/api.w.org\/{rel}","templated":true}]}}