{"id":178199,"date":"2026-05-09T02:49:33","date_gmt":"2026-05-09T00:49:33","guid":{"rendered":"https:\/\/tupique.com\/product\/ecran-aoc-cu34g2x-bk-34-hd-led\/"},"modified":"2026-05-09T06:04:20","modified_gmt":"2026-05-09T04:04:20","slug":"ecran-aoc-cu34g2x-bk-34-hd-led","status":"publish","type":"product","link":"https:\/\/tupique.com\/en\/product\/ecran-aoc-cu34g2x-bk-34-hd-led\/","title":{"rendered":"\u00c9cran AOC CU34G2X\/BK 34&#8243; HD LED"},"content":{"rendered":"<p>Si vous \u00eates passionn\u00e9 d&#8217;<b>informatique et d&#8217;\u00e9lectronique<\/b>, si vous \u00eates \u00e0 la pointe de la technologie et qu&#8217;aucun d\u00e9tail ne vous \u00e9chappe, achetez <b>\u00c9cran AOC CU34G2X\/BK 34&#8243; HD LED<\/b> au meilleur prix.<\/p>\n<ul>\n<li>Couleur:\n<ul>\n<li>Noir<\/li>\n<li>sRGB<\/li>\n<\/ul>\n<\/li>\n<li>Technologie:\n<ul>\n<li>LED<\/li>\n<li>AMD FreeSync<\/li>\n<li>Flicker free<\/li>\n<\/ul>\n<\/li>\n<li>R\u00e9solution:\n<ul>\n<li>3440 x 1440 px<\/li>\n<li>Quad HD<\/li>\n<\/ul>\n<\/li>\n<li>Angle:\n<ul>\n<li>178\u00ba<\/li>\n<li>178\u00ba<\/li>\n<\/ul>\n<\/li>\n<li>Caract\u00e9ristiques:\n<ul>\n<li>R\u00e9glable<\/li>\n<li>Plaque Tournante<\/li>\n<li>Inclinable<\/li>\n<li>D\u00e9montable<\/li>\n<\/ul>\n<\/li>\n<li>Connexions:\n<ul>\n<li>HDMI<\/li>\n<li>USB<\/li>\n<li>USB 3.2 Gen 1 (3.1 Gen 1)<\/li>\n<li>USB A x 4<\/li>\n<\/ul>\n<\/li>\n<li>Connectivit\u00e9: HDMI<\/li>\n<li>Classification \u00e9nerg\u00e9tique: G<\/li>\n<li>Rapport de contraste: 3000:1<\/li>\n<li>Ports: Entr\u00e9e audio<\/li>\n<li>Casque: 3,5 mm<\/li>\n<li>Ecran:\n<ul>\n<li>34&#8243;<\/li>\n<li>Courbe<\/li>\n<li>VA<\/li>\n<\/ul>\n<\/li>\n<li>Compatible: VESA<\/li>\n<li>Connexion:\n<ul>\n<li>DisplayPort x 1<\/li>\n<li>HDMI x 2<\/li>\n<li>DisplayPort 1.4<\/li>\n<\/ul>\n<\/li>\n<li>fr\u00e9quence:\n<ul>\n<li>50 &#8211; 60 Hz<\/li>\n<li>30 &#8211; 160 Hz<\/li>\n<\/ul>\n<\/li>\n<li>Longueur du c\u00e2ble: 1,8 m<\/li>\n<li>Tension: 100 &#8211; 240 V<\/li>\n<li>Utilisation recommand\u00e9e: Jeux<\/li>\n<li>Brille: 300 lm ANSI<\/li>\n<li>Ne Contient pas: Mercure<\/li>\n<li>Dimensions approx.: 100 x 100 cm<\/li>\n<li>Inclut: Sortie d&#8217;\u00e9couteurs<\/li>\n<li>Emballage respectueux de l\u2019environnement: 100% recyclable<\/li>\n<li>consommation d&#8217;\u00e9nergie:\n<ul>\n<li>67 kWh<\/li>\n<li>0.5 kWh<\/li>\n<li>0.3 kWh<\/li>\n<\/ul>\n<\/li>\n<li>R\u00e9tro-\u00e9clair\u00e9: W-LED<\/li>\n<li>Rapport d&#8217;aspect: 21:9<\/li>\n<li>Montage: VESA<\/li>\n<li>vitesse: 144 Hz<\/li>\n<li>Certificat: Certification ENERGY STAR<\/li>\n<li>Ajustement Maximum: 130 mm<\/li>\n<li>Inclinaison: -3.5\u00ba \/ 21.5\u00ba<\/li>\n<\/ul>","protected":false},"excerpt":{"rendered":"<p>Si vous \u00eates passionn\u00e9 d&#8217;informatique et d&#8217;\u00e9lectronique, si vous \u00eates \u00e0 la pointe de la technologie et qu&#8217;aucun d\u00e9tail ne vous \u00e9chappe, achetez \u00c9cran AOC CU34G2X\/BK 34&#8243; HD LED au meilleur prix. Couleur: Noir sRGB Technologie: LED AMD FreeSync Flicker free R\u00e9solution: 3440 x 1440 px Quad HD Angle: 178\u00ba 178\u00ba Caract\u00e9ristiques: R\u00e9glable Plaque Tournante [&hellip;]<\/p>\n","protected":false},"featured_media":178195,"comment_status":"open","ping_status":"closed","template":"","meta":[],"product_brand":[1000],"product_cat":[65,581,616],"product_tag":[213,106],"class_list":{"0":"post-178199","1":"product","2":"type-product","3":"status-publish","4":"has-post-thumbnail","6":"product_brand-brandp_4564","7":"product_cat-informatique-electronique","8":"product_cat-informatique-peripheriques-et-consommables","9":"product_cat-moniteurs","10":"product_tag-tag_933","11":"product_tag-tag_1295","13":"first","14":"instock","15":"taxable","16":"shipping-taxable","17":"purchasable","18":"product-type-simple"},"yoast_head":"<!-- This site is optimized with the Yoast SEO plugin v27.5 - https:\/\/yoast.com\/product\/yoast-seo-wordpress\/ -->\n<title>\u00c9cran AOC CU34G2X\/BK 34&quot; HD LED - Tupique<\/title>\n<meta name=\"robots\" content=\"index, follow, max-snippet:-1, max-image-preview:large, max-video-preview:-1\" \/>\n<link rel=\"canonical\" href=\"https:\/\/tupique.com\/en\/product\/ecran-aoc-cu34g2x-bk-34-hd-led\/\" \/>\n<meta property=\"og:locale\" content=\"en_GB\" \/>\n<meta property=\"og:type\" content=\"article\" \/>\n<meta property=\"og:title\" content=\"\u00c9cran AOC CU34G2X\/BK 34&quot; HD LED - Tupique\" \/>\n<meta property=\"og:description\" content=\"Si vous \u00eates passionn\u00e9 d&#8217;informatique et d&#8217;\u00e9lectronique, si vous \u00eates \u00e0 la pointe de la technologie et qu&#8217;aucun d\u00e9tail ne vous \u00e9chappe, achetez \u00c9cran AOC CU34G2X\/BK 34&#8243; HD LED au meilleur prix. Couleur: Noir sRGB Technologie: LED AMD FreeSync Flicker free R\u00e9solution: 3440 x 1440 px Quad HD Angle: 178\u00ba 178\u00ba Caract\u00e9ristiques: R\u00e9glable Plaque Tournante [&hellip;]\" \/>\n<meta property=\"og:url\" content=\"https:\/\/tupique.com\/en\/product\/ecran-aoc-cu34g2x-bk-34-hd-led\/\" \/>\n<meta property=\"og:site_name\" content=\"Tupique\" \/>\n<meta property=\"article:modified_time\" content=\"2026-05-09T04:04:20+00:00\" \/>\n<meta property=\"og:image\" content=\"https:\/\/tupique.com\/wp-content\/uploads\/2026\/05\/576617012.jpg\" \/>\n\t<meta property=\"og:image:width\" content=\"1200\" \/>\n\t<meta property=\"og:image:height\" content=\"1200\" \/>\n\t<meta property=\"og:image:type\" content=\"image\/jpeg\" \/>\n<meta name=\"twitter:card\" content=\"summary_large_image\" \/>\n<meta name=\"twitter:label1\" content=\"Est. reading time\" \/>\n\t<meta name=\"twitter:data1\" content=\"1 minute\" \/>\n<script type=\"application\/ld+json\" class=\"yoast-schema-graph\">{\"@context\":\"https:\\\/\\\/schema.org\",\"@graph\":[{\"@type\":\"WebPage\",\"@id\":\"https:\\\/\\\/tupique.com\\\/product\\\/ecran-aoc-cu34g2x-bk-34-hd-led\\\/\",\"url\":\"https:\\\/\\\/tupique.com\\\/product\\\/ecran-aoc-cu34g2x-bk-34-hd-led\\\/\",\"name\":\"\u00c9cran AOC CU34G2X\\\/BK 34\\\" HD LED - Tupique\",\"isPartOf\":{\"@id\":\"https:\\\/\\\/tupique.com\\\/#website\"},\"primaryImageOfPage\":{\"@id\":\"https:\\\/\\\/tupique.com\\\/product\\\/ecran-aoc-cu34g2x-bk-34-hd-led\\\/#primaryimage\"},\"image\":{\"@id\":\"https:\\\/\\\/tupique.com\\\/product\\\/ecran-aoc-cu34g2x-bk-34-hd-led\\\/#primaryimage\"},\"thumbnailUrl\":\"https:\\\/\\\/tupique.com\\\/wp-content\\\/uploads\\\/2026\\\/05\\\/576617012.jpg\",\"datePublished\":\"2026-05-09T00:49:33+00:00\",\"dateModified\":\"2026-05-09T04:04:20+00:00\",\"breadcrumb\":{\"@id\":\"https:\\\/\\\/tupique.com\\\/product\\\/ecran-aoc-cu34g2x-bk-34-hd-led\\\/#breadcrumb\"},\"inLanguage\":\"en-GB\",\"potentialAction\":[{\"@type\":\"ReadAction\",\"target\":[\"https:\\\/\\\/tupique.com\\\/product\\\/ecran-aoc-cu34g2x-bk-34-hd-led\\\/\"]}]},{\"@type\":\"ImageObject\",\"inLanguage\":\"en-GB\",\"@id\":\"https:\\\/\\\/tupique.com\\\/product\\\/ecran-aoc-cu34g2x-bk-34-hd-led\\\/#primaryimage\",\"url\":\"https:\\\/\\\/tupique.com\\\/wp-content\\\/uploads\\\/2026\\\/05\\\/576617012.jpg\",\"contentUrl\":\"https:\\\/\\\/tupique.com\\\/wp-content\\\/uploads\\\/2026\\\/05\\\/576617012.jpg\",\"width\":1200,\"height\":1200,\"caption\":\"S55140448_0\"},{\"@type\":\"BreadcrumbList\",\"@id\":\"https:\\\/\\\/tupique.com\\\/product\\\/ecran-aoc-cu34g2x-bk-34-hd-led\\\/#breadcrumb\",\"itemListElement\":[{\"@type\":\"ListItem\",\"position\":1,\"name\":\"commencer\",\"item\":\"https:\\\/\\\/tupique.com\\\/\"},{\"@type\":\"ListItem\",\"position\":2,\"name\":\"Loja\",\"item\":\"https:\\\/\\\/tupique.com\\\/loja\\\/\"},{\"@type\":\"ListItem\",\"position\":3,\"name\":\"\u00c9cran AOC CU34G2X\\\/BK 34&#8243; HD LED\"}]},{\"@type\":\"WebSite\",\"@id\":\"https:\\\/\\\/tupique.com\\\/#website\",\"url\":\"https:\\\/\\\/tupique.com\\\/\",\"name\":\"Tupique\",\"description\":\"\",\"publisher\":{\"@id\":\"https:\\\/\\\/tupique.com\\\/#organization\"},\"potentialAction\":[{\"@type\":\"SearchAction\",\"target\":{\"@type\":\"EntryPoint\",\"urlTemplate\":\"https:\\\/\\\/tupique.com\\\/?s={search_term_string}\"},\"query-input\":{\"@type\":\"PropertyValueSpecification\",\"valueRequired\":true,\"valueName\":\"search_term_string\"}}],\"inLanguage\":\"en-GB\"},{\"@type\":\"Organization\",\"@id\":\"https:\\\/\\\/tupique.com\\\/#organization\",\"name\":\"Tupique\",\"url\":\"https:\\\/\\\/tupique.com\\\/\",\"logo\":{\"@type\":\"ImageObject\",\"inLanguage\":\"en-GB\",\"@id\":\"https:\\\/\\\/tupique.com\\\/#\\\/schema\\\/logo\\\/image\\\/\",\"url\":\"https:\\\/\\\/tupique.com\\\/wp-content\\\/uploads\\\/2026\\\/03\\\/logo-tupique-1.webp\",\"contentUrl\":\"https:\\\/\\\/tupique.com\\\/wp-content\\\/uploads\\\/2026\\\/03\\\/logo-tupique-1.webp\",\"width\":500,\"height\":67,\"caption\":\"Tupique\"},\"image\":{\"@id\":\"https:\\\/\\\/tupique.com\\\/#\\\/schema\\\/logo\\\/image\\\/\"}}]}<\/script>\n<!-- \/ Yoast SEO plugin. -->","yoast_head_json":{"title":"\u00c9cran AOC CU34G2X\/BK 34\" HD LED - Tupique","robots":{"index":"index","follow":"follow","max-snippet":"max-snippet:-1","max-image-preview":"max-image-preview:large","max-video-preview":"max-video-preview:-1"},"canonical":"https:\/\/tupique.com\/en\/product\/ecran-aoc-cu34g2x-bk-34-hd-led\/","og_locale":"en_GB","og_type":"article","og_title":"\u00c9cran AOC CU34G2X\/BK 34\" HD LED - Tupique","og_description":"Si vous \u00eates passionn\u00e9 d&#8217;informatique et d&#8217;\u00e9lectronique, si vous \u00eates \u00e0 la pointe de la technologie et qu&#8217;aucun d\u00e9tail ne vous \u00e9chappe, achetez \u00c9cran AOC CU34G2X\/BK 34&#8243; HD LED au meilleur prix. Couleur: Noir sRGB Technologie: LED AMD FreeSync Flicker free R\u00e9solution: 3440 x 1440 px Quad HD Angle: 178\u00ba 178\u00ba Caract\u00e9ristiques: R\u00e9glable Plaque Tournante [&hellip;]","og_url":"https:\/\/tupique.com\/en\/product\/ecran-aoc-cu34g2x-bk-34-hd-led\/","og_site_name":"Tupique","article_modified_time":"2026-05-09T04:04:20+00:00","og_image":[{"width":1200,"height":1200,"url":"https:\/\/tupique.com\/wp-content\/uploads\/2026\/05\/576617012.jpg","type":"image\/jpeg"}],"twitter_card":"summary_large_image","twitter_misc":{"Est. reading time":"1 minute"},"schema":{"@context":"https:\/\/schema.org","@graph":[{"@type":"WebPage","@id":"https:\/\/tupique.com\/product\/ecran-aoc-cu34g2x-bk-34-hd-led\/","url":"https:\/\/tupique.com\/product\/ecran-aoc-cu34g2x-bk-34-hd-led\/","name":"\u00c9cran AOC CU34G2X\/BK 34\" HD LED - Tupique","isPartOf":{"@id":"https:\/\/tupique.com\/#website"},"primaryImageOfPage":{"@id":"https:\/\/tupique.com\/product\/ecran-aoc-cu34g2x-bk-34-hd-led\/#primaryimage"},"image":{"@id":"https:\/\/tupique.com\/product\/ecran-aoc-cu34g2x-bk-34-hd-led\/#primaryimage"},"thumbnailUrl":"https:\/\/tupique.com\/wp-content\/uploads\/2026\/05\/576617012.jpg","datePublished":"2026-05-09T00:49:33+00:00","dateModified":"2026-05-09T04:04:20+00:00","breadcrumb":{"@id":"https:\/\/tupique.com\/product\/ecran-aoc-cu34g2x-bk-34-hd-led\/#breadcrumb"},"inLanguage":"en-GB","potentialAction":[{"@type":"ReadAction","target":["https:\/\/tupique.com\/product\/ecran-aoc-cu34g2x-bk-34-hd-led\/"]}]},{"@type":"ImageObject","inLanguage":"en-GB","@id":"https:\/\/tupique.com\/product\/ecran-aoc-cu34g2x-bk-34-hd-led\/#primaryimage","url":"https:\/\/tupique.com\/wp-content\/uploads\/2026\/05\/576617012.jpg","contentUrl":"https:\/\/tupique.com\/wp-content\/uploads\/2026\/05\/576617012.jpg","width":1200,"height":1200,"caption":"S55140448_0"},{"@type":"BreadcrumbList","@id":"https:\/\/tupique.com\/product\/ecran-aoc-cu34g2x-bk-34-hd-led\/#breadcrumb","itemListElement":[{"@type":"ListItem","position":1,"name":"commencer","item":"https:\/\/tupique.com\/"},{"@type":"ListItem","position":2,"name":"Loja","item":"https:\/\/tupique.com\/loja\/"},{"@type":"ListItem","position":3,"name":"\u00c9cran AOC CU34G2X\/BK 34&#8243; HD LED"}]},{"@type":"WebSite","@id":"https:\/\/tupique.com\/#website","url":"https:\/\/tupique.com\/","name":"Tupique","description":"","publisher":{"@id":"https:\/\/tupique.com\/#organization"},"potentialAction":[{"@type":"SearchAction","target":{"@type":"EntryPoint","urlTemplate":"https:\/\/tupique.com\/?s={search_term_string}"},"query-input":{"@type":"PropertyValueSpecification","valueRequired":true,"valueName":"search_term_string"}}],"inLanguage":"en-GB"},{"@type":"Organization","@id":"https:\/\/tupique.com\/#organization","name":"Tupique","url":"https:\/\/tupique.com\/","logo":{"@type":"ImageObject","inLanguage":"en-GB","@id":"https:\/\/tupique.com\/#\/schema\/logo\/image\/","url":"https:\/\/tupique.com\/wp-content\/uploads\/2026\/03\/logo-tupique-1.webp","contentUrl":"https:\/\/tupique.com\/wp-content\/uploads\/2026\/03\/logo-tupique-1.webp","width":500,"height":67,"caption":"Tupique"},"image":{"@id":"https:\/\/tupique.com\/#\/schema\/logo\/image\/"}}]}},"_links":{"self":[{"href":"https:\/\/tupique.com\/en\/wp-json\/wp\/v2\/product\/178199","targetHints":{"allow":["GET"]}}],"collection":[{"href":"https:\/\/tupique.com\/en\/wp-json\/wp\/v2\/product"}],"about":[{"href":"https:\/\/tupique.com\/en\/wp-json\/wp\/v2\/types\/product"}],"replies":[{"embeddable":true,"href":"https:\/\/tupique.com\/en\/wp-json\/wp\/v2\/comments?post=178199"}],"wp:featuredmedia":[{"embeddable":true,"href":"https:\/\/tupique.com\/en\/wp-json\/wp\/v2\/media\/178195"}],"wp:attachment":[{"href":"https:\/\/tupique.com\/en\/wp-json\/wp\/v2\/media?parent=178199"}],"wp:term":[{"taxonomy":"product_brand","embeddable":true,"href":"https:\/\/tupique.com\/en\/wp-json\/wp\/v2\/product_brand?post=178199"},{"taxonomy":"product_cat","embeddable":true,"href":"https:\/\/tupique.com\/en\/wp-json\/wp\/v2\/product_cat?post=178199"},{"taxonomy":"product_tag","embeddable":true,"href":"https:\/\/tupique.com\/en\/wp-json\/wp\/v2\/product_tag?post=178199"}],"curies":[{"name":"wp","href":"https:\/\/api.w.org\/{rel}","templated":true}]}}