{"id":178234,"date":"2026-05-09T02:50:07","date_gmt":"2026-05-09T00:50:07","guid":{"rendered":"https:\/\/tupique.com\/product\/montre-homme-lorenz-titanio-diver-vert\/"},"modified":"2026-05-10T14:19:34","modified_gmt":"2026-05-10T12:19:34","slug":"montre-homme-lorenz-titanio-diver-vert","status":"publish","type":"product","link":"https:\/\/tupique.com\/en\/product\/montre-homme-lorenz-titanio-diver-vert\/","title":{"rendered":"Montre Homme Lorenz TITANIO DIVER Vert"},"content":{"rendered":"<p>Si vous aimez suivre les derni\u00e8res tendances en mati\u00e8re de mode et accessoires, achetez <b>Montre Homme Lorenz TITANIO DIVER Vert<\/b> au meilleur prix.<\/p>\n<ul>\n<li>Liens suppl\u00e9mentaires: Non<\/li>\n<li>Type de montre: Montre-bracelet<\/li>\n<li>Genre: Homme<\/li>\n<li>Imperm\u00e9abilit\u00e9: 20 atm<\/li>\n<li>Verre: Saphir<\/li>\n<li>Type de mouvement: Automatique<\/li>\n<li>Couleur: Vert<\/li>\n<\/ul>","protected":false},"excerpt":{"rendered":"<p>Si vous aimez suivre les derni\u00e8res tendances en mati\u00e8re de mode et accessoires, achetez Montre Homme Lorenz TITANIO DIVER Vert au meilleur prix. Liens suppl\u00e9mentaires: Non Type de montre: Montre-bracelet Genre: Homme Imperm\u00e9abilit\u00e9: 20 atm Verre: Saphir Type de mouvement: Automatique Couleur: Vert<\/p>","protected":false},"featured_media":178232,"comment_status":"open","ping_status":"closed","template":"","meta":[],"product_brand":[1404],"product_cat":[544,574,545],"product_tag":[103,543],"class_list":{"0":"post-178234","1":"product","2":"type-product","3":"status-publish","4":"has-post-thumbnail","6":"product_brand-brandp_3320","7":"product_cat-mode-accessoires","8":"product_cat-montres-homme","9":"product_cat-montres-bracelets","10":"product_tag-tag_1261","11":"product_tag-tag_61","13":"first","14":"instock","15":"taxable","16":"shipping-taxable","17":"purchasable","18":"product-type-simple"},"yoast_head":"<!-- This site is optimized with the Yoast SEO plugin v27.5 - https:\/\/yoast.com\/product\/yoast-seo-wordpress\/ -->\n<title>Montre Homme Lorenz TITANIO DIVER Vert - Tupique<\/title>\n<meta name=\"robots\" content=\"index, follow, max-snippet:-1, max-image-preview:large, max-video-preview:-1\" \/>\n<link rel=\"canonical\" href=\"https:\/\/tupique.com\/en\/product\/montre-homme-lorenz-titanio-diver-vert\/\" \/>\n<meta property=\"og:locale\" content=\"en_GB\" \/>\n<meta property=\"og:type\" content=\"article\" \/>\n<meta property=\"og:title\" content=\"Montre Homme Lorenz TITANIO DIVER Vert - Tupique\" \/>\n<meta property=\"og:description\" content=\"Si vous aimez suivre les derni\u00e8res tendances en mati\u00e8re de mode et accessoires, achetez Montre Homme Lorenz TITANIO DIVER Vert au meilleur prix. Liens suppl\u00e9mentaires: Non Type de montre: Montre-bracelet Genre: Homme Imperm\u00e9abilit\u00e9: 20 atm Verre: Saphir Type de mouvement: Automatique Couleur: Vert\" \/>\n<meta property=\"og:url\" content=\"https:\/\/tupique.com\/en\/product\/montre-homme-lorenz-titanio-diver-vert\/\" \/>\n<meta property=\"og:site_name\" content=\"Tupique\" \/>\n<meta property=\"article:modified_time\" content=\"2026-05-10T12:19:34+00:00\" \/>\n<meta name=\"twitter:card\" content=\"summary_large_image\" \/>\n<script type=\"application\/ld+json\" class=\"yoast-schema-graph\">{\"@context\":\"https:\\\/\\\/schema.org\",\"@graph\":[{\"@type\":\"WebPage\",\"@id\":\"https:\\\/\\\/tupique.com\\\/product\\\/montre-homme-lorenz-titanio-diver-vert\\\/\",\"url\":\"https:\\\/\\\/tupique.com\\\/product\\\/montre-homme-lorenz-titanio-diver-vert\\\/\",\"name\":\"Montre Homme Lorenz TITANIO DIVER Vert - Tupique\",\"isPartOf\":{\"@id\":\"https:\\\/\\\/tupique.com\\\/#website\"},\"primaryImageOfPage\":{\"@id\":\"https:\\\/\\\/tupique.com\\\/product\\\/montre-homme-lorenz-titanio-diver-vert\\\/#primaryimage\"},\"image\":{\"@id\":\"https:\\\/\\\/tupique.com\\\/product\\\/montre-homme-lorenz-titanio-diver-vert\\\/#primaryimage\"},\"thumbnailUrl\":\"https:\\\/\\\/tupique.com\\\/wp-content\\\/uploads\\\/2026\\\/05\\\/8052278286671_S72143303_P00.jpg\",\"datePublished\":\"2026-05-09T00:50:07+00:00\",\"dateModified\":\"2026-05-10T12:19:34+00:00\",\"breadcrumb\":{\"@id\":\"https:\\\/\\\/tupique.com\\\/product\\\/montre-homme-lorenz-titanio-diver-vert\\\/#breadcrumb\"},\"inLanguage\":\"en-GB\",\"potentialAction\":[{\"@type\":\"ReadAction\",\"target\":[\"https:\\\/\\\/tupique.com\\\/product\\\/montre-homme-lorenz-titanio-diver-vert\\\/\"]}]},{\"@type\":\"ImageObject\",\"inLanguage\":\"en-GB\",\"@id\":\"https:\\\/\\\/tupique.com\\\/product\\\/montre-homme-lorenz-titanio-diver-vert\\\/#primaryimage\",\"url\":\"https:\\\/\\\/tupique.com\\\/wp-content\\\/uploads\\\/2026\\\/05\\\/8052278286671_S72143303_P00.jpg\",\"contentUrl\":\"https:\\\/\\\/tupique.com\\\/wp-content\\\/uploads\\\/2026\\\/05\\\/8052278286671_S72143303_P00.jpg\",\"width\":1200,\"height\":1200,\"caption\":\"S72143303_0\"},{\"@type\":\"BreadcrumbList\",\"@id\":\"https:\\\/\\\/tupique.com\\\/product\\\/montre-homme-lorenz-titanio-diver-vert\\\/#breadcrumb\",\"itemListElement\":[{\"@type\":\"ListItem\",\"position\":1,\"name\":\"commencer\",\"item\":\"https:\\\/\\\/tupique.com\\\/\"},{\"@type\":\"ListItem\",\"position\":2,\"name\":\"Loja\",\"item\":\"https:\\\/\\\/tupique.com\\\/loja\\\/\"},{\"@type\":\"ListItem\",\"position\":3,\"name\":\"Montre Homme Lorenz TITANIO DIVER Vert\"}]},{\"@type\":\"WebSite\",\"@id\":\"https:\\\/\\\/tupique.com\\\/#website\",\"url\":\"https:\\\/\\\/tupique.com\\\/\",\"name\":\"Tupique\",\"description\":\"\",\"publisher\":{\"@id\":\"https:\\\/\\\/tupique.com\\\/#organization\"},\"potentialAction\":[{\"@type\":\"SearchAction\",\"target\":{\"@type\":\"EntryPoint\",\"urlTemplate\":\"https:\\\/\\\/tupique.com\\\/?s={search_term_string}\"},\"query-input\":{\"@type\":\"PropertyValueSpecification\",\"valueRequired\":true,\"valueName\":\"search_term_string\"}}],\"inLanguage\":\"en-GB\"},{\"@type\":\"Organization\",\"@id\":\"https:\\\/\\\/tupique.com\\\/#organization\",\"name\":\"Tupique\",\"url\":\"https:\\\/\\\/tupique.com\\\/\",\"logo\":{\"@type\":\"ImageObject\",\"inLanguage\":\"en-GB\",\"@id\":\"https:\\\/\\\/tupique.com\\\/#\\\/schema\\\/logo\\\/image\\\/\",\"url\":\"https:\\\/\\\/tupique.com\\\/wp-content\\\/uploads\\\/2026\\\/03\\\/logo-tupique-1.webp\",\"contentUrl\":\"https:\\\/\\\/tupique.com\\\/wp-content\\\/uploads\\\/2026\\\/03\\\/logo-tupique-1.webp\",\"width\":500,\"height\":67,\"caption\":\"Tupique\"},\"image\":{\"@id\":\"https:\\\/\\\/tupique.com\\\/#\\\/schema\\\/logo\\\/image\\\/\"}}]}<\/script>\n<!-- \/ Yoast SEO plugin. -->","yoast_head_json":{"title":"Montre Homme Lorenz TITANIO DIVER Vert - Tupique","robots":{"index":"index","follow":"follow","max-snippet":"max-snippet:-1","max-image-preview":"max-image-preview:large","max-video-preview":"max-video-preview:-1"},"canonical":"https:\/\/tupique.com\/en\/product\/montre-homme-lorenz-titanio-diver-vert\/","og_locale":"en_GB","og_type":"article","og_title":"Montre Homme Lorenz TITANIO DIVER Vert - Tupique","og_description":"Si vous aimez suivre les derni\u00e8res tendances en mati\u00e8re de mode et accessoires, achetez Montre Homme Lorenz TITANIO DIVER Vert au meilleur prix. Liens suppl\u00e9mentaires: Non Type de montre: Montre-bracelet Genre: Homme Imperm\u00e9abilit\u00e9: 20 atm Verre: Saphir Type de mouvement: Automatique Couleur: Vert","og_url":"https:\/\/tupique.com\/en\/product\/montre-homme-lorenz-titanio-diver-vert\/","og_site_name":"Tupique","article_modified_time":"2026-05-10T12:19:34+00:00","twitter_card":"summary_large_image","schema":{"@context":"https:\/\/schema.org","@graph":[{"@type":"WebPage","@id":"https:\/\/tupique.com\/product\/montre-homme-lorenz-titanio-diver-vert\/","url":"https:\/\/tupique.com\/product\/montre-homme-lorenz-titanio-diver-vert\/","name":"Montre Homme Lorenz TITANIO DIVER Vert - Tupique","isPartOf":{"@id":"https:\/\/tupique.com\/#website"},"primaryImageOfPage":{"@id":"https:\/\/tupique.com\/product\/montre-homme-lorenz-titanio-diver-vert\/#primaryimage"},"image":{"@id":"https:\/\/tupique.com\/product\/montre-homme-lorenz-titanio-diver-vert\/#primaryimage"},"thumbnailUrl":"https:\/\/tupique.com\/wp-content\/uploads\/2026\/05\/8052278286671_S72143303_P00.jpg","datePublished":"2026-05-09T00:50:07+00:00","dateModified":"2026-05-10T12:19:34+00:00","breadcrumb":{"@id":"https:\/\/tupique.com\/product\/montre-homme-lorenz-titanio-diver-vert\/#breadcrumb"},"inLanguage":"en-GB","potentialAction":[{"@type":"ReadAction","target":["https:\/\/tupique.com\/product\/montre-homme-lorenz-titanio-diver-vert\/"]}]},{"@type":"ImageObject","inLanguage":"en-GB","@id":"https:\/\/tupique.com\/product\/montre-homme-lorenz-titanio-diver-vert\/#primaryimage","url":"https:\/\/tupique.com\/wp-content\/uploads\/2026\/05\/8052278286671_S72143303_P00.jpg","contentUrl":"https:\/\/tupique.com\/wp-content\/uploads\/2026\/05\/8052278286671_S72143303_P00.jpg","width":1200,"height":1200,"caption":"S72143303_0"},{"@type":"BreadcrumbList","@id":"https:\/\/tupique.com\/product\/montre-homme-lorenz-titanio-diver-vert\/#breadcrumb","itemListElement":[{"@type":"ListItem","position":1,"name":"commencer","item":"https:\/\/tupique.com\/"},{"@type":"ListItem","position":2,"name":"Loja","item":"https:\/\/tupique.com\/loja\/"},{"@type":"ListItem","position":3,"name":"Montre Homme Lorenz TITANIO DIVER Vert"}]},{"@type":"WebSite","@id":"https:\/\/tupique.com\/#website","url":"https:\/\/tupique.com\/","name":"Tupique","description":"","publisher":{"@id":"https:\/\/tupique.com\/#organization"},"potentialAction":[{"@type":"SearchAction","target":{"@type":"EntryPoint","urlTemplate":"https:\/\/tupique.com\/?s={search_term_string}"},"query-input":{"@type":"PropertyValueSpecification","valueRequired":true,"valueName":"search_term_string"}}],"inLanguage":"en-GB"},{"@type":"Organization","@id":"https:\/\/tupique.com\/#organization","name":"Tupique","url":"https:\/\/tupique.com\/","logo":{"@type":"ImageObject","inLanguage":"en-GB","@id":"https:\/\/tupique.com\/#\/schema\/logo\/image\/","url":"https:\/\/tupique.com\/wp-content\/uploads\/2026\/03\/logo-tupique-1.webp","contentUrl":"https:\/\/tupique.com\/wp-content\/uploads\/2026\/03\/logo-tupique-1.webp","width":500,"height":67,"caption":"Tupique"},"image":{"@id":"https:\/\/tupique.com\/#\/schema\/logo\/image\/"}}]}},"_links":{"self":[{"href":"https:\/\/tupique.com\/en\/wp-json\/wp\/v2\/product\/178234","targetHints":{"allow":["GET"]}}],"collection":[{"href":"https:\/\/tupique.com\/en\/wp-json\/wp\/v2\/product"}],"about":[{"href":"https:\/\/tupique.com\/en\/wp-json\/wp\/v2\/types\/product"}],"replies":[{"embeddable":true,"href":"https:\/\/tupique.com\/en\/wp-json\/wp\/v2\/comments?post=178234"}],"wp:featuredmedia":[{"embeddable":true,"href":"https:\/\/tupique.com\/en\/wp-json\/wp\/v2\/media\/178232"}],"wp:attachment":[{"href":"https:\/\/tupique.com\/en\/wp-json\/wp\/v2\/media?parent=178234"}],"wp:term":[{"taxonomy":"product_brand","embeddable":true,"href":"https:\/\/tupique.com\/en\/wp-json\/wp\/v2\/product_brand?post=178234"},{"taxonomy":"product_cat","embeddable":true,"href":"https:\/\/tupique.com\/en\/wp-json\/wp\/v2\/product_cat?post=178234"},{"taxonomy":"product_tag","embeddable":true,"href":"https:\/\/tupique.com\/en\/wp-json\/wp\/v2\/product_tag?post=178234"}],"curies":[{"name":"wp","href":"https:\/\/api.w.org\/{rel}","templated":true}]}}