{"id":179090,"date":"2026-05-11T11:18:58","date_gmt":"2026-05-11T09:18:58","guid":{"rendered":"https:\/\/tupique.com\/product\/boite-a-bouteille-de-vin-innovagoods-5-pieces\/"},"modified":"2026-05-11T21:23:41","modified_gmt":"2026-05-11T19:23:41","slug":"boite-a-bouteille-de-vin-innovagoods-5-pieces","status":"publish","type":"product","link":"https:\/\/tupique.com\/en\/product\/boite-a-bouteille-de-vin-innovagoods-5-pieces\/","title":{"rendered":"InnovaGoods Wine Bottle Box 5 Pieces"},"content":{"rendered":"<div class=\"col-md-6\"><b>InnovaGoods<\/b> vient vous aider \u00e0 cuisiner facilement et de mani\u00e8re amusante en vous offrant les meilleures nouveaut\u00e9s pour votre cuisine, comme <b>InnovaGoods Wine Bottle Box 5 Pieces <\/b> ! D\u00e9couvrez une vaste gamme de produits de qualit\u00e9 qui se d\u00e9marquent de par leur fonctionnalit\u00e9, leur efficacit\u00e9 et leur design innovant !<\/p>\n<p>Id\u00e9ale pour offrir. Son design \u00e9l\u00e9gant et original en forme de bouteille facilite l&#8217;organisation et le stockage, puisqu&#8217;on peut le placer dans un porte-bouteilles ou l&#8217;utiliser comme d\u00e9coration.<\/p>\n<ul>\n<li>Mat\u00e9riel:\n<ul>\n<li>ABS<\/li>\n<li>Aluminium<\/li>\n<li>Acier inoxydable<\/li>\n<li>Alliage de Zinc<\/li>\n<\/ul>\n<\/li>\n<li>Couleur:\n<ul>\n<li>Noir<\/li>\n<li>Argent\u00e9<\/li>\n<\/ul>\n<\/li>\n<li>Type: Set d&#8217;Accessoires pour Vin<\/li>\n<li>Coffret de pr\u00e9sentation: Fermeture aimant\u00e9e<\/li>\n<li>Conception originale: Style exclusif et \u00e9l\u00e9gant<\/li>\n<li>Caract\u00e9ristiques: Id\u00e9al pour faire un cadeau<\/li>\n<li>Nombre de pi\u00e8ces: 5 Pi\u00e8ces<\/li>\n<li>Inclut:\n<ul>\n<li>Doseur<\/li>\n<li>Tire-bouchon<\/li>\n<li>Bague anti-goutte<\/li>\n<li>Coupeur de sc\u00e9ll\u00e9s<\/li>\n<li>Bouchons pour bouteilles de vin<\/li>\n<\/ul>\n<\/li>\n<li>Dimensions approx.: \u00d87 x 33 cm<\/li>\n<\/ul>\n<p>Packaging en 24 langues: anglais, fran\u00e7ais, espagnol, allemand, italien, portugais, n\u00e9erlandais, polonais, hongrois, roumain, danois, su\u00e9dois, finnois, lituanien, norv\u00e9gien, slov\u00e8ne, grec, tch\u00e8que, bulgare, croate, slovaque, estonien, russe, letton.<\/p><\/div>\n<div class=\"col-md-6\">\n<div class=\"embed-responsive embed-responsive-16by9\"><iframe class=\"embed-responsive-item\" src=\"https:\/\/www.youtube.com\/embed\/8E6mcxy8IAE\" frameborder=\"0\" allowfullscreen><\/iframe><\/div>\n<\/div>","protected":false},"excerpt":{"rendered":"<p>InnovaGoods vient vous aider \u00e0 cuisiner facilement et de mani\u00e8re amusante en vous offrant les meilleures nouveaut\u00e9s pour votre cuisine, comme Bo\u00eete \u00e0 Bouteille de Vin InnovaGoods 5 Pi\u00e8ces ! D\u00e9couvrez une vaste gamme de produits de qualit\u00e9 qui se d\u00e9marquent de par leur fonctionnalit\u00e9, leur efficacit\u00e9 et leur design innovant ! Id\u00e9ale pour offrir. [&hellip;]<\/p>\n","protected":false},"featured_media":179082,"comment_status":"open","ping_status":"closed","template":"","meta":[],"product_brand":[256],"product_cat":[1818,63,541,227,60,109,220,223,1796],"product_tag":[103,208],"woo-feed-brand":[],"class_list":{"0":"post-179090","1":"product","2":"type-product","3":"status-publish","4":"has-post-thumbnail","6":"product_brand-brandp_1281","7":"product_cat-accessoires-de-cuisine","8":"product_cat-cadeaux-originaux","9":"product_cat-cadeaux-pour-homme","10":"product_cat-cadeaux-pour-la-cuisine","11":"product_cat-cuisine-gourmet","12":"product_cat-gourmet","13":"product_cat-liqueurs-et-accessoires","14":"product_cat-oenologie","15":"product_cat-teleachat-vu-a-la-television","16":"product_tag-tag_1261","17":"product_tag-tag_587","19":"first","20":"instock","21":"taxable","22":"shipping-taxable","23":"purchasable","24":"product-type-simple"},"yoast_head":"<!-- This site is optimized with the Yoast SEO plugin v27.5 - https:\/\/yoast.com\/product\/yoast-seo-wordpress\/ -->\n<title>Bo\u00eete \u00e0 Bouteille de Vin InnovaGoods 5 Pi\u00e8ces | | Tupique<\/title>\n<meta name=\"description\" content=\"Envie d&#039;acheter Bo\u00eete \u00e0 Bouteille de Vin InnovaGoods 5 Pi\u00e8ces\u00a0? Achetez Bo\u00eete \u00e0 Bouteille de Vin InnovaGoods 5 Pi\u00e8ces maintenant avec Tupique en 3 versements sans int\u00e9r\u00eat.\" \/>\n<meta name=\"robots\" content=\"index, follow, max-snippet:-1, max-image-preview:large, max-video-preview:-1\" \/>\n<link rel=\"canonical\" href=\"https:\/\/tupique.com\/en\/product\/boite-a-bouteille-de-vin-innovagoods-5-pieces\/\" \/>\n<meta property=\"og:locale\" content=\"en_GB\" \/>\n<meta property=\"og:type\" content=\"article\" \/>\n<meta property=\"og:title\" content=\"Bo\u00eete \u00e0 Bouteille de Vin InnovaGoods 5 Pi\u00e8ces | | Tupique\" \/>\n<meta property=\"og:description\" content=\"Envie d&#039;acheter Bo\u00eete \u00e0 Bouteille de Vin InnovaGoods 5 Pi\u00e8ces\u00a0? Achetez Bo\u00eete \u00e0 Bouteille de Vin InnovaGoods 5 Pi\u00e8ces maintenant avec Tupique en 3 versements sans int\u00e9r\u00eat.\" \/>\n<meta property=\"og:url\" content=\"https:\/\/tupique.com\/en\/product\/boite-a-bouteille-de-vin-innovagoods-5-pieces\/\" \/>\n<meta property=\"og:site_name\" content=\"Tupique\" \/>\n<meta property=\"article:modified_time\" content=\"2026-05-11T19:23:41+00:00\" \/>\n<meta property=\"og:image\" content=\"https:\/\/tupique.com\/wp-content\/uploads\/2026\/05\/V0100451_000_MKT5.jpg\" \/>\n\t<meta property=\"og:image:width\" content=\"1200\" \/>\n\t<meta property=\"og:image:height\" content=\"1200\" \/>\n\t<meta property=\"og:image:type\" content=\"image\/jpeg\" \/>\n<meta name=\"twitter:card\" content=\"summary_large_image\" \/>\n<meta name=\"twitter:label1\" content=\"Est. reading time\" \/>\n\t<meta name=\"twitter:data1\" content=\"1 minute\" \/>\n<script type=\"application\/ld+json\" class=\"yoast-schema-graph\">{\"@context\":\"https:\\\/\\\/schema.org\",\"@graph\":[{\"@type\":\"WebPage\",\"@id\":\"https:\\\/\\\/tupique.com\\\/product\\\/boite-a-bouteille-de-vin-innovagoods-5-pieces\\\/\",\"url\":\"https:\\\/\\\/tupique.com\\\/product\\\/boite-a-bouteille-de-vin-innovagoods-5-pieces\\\/\",\"name\":\"Bo\u00eete \u00e0 Bouteille de Vin InnovaGoods 5 Pi\u00e8ces | | Tupique\",\"isPartOf\":{\"@id\":\"https:\\\/\\\/tupique.com\\\/#website\"},\"primaryImageOfPage\":{\"@id\":\"https:\\\/\\\/tupique.com\\\/product\\\/boite-a-bouteille-de-vin-innovagoods-5-pieces\\\/#primaryimage\"},\"image\":{\"@id\":\"https:\\\/\\\/tupique.com\\\/product\\\/boite-a-bouteille-de-vin-innovagoods-5-pieces\\\/#primaryimage\"},\"thumbnailUrl\":\"https:\\\/\\\/tupique.com\\\/wp-content\\\/uploads\\\/2026\\\/05\\\/V0100451_000_MKT5.jpg\",\"datePublished\":\"2026-05-11T09:18:58+00:00\",\"dateModified\":\"2026-05-11T19:23:41+00:00\",\"description\":\"Envie d'acheter Bo\u00eete \u00e0 Bouteille de Vin InnovaGoods 5 Pi\u00e8ces\u00a0? Achetez Bo\u00eete \u00e0 Bouteille de Vin InnovaGoods 5 Pi\u00e8ces maintenant avec Tupique en 3 versements sans int\u00e9r\u00eat.\",\"breadcrumb\":{\"@id\":\"https:\\\/\\\/tupique.com\\\/product\\\/boite-a-bouteille-de-vin-innovagoods-5-pieces\\\/#breadcrumb\"},\"inLanguage\":\"en-GB\",\"potentialAction\":[{\"@type\":\"ReadAction\",\"target\":[\"https:\\\/\\\/tupique.com\\\/product\\\/boite-a-bouteille-de-vin-innovagoods-5-pieces\\\/\"]}]},{\"@type\":\"ImageObject\",\"inLanguage\":\"en-GB\",\"@id\":\"https:\\\/\\\/tupique.com\\\/product\\\/boite-a-bouteille-de-vin-innovagoods-5-pieces\\\/#primaryimage\",\"url\":\"https:\\\/\\\/tupique.com\\\/wp-content\\\/uploads\\\/2026\\\/05\\\/V0100451_000_MKT5.jpg\",\"contentUrl\":\"https:\\\/\\\/tupique.com\\\/wp-content\\\/uploads\\\/2026\\\/05\\\/V0100451_000_MKT5.jpg\",\"width\":1200,\"height\":1200,\"caption\":\"V0100451_0\"},{\"@type\":\"BreadcrumbList\",\"@id\":\"https:\\\/\\\/tupique.com\\\/product\\\/boite-a-bouteille-de-vin-innovagoods-5-pieces\\\/#breadcrumb\",\"itemListElement\":[{\"@type\":\"ListItem\",\"position\":1,\"name\":\"commencer\",\"item\":\"https:\\\/\\\/tupique.com\\\/\"},{\"@type\":\"ListItem\",\"position\":2,\"name\":\"Loja\",\"item\":\"https:\\\/\\\/tupique.com\\\/pt\\\/loja\\\/\"},{\"@type\":\"ListItem\",\"position\":3,\"name\":\"Bo\u00eete \u00e0 Bouteille de Vin InnovaGoods 5 Pi\u00e8ces\"}]},{\"@type\":\"WebSite\",\"@id\":\"https:\\\/\\\/tupique.com\\\/#website\",\"url\":\"https:\\\/\\\/tupique.com\\\/\",\"name\":\"Tupique\",\"description\":\"\",\"publisher\":{\"@id\":\"https:\\\/\\\/tupique.com\\\/#organization\"},\"potentialAction\":[{\"@type\":\"SearchAction\",\"target\":{\"@type\":\"EntryPoint\",\"urlTemplate\":\"https:\\\/\\\/tupique.com\\\/?s={search_term_string}\"},\"query-input\":{\"@type\":\"PropertyValueSpecification\",\"valueRequired\":true,\"valueName\":\"search_term_string\"}}],\"inLanguage\":\"en-GB\"},{\"@type\":\"Organization\",\"@id\":\"https:\\\/\\\/tupique.com\\\/#organization\",\"name\":\"Tupique\",\"url\":\"https:\\\/\\\/tupique.com\\\/\",\"logo\":{\"@type\":\"ImageObject\",\"inLanguage\":\"en-GB\",\"@id\":\"https:\\\/\\\/tupique.com\\\/#\\\/schema\\\/logo\\\/image\\\/\",\"url\":\"https:\\\/\\\/tupique.com\\\/wp-content\\\/uploads\\\/2026\\\/03\\\/logo-tupique-1.webp\",\"contentUrl\":\"https:\\\/\\\/tupique.com\\\/wp-content\\\/uploads\\\/2026\\\/03\\\/logo-tupique-1.webp\",\"width\":500,\"height\":67,\"caption\":\"Tupique\"},\"image\":{\"@id\":\"https:\\\/\\\/tupique.com\\\/#\\\/schema\\\/logo\\\/image\\\/\"}}]}<\/script>\n<!-- \/ Yoast SEO plugin. -->","yoast_head_json":{"title":"Bo\u00eete \u00e0 Bouteille de Vin InnovaGoods 5 Pi\u00e8ces | | Tupique","description":"Envie d'acheter Bo\u00eete \u00e0 Bouteille de Vin InnovaGoods 5 Pi\u00e8ces\u00a0? Achetez Bo\u00eete \u00e0 Bouteille de Vin InnovaGoods 5 Pi\u00e8ces maintenant avec Tupique en 3 versements sans int\u00e9r\u00eat.","robots":{"index":"index","follow":"follow","max-snippet":"max-snippet:-1","max-image-preview":"max-image-preview:large","max-video-preview":"max-video-preview:-1"},"canonical":"https:\/\/tupique.com\/en\/product\/boite-a-bouteille-de-vin-innovagoods-5-pieces\/","og_locale":"en_GB","og_type":"article","og_title":"Bo\u00eete \u00e0 Bouteille de Vin InnovaGoods 5 Pi\u00e8ces | | Tupique","og_description":"Envie d'acheter Bo\u00eete \u00e0 Bouteille de Vin InnovaGoods 5 Pi\u00e8ces\u00a0? Achetez Bo\u00eete \u00e0 Bouteille de Vin InnovaGoods 5 Pi\u00e8ces maintenant avec Tupique en 3 versements sans int\u00e9r\u00eat.","og_url":"https:\/\/tupique.com\/en\/product\/boite-a-bouteille-de-vin-innovagoods-5-pieces\/","og_site_name":"Tupique","article_modified_time":"2026-05-11T19:23:41+00:00","og_image":[{"width":1200,"height":1200,"url":"https:\/\/tupique.com\/wp-content\/uploads\/2026\/05\/V0100451_000_MKT5.jpg","type":"image\/jpeg"}],"twitter_card":"summary_large_image","twitter_misc":{"Est. reading time":"1 minute"},"schema":{"@context":"https:\/\/schema.org","@graph":[{"@type":"WebPage","@id":"https:\/\/tupique.com\/product\/boite-a-bouteille-de-vin-innovagoods-5-pieces\/","url":"https:\/\/tupique.com\/product\/boite-a-bouteille-de-vin-innovagoods-5-pieces\/","name":"Bo\u00eete \u00e0 Bouteille de Vin InnovaGoods 5 Pi\u00e8ces | | Tupique","isPartOf":{"@id":"https:\/\/tupique.com\/#website"},"primaryImageOfPage":{"@id":"https:\/\/tupique.com\/product\/boite-a-bouteille-de-vin-innovagoods-5-pieces\/#primaryimage"},"image":{"@id":"https:\/\/tupique.com\/product\/boite-a-bouteille-de-vin-innovagoods-5-pieces\/#primaryimage"},"thumbnailUrl":"https:\/\/tupique.com\/wp-content\/uploads\/2026\/05\/V0100451_000_MKT5.jpg","datePublished":"2026-05-11T09:18:58+00:00","dateModified":"2026-05-11T19:23:41+00:00","description":"Envie d'acheter Bo\u00eete \u00e0 Bouteille de Vin InnovaGoods 5 Pi\u00e8ces\u00a0? Achetez Bo\u00eete \u00e0 Bouteille de Vin InnovaGoods 5 Pi\u00e8ces maintenant avec Tupique en 3 versements sans int\u00e9r\u00eat.","breadcrumb":{"@id":"https:\/\/tupique.com\/product\/boite-a-bouteille-de-vin-innovagoods-5-pieces\/#breadcrumb"},"inLanguage":"en-GB","potentialAction":[{"@type":"ReadAction","target":["https:\/\/tupique.com\/product\/boite-a-bouteille-de-vin-innovagoods-5-pieces\/"]}]},{"@type":"ImageObject","inLanguage":"en-GB","@id":"https:\/\/tupique.com\/product\/boite-a-bouteille-de-vin-innovagoods-5-pieces\/#primaryimage","url":"https:\/\/tupique.com\/wp-content\/uploads\/2026\/05\/V0100451_000_MKT5.jpg","contentUrl":"https:\/\/tupique.com\/wp-content\/uploads\/2026\/05\/V0100451_000_MKT5.jpg","width":1200,"height":1200,"caption":"V0100451_0"},{"@type":"BreadcrumbList","@id":"https:\/\/tupique.com\/product\/boite-a-bouteille-de-vin-innovagoods-5-pieces\/#breadcrumb","itemListElement":[{"@type":"ListItem","position":1,"name":"commencer","item":"https:\/\/tupique.com\/"},{"@type":"ListItem","position":2,"name":"Loja","item":"https:\/\/tupique.com\/pt\/loja\/"},{"@type":"ListItem","position":3,"name":"Bo\u00eete \u00e0 Bouteille de Vin InnovaGoods 5 Pi\u00e8ces"}]},{"@type":"WebSite","@id":"https:\/\/tupique.com\/#website","url":"https:\/\/tupique.com\/","name":"Tupique","description":"","publisher":{"@id":"https:\/\/tupique.com\/#organization"},"potentialAction":[{"@type":"SearchAction","target":{"@type":"EntryPoint","urlTemplate":"https:\/\/tupique.com\/?s={search_term_string}"},"query-input":{"@type":"PropertyValueSpecification","valueRequired":true,"valueName":"search_term_string"}}],"inLanguage":"en-GB"},{"@type":"Organization","@id":"https:\/\/tupique.com\/#organization","name":"Tupique","url":"https:\/\/tupique.com\/","logo":{"@type":"ImageObject","inLanguage":"en-GB","@id":"https:\/\/tupique.com\/#\/schema\/logo\/image\/","url":"https:\/\/tupique.com\/wp-content\/uploads\/2026\/03\/logo-tupique-1.webp","contentUrl":"https:\/\/tupique.com\/wp-content\/uploads\/2026\/03\/logo-tupique-1.webp","width":500,"height":67,"caption":"Tupique"},"image":{"@id":"https:\/\/tupique.com\/#\/schema\/logo\/image\/"}}]}},"_links":{"self":[{"href":"https:\/\/tupique.com\/en\/wp-json\/wp\/v2\/product\/179090","targetHints":{"allow":["GET"]}}],"collection":[{"href":"https:\/\/tupique.com\/en\/wp-json\/wp\/v2\/product"}],"about":[{"href":"https:\/\/tupique.com\/en\/wp-json\/wp\/v2\/types\/product"}],"replies":[{"embeddable":true,"href":"https:\/\/tupique.com\/en\/wp-json\/wp\/v2\/comments?post=179090"}],"wp:featuredmedia":[{"embeddable":true,"href":"https:\/\/tupique.com\/en\/wp-json\/wp\/v2\/media\/179082"}],"wp:attachment":[{"href":"https:\/\/tupique.com\/en\/wp-json\/wp\/v2\/media?parent=179090"}],"wp:term":[{"taxonomy":"product_brand","embeddable":true,"href":"https:\/\/tupique.com\/en\/wp-json\/wp\/v2\/product_brand?post=179090"},{"taxonomy":"product_cat","embeddable":true,"href":"https:\/\/tupique.com\/en\/wp-json\/wp\/v2\/product_cat?post=179090"},{"taxonomy":"product_tag","embeddable":true,"href":"https:\/\/tupique.com\/en\/wp-json\/wp\/v2\/product_tag?post=179090"},{"taxonomy":"woo-feed-brand","embeddable":true,"href":"https:\/\/tupique.com\/en\/wp-json\/wp\/v2\/woo-feed-brand?post=179090"}],"curies":[{"name":"wp","href":"https:\/\/api.w.org\/{rel}","templated":true}]}}