{"id":179109,"date":"2026-05-11T11:19:32","date_gmt":"2026-05-11T09:19:32","guid":{"rendered":"https:\/\/tupique.com\/product\/tapis-de-cuisson-pour-four-et-barbecue-innovagoods-2-unites\/"},"modified":"2026-05-11T21:23:41","modified_gmt":"2026-05-11T19:23:41","slug":"tapis-de-cuisson-pour-four-et-barbecue-innovagoods-2-unites","status":"publish","type":"product","link":"https:\/\/tupique.com\/en\/product\/tapis-de-cuisson-pour-four-et-barbecue-innovagoods-2-unites\/","title":{"rendered":"InnovaGoods Oven and Barbecue Baking Mats 2 Units"},"content":{"rendered":"<div class=\"col-md-6\"><b>InnovaGoods<\/b> vient vous aider \u00e0 cuisiner facilement et de mani\u00e8re amusante en vous offrant les meilleures nouveaut\u00e9s pour votre cuisine, comme <b>InnovaGoods Oven and Barbecue Baking Mats 2 Units <\/b> ! D\u00e9couvrez une vaste gamme de produits de qualit\u00e9 qui se d\u00e9marquent de par leur fonctionnalit\u00e9, leur efficacit\u00e9 et leur design innovant !<\/p>\n<p>Tr\u00e8s pratique pour placer sur le plateau du four comme un papier r\u00e9utilisable et pour utiliser dans le barbecue comme s&#8217;il s&#8217;agissait d&#8217;une plaque, ce qui facilite la cuisson de certains aliments (l\u00e9gumes fins ou hach\u00e9s, fruits de mer, oeufs, bacon, etc.). De plus, il permet de salir moins les grilles et \u00e9vite le m\u00e9lange de saveurs.<\/p>\n<p><\/p>\n<ul>\n<li>Mat\u00e9riel: Fibre de Verre<\/li>\n<li>Couleur: Noir<\/li>\n<li>Unit\u00e9s: 2 Unit\u00e9s<\/li>\n<li>Propri\u00e9t\u00e9s: Sans PFOA<\/li>\n<li>\u00c9co-responsable: R\u00e9utilisable<\/li>\n<li>Type: D\u00e9coupable<\/li>\n<li>Caract\u00e9ristiques: Antid\u00e9rapant<\/li>\n<li>Temp\u00e9rature max.: 265 \u00b0C<\/li>\n<li>Facile \u00e0 nettoyer: Convient aux lave-vaisselles<\/li>\n<li>Dimensions approx.: 40 x 33 cm<\/li>\n<li>Informations importantes: Ne pas mettre en contact direct avec les flammes<\/li>\n<\/ul>\n<p>Packaging et manuel en 24 langues: anglais, fran\u00e7ais, espagnol, allemand, italien, portugais, n\u00e9erlandais, polonais, hongrois, roumain, danois, su\u00e9dois, finnois, lituanien, norv\u00e9gien, slov\u00e8ne, grec, tch\u00e8que, bulgare, croate, slovaque, estonien, russe, letton.<\/p><\/div>\n<div class=\"col-md-6\">\n<div class=\"embed-responsive embed-responsive-16by9\"><iframe class=\"embed-responsive-item\" src=\"https:\/\/www.youtube.com\/embed\/Q51k1ZQb5Ao\" frameborder=\"0\" allowfullscreen><\/iframe><\/div>\n<\/div>","protected":false},"excerpt":{"rendered":"<p><span class=\"unit-info\">8.4950 &euro; \/ 1 unit<\/span><\/p>","protected":false},"featured_media":179099,"comment_status":"open","ping_status":"closed","template":"","meta":[],"product_brand":[256],"product_cat":[1818,1058,63,227,759,239,1796],"product_tag":[390,55,721,211,210],"woo-feed-brand":[],"class_list":{"0":"post-179109","1":"product","2":"type-product","3":"status-publish","4":"has-post-thumbnail","6":"product_brand-brandp_1281","7":"product_cat-accessoires-de-cuisine","8":"product_cat-barbecues-et-accessoires","9":"product_cat-cadeaux-originaux","10":"product_cat-cadeaux-pour-la-cuisine","11":"product_cat-jardin-et-terrasse","12":"product_cat-maison-jardin","13":"product_cat-teleachat-vu-a-la-television","14":"product_tag-tag_8","15":"product_tag-tag_926","16":"product_tag-tag_124","17":"product_tag-tag_3","18":"product_tag-tag_25","20":"first","21":"instock","22":"taxable","23":"shipping-taxable","24":"purchasable","25":"product-type-simple"},"yoast_head":"<!-- This site is optimized with the Yoast SEO plugin v27.6 - https:\/\/yoast.com\/product\/yoast-seo-wordpress\/ -->\n<title>Tapis de Cuisson pour Four et Barbecue InnovaGoods 2 Unit\u00e9s | | Tupique<\/title>\n<meta name=\"description\" content=\"Envie d&#039;acheter Tapis de Cuisson pour Four et Barbecue InnovaGoods 2 Unit\u00e9s\u00a0? Achetez Tapis de Cuisson pour Four et Barbecue InnovaGoods 2 Unit\u00e9s maintenant avec Tupique en 3 versements sans int\u00e9r\u00eat.\" \/>\n<meta name=\"robots\" content=\"index, follow, max-snippet:-1, max-image-preview:large, max-video-preview:-1\" \/>\n<link rel=\"canonical\" href=\"https:\/\/tupique.com\/en\/product\/tapis-de-cuisson-pour-four-et-barbecue-innovagoods-2-unites\/\" \/>\n<meta property=\"og:locale\" content=\"en_GB\" \/>\n<meta property=\"og:type\" content=\"article\" \/>\n<meta property=\"og:title\" content=\"Tapis de Cuisson pour Four et Barbecue InnovaGoods 2 Unit\u00e9s | | Tupique\" \/>\n<meta property=\"og:description\" content=\"Envie d&#039;acheter Tapis de Cuisson pour Four et Barbecue InnovaGoods 2 Unit\u00e9s\u00a0? Achetez Tapis de Cuisson pour Four et Barbecue InnovaGoods 2 Unit\u00e9s maintenant avec Tupique en 3 versements sans int\u00e9r\u00eat.\" \/>\n<meta property=\"og:url\" content=\"https:\/\/tupique.com\/en\/product\/tapis-de-cuisson-pour-four-et-barbecue-innovagoods-2-unites\/\" \/>\n<meta property=\"og:site_name\" content=\"Tupique\" \/>\n<meta property=\"article:modified_time\" content=\"2026-05-11T19:23:41+00:00\" \/>\n<meta property=\"og:image\" content=\"https:\/\/tupique.com\/wp-content\/uploads\/2026\/05\/V0100426_000_MKT4.jpg\" \/>\n\t<meta property=\"og:image:width\" content=\"1200\" \/>\n\t<meta property=\"og:image:height\" content=\"1200\" \/>\n\t<meta property=\"og:image:type\" content=\"image\/jpeg\" \/>\n<meta name=\"twitter:card\" content=\"summary_large_image\" \/>\n<meta name=\"twitter:label1\" content=\"Est. reading time\" \/>\n\t<meta name=\"twitter:data1\" content=\"1 minute\" \/>\n<script type=\"application\/ld+json\" class=\"yoast-schema-graph\">{\"@context\":\"https:\\\/\\\/schema.org\",\"@graph\":[{\"@type\":\"WebPage\",\"@id\":\"https:\\\/\\\/tupique.com\\\/product\\\/tapis-de-cuisson-pour-four-et-barbecue-innovagoods-2-unites\\\/\",\"url\":\"https:\\\/\\\/tupique.com\\\/product\\\/tapis-de-cuisson-pour-four-et-barbecue-innovagoods-2-unites\\\/\",\"name\":\"Tapis de Cuisson pour Four et Barbecue InnovaGoods 2 Unit\u00e9s | | Tupique\",\"isPartOf\":{\"@id\":\"https:\\\/\\\/tupique.com\\\/#website\"},\"primaryImageOfPage\":{\"@id\":\"https:\\\/\\\/tupique.com\\\/product\\\/tapis-de-cuisson-pour-four-et-barbecue-innovagoods-2-unites\\\/#primaryimage\"},\"image\":{\"@id\":\"https:\\\/\\\/tupique.com\\\/product\\\/tapis-de-cuisson-pour-four-et-barbecue-innovagoods-2-unites\\\/#primaryimage\"},\"thumbnailUrl\":\"https:\\\/\\\/tupique.com\\\/wp-content\\\/uploads\\\/2026\\\/05\\\/V0100426_000_MKT4.jpg\",\"datePublished\":\"2026-05-11T09:19:32+00:00\",\"dateModified\":\"2026-05-11T19:23:41+00:00\",\"description\":\"Envie d'acheter Tapis de Cuisson pour Four et Barbecue InnovaGoods 2 Unit\u00e9s\u00a0? Achetez Tapis de Cuisson pour Four et Barbecue InnovaGoods 2 Unit\u00e9s maintenant avec Tupique en 3 versements sans int\u00e9r\u00eat.\",\"breadcrumb\":{\"@id\":\"https:\\\/\\\/tupique.com\\\/product\\\/tapis-de-cuisson-pour-four-et-barbecue-innovagoods-2-unites\\\/#breadcrumb\"},\"inLanguage\":\"en-GB\",\"potentialAction\":[{\"@type\":\"ReadAction\",\"target\":[\"https:\\\/\\\/tupique.com\\\/product\\\/tapis-de-cuisson-pour-four-et-barbecue-innovagoods-2-unites\\\/\"]}]},{\"@type\":\"ImageObject\",\"inLanguage\":\"en-GB\",\"@id\":\"https:\\\/\\\/tupique.com\\\/product\\\/tapis-de-cuisson-pour-four-et-barbecue-innovagoods-2-unites\\\/#primaryimage\",\"url\":\"https:\\\/\\\/tupique.com\\\/wp-content\\\/uploads\\\/2026\\\/05\\\/V0100426_000_MKT4.jpg\",\"contentUrl\":\"https:\\\/\\\/tupique.com\\\/wp-content\\\/uploads\\\/2026\\\/05\\\/V0100426_000_MKT4.jpg\",\"width\":1200,\"height\":1200,\"caption\":\"V0100426_0\"},{\"@type\":\"BreadcrumbList\",\"@id\":\"https:\\\/\\\/tupique.com\\\/product\\\/tapis-de-cuisson-pour-four-et-barbecue-innovagoods-2-unites\\\/#breadcrumb\",\"itemListElement\":[{\"@type\":\"ListItem\",\"position\":1,\"name\":\"commencer\",\"item\":\"https:\\\/\\\/tupique.com\\\/\"},{\"@type\":\"ListItem\",\"position\":2,\"name\":\"Loja\",\"item\":\"https:\\\/\\\/tupique.com\\\/pt\\\/loja\\\/\"},{\"@type\":\"ListItem\",\"position\":3,\"name\":\"Tapis de Cuisson pour Four et Barbecue InnovaGoods 2 Unit\u00e9s\"}]},{\"@type\":\"WebSite\",\"@id\":\"https:\\\/\\\/tupique.com\\\/#website\",\"url\":\"https:\\\/\\\/tupique.com\\\/\",\"name\":\"Tupique\",\"description\":\"\",\"publisher\":{\"@id\":\"https:\\\/\\\/tupique.com\\\/#organization\"},\"potentialAction\":[{\"@type\":\"SearchAction\",\"target\":{\"@type\":\"EntryPoint\",\"urlTemplate\":\"https:\\\/\\\/tupique.com\\\/?s={search_term_string}\"},\"query-input\":{\"@type\":\"PropertyValueSpecification\",\"valueRequired\":true,\"valueName\":\"search_term_string\"}}],\"inLanguage\":\"en-GB\"},{\"@type\":\"Organization\",\"@id\":\"https:\\\/\\\/tupique.com\\\/#organization\",\"name\":\"Tupique\",\"url\":\"https:\\\/\\\/tupique.com\\\/\",\"logo\":{\"@type\":\"ImageObject\",\"inLanguage\":\"en-GB\",\"@id\":\"https:\\\/\\\/tupique.com\\\/#\\\/schema\\\/logo\\\/image\\\/\",\"url\":\"https:\\\/\\\/tupique.com\\\/wp-content\\\/uploads\\\/2026\\\/03\\\/logo-tupique-1.webp\",\"contentUrl\":\"https:\\\/\\\/tupique.com\\\/wp-content\\\/uploads\\\/2026\\\/03\\\/logo-tupique-1.webp\",\"width\":500,\"height\":67,\"caption\":\"Tupique\"},\"image\":{\"@id\":\"https:\\\/\\\/tupique.com\\\/#\\\/schema\\\/logo\\\/image\\\/\"}}]}<\/script>\n<!-- \/ Yoast SEO plugin. -->","yoast_head_json":{"title":"Tapis de Cuisson pour Four et Barbecue InnovaGoods 2 Unit\u00e9s | | Tupique","description":"Envie d'acheter Tapis de Cuisson pour Four et Barbecue InnovaGoods 2 Unit\u00e9s\u00a0? Achetez Tapis de Cuisson pour Four et Barbecue InnovaGoods 2 Unit\u00e9s maintenant avec Tupique en 3 versements sans int\u00e9r\u00eat.","robots":{"index":"index","follow":"follow","max-snippet":"max-snippet:-1","max-image-preview":"max-image-preview:large","max-video-preview":"max-video-preview:-1"},"canonical":"https:\/\/tupique.com\/en\/product\/tapis-de-cuisson-pour-four-et-barbecue-innovagoods-2-unites\/","og_locale":"en_GB","og_type":"article","og_title":"Tapis de Cuisson pour Four et Barbecue InnovaGoods 2 Unit\u00e9s | | Tupique","og_description":"Envie d'acheter Tapis de Cuisson pour Four et Barbecue InnovaGoods 2 Unit\u00e9s\u00a0? Achetez Tapis de Cuisson pour Four et Barbecue InnovaGoods 2 Unit\u00e9s maintenant avec Tupique en 3 versements sans int\u00e9r\u00eat.","og_url":"https:\/\/tupique.com\/en\/product\/tapis-de-cuisson-pour-four-et-barbecue-innovagoods-2-unites\/","og_site_name":"Tupique","article_modified_time":"2026-05-11T19:23:41+00:00","og_image":[{"width":1200,"height":1200,"url":"https:\/\/tupique.com\/wp-content\/uploads\/2026\/05\/V0100426_000_MKT4.jpg","type":"image\/jpeg"}],"twitter_card":"summary_large_image","twitter_misc":{"Est. reading time":"1 minute"},"schema":{"@context":"https:\/\/schema.org","@graph":[{"@type":"WebPage","@id":"https:\/\/tupique.com\/product\/tapis-de-cuisson-pour-four-et-barbecue-innovagoods-2-unites\/","url":"https:\/\/tupique.com\/product\/tapis-de-cuisson-pour-four-et-barbecue-innovagoods-2-unites\/","name":"Tapis de Cuisson pour Four et Barbecue InnovaGoods 2 Unit\u00e9s | | Tupique","isPartOf":{"@id":"https:\/\/tupique.com\/#website"},"primaryImageOfPage":{"@id":"https:\/\/tupique.com\/product\/tapis-de-cuisson-pour-four-et-barbecue-innovagoods-2-unites\/#primaryimage"},"image":{"@id":"https:\/\/tupique.com\/product\/tapis-de-cuisson-pour-four-et-barbecue-innovagoods-2-unites\/#primaryimage"},"thumbnailUrl":"https:\/\/tupique.com\/wp-content\/uploads\/2026\/05\/V0100426_000_MKT4.jpg","datePublished":"2026-05-11T09:19:32+00:00","dateModified":"2026-05-11T19:23:41+00:00","description":"Envie d'acheter Tapis de Cuisson pour Four et Barbecue InnovaGoods 2 Unit\u00e9s\u00a0? Achetez Tapis de Cuisson pour Four et Barbecue InnovaGoods 2 Unit\u00e9s maintenant avec Tupique en 3 versements sans int\u00e9r\u00eat.","breadcrumb":{"@id":"https:\/\/tupique.com\/product\/tapis-de-cuisson-pour-four-et-barbecue-innovagoods-2-unites\/#breadcrumb"},"inLanguage":"en-GB","potentialAction":[{"@type":"ReadAction","target":["https:\/\/tupique.com\/product\/tapis-de-cuisson-pour-four-et-barbecue-innovagoods-2-unites\/"]}]},{"@type":"ImageObject","inLanguage":"en-GB","@id":"https:\/\/tupique.com\/product\/tapis-de-cuisson-pour-four-et-barbecue-innovagoods-2-unites\/#primaryimage","url":"https:\/\/tupique.com\/wp-content\/uploads\/2026\/05\/V0100426_000_MKT4.jpg","contentUrl":"https:\/\/tupique.com\/wp-content\/uploads\/2026\/05\/V0100426_000_MKT4.jpg","width":1200,"height":1200,"caption":"V0100426_0"},{"@type":"BreadcrumbList","@id":"https:\/\/tupique.com\/product\/tapis-de-cuisson-pour-four-et-barbecue-innovagoods-2-unites\/#breadcrumb","itemListElement":[{"@type":"ListItem","position":1,"name":"commencer","item":"https:\/\/tupique.com\/"},{"@type":"ListItem","position":2,"name":"Loja","item":"https:\/\/tupique.com\/pt\/loja\/"},{"@type":"ListItem","position":3,"name":"Tapis de Cuisson pour Four et Barbecue InnovaGoods 2 Unit\u00e9s"}]},{"@type":"WebSite","@id":"https:\/\/tupique.com\/#website","url":"https:\/\/tupique.com\/","name":"Tupique","description":"","publisher":{"@id":"https:\/\/tupique.com\/#organization"},"potentialAction":[{"@type":"SearchAction","target":{"@type":"EntryPoint","urlTemplate":"https:\/\/tupique.com\/?s={search_term_string}"},"query-input":{"@type":"PropertyValueSpecification","valueRequired":true,"valueName":"search_term_string"}}],"inLanguage":"en-GB"},{"@type":"Organization","@id":"https:\/\/tupique.com\/#organization","name":"Tupique","url":"https:\/\/tupique.com\/","logo":{"@type":"ImageObject","inLanguage":"en-GB","@id":"https:\/\/tupique.com\/#\/schema\/logo\/image\/","url":"https:\/\/tupique.com\/wp-content\/uploads\/2026\/03\/logo-tupique-1.webp","contentUrl":"https:\/\/tupique.com\/wp-content\/uploads\/2026\/03\/logo-tupique-1.webp","width":500,"height":67,"caption":"Tupique"},"image":{"@id":"https:\/\/tupique.com\/#\/schema\/logo\/image\/"}}]}},"_links":{"self":[{"href":"https:\/\/tupique.com\/en\/wp-json\/wp\/v2\/product\/179109","targetHints":{"allow":["GET"]}}],"collection":[{"href":"https:\/\/tupique.com\/en\/wp-json\/wp\/v2\/product"}],"about":[{"href":"https:\/\/tupique.com\/en\/wp-json\/wp\/v2\/types\/product"}],"replies":[{"embeddable":true,"href":"https:\/\/tupique.com\/en\/wp-json\/wp\/v2\/comments?post=179109"}],"wp:featuredmedia":[{"embeddable":true,"href":"https:\/\/tupique.com\/en\/wp-json\/wp\/v2\/media\/179099"}],"wp:attachment":[{"href":"https:\/\/tupique.com\/en\/wp-json\/wp\/v2\/media?parent=179109"}],"wp:term":[{"taxonomy":"product_brand","embeddable":true,"href":"https:\/\/tupique.com\/en\/wp-json\/wp\/v2\/product_brand?post=179109"},{"taxonomy":"product_cat","embeddable":true,"href":"https:\/\/tupique.com\/en\/wp-json\/wp\/v2\/product_cat?post=179109"},{"taxonomy":"product_tag","embeddable":true,"href":"https:\/\/tupique.com\/en\/wp-json\/wp\/v2\/product_tag?post=179109"},{"taxonomy":"woo-feed-brand","embeddable":true,"href":"https:\/\/tupique.com\/en\/wp-json\/wp\/v2\/woo-feed-brand?post=179109"}],"curies":[{"name":"wp","href":"https:\/\/api.w.org\/{rel}","templated":true}]}}