{"id":179170,"date":"2026-05-11T11:21:22","date_gmt":"2026-05-11T09:21:22","guid":{"rendered":"https:\/\/tupique.com\/product\/separateurs-dorteils-en-gel-relaxants-innovagoods-2-unites\/"},"modified":"2026-05-11T21:23:42","modified_gmt":"2026-05-11T19:23:42","slug":"separateurs-dorteils-en-gel-relaxants-innovagoods-2-unites","status":"publish","type":"product","link":"https:\/\/tupique.com\/en\/product\/separateurs-dorteils-en-gel-relaxants-innovagoods-2-unites\/","title":{"rendered":"S\u00e9parateurs d&#8217;Orteils en gel Relaxants InnovaGoods 2 Unit\u00e9s"},"content":{"rendered":"<div class=\"col-md-6\"><b>InnovaGoods<\/b> vous facilite la t\u00e2che pour que votre soin personnel soit une priorit\u00e9 sans excuses. Il vous propose les meilleures nouveaut\u00e9s en mati\u00e8re de beaut\u00e9, de d\u00e9tente et de bien-\u00eatre ! <b>S\u00e9parateurs d&#8217;Orteils en gel Relaxants InnovaGoods 2 Unit\u00e9s <\/b> en est un bon exemple ! D\u00e9couvrez une vaste gamme de produits de qualit\u00e9 qui se d\u00e9marquent de par leur fonctionnalit\u00e9, leur efficacit\u00e9 et leur design innovant.<\/p>\n<p>Ces correcteurs d&#8217;orteils pratiques, s&#8217;adaptent parfaitement \u00e0 la forme des pieds gr\u00e2ce \u00e0 sa texture en gel et \u00e0 son design ergonomique, en redressant et en alignant les orteils, en \u00e9vitant les frottements et le chevauchement. De plus, ils offrent une agr\u00e9able sensation de d\u00e9tente et de bien-\u00eatre aux pieds.<\/p>\n<ul>\n<li>Mat\u00e9riel:\n<ul>\n<li>Gel de silicone<\/li>\n<li>Sans BPA<\/li>\n<\/ul>\n<\/li>\n<li>Couleur: Translucide<\/li>\n<li>Type: S\u00e9parateur de doigts<\/li>\n<li>Unit\u00e9s: 2 Unit\u00e9s<\/li>\n<li>Genre: Unisexe<\/li>\n<li>Flexible et adaptable: Taille unique<\/li>\n<li>Confort et commodit\u00e9: Touch\u00e9 doux et agr\u00e9able<\/li>\n<li>Multifonction: Effet chaud et froid<\/li>\n<li>Facile \u00e0 nettoyer: Laver \u00e0 l&#8217;eau et au savon<\/li>\n<li>Dimensions approx.: 10 x 3 x 6 cm<\/li>\n<\/ul>\n<p>Packaging et manuel en 24 langues: anglais, fran\u00e7ais, espagnol, allemand, italien, portugais, n\u00e9erlandais, polonais, hongrois, roumain, danois, su\u00e9dois, finnois, lituanien, norv\u00e9gien, slov\u00e8ne, grec, tch\u00e8que, bulgare, croate, slovaque, estonien, russe, letton.<\/p><\/div>\n<div class=\"col-md-6\">\n<div class=\"embed-responsive embed-responsive-16by9\"><iframe class=\"embed-responsive-item\" src=\"https:\/\/www.youtube.com\/embed\/G5VsJ8d5O8E\" frameborder=\"0\" allowfullscreen><\/iframe><\/div>\n<\/div>","protected":false},"excerpt":{"rendered":"<p><span class=\"unit-info\">10.4950 &euro; \/ 1 unit<\/span><\/p>","protected":false},"featured_media":179164,"comment_status":"open","ping_status":"closed","template":"","meta":[],"product_brand":[256],"product_cat":[63,1825,1822,776,1218,752,1826,1796],"product_tag":[104],"woo-feed-brand":[],"class_list":{"0":"post-179170","1":"product","2":"type-product","3":"status-publish","4":"has-post-thumbnail","6":"product_brand-brandp_1281","7":"product_cat-cadeaux-originaux","8":"product_cat-cadeaux-pour-soins-personnels","9":"product_cat-chaussures-chaussettes-et-semelles","10":"product_cat-detente-et-bien-etre","11":"product_cat-produits-de-detente","12":"product_cat-sante-beaute","13":"product_cat-teleachat-vu-a-la-television-sante-et-beaute-teleshop","14":"product_cat-teleachat-vu-a-la-television","15":"product_tag-tag_1279","17":"first","18":"instock","19":"taxable","20":"shipping-taxable","21":"purchasable","22":"product-type-simple"},"yoast_head":"<!-- This site is optimized with the Yoast SEO plugin v27.6 - https:\/\/yoast.com\/product\/yoast-seo-wordpress\/ -->\n<title>S\u00e9parateurs d&#039;Orteils en gel Relaxants InnovaGoods 2 Unit\u00e9s | | Tupique<\/title>\n<meta name=\"description\" content=\"Envie d&#039;acheter S\u00e9parateurs d&#039;Orteils en gel Relaxants InnovaGoods 2 Unit\u00e9s\u00a0? Achetez S\u00e9parateurs d&#039;Orteils en gel Relaxants InnovaGoods 2 Unit\u00e9s maintenant avec Tupique en 3 versements sans int\u00e9r\u00eat.\" \/>\n<meta name=\"robots\" content=\"index, follow, max-snippet:-1, max-image-preview:large, max-video-preview:-1\" \/>\n<link rel=\"canonical\" href=\"https:\/\/tupique.com\/en\/product\/separateurs-dorteils-en-gel-relaxants-innovagoods-2-unites\/\" \/>\n<meta property=\"og:locale\" content=\"en_GB\" \/>\n<meta property=\"og:type\" content=\"article\" \/>\n<meta property=\"og:title\" content=\"S\u00e9parateurs d&#039;Orteils en gel Relaxants InnovaGoods 2 Unit\u00e9s | | Tupique\" \/>\n<meta property=\"og:description\" content=\"Envie d&#039;acheter S\u00e9parateurs d&#039;Orteils en gel Relaxants InnovaGoods 2 Unit\u00e9s\u00a0? Achetez S\u00e9parateurs d&#039;Orteils en gel Relaxants InnovaGoods 2 Unit\u00e9s maintenant avec Tupique en 3 versements sans int\u00e9r\u00eat.\" \/>\n<meta property=\"og:url\" content=\"https:\/\/tupique.com\/en\/product\/separateurs-dorteils-en-gel-relaxants-innovagoods-2-unites\/\" \/>\n<meta property=\"og:site_name\" content=\"Tupique\" \/>\n<meta property=\"article:modified_time\" content=\"2026-05-11T19:23:42+00:00\" \/>\n<meta property=\"og:image\" content=\"https:\/\/tupique.com\/wp-content\/uploads\/2026\/05\/V0100836_000_MKT3.jpg\" \/>\n\t<meta property=\"og:image:width\" content=\"1200\" \/>\n\t<meta property=\"og:image:height\" content=\"1200\" \/>\n\t<meta property=\"og:image:type\" content=\"image\/jpeg\" \/>\n<meta name=\"twitter:card\" content=\"summary_large_image\" \/>\n<meta name=\"twitter:label1\" content=\"Est. reading time\" \/>\n\t<meta name=\"twitter:data1\" content=\"1 minute\" \/>\n<script type=\"application\/ld+json\" class=\"yoast-schema-graph\">{\"@context\":\"https:\\\/\\\/schema.org\",\"@graph\":[{\"@type\":\"WebPage\",\"@id\":\"https:\\\/\\\/tupique.com\\\/product\\\/separateurs-dorteils-en-gel-relaxants-innovagoods-2-unites\\\/\",\"url\":\"https:\\\/\\\/tupique.com\\\/product\\\/separateurs-dorteils-en-gel-relaxants-innovagoods-2-unites\\\/\",\"name\":\"S\u00e9parateurs d'Orteils en gel Relaxants InnovaGoods 2 Unit\u00e9s | | Tupique\",\"isPartOf\":{\"@id\":\"https:\\\/\\\/tupique.com\\\/#website\"},\"primaryImageOfPage\":{\"@id\":\"https:\\\/\\\/tupique.com\\\/product\\\/separateurs-dorteils-en-gel-relaxants-innovagoods-2-unites\\\/#primaryimage\"},\"image\":{\"@id\":\"https:\\\/\\\/tupique.com\\\/product\\\/separateurs-dorteils-en-gel-relaxants-innovagoods-2-unites\\\/#primaryimage\"},\"thumbnailUrl\":\"https:\\\/\\\/tupique.com\\\/wp-content\\\/uploads\\\/2026\\\/05\\\/V0100836_000_MKT3.jpg\",\"datePublished\":\"2026-05-11T09:21:22+00:00\",\"dateModified\":\"2026-05-11T19:23:42+00:00\",\"description\":\"Envie d'acheter S\u00e9parateurs d'Orteils en gel Relaxants InnovaGoods 2 Unit\u00e9s\u00a0? Achetez S\u00e9parateurs d'Orteils en gel Relaxants InnovaGoods 2 Unit\u00e9s maintenant avec Tupique en 3 versements sans int\u00e9r\u00eat.\",\"breadcrumb\":{\"@id\":\"https:\\\/\\\/tupique.com\\\/product\\\/separateurs-dorteils-en-gel-relaxants-innovagoods-2-unites\\\/#breadcrumb\"},\"inLanguage\":\"en-GB\",\"potentialAction\":[{\"@type\":\"ReadAction\",\"target\":[\"https:\\\/\\\/tupique.com\\\/product\\\/separateurs-dorteils-en-gel-relaxants-innovagoods-2-unites\\\/\"]}]},{\"@type\":\"ImageObject\",\"inLanguage\":\"en-GB\",\"@id\":\"https:\\\/\\\/tupique.com\\\/product\\\/separateurs-dorteils-en-gel-relaxants-innovagoods-2-unites\\\/#primaryimage\",\"url\":\"https:\\\/\\\/tupique.com\\\/wp-content\\\/uploads\\\/2026\\\/05\\\/V0100836_000_MKT3.jpg\",\"contentUrl\":\"https:\\\/\\\/tupique.com\\\/wp-content\\\/uploads\\\/2026\\\/05\\\/V0100836_000_MKT3.jpg\",\"width\":1200,\"height\":1200,\"caption\":\"V0100836_0\"},{\"@type\":\"BreadcrumbList\",\"@id\":\"https:\\\/\\\/tupique.com\\\/product\\\/separateurs-dorteils-en-gel-relaxants-innovagoods-2-unites\\\/#breadcrumb\",\"itemListElement\":[{\"@type\":\"ListItem\",\"position\":1,\"name\":\"commencer\",\"item\":\"https:\\\/\\\/tupique.com\\\/\"},{\"@type\":\"ListItem\",\"position\":2,\"name\":\"Loja\",\"item\":\"https:\\\/\\\/tupique.com\\\/pt\\\/loja\\\/\"},{\"@type\":\"ListItem\",\"position\":3,\"name\":\"S\u00e9parateurs d&#8217;Orteils en gel Relaxants InnovaGoods 2 Unit\u00e9s\"}]},{\"@type\":\"WebSite\",\"@id\":\"https:\\\/\\\/tupique.com\\\/#website\",\"url\":\"https:\\\/\\\/tupique.com\\\/\",\"name\":\"Tupique\",\"description\":\"\",\"publisher\":{\"@id\":\"https:\\\/\\\/tupique.com\\\/#organization\"},\"potentialAction\":[{\"@type\":\"SearchAction\",\"target\":{\"@type\":\"EntryPoint\",\"urlTemplate\":\"https:\\\/\\\/tupique.com\\\/?s={search_term_string}\"},\"query-input\":{\"@type\":\"PropertyValueSpecification\",\"valueRequired\":true,\"valueName\":\"search_term_string\"}}],\"inLanguage\":\"en-GB\"},{\"@type\":\"Organization\",\"@id\":\"https:\\\/\\\/tupique.com\\\/#organization\",\"name\":\"Tupique\",\"url\":\"https:\\\/\\\/tupique.com\\\/\",\"logo\":{\"@type\":\"ImageObject\",\"inLanguage\":\"en-GB\",\"@id\":\"https:\\\/\\\/tupique.com\\\/#\\\/schema\\\/logo\\\/image\\\/\",\"url\":\"https:\\\/\\\/tupique.com\\\/wp-content\\\/uploads\\\/2026\\\/03\\\/logo-tupique-1.webp\",\"contentUrl\":\"https:\\\/\\\/tupique.com\\\/wp-content\\\/uploads\\\/2026\\\/03\\\/logo-tupique-1.webp\",\"width\":500,\"height\":67,\"caption\":\"Tupique\"},\"image\":{\"@id\":\"https:\\\/\\\/tupique.com\\\/#\\\/schema\\\/logo\\\/image\\\/\"}}]}<\/script>\n<!-- \/ Yoast SEO plugin. -->","yoast_head_json":{"title":"S\u00e9parateurs d'Orteils en gel Relaxants InnovaGoods 2 Unit\u00e9s | | Tupique","description":"Envie d'acheter S\u00e9parateurs d'Orteils en gel Relaxants InnovaGoods 2 Unit\u00e9s\u00a0? Achetez S\u00e9parateurs d'Orteils en gel Relaxants InnovaGoods 2 Unit\u00e9s maintenant avec Tupique en 3 versements sans int\u00e9r\u00eat.","robots":{"index":"index","follow":"follow","max-snippet":"max-snippet:-1","max-image-preview":"max-image-preview:large","max-video-preview":"max-video-preview:-1"},"canonical":"https:\/\/tupique.com\/en\/product\/separateurs-dorteils-en-gel-relaxants-innovagoods-2-unites\/","og_locale":"en_GB","og_type":"article","og_title":"S\u00e9parateurs d'Orteils en gel Relaxants InnovaGoods 2 Unit\u00e9s | | Tupique","og_description":"Envie d'acheter S\u00e9parateurs d'Orteils en gel Relaxants InnovaGoods 2 Unit\u00e9s\u00a0? Achetez S\u00e9parateurs d'Orteils en gel Relaxants InnovaGoods 2 Unit\u00e9s maintenant avec Tupique en 3 versements sans int\u00e9r\u00eat.","og_url":"https:\/\/tupique.com\/en\/product\/separateurs-dorteils-en-gel-relaxants-innovagoods-2-unites\/","og_site_name":"Tupique","article_modified_time":"2026-05-11T19:23:42+00:00","og_image":[{"width":1200,"height":1200,"url":"https:\/\/tupique.com\/wp-content\/uploads\/2026\/05\/V0100836_000_MKT3.jpg","type":"image\/jpeg"}],"twitter_card":"summary_large_image","twitter_misc":{"Est. reading time":"1 minute"},"schema":{"@context":"https:\/\/schema.org","@graph":[{"@type":"WebPage","@id":"https:\/\/tupique.com\/product\/separateurs-dorteils-en-gel-relaxants-innovagoods-2-unites\/","url":"https:\/\/tupique.com\/product\/separateurs-dorteils-en-gel-relaxants-innovagoods-2-unites\/","name":"S\u00e9parateurs d'Orteils en gel Relaxants InnovaGoods 2 Unit\u00e9s | | Tupique","isPartOf":{"@id":"https:\/\/tupique.com\/#website"},"primaryImageOfPage":{"@id":"https:\/\/tupique.com\/product\/separateurs-dorteils-en-gel-relaxants-innovagoods-2-unites\/#primaryimage"},"image":{"@id":"https:\/\/tupique.com\/product\/separateurs-dorteils-en-gel-relaxants-innovagoods-2-unites\/#primaryimage"},"thumbnailUrl":"https:\/\/tupique.com\/wp-content\/uploads\/2026\/05\/V0100836_000_MKT3.jpg","datePublished":"2026-05-11T09:21:22+00:00","dateModified":"2026-05-11T19:23:42+00:00","description":"Envie d'acheter S\u00e9parateurs d'Orteils en gel Relaxants InnovaGoods 2 Unit\u00e9s\u00a0? Achetez S\u00e9parateurs d'Orteils en gel Relaxants InnovaGoods 2 Unit\u00e9s maintenant avec Tupique en 3 versements sans int\u00e9r\u00eat.","breadcrumb":{"@id":"https:\/\/tupique.com\/product\/separateurs-dorteils-en-gel-relaxants-innovagoods-2-unites\/#breadcrumb"},"inLanguage":"en-GB","potentialAction":[{"@type":"ReadAction","target":["https:\/\/tupique.com\/product\/separateurs-dorteils-en-gel-relaxants-innovagoods-2-unites\/"]}]},{"@type":"ImageObject","inLanguage":"en-GB","@id":"https:\/\/tupique.com\/product\/separateurs-dorteils-en-gel-relaxants-innovagoods-2-unites\/#primaryimage","url":"https:\/\/tupique.com\/wp-content\/uploads\/2026\/05\/V0100836_000_MKT3.jpg","contentUrl":"https:\/\/tupique.com\/wp-content\/uploads\/2026\/05\/V0100836_000_MKT3.jpg","width":1200,"height":1200,"caption":"V0100836_0"},{"@type":"BreadcrumbList","@id":"https:\/\/tupique.com\/product\/separateurs-dorteils-en-gel-relaxants-innovagoods-2-unites\/#breadcrumb","itemListElement":[{"@type":"ListItem","position":1,"name":"commencer","item":"https:\/\/tupique.com\/"},{"@type":"ListItem","position":2,"name":"Loja","item":"https:\/\/tupique.com\/pt\/loja\/"},{"@type":"ListItem","position":3,"name":"S\u00e9parateurs d&#8217;Orteils en gel Relaxants InnovaGoods 2 Unit\u00e9s"}]},{"@type":"WebSite","@id":"https:\/\/tupique.com\/#website","url":"https:\/\/tupique.com\/","name":"Tupique","description":"","publisher":{"@id":"https:\/\/tupique.com\/#organization"},"potentialAction":[{"@type":"SearchAction","target":{"@type":"EntryPoint","urlTemplate":"https:\/\/tupique.com\/?s={search_term_string}"},"query-input":{"@type":"PropertyValueSpecification","valueRequired":true,"valueName":"search_term_string"}}],"inLanguage":"en-GB"},{"@type":"Organization","@id":"https:\/\/tupique.com\/#organization","name":"Tupique","url":"https:\/\/tupique.com\/","logo":{"@type":"ImageObject","inLanguage":"en-GB","@id":"https:\/\/tupique.com\/#\/schema\/logo\/image\/","url":"https:\/\/tupique.com\/wp-content\/uploads\/2026\/03\/logo-tupique-1.webp","contentUrl":"https:\/\/tupique.com\/wp-content\/uploads\/2026\/03\/logo-tupique-1.webp","width":500,"height":67,"caption":"Tupique"},"image":{"@id":"https:\/\/tupique.com\/#\/schema\/logo\/image\/"}}]}},"_links":{"self":[{"href":"https:\/\/tupique.com\/en\/wp-json\/wp\/v2\/product\/179170","targetHints":{"allow":["GET"]}}],"collection":[{"href":"https:\/\/tupique.com\/en\/wp-json\/wp\/v2\/product"}],"about":[{"href":"https:\/\/tupique.com\/en\/wp-json\/wp\/v2\/types\/product"}],"replies":[{"embeddable":true,"href":"https:\/\/tupique.com\/en\/wp-json\/wp\/v2\/comments?post=179170"}],"wp:featuredmedia":[{"embeddable":true,"href":"https:\/\/tupique.com\/en\/wp-json\/wp\/v2\/media\/179164"}],"wp:attachment":[{"href":"https:\/\/tupique.com\/en\/wp-json\/wp\/v2\/media?parent=179170"}],"wp:term":[{"taxonomy":"product_brand","embeddable":true,"href":"https:\/\/tupique.com\/en\/wp-json\/wp\/v2\/product_brand?post=179170"},{"taxonomy":"product_cat","embeddable":true,"href":"https:\/\/tupique.com\/en\/wp-json\/wp\/v2\/product_cat?post=179170"},{"taxonomy":"product_tag","embeddable":true,"href":"https:\/\/tupique.com\/en\/wp-json\/wp\/v2\/product_tag?post=179170"},{"taxonomy":"woo-feed-brand","embeddable":true,"href":"https:\/\/tupique.com\/en\/wp-json\/wp\/v2\/woo-feed-brand?post=179170"}],"curies":[{"name":"wp","href":"https:\/\/api.w.org\/{rel}","templated":true}]}}