{"id":179211,"date":"2026-05-11T11:33:57","date_gmt":"2026-05-11T09:33:57","guid":{"rendered":"https:\/\/tupique.com\/product\/masque-en-gel-relaxant-ageyes-innovagoods\/"},"modified":"2026-05-11T21:23:42","modified_gmt":"2026-05-11T19:23:42","slug":"masque-en-gel-relaxant-ageyes-innovagoods","status":"publish","type":"product","link":"https:\/\/tupique.com\/en\/product\/masque-en-gel-relaxant-ageyes-innovagoods\/","title":{"rendered":"Masque en Gel Relaxant Ageyes InnovaGoods"},"content":{"rendered":"<div class=\"col-md-6\"><b>InnovaGoods<\/b> vous facilite la t\u00e2che pour que votre soin personnel soit une priorit\u00e9 sans excuses. Il vous propose les meilleures nouveaut\u00e9s en mati\u00e8re de beaut\u00e9, de d\u00e9tente et de bien-\u00eatre! <b>Masque en Gel Relaxant Ageyes InnovaGoods <\/b> en est un bon exemple! D\u00e9couvrez une vaste gamme de produits de qualit\u00e9 qui se d\u00e9marquent de par leur fonctionnalit\u00e9, leur efficacit\u00e9 et leur design innovant.<\/p>\n<p>Le nouveau <b><b>masque en gel relaxant InnovaGoods <\/b><\/b>est parfait pour d\u00e9tendre la zone des yeux, activer la circulation, am\u00e9liorer la vue fatigu\u00e9e, soulager les maux de t\u00eates ou les migraines, etc.<\/p>\n<p><\/p>\n<ul>\n<li>Mat\u00e9riel:\n<ul>\n<li>PVC<\/li>\n<li>Gel de silicone<\/li>\n<\/ul>\n<\/li>\n<li>Couleur: Bleu<\/li>\n<li>Design innovant et fonctionnel: Ergonomique<\/li>\n<li>Type: Masque<\/li>\n<li>Propri\u00e9t\u00e9s: Relaxant<\/li>\n<li>Multifonction: Effet chaud et froid<\/li>\n<li>R\u00e9glable: \u00c9lastique, flexible et adaptable<\/li>\n<li>Bandes \u00e9lastiques de support: Fixation ferme<\/li>\n<li>Features:\n<ul>\n<li>R\u00e9frig\u00e9rateur s\u00fbr<\/li>\n<li>Convient pour le micro-ondes<\/li>\n<\/ul>\n<\/li>\n<li>Effets b\u00e9n\u00e9fiques: Soulagement, repos, d\u00e9tente et bien-\u00eatre<\/li>\n<li>Utilisation principale:\n<ul>\n<li>Recommand\u00e9 pour aider \u00e0 baisser la fi\u00e8vre, contenir des inflammations, maux de t\u00eates et d\u00e9mangeaisons (uutilisation froide)<\/li>\n<li>Recommand\u00e9 pour activer la circulation sanguine et soulager la fatigue et la douleur (utilisation chaude)<\/li>\n<\/ul>\n<\/li>\n<li>Dimensions approx.: 23 x 7 cm<\/li>\n<li>Packaging en 24 langues: anglais, fran\u00e7ais, espagnol, allemand, italien, portugais, n\u00e9erlandais, polonais, hongrois, roumain, danois, su\u00e9dois, finnois, lituanien, norv\u00e9gien, slov\u00e8ne, grec, tch\u00e8que, bulgare, croate, slovaque, estonien, russe, letton<\/li>\n<\/ul>\n<p>Packaging en 24 langues: anglais, fran\u00e7ais, espagnol, allemand, italien, portugais, n\u00e9erlandais, polonais, hongrois, roumain, danois, su\u00e9dois, finnois, lituanien, norv\u00e9gien, slov\u00e8ne, grec, tch\u00e8que, bulgare, croate, slovaque, estonien, russe, letton.<\/p><\/div>\n<div class=\"col-md-6\">\n<div class=\"embed-responsive embed-responsive-16by9\"><iframe class=\"embed-responsive-item\" src=\"https:\/\/www.youtube.com\/embed\/8QIZv3oyBqk\" frameborder=\"0\" allowfullscreen><\/iframe><\/div>\n<\/div>","protected":false},"excerpt":{"rendered":"<p>InnovaGoods vous facilite la t\u00e2che pour que votre soin personnel soit une priorit\u00e9 sans excuses. Il vous propose les meilleures nouveaut\u00e9s en mati\u00e8re de beaut\u00e9, de d\u00e9tente et de bien-\u00eatre! Masque en Gel Relaxant Ageyes InnovaGoods en est un bon exemple! D\u00e9couvrez une vaste gamme de produits de qualit\u00e9 qui se d\u00e9marquent de par leur [&hellip;]<\/p>\n","protected":false},"featured_media":179207,"comment_status":"open","ping_status":"closed","template":"","meta":[],"product_brand":[256],"product_cat":[63,1825,776,1218,752,1826,1796],"product_tag":[722],"woo-feed-brand":[],"class_list":{"0":"post-179211","1":"product","2":"type-product","3":"status-publish","4":"has-post-thumbnail","6":"product_brand-brandp_1281","7":"product_cat-cadeaux-originaux","8":"product_cat-cadeaux-pour-soins-personnels","9":"product_cat-detente-et-bien-etre","10":"product_cat-produits-de-detente","11":"product_cat-sante-beaute","12":"product_cat-teleachat-vu-a-la-television-sante-et-beaute-teleshop","13":"product_cat-teleachat-vu-a-la-television","14":"product_tag-tag_923","16":"first","17":"instock","18":"taxable","19":"shipping-taxable","20":"purchasable","21":"product-type-simple"},"yoast_head":"<!-- This site is optimized with the Yoast SEO plugin v27.6 - https:\/\/yoast.com\/product\/yoast-seo-wordpress\/ -->\n<title>Masque en Gel Relaxant Ageyes InnovaGoods | | Tupique<\/title>\n<meta name=\"description\" content=\"Envie d&#039;acheter Masque en Gel Relaxant Ageyes InnovaGoods\u00a0? Achetez Masque en Gel Relaxant Ageyes InnovaGoods maintenant avec Tupique en 3 versements sans int\u00e9r\u00eat.\" \/>\n<meta name=\"robots\" content=\"index, follow, max-snippet:-1, max-image-preview:large, max-video-preview:-1\" \/>\n<link rel=\"canonical\" href=\"https:\/\/tupique.com\/en\/product\/masque-en-gel-relaxant-ageyes-innovagoods\/\" \/>\n<meta property=\"og:locale\" content=\"en_GB\" \/>\n<meta property=\"og:type\" content=\"article\" \/>\n<meta property=\"og:title\" content=\"Masque en Gel Relaxant Ageyes InnovaGoods | | Tupique\" \/>\n<meta property=\"og:description\" content=\"Envie d&#039;acheter Masque en Gel Relaxant Ageyes InnovaGoods\u00a0? Achetez Masque en Gel Relaxant Ageyes InnovaGoods maintenant avec Tupique en 3 versements sans int\u00e9r\u00eat.\" \/>\n<meta property=\"og:url\" content=\"https:\/\/tupique.com\/en\/product\/masque-en-gel-relaxant-ageyes-innovagoods\/\" \/>\n<meta property=\"og:site_name\" content=\"Tupique\" \/>\n<meta property=\"article:modified_time\" content=\"2026-05-11T19:23:42+00:00\" \/>\n<meta property=\"og:image\" content=\"https:\/\/tupique.com\/wp-content\/uploads\/2026\/05\/V0100890_000_MKT3.jpg\" \/>\n\t<meta property=\"og:image:width\" content=\"1200\" \/>\n\t<meta property=\"og:image:height\" content=\"1200\" \/>\n\t<meta property=\"og:image:type\" content=\"image\/jpeg\" \/>\n<meta name=\"twitter:card\" content=\"summary_large_image\" \/>\n<meta name=\"twitter:label1\" content=\"Est. reading time\" \/>\n\t<meta name=\"twitter:data1\" content=\"1 minute\" \/>\n<script type=\"application\/ld+json\" class=\"yoast-schema-graph\">{\"@context\":\"https:\\\/\\\/schema.org\",\"@graph\":[{\"@type\":\"WebPage\",\"@id\":\"https:\\\/\\\/tupique.com\\\/en\\\/product\\\/masque-en-gel-relaxant-ageyes-innovagoods\\\/\",\"url\":\"https:\\\/\\\/tupique.com\\\/en\\\/product\\\/masque-en-gel-relaxant-ageyes-innovagoods\\\/\",\"name\":\"Masque en Gel Relaxant Ageyes InnovaGoods | | Tupique\",\"isPartOf\":{\"@id\":\"https:\\\/\\\/tupique.com\\\/#website\"},\"primaryImageOfPage\":{\"@id\":\"https:\\\/\\\/tupique.com\\\/en\\\/product\\\/masque-en-gel-relaxant-ageyes-innovagoods\\\/#primaryimage\"},\"image\":{\"@id\":\"https:\\\/\\\/tupique.com\\\/en\\\/product\\\/masque-en-gel-relaxant-ageyes-innovagoods\\\/#primaryimage\"},\"thumbnailUrl\":\"https:\\\/\\\/tupique.com\\\/wp-content\\\/uploads\\\/2026\\\/05\\\/V0100890_000_MKT3.jpg\",\"datePublished\":\"2026-05-11T09:33:57+00:00\",\"dateModified\":\"2026-05-11T19:23:42+00:00\",\"description\":\"Envie d'acheter Masque en Gel Relaxant Ageyes InnovaGoods\u00a0? Achetez Masque en Gel Relaxant Ageyes InnovaGoods maintenant avec Tupique en 3 versements sans int\u00e9r\u00eat.\",\"breadcrumb\":{\"@id\":\"https:\\\/\\\/tupique.com\\\/en\\\/product\\\/masque-en-gel-relaxant-ageyes-innovagoods\\\/#breadcrumb\"},\"inLanguage\":\"en-GB\",\"potentialAction\":[{\"@type\":\"ReadAction\",\"target\":[\"https:\\\/\\\/tupique.com\\\/en\\\/product\\\/masque-en-gel-relaxant-ageyes-innovagoods\\\/\"]}]},{\"@type\":\"ImageObject\",\"inLanguage\":\"en-GB\",\"@id\":\"https:\\\/\\\/tupique.com\\\/en\\\/product\\\/masque-en-gel-relaxant-ageyes-innovagoods\\\/#primaryimage\",\"url\":\"https:\\\/\\\/tupique.com\\\/wp-content\\\/uploads\\\/2026\\\/05\\\/V0100890_000_MKT3.jpg\",\"contentUrl\":\"https:\\\/\\\/tupique.com\\\/wp-content\\\/uploads\\\/2026\\\/05\\\/V0100890_000_MKT3.jpg\",\"width\":1200,\"height\":1200,\"caption\":\"V0100890_0\"},{\"@type\":\"BreadcrumbList\",\"@id\":\"https:\\\/\\\/tupique.com\\\/en\\\/product\\\/masque-en-gel-relaxant-ageyes-innovagoods\\\/#breadcrumb\",\"itemListElement\":[{\"@type\":\"ListItem\",\"position\":1,\"name\":\"commencer\",\"item\":\"https:\\\/\\\/tupique.com\\\/\"},{\"@type\":\"ListItem\",\"position\":2,\"name\":\"Loja\",\"item\":\"https:\\\/\\\/tupique.com\\\/pt\\\/loja\\\/\"},{\"@type\":\"ListItem\",\"position\":3,\"name\":\"Masque en Gel Relaxant Ageyes InnovaGoods\"}]},{\"@type\":\"WebSite\",\"@id\":\"https:\\\/\\\/tupique.com\\\/#website\",\"url\":\"https:\\\/\\\/tupique.com\\\/\",\"name\":\"Tupique\",\"description\":\"\",\"publisher\":{\"@id\":\"https:\\\/\\\/tupique.com\\\/#organization\"},\"potentialAction\":[{\"@type\":\"SearchAction\",\"target\":{\"@type\":\"EntryPoint\",\"urlTemplate\":\"https:\\\/\\\/tupique.com\\\/?s={search_term_string}\"},\"query-input\":{\"@type\":\"PropertyValueSpecification\",\"valueRequired\":true,\"valueName\":\"search_term_string\"}}],\"inLanguage\":\"en-GB\"},{\"@type\":\"Organization\",\"@id\":\"https:\\\/\\\/tupique.com\\\/#organization\",\"name\":\"Tupique\",\"url\":\"https:\\\/\\\/tupique.com\\\/\",\"logo\":{\"@type\":\"ImageObject\",\"inLanguage\":\"en-GB\",\"@id\":\"https:\\\/\\\/tupique.com\\\/#\\\/schema\\\/logo\\\/image\\\/\",\"url\":\"https:\\\/\\\/tupique.com\\\/wp-content\\\/uploads\\\/2026\\\/03\\\/logo-tupique-1.webp\",\"contentUrl\":\"https:\\\/\\\/tupique.com\\\/wp-content\\\/uploads\\\/2026\\\/03\\\/logo-tupique-1.webp\",\"width\":500,\"height\":67,\"caption\":\"Tupique\"},\"image\":{\"@id\":\"https:\\\/\\\/tupique.com\\\/#\\\/schema\\\/logo\\\/image\\\/\"}}]}<\/script>\n<!-- \/ Yoast SEO plugin. -->","yoast_head_json":{"title":"Masque en Gel Relaxant Ageyes InnovaGoods | | Tupique","description":"Envie d'acheter Masque en Gel Relaxant Ageyes InnovaGoods\u00a0? Achetez Masque en Gel Relaxant Ageyes InnovaGoods maintenant avec Tupique en 3 versements sans int\u00e9r\u00eat.","robots":{"index":"index","follow":"follow","max-snippet":"max-snippet:-1","max-image-preview":"max-image-preview:large","max-video-preview":"max-video-preview:-1"},"canonical":"https:\/\/tupique.com\/en\/product\/masque-en-gel-relaxant-ageyes-innovagoods\/","og_locale":"en_GB","og_type":"article","og_title":"Masque en Gel Relaxant Ageyes InnovaGoods | | Tupique","og_description":"Envie d'acheter Masque en Gel Relaxant Ageyes InnovaGoods\u00a0? Achetez Masque en Gel Relaxant Ageyes InnovaGoods maintenant avec Tupique en 3 versements sans int\u00e9r\u00eat.","og_url":"https:\/\/tupique.com\/en\/product\/masque-en-gel-relaxant-ageyes-innovagoods\/","og_site_name":"Tupique","article_modified_time":"2026-05-11T19:23:42+00:00","og_image":[{"width":1200,"height":1200,"url":"https:\/\/tupique.com\/wp-content\/uploads\/2026\/05\/V0100890_000_MKT3.jpg","type":"image\/jpeg"}],"twitter_card":"summary_large_image","twitter_misc":{"Est. reading time":"1 minute"},"schema":{"@context":"https:\/\/schema.org","@graph":[{"@type":"WebPage","@id":"https:\/\/tupique.com\/en\/product\/masque-en-gel-relaxant-ageyes-innovagoods\/","url":"https:\/\/tupique.com\/en\/product\/masque-en-gel-relaxant-ageyes-innovagoods\/","name":"Masque en Gel Relaxant Ageyes InnovaGoods | | Tupique","isPartOf":{"@id":"https:\/\/tupique.com\/#website"},"primaryImageOfPage":{"@id":"https:\/\/tupique.com\/en\/product\/masque-en-gel-relaxant-ageyes-innovagoods\/#primaryimage"},"image":{"@id":"https:\/\/tupique.com\/en\/product\/masque-en-gel-relaxant-ageyes-innovagoods\/#primaryimage"},"thumbnailUrl":"https:\/\/tupique.com\/wp-content\/uploads\/2026\/05\/V0100890_000_MKT3.jpg","datePublished":"2026-05-11T09:33:57+00:00","dateModified":"2026-05-11T19:23:42+00:00","description":"Envie d'acheter Masque en Gel Relaxant Ageyes InnovaGoods\u00a0? Achetez Masque en Gel Relaxant Ageyes InnovaGoods maintenant avec Tupique en 3 versements sans int\u00e9r\u00eat.","breadcrumb":{"@id":"https:\/\/tupique.com\/en\/product\/masque-en-gel-relaxant-ageyes-innovagoods\/#breadcrumb"},"inLanguage":"en-GB","potentialAction":[{"@type":"ReadAction","target":["https:\/\/tupique.com\/en\/product\/masque-en-gel-relaxant-ageyes-innovagoods\/"]}]},{"@type":"ImageObject","inLanguage":"en-GB","@id":"https:\/\/tupique.com\/en\/product\/masque-en-gel-relaxant-ageyes-innovagoods\/#primaryimage","url":"https:\/\/tupique.com\/wp-content\/uploads\/2026\/05\/V0100890_000_MKT3.jpg","contentUrl":"https:\/\/tupique.com\/wp-content\/uploads\/2026\/05\/V0100890_000_MKT3.jpg","width":1200,"height":1200,"caption":"V0100890_0"},{"@type":"BreadcrumbList","@id":"https:\/\/tupique.com\/en\/product\/masque-en-gel-relaxant-ageyes-innovagoods\/#breadcrumb","itemListElement":[{"@type":"ListItem","position":1,"name":"commencer","item":"https:\/\/tupique.com\/"},{"@type":"ListItem","position":2,"name":"Loja","item":"https:\/\/tupique.com\/pt\/loja\/"},{"@type":"ListItem","position":3,"name":"Masque en Gel Relaxant Ageyes InnovaGoods"}]},{"@type":"WebSite","@id":"https:\/\/tupique.com\/#website","url":"https:\/\/tupique.com\/","name":"Tupique","description":"","publisher":{"@id":"https:\/\/tupique.com\/#organization"},"potentialAction":[{"@type":"SearchAction","target":{"@type":"EntryPoint","urlTemplate":"https:\/\/tupique.com\/?s={search_term_string}"},"query-input":{"@type":"PropertyValueSpecification","valueRequired":true,"valueName":"search_term_string"}}],"inLanguage":"en-GB"},{"@type":"Organization","@id":"https:\/\/tupique.com\/#organization","name":"Tupique","url":"https:\/\/tupique.com\/","logo":{"@type":"ImageObject","inLanguage":"en-GB","@id":"https:\/\/tupique.com\/#\/schema\/logo\/image\/","url":"https:\/\/tupique.com\/wp-content\/uploads\/2026\/03\/logo-tupique-1.webp","contentUrl":"https:\/\/tupique.com\/wp-content\/uploads\/2026\/03\/logo-tupique-1.webp","width":500,"height":67,"caption":"Tupique"},"image":{"@id":"https:\/\/tupique.com\/#\/schema\/logo\/image\/"}}]}},"_links":{"self":[{"href":"https:\/\/tupique.com\/en\/wp-json\/wp\/v2\/product\/179211","targetHints":{"allow":["GET"]}}],"collection":[{"href":"https:\/\/tupique.com\/en\/wp-json\/wp\/v2\/product"}],"about":[{"href":"https:\/\/tupique.com\/en\/wp-json\/wp\/v2\/types\/product"}],"replies":[{"embeddable":true,"href":"https:\/\/tupique.com\/en\/wp-json\/wp\/v2\/comments?post=179211"}],"wp:featuredmedia":[{"embeddable":true,"href":"https:\/\/tupique.com\/en\/wp-json\/wp\/v2\/media\/179207"}],"wp:attachment":[{"href":"https:\/\/tupique.com\/en\/wp-json\/wp\/v2\/media?parent=179211"}],"wp:term":[{"taxonomy":"product_brand","embeddable":true,"href":"https:\/\/tupique.com\/en\/wp-json\/wp\/v2\/product_brand?post=179211"},{"taxonomy":"product_cat","embeddable":true,"href":"https:\/\/tupique.com\/en\/wp-json\/wp\/v2\/product_cat?post=179211"},{"taxonomy":"product_tag","embeddable":true,"href":"https:\/\/tupique.com\/en\/wp-json\/wp\/v2\/product_tag?post=179211"},{"taxonomy":"woo-feed-brand","embeddable":true,"href":"https:\/\/tupique.com\/en\/wp-json\/wp\/v2\/woo-feed-brand?post=179211"}],"curies":[{"name":"wp","href":"https:\/\/api.w.org\/{rel}","templated":true}]}}