{"id":179325,"date":"2026-05-11T11:37:50","date_gmt":"2026-05-11T09:37:50","guid":{"rendered":"https:\/\/tupique.com\/product\/appareil-anti-cellulite-de-vacuotherapie-pro-innovagoods\/"},"modified":"2026-05-11T21:23:43","modified_gmt":"2026-05-11T19:23:43","slug":"appareil-anti-cellulite-de-vacuotherapie-pro-innovagoods","status":"publish","type":"product","link":"https:\/\/tupique.com\/en\/product\/appareil-anti-cellulite-de-vacuotherapie-pro-innovagoods\/","title":{"rendered":"Pro InnovaGoods Vacuum Therapy Anti-Cellulite Device"},"content":{"rendered":"<div class=\"col-md-6\"><b>InnovaGoods<\/b> vous facilite la t\u00e2che pour que votre soin personnel soit une priorit\u00e9 sans excuses. Il vous propose les meilleures nouveaut\u00e9s en mati\u00e8re de beaut\u00e9, de d\u00e9tente et de bien-\u00eatre ! <b>Pro InnovaGoods Vacuum Therapy Anti-Cellulite Device <\/b> en est un bon exemple ! D\u00e9couvrez une vaste gamme de produits de qualit\u00e9 qui se d\u00e9marquent de par leur fonctionnalit\u00e9, leur efficacit\u00e9 et leur design innovant.<\/p>\n<p>La meilleure alternative pour combattre la cellulite rapidement, simplement et \u00e9conomiquement. La peau r\u00e9cup\u00e8re son \u00e9lasticit\u00e9 et son aspect naturel, en r\u00e9duisant la flaccidit\u00e9 et les signes de vieillissement. Cet appareil pratique et efficace est bas\u00e9 sur la technique de vacuoth\u00e9rapie, qui consiste \u00e0 faire des mouvements constants de massage et d&#8217;aspiration en silmutan\u00e9, qui aident \u00e0 r\u00e9duire la cellulite.<\/p>\n<p><\/p>\n<ul>\n<li>Mat\u00e9riel: ABS<\/li>\n<li>Couleur:\n<ul>\n<li>Blanc<\/li>\n<li>Gris<\/li>\n<\/ul>\n<\/li>\n<li>Type: Masseur \u00c9lectrique Anti-Cellulite<\/li>\n<li>Design moderne et ergonomique: Originale et portative<\/li>\n<li>Rechargeable: Charge USB<\/li>\n<li>Caract\u00e9ristiques: Intensit\u00e9 r\u00e9glable<\/li>\n<li>Inclut:\n<ul>\n<li>C\u00e2ble USB<\/li>\n<li>Base de charge<\/li>\n<li>Verre d&#8217;aspiration avec rouleau simple<\/li>\n<li>Verre d&#8217;aspiration avec double rouleau<\/li>\n<\/ul>\n<\/li>\n<li>Utilisation quotidienne recommand\u00e9e: 5-10 min<\/li>\n<li>Zone d&#8217;application corporelle: Convient pour les hanches, les jambes, les fessiers, les bras et l&#8217;abdomen<\/li>\n<li>Multifonction: Nombreux effets b\u00e9n\u00e9fiques d\u00e8s les premi\u00e8res applications<\/li>\n<li>Conseil:\n<ul>\n<li>Son utilisation est recommand\u00e9e avec de l&#8217;huile d&#8217;agrumes, qui doit \u00eatre appliqu\u00e9e sur la peau avant de l&#8217;utiliser<\/li>\n<li>Il est conseill\u00e9 d&#8217;appliquer une cr\u00e8me anti-cellulite apr\u00e8s son utilisation, pour obtenir de meilleurs r\u00e9sultats<\/li>\n<\/ul>\n<\/li>\n<li>Batterie: 800 mAh<\/li>\n<li>DC In: 5 V<\/li>\n<li>Dimensions approx.: 7 x 18 x 11 cm<\/li>\n<\/ul>\n<p>Packaging et manuel en 24 langues: anglais, fran\u00e7ais, espagnol, allemand, italien, portugais, n\u00e9erlandais, polonais, hongrois, roumain, danois, su\u00e9dois, finnois, lituanien, norv\u00e9gien, slov\u00e8ne, grec, tch\u00e8que, bulgare, croate, slovaque, estonien, russe, letton.<\/p><\/div>\n<div class=\"col-md-6\">\n<div class=\"embed-responsive embed-responsive-16by9\"><iframe class=\"embed-responsive-item\" src=\"https:\/\/www.youtube.com\/embed\/j8LMOwGVAlw\" frameborder=\"0\" allowfullscreen><\/iframe><\/div>\n<\/div>","protected":false},"excerpt":{"rendered":"<p>InnovaGoods vous facilite la t\u00e2che pour que votre soin personnel soit une priorit\u00e9 sans excuses. Il vous propose les meilleures nouveaut\u00e9s en mati\u00e8re de beaut\u00e9, de d\u00e9tente et de bien-\u00eatre ! Appareil Anti-Cellulite de Vacuoth\u00e9rapie Pro InnovaGoods en est un bon exemple ! D\u00e9couvrez une vaste gamme de produits de qualit\u00e9 qui se d\u00e9marquent de [&hellip;]<\/p>\n","protected":false},"featured_media":179315,"comment_status":"open","ping_status":"closed","template":"","meta":[],"product_brand":[256],"product_cat":[63,550,1825,776,1838,752,1826,1796],"product_tag":[104],"woo-feed-brand":[],"class_list":{"0":"post-179325","1":"product","2":"type-product","3":"status-publish","4":"has-post-thumbnail","6":"product_brand-brandp_1281","7":"product_cat-cadeaux-originaux","8":"product_cat-cadeaux-pour-femme","9":"product_cat-cadeaux-pour-soins-personnels","10":"product_cat-detente-et-bien-etre","11":"product_cat-masseurs","12":"product_cat-sante-beaute","13":"product_cat-teleachat-vu-a-la-television-sante-et-beaute-teleshop","14":"product_cat-teleachat-vu-a-la-television","15":"product_tag-tag_1279","17":"first","18":"instock","19":"taxable","20":"shipping-taxable","21":"purchasable","22":"product-type-simple"},"yoast_head":"<!-- This site is optimized with the Yoast SEO plugin v27.5 - https:\/\/yoast.com\/product\/yoast-seo-wordpress\/ -->\n<title>Appareil Anti-Cellulite de Vacuoth\u00e9rapie Pro InnovaGoods | | Tupique<\/title>\n<meta name=\"description\" content=\"Envie d&#039;acheter Appareil Anti-Cellulite de Vacuoth\u00e9rapie Pro InnovaGoods\u00a0? Achetez Appareil Anti-Cellulite de Vacuoth\u00e9rapie Pro InnovaGoods maintenant avec Tupique en 3 versements sans int\u00e9r\u00eat.\" \/>\n<meta name=\"robots\" content=\"index, follow, max-snippet:-1, max-image-preview:large, max-video-preview:-1\" \/>\n<link rel=\"canonical\" href=\"https:\/\/tupique.com\/en\/product\/appareil-anti-cellulite-de-vacuotherapie-pro-innovagoods\/\" \/>\n<meta property=\"og:locale\" content=\"en_GB\" \/>\n<meta property=\"og:type\" content=\"article\" \/>\n<meta property=\"og:title\" content=\"Appareil Anti-Cellulite de Vacuoth\u00e9rapie Pro InnovaGoods | | Tupique\" \/>\n<meta property=\"og:description\" content=\"Envie d&#039;acheter Appareil Anti-Cellulite de Vacuoth\u00e9rapie Pro InnovaGoods\u00a0? Achetez Appareil Anti-Cellulite de Vacuoth\u00e9rapie Pro InnovaGoods maintenant avec Tupique en 3 versements sans int\u00e9r\u00eat.\" \/>\n<meta property=\"og:url\" content=\"https:\/\/tupique.com\/en\/product\/appareil-anti-cellulite-de-vacuotherapie-pro-innovagoods\/\" \/>\n<meta property=\"og:site_name\" content=\"Tupique\" \/>\n<meta property=\"article:modified_time\" content=\"2026-05-11T19:23:43+00:00\" \/>\n<meta property=\"og:image\" content=\"https:\/\/tupique.com\/wp-content\/uploads\/2026\/05\/V0100953_000_MKT4.jpg\" \/>\n\t<meta property=\"og:image:width\" content=\"1200\" \/>\n\t<meta property=\"og:image:height\" content=\"1200\" \/>\n\t<meta property=\"og:image:type\" content=\"image\/jpeg\" \/>\n<meta name=\"twitter:card\" content=\"summary_large_image\" \/>\n<meta name=\"twitter:label1\" content=\"Est. reading time\" \/>\n\t<meta name=\"twitter:data1\" content=\"1 minute\" \/>\n<script type=\"application\/ld+json\" class=\"yoast-schema-graph\">{\"@context\":\"https:\\\/\\\/schema.org\",\"@graph\":[{\"@type\":\"WebPage\",\"@id\":\"https:\\\/\\\/tupique.com\\\/product\\\/appareil-anti-cellulite-de-vacuotherapie-pro-innovagoods\\\/\",\"url\":\"https:\\\/\\\/tupique.com\\\/product\\\/appareil-anti-cellulite-de-vacuotherapie-pro-innovagoods\\\/\",\"name\":\"Appareil Anti-Cellulite de Vacuoth\u00e9rapie Pro InnovaGoods | | Tupique\",\"isPartOf\":{\"@id\":\"https:\\\/\\\/tupique.com\\\/#website\"},\"primaryImageOfPage\":{\"@id\":\"https:\\\/\\\/tupique.com\\\/product\\\/appareil-anti-cellulite-de-vacuotherapie-pro-innovagoods\\\/#primaryimage\"},\"image\":{\"@id\":\"https:\\\/\\\/tupique.com\\\/product\\\/appareil-anti-cellulite-de-vacuotherapie-pro-innovagoods\\\/#primaryimage\"},\"thumbnailUrl\":\"https:\\\/\\\/tupique.com\\\/wp-content\\\/uploads\\\/2026\\\/05\\\/V0100953_000_MKT4.jpg\",\"datePublished\":\"2026-05-11T09:37:50+00:00\",\"dateModified\":\"2026-05-11T19:23:43+00:00\",\"description\":\"Envie d'acheter Appareil Anti-Cellulite de Vacuoth\u00e9rapie Pro InnovaGoods\u00a0? Achetez Appareil Anti-Cellulite de Vacuoth\u00e9rapie Pro InnovaGoods maintenant avec Tupique en 3 versements sans int\u00e9r\u00eat.\",\"breadcrumb\":{\"@id\":\"https:\\\/\\\/tupique.com\\\/product\\\/appareil-anti-cellulite-de-vacuotherapie-pro-innovagoods\\\/#breadcrumb\"},\"inLanguage\":\"en-GB\",\"potentialAction\":[{\"@type\":\"ReadAction\",\"target\":[\"https:\\\/\\\/tupique.com\\\/product\\\/appareil-anti-cellulite-de-vacuotherapie-pro-innovagoods\\\/\"]}]},{\"@type\":\"ImageObject\",\"inLanguage\":\"en-GB\",\"@id\":\"https:\\\/\\\/tupique.com\\\/product\\\/appareil-anti-cellulite-de-vacuotherapie-pro-innovagoods\\\/#primaryimage\",\"url\":\"https:\\\/\\\/tupique.com\\\/wp-content\\\/uploads\\\/2026\\\/05\\\/V0100953_000_MKT4.jpg\",\"contentUrl\":\"https:\\\/\\\/tupique.com\\\/wp-content\\\/uploads\\\/2026\\\/05\\\/V0100953_000_MKT4.jpg\",\"width\":1200,\"height\":1200,\"caption\":\"V0100953_0\"},{\"@type\":\"BreadcrumbList\",\"@id\":\"https:\\\/\\\/tupique.com\\\/product\\\/appareil-anti-cellulite-de-vacuotherapie-pro-innovagoods\\\/#breadcrumb\",\"itemListElement\":[{\"@type\":\"ListItem\",\"position\":1,\"name\":\"commencer\",\"item\":\"https:\\\/\\\/tupique.com\\\/\"},{\"@type\":\"ListItem\",\"position\":2,\"name\":\"Loja\",\"item\":\"https:\\\/\\\/tupique.com\\\/pt\\\/loja\\\/\"},{\"@type\":\"ListItem\",\"position\":3,\"name\":\"Appareil Anti-Cellulite de Vacuoth\u00e9rapie Pro InnovaGoods\"}]},{\"@type\":\"WebSite\",\"@id\":\"https:\\\/\\\/tupique.com\\\/#website\",\"url\":\"https:\\\/\\\/tupique.com\\\/\",\"name\":\"Tupique\",\"description\":\"\",\"publisher\":{\"@id\":\"https:\\\/\\\/tupique.com\\\/#organization\"},\"potentialAction\":[{\"@type\":\"SearchAction\",\"target\":{\"@type\":\"EntryPoint\",\"urlTemplate\":\"https:\\\/\\\/tupique.com\\\/?s={search_term_string}\"},\"query-input\":{\"@type\":\"PropertyValueSpecification\",\"valueRequired\":true,\"valueName\":\"search_term_string\"}}],\"inLanguage\":\"en-GB\"},{\"@type\":\"Organization\",\"@id\":\"https:\\\/\\\/tupique.com\\\/#organization\",\"name\":\"Tupique\",\"url\":\"https:\\\/\\\/tupique.com\\\/\",\"logo\":{\"@type\":\"ImageObject\",\"inLanguage\":\"en-GB\",\"@id\":\"https:\\\/\\\/tupique.com\\\/#\\\/schema\\\/logo\\\/image\\\/\",\"url\":\"https:\\\/\\\/tupique.com\\\/wp-content\\\/uploads\\\/2026\\\/03\\\/logo-tupique-1.webp\",\"contentUrl\":\"https:\\\/\\\/tupique.com\\\/wp-content\\\/uploads\\\/2026\\\/03\\\/logo-tupique-1.webp\",\"width\":500,\"height\":67,\"caption\":\"Tupique\"},\"image\":{\"@id\":\"https:\\\/\\\/tupique.com\\\/#\\\/schema\\\/logo\\\/image\\\/\"}}]}<\/script>\n<!-- \/ Yoast SEO plugin. -->","yoast_head_json":{"title":"Appareil Anti-Cellulite de Vacuoth\u00e9rapie Pro InnovaGoods | | Tupique","description":"Envie d'acheter Appareil Anti-Cellulite de Vacuoth\u00e9rapie Pro InnovaGoods\u00a0? Achetez Appareil Anti-Cellulite de Vacuoth\u00e9rapie Pro InnovaGoods maintenant avec Tupique en 3 versements sans int\u00e9r\u00eat.","robots":{"index":"index","follow":"follow","max-snippet":"max-snippet:-1","max-image-preview":"max-image-preview:large","max-video-preview":"max-video-preview:-1"},"canonical":"https:\/\/tupique.com\/en\/product\/appareil-anti-cellulite-de-vacuotherapie-pro-innovagoods\/","og_locale":"en_GB","og_type":"article","og_title":"Appareil Anti-Cellulite de Vacuoth\u00e9rapie Pro InnovaGoods | | Tupique","og_description":"Envie d'acheter Appareil Anti-Cellulite de Vacuoth\u00e9rapie Pro InnovaGoods\u00a0? Achetez Appareil Anti-Cellulite de Vacuoth\u00e9rapie Pro InnovaGoods maintenant avec Tupique en 3 versements sans int\u00e9r\u00eat.","og_url":"https:\/\/tupique.com\/en\/product\/appareil-anti-cellulite-de-vacuotherapie-pro-innovagoods\/","og_site_name":"Tupique","article_modified_time":"2026-05-11T19:23:43+00:00","og_image":[{"width":1200,"height":1200,"url":"https:\/\/tupique.com\/wp-content\/uploads\/2026\/05\/V0100953_000_MKT4.jpg","type":"image\/jpeg"}],"twitter_card":"summary_large_image","twitter_misc":{"Est. reading time":"1 minute"},"schema":{"@context":"https:\/\/schema.org","@graph":[{"@type":"WebPage","@id":"https:\/\/tupique.com\/product\/appareil-anti-cellulite-de-vacuotherapie-pro-innovagoods\/","url":"https:\/\/tupique.com\/product\/appareil-anti-cellulite-de-vacuotherapie-pro-innovagoods\/","name":"Appareil Anti-Cellulite de Vacuoth\u00e9rapie Pro InnovaGoods | | Tupique","isPartOf":{"@id":"https:\/\/tupique.com\/#website"},"primaryImageOfPage":{"@id":"https:\/\/tupique.com\/product\/appareil-anti-cellulite-de-vacuotherapie-pro-innovagoods\/#primaryimage"},"image":{"@id":"https:\/\/tupique.com\/product\/appareil-anti-cellulite-de-vacuotherapie-pro-innovagoods\/#primaryimage"},"thumbnailUrl":"https:\/\/tupique.com\/wp-content\/uploads\/2026\/05\/V0100953_000_MKT4.jpg","datePublished":"2026-05-11T09:37:50+00:00","dateModified":"2026-05-11T19:23:43+00:00","description":"Envie d'acheter Appareil Anti-Cellulite de Vacuoth\u00e9rapie Pro InnovaGoods\u00a0? Achetez Appareil Anti-Cellulite de Vacuoth\u00e9rapie Pro InnovaGoods maintenant avec Tupique en 3 versements sans int\u00e9r\u00eat.","breadcrumb":{"@id":"https:\/\/tupique.com\/product\/appareil-anti-cellulite-de-vacuotherapie-pro-innovagoods\/#breadcrumb"},"inLanguage":"en-GB","potentialAction":[{"@type":"ReadAction","target":["https:\/\/tupique.com\/product\/appareil-anti-cellulite-de-vacuotherapie-pro-innovagoods\/"]}]},{"@type":"ImageObject","inLanguage":"en-GB","@id":"https:\/\/tupique.com\/product\/appareil-anti-cellulite-de-vacuotherapie-pro-innovagoods\/#primaryimage","url":"https:\/\/tupique.com\/wp-content\/uploads\/2026\/05\/V0100953_000_MKT4.jpg","contentUrl":"https:\/\/tupique.com\/wp-content\/uploads\/2026\/05\/V0100953_000_MKT4.jpg","width":1200,"height":1200,"caption":"V0100953_0"},{"@type":"BreadcrumbList","@id":"https:\/\/tupique.com\/product\/appareil-anti-cellulite-de-vacuotherapie-pro-innovagoods\/#breadcrumb","itemListElement":[{"@type":"ListItem","position":1,"name":"commencer","item":"https:\/\/tupique.com\/"},{"@type":"ListItem","position":2,"name":"Loja","item":"https:\/\/tupique.com\/pt\/loja\/"},{"@type":"ListItem","position":3,"name":"Appareil Anti-Cellulite de Vacuoth\u00e9rapie Pro InnovaGoods"}]},{"@type":"WebSite","@id":"https:\/\/tupique.com\/#website","url":"https:\/\/tupique.com\/","name":"Tupique","description":"","publisher":{"@id":"https:\/\/tupique.com\/#organization"},"potentialAction":[{"@type":"SearchAction","target":{"@type":"EntryPoint","urlTemplate":"https:\/\/tupique.com\/?s={search_term_string}"},"query-input":{"@type":"PropertyValueSpecification","valueRequired":true,"valueName":"search_term_string"}}],"inLanguage":"en-GB"},{"@type":"Organization","@id":"https:\/\/tupique.com\/#organization","name":"Tupique","url":"https:\/\/tupique.com\/","logo":{"@type":"ImageObject","inLanguage":"en-GB","@id":"https:\/\/tupique.com\/#\/schema\/logo\/image\/","url":"https:\/\/tupique.com\/wp-content\/uploads\/2026\/03\/logo-tupique-1.webp","contentUrl":"https:\/\/tupique.com\/wp-content\/uploads\/2026\/03\/logo-tupique-1.webp","width":500,"height":67,"caption":"Tupique"},"image":{"@id":"https:\/\/tupique.com\/#\/schema\/logo\/image\/"}}]}},"_links":{"self":[{"href":"https:\/\/tupique.com\/en\/wp-json\/wp\/v2\/product\/179325","targetHints":{"allow":["GET"]}}],"collection":[{"href":"https:\/\/tupique.com\/en\/wp-json\/wp\/v2\/product"}],"about":[{"href":"https:\/\/tupique.com\/en\/wp-json\/wp\/v2\/types\/product"}],"replies":[{"embeddable":true,"href":"https:\/\/tupique.com\/en\/wp-json\/wp\/v2\/comments?post=179325"}],"wp:featuredmedia":[{"embeddable":true,"href":"https:\/\/tupique.com\/en\/wp-json\/wp\/v2\/media\/179315"}],"wp:attachment":[{"href":"https:\/\/tupique.com\/en\/wp-json\/wp\/v2\/media?parent=179325"}],"wp:term":[{"taxonomy":"product_brand","embeddable":true,"href":"https:\/\/tupique.com\/en\/wp-json\/wp\/v2\/product_brand?post=179325"},{"taxonomy":"product_cat","embeddable":true,"href":"https:\/\/tupique.com\/en\/wp-json\/wp\/v2\/product_cat?post=179325"},{"taxonomy":"product_tag","embeddable":true,"href":"https:\/\/tupique.com\/en\/wp-json\/wp\/v2\/product_tag?post=179325"},{"taxonomy":"woo-feed-brand","embeddable":true,"href":"https:\/\/tupique.com\/en\/wp-json\/wp\/v2\/woo-feed-brand?post=179325"}],"curies":[{"name":"wp","href":"https:\/\/api.w.org\/{rel}","templated":true}]}}