{"id":179402,"date":"2026-05-11T11:39:40","date_gmt":"2026-05-11T09:39:40","guid":{"rendered":"https:\/\/tupique.com\/product\/vernis-a-ongles-neil-enamel-paese\/"},"modified":"2026-05-11T11:39:40","modified_gmt":"2026-05-11T09:39:40","slug":"vernis-a-ongles-neil-enamel-paese","status":"publish","type":"product","link":"https:\/\/tupique.com\/en\/product\/vernis-a-ongles-neil-enamel-paese\/","title":{"rendered":"vernis \u00e0 ongles Neil Enamel Paese"},"content":{"rendered":"<p>Vous aimeriez avoir la meilleure gamme de <b>soins esth\u00e9tiques<\/b> avec des produits de qualit\u00e9 et \u00e0 un prix abordable ? Alors ne vous passez pas \u00e0 c\u00f4t\u00e9 de <b>vernis \u00e0 ongles Neil Enamel Paese<\/b> !<\/p>\n<ul>\n<li>Genre: Femme<\/li>\n<li>Type: Longue dur\u00e9e<\/li>\n<\/ul>","protected":false},"excerpt":{"rendered":"<p>Vous aimeriez avoir la meilleure gamme de soins esth\u00e9tiques avec des produits de qualit\u00e9 et \u00e0 un prix abordable ? Alors ne vous passez pas \u00e0 c\u00f4t\u00e9 de vernis \u00e0 ongles Neil Enamel Paese ! Genre: Femme Type: Longue dur\u00e9e<\/p>","protected":false},"featured_media":179392,"comment_status":"open","ping_status":"closed","template":"","meta":[],"product_brand":[1902],"product_cat":[1059,1850,752],"product_tag":[722],"woo-feed-brand":[],"class_list":{"0":"post-179402","1":"product","2":"type-product","3":"status-publish","4":"has-post-thumbnail","6":"product_brand-brandp_1308","7":"product_cat-esthetique-et-traitements-corporels","8":"product_cat-manucure-et-pedicure","9":"product_cat-sante-beaute","10":"product_tag-tag_923","12":"first","13":"instock","14":"taxable","15":"shipping-taxable","16":"product-type-variable"},"yoast_head":"<!-- This site is optimized with the Yoast SEO plugin v27.6 - https:\/\/yoast.com\/product\/yoast-seo-wordpress\/ -->\n<title>vernis \u00e0 ongles Neil Enamel Paese | | Tupique<\/title>\n<meta name=\"description\" content=\"Envie d&#039;acheter vernis \u00e0 ongles Neil Enamel Paese\u00a0? Achetez vernis \u00e0 ongles Neil Enamel Paese maintenant avec Tupique en 3 versements sans int\u00e9r\u00eat.\" \/>\n<meta name=\"robots\" content=\"index, follow, max-snippet:-1, max-image-preview:large, max-video-preview:-1\" \/>\n<link rel=\"canonical\" href=\"https:\/\/tupique.com\/en\/product\/vernis-a-ongles-neil-enamel-paese\/\" \/>\n<meta property=\"og:locale\" content=\"en_GB\" \/>\n<meta property=\"og:type\" content=\"article\" \/>\n<meta property=\"og:title\" content=\"vernis \u00e0 ongles Neil Enamel Paese | | Tupique\" \/>\n<meta property=\"og:description\" content=\"Envie d&#039;acheter vernis \u00e0 ongles Neil Enamel Paese\u00a0? Achetez vernis \u00e0 ongles Neil Enamel Paese maintenant avec Tupique en 3 versements sans int\u00e9r\u00eat.\" \/>\n<meta property=\"og:url\" content=\"https:\/\/tupique.com\/en\/product\/vernis-a-ongles-neil-enamel-paese\/\" \/>\n<meta property=\"og:site_name\" content=\"Tupique\" \/>\n<meta property=\"og:image\" content=\"https:\/\/tupique.com\/wp-content\/uploads\/2026\/05\/5907546503482_0_P03.jpg\" \/>\n\t<meta property=\"og:image:width\" content=\"1200\" \/>\n\t<meta property=\"og:image:height\" content=\"1200\" \/>\n\t<meta property=\"og:image:type\" content=\"image\/jpeg\" \/>\n<meta name=\"twitter:card\" content=\"summary_large_image\" \/>\n<script type=\"application\/ld+json\" class=\"yoast-schema-graph\">{\"@context\":\"https:\\\/\\\/schema.org\",\"@graph\":[{\"@type\":\"WebPage\",\"@id\":\"https:\\\/\\\/tupique.com\\\/product\\\/vernis-a-ongles-neil-enamel-paese\\\/\",\"url\":\"https:\\\/\\\/tupique.com\\\/product\\\/vernis-a-ongles-neil-enamel-paese\\\/\",\"name\":\"vernis \u00e0 ongles Neil Enamel Paese | | Tupique\",\"isPartOf\":{\"@id\":\"https:\\\/\\\/tupique.com\\\/#website\"},\"primaryImageOfPage\":{\"@id\":\"https:\\\/\\\/tupique.com\\\/product\\\/vernis-a-ongles-neil-enamel-paese\\\/#primaryimage\"},\"image\":{\"@id\":\"https:\\\/\\\/tupique.com\\\/product\\\/vernis-a-ongles-neil-enamel-paese\\\/#primaryimage\"},\"thumbnailUrl\":\"https:\\\/\\\/tupique.com\\\/wp-content\\\/uploads\\\/2026\\\/05\\\/5907546503482_0_P03.jpg\",\"datePublished\":\"2026-05-11T09:39:40+00:00\",\"description\":\"Envie d'acheter vernis \u00e0 ongles Neil Enamel Paese\u00a0? Achetez vernis \u00e0 ongles Neil Enamel Paese maintenant avec Tupique en 3 versements sans int\u00e9r\u00eat.\",\"breadcrumb\":{\"@id\":\"https:\\\/\\\/tupique.com\\\/product\\\/vernis-a-ongles-neil-enamel-paese\\\/#breadcrumb\"},\"inLanguage\":\"en-GB\",\"potentialAction\":[{\"@type\":\"ReadAction\",\"target\":[\"https:\\\/\\\/tupique.com\\\/product\\\/vernis-a-ongles-neil-enamel-paese\\\/\"]}]},{\"@type\":\"ImageObject\",\"inLanguage\":\"en-GB\",\"@id\":\"https:\\\/\\\/tupique.com\\\/product\\\/vernis-a-ongles-neil-enamel-paese\\\/#primaryimage\",\"url\":\"https:\\\/\\\/tupique.com\\\/wp-content\\\/uploads\\\/2026\\\/05\\\/5907546503482_0_P03.jpg\",\"contentUrl\":\"https:\\\/\\\/tupique.com\\\/wp-content\\\/uploads\\\/2026\\\/05\\\/5907546503482_0_P03.jpg\",\"width\":1200,\"height\":1200,\"caption\":\"S0555397_0\"},{\"@type\":\"BreadcrumbList\",\"@id\":\"https:\\\/\\\/tupique.com\\\/product\\\/vernis-a-ongles-neil-enamel-paese\\\/#breadcrumb\",\"itemListElement\":[{\"@type\":\"ListItem\",\"position\":1,\"name\":\"commencer\",\"item\":\"https:\\\/\\\/tupique.com\\\/\"},{\"@type\":\"ListItem\",\"position\":2,\"name\":\"Loja\",\"item\":\"https:\\\/\\\/tupique.com\\\/pt\\\/loja\\\/\"},{\"@type\":\"ListItem\",\"position\":3,\"name\":\"vernis \u00e0 ongles Neil Enamel Paese\"}]},{\"@type\":\"WebSite\",\"@id\":\"https:\\\/\\\/tupique.com\\\/#website\",\"url\":\"https:\\\/\\\/tupique.com\\\/\",\"name\":\"Tupique\",\"description\":\"\",\"publisher\":{\"@id\":\"https:\\\/\\\/tupique.com\\\/#organization\"},\"potentialAction\":[{\"@type\":\"SearchAction\",\"target\":{\"@type\":\"EntryPoint\",\"urlTemplate\":\"https:\\\/\\\/tupique.com\\\/?s={search_term_string}\"},\"query-input\":{\"@type\":\"PropertyValueSpecification\",\"valueRequired\":true,\"valueName\":\"search_term_string\"}}],\"inLanguage\":\"en-GB\"},{\"@type\":\"Organization\",\"@id\":\"https:\\\/\\\/tupique.com\\\/#organization\",\"name\":\"Tupique\",\"url\":\"https:\\\/\\\/tupique.com\\\/\",\"logo\":{\"@type\":\"ImageObject\",\"inLanguage\":\"en-GB\",\"@id\":\"https:\\\/\\\/tupique.com\\\/#\\\/schema\\\/logo\\\/image\\\/\",\"url\":\"https:\\\/\\\/tupique.com\\\/wp-content\\\/uploads\\\/2026\\\/03\\\/logo-tupique-1.webp\",\"contentUrl\":\"https:\\\/\\\/tupique.com\\\/wp-content\\\/uploads\\\/2026\\\/03\\\/logo-tupique-1.webp\",\"width\":500,\"height\":67,\"caption\":\"Tupique\"},\"image\":{\"@id\":\"https:\\\/\\\/tupique.com\\\/#\\\/schema\\\/logo\\\/image\\\/\"}}]}<\/script>\n<!-- \/ Yoast SEO plugin. -->","yoast_head_json":{"title":"vernis \u00e0 ongles Neil Enamel Paese | | Tupique","description":"Envie d'acheter vernis \u00e0 ongles Neil Enamel Paese\u00a0? Achetez vernis \u00e0 ongles Neil Enamel Paese maintenant avec Tupique en 3 versements sans int\u00e9r\u00eat.","robots":{"index":"index","follow":"follow","max-snippet":"max-snippet:-1","max-image-preview":"max-image-preview:large","max-video-preview":"max-video-preview:-1"},"canonical":"https:\/\/tupique.com\/en\/product\/vernis-a-ongles-neil-enamel-paese\/","og_locale":"en_GB","og_type":"article","og_title":"vernis \u00e0 ongles Neil Enamel Paese | | Tupique","og_description":"Envie d'acheter vernis \u00e0 ongles Neil Enamel Paese\u00a0? Achetez vernis \u00e0 ongles Neil Enamel Paese maintenant avec Tupique en 3 versements sans int\u00e9r\u00eat.","og_url":"https:\/\/tupique.com\/en\/product\/vernis-a-ongles-neil-enamel-paese\/","og_site_name":"Tupique","og_image":[{"width":1200,"height":1200,"url":"https:\/\/tupique.com\/wp-content\/uploads\/2026\/05\/5907546503482_0_P03.jpg","type":"image\/jpeg"}],"twitter_card":"summary_large_image","schema":{"@context":"https:\/\/schema.org","@graph":[{"@type":"WebPage","@id":"https:\/\/tupique.com\/product\/vernis-a-ongles-neil-enamel-paese\/","url":"https:\/\/tupique.com\/product\/vernis-a-ongles-neil-enamel-paese\/","name":"vernis \u00e0 ongles Neil Enamel Paese | | Tupique","isPartOf":{"@id":"https:\/\/tupique.com\/#website"},"primaryImageOfPage":{"@id":"https:\/\/tupique.com\/product\/vernis-a-ongles-neil-enamel-paese\/#primaryimage"},"image":{"@id":"https:\/\/tupique.com\/product\/vernis-a-ongles-neil-enamel-paese\/#primaryimage"},"thumbnailUrl":"https:\/\/tupique.com\/wp-content\/uploads\/2026\/05\/5907546503482_0_P03.jpg","datePublished":"2026-05-11T09:39:40+00:00","description":"Envie d'acheter vernis \u00e0 ongles Neil Enamel Paese\u00a0? Achetez vernis \u00e0 ongles Neil Enamel Paese maintenant avec Tupique en 3 versements sans int\u00e9r\u00eat.","breadcrumb":{"@id":"https:\/\/tupique.com\/product\/vernis-a-ongles-neil-enamel-paese\/#breadcrumb"},"inLanguage":"en-GB","potentialAction":[{"@type":"ReadAction","target":["https:\/\/tupique.com\/product\/vernis-a-ongles-neil-enamel-paese\/"]}]},{"@type":"ImageObject","inLanguage":"en-GB","@id":"https:\/\/tupique.com\/product\/vernis-a-ongles-neil-enamel-paese\/#primaryimage","url":"https:\/\/tupique.com\/wp-content\/uploads\/2026\/05\/5907546503482_0_P03.jpg","contentUrl":"https:\/\/tupique.com\/wp-content\/uploads\/2026\/05\/5907546503482_0_P03.jpg","width":1200,"height":1200,"caption":"S0555397_0"},{"@type":"BreadcrumbList","@id":"https:\/\/tupique.com\/product\/vernis-a-ongles-neil-enamel-paese\/#breadcrumb","itemListElement":[{"@type":"ListItem","position":1,"name":"commencer","item":"https:\/\/tupique.com\/"},{"@type":"ListItem","position":2,"name":"Loja","item":"https:\/\/tupique.com\/pt\/loja\/"},{"@type":"ListItem","position":3,"name":"vernis \u00e0 ongles Neil Enamel Paese"}]},{"@type":"WebSite","@id":"https:\/\/tupique.com\/#website","url":"https:\/\/tupique.com\/","name":"Tupique","description":"","publisher":{"@id":"https:\/\/tupique.com\/#organization"},"potentialAction":[{"@type":"SearchAction","target":{"@type":"EntryPoint","urlTemplate":"https:\/\/tupique.com\/?s={search_term_string}"},"query-input":{"@type":"PropertyValueSpecification","valueRequired":true,"valueName":"search_term_string"}}],"inLanguage":"en-GB"},{"@type":"Organization","@id":"https:\/\/tupique.com\/#organization","name":"Tupique","url":"https:\/\/tupique.com\/","logo":{"@type":"ImageObject","inLanguage":"en-GB","@id":"https:\/\/tupique.com\/#\/schema\/logo\/image\/","url":"https:\/\/tupique.com\/wp-content\/uploads\/2026\/03\/logo-tupique-1.webp","contentUrl":"https:\/\/tupique.com\/wp-content\/uploads\/2026\/03\/logo-tupique-1.webp","width":500,"height":67,"caption":"Tupique"},"image":{"@id":"https:\/\/tupique.com\/#\/schema\/logo\/image\/"}}]}},"_links":{"self":[{"href":"https:\/\/tupique.com\/en\/wp-json\/wp\/v2\/product\/179402","targetHints":{"allow":["GET"]}}],"collection":[{"href":"https:\/\/tupique.com\/en\/wp-json\/wp\/v2\/product"}],"about":[{"href":"https:\/\/tupique.com\/en\/wp-json\/wp\/v2\/types\/product"}],"replies":[{"embeddable":true,"href":"https:\/\/tupique.com\/en\/wp-json\/wp\/v2\/comments?post=179402"}],"wp:featuredmedia":[{"embeddable":true,"href":"https:\/\/tupique.com\/en\/wp-json\/wp\/v2\/media\/179392"}],"wp:attachment":[{"href":"https:\/\/tupique.com\/en\/wp-json\/wp\/v2\/media?parent=179402"}],"wp:term":[{"taxonomy":"product_brand","embeddable":true,"href":"https:\/\/tupique.com\/en\/wp-json\/wp\/v2\/product_brand?post=179402"},{"taxonomy":"product_cat","embeddable":true,"href":"https:\/\/tupique.com\/en\/wp-json\/wp\/v2\/product_cat?post=179402"},{"taxonomy":"product_tag","embeddable":true,"href":"https:\/\/tupique.com\/en\/wp-json\/wp\/v2\/product_tag?post=179402"},{"taxonomy":"woo-feed-brand","embeddable":true,"href":"https:\/\/tupique.com\/en\/wp-json\/wp\/v2\/woo-feed-brand?post=179402"}],"curies":[{"name":"wp","href":"https:\/\/api.w.org\/{rel}","templated":true}]}}