{"id":179453,"date":"2026-05-11T11:52:48","date_gmt":"2026-05-11T09:52:48","guid":{"rendered":"https:\/\/tupique.com\/product\/teinture-anti-age-permanente-azalea-color-total-blond-platine-cendre-blond-platine-no-101-rubio-platino-ceniza-1-unite\/"},"modified":"2026-05-11T21:15:58","modified_gmt":"2026-05-11T19:15:58","slug":"teinture-anti-age-permanente-azalea-color-total-blond-platine-cendre-blond-platine-no-101-rubio-platino-ceniza-1-unite","status":"publish","type":"product","link":"https:\/\/tupique.com\/en\/product\/teinture-anti-age-permanente-azalea-color-total-blond-platine-cendre-blond-platine-no-101-rubio-platino-ceniza-1-unite\/","title":{"rendered":"Teinture anti-\u00e2ge permanente Azalea Color Total Blond Platine Cendr\u00e9 Blond Platine N\u00ba 10,1-Rubio Platino Ceniza (1 Unit\u00e9)"},"content":{"rendered":"<p>Vous voulez rehausser votre beaut&eacute; ou changer de look ? <b>Teinture anti-\u00e2ge permanente Azalea Blond platine cendr\u00e9<\/b> est ce qu&#8217;il vous faut ! Profitez d&egrave;s maintenant de nos <b>produits Azalea<\/b>&nbsp;et de tous nos autres <b>accessoires de coiffure de marque 100 % authentiques<\/b>&nbsp;!<\/p>\n<p>The <b>Color Total #10,1 Blond Platine Cendr\u00e9<\/b> d\u2019Azalea est une <b>teinture permanente anti-\u00e2ge<\/b> con\u00e7ue sp\u00e9cifiquement pour les femmes, offrant une finition professionnelle et durable dans un seul emballage de <b>1 unit\u00e9<\/b>. Sa formule associe les propri\u00e9t\u00e9s hydratantes d\u2019une texture <b>gel-cr\u00e8me<\/b>, facilitant une application uniforme et douce, garantissant une couverture totale et un r\u00e9sultat naturel sur les tons blonds. Cette teinture est formul\u00e9e pour obtenir un <b>blond platine cendr\u00e9<\/b>, une couleur claire et froide qui apporte luminosit\u00e9 et sophistication aux cheveux, id\u00e9ale pour celles qui recherchent un effet moderne et \u00e9l\u00e9gant. Sa composition prend en compte la protection et le soin du cheveu pendant la coloration, maintenant la fibre capillaire hydrat\u00e9e et r\u00e9sistante, aidant \u00e0 pr\u00e9venir le vieillissement pr\u00e9matur\u00e9 du cheveu, un avantage notable dans les produits anti-\u00e2ge. Fabriqu\u00e9 en Espagne, ce produit r\u00e9pond aux normes de qualit\u00e9 europ\u00e9ennes et s\u2019adresse \u00e0 un public f\u00e9minin cherchant des r\u00e9sultats professionnels \u00e0 domicile avec confort et efficacit\u00e9. La teinture permanente Azalea Color Total permet de renouveler la couleur des cheveux avec un ton durable et une couverture efficace des cheveux blancs, gardant la chevelure vivante et d\u2019apparence saine. En r\u00e9sum\u00e9, c\u2019est une option fiable pour les femmes souhaitant un changement sophistiqu\u00e9 avec un <b>blond platine cendr\u00e9<\/b>, sans renoncer au soin et \u00e0 la protection du cheveu pendant la coloration.<\/p>\n<ul>\n<li>Genre: Femme<\/li>\n<li>Couleur:\n<ul>\n<li>#10,1<\/li>\n<li>Blond Platine Cendr\u00e9<\/li>\n<\/ul>\n<\/li>\n<li>Type: Teinture permanente<\/li>\n<li>Unit\u00e9s: 1 Unit\u00e9s<\/li>\n<\/ul>","protected":false},"excerpt":{"rendered":"<p>Vous voulez rehausser votre beaut&eacute; ou changer de look ? Teinture anti-\u00e2ge permanente Azalea Blond platine cendr\u00e9 est ce qu&#8217;il vous faut ! Profitez d&egrave;s maintenant de nos produits Azalea&nbsp;et de tous nos autres accessoires de coiffure de marque 100 % authentiques&nbsp;! Le Color Total #10,1 Blond Platine Cendr\u00e9 d\u2019Azalea est une teinture permanente anti-\u00e2ge [&hellip;]<\/p>\n","protected":false},"featured_media":179452,"comment_status":"open","ping_status":"closed","template":"","meta":[],"product_brand":[1905],"product_cat":[753,752,1820],"product_tag":[722],"woo-feed-brand":[],"class_list":{"0":"post-179453","1":"product","2":"type-product","3":"status-publish","4":"has-post-thumbnail","6":"product_brand-brandp_691","7":"product_cat-coiffure","8":"product_cat-sante-beaute","9":"product_cat-teintures-capillaires","10":"product_tag-tag_923","12":"first","13":"instock","14":"taxable","15":"shipping-taxable","16":"purchasable","17":"product-type-simple"},"yoast_head":"<!-- This site is optimized with the Yoast SEO plugin v27.6 - https:\/\/yoast.com\/product\/yoast-seo-wordpress\/ -->\n<title>Teinture anti-\u00e2ge permanente Azalea Color Total Blond Platine Cendr\u00e9 Blond Platine N\u00ba 10,1-Rubio Platino Ceniza (1 Unit\u00e9) | | Tupique<\/title>\n<meta name=\"description\" content=\"Envie d&#039;acheter Teinture anti-\u00e2ge permanente Azalea Color Total Blond Platine Cendr\u00e9 Blond Platine N\u00ba 10,1-Rubio Platino Ceniza (1 Unit\u00e9)\u00a0? Achetez Teinture anti-\u00e2ge permanente Azalea Color Total Blond Platine Cendr\u00e9 Blond Platine N\u00ba 10,1-Rubio Platino Ceniza (1 Unit\u00e9) maintenant avec Tupique en 3 versements sans int\u00e9r\u00eat.\" \/>\n<meta name=\"robots\" content=\"index, follow, max-snippet:-1, max-image-preview:large, max-video-preview:-1\" \/>\n<link rel=\"canonical\" href=\"https:\/\/tupique.com\/en\/product\/teinture-anti-age-permanente-azalea-color-total-blond-platine-cendre-blond-platine-no-101-rubio-platino-ceniza-1-unite\/\" \/>\n<meta property=\"og:locale\" content=\"en_GB\" \/>\n<meta property=\"og:type\" content=\"article\" \/>\n<meta property=\"og:title\" content=\"Teinture anti-\u00e2ge permanente Azalea Color Total Blond Platine Cendr\u00e9 Blond Platine N\u00ba 10,1-Rubio Platino Ceniza (1 Unit\u00e9) | | Tupique\" \/>\n<meta property=\"og:description\" content=\"Envie d&#039;acheter Teinture anti-\u00e2ge permanente Azalea Color Total Blond Platine Cendr\u00e9 Blond Platine N\u00ba 10,1-Rubio Platino Ceniza (1 Unit\u00e9)\u00a0? Achetez Teinture anti-\u00e2ge permanente Azalea Color Total Blond Platine Cendr\u00e9 Blond Platine N\u00ba 10,1-Rubio Platino Ceniza (1 Unit\u00e9) maintenant avec Tupique en 3 versements sans int\u00e9r\u00eat.\" \/>\n<meta property=\"og:url\" content=\"https:\/\/tupique.com\/en\/product\/teinture-anti-age-permanente-azalea-color-total-blond-platine-cendre-blond-platine-no-101-rubio-platino-ceniza-1-unite\/\" \/>\n<meta property=\"og:site_name\" content=\"Tupique\" \/>\n<meta property=\"article:modified_time\" content=\"2026-05-11T19:15:58+00:00\" \/>\n<meta property=\"og:image\" content=\"https:\/\/tupique.com\/wp-content\/uploads\/2026\/05\/8420282037549_0_P01.jpg\" \/>\n\t<meta property=\"og:image:width\" content=\"1200\" \/>\n\t<meta property=\"og:image:height\" content=\"1200\" \/>\n\t<meta property=\"og:image:type\" content=\"image\/jpeg\" \/>\n<meta name=\"twitter:card\" content=\"summary_large_image\" \/>\n<meta name=\"twitter:label1\" content=\"Est. reading time\" \/>\n\t<meta name=\"twitter:data1\" content=\"1 minute\" \/>\n<script type=\"application\/ld+json\" class=\"yoast-schema-graph\">{\"@context\":\"https:\\\/\\\/schema.org\",\"@graph\":[{\"@type\":\"WebPage\",\"@id\":\"https:\\\/\\\/tupique.com\\\/en\\\/product\\\/teinture-anti-age-permanente-azalea-color-total-blond-platine-cendre-blond-platine-no-101-rubio-platino-ceniza-1-unite\\\/\",\"url\":\"https:\\\/\\\/tupique.com\\\/en\\\/product\\\/teinture-anti-age-permanente-azalea-color-total-blond-platine-cendre-blond-platine-no-101-rubio-platino-ceniza-1-unite\\\/\",\"name\":\"Teinture anti-\u00e2ge permanente Azalea Color Total Blond Platine Cendr\u00e9 Blond Platine N\u00ba 10,1-Rubio Platino Ceniza (1 Unit\u00e9) | | Tupique\",\"isPartOf\":{\"@id\":\"https:\\\/\\\/tupique.com\\\/#website\"},\"primaryImageOfPage\":{\"@id\":\"https:\\\/\\\/tupique.com\\\/en\\\/product\\\/teinture-anti-age-permanente-azalea-color-total-blond-platine-cendre-blond-platine-no-101-rubio-platino-ceniza-1-unite\\\/#primaryimage\"},\"image\":{\"@id\":\"https:\\\/\\\/tupique.com\\\/en\\\/product\\\/teinture-anti-age-permanente-azalea-color-total-blond-platine-cendre-blond-platine-no-101-rubio-platino-ceniza-1-unite\\\/#primaryimage\"},\"thumbnailUrl\":\"https:\\\/\\\/tupique.com\\\/wp-content\\\/uploads\\\/2026\\\/05\\\/8420282037549_0_P01.jpg\",\"datePublished\":\"2026-05-11T09:52:48+00:00\",\"dateModified\":\"2026-05-11T19:15:58+00:00\",\"description\":\"Envie d'acheter Teinture anti-\u00e2ge permanente Azalea Color Total Blond Platine Cendr\u00e9 Blond Platine N\u00ba 10,1-Rubio Platino Ceniza (1 Unit\u00e9)\u00a0? Achetez Teinture anti-\u00e2ge permanente Azalea Color Total Blond Platine Cendr\u00e9 Blond Platine N\u00ba 10,1-Rubio Platino Ceniza (1 Unit\u00e9) maintenant avec Tupique en 3 versements sans int\u00e9r\u00eat.\",\"breadcrumb\":{\"@id\":\"https:\\\/\\\/tupique.com\\\/en\\\/product\\\/teinture-anti-age-permanente-azalea-color-total-blond-platine-cendre-blond-platine-no-101-rubio-platino-ceniza-1-unite\\\/#breadcrumb\"},\"inLanguage\":\"en-GB\",\"potentialAction\":[{\"@type\":\"ReadAction\",\"target\":[\"https:\\\/\\\/tupique.com\\\/en\\\/product\\\/teinture-anti-age-permanente-azalea-color-total-blond-platine-cendre-blond-platine-no-101-rubio-platino-ceniza-1-unite\\\/\"]}]},{\"@type\":\"ImageObject\",\"inLanguage\":\"en-GB\",\"@id\":\"https:\\\/\\\/tupique.com\\\/en\\\/product\\\/teinture-anti-age-permanente-azalea-color-total-blond-platine-cendre-blond-platine-no-101-rubio-platino-ceniza-1-unite\\\/#primaryimage\",\"url\":\"https:\\\/\\\/tupique.com\\\/wp-content\\\/uploads\\\/2026\\\/05\\\/8420282037549_0_P01.jpg\",\"contentUrl\":\"https:\\\/\\\/tupique.com\\\/wp-content\\\/uploads\\\/2026\\\/05\\\/8420282037549_0_P01.jpg\",\"width\":1200,\"height\":1200,\"caption\":\"S0521793_0\"},{\"@type\":\"BreadcrumbList\",\"@id\":\"https:\\\/\\\/tupique.com\\\/en\\\/product\\\/teinture-anti-age-permanente-azalea-color-total-blond-platine-cendre-blond-platine-no-101-rubio-platino-ceniza-1-unite\\\/#breadcrumb\",\"itemListElement\":[{\"@type\":\"ListItem\",\"position\":1,\"name\":\"commencer\",\"item\":\"https:\\\/\\\/tupique.com\\\/\"},{\"@type\":\"ListItem\",\"position\":2,\"name\":\"Loja\",\"item\":\"https:\\\/\\\/tupique.com\\\/pt\\\/loja\\\/\"},{\"@type\":\"ListItem\",\"position\":3,\"name\":\"Teinture anti-\u00e2ge permanente Azalea Color Total Blond Platine Cendr\u00e9 Blond Platine N\u00ba 10,1-Rubio Platino Ceniza (1 Unit\u00e9)\"}]},{\"@type\":\"WebSite\",\"@id\":\"https:\\\/\\\/tupique.com\\\/#website\",\"url\":\"https:\\\/\\\/tupique.com\\\/\",\"name\":\"Tupique\",\"description\":\"\",\"publisher\":{\"@id\":\"https:\\\/\\\/tupique.com\\\/#organization\"},\"potentialAction\":[{\"@type\":\"SearchAction\",\"target\":{\"@type\":\"EntryPoint\",\"urlTemplate\":\"https:\\\/\\\/tupique.com\\\/?s={search_term_string}\"},\"query-input\":{\"@type\":\"PropertyValueSpecification\",\"valueRequired\":true,\"valueName\":\"search_term_string\"}}],\"inLanguage\":\"en-GB\"},{\"@type\":\"Organization\",\"@id\":\"https:\\\/\\\/tupique.com\\\/#organization\",\"name\":\"Tupique\",\"url\":\"https:\\\/\\\/tupique.com\\\/\",\"logo\":{\"@type\":\"ImageObject\",\"inLanguage\":\"en-GB\",\"@id\":\"https:\\\/\\\/tupique.com\\\/#\\\/schema\\\/logo\\\/image\\\/\",\"url\":\"https:\\\/\\\/tupique.com\\\/wp-content\\\/uploads\\\/2026\\\/03\\\/logo-tupique-1.webp\",\"contentUrl\":\"https:\\\/\\\/tupique.com\\\/wp-content\\\/uploads\\\/2026\\\/03\\\/logo-tupique-1.webp\",\"width\":500,\"height\":67,\"caption\":\"Tupique\"},\"image\":{\"@id\":\"https:\\\/\\\/tupique.com\\\/#\\\/schema\\\/logo\\\/image\\\/\"}}]}<\/script>\n<!-- \/ Yoast SEO plugin. -->","yoast_head_json":{"title":"Teinture anti-\u00e2ge permanente Azalea Color Total Blond Platine Cendr\u00e9 Blond Platine N\u00ba 10,1-Rubio Platino Ceniza (1 Unit\u00e9) | | Tupique","description":"Envie d'acheter Teinture anti-\u00e2ge permanente Azalea Color Total Blond Platine Cendr\u00e9 Blond Platine N\u00ba 10,1-Rubio Platino Ceniza (1 Unit\u00e9)\u00a0? Achetez Teinture anti-\u00e2ge permanente Azalea Color Total Blond Platine Cendr\u00e9 Blond Platine N\u00ba 10,1-Rubio Platino Ceniza (1 Unit\u00e9) maintenant avec Tupique en 3 versements sans int\u00e9r\u00eat.","robots":{"index":"index","follow":"follow","max-snippet":"max-snippet:-1","max-image-preview":"max-image-preview:large","max-video-preview":"max-video-preview:-1"},"canonical":"https:\/\/tupique.com\/en\/product\/teinture-anti-age-permanente-azalea-color-total-blond-platine-cendre-blond-platine-no-101-rubio-platino-ceniza-1-unite\/","og_locale":"en_GB","og_type":"article","og_title":"Teinture anti-\u00e2ge permanente Azalea Color Total Blond Platine Cendr\u00e9 Blond Platine N\u00ba 10,1-Rubio Platino Ceniza (1 Unit\u00e9) | | Tupique","og_description":"Envie d'acheter Teinture anti-\u00e2ge permanente Azalea Color Total Blond Platine Cendr\u00e9 Blond Platine N\u00ba 10,1-Rubio Platino Ceniza (1 Unit\u00e9)\u00a0? Achetez Teinture anti-\u00e2ge permanente Azalea Color Total Blond Platine Cendr\u00e9 Blond Platine N\u00ba 10,1-Rubio Platino Ceniza (1 Unit\u00e9) maintenant avec Tupique en 3 versements sans int\u00e9r\u00eat.","og_url":"https:\/\/tupique.com\/en\/product\/teinture-anti-age-permanente-azalea-color-total-blond-platine-cendre-blond-platine-no-101-rubio-platino-ceniza-1-unite\/","og_site_name":"Tupique","article_modified_time":"2026-05-11T19:15:58+00:00","og_image":[{"width":1200,"height":1200,"url":"https:\/\/tupique.com\/wp-content\/uploads\/2026\/05\/8420282037549_0_P01.jpg","type":"image\/jpeg"}],"twitter_card":"summary_large_image","twitter_misc":{"Est. reading time":"1 minute"},"schema":{"@context":"https:\/\/schema.org","@graph":[{"@type":"WebPage","@id":"https:\/\/tupique.com\/en\/product\/teinture-anti-age-permanente-azalea-color-total-blond-platine-cendre-blond-platine-no-101-rubio-platino-ceniza-1-unite\/","url":"https:\/\/tupique.com\/en\/product\/teinture-anti-age-permanente-azalea-color-total-blond-platine-cendre-blond-platine-no-101-rubio-platino-ceniza-1-unite\/","name":"Teinture anti-\u00e2ge permanente Azalea Color Total Blond Platine Cendr\u00e9 Blond Platine N\u00ba 10,1-Rubio Platino Ceniza (1 Unit\u00e9) | | Tupique","isPartOf":{"@id":"https:\/\/tupique.com\/#website"},"primaryImageOfPage":{"@id":"https:\/\/tupique.com\/en\/product\/teinture-anti-age-permanente-azalea-color-total-blond-platine-cendre-blond-platine-no-101-rubio-platino-ceniza-1-unite\/#primaryimage"},"image":{"@id":"https:\/\/tupique.com\/en\/product\/teinture-anti-age-permanente-azalea-color-total-blond-platine-cendre-blond-platine-no-101-rubio-platino-ceniza-1-unite\/#primaryimage"},"thumbnailUrl":"https:\/\/tupique.com\/wp-content\/uploads\/2026\/05\/8420282037549_0_P01.jpg","datePublished":"2026-05-11T09:52:48+00:00","dateModified":"2026-05-11T19:15:58+00:00","description":"Envie d'acheter Teinture anti-\u00e2ge permanente Azalea Color Total Blond Platine Cendr\u00e9 Blond Platine N\u00ba 10,1-Rubio Platino Ceniza (1 Unit\u00e9)\u00a0? Achetez Teinture anti-\u00e2ge permanente Azalea Color Total Blond Platine Cendr\u00e9 Blond Platine N\u00ba 10,1-Rubio Platino Ceniza (1 Unit\u00e9) maintenant avec Tupique en 3 versements sans int\u00e9r\u00eat.","breadcrumb":{"@id":"https:\/\/tupique.com\/en\/product\/teinture-anti-age-permanente-azalea-color-total-blond-platine-cendre-blond-platine-no-101-rubio-platino-ceniza-1-unite\/#breadcrumb"},"inLanguage":"en-GB","potentialAction":[{"@type":"ReadAction","target":["https:\/\/tupique.com\/en\/product\/teinture-anti-age-permanente-azalea-color-total-blond-platine-cendre-blond-platine-no-101-rubio-platino-ceniza-1-unite\/"]}]},{"@type":"ImageObject","inLanguage":"en-GB","@id":"https:\/\/tupique.com\/en\/product\/teinture-anti-age-permanente-azalea-color-total-blond-platine-cendre-blond-platine-no-101-rubio-platino-ceniza-1-unite\/#primaryimage","url":"https:\/\/tupique.com\/wp-content\/uploads\/2026\/05\/8420282037549_0_P01.jpg","contentUrl":"https:\/\/tupique.com\/wp-content\/uploads\/2026\/05\/8420282037549_0_P01.jpg","width":1200,"height":1200,"caption":"S0521793_0"},{"@type":"BreadcrumbList","@id":"https:\/\/tupique.com\/en\/product\/teinture-anti-age-permanente-azalea-color-total-blond-platine-cendre-blond-platine-no-101-rubio-platino-ceniza-1-unite\/#breadcrumb","itemListElement":[{"@type":"ListItem","position":1,"name":"commencer","item":"https:\/\/tupique.com\/"},{"@type":"ListItem","position":2,"name":"Loja","item":"https:\/\/tupique.com\/pt\/loja\/"},{"@type":"ListItem","position":3,"name":"Teinture anti-\u00e2ge permanente Azalea Color Total Blond Platine Cendr\u00e9 Blond Platine N\u00ba 10,1-Rubio Platino Ceniza (1 Unit\u00e9)"}]},{"@type":"WebSite","@id":"https:\/\/tupique.com\/#website","url":"https:\/\/tupique.com\/","name":"Tupique","description":"","publisher":{"@id":"https:\/\/tupique.com\/#organization"},"potentialAction":[{"@type":"SearchAction","target":{"@type":"EntryPoint","urlTemplate":"https:\/\/tupique.com\/?s={search_term_string}"},"query-input":{"@type":"PropertyValueSpecification","valueRequired":true,"valueName":"search_term_string"}}],"inLanguage":"en-GB"},{"@type":"Organization","@id":"https:\/\/tupique.com\/#organization","name":"Tupique","url":"https:\/\/tupique.com\/","logo":{"@type":"ImageObject","inLanguage":"en-GB","@id":"https:\/\/tupique.com\/#\/schema\/logo\/image\/","url":"https:\/\/tupique.com\/wp-content\/uploads\/2026\/03\/logo-tupique-1.webp","contentUrl":"https:\/\/tupique.com\/wp-content\/uploads\/2026\/03\/logo-tupique-1.webp","width":500,"height":67,"caption":"Tupique"},"image":{"@id":"https:\/\/tupique.com\/#\/schema\/logo\/image\/"}}]}},"_links":{"self":[{"href":"https:\/\/tupique.com\/en\/wp-json\/wp\/v2\/product\/179453","targetHints":{"allow":["GET"]}}],"collection":[{"href":"https:\/\/tupique.com\/en\/wp-json\/wp\/v2\/product"}],"about":[{"href":"https:\/\/tupique.com\/en\/wp-json\/wp\/v2\/types\/product"}],"replies":[{"embeddable":true,"href":"https:\/\/tupique.com\/en\/wp-json\/wp\/v2\/comments?post=179453"}],"wp:featuredmedia":[{"embeddable":true,"href":"https:\/\/tupique.com\/en\/wp-json\/wp\/v2\/media\/179452"}],"wp:attachment":[{"href":"https:\/\/tupique.com\/en\/wp-json\/wp\/v2\/media?parent=179453"}],"wp:term":[{"taxonomy":"product_brand","embeddable":true,"href":"https:\/\/tupique.com\/en\/wp-json\/wp\/v2\/product_brand?post=179453"},{"taxonomy":"product_cat","embeddable":true,"href":"https:\/\/tupique.com\/en\/wp-json\/wp\/v2\/product_cat?post=179453"},{"taxonomy":"product_tag","embeddable":true,"href":"https:\/\/tupique.com\/en\/wp-json\/wp\/v2\/product_tag?post=179453"},{"taxonomy":"woo-feed-brand","embeddable":true,"href":"https:\/\/tupique.com\/en\/wp-json\/wp\/v2\/woo-feed-brand?post=179453"}],"curies":[{"name":"wp","href":"https:\/\/api.w.org\/{rel}","templated":true}]}}