{"id":179458,"date":"2026-05-11T11:52:55","date_gmt":"2026-05-11T09:52:55","guid":{"rendered":"https:\/\/tupique.com\/product\/lotion-hydratante-dramatically-different-clinique-50-ml-125-ml\/"},"modified":"2026-05-11T11:52:55","modified_gmt":"2026-05-11T09:52:55","slug":"lotion-hydratante-dramatically-different-clinique-50-ml-125-ml","status":"publish","type":"product","link":"https:\/\/tupique.com\/en\/product\/lotion-hydratante-dramatically-different-clinique-50-ml-125-ml\/","title":{"rendered":"Lotion hydratante Dramatically Different Clinique 50 ml 125 ml"},"content":{"rendered":"<\/p>\n<p><b>Lotion hydratante Dramatically Different Clinique 50 ml 125 ml<\/b> is a high-quality product designed for discerning individuals who care about their appearance and seek out the best cosmetics to enhance their beauty. If this sounds like you, the original 100 % products <b>Clinique<\/b> are made for you.<\/p>\n<ul>\n<li>Features:\n<ul>\n<li>Hypoallerg\u00e9nique<\/li>\n<li>Sans parfum<\/li>\n<\/ul>\n<\/li>\n<li>Genre: Femme<\/li>\n<li>Capacit\u00e9:\n<ul>\n<li>50 ml<\/li>\n<li>125 ml<\/li>\n<li>200 ml<\/li>\n<\/ul>\n<\/li>\n<li>Ingredients:\n<ul>\n<li>Sesamum indicum (sesame) oil<\/li>\n<li>Sodium hyaluronate<\/li>\n<li>Stearic acid<\/li>\n<li>Triethanolamine<\/li>\n<li>Trisodium edta<\/li>\n<li>Urea<\/li>\n<li>Butylene glycol<\/li>\n<li>Cucumis sativus (cucumber) fruit extract<\/li>\n<li>Glyceryl stearate<\/li>\n<li>Helianthus annuus (sunflower) seedcake<\/li>\n<li>Lanolin alcohol<\/li>\n<li>Pentylene glycol<\/li>\n<li>Petrolatum<\/li>\n<li>Phenoxyethanol<\/li>\n<li>Glycerine<\/li>\n<li>Propylene Glycol Dicaprate<\/li>\n<\/ul>\n<\/li>\n<li>Utilisation recommand\u00e9e: Tous les types de peau<\/li>\n<li>Texture: Lotion<\/li>\n<\/ul>","protected":false},"excerpt":{"rendered":"<p>Lotion hydratante Dramatically Different Clinique 50 ml 125 ml est un produit de qualit\u00e9 con\u00e7u pour les personnes exigeantes qui prennent soin de leur image et recherchent les meilleurs cosm\u00e9tiques pour mettre en valeur leur beaut\u00e9. Si vous en faites partie, les produits 100 % originaux Clinique sont faits pour vous. Caract\u00e9ristiques: Hypoallerg\u00e9nique Sans parfum [&hellip;]<\/p>\n","protected":false},"featured_media":179454,"comment_status":"open","ping_status":"closed","template":"","meta":[],"product_brand":[1906],"product_cat":[1503,769,1495],"product_tag":[722],"woo-feed-brand":[],"class_list":{"0":"post-179458","1":"product","2":"type-product","3":"status-publish","4":"has-post-thumbnail","6":"product_brand-brandp_350","7":"product_cat-cremes-anti-rides-et-hydratantes","8":"product_cat-parfum-cosmetique","9":"product_cat-soin-du-visage","10":"product_tag-tag_923","12":"first","13":"instock","14":"taxable","15":"shipping-taxable","16":"product-type-variable"},"yoast_head":"<!-- This site is optimized with the Yoast SEO plugin v27.6 - https:\/\/yoast.com\/product\/yoast-seo-wordpress\/ -->\n<title>Lotion hydratante Dramatically Different Clinique 50 ml 125 ml | | Tupique<\/title>\n<meta name=\"description\" content=\"Envie d&#039;acheter Lotion hydratante Dramatically Different Clinique 50 ml 125 ml\u00a0? Achetez Lotion hydratante Dramatically Different Clinique 50 ml 125 ml maintenant avec Tupique en 3 versements sans int\u00e9r\u00eat.\" \/>\n<meta name=\"robots\" content=\"index, follow, max-snippet:-1, max-image-preview:large, max-video-preview:-1\" \/>\n<link rel=\"canonical\" href=\"https:\/\/tupique.com\/en\/product\/lotion-hydratante-dramatically-different-clinique-50-ml-125-ml\/\" \/>\n<meta property=\"og:locale\" content=\"en_GB\" \/>\n<meta property=\"og:type\" content=\"article\" \/>\n<meta property=\"og:title\" content=\"Lotion hydratante Dramatically Different Clinique 50 ml 125 ml | | Tupique\" \/>\n<meta property=\"og:description\" content=\"Envie d&#039;acheter Lotion hydratante Dramatically Different Clinique 50 ml 125 ml\u00a0? Achetez Lotion hydratante Dramatically Different Clinique 50 ml 125 ml maintenant avec Tupique en 3 versements sans int\u00e9r\u00eat.\" \/>\n<meta property=\"og:url\" content=\"https:\/\/tupique.com\/en\/product\/lotion-hydratante-dramatically-different-clinique-50-ml-125-ml\/\" \/>\n<meta property=\"og:site_name\" content=\"Tupique\" \/>\n<meta property=\"og:image\" content=\"https:\/\/tupique.com\/wp-content\/uploads\/2026\/05\/0020714598938_0_P02.jpg\" \/>\n\t<meta property=\"og:image:width\" content=\"1200\" \/>\n\t<meta property=\"og:image:height\" content=\"1200\" \/>\n\t<meta property=\"og:image:type\" content=\"image\/jpeg\" \/>\n<meta name=\"twitter:card\" content=\"summary_large_image\" \/>\n<script type=\"application\/ld+json\" class=\"yoast-schema-graph\">{\"@context\":\"https:\\\/\\\/schema.org\",\"@graph\":[{\"@type\":\"WebPage\",\"@id\":\"https:\\\/\\\/tupique.com\\\/en\\\/product\\\/lotion-hydratante-dramatically-different-clinique-50-ml-125-ml\\\/\",\"url\":\"https:\\\/\\\/tupique.com\\\/en\\\/product\\\/lotion-hydratante-dramatically-different-clinique-50-ml-125-ml\\\/\",\"name\":\"Lotion hydratante Dramatically Different Clinique 50 ml 125 ml | | Tupique\",\"isPartOf\":{\"@id\":\"https:\\\/\\\/tupique.com\\\/#website\"},\"primaryImageOfPage\":{\"@id\":\"https:\\\/\\\/tupique.com\\\/en\\\/product\\\/lotion-hydratante-dramatically-different-clinique-50-ml-125-ml\\\/#primaryimage\"},\"image\":{\"@id\":\"https:\\\/\\\/tupique.com\\\/en\\\/product\\\/lotion-hydratante-dramatically-different-clinique-50-ml-125-ml\\\/#primaryimage\"},\"thumbnailUrl\":\"https:\\\/\\\/tupique.com\\\/wp-content\\\/uploads\\\/2026\\\/05\\\/0020714598938_0_P02.jpg\",\"datePublished\":\"2026-05-11T09:52:55+00:00\",\"description\":\"Envie d'acheter Lotion hydratante Dramatically Different Clinique 50 ml 125 ml\u00a0? Achetez Lotion hydratante Dramatically Different Clinique 50 ml 125 ml maintenant avec Tupique en 3 versements sans int\u00e9r\u00eat.\",\"breadcrumb\":{\"@id\":\"https:\\\/\\\/tupique.com\\\/en\\\/product\\\/lotion-hydratante-dramatically-different-clinique-50-ml-125-ml\\\/#breadcrumb\"},\"inLanguage\":\"en-GB\",\"potentialAction\":[{\"@type\":\"ReadAction\",\"target\":[\"https:\\\/\\\/tupique.com\\\/en\\\/product\\\/lotion-hydratante-dramatically-different-clinique-50-ml-125-ml\\\/\"]}]},{\"@type\":\"ImageObject\",\"inLanguage\":\"en-GB\",\"@id\":\"https:\\\/\\\/tupique.com\\\/en\\\/product\\\/lotion-hydratante-dramatically-different-clinique-50-ml-125-ml\\\/#primaryimage\",\"url\":\"https:\\\/\\\/tupique.com\\\/wp-content\\\/uploads\\\/2026\\\/05\\\/0020714598938_0_P02.jpg\",\"contentUrl\":\"https:\\\/\\\/tupique.com\\\/wp-content\\\/uploads\\\/2026\\\/05\\\/0020714598938_0_P02.jpg\",\"width\":1200,\"height\":1200,\"caption\":\"S0509717_0\"},{\"@type\":\"BreadcrumbList\",\"@id\":\"https:\\\/\\\/tupique.com\\\/en\\\/product\\\/lotion-hydratante-dramatically-different-clinique-50-ml-125-ml\\\/#breadcrumb\",\"itemListElement\":[{\"@type\":\"ListItem\",\"position\":1,\"name\":\"commencer\",\"item\":\"https:\\\/\\\/tupique.com\\\/\"},{\"@type\":\"ListItem\",\"position\":2,\"name\":\"Loja\",\"item\":\"https:\\\/\\\/tupique.com\\\/pt\\\/loja\\\/\"},{\"@type\":\"ListItem\",\"position\":3,\"name\":\"Lotion hydratante Dramatically Different Clinique 50 ml 125 ml\"}]},{\"@type\":\"WebSite\",\"@id\":\"https:\\\/\\\/tupique.com\\\/#website\",\"url\":\"https:\\\/\\\/tupique.com\\\/\",\"name\":\"Tupique\",\"description\":\"\",\"publisher\":{\"@id\":\"https:\\\/\\\/tupique.com\\\/#organization\"},\"potentialAction\":[{\"@type\":\"SearchAction\",\"target\":{\"@type\":\"EntryPoint\",\"urlTemplate\":\"https:\\\/\\\/tupique.com\\\/?s={search_term_string}\"},\"query-input\":{\"@type\":\"PropertyValueSpecification\",\"valueRequired\":true,\"valueName\":\"search_term_string\"}}],\"inLanguage\":\"en-GB\"},{\"@type\":\"Organization\",\"@id\":\"https:\\\/\\\/tupique.com\\\/#organization\",\"name\":\"Tupique\",\"url\":\"https:\\\/\\\/tupique.com\\\/\",\"logo\":{\"@type\":\"ImageObject\",\"inLanguage\":\"en-GB\",\"@id\":\"https:\\\/\\\/tupique.com\\\/#\\\/schema\\\/logo\\\/image\\\/\",\"url\":\"https:\\\/\\\/tupique.com\\\/wp-content\\\/uploads\\\/2026\\\/03\\\/logo-tupique-1.webp\",\"contentUrl\":\"https:\\\/\\\/tupique.com\\\/wp-content\\\/uploads\\\/2026\\\/03\\\/logo-tupique-1.webp\",\"width\":500,\"height\":67,\"caption\":\"Tupique\"},\"image\":{\"@id\":\"https:\\\/\\\/tupique.com\\\/#\\\/schema\\\/logo\\\/image\\\/\"}}]}<\/script>\n<!-- \/ Yoast SEO plugin. -->","yoast_head_json":{"title":"Lotion hydratante Dramatically Different Clinique 50 ml 125 ml | | Tupique","description":"Envie d'acheter Lotion hydratante Dramatically Different Clinique 50 ml 125 ml\u00a0? Achetez Lotion hydratante Dramatically Different Clinique 50 ml 125 ml maintenant avec Tupique en 3 versements sans int\u00e9r\u00eat.","robots":{"index":"index","follow":"follow","max-snippet":"max-snippet:-1","max-image-preview":"max-image-preview:large","max-video-preview":"max-video-preview:-1"},"canonical":"https:\/\/tupique.com\/en\/product\/lotion-hydratante-dramatically-different-clinique-50-ml-125-ml\/","og_locale":"en_GB","og_type":"article","og_title":"Lotion hydratante Dramatically Different Clinique 50 ml 125 ml | | Tupique","og_description":"Envie d'acheter Lotion hydratante Dramatically Different Clinique 50 ml 125 ml\u00a0? Achetez Lotion hydratante Dramatically Different Clinique 50 ml 125 ml maintenant avec Tupique en 3 versements sans int\u00e9r\u00eat.","og_url":"https:\/\/tupique.com\/en\/product\/lotion-hydratante-dramatically-different-clinique-50-ml-125-ml\/","og_site_name":"Tupique","og_image":[{"width":1200,"height":1200,"url":"https:\/\/tupique.com\/wp-content\/uploads\/2026\/05\/0020714598938_0_P02.jpg","type":"image\/jpeg"}],"twitter_card":"summary_large_image","schema":{"@context":"https:\/\/schema.org","@graph":[{"@type":"WebPage","@id":"https:\/\/tupique.com\/en\/product\/lotion-hydratante-dramatically-different-clinique-50-ml-125-ml\/","url":"https:\/\/tupique.com\/en\/product\/lotion-hydratante-dramatically-different-clinique-50-ml-125-ml\/","name":"Lotion hydratante Dramatically Different Clinique 50 ml 125 ml | | Tupique","isPartOf":{"@id":"https:\/\/tupique.com\/#website"},"primaryImageOfPage":{"@id":"https:\/\/tupique.com\/en\/product\/lotion-hydratante-dramatically-different-clinique-50-ml-125-ml\/#primaryimage"},"image":{"@id":"https:\/\/tupique.com\/en\/product\/lotion-hydratante-dramatically-different-clinique-50-ml-125-ml\/#primaryimage"},"thumbnailUrl":"https:\/\/tupique.com\/wp-content\/uploads\/2026\/05\/0020714598938_0_P02.jpg","datePublished":"2026-05-11T09:52:55+00:00","description":"Envie d'acheter Lotion hydratante Dramatically Different Clinique 50 ml 125 ml\u00a0? Achetez Lotion hydratante Dramatically Different Clinique 50 ml 125 ml maintenant avec Tupique en 3 versements sans int\u00e9r\u00eat.","breadcrumb":{"@id":"https:\/\/tupique.com\/en\/product\/lotion-hydratante-dramatically-different-clinique-50-ml-125-ml\/#breadcrumb"},"inLanguage":"en-GB","potentialAction":[{"@type":"ReadAction","target":["https:\/\/tupique.com\/en\/product\/lotion-hydratante-dramatically-different-clinique-50-ml-125-ml\/"]}]},{"@type":"ImageObject","inLanguage":"en-GB","@id":"https:\/\/tupique.com\/en\/product\/lotion-hydratante-dramatically-different-clinique-50-ml-125-ml\/#primaryimage","url":"https:\/\/tupique.com\/wp-content\/uploads\/2026\/05\/0020714598938_0_P02.jpg","contentUrl":"https:\/\/tupique.com\/wp-content\/uploads\/2026\/05\/0020714598938_0_P02.jpg","width":1200,"height":1200,"caption":"S0509717_0"},{"@type":"BreadcrumbList","@id":"https:\/\/tupique.com\/en\/product\/lotion-hydratante-dramatically-different-clinique-50-ml-125-ml\/#breadcrumb","itemListElement":[{"@type":"ListItem","position":1,"name":"commencer","item":"https:\/\/tupique.com\/"},{"@type":"ListItem","position":2,"name":"Loja","item":"https:\/\/tupique.com\/pt\/loja\/"},{"@type":"ListItem","position":3,"name":"Lotion hydratante Dramatically Different Clinique 50 ml 125 ml"}]},{"@type":"WebSite","@id":"https:\/\/tupique.com\/#website","url":"https:\/\/tupique.com\/","name":"Tupique","description":"","publisher":{"@id":"https:\/\/tupique.com\/#organization"},"potentialAction":[{"@type":"SearchAction","target":{"@type":"EntryPoint","urlTemplate":"https:\/\/tupique.com\/?s={search_term_string}"},"query-input":{"@type":"PropertyValueSpecification","valueRequired":true,"valueName":"search_term_string"}}],"inLanguage":"en-GB"},{"@type":"Organization","@id":"https:\/\/tupique.com\/#organization","name":"Tupique","url":"https:\/\/tupique.com\/","logo":{"@type":"ImageObject","inLanguage":"en-GB","@id":"https:\/\/tupique.com\/#\/schema\/logo\/image\/","url":"https:\/\/tupique.com\/wp-content\/uploads\/2026\/03\/logo-tupique-1.webp","contentUrl":"https:\/\/tupique.com\/wp-content\/uploads\/2026\/03\/logo-tupique-1.webp","width":500,"height":67,"caption":"Tupique"},"image":{"@id":"https:\/\/tupique.com\/#\/schema\/logo\/image\/"}}]}},"_links":{"self":[{"href":"https:\/\/tupique.com\/en\/wp-json\/wp\/v2\/product\/179458","targetHints":{"allow":["GET"]}}],"collection":[{"href":"https:\/\/tupique.com\/en\/wp-json\/wp\/v2\/product"}],"about":[{"href":"https:\/\/tupique.com\/en\/wp-json\/wp\/v2\/types\/product"}],"replies":[{"embeddable":true,"href":"https:\/\/tupique.com\/en\/wp-json\/wp\/v2\/comments?post=179458"}],"wp:featuredmedia":[{"embeddable":true,"href":"https:\/\/tupique.com\/en\/wp-json\/wp\/v2\/media\/179454"}],"wp:attachment":[{"href":"https:\/\/tupique.com\/en\/wp-json\/wp\/v2\/media?parent=179458"}],"wp:term":[{"taxonomy":"product_brand","embeddable":true,"href":"https:\/\/tupique.com\/en\/wp-json\/wp\/v2\/product_brand?post=179458"},{"taxonomy":"product_cat","embeddable":true,"href":"https:\/\/tupique.com\/en\/wp-json\/wp\/v2\/product_cat?post=179458"},{"taxonomy":"product_tag","embeddable":true,"href":"https:\/\/tupique.com\/en\/wp-json\/wp\/v2\/product_tag?post=179458"},{"taxonomy":"woo-feed-brand","embeddable":true,"href":"https:\/\/tupique.com\/en\/wp-json\/wp\/v2\/woo-feed-brand?post=179458"}],"curies":[{"name":"wp","href":"https:\/\/api.w.org\/{rel}","templated":true}]}}