{"id":179493,"date":"2026-05-11T11:53:48","date_gmt":"2026-05-11T09:53:48","guid":{"rendered":"https:\/\/tupique.com\/product\/cadre-huile-roses-bois-de-pin\/"},"modified":"2026-05-11T21:12:47","modified_gmt":"2026-05-11T19:12:47","slug":"cadre-huile-roses-bois-de-pin","status":"publish","type":"product","link":"https:\/\/tupique.com\/en\/product\/cadre-huile-roses-bois-de-pin\/","title":{"rendered":"Cadre Huile Roses Bois de pin"},"content":{"rendered":"<p>Vous voulez donner une touche d&#8217;originalit\u00e9 \u00e0 votre maison ? Vous y arriverez gr\u00e2ce au <b>Cadre Huile Roses Bois de pin<\/b>.<\/p>\n<ul>\n<li>Long: 80 cm<\/li>\n<li>Mat\u00e9riel:\n<ul>\n<li>Toile<\/li>\n<li>Bois de pin<\/li>\n<\/ul>\n<\/li>\n<li>Ch\u00e2ssis: Bois de pin<\/li>\n<li>Largeur: 4 cm<\/li>\n<li>\u00c9lev\u00e9: 100 cm<\/li>\n<li>Inclut: Fixations murales<\/li>\n<li>Dimensions approx.: 80 x 4 x 100 cm<\/li>\n<li>Caract\u00e9ristiques: Ancrages inclus<\/li>\n<li>Poids: 1,7 kg<\/li>\n<\/ul>","protected":false},"excerpt":{"rendered":"<p>Vous voulez donner une touche d&#8217;originalit\u00e9 \u00e0 votre maison ? Vous y arriverez gr\u00e2ce au Cadre Huile Roses Bois de pin. Long: 80 cm Mat\u00e9riel: Toile Bois de pin Ch\u00e2ssis: Bois de pin Largeur: 4 cm \u00c9lev\u00e9: 100 cm Inclut: Fixations murales Dimensions approx.: 80 x 4 x 100 cm Caract\u00e9ristiques: Ancrages inclus Poids: 1,7 [&hellip;]<\/p>\n","protected":false},"featured_media":179490,"comment_status":"open","ping_status":"closed","template":"","meta":[],"product_brand":[122],"product_cat":[1430,239,1729],"product_tag":[101],"class_list":{"0":"post-179493","1":"product","2":"type-product","3":"status-publish","4":"has-post-thumbnail","6":"product_brand-brandp_2386","7":"product_cat-decoration-et-eclairage","8":"product_cat-maison-jardin","9":"product_cat-tableaux-et-affiches","10":"product_tag-tag_599","12":"first","13":"instock","14":"taxable","15":"shipping-taxable","16":"purchasable","17":"product-type-simple"},"yoast_head":"<!-- This site is optimized with the Yoast SEO plugin v27.5 - https:\/\/yoast.com\/product\/yoast-seo-wordpress\/ -->\n<title>Cadre Huile Roses Bois de pin - Tupique<\/title>\n<meta name=\"robots\" content=\"index, follow, max-snippet:-1, max-image-preview:large, max-video-preview:-1\" \/>\n<link rel=\"canonical\" href=\"https:\/\/tupique.com\/en\/product\/cadre-huile-roses-bois-de-pin\/\" \/>\n<meta property=\"og:locale\" content=\"en_GB\" \/>\n<meta property=\"og:type\" content=\"article\" \/>\n<meta property=\"og:title\" content=\"Cadre Huile Roses Bois de pin - Tupique\" \/>\n<meta property=\"og:description\" content=\"Vous voulez donner une touche d&#8217;originalit\u00e9 \u00e0 votre maison ? Vous y arriverez gr\u00e2ce au Cadre Huile Roses Bois de pin. Long: 80 cm Mat\u00e9riel: Toile Bois de pin Ch\u00e2ssis: Bois de pin Largeur: 4 cm \u00c9lev\u00e9: 100 cm Inclut: Fixations murales Dimensions approx.: 80 x 4 x 100 cm Caract\u00e9ristiques: Ancrages inclus Poids: 1,7 [&hellip;]\" \/>\n<meta property=\"og:url\" content=\"https:\/\/tupique.com\/en\/product\/cadre-huile-roses-bois-de-pin\/\" \/>\n<meta property=\"og:site_name\" content=\"Tupique\" \/>\n<meta property=\"article:modified_time\" content=\"2026-05-11T19:12:47+00:00\" \/>\n<meta name=\"twitter:card\" content=\"summary_large_image\" \/>\n<script type=\"application\/ld+json\" class=\"yoast-schema-graph\">{\"@context\":\"https:\\\/\\\/schema.org\",\"@graph\":[{\"@type\":\"WebPage\",\"@id\":\"https:\\\/\\\/tupique.com\\\/product\\\/cadre-huile-roses-bois-de-pin\\\/\",\"url\":\"https:\\\/\\\/tupique.com\\\/product\\\/cadre-huile-roses-bois-de-pin\\\/\",\"name\":\"Cadre Huile Roses Bois de pin - Tupique\",\"isPartOf\":{\"@id\":\"https:\\\/\\\/tupique.com\\\/#website\"},\"primaryImageOfPage\":{\"@id\":\"https:\\\/\\\/tupique.com\\\/product\\\/cadre-huile-roses-bois-de-pin\\\/#primaryimage\"},\"image\":{\"@id\":\"https:\\\/\\\/tupique.com\\\/product\\\/cadre-huile-roses-bois-de-pin\\\/#primaryimage\"},\"thumbnailUrl\":\"https:\\\/\\\/tupique.com\\\/wp-content\\\/uploads\\\/2026\\\/05\\\/8434592030022_0_P01.jpg\",\"datePublished\":\"2026-05-11T09:53:48+00:00\",\"dateModified\":\"2026-05-11T19:12:47+00:00\",\"breadcrumb\":{\"@id\":\"https:\\\/\\\/tupique.com\\\/product\\\/cadre-huile-roses-bois-de-pin\\\/#breadcrumb\"},\"inLanguage\":\"en-GB\",\"potentialAction\":[{\"@type\":\"ReadAction\",\"target\":[\"https:\\\/\\\/tupique.com\\\/product\\\/cadre-huile-roses-bois-de-pin\\\/\"]}]},{\"@type\":\"ImageObject\",\"inLanguage\":\"en-GB\",\"@id\":\"https:\\\/\\\/tupique.com\\\/product\\\/cadre-huile-roses-bois-de-pin\\\/#primaryimage\",\"url\":\"https:\\\/\\\/tupique.com\\\/wp-content\\\/uploads\\\/2026\\\/05\\\/8434592030022_0_P01.jpg\",\"contentUrl\":\"https:\\\/\\\/tupique.com\\\/wp-content\\\/uploads\\\/2026\\\/05\\\/8434592030022_0_P01.jpg\",\"width\":1200,\"height\":1200,\"caption\":\"S0110298_0\"},{\"@type\":\"BreadcrumbList\",\"@id\":\"https:\\\/\\\/tupique.com\\\/product\\\/cadre-huile-roses-bois-de-pin\\\/#breadcrumb\",\"itemListElement\":[{\"@type\":\"ListItem\",\"position\":1,\"name\":\"commencer\",\"item\":\"https:\\\/\\\/tupique.com\\\/\"},{\"@type\":\"ListItem\",\"position\":2,\"name\":\"Loja\",\"item\":\"https:\\\/\\\/tupique.com\\\/loja\\\/\"},{\"@type\":\"ListItem\",\"position\":3,\"name\":\"Cadre Huile Roses Bois de pin\"}]},{\"@type\":\"WebSite\",\"@id\":\"https:\\\/\\\/tupique.com\\\/#website\",\"url\":\"https:\\\/\\\/tupique.com\\\/\",\"name\":\"Tupique\",\"description\":\"\",\"publisher\":{\"@id\":\"https:\\\/\\\/tupique.com\\\/#organization\"},\"potentialAction\":[{\"@type\":\"SearchAction\",\"target\":{\"@type\":\"EntryPoint\",\"urlTemplate\":\"https:\\\/\\\/tupique.com\\\/?s={search_term_string}\"},\"query-input\":{\"@type\":\"PropertyValueSpecification\",\"valueRequired\":true,\"valueName\":\"search_term_string\"}}],\"inLanguage\":\"en-GB\"},{\"@type\":\"Organization\",\"@id\":\"https:\\\/\\\/tupique.com\\\/#organization\",\"name\":\"Tupique\",\"url\":\"https:\\\/\\\/tupique.com\\\/\",\"logo\":{\"@type\":\"ImageObject\",\"inLanguage\":\"en-GB\",\"@id\":\"https:\\\/\\\/tupique.com\\\/#\\\/schema\\\/logo\\\/image\\\/\",\"url\":\"https:\\\/\\\/tupique.com\\\/wp-content\\\/uploads\\\/2026\\\/03\\\/logo-tupique-1.webp\",\"contentUrl\":\"https:\\\/\\\/tupique.com\\\/wp-content\\\/uploads\\\/2026\\\/03\\\/logo-tupique-1.webp\",\"width\":500,\"height\":67,\"caption\":\"Tupique\"},\"image\":{\"@id\":\"https:\\\/\\\/tupique.com\\\/#\\\/schema\\\/logo\\\/image\\\/\"}}]}<\/script>\n<!-- \/ Yoast SEO plugin. -->","yoast_head_json":{"title":"Cadre Huile Roses Bois de pin - Tupique","robots":{"index":"index","follow":"follow","max-snippet":"max-snippet:-1","max-image-preview":"max-image-preview:large","max-video-preview":"max-video-preview:-1"},"canonical":"https:\/\/tupique.com\/en\/product\/cadre-huile-roses-bois-de-pin\/","og_locale":"en_GB","og_type":"article","og_title":"Cadre Huile Roses Bois de pin - Tupique","og_description":"Vous voulez donner une touche d&#8217;originalit\u00e9 \u00e0 votre maison ? Vous y arriverez gr\u00e2ce au Cadre Huile Roses Bois de pin. Long: 80 cm Mat\u00e9riel: Toile Bois de pin Ch\u00e2ssis: Bois de pin Largeur: 4 cm \u00c9lev\u00e9: 100 cm Inclut: Fixations murales Dimensions approx.: 80 x 4 x 100 cm Caract\u00e9ristiques: Ancrages inclus Poids: 1,7 [&hellip;]","og_url":"https:\/\/tupique.com\/en\/product\/cadre-huile-roses-bois-de-pin\/","og_site_name":"Tupique","article_modified_time":"2026-05-11T19:12:47+00:00","twitter_card":"summary_large_image","schema":{"@context":"https:\/\/schema.org","@graph":[{"@type":"WebPage","@id":"https:\/\/tupique.com\/product\/cadre-huile-roses-bois-de-pin\/","url":"https:\/\/tupique.com\/product\/cadre-huile-roses-bois-de-pin\/","name":"Cadre Huile Roses Bois de pin - Tupique","isPartOf":{"@id":"https:\/\/tupique.com\/#website"},"primaryImageOfPage":{"@id":"https:\/\/tupique.com\/product\/cadre-huile-roses-bois-de-pin\/#primaryimage"},"image":{"@id":"https:\/\/tupique.com\/product\/cadre-huile-roses-bois-de-pin\/#primaryimage"},"thumbnailUrl":"https:\/\/tupique.com\/wp-content\/uploads\/2026\/05\/8434592030022_0_P01.jpg","datePublished":"2026-05-11T09:53:48+00:00","dateModified":"2026-05-11T19:12:47+00:00","breadcrumb":{"@id":"https:\/\/tupique.com\/product\/cadre-huile-roses-bois-de-pin\/#breadcrumb"},"inLanguage":"en-GB","potentialAction":[{"@type":"ReadAction","target":["https:\/\/tupique.com\/product\/cadre-huile-roses-bois-de-pin\/"]}]},{"@type":"ImageObject","inLanguage":"en-GB","@id":"https:\/\/tupique.com\/product\/cadre-huile-roses-bois-de-pin\/#primaryimage","url":"https:\/\/tupique.com\/wp-content\/uploads\/2026\/05\/8434592030022_0_P01.jpg","contentUrl":"https:\/\/tupique.com\/wp-content\/uploads\/2026\/05\/8434592030022_0_P01.jpg","width":1200,"height":1200,"caption":"S0110298_0"},{"@type":"BreadcrumbList","@id":"https:\/\/tupique.com\/product\/cadre-huile-roses-bois-de-pin\/#breadcrumb","itemListElement":[{"@type":"ListItem","position":1,"name":"commencer","item":"https:\/\/tupique.com\/"},{"@type":"ListItem","position":2,"name":"Loja","item":"https:\/\/tupique.com\/loja\/"},{"@type":"ListItem","position":3,"name":"Cadre Huile Roses Bois de pin"}]},{"@type":"WebSite","@id":"https:\/\/tupique.com\/#website","url":"https:\/\/tupique.com\/","name":"Tupique","description":"","publisher":{"@id":"https:\/\/tupique.com\/#organization"},"potentialAction":[{"@type":"SearchAction","target":{"@type":"EntryPoint","urlTemplate":"https:\/\/tupique.com\/?s={search_term_string}"},"query-input":{"@type":"PropertyValueSpecification","valueRequired":true,"valueName":"search_term_string"}}],"inLanguage":"en-GB"},{"@type":"Organization","@id":"https:\/\/tupique.com\/#organization","name":"Tupique","url":"https:\/\/tupique.com\/","logo":{"@type":"ImageObject","inLanguage":"en-GB","@id":"https:\/\/tupique.com\/#\/schema\/logo\/image\/","url":"https:\/\/tupique.com\/wp-content\/uploads\/2026\/03\/logo-tupique-1.webp","contentUrl":"https:\/\/tupique.com\/wp-content\/uploads\/2026\/03\/logo-tupique-1.webp","width":500,"height":67,"caption":"Tupique"},"image":{"@id":"https:\/\/tupique.com\/#\/schema\/logo\/image\/"}}]}},"_links":{"self":[{"href":"https:\/\/tupique.com\/en\/wp-json\/wp\/v2\/product\/179493","targetHints":{"allow":["GET"]}}],"collection":[{"href":"https:\/\/tupique.com\/en\/wp-json\/wp\/v2\/product"}],"about":[{"href":"https:\/\/tupique.com\/en\/wp-json\/wp\/v2\/types\/product"}],"replies":[{"embeddable":true,"href":"https:\/\/tupique.com\/en\/wp-json\/wp\/v2\/comments?post=179493"}],"wp:featuredmedia":[{"embeddable":true,"href":"https:\/\/tupique.com\/en\/wp-json\/wp\/v2\/media\/179490"}],"wp:attachment":[{"href":"https:\/\/tupique.com\/en\/wp-json\/wp\/v2\/media?parent=179493"}],"wp:term":[{"taxonomy":"product_brand","embeddable":true,"href":"https:\/\/tupique.com\/en\/wp-json\/wp\/v2\/product_brand?post=179493"},{"taxonomy":"product_cat","embeddable":true,"href":"https:\/\/tupique.com\/en\/wp-json\/wp\/v2\/product_cat?post=179493"},{"taxonomy":"product_tag","embeddable":true,"href":"https:\/\/tupique.com\/en\/wp-json\/wp\/v2\/product_tag?post=179493"}],"curies":[{"name":"wp","href":"https:\/\/api.w.org\/{rel}","templated":true}]}}