{"id":179678,"date":"2026-05-11T11:59:05","date_gmt":"2026-05-11T09:59:05","guid":{"rendered":"https:\/\/tupique.com\/product\/lampe-led-multicolore-dinosaure-lightosaurus-innovagoods\/"},"modified":"2026-05-11T21:23:44","modified_gmt":"2026-05-11T19:23:44","slug":"lampe-led-multicolore-dinosaure-lightosaurus-innovagoods","status":"publish","type":"product","link":"https:\/\/tupique.com\/en\/product\/lampe-led-multicolore-dinosaure-lightosaurus-innovagoods\/","title":{"rendered":"Lampe LED multicolore Dinosaure Lightosaurus InnovaGoods"},"content":{"rendered":"<div class=\"col-md-6\">Si vous aimez l&#8217;univers des gadgets, <b>InnovaGoods<\/b> vous propose les meilleures et les plus originales nouveaut\u00e9s en mati\u00e8re de maison, voitures, voyages, enfants, technologie, divertissements, etc. ! D\u00e9couvrez une vaste gamme de produits de qualit\u00e9 qui se d\u00e9marquent de par leur fonctionnalit\u00e9, leur efficacit\u00e9 et leur design innovant, comme <b>Lampe LED multicolore Dinosaure Lightosaurus InnovaGoods <\/b> !<\/p>\n<p>The <b>Lampe Dinosaure LED Multicolore<\/b> de la marque Inde est une <b>veilleuse<\/b> sp\u00e9cialement con\u00e7ue pour les enfants, alliant fonctionnalit\u00e9, divertissement et d\u00e9coration en un seul produit. Fabriqu\u00e9e en <b>vinyle<\/b>, un mat\u00e9riau r\u00e9sistant et s\u00fbr, cette lampe se distingue par son design attrayant en forme de dinosaure et une finition en <b>blanc<\/b> qui s\u2019illumine en tons <b>multicolores<\/b>, permettant de cr\u00e9er une ambiance chaleureuse et accueillante pour les plus petits. Id\u00e9ale pour les chambres d\u2019enfants, elle peut \u00eatre utilis\u00e9e comme lumi\u00e8re d\u2019accompagnement pour apaiser les peurs nocturnes et comme \u00e9l\u00e9ment d\u00e9coratif charmant qui s\u2019adapte parfaitement \u00e0 tout espace enfantin. En plus de sa fonction lumineuse, cette lampe sert aussi de jouet, stimulant l\u2019imagination et le jeu des enfants. Son origine <b>chinoise<\/b> ne compromet pas la qualit\u00e9, car elle est fabriqu\u00e9e selon les normes adapt\u00e9es aux produits pour enfants. Cette lampe offre une solution polyvalente et pratique pour ceux qui recherchent un article combinant fonction et plaisir dans un design accessible et pens\u00e9 pour un usage quotidien. En r\u00e9sum\u00e9, c\u2019est une option fonctionnelle et d\u00e9corative pour cr\u00e9er une atmosph\u00e8re douce et color\u00e9e dans la chambre des enfants.<\/p>\n<ul>\n<li>Mat\u00e9riel: Autocollants<\/li>\n<li>Couleur: Blanc<\/li>\n<li>Type: Lampe portative<\/li>\n<li>Conception originale: Multifonction<\/li>\n<li>Enfant: Id\u00e9al comme veilleuse de nuit<\/li>\n<li>S\u00e9quence LED multicolore: RGB<\/li>\n<li>S\u00fbr: Elle ne chauffe pas et ne provoque pas de br\u00fblures<\/li>\n<li>D\u00e9coratif: Id\u00e9al pour faire un cadeau<\/li>\n<li>\u00c2ge recommand\u00e9: + 3 ans<\/li>\n<li>Facile \u00e0 utiliser, l\u00e9ger et maniable: Utilisation pratique et simple<\/li>\n<li>Taille r\u00e9duite et compacte: Facile \u00e0 transporter et \u00e0 ranger<\/li>\n<li>Nombre de batteries: 3<\/li>\n<li>Type de batterie: LR44<\/li>\n<li>Piles incluses: Oui<\/li>\n<li>Dimensions approx.: 13 x 12 x 8 cm<\/li>\n<li>Caract\u00e9ristiques: Une lampe LED amusante en forme de dinosaure. Id\u00e9al pour les enfants. Peut \u00eatre utilis\u00e9e comme une lampe, une veilleuse, un jouet et comme d\u00e9coration pour les enfants<\/li>\n<li>Packaging et manuel en 24 langues: anglais, fran\u00e7ais, espagnol, allemand, italien, portugais, n\u00e9erlandais, polonais, hongrois, roumain, danois, su\u00e9dois, finnois, lituanien, norv\u00e9gien, slov\u00e8ne, grec, tch\u00e8que, bulgare, croate, slovaque, estonien, russe, letton<\/li>\n<\/ul>\n<p>Packaging et manuel en 24 langues: anglais, fran\u00e7ais, espagnol, allemand, italien, portugais, n\u00e9erlandais, polonais, hongrois, roumain, danois, su\u00e9dois, finnois, lituanien, norv\u00e9gien, slov\u00e8ne, grec, tch\u00e8que, bulgare, croate, slovaque, estonien, russe, letton.<\/p><\/div>\n<div class=\"col-md-6\">\n<div class=\"embed-responsive embed-responsive-16by9\"><iframe class=\"embed-responsive-item\" src=\"https:\/\/www.youtube.com\/embed\/BfWoJwEzeMw\" frameborder=\"0\" allowfullscreen><\/iframe><\/div>\n<\/div>","protected":false},"excerpt":{"rendered":"<p><span class=\"unit-info\">17.9900 &euro; \/ 1 unit<\/span><\/p>","protected":false},"featured_media":179673,"comment_status":"open","ping_status":"closed","template":"","meta":[],"product_brand":[256],"product_cat":[251,63,1834,1430,1727,1463,1428,1866,1797,157,1431,239,1796],"product_tag":[103],"woo-feed-brand":[],"class_list":{"0":"post-179678","1":"product","2":"type-product","3":"status-publish","4":"has-post-thumbnail","6":"product_brand-brandp_1281","7":"product_cat-bebes-et-enfants","8":"product_cat-cadeaux-originaux","9":"product_cat-cadeaux-pour-enfants","10":"product_cat-decoration-et-eclairage","11":"product_cat-decorations-pour-enfants","12":"product_cat-eclairage-led","13":"product_cat-fetes-et-celebrations","14":"product_cat-heure-du-coucher","15":"product_cat-idees-pour-la-maison","16":"product_cat-jouets-deguisements","17":"product_cat-lampes","18":"product_cat-maison-jardin","19":"product_cat-teleachat-vu-a-la-television","20":"product_tag-tag_1261","22":"first","23":"instock","24":"taxable","25":"shipping-taxable","26":"purchasable","27":"product-type-simple"},"yoast_head":"<!-- This site is optimized with the Yoast SEO plugin v27.6 - https:\/\/yoast.com\/product\/yoast-seo-wordpress\/ -->\n<title>Lampe LED multicolore Dinosaure Lightosaurus InnovaGoods | | Tupique<\/title>\n<meta name=\"description\" content=\"Envie d&#039;acheter Lampe LED multicolore Dinosaure Lightosaurus InnovaGoods\u00a0? Achetez Lampe LED multicolore Dinosaure Lightosaurus InnovaGoods maintenant avec Tupique en 3 versements sans int\u00e9r\u00eat.\" \/>\n<meta name=\"robots\" content=\"index, follow, max-snippet:-1, max-image-preview:large, max-video-preview:-1\" \/>\n<link rel=\"canonical\" href=\"https:\/\/tupique.com\/en\/product\/lampe-led-multicolore-dinosaure-lightosaurus-innovagoods\/\" \/>\n<meta property=\"og:locale\" content=\"en_GB\" \/>\n<meta property=\"og:type\" content=\"article\" \/>\n<meta property=\"og:title\" content=\"Lampe LED multicolore Dinosaure Lightosaurus InnovaGoods | | Tupique\" \/>\n<meta property=\"og:description\" content=\"Envie d&#039;acheter Lampe LED multicolore Dinosaure Lightosaurus InnovaGoods\u00a0? Achetez Lampe LED multicolore Dinosaure Lightosaurus InnovaGoods maintenant avec Tupique en 3 versements sans int\u00e9r\u00eat.\" \/>\n<meta property=\"og:url\" content=\"https:\/\/tupique.com\/en\/product\/lampe-led-multicolore-dinosaure-lightosaurus-innovagoods\/\" \/>\n<meta property=\"og:site_name\" content=\"Tupique\" \/>\n<meta property=\"article:modified_time\" content=\"2026-05-11T19:23:44+00:00\" \/>\n<meta property=\"og:image\" content=\"https:\/\/tupique.com\/wp-content\/uploads\/2026\/05\/V0103002_000_MKT-v_13.jpg\" \/>\n\t<meta property=\"og:image:width\" content=\"1200\" \/>\n\t<meta property=\"og:image:height\" content=\"1200\" \/>\n\t<meta property=\"og:image:type\" content=\"image\/jpeg\" \/>\n<meta name=\"twitter:card\" content=\"summary_large_image\" \/>\n<meta name=\"twitter:label1\" content=\"Est. reading time\" \/>\n\t<meta name=\"twitter:data1\" content=\"2 minutes\" \/>\n<script type=\"application\/ld+json\" class=\"yoast-schema-graph\">{\"@context\":\"https:\\\/\\\/schema.org\",\"@graph\":[{\"@type\":\"WebPage\",\"@id\":\"https:\\\/\\\/tupique.com\\\/pt\\\/product\\\/lampe-led-multicolore-dinosaure-lightosaurus-innovagoods\\\/\",\"url\":\"https:\\\/\\\/tupique.com\\\/pt\\\/product\\\/lampe-led-multicolore-dinosaure-lightosaurus-innovagoods\\\/\",\"name\":\"Lampe LED multicolore Dinosaure Lightosaurus InnovaGoods | | Tupique\",\"isPartOf\":{\"@id\":\"https:\\\/\\\/tupique.com\\\/#website\"},\"primaryImageOfPage\":{\"@id\":\"https:\\\/\\\/tupique.com\\\/pt\\\/product\\\/lampe-led-multicolore-dinosaure-lightosaurus-innovagoods\\\/#primaryimage\"},\"image\":{\"@id\":\"https:\\\/\\\/tupique.com\\\/pt\\\/product\\\/lampe-led-multicolore-dinosaure-lightosaurus-innovagoods\\\/#primaryimage\"},\"thumbnailUrl\":\"https:\\\/\\\/tupique.com\\\/wp-content\\\/uploads\\\/2026\\\/05\\\/V0103002_000_MKT-v_13.jpg\",\"datePublished\":\"2026-05-11T09:59:05+00:00\",\"dateModified\":\"2026-05-11T19:23:44+00:00\",\"description\":\"Envie d'acheter Lampe LED multicolore Dinosaure Lightosaurus InnovaGoods\u00a0? Achetez Lampe LED multicolore Dinosaure Lightosaurus InnovaGoods maintenant avec Tupique en 3 versements sans int\u00e9r\u00eat.\",\"breadcrumb\":{\"@id\":\"https:\\\/\\\/tupique.com\\\/pt\\\/product\\\/lampe-led-multicolore-dinosaure-lightosaurus-innovagoods\\\/#breadcrumb\"},\"inLanguage\":\"en-GB\",\"potentialAction\":[{\"@type\":\"ReadAction\",\"target\":[\"https:\\\/\\\/tupique.com\\\/pt\\\/product\\\/lampe-led-multicolore-dinosaure-lightosaurus-innovagoods\\\/\"]}]},{\"@type\":\"ImageObject\",\"inLanguage\":\"en-GB\",\"@id\":\"https:\\\/\\\/tupique.com\\\/pt\\\/product\\\/lampe-led-multicolore-dinosaure-lightosaurus-innovagoods\\\/#primaryimage\",\"url\":\"https:\\\/\\\/tupique.com\\\/wp-content\\\/uploads\\\/2026\\\/05\\\/V0103002_000_MKT-v_13.jpg\",\"contentUrl\":\"https:\\\/\\\/tupique.com\\\/wp-content\\\/uploads\\\/2026\\\/05\\\/V0103002_000_MKT-v_13.jpg\",\"width\":1200,\"height\":1200,\"caption\":\"V0103002_0\"},{\"@type\":\"BreadcrumbList\",\"@id\":\"https:\\\/\\\/tupique.com\\\/pt\\\/product\\\/lampe-led-multicolore-dinosaure-lightosaurus-innovagoods\\\/#breadcrumb\",\"itemListElement\":[{\"@type\":\"ListItem\",\"position\":1,\"name\":\"commencer\",\"item\":\"https:\\\/\\\/tupique.com\\\/\"},{\"@type\":\"ListItem\",\"position\":2,\"name\":\"Loja\",\"item\":\"https:\\\/\\\/tupique.com\\\/pt\\\/loja\\\/\"},{\"@type\":\"ListItem\",\"position\":3,\"name\":\"Lampe LED multicolore Dinosaure Lightosaurus InnovaGoods\"}]},{\"@type\":\"WebSite\",\"@id\":\"https:\\\/\\\/tupique.com\\\/#website\",\"url\":\"https:\\\/\\\/tupique.com\\\/\",\"name\":\"Tupique\",\"description\":\"\",\"publisher\":{\"@id\":\"https:\\\/\\\/tupique.com\\\/#organization\"},\"potentialAction\":[{\"@type\":\"SearchAction\",\"target\":{\"@type\":\"EntryPoint\",\"urlTemplate\":\"https:\\\/\\\/tupique.com\\\/?s={search_term_string}\"},\"query-input\":{\"@type\":\"PropertyValueSpecification\",\"valueRequired\":true,\"valueName\":\"search_term_string\"}}],\"inLanguage\":\"en-GB\"},{\"@type\":\"Organization\",\"@id\":\"https:\\\/\\\/tupique.com\\\/#organization\",\"name\":\"Tupique\",\"url\":\"https:\\\/\\\/tupique.com\\\/\",\"logo\":{\"@type\":\"ImageObject\",\"inLanguage\":\"en-GB\",\"@id\":\"https:\\\/\\\/tupique.com\\\/#\\\/schema\\\/logo\\\/image\\\/\",\"url\":\"https:\\\/\\\/tupique.com\\\/wp-content\\\/uploads\\\/2026\\\/03\\\/logo-tupique-1.webp\",\"contentUrl\":\"https:\\\/\\\/tupique.com\\\/wp-content\\\/uploads\\\/2026\\\/03\\\/logo-tupique-1.webp\",\"width\":500,\"height\":67,\"caption\":\"Tupique\"},\"image\":{\"@id\":\"https:\\\/\\\/tupique.com\\\/#\\\/schema\\\/logo\\\/image\\\/\"}}]}<\/script>\n<!-- \/ Yoast SEO plugin. -->","yoast_head_json":{"title":"Lampe LED multicolore Dinosaure Lightosaurus InnovaGoods | | Tupique","description":"Envie d'acheter Lampe LED multicolore Dinosaure Lightosaurus InnovaGoods\u00a0? Achetez Lampe LED multicolore Dinosaure Lightosaurus InnovaGoods maintenant avec Tupique en 3 versements sans int\u00e9r\u00eat.","robots":{"index":"index","follow":"follow","max-snippet":"max-snippet:-1","max-image-preview":"max-image-preview:large","max-video-preview":"max-video-preview:-1"},"canonical":"https:\/\/tupique.com\/en\/product\/lampe-led-multicolore-dinosaure-lightosaurus-innovagoods\/","og_locale":"en_GB","og_type":"article","og_title":"Lampe LED multicolore Dinosaure Lightosaurus InnovaGoods | | Tupique","og_description":"Envie d'acheter Lampe LED multicolore Dinosaure Lightosaurus InnovaGoods\u00a0? Achetez Lampe LED multicolore Dinosaure Lightosaurus InnovaGoods maintenant avec Tupique en 3 versements sans int\u00e9r\u00eat.","og_url":"https:\/\/tupique.com\/en\/product\/lampe-led-multicolore-dinosaure-lightosaurus-innovagoods\/","og_site_name":"Tupique","article_modified_time":"2026-05-11T19:23:44+00:00","og_image":[{"width":1200,"height":1200,"url":"https:\/\/tupique.com\/wp-content\/uploads\/2026\/05\/V0103002_000_MKT-v_13.jpg","type":"image\/jpeg"}],"twitter_card":"summary_large_image","twitter_misc":{"Est. reading time":"2 minutes"},"schema":{"@context":"https:\/\/schema.org","@graph":[{"@type":"WebPage","@id":"https:\/\/tupique.com\/pt\/product\/lampe-led-multicolore-dinosaure-lightosaurus-innovagoods\/","url":"https:\/\/tupique.com\/pt\/product\/lampe-led-multicolore-dinosaure-lightosaurus-innovagoods\/","name":"Lampe LED multicolore Dinosaure Lightosaurus InnovaGoods | | Tupique","isPartOf":{"@id":"https:\/\/tupique.com\/#website"},"primaryImageOfPage":{"@id":"https:\/\/tupique.com\/pt\/product\/lampe-led-multicolore-dinosaure-lightosaurus-innovagoods\/#primaryimage"},"image":{"@id":"https:\/\/tupique.com\/pt\/product\/lampe-led-multicolore-dinosaure-lightosaurus-innovagoods\/#primaryimage"},"thumbnailUrl":"https:\/\/tupique.com\/wp-content\/uploads\/2026\/05\/V0103002_000_MKT-v_13.jpg","datePublished":"2026-05-11T09:59:05+00:00","dateModified":"2026-05-11T19:23:44+00:00","description":"Envie d'acheter Lampe LED multicolore Dinosaure Lightosaurus InnovaGoods\u00a0? Achetez Lampe LED multicolore Dinosaure Lightosaurus InnovaGoods maintenant avec Tupique en 3 versements sans int\u00e9r\u00eat.","breadcrumb":{"@id":"https:\/\/tupique.com\/pt\/product\/lampe-led-multicolore-dinosaure-lightosaurus-innovagoods\/#breadcrumb"},"inLanguage":"en-GB","potentialAction":[{"@type":"ReadAction","target":["https:\/\/tupique.com\/pt\/product\/lampe-led-multicolore-dinosaure-lightosaurus-innovagoods\/"]}]},{"@type":"ImageObject","inLanguage":"en-GB","@id":"https:\/\/tupique.com\/pt\/product\/lampe-led-multicolore-dinosaure-lightosaurus-innovagoods\/#primaryimage","url":"https:\/\/tupique.com\/wp-content\/uploads\/2026\/05\/V0103002_000_MKT-v_13.jpg","contentUrl":"https:\/\/tupique.com\/wp-content\/uploads\/2026\/05\/V0103002_000_MKT-v_13.jpg","width":1200,"height":1200,"caption":"V0103002_0"},{"@type":"BreadcrumbList","@id":"https:\/\/tupique.com\/pt\/product\/lampe-led-multicolore-dinosaure-lightosaurus-innovagoods\/#breadcrumb","itemListElement":[{"@type":"ListItem","position":1,"name":"commencer","item":"https:\/\/tupique.com\/"},{"@type":"ListItem","position":2,"name":"Loja","item":"https:\/\/tupique.com\/pt\/loja\/"},{"@type":"ListItem","position":3,"name":"Lampe LED multicolore Dinosaure Lightosaurus InnovaGoods"}]},{"@type":"WebSite","@id":"https:\/\/tupique.com\/#website","url":"https:\/\/tupique.com\/","name":"Tupique","description":"","publisher":{"@id":"https:\/\/tupique.com\/#organization"},"potentialAction":[{"@type":"SearchAction","target":{"@type":"EntryPoint","urlTemplate":"https:\/\/tupique.com\/?s={search_term_string}"},"query-input":{"@type":"PropertyValueSpecification","valueRequired":true,"valueName":"search_term_string"}}],"inLanguage":"en-GB"},{"@type":"Organization","@id":"https:\/\/tupique.com\/#organization","name":"Tupique","url":"https:\/\/tupique.com\/","logo":{"@type":"ImageObject","inLanguage":"en-GB","@id":"https:\/\/tupique.com\/#\/schema\/logo\/image\/","url":"https:\/\/tupique.com\/wp-content\/uploads\/2026\/03\/logo-tupique-1.webp","contentUrl":"https:\/\/tupique.com\/wp-content\/uploads\/2026\/03\/logo-tupique-1.webp","width":500,"height":67,"caption":"Tupique"},"image":{"@id":"https:\/\/tupique.com\/#\/schema\/logo\/image\/"}}]}},"_links":{"self":[{"href":"https:\/\/tupique.com\/en\/wp-json\/wp\/v2\/product\/179678","targetHints":{"allow":["GET"]}}],"collection":[{"href":"https:\/\/tupique.com\/en\/wp-json\/wp\/v2\/product"}],"about":[{"href":"https:\/\/tupique.com\/en\/wp-json\/wp\/v2\/types\/product"}],"replies":[{"embeddable":true,"href":"https:\/\/tupique.com\/en\/wp-json\/wp\/v2\/comments?post=179678"}],"wp:featuredmedia":[{"embeddable":true,"href":"https:\/\/tupique.com\/en\/wp-json\/wp\/v2\/media\/179673"}],"wp:attachment":[{"href":"https:\/\/tupique.com\/en\/wp-json\/wp\/v2\/media?parent=179678"}],"wp:term":[{"taxonomy":"product_brand","embeddable":true,"href":"https:\/\/tupique.com\/en\/wp-json\/wp\/v2\/product_brand?post=179678"},{"taxonomy":"product_cat","embeddable":true,"href":"https:\/\/tupique.com\/en\/wp-json\/wp\/v2\/product_cat?post=179678"},{"taxonomy":"product_tag","embeddable":true,"href":"https:\/\/tupique.com\/en\/wp-json\/wp\/v2\/product_tag?post=179678"},{"taxonomy":"woo-feed-brand","embeddable":true,"href":"https:\/\/tupique.com\/en\/wp-json\/wp\/v2\/woo-feed-brand?post=179678"}],"curies":[{"name":"wp","href":"https:\/\/api.w.org\/{rel}","templated":true}]}}