{"id":179704,"date":"2026-05-11T12:11:21","date_gmt":"2026-05-11T10:11:21","guid":{"rendered":"https:\/\/tupique.com\/product\/ballons-arrosage-automatique-aqua%c2%b7loon-innovagoods-2-unites\/"},"modified":"2026-05-11T21:23:44","modified_gmt":"2026-05-11T19:23:44","slug":"ballons-arrosage-automatique-aqua%c2%b7loon-innovagoods-2-unites","status":"publish","type":"product","link":"https:\/\/tupique.com\/en\/product\/ballons-arrosage-automatique-aqua%c2%b7loon-innovagoods-2-unites\/","title":{"rendered":"Aqua-Loon Automatic Watering Balloons InnovaGoods 2 Units"},"content":{"rendered":"<div class=\"col-md-6\"><b>InnovaGoods<\/b> vous offre les meilleures nouveaut\u00e9s pour la maison, comme <b>Aqua-Loon Automatic Watering Balloons InnovaGoods 2 Units <\/b> ! D\u00e9couvrez une vaste gamme de produits de qualit\u00e9 qui se d\u00e9marquent de par leur fonctionnalit\u00e9, leur efficacit\u00e9 et leur design innovant : \u00e9clairage, organisation, d\u00e9coration, climatisation, jardin, animaux domestiques, nettoyage, etc.<\/p>\n<p>Un syst\u00e8me d&#8217;irrigation innovant, simple et d\u00e9coratif pour arroser les plantes facilement et sans effort, car il capte l&#8217;oxyg\u00e8ne de la terre du pot et fournit la m\u00eame quantit\u00e9 d&#8217;eau.<\/p>\n<p>Les ballons fournissent de l&#8217;eau \u00e0 la plante gr\u00e2ce au goutte \u00e0 goutte petit \u00e0 petit pendant plusieurs jours, maintenant ainsi les plantes toujours bien hydrat\u00e9es.<\/p>\n<ul>\n<li>Mat\u00e9riel: verre<\/li>\n<li>Couleur: Bleu<\/li>\n<li>Type: Ballons arrosage automatique<\/li>\n<li>Unit\u00e9s: 2 Unit\u00e9s<\/li>\n<li>Capacit\u00e9: 2 x 350 ml<\/li>\n<li>Conception originale: Style artisanal<\/li>\n<li>Dur\u00e9e approximative de l&#8217;eau de chaque ballon: 10 Jours<\/li>\n<li>diam\u00e8tre approx.: 9 cm<\/li>\n<li>Longueur env.: 30 cm<\/li>\n<li>Polyvalent et adaptable: Convient \u00e0 tous les types de plantes<\/li>\n<li>Facile \u00e0 utiliser, l\u00e9ger et maniable: remplir les ballons d&#8217;eau et les introduire dans le sol du pot en appuyant fort<\/li>\n<\/ul>\n<p>Packaging en 24 langues: anglais, fran\u00e7ais, espagnol, allemand, italien, portugais, n\u00e9erlandais, polonais, hongrois, roumain, danois, su\u00e9dois, finnois, lituanien, norv\u00e9gien, slov\u00e8ne, grec, tch\u00e8que, bulgare, croate, slovaque, estonien, russe, letton.<\/p><\/div>\n<div class=\"col-md-6\">\n<div class=\"embed-responsive embed-responsive-16by9\"><iframe class=\"embed-responsive-item\" src=\"https:\/\/www.youtube.com\/embed\/43ysxJ6HFSc\" frameborder=\"0\" allowfullscreen><\/iframe><\/div>\n<\/div>","protected":false},"excerpt":{"rendered":"<p><span class=\"unit-info\">0.0171 &euro; \/ 100 ml<\/span><\/p>","protected":false},"featured_media":179697,"comment_status":"open","ping_status":"closed","template":"","meta":[],"product_brand":[256],"product_cat":[63,64,1797,759,760,239,1796,1049],"product_tag":[103,721,210,164],"woo-feed-brand":[],"class_list":{"0":"post-179704","1":"product","2":"type-product","3":"status-publish","4":"has-post-thumbnail","6":"product_brand-brandp_1281","7":"product_cat-cadeaux-originaux","8":"product_cat-cadeaux-pour-la-maison","9":"product_cat-idees-pour-la-maison","10":"product_cat-jardin-et-terrasse","11":"product_cat-jardinage","12":"product_cat-maison-jardin","13":"product_cat-teleachat-vu-a-la-television","14":"product_cat-tuyaux-d-arrosage-et-accessoires","15":"product_tag-tag_1261","16":"product_tag-tag_124","17":"product_tag-tag_25","18":"product_tag-tag_152","20":"first","21":"instock","22":"taxable","23":"shipping-taxable","24":"purchasable","25":"product-type-simple"},"yoast_head":"<!-- This site is optimized with the Yoast SEO plugin v27.5 - https:\/\/yoast.com\/product\/yoast-seo-wordpress\/ -->\n<title>Ballons arrosage automatique Aqua\u00b7Loon InnovaGoods 2 Unit\u00e9s | | Tupique<\/title>\n<meta name=\"description\" content=\"Envie d&#039;acheter Ballons arrosage automatique Aqua\u00b7Loon InnovaGoods 2 Unit\u00e9s\u00a0? Achetez Ballons arrosage automatique Aqua\u00b7Loon InnovaGoods 2 Unit\u00e9s maintenant avec Tupique en 3 versements sans int\u00e9r\u00eat.\" \/>\n<meta name=\"robots\" content=\"index, follow, max-snippet:-1, max-image-preview:large, max-video-preview:-1\" \/>\n<link rel=\"canonical\" href=\"https:\/\/tupique.com\/en\/product\/ballons-arrosage-automatique-aqua\u00b7loon-innovagoods-2-unites\/\" \/>\n<meta property=\"og:locale\" content=\"en_GB\" \/>\n<meta property=\"og:type\" content=\"article\" \/>\n<meta property=\"og:title\" content=\"Ballons arrosage automatique Aqua\u00b7Loon InnovaGoods 2 Unit\u00e9s | | Tupique\" \/>\n<meta property=\"og:description\" content=\"Envie d&#039;acheter Ballons arrosage automatique Aqua\u00b7Loon InnovaGoods 2 Unit\u00e9s\u00a0? Achetez Ballons arrosage automatique Aqua\u00b7Loon InnovaGoods 2 Unit\u00e9s maintenant avec Tupique en 3 versements sans int\u00e9r\u00eat.\" \/>\n<meta property=\"og:url\" content=\"https:\/\/tupique.com\/en\/product\/ballons-arrosage-automatique-aqua\u00b7loon-innovagoods-2-unites\/\" \/>\n<meta property=\"og:site_name\" content=\"Tupique\" \/>\n<meta property=\"article:modified_time\" content=\"2026-05-11T19:23:44+00:00\" \/>\n<meta property=\"og:image\" content=\"https:\/\/tupique.com\/wp-content\/uploads\/2026\/05\/V0103017_000_MKT-v_13.jpg\" \/>\n\t<meta property=\"og:image:width\" content=\"1200\" \/>\n\t<meta property=\"og:image:height\" content=\"1200\" \/>\n\t<meta property=\"og:image:type\" content=\"image\/jpeg\" \/>\n<meta name=\"twitter:card\" content=\"summary_large_image\" \/>\n<meta name=\"twitter:label1\" content=\"Est. reading time\" \/>\n\t<meta name=\"twitter:data1\" content=\"1 minute\" \/>\n<script type=\"application\/ld+json\" class=\"yoast-schema-graph\">{\"@context\":\"https:\\\/\\\/schema.org\",\"@graph\":[{\"@type\":\"WebPage\",\"@id\":\"https:\\\/\\\/tupique.com\\\/en\\\/product\\\/ballons-arrosage-automatique-aqua%c2%b7loon-innovagoods-2-unites\\\/\",\"url\":\"https:\\\/\\\/tupique.com\\\/en\\\/product\\\/ballons-arrosage-automatique-aqua%c2%b7loon-innovagoods-2-unites\\\/\",\"name\":\"Ballons arrosage automatique Aqua\u00b7Loon InnovaGoods 2 Unit\u00e9s | | Tupique\",\"isPartOf\":{\"@id\":\"https:\\\/\\\/tupique.com\\\/#website\"},\"primaryImageOfPage\":{\"@id\":\"https:\\\/\\\/tupique.com\\\/en\\\/product\\\/ballons-arrosage-automatique-aqua%c2%b7loon-innovagoods-2-unites\\\/#primaryimage\"},\"image\":{\"@id\":\"https:\\\/\\\/tupique.com\\\/en\\\/product\\\/ballons-arrosage-automatique-aqua%c2%b7loon-innovagoods-2-unites\\\/#primaryimage\"},\"thumbnailUrl\":\"https:\\\/\\\/tupique.com\\\/wp-content\\\/uploads\\\/2026\\\/05\\\/V0103017_000_MKT-v_13.jpg\",\"datePublished\":\"2026-05-11T10:11:21+00:00\",\"dateModified\":\"2026-05-11T19:23:44+00:00\",\"description\":\"Envie d'acheter Ballons arrosage automatique Aqua\u00b7Loon InnovaGoods 2 Unit\u00e9s\u00a0? Achetez Ballons arrosage automatique Aqua\u00b7Loon InnovaGoods 2 Unit\u00e9s maintenant avec Tupique en 3 versements sans int\u00e9r\u00eat.\",\"breadcrumb\":{\"@id\":\"https:\\\/\\\/tupique.com\\\/en\\\/product\\\/ballons-arrosage-automatique-aqua%c2%b7loon-innovagoods-2-unites\\\/#breadcrumb\"},\"inLanguage\":\"en-GB\",\"potentialAction\":[{\"@type\":\"ReadAction\",\"target\":[\"https:\\\/\\\/tupique.com\\\/en\\\/product\\\/ballons-arrosage-automatique-aqua%c2%b7loon-innovagoods-2-unites\\\/\"]}]},{\"@type\":\"ImageObject\",\"inLanguage\":\"en-GB\",\"@id\":\"https:\\\/\\\/tupique.com\\\/en\\\/product\\\/ballons-arrosage-automatique-aqua%c2%b7loon-innovagoods-2-unites\\\/#primaryimage\",\"url\":\"https:\\\/\\\/tupique.com\\\/wp-content\\\/uploads\\\/2026\\\/05\\\/V0103017_000_MKT-v_13.jpg\",\"contentUrl\":\"https:\\\/\\\/tupique.com\\\/wp-content\\\/uploads\\\/2026\\\/05\\\/V0103017_000_MKT-v_13.jpg\",\"width\":1200,\"height\":1200,\"caption\":\"V0103017_0\"},{\"@type\":\"BreadcrumbList\",\"@id\":\"https:\\\/\\\/tupique.com\\\/en\\\/product\\\/ballons-arrosage-automatique-aqua%c2%b7loon-innovagoods-2-unites\\\/#breadcrumb\",\"itemListElement\":[{\"@type\":\"ListItem\",\"position\":1,\"name\":\"commencer\",\"item\":\"https:\\\/\\\/tupique.com\\\/\"},{\"@type\":\"ListItem\",\"position\":2,\"name\":\"Loja\",\"item\":\"https:\\\/\\\/tupique.com\\\/pt\\\/loja\\\/\"},{\"@type\":\"ListItem\",\"position\":3,\"name\":\"Ballons arrosage automatique Aqua\u00b7Loon InnovaGoods 2 Unit\u00e9s\"}]},{\"@type\":\"WebSite\",\"@id\":\"https:\\\/\\\/tupique.com\\\/#website\",\"url\":\"https:\\\/\\\/tupique.com\\\/\",\"name\":\"Tupique\",\"description\":\"\",\"publisher\":{\"@id\":\"https:\\\/\\\/tupique.com\\\/#organization\"},\"potentialAction\":[{\"@type\":\"SearchAction\",\"target\":{\"@type\":\"EntryPoint\",\"urlTemplate\":\"https:\\\/\\\/tupique.com\\\/?s={search_term_string}\"},\"query-input\":{\"@type\":\"PropertyValueSpecification\",\"valueRequired\":true,\"valueName\":\"search_term_string\"}}],\"inLanguage\":\"en-GB\"},{\"@type\":\"Organization\",\"@id\":\"https:\\\/\\\/tupique.com\\\/#organization\",\"name\":\"Tupique\",\"url\":\"https:\\\/\\\/tupique.com\\\/\",\"logo\":{\"@type\":\"ImageObject\",\"inLanguage\":\"en-GB\",\"@id\":\"https:\\\/\\\/tupique.com\\\/#\\\/schema\\\/logo\\\/image\\\/\",\"url\":\"https:\\\/\\\/tupique.com\\\/wp-content\\\/uploads\\\/2026\\\/03\\\/logo-tupique-1.webp\",\"contentUrl\":\"https:\\\/\\\/tupique.com\\\/wp-content\\\/uploads\\\/2026\\\/03\\\/logo-tupique-1.webp\",\"width\":500,\"height\":67,\"caption\":\"Tupique\"},\"image\":{\"@id\":\"https:\\\/\\\/tupique.com\\\/#\\\/schema\\\/logo\\\/image\\\/\"}}]}<\/script>\n<!-- \/ Yoast SEO plugin. -->","yoast_head_json":{"title":"Ballons arrosage automatique Aqua\u00b7Loon InnovaGoods 2 Unit\u00e9s | | Tupique","description":"Envie d'acheter Ballons arrosage automatique Aqua\u00b7Loon InnovaGoods 2 Unit\u00e9s\u00a0? Achetez Ballons arrosage automatique Aqua\u00b7Loon InnovaGoods 2 Unit\u00e9s maintenant avec Tupique en 3 versements sans int\u00e9r\u00eat.","robots":{"index":"index","follow":"follow","max-snippet":"max-snippet:-1","max-image-preview":"max-image-preview:large","max-video-preview":"max-video-preview:-1"},"canonical":"https:\/\/tupique.com\/en\/product\/ballons-arrosage-automatique-aqua\u00b7loon-innovagoods-2-unites\/","og_locale":"en_GB","og_type":"article","og_title":"Ballons arrosage automatique Aqua\u00b7Loon InnovaGoods 2 Unit\u00e9s | | Tupique","og_description":"Envie d'acheter Ballons arrosage automatique Aqua\u00b7Loon InnovaGoods 2 Unit\u00e9s\u00a0? Achetez Ballons arrosage automatique Aqua\u00b7Loon InnovaGoods 2 Unit\u00e9s maintenant avec Tupique en 3 versements sans int\u00e9r\u00eat.","og_url":"https:\/\/tupique.com\/en\/product\/ballons-arrosage-automatique-aqua\u00b7loon-innovagoods-2-unites\/","og_site_name":"Tupique","article_modified_time":"2026-05-11T19:23:44+00:00","og_image":[{"width":1200,"height":1200,"url":"https:\/\/tupique.com\/wp-content\/uploads\/2026\/05\/V0103017_000_MKT-v_13.jpg","type":"image\/jpeg"}],"twitter_card":"summary_large_image","twitter_misc":{"Est. reading time":"1 minute"},"schema":{"@context":"https:\/\/schema.org","@graph":[{"@type":"WebPage","@id":"https:\/\/tupique.com\/en\/product\/ballons-arrosage-automatique-aqua%c2%b7loon-innovagoods-2-unites\/","url":"https:\/\/tupique.com\/en\/product\/ballons-arrosage-automatique-aqua%c2%b7loon-innovagoods-2-unites\/","name":"Ballons arrosage automatique Aqua\u00b7Loon InnovaGoods 2 Unit\u00e9s | | Tupique","isPartOf":{"@id":"https:\/\/tupique.com\/#website"},"primaryImageOfPage":{"@id":"https:\/\/tupique.com\/en\/product\/ballons-arrosage-automatique-aqua%c2%b7loon-innovagoods-2-unites\/#primaryimage"},"image":{"@id":"https:\/\/tupique.com\/en\/product\/ballons-arrosage-automatique-aqua%c2%b7loon-innovagoods-2-unites\/#primaryimage"},"thumbnailUrl":"https:\/\/tupique.com\/wp-content\/uploads\/2026\/05\/V0103017_000_MKT-v_13.jpg","datePublished":"2026-05-11T10:11:21+00:00","dateModified":"2026-05-11T19:23:44+00:00","description":"Envie d'acheter Ballons arrosage automatique Aqua\u00b7Loon InnovaGoods 2 Unit\u00e9s\u00a0? Achetez Ballons arrosage automatique Aqua\u00b7Loon InnovaGoods 2 Unit\u00e9s maintenant avec Tupique en 3 versements sans int\u00e9r\u00eat.","breadcrumb":{"@id":"https:\/\/tupique.com\/en\/product\/ballons-arrosage-automatique-aqua%c2%b7loon-innovagoods-2-unites\/#breadcrumb"},"inLanguage":"en-GB","potentialAction":[{"@type":"ReadAction","target":["https:\/\/tupique.com\/en\/product\/ballons-arrosage-automatique-aqua%c2%b7loon-innovagoods-2-unites\/"]}]},{"@type":"ImageObject","inLanguage":"en-GB","@id":"https:\/\/tupique.com\/en\/product\/ballons-arrosage-automatique-aqua%c2%b7loon-innovagoods-2-unites\/#primaryimage","url":"https:\/\/tupique.com\/wp-content\/uploads\/2026\/05\/V0103017_000_MKT-v_13.jpg","contentUrl":"https:\/\/tupique.com\/wp-content\/uploads\/2026\/05\/V0103017_000_MKT-v_13.jpg","width":1200,"height":1200,"caption":"V0103017_0"},{"@type":"BreadcrumbList","@id":"https:\/\/tupique.com\/en\/product\/ballons-arrosage-automatique-aqua%c2%b7loon-innovagoods-2-unites\/#breadcrumb","itemListElement":[{"@type":"ListItem","position":1,"name":"commencer","item":"https:\/\/tupique.com\/"},{"@type":"ListItem","position":2,"name":"Loja","item":"https:\/\/tupique.com\/pt\/loja\/"},{"@type":"ListItem","position":3,"name":"Ballons arrosage automatique Aqua\u00b7Loon InnovaGoods 2 Unit\u00e9s"}]},{"@type":"WebSite","@id":"https:\/\/tupique.com\/#website","url":"https:\/\/tupique.com\/","name":"Tupique","description":"","publisher":{"@id":"https:\/\/tupique.com\/#organization"},"potentialAction":[{"@type":"SearchAction","target":{"@type":"EntryPoint","urlTemplate":"https:\/\/tupique.com\/?s={search_term_string}"},"query-input":{"@type":"PropertyValueSpecification","valueRequired":true,"valueName":"search_term_string"}}],"inLanguage":"en-GB"},{"@type":"Organization","@id":"https:\/\/tupique.com\/#organization","name":"Tupique","url":"https:\/\/tupique.com\/","logo":{"@type":"ImageObject","inLanguage":"en-GB","@id":"https:\/\/tupique.com\/#\/schema\/logo\/image\/","url":"https:\/\/tupique.com\/wp-content\/uploads\/2026\/03\/logo-tupique-1.webp","contentUrl":"https:\/\/tupique.com\/wp-content\/uploads\/2026\/03\/logo-tupique-1.webp","width":500,"height":67,"caption":"Tupique"},"image":{"@id":"https:\/\/tupique.com\/#\/schema\/logo\/image\/"}}]}},"_links":{"self":[{"href":"https:\/\/tupique.com\/en\/wp-json\/wp\/v2\/product\/179704","targetHints":{"allow":["GET"]}}],"collection":[{"href":"https:\/\/tupique.com\/en\/wp-json\/wp\/v2\/product"}],"about":[{"href":"https:\/\/tupique.com\/en\/wp-json\/wp\/v2\/types\/product"}],"replies":[{"embeddable":true,"href":"https:\/\/tupique.com\/en\/wp-json\/wp\/v2\/comments?post=179704"}],"wp:featuredmedia":[{"embeddable":true,"href":"https:\/\/tupique.com\/en\/wp-json\/wp\/v2\/media\/179697"}],"wp:attachment":[{"href":"https:\/\/tupique.com\/en\/wp-json\/wp\/v2\/media?parent=179704"}],"wp:term":[{"taxonomy":"product_brand","embeddable":true,"href":"https:\/\/tupique.com\/en\/wp-json\/wp\/v2\/product_brand?post=179704"},{"taxonomy":"product_cat","embeddable":true,"href":"https:\/\/tupique.com\/en\/wp-json\/wp\/v2\/product_cat?post=179704"},{"taxonomy":"product_tag","embeddable":true,"href":"https:\/\/tupique.com\/en\/wp-json\/wp\/v2\/product_tag?post=179704"},{"taxonomy":"woo-feed-brand","embeddable":true,"href":"https:\/\/tupique.com\/en\/wp-json\/wp\/v2\/woo-feed-brand?post=179704"}],"curies":[{"name":"wp","href":"https:\/\/api.w.org\/{rel}","templated":true}]}}