{"id":179779,"date":"2026-05-11T12:14:56","date_gmt":"2026-05-11T10:14:56","guid":{"rendered":"https:\/\/tupique.com\/product\/ensemble-de-sacs-de-rangement-pour-bagage-luggan-innovagoods-6-pieces\/"},"modified":"2026-05-11T21:23:44","modified_gmt":"2026-05-11T19:23:44","slug":"ensemble-de-sacs-de-rangement-pour-bagage-luggan-innovagoods-6-pieces","status":"publish","type":"product","link":"https:\/\/tupique.com\/en\/product\/ensemble-de-sacs-de-rangement-pour-bagage-luggan-innovagoods-6-pieces\/","title":{"rendered":"Ensemble de sacs de rangement pour bagage Luggan InnovaGoods 6 Pi\u00e8ces"},"content":{"rendered":"<div class=\"col-md-6\">Si vous aimez l&#8217;univers des gadgets, <b>InnovaGoods<\/b> vous propose les meilleures et les plus originales nouveaut\u00e9s en mati\u00e8re de maison, voitures, voyages, enfants, technologie, divertissements, etc. ! D\u00e9couvrez une vaste gamme de produits de qualit\u00e9 qui se d\u00e9marquent de par leur fonctionnalit\u00e9, leur efficacit\u00e9 et leur design innovant, comme <b>Ensemble de sacs de rangement pour bagage Luggan InnovaGoods 6 Pi\u00e8ces <\/b> !<\/p>\n<p>Un ensemble de 6 sacs de rangement pour bagages, id\u00e9al pour ranger les v\u00eatements, les accessoires, les serviettes, les chaussures, les produits de beaut\u00e9, etc. Ces sacs facilitent grandement le rangement des affaires dans la valise, car ils sont de tailles et de types diff\u00e9rents. Ils permettent d&#8217;optimiser l&#8217;espace. Ils sont tous \u00e9quip\u00e9s d&#8217;une fermeture \u00e9clair. Les trois sacs contenant un filet conviennent parfaitement aux v\u00eatements, car ils permettent de visualiser le contenu et d\u00b4a\u00e9rer les v\u00eatements. Les trois autres sacs sont parfaits pour les chaussures, les accessoires ou objets, ou encore pour les articles de toilette.<\/p>\n<ul>\n<li>Mat\u00e9riel: Polyester<\/li>\n<li>Couleur: Bleu<\/li>\n<li>Type: Ensemble de sacs de rangement pour bagage<\/li>\n<li>Nombre de pi\u00e8ces: 6 Pi\u00e8ces<\/li>\n<li>Inclut:\n<ul>\n<li>3 sacs avec filet pour les v\u00eatements<\/li>\n<li>3 sacs pour les accessoires<\/li>\n<\/ul>\n<\/li>\n<li>Type de fermeture: Fermeture \u00e0 glissi\u00e8re<\/li>\n<li>Caract\u00e9ristiques: R\u00e9sistant \u00e0 l&#8217;eau<\/li>\n<li>Utilisation recommand\u00e9e: Convient aux bagages cabine<\/li>\n<li>Facile \u00e0 nettoyer: Laver \u00e0 la main<\/li>\n<li>Dimensions approx.:\n<ul>\n<li>26 x 17 cm<\/li>\n<li>27 x 26 cm<\/li>\n<li>34 x 27 cm<\/li>\n<li>30 x 21 x 12 cm<\/li>\n<li>30 x 27 x 12 cm<\/li>\n<li>39 x 30 x 12 cm<\/li>\n<\/ul>\n<\/li>\n<\/ul>\n<p>Packaging en 24 langues: anglais, fran\u00e7ais, espagnol, allemand, italien, portugais, n\u00e9erlandais, polonais, hongrois, roumain, danois, su\u00e9dois, finnois, lituanien, norv\u00e9gien, slov\u00e8ne, grec, tch\u00e8que, bulgare, croate, slovaque, estonien, russe, letton.<\/p><\/div>\n<div class=\"col-md-6\">\n<div class=\"embed-responsive embed-responsive-16by9\"><iframe class=\"embed-responsive-item\" src=\"https:\/\/www.youtube.com\/embed\/tdZdv-cT6ok\" frameborder=\"0\" allowfullscreen><\/iframe><\/div>\n<\/div>","protected":false},"excerpt":{"rendered":"<p>Si vous aimez l&#8217;univers des gadgets, InnovaGoods vous propose les meilleures et les plus originales nouveaut\u00e9s en mati\u00e8re de maison, voitures, voyages, enfants, technologie, divertissements, etc. ! D\u00e9couvrez une vaste gamme de produits de qualit\u00e9 qui se d\u00e9marquent de par leur fonctionnalit\u00e9, leur efficacit\u00e9 et leur design innovant, comme Ensemble de sacs de rangement pour [&hellip;]<\/p>\n","protected":false},"featured_media":179770,"comment_status":"open","ping_status":"closed","template":"","meta":[],"product_brand":[256],"product_cat":[63,64,1797,1870,239,242,1773,1764,1796,1871,1774],"product_tag":[164],"woo-feed-brand":[],"class_list":{"0":"post-179779","1":"product","2":"type-product","3":"status-publish","4":"has-post-thumbnail","6":"product_brand-brandp_1281","7":"product_cat-cadeaux-originaux","8":"product_cat-cadeaux-pour-la-maison","9":"product_cat-idees-pour-la-maison","10":"product_cat-kits-de-voyage","11":"product_cat-maison-jardin","12":"product_cat-organiseurs","13":"product_cat-pour-voyager","14":"product_cat-sports-loisirs","15":"product_cat-teleachat-vu-a-la-television","16":"product_cat-trousses-de-toilette","17":"product_cat-valises-et-bagage-a-main","18":"product_tag-tag_152","20":"first","21":"instock","22":"taxable","23":"shipping-taxable","24":"purchasable","25":"product-type-simple"},"yoast_head":"<!-- This site is optimized with the Yoast SEO plugin v27.6 - https:\/\/yoast.com\/product\/yoast-seo-wordpress\/ -->\n<title>Ensemble de sacs de rangement pour bagage Luggan InnovaGoods 6 Pi\u00e8ces | | Tupique<\/title>\n<meta name=\"description\" content=\"Envie d&#039;acheter Ensemble de sacs de rangement pour bagage Luggan InnovaGoods 6 Pi\u00e8ces\u00a0? Achetez Ensemble de sacs de rangement pour bagage Luggan InnovaGoods 6 Pi\u00e8ces maintenant avec Tupique en 3 versements sans int\u00e9r\u00eat.\" \/>\n<meta name=\"robots\" content=\"index, follow, max-snippet:-1, max-image-preview:large, max-video-preview:-1\" \/>\n<link rel=\"canonical\" href=\"https:\/\/tupique.com\/en\/product\/ensemble-de-sacs-de-rangement-pour-bagage-luggan-innovagoods-6-pieces\/\" \/>\n<meta property=\"og:locale\" content=\"en_GB\" \/>\n<meta property=\"og:type\" content=\"article\" \/>\n<meta property=\"og:title\" content=\"Ensemble de sacs de rangement pour bagage Luggan InnovaGoods 6 Pi\u00e8ces | | Tupique\" \/>\n<meta property=\"og:description\" content=\"Envie d&#039;acheter Ensemble de sacs de rangement pour bagage Luggan InnovaGoods 6 Pi\u00e8ces\u00a0? Achetez Ensemble de sacs de rangement pour bagage Luggan InnovaGoods 6 Pi\u00e8ces maintenant avec Tupique en 3 versements sans int\u00e9r\u00eat.\" \/>\n<meta property=\"og:url\" content=\"https:\/\/tupique.com\/en\/product\/ensemble-de-sacs-de-rangement-pour-bagage-luggan-innovagoods-6-pieces\/\" \/>\n<meta property=\"og:site_name\" content=\"Tupique\" \/>\n<meta property=\"article:modified_time\" content=\"2026-05-11T19:23:44+00:00\" \/>\n<meta property=\"og:image\" content=\"https:\/\/tupique.com\/wp-content\/uploads\/2026\/05\/V0103062_000_MKT3.jpg\" \/>\n\t<meta property=\"og:image:width\" content=\"1200\" \/>\n\t<meta property=\"og:image:height\" content=\"1200\" \/>\n\t<meta property=\"og:image:type\" content=\"image\/jpeg\" \/>\n<meta name=\"twitter:card\" content=\"summary_large_image\" \/>\n<meta name=\"twitter:label1\" content=\"Est. reading time\" \/>\n\t<meta name=\"twitter:data1\" content=\"1 minute\" \/>\n<script type=\"application\/ld+json\" class=\"yoast-schema-graph\">{\"@context\":\"https:\\\/\\\/schema.org\",\"@graph\":[{\"@type\":\"WebPage\",\"@id\":\"https:\\\/\\\/tupique.com\\\/en\\\/product\\\/ensemble-de-sacs-de-rangement-pour-bagage-luggan-innovagoods-6-pieces\\\/\",\"url\":\"https:\\\/\\\/tupique.com\\\/en\\\/product\\\/ensemble-de-sacs-de-rangement-pour-bagage-luggan-innovagoods-6-pieces\\\/\",\"name\":\"Ensemble de sacs de rangement pour bagage Luggan InnovaGoods 6 Pi\u00e8ces | | Tupique\",\"isPartOf\":{\"@id\":\"https:\\\/\\\/tupique.com\\\/#website\"},\"primaryImageOfPage\":{\"@id\":\"https:\\\/\\\/tupique.com\\\/en\\\/product\\\/ensemble-de-sacs-de-rangement-pour-bagage-luggan-innovagoods-6-pieces\\\/#primaryimage\"},\"image\":{\"@id\":\"https:\\\/\\\/tupique.com\\\/en\\\/product\\\/ensemble-de-sacs-de-rangement-pour-bagage-luggan-innovagoods-6-pieces\\\/#primaryimage\"},\"thumbnailUrl\":\"https:\\\/\\\/tupique.com\\\/wp-content\\\/uploads\\\/2026\\\/05\\\/V0103062_000_MKT3.jpg\",\"datePublished\":\"2026-05-11T10:14:56+00:00\",\"dateModified\":\"2026-05-11T19:23:44+00:00\",\"description\":\"Envie d'acheter Ensemble de sacs de rangement pour bagage Luggan InnovaGoods 6 Pi\u00e8ces\u00a0? Achetez Ensemble de sacs de rangement pour bagage Luggan InnovaGoods 6 Pi\u00e8ces maintenant avec Tupique en 3 versements sans int\u00e9r\u00eat.\",\"breadcrumb\":{\"@id\":\"https:\\\/\\\/tupique.com\\\/en\\\/product\\\/ensemble-de-sacs-de-rangement-pour-bagage-luggan-innovagoods-6-pieces\\\/#breadcrumb\"},\"inLanguage\":\"en-GB\",\"potentialAction\":[{\"@type\":\"ReadAction\",\"target\":[\"https:\\\/\\\/tupique.com\\\/en\\\/product\\\/ensemble-de-sacs-de-rangement-pour-bagage-luggan-innovagoods-6-pieces\\\/\"]}]},{\"@type\":\"ImageObject\",\"inLanguage\":\"en-GB\",\"@id\":\"https:\\\/\\\/tupique.com\\\/en\\\/product\\\/ensemble-de-sacs-de-rangement-pour-bagage-luggan-innovagoods-6-pieces\\\/#primaryimage\",\"url\":\"https:\\\/\\\/tupique.com\\\/wp-content\\\/uploads\\\/2026\\\/05\\\/V0103062_000_MKT3.jpg\",\"contentUrl\":\"https:\\\/\\\/tupique.com\\\/wp-content\\\/uploads\\\/2026\\\/05\\\/V0103062_000_MKT3.jpg\",\"width\":1200,\"height\":1200,\"caption\":\"V0103062_0\"},{\"@type\":\"BreadcrumbList\",\"@id\":\"https:\\\/\\\/tupique.com\\\/en\\\/product\\\/ensemble-de-sacs-de-rangement-pour-bagage-luggan-innovagoods-6-pieces\\\/#breadcrumb\",\"itemListElement\":[{\"@type\":\"ListItem\",\"position\":1,\"name\":\"commencer\",\"item\":\"https:\\\/\\\/tupique.com\\\/\"},{\"@type\":\"ListItem\",\"position\":2,\"name\":\"Loja\",\"item\":\"https:\\\/\\\/tupique.com\\\/pt\\\/loja\\\/\"},{\"@type\":\"ListItem\",\"position\":3,\"name\":\"Ensemble de sacs de rangement pour bagage Luggan InnovaGoods 6 Pi\u00e8ces\"}]},{\"@type\":\"WebSite\",\"@id\":\"https:\\\/\\\/tupique.com\\\/#website\",\"url\":\"https:\\\/\\\/tupique.com\\\/\",\"name\":\"Tupique\",\"description\":\"\",\"publisher\":{\"@id\":\"https:\\\/\\\/tupique.com\\\/#organization\"},\"potentialAction\":[{\"@type\":\"SearchAction\",\"target\":{\"@type\":\"EntryPoint\",\"urlTemplate\":\"https:\\\/\\\/tupique.com\\\/?s={search_term_string}\"},\"query-input\":{\"@type\":\"PropertyValueSpecification\",\"valueRequired\":true,\"valueName\":\"search_term_string\"}}],\"inLanguage\":\"en-GB\"},{\"@type\":\"Organization\",\"@id\":\"https:\\\/\\\/tupique.com\\\/#organization\",\"name\":\"Tupique\",\"url\":\"https:\\\/\\\/tupique.com\\\/\",\"logo\":{\"@type\":\"ImageObject\",\"inLanguage\":\"en-GB\",\"@id\":\"https:\\\/\\\/tupique.com\\\/#\\\/schema\\\/logo\\\/image\\\/\",\"url\":\"https:\\\/\\\/tupique.com\\\/wp-content\\\/uploads\\\/2026\\\/03\\\/logo-tupique-1.webp\",\"contentUrl\":\"https:\\\/\\\/tupique.com\\\/wp-content\\\/uploads\\\/2026\\\/03\\\/logo-tupique-1.webp\",\"width\":500,\"height\":67,\"caption\":\"Tupique\"},\"image\":{\"@id\":\"https:\\\/\\\/tupique.com\\\/#\\\/schema\\\/logo\\\/image\\\/\"}}]}<\/script>\n<!-- \/ Yoast SEO plugin. -->","yoast_head_json":{"title":"Ensemble de sacs de rangement pour bagage Luggan InnovaGoods 6 Pi\u00e8ces | | Tupique","description":"Envie d'acheter Ensemble de sacs de rangement pour bagage Luggan InnovaGoods 6 Pi\u00e8ces\u00a0? Achetez Ensemble de sacs de rangement pour bagage Luggan InnovaGoods 6 Pi\u00e8ces maintenant avec Tupique en 3 versements sans int\u00e9r\u00eat.","robots":{"index":"index","follow":"follow","max-snippet":"max-snippet:-1","max-image-preview":"max-image-preview:large","max-video-preview":"max-video-preview:-1"},"canonical":"https:\/\/tupique.com\/en\/product\/ensemble-de-sacs-de-rangement-pour-bagage-luggan-innovagoods-6-pieces\/","og_locale":"en_GB","og_type":"article","og_title":"Ensemble de sacs de rangement pour bagage Luggan InnovaGoods 6 Pi\u00e8ces | | Tupique","og_description":"Envie d'acheter Ensemble de sacs de rangement pour bagage Luggan InnovaGoods 6 Pi\u00e8ces\u00a0? Achetez Ensemble de sacs de rangement pour bagage Luggan InnovaGoods 6 Pi\u00e8ces maintenant avec Tupique en 3 versements sans int\u00e9r\u00eat.","og_url":"https:\/\/tupique.com\/en\/product\/ensemble-de-sacs-de-rangement-pour-bagage-luggan-innovagoods-6-pieces\/","og_site_name":"Tupique","article_modified_time":"2026-05-11T19:23:44+00:00","og_image":[{"width":1200,"height":1200,"url":"https:\/\/tupique.com\/wp-content\/uploads\/2026\/05\/V0103062_000_MKT3.jpg","type":"image\/jpeg"}],"twitter_card":"summary_large_image","twitter_misc":{"Est. reading time":"1 minute"},"schema":{"@context":"https:\/\/schema.org","@graph":[{"@type":"WebPage","@id":"https:\/\/tupique.com\/en\/product\/ensemble-de-sacs-de-rangement-pour-bagage-luggan-innovagoods-6-pieces\/","url":"https:\/\/tupique.com\/en\/product\/ensemble-de-sacs-de-rangement-pour-bagage-luggan-innovagoods-6-pieces\/","name":"Ensemble de sacs de rangement pour bagage Luggan InnovaGoods 6 Pi\u00e8ces | | Tupique","isPartOf":{"@id":"https:\/\/tupique.com\/#website"},"primaryImageOfPage":{"@id":"https:\/\/tupique.com\/en\/product\/ensemble-de-sacs-de-rangement-pour-bagage-luggan-innovagoods-6-pieces\/#primaryimage"},"image":{"@id":"https:\/\/tupique.com\/en\/product\/ensemble-de-sacs-de-rangement-pour-bagage-luggan-innovagoods-6-pieces\/#primaryimage"},"thumbnailUrl":"https:\/\/tupique.com\/wp-content\/uploads\/2026\/05\/V0103062_000_MKT3.jpg","datePublished":"2026-05-11T10:14:56+00:00","dateModified":"2026-05-11T19:23:44+00:00","description":"Envie d'acheter Ensemble de sacs de rangement pour bagage Luggan InnovaGoods 6 Pi\u00e8ces\u00a0? Achetez Ensemble de sacs de rangement pour bagage Luggan InnovaGoods 6 Pi\u00e8ces maintenant avec Tupique en 3 versements sans int\u00e9r\u00eat.","breadcrumb":{"@id":"https:\/\/tupique.com\/en\/product\/ensemble-de-sacs-de-rangement-pour-bagage-luggan-innovagoods-6-pieces\/#breadcrumb"},"inLanguage":"en-GB","potentialAction":[{"@type":"ReadAction","target":["https:\/\/tupique.com\/en\/product\/ensemble-de-sacs-de-rangement-pour-bagage-luggan-innovagoods-6-pieces\/"]}]},{"@type":"ImageObject","inLanguage":"en-GB","@id":"https:\/\/tupique.com\/en\/product\/ensemble-de-sacs-de-rangement-pour-bagage-luggan-innovagoods-6-pieces\/#primaryimage","url":"https:\/\/tupique.com\/wp-content\/uploads\/2026\/05\/V0103062_000_MKT3.jpg","contentUrl":"https:\/\/tupique.com\/wp-content\/uploads\/2026\/05\/V0103062_000_MKT3.jpg","width":1200,"height":1200,"caption":"V0103062_0"},{"@type":"BreadcrumbList","@id":"https:\/\/tupique.com\/en\/product\/ensemble-de-sacs-de-rangement-pour-bagage-luggan-innovagoods-6-pieces\/#breadcrumb","itemListElement":[{"@type":"ListItem","position":1,"name":"commencer","item":"https:\/\/tupique.com\/"},{"@type":"ListItem","position":2,"name":"Loja","item":"https:\/\/tupique.com\/pt\/loja\/"},{"@type":"ListItem","position":3,"name":"Ensemble de sacs de rangement pour bagage Luggan InnovaGoods 6 Pi\u00e8ces"}]},{"@type":"WebSite","@id":"https:\/\/tupique.com\/#website","url":"https:\/\/tupique.com\/","name":"Tupique","description":"","publisher":{"@id":"https:\/\/tupique.com\/#organization"},"potentialAction":[{"@type":"SearchAction","target":{"@type":"EntryPoint","urlTemplate":"https:\/\/tupique.com\/?s={search_term_string}"},"query-input":{"@type":"PropertyValueSpecification","valueRequired":true,"valueName":"search_term_string"}}],"inLanguage":"en-GB"},{"@type":"Organization","@id":"https:\/\/tupique.com\/#organization","name":"Tupique","url":"https:\/\/tupique.com\/","logo":{"@type":"ImageObject","inLanguage":"en-GB","@id":"https:\/\/tupique.com\/#\/schema\/logo\/image\/","url":"https:\/\/tupique.com\/wp-content\/uploads\/2026\/03\/logo-tupique-1.webp","contentUrl":"https:\/\/tupique.com\/wp-content\/uploads\/2026\/03\/logo-tupique-1.webp","width":500,"height":67,"caption":"Tupique"},"image":{"@id":"https:\/\/tupique.com\/#\/schema\/logo\/image\/"}}]}},"_links":{"self":[{"href":"https:\/\/tupique.com\/en\/wp-json\/wp\/v2\/product\/179779","targetHints":{"allow":["GET"]}}],"collection":[{"href":"https:\/\/tupique.com\/en\/wp-json\/wp\/v2\/product"}],"about":[{"href":"https:\/\/tupique.com\/en\/wp-json\/wp\/v2\/types\/product"}],"replies":[{"embeddable":true,"href":"https:\/\/tupique.com\/en\/wp-json\/wp\/v2\/comments?post=179779"}],"wp:featuredmedia":[{"embeddable":true,"href":"https:\/\/tupique.com\/en\/wp-json\/wp\/v2\/media\/179770"}],"wp:attachment":[{"href":"https:\/\/tupique.com\/en\/wp-json\/wp\/v2\/media?parent=179779"}],"wp:term":[{"taxonomy":"product_brand","embeddable":true,"href":"https:\/\/tupique.com\/en\/wp-json\/wp\/v2\/product_brand?post=179779"},{"taxonomy":"product_cat","embeddable":true,"href":"https:\/\/tupique.com\/en\/wp-json\/wp\/v2\/product_cat?post=179779"},{"taxonomy":"product_tag","embeddable":true,"href":"https:\/\/tupique.com\/en\/wp-json\/wp\/v2\/product_tag?post=179779"},{"taxonomy":"woo-feed-brand","embeddable":true,"href":"https:\/\/tupique.com\/en\/wp-json\/wp\/v2\/woo-feed-brand?post=179779"}],"curies":[{"name":"wp","href":"https:\/\/api.w.org\/{rel}","templated":true}]}}