{"id":179987,"date":"2026-05-11T12:27:17","date_gmt":"2026-05-11T10:27:17","guid":{"rendered":"https:\/\/tupique.com\/product\/appareil-electrique-pour-nettoyer-le-visage-des-points-noirs-pore%c2%b7off-innovagoods\/"},"modified":"2026-05-11T21:23:44","modified_gmt":"2026-05-11T19:23:44","slug":"appareil-electrique-pour-nettoyer-le-visage-des-points-noirs-pore%c2%b7off-innovagoods","status":"publish","type":"product","link":"https:\/\/tupique.com\/en\/product\/appareil-electrique-pour-nettoyer-le-visage-des-points-noirs-pore%c2%b7off-innovagoods\/","title":{"rendered":"InnovaGoods Pore\u00b7Off Electric Blackhead Remover Facial Cleanser"},"content":{"rendered":"<div class=\"col-md-6\"><b>InnovaGoods<\/b> vous facilite la t\u00e2che pour que votre soin personnel soit une priorit\u00e9 sans excuses. Il vous propose les meilleures nouveaut\u00e9s en mati\u00e8re de beaut\u00e9, de d\u00e9tente et de bien-\u00eatre ! <b>InnovaGoods Pore\u00b7Off Electric Blackhead Remover Facial Cleanser <\/b> en est un bon exemple ! D\u00e9couvrez une vaste gamme de produits de qualit\u00e9 qui se d\u00e9marquent de par leur fonctionnalit\u00e9, leur efficacit\u00e9 et leur design innovant.<\/p>\n<p>Un appareil \u00e9lectrique pour nettoyer la peau des points noirs facile et efficace, il \u00e9limine la salet\u00e9, la graisse et la peau morte du visage par succion, en extrayant m\u00eame les points noirs les plus difficiles \u00e0 \u00e9liminer. Id\u00e9al pour la zone T (nez-front) o\u00f9 les points noirs sont principalement localis\u00e9s. Son fonctionnement est tr\u00e8s simple, il suffit d&#8217;appuyer sur le bouton d&#8217;alimentation et de faire des mouvements circulaires lents sur le visage, sans exercer de pressions excessives. Il est recommand\u00e9 de chauffer au pr\u00e9alable la zone \u00e0 traiter. Comprend 4 t\u00eates diff\u00e9rentes pour l&#8217;utilisation selon la fonction d\u00e9sir\u00e9e et la zone d&#8217;application.<\/p>\n<ul>\n<li>Mat\u00e9riel: ABS<\/li>\n<li>Couleur: Blanc<\/li>\n<li>Type: Nettoyant facial \u00e9lectrique<\/li>\n<li>Originale et portative: Sans fils<\/li>\n<li>Nettoyage du visage en profondeur: Naturel, sans produits chimiques<\/li>\n<li>Utilisation recommand\u00e9e: Convient \u00e0 tous les types de peau<\/li>\n<li>4 t\u00eates interchangeables:\n<ul>\n<li>Microcristaux : \u00e9limine la peau morte<\/li>\n<li>Grand cercle \u00e9limine les points noirs, la graisse et les r\u00e9sidus cosm\u00e9tiques<\/li>\n<li>Petit cercle : \u00e9limine les points noirs autour des yeux et des zones sensibles<\/li>\n<li>Ovale : antirides pour les yeux, la bouche, le nez et le cou<\/li>\n<\/ul>\n<\/li>\n<li>Nombre de batteries: 2<\/li>\n<li>Type de batterie: AA<\/li>\n<li>Piles incluses: Non<\/li>\n<li>Dimensions approx.: 4,5 x 20 x 3,5 cm<\/li>\n<\/ul>\n<p>Packaging et manuel en 24 langues: anglais, fran\u00e7ais, espagnol, allemand, italien, portugais, n\u00e9erlandais, polonais, hongrois, roumain, danois, su\u00e9dois, finnois, lituanien, norv\u00e9gien, slov\u00e8ne, grec, tch\u00e8que, bulgare, croate, slovaque, estonien, russe, letton.<\/p><\/div>\n<div class=\"col-md-6\">\n<div class=\"embed-responsive embed-responsive-16by9\"><iframe class=\"embed-responsive-item\" src=\"https:\/\/www.youtube.com\/embed\/RdnMK5QZjqY\" frameborder=\"0\" allowfullscreen><\/iframe><\/div>\n<\/div>","protected":false},"excerpt":{"rendered":"<p><span class=\"unit-info\">5.2475 &euro; \/ 1 unit<\/span><\/p>","protected":false},"featured_media":179978,"comment_status":"open","ping_status":"closed","template":"","meta":[],"product_brand":[256],"product_cat":[63,550,1825,776,1218,752,1826,1796],"product_tag":[722],"woo-feed-brand":[],"class_list":{"0":"post-179987","1":"product","2":"type-product","3":"status-publish","4":"has-post-thumbnail","6":"product_brand-brandp_1281","7":"product_cat-cadeaux-originaux","8":"product_cat-cadeaux-pour-femme","9":"product_cat-cadeaux-pour-soins-personnels","10":"product_cat-detente-et-bien-etre","11":"product_cat-produits-de-detente","12":"product_cat-sante-beaute","13":"product_cat-teleachat-vu-a-la-television-sante-et-beaute-teleshop","14":"product_cat-teleachat-vu-a-la-television","15":"product_tag-tag_923","17":"first","18":"instock","19":"taxable","20":"shipping-taxable","21":"purchasable","22":"product-type-simple"},"yoast_head":"<!-- This site is optimized with the Yoast SEO plugin v27.5 - https:\/\/yoast.com\/product\/yoast-seo-wordpress\/ -->\n<title>Appareil \u00c9lectrique pour Nettoyer le Visage des Points Noirs Pore\u00b7Off InnovaGoods | | Tupique<\/title>\n<meta name=\"description\" content=\"Envie d&#039;acheter Appareil \u00c9lectrique pour Nettoyer le Visage des Points Noirs Pore\u00b7Off InnovaGoods\u00a0? Achetez Appareil \u00c9lectrique pour Nettoyer le Visage des Points Noirs Pore\u00b7Off InnovaGoods maintenant avec Tupique en 3 versements sans int\u00e9r\u00eat.\" \/>\n<meta name=\"robots\" content=\"index, follow, max-snippet:-1, max-image-preview:large, max-video-preview:-1\" \/>\n<link rel=\"canonical\" href=\"https:\/\/tupique.com\/en\/product\/appareil-electrique-pour-nettoyer-le-visage-des-points-noirs-pore\u00b7off-innovagoods\/\" \/>\n<meta property=\"og:locale\" content=\"en_GB\" \/>\n<meta property=\"og:type\" content=\"article\" \/>\n<meta property=\"og:title\" content=\"Appareil \u00c9lectrique pour Nettoyer le Visage des Points Noirs Pore\u00b7Off InnovaGoods | | Tupique\" \/>\n<meta property=\"og:description\" content=\"Envie d&#039;acheter Appareil \u00c9lectrique pour Nettoyer le Visage des Points Noirs Pore\u00b7Off InnovaGoods\u00a0? Achetez Appareil \u00c9lectrique pour Nettoyer le Visage des Points Noirs Pore\u00b7Off InnovaGoods maintenant avec Tupique en 3 versements sans int\u00e9r\u00eat.\" \/>\n<meta property=\"og:url\" content=\"https:\/\/tupique.com\/en\/product\/appareil-electrique-pour-nettoyer-le-visage-des-points-noirs-pore\u00b7off-innovagoods\/\" \/>\n<meta property=\"og:site_name\" content=\"Tupique\" \/>\n<meta property=\"article:modified_time\" content=\"2026-05-11T19:23:44+00:00\" \/>\n<meta name=\"twitter:card\" content=\"summary_large_image\" \/>\n<meta name=\"twitter:label1\" content=\"Est. reading time\" \/>\n\t<meta name=\"twitter:data1\" content=\"2 minutes\" \/>\n<script type=\"application\/ld+json\" class=\"yoast-schema-graph\">{\"@context\":\"https:\\\/\\\/schema.org\",\"@graph\":[{\"@type\":\"WebPage\",\"@id\":\"https:\\\/\\\/tupique.com\\\/product\\\/appareil-electrique-pour-nettoyer-le-visage-des-points-noirs-pore%c2%b7off-innovagoods\\\/\",\"url\":\"https:\\\/\\\/tupique.com\\\/product\\\/appareil-electrique-pour-nettoyer-le-visage-des-points-noirs-pore%c2%b7off-innovagoods\\\/\",\"name\":\"Appareil \u00c9lectrique pour Nettoyer le Visage des Points Noirs Pore\u00b7Off InnovaGoods | | Tupique\",\"isPartOf\":{\"@id\":\"https:\\\/\\\/tupique.com\\\/#website\"},\"primaryImageOfPage\":{\"@id\":\"https:\\\/\\\/tupique.com\\\/product\\\/appareil-electrique-pour-nettoyer-le-visage-des-points-noirs-pore%c2%b7off-innovagoods\\\/#primaryimage\"},\"image\":{\"@id\":\"https:\\\/\\\/tupique.com\\\/product\\\/appareil-electrique-pour-nettoyer-le-visage-des-points-noirs-pore%c2%b7off-innovagoods\\\/#primaryimage\"},\"thumbnailUrl\":\"https:\\\/\\\/tupique.com\\\/wp-content\\\/uploads\\\/2026\\\/05\\\/V0103157_000_MKT4.jpg\",\"datePublished\":\"2026-05-11T10:27:17+00:00\",\"dateModified\":\"2026-05-11T19:23:44+00:00\",\"description\":\"Envie d'acheter Appareil \u00c9lectrique pour Nettoyer le Visage des Points Noirs Pore\u00b7Off InnovaGoods\u00a0? Achetez Appareil \u00c9lectrique pour Nettoyer le Visage des Points Noirs Pore\u00b7Off InnovaGoods maintenant avec Tupique en 3 versements sans int\u00e9r\u00eat.\",\"breadcrumb\":{\"@id\":\"https:\\\/\\\/tupique.com\\\/product\\\/appareil-electrique-pour-nettoyer-le-visage-des-points-noirs-pore%c2%b7off-innovagoods\\\/#breadcrumb\"},\"inLanguage\":\"en-GB\",\"potentialAction\":[{\"@type\":\"ReadAction\",\"target\":[\"https:\\\/\\\/tupique.com\\\/product\\\/appareil-electrique-pour-nettoyer-le-visage-des-points-noirs-pore%c2%b7off-innovagoods\\\/\"]}]},{\"@type\":\"ImageObject\",\"inLanguage\":\"en-GB\",\"@id\":\"https:\\\/\\\/tupique.com\\\/product\\\/appareil-electrique-pour-nettoyer-le-visage-des-points-noirs-pore%c2%b7off-innovagoods\\\/#primaryimage\",\"url\":\"https:\\\/\\\/tupique.com\\\/wp-content\\\/uploads\\\/2026\\\/05\\\/V0103157_000_MKT4.jpg\",\"contentUrl\":\"https:\\\/\\\/tupique.com\\\/wp-content\\\/uploads\\\/2026\\\/05\\\/V0103157_000_MKT4.jpg\",\"width\":1200,\"height\":1200,\"caption\":\"V0103157_0\"},{\"@type\":\"BreadcrumbList\",\"@id\":\"https:\\\/\\\/tupique.com\\\/product\\\/appareil-electrique-pour-nettoyer-le-visage-des-points-noirs-pore%c2%b7off-innovagoods\\\/#breadcrumb\",\"itemListElement\":[{\"@type\":\"ListItem\",\"position\":1,\"name\":\"commencer\",\"item\":\"https:\\\/\\\/tupique.com\\\/\"},{\"@type\":\"ListItem\",\"position\":2,\"name\":\"Loja\",\"item\":\"https:\\\/\\\/tupique.com\\\/loja\\\/\"},{\"@type\":\"ListItem\",\"position\":3,\"name\":\"Appareil \u00c9lectrique pour Nettoyer le Visage des Points Noirs Pore\u00b7Off InnovaGoods\"}]},{\"@type\":\"WebSite\",\"@id\":\"https:\\\/\\\/tupique.com\\\/#website\",\"url\":\"https:\\\/\\\/tupique.com\\\/\",\"name\":\"Tupique\",\"description\":\"\",\"publisher\":{\"@id\":\"https:\\\/\\\/tupique.com\\\/#organization\"},\"potentialAction\":[{\"@type\":\"SearchAction\",\"target\":{\"@type\":\"EntryPoint\",\"urlTemplate\":\"https:\\\/\\\/tupique.com\\\/?s={search_term_string}\"},\"query-input\":{\"@type\":\"PropertyValueSpecification\",\"valueRequired\":true,\"valueName\":\"search_term_string\"}}],\"inLanguage\":\"en-GB\"},{\"@type\":\"Organization\",\"@id\":\"https:\\\/\\\/tupique.com\\\/#organization\",\"name\":\"Tupique\",\"url\":\"https:\\\/\\\/tupique.com\\\/\",\"logo\":{\"@type\":\"ImageObject\",\"inLanguage\":\"en-GB\",\"@id\":\"https:\\\/\\\/tupique.com\\\/#\\\/schema\\\/logo\\\/image\\\/\",\"url\":\"https:\\\/\\\/tupique.com\\\/wp-content\\\/uploads\\\/2026\\\/03\\\/logo-tupique-1.webp\",\"contentUrl\":\"https:\\\/\\\/tupique.com\\\/wp-content\\\/uploads\\\/2026\\\/03\\\/logo-tupique-1.webp\",\"width\":500,\"height\":67,\"caption\":\"Tupique\"},\"image\":{\"@id\":\"https:\\\/\\\/tupique.com\\\/#\\\/schema\\\/logo\\\/image\\\/\"}}]}<\/script>\n<!-- \/ Yoast SEO plugin. -->","yoast_head_json":{"title":"Appareil \u00c9lectrique pour Nettoyer le Visage des Points Noirs Pore\u00b7Off InnovaGoods | | Tupique","description":"Envie d'acheter Appareil \u00c9lectrique pour Nettoyer le Visage des Points Noirs Pore\u00b7Off InnovaGoods\u00a0? Achetez Appareil \u00c9lectrique pour Nettoyer le Visage des Points Noirs Pore\u00b7Off InnovaGoods maintenant avec Tupique en 3 versements sans int\u00e9r\u00eat.","robots":{"index":"index","follow":"follow","max-snippet":"max-snippet:-1","max-image-preview":"max-image-preview:large","max-video-preview":"max-video-preview:-1"},"canonical":"https:\/\/tupique.com\/en\/product\/appareil-electrique-pour-nettoyer-le-visage-des-points-noirs-pore\u00b7off-innovagoods\/","og_locale":"en_GB","og_type":"article","og_title":"Appareil \u00c9lectrique pour Nettoyer le Visage des Points Noirs Pore\u00b7Off InnovaGoods | | Tupique","og_description":"Envie d'acheter Appareil \u00c9lectrique pour Nettoyer le Visage des Points Noirs Pore\u00b7Off InnovaGoods\u00a0? Achetez Appareil \u00c9lectrique pour Nettoyer le Visage des Points Noirs Pore\u00b7Off InnovaGoods maintenant avec Tupique en 3 versements sans int\u00e9r\u00eat.","og_url":"https:\/\/tupique.com\/en\/product\/appareil-electrique-pour-nettoyer-le-visage-des-points-noirs-pore\u00b7off-innovagoods\/","og_site_name":"Tupique","article_modified_time":"2026-05-11T19:23:44+00:00","twitter_card":"summary_large_image","twitter_misc":{"Est. reading time":"2 minutes"},"schema":{"@context":"https:\/\/schema.org","@graph":[{"@type":"WebPage","@id":"https:\/\/tupique.com\/product\/appareil-electrique-pour-nettoyer-le-visage-des-points-noirs-pore%c2%b7off-innovagoods\/","url":"https:\/\/tupique.com\/product\/appareil-electrique-pour-nettoyer-le-visage-des-points-noirs-pore%c2%b7off-innovagoods\/","name":"Appareil \u00c9lectrique pour Nettoyer le Visage des Points Noirs Pore\u00b7Off InnovaGoods | | Tupique","isPartOf":{"@id":"https:\/\/tupique.com\/#website"},"primaryImageOfPage":{"@id":"https:\/\/tupique.com\/product\/appareil-electrique-pour-nettoyer-le-visage-des-points-noirs-pore%c2%b7off-innovagoods\/#primaryimage"},"image":{"@id":"https:\/\/tupique.com\/product\/appareil-electrique-pour-nettoyer-le-visage-des-points-noirs-pore%c2%b7off-innovagoods\/#primaryimage"},"thumbnailUrl":"https:\/\/tupique.com\/wp-content\/uploads\/2026\/05\/V0103157_000_MKT4.jpg","datePublished":"2026-05-11T10:27:17+00:00","dateModified":"2026-05-11T19:23:44+00:00","description":"Envie d'acheter Appareil \u00c9lectrique pour Nettoyer le Visage des Points Noirs Pore\u00b7Off InnovaGoods\u00a0? Achetez Appareil \u00c9lectrique pour Nettoyer le Visage des Points Noirs Pore\u00b7Off InnovaGoods maintenant avec Tupique en 3 versements sans int\u00e9r\u00eat.","breadcrumb":{"@id":"https:\/\/tupique.com\/product\/appareil-electrique-pour-nettoyer-le-visage-des-points-noirs-pore%c2%b7off-innovagoods\/#breadcrumb"},"inLanguage":"en-GB","potentialAction":[{"@type":"ReadAction","target":["https:\/\/tupique.com\/product\/appareil-electrique-pour-nettoyer-le-visage-des-points-noirs-pore%c2%b7off-innovagoods\/"]}]},{"@type":"ImageObject","inLanguage":"en-GB","@id":"https:\/\/tupique.com\/product\/appareil-electrique-pour-nettoyer-le-visage-des-points-noirs-pore%c2%b7off-innovagoods\/#primaryimage","url":"https:\/\/tupique.com\/wp-content\/uploads\/2026\/05\/V0103157_000_MKT4.jpg","contentUrl":"https:\/\/tupique.com\/wp-content\/uploads\/2026\/05\/V0103157_000_MKT4.jpg","width":1200,"height":1200,"caption":"V0103157_0"},{"@type":"BreadcrumbList","@id":"https:\/\/tupique.com\/product\/appareil-electrique-pour-nettoyer-le-visage-des-points-noirs-pore%c2%b7off-innovagoods\/#breadcrumb","itemListElement":[{"@type":"ListItem","position":1,"name":"commencer","item":"https:\/\/tupique.com\/"},{"@type":"ListItem","position":2,"name":"Loja","item":"https:\/\/tupique.com\/loja\/"},{"@type":"ListItem","position":3,"name":"Appareil \u00c9lectrique pour Nettoyer le Visage des Points Noirs Pore\u00b7Off InnovaGoods"}]},{"@type":"WebSite","@id":"https:\/\/tupique.com\/#website","url":"https:\/\/tupique.com\/","name":"Tupique","description":"","publisher":{"@id":"https:\/\/tupique.com\/#organization"},"potentialAction":[{"@type":"SearchAction","target":{"@type":"EntryPoint","urlTemplate":"https:\/\/tupique.com\/?s={search_term_string}"},"query-input":{"@type":"PropertyValueSpecification","valueRequired":true,"valueName":"search_term_string"}}],"inLanguage":"en-GB"},{"@type":"Organization","@id":"https:\/\/tupique.com\/#organization","name":"Tupique","url":"https:\/\/tupique.com\/","logo":{"@type":"ImageObject","inLanguage":"en-GB","@id":"https:\/\/tupique.com\/#\/schema\/logo\/image\/","url":"https:\/\/tupique.com\/wp-content\/uploads\/2026\/03\/logo-tupique-1.webp","contentUrl":"https:\/\/tupique.com\/wp-content\/uploads\/2026\/03\/logo-tupique-1.webp","width":500,"height":67,"caption":"Tupique"},"image":{"@id":"https:\/\/tupique.com\/#\/schema\/logo\/image\/"}}]}},"_links":{"self":[{"href":"https:\/\/tupique.com\/en\/wp-json\/wp\/v2\/product\/179987","targetHints":{"allow":["GET"]}}],"collection":[{"href":"https:\/\/tupique.com\/en\/wp-json\/wp\/v2\/product"}],"about":[{"href":"https:\/\/tupique.com\/en\/wp-json\/wp\/v2\/types\/product"}],"replies":[{"embeddable":true,"href":"https:\/\/tupique.com\/en\/wp-json\/wp\/v2\/comments?post=179987"}],"wp:featuredmedia":[{"embeddable":true,"href":"https:\/\/tupique.com\/en\/wp-json\/wp\/v2\/media\/179978"}],"wp:attachment":[{"href":"https:\/\/tupique.com\/en\/wp-json\/wp\/v2\/media?parent=179987"}],"wp:term":[{"taxonomy":"product_brand","embeddable":true,"href":"https:\/\/tupique.com\/en\/wp-json\/wp\/v2\/product_brand?post=179987"},{"taxonomy":"product_cat","embeddable":true,"href":"https:\/\/tupique.com\/en\/wp-json\/wp\/v2\/product_cat?post=179987"},{"taxonomy":"product_tag","embeddable":true,"href":"https:\/\/tupique.com\/en\/wp-json\/wp\/v2\/product_tag?post=179987"},{"taxonomy":"woo-feed-brand","embeddable":true,"href":"https:\/\/tupique.com\/en\/wp-json\/wp\/v2\/woo-feed-brand?post=179987"}],"curies":[{"name":"wp","href":"https:\/\/api.w.org\/{rel}","templated":true}]}}