{"id":180087,"date":"2026-05-11T12:29:53","date_gmt":"2026-05-11T10:29:53","guid":{"rendered":"https:\/\/tupique.com\/product\/lime-a-griffes-electrique-pour-animaux-de-compagnie-pedipet-innovagoods\/"},"modified":"2026-05-11T21:23:44","modified_gmt":"2026-05-11T19:23:44","slug":"lime-a-griffes-electrique-pour-animaux-de-compagnie-pedipet-innovagoods","status":"publish","type":"product","link":"https:\/\/tupique.com\/en\/product\/lime-a-griffes-electrique-pour-animaux-de-compagnie-pedipet-innovagoods\/","title":{"rendered":"Lime \u00e0 Griffes \u00c9lectrique pour Animaux de Compagnie PediPet InnovaGoods"},"content":{"rendered":"<div class=\"col-md-6\">Si vous aimez l&#8217;univers des gadgets, <b>InnovaGoods<\/b> vous propose les meilleures et les plus originales nouveaut\u00e9s en mati\u00e8re de maison, voitures, voyages, enfants, technologie, divertissements, etc. ! D\u00e9couvrez une vaste gamme de produits de qualit\u00e9 qui se d\u00e9marquent de par leur fonctionnalit\u00e9, leur efficacit\u00e9 et leur design innovant, comme <b>Lime \u00e0 Griffes \u00c9lectrique pour Animaux de Compagnie PediPet InnovaGoods <\/b> !<\/p>\n<p>Une lime \u00e0 griffes \u00e9lectrique pour animaux de compagnie avec pierre d\u00b4aff\u00fbtage r\u00e9sistante et de longue dur\u00e9e plus s\u00fbre et efficace. Dispose de 2 rainures de tailles diff\u00e9rentes pour s\u00b4adapter \u00e0 la taille de votre animal et d\u00b4une housse pour prot\u00e9ger les fragments de griffes pendant son utilisation. Peut aussi s\u00b4utiliser pour donner forme et lisser les griffes. Gr\u00e2ce \u00e0 son design universel, elle convient \u00e0 tout type d\u00b4animaux, m\u00eame si elle est con\u00e7ue principalement pour les chiens. De plus, son nettoyage est facile et ne fait pratiquement pas de bruit afin de ne pas effrayer les animaux.<\/p>\n<ul>\n<li>Mat\u00e9riel: ABS<\/li>\n<li>Couleur: Blanc<\/li>\n<li>Type: Lime \u00e0 ongles<\/li>\n<li>Design moderne: Originale et portative<\/li>\n<li>Caract\u00e9ristiques: Pierre \u00e0 aff\u00fbter r\u00e9sistante et durable<\/li>\n<li>2 fentes de tailles diff\u00e9rentes: Polyvalent et adaptable<\/li>\n<li>Inclut: Housse de protection<\/li>\n<li>Propri\u00e9t\u00e9s: Moteur silencieux<\/li>\n<li>Universel: Apte pour tout type d\u00b4animaux<\/li>\n<li>Facile \u00e0 utiliser et \u00e0 nettoyer: Utilisation pratique, simple et s\u00fbre<\/li>\n<li>L\u00e9ger et maniable: Facile \u00e0 transporter et \u00e0 ranger<\/li>\n<li>Nombre de batteries: 2<\/li>\n<li>Type de batterie: AA<\/li>\n<li>Piles incluses: Non<\/li>\n<li>Dimensions approx.: 3,5 x 13 x 3 cm<\/li>\n<li>Packaging et manuel en 24 langues: anglais, fran\u00e7ais, espagnol, allemand, italien, portugais, n\u00e9erlandais, polonais, hongrois, roumain, danois, su\u00e9dois, finnois, lituanien, norv\u00e9gien, slov\u00e8ne, grec, tch\u00e8que, bulgare, croate, slovaque, estonien, russe, letton<\/li>\n<\/ul>\n<p>Packaging et manuel en 24 langues: anglais, fran\u00e7ais, espagnol, allemand, italien, portugais, n\u00e9erlandais, polonais, hongrois, roumain, danois, su\u00e9dois, finnois, lituanien, norv\u00e9gien, slov\u00e8ne, grec, tch\u00e8que, bulgare, croate, slovaque, estonien, russe, letton.<\/p><\/div>\n<div class=\"col-md-6\">\n<div class=\"embed-responsive embed-responsive-16by9\"><iframe class=\"embed-responsive-item\" src=\"https:\/\/www.youtube.com\/embed\/qc-Q58Nk-Sg\" frameborder=\"0\" allowfullscreen><\/iframe><\/div>\n<\/div>","protected":false},"excerpt":{"rendered":"<p>Si vous aimez l&#8217;univers des gadgets, InnovaGoods vous propose les meilleures et les plus originales nouveaut\u00e9s en mati\u00e8re de maison, voitures, voyages, enfants, technologie, divertissements, etc. ! D\u00e9couvrez une vaste gamme de produits de qualit\u00e9 qui se d\u00e9marquent de par leur fonctionnalit\u00e9, leur efficacit\u00e9 et leur design innovant, comme Lime \u00e0 Griffes \u00c9lectrique pour Animaux [&hellip;]<\/p>\n","protected":false},"featured_media":180079,"comment_status":"open","ping_status":"closed","template":"","meta":[],"product_brand":[256],"product_cat":[621,1869,239,622,1796],"product_tag":[],"class_list":{"0":"post-180087","1":"product","2":"type-product","3":"status-publish","4":"has-post-thumbnail","6":"product_brand-brandp_1281","7":"product_cat-animaux-de-compagnie","8":"product_cat-bien-plus-encore-sur-teleachat","9":"product_cat-maison-jardin","10":"product_cat-sante-et-hygiene","11":"product_cat-teleachat-vu-a-la-television","13":"first","14":"instock","15":"taxable","16":"shipping-taxable","17":"purchasable","18":"product-type-simple"},"yoast_head":"<!-- This site is optimized with the Yoast SEO plugin v27.5 - https:\/\/yoast.com\/product\/yoast-seo-wordpress\/ -->\n<title>Lime \u00e0 Griffes \u00c9lectrique pour Animaux de Compagnie PediPet InnovaGoods - Tupique<\/title>\n<meta name=\"robots\" content=\"index, follow, max-snippet:-1, max-image-preview:large, max-video-preview:-1\" \/>\n<link rel=\"canonical\" href=\"https:\/\/tupique.com\/en\/product\/lime-a-griffes-electrique-pour-animaux-de-compagnie-pedipet-innovagoods\/\" \/>\n<meta property=\"og:locale\" content=\"en_GB\" \/>\n<meta property=\"og:type\" content=\"article\" \/>\n<meta property=\"og:title\" content=\"Lime \u00e0 Griffes \u00c9lectrique pour Animaux de Compagnie PediPet InnovaGoods - Tupique\" \/>\n<meta property=\"og:description\" content=\"Si vous aimez l&#8217;univers des gadgets, InnovaGoods vous propose les meilleures et les plus originales nouveaut\u00e9s en mati\u00e8re de maison, voitures, voyages, enfants, technologie, divertissements, etc. ! D\u00e9couvrez une vaste gamme de produits de qualit\u00e9 qui se d\u00e9marquent de par leur fonctionnalit\u00e9, leur efficacit\u00e9 et leur design innovant, comme Lime \u00e0 Griffes \u00c9lectrique pour Animaux [&hellip;]\" \/>\n<meta property=\"og:url\" content=\"https:\/\/tupique.com\/en\/product\/lime-a-griffes-electrique-pour-animaux-de-compagnie-pedipet-innovagoods\/\" \/>\n<meta property=\"og:site_name\" content=\"Tupique\" \/>\n<meta property=\"article:modified_time\" content=\"2026-05-11T19:23:44+00:00\" \/>\n<meta name=\"twitter:card\" content=\"summary_large_image\" \/>\n<meta name=\"twitter:label1\" content=\"Est. reading time\" \/>\n\t<meta name=\"twitter:data1\" content=\"2 minutes\" \/>\n<script type=\"application\/ld+json\" class=\"yoast-schema-graph\">{\"@context\":\"https:\\\/\\\/schema.org\",\"@graph\":[{\"@type\":\"WebPage\",\"@id\":\"https:\\\/\\\/tupique.com\\\/product\\\/lime-a-griffes-electrique-pour-animaux-de-compagnie-pedipet-innovagoods\\\/\",\"url\":\"https:\\\/\\\/tupique.com\\\/product\\\/lime-a-griffes-electrique-pour-animaux-de-compagnie-pedipet-innovagoods\\\/\",\"name\":\"Lime \u00e0 Griffes \u00c9lectrique pour Animaux de Compagnie PediPet InnovaGoods - Tupique\",\"isPartOf\":{\"@id\":\"https:\\\/\\\/tupique.com\\\/#website\"},\"primaryImageOfPage\":{\"@id\":\"https:\\\/\\\/tupique.com\\\/product\\\/lime-a-griffes-electrique-pour-animaux-de-compagnie-pedipet-innovagoods\\\/#primaryimage\"},\"image\":{\"@id\":\"https:\\\/\\\/tupique.com\\\/product\\\/lime-a-griffes-electrique-pour-animaux-de-compagnie-pedipet-innovagoods\\\/#primaryimage\"},\"thumbnailUrl\":\"https:\\\/\\\/tupique.com\\\/wp-content\\\/uploads\\\/2026\\\/05\\\/V0103171_000_MKT3.jpg\",\"datePublished\":\"2026-05-11T10:29:53+00:00\",\"dateModified\":\"2026-05-11T19:23:44+00:00\",\"breadcrumb\":{\"@id\":\"https:\\\/\\\/tupique.com\\\/product\\\/lime-a-griffes-electrique-pour-animaux-de-compagnie-pedipet-innovagoods\\\/#breadcrumb\"},\"inLanguage\":\"en-GB\",\"potentialAction\":[{\"@type\":\"ReadAction\",\"target\":[\"https:\\\/\\\/tupique.com\\\/product\\\/lime-a-griffes-electrique-pour-animaux-de-compagnie-pedipet-innovagoods\\\/\"]}]},{\"@type\":\"ImageObject\",\"inLanguage\":\"en-GB\",\"@id\":\"https:\\\/\\\/tupique.com\\\/product\\\/lime-a-griffes-electrique-pour-animaux-de-compagnie-pedipet-innovagoods\\\/#primaryimage\",\"url\":\"https:\\\/\\\/tupique.com\\\/wp-content\\\/uploads\\\/2026\\\/05\\\/V0103171_000_MKT3.jpg\",\"contentUrl\":\"https:\\\/\\\/tupique.com\\\/wp-content\\\/uploads\\\/2026\\\/05\\\/V0103171_000_MKT3.jpg\",\"width\":1200,\"height\":1200,\"caption\":\"V0103171_0\"},{\"@type\":\"BreadcrumbList\",\"@id\":\"https:\\\/\\\/tupique.com\\\/product\\\/lime-a-griffes-electrique-pour-animaux-de-compagnie-pedipet-innovagoods\\\/#breadcrumb\",\"itemListElement\":[{\"@type\":\"ListItem\",\"position\":1,\"name\":\"commencer\",\"item\":\"https:\\\/\\\/tupique.com\\\/\"},{\"@type\":\"ListItem\",\"position\":2,\"name\":\"Loja\",\"item\":\"https:\\\/\\\/tupique.com\\\/loja\\\/\"},{\"@type\":\"ListItem\",\"position\":3,\"name\":\"Lime \u00e0 Griffes \u00c9lectrique pour Animaux de Compagnie PediPet InnovaGoods\"}]},{\"@type\":\"WebSite\",\"@id\":\"https:\\\/\\\/tupique.com\\\/#website\",\"url\":\"https:\\\/\\\/tupique.com\\\/\",\"name\":\"Tupique\",\"description\":\"\",\"publisher\":{\"@id\":\"https:\\\/\\\/tupique.com\\\/#organization\"},\"potentialAction\":[{\"@type\":\"SearchAction\",\"target\":{\"@type\":\"EntryPoint\",\"urlTemplate\":\"https:\\\/\\\/tupique.com\\\/?s={search_term_string}\"},\"query-input\":{\"@type\":\"PropertyValueSpecification\",\"valueRequired\":true,\"valueName\":\"search_term_string\"}}],\"inLanguage\":\"en-GB\"},{\"@type\":\"Organization\",\"@id\":\"https:\\\/\\\/tupique.com\\\/#organization\",\"name\":\"Tupique\",\"url\":\"https:\\\/\\\/tupique.com\\\/\",\"logo\":{\"@type\":\"ImageObject\",\"inLanguage\":\"en-GB\",\"@id\":\"https:\\\/\\\/tupique.com\\\/#\\\/schema\\\/logo\\\/image\\\/\",\"url\":\"https:\\\/\\\/tupique.com\\\/wp-content\\\/uploads\\\/2026\\\/03\\\/logo-tupique-1.webp\",\"contentUrl\":\"https:\\\/\\\/tupique.com\\\/wp-content\\\/uploads\\\/2026\\\/03\\\/logo-tupique-1.webp\",\"width\":500,\"height\":67,\"caption\":\"Tupique\"},\"image\":{\"@id\":\"https:\\\/\\\/tupique.com\\\/#\\\/schema\\\/logo\\\/image\\\/\"}}]}<\/script>\n<!-- \/ Yoast SEO plugin. -->","yoast_head_json":{"title":"Lime \u00e0 Griffes \u00c9lectrique pour Animaux de Compagnie PediPet InnovaGoods - Tupique","robots":{"index":"index","follow":"follow","max-snippet":"max-snippet:-1","max-image-preview":"max-image-preview:large","max-video-preview":"max-video-preview:-1"},"canonical":"https:\/\/tupique.com\/en\/product\/lime-a-griffes-electrique-pour-animaux-de-compagnie-pedipet-innovagoods\/","og_locale":"en_GB","og_type":"article","og_title":"Lime \u00e0 Griffes \u00c9lectrique pour Animaux de Compagnie PediPet InnovaGoods - Tupique","og_description":"Si vous aimez l&#8217;univers des gadgets, InnovaGoods vous propose les meilleures et les plus originales nouveaut\u00e9s en mati\u00e8re de maison, voitures, voyages, enfants, technologie, divertissements, etc. ! D\u00e9couvrez une vaste gamme de produits de qualit\u00e9 qui se d\u00e9marquent de par leur fonctionnalit\u00e9, leur efficacit\u00e9 et leur design innovant, comme Lime \u00e0 Griffes \u00c9lectrique pour Animaux [&hellip;]","og_url":"https:\/\/tupique.com\/en\/product\/lime-a-griffes-electrique-pour-animaux-de-compagnie-pedipet-innovagoods\/","og_site_name":"Tupique","article_modified_time":"2026-05-11T19:23:44+00:00","twitter_card":"summary_large_image","twitter_misc":{"Est. reading time":"2 minutes"},"schema":{"@context":"https:\/\/schema.org","@graph":[{"@type":"WebPage","@id":"https:\/\/tupique.com\/product\/lime-a-griffes-electrique-pour-animaux-de-compagnie-pedipet-innovagoods\/","url":"https:\/\/tupique.com\/product\/lime-a-griffes-electrique-pour-animaux-de-compagnie-pedipet-innovagoods\/","name":"Lime \u00e0 Griffes \u00c9lectrique pour Animaux de Compagnie PediPet InnovaGoods - Tupique","isPartOf":{"@id":"https:\/\/tupique.com\/#website"},"primaryImageOfPage":{"@id":"https:\/\/tupique.com\/product\/lime-a-griffes-electrique-pour-animaux-de-compagnie-pedipet-innovagoods\/#primaryimage"},"image":{"@id":"https:\/\/tupique.com\/product\/lime-a-griffes-electrique-pour-animaux-de-compagnie-pedipet-innovagoods\/#primaryimage"},"thumbnailUrl":"https:\/\/tupique.com\/wp-content\/uploads\/2026\/05\/V0103171_000_MKT3.jpg","datePublished":"2026-05-11T10:29:53+00:00","dateModified":"2026-05-11T19:23:44+00:00","breadcrumb":{"@id":"https:\/\/tupique.com\/product\/lime-a-griffes-electrique-pour-animaux-de-compagnie-pedipet-innovagoods\/#breadcrumb"},"inLanguage":"en-GB","potentialAction":[{"@type":"ReadAction","target":["https:\/\/tupique.com\/product\/lime-a-griffes-electrique-pour-animaux-de-compagnie-pedipet-innovagoods\/"]}]},{"@type":"ImageObject","inLanguage":"en-GB","@id":"https:\/\/tupique.com\/product\/lime-a-griffes-electrique-pour-animaux-de-compagnie-pedipet-innovagoods\/#primaryimage","url":"https:\/\/tupique.com\/wp-content\/uploads\/2026\/05\/V0103171_000_MKT3.jpg","contentUrl":"https:\/\/tupique.com\/wp-content\/uploads\/2026\/05\/V0103171_000_MKT3.jpg","width":1200,"height":1200,"caption":"V0103171_0"},{"@type":"BreadcrumbList","@id":"https:\/\/tupique.com\/product\/lime-a-griffes-electrique-pour-animaux-de-compagnie-pedipet-innovagoods\/#breadcrumb","itemListElement":[{"@type":"ListItem","position":1,"name":"commencer","item":"https:\/\/tupique.com\/"},{"@type":"ListItem","position":2,"name":"Loja","item":"https:\/\/tupique.com\/loja\/"},{"@type":"ListItem","position":3,"name":"Lime \u00e0 Griffes \u00c9lectrique pour Animaux de Compagnie PediPet InnovaGoods"}]},{"@type":"WebSite","@id":"https:\/\/tupique.com\/#website","url":"https:\/\/tupique.com\/","name":"Tupique","description":"","publisher":{"@id":"https:\/\/tupique.com\/#organization"},"potentialAction":[{"@type":"SearchAction","target":{"@type":"EntryPoint","urlTemplate":"https:\/\/tupique.com\/?s={search_term_string}"},"query-input":{"@type":"PropertyValueSpecification","valueRequired":true,"valueName":"search_term_string"}}],"inLanguage":"en-GB"},{"@type":"Organization","@id":"https:\/\/tupique.com\/#organization","name":"Tupique","url":"https:\/\/tupique.com\/","logo":{"@type":"ImageObject","inLanguage":"en-GB","@id":"https:\/\/tupique.com\/#\/schema\/logo\/image\/","url":"https:\/\/tupique.com\/wp-content\/uploads\/2026\/03\/logo-tupique-1.webp","contentUrl":"https:\/\/tupique.com\/wp-content\/uploads\/2026\/03\/logo-tupique-1.webp","width":500,"height":67,"caption":"Tupique"},"image":{"@id":"https:\/\/tupique.com\/#\/schema\/logo\/image\/"}}]}},"_links":{"self":[{"href":"https:\/\/tupique.com\/en\/wp-json\/wp\/v2\/product\/180087","targetHints":{"allow":["GET"]}}],"collection":[{"href":"https:\/\/tupique.com\/en\/wp-json\/wp\/v2\/product"}],"about":[{"href":"https:\/\/tupique.com\/en\/wp-json\/wp\/v2\/types\/product"}],"replies":[{"embeddable":true,"href":"https:\/\/tupique.com\/en\/wp-json\/wp\/v2\/comments?post=180087"}],"wp:featuredmedia":[{"embeddable":true,"href":"https:\/\/tupique.com\/en\/wp-json\/wp\/v2\/media\/180079"}],"wp:attachment":[{"href":"https:\/\/tupique.com\/en\/wp-json\/wp\/v2\/media?parent=180087"}],"wp:term":[{"taxonomy":"product_brand","embeddable":true,"href":"https:\/\/tupique.com\/en\/wp-json\/wp\/v2\/product_brand?post=180087"},{"taxonomy":"product_cat","embeddable":true,"href":"https:\/\/tupique.com\/en\/wp-json\/wp\/v2\/product_cat?post=180087"},{"taxonomy":"product_tag","embeddable":true,"href":"https:\/\/tupique.com\/en\/wp-json\/wp\/v2\/product_tag?post=180087"}],"curies":[{"name":"wp","href":"https:\/\/api.w.org\/{rel}","templated":true}]}}