{"id":180534,"date":"2026-05-11T12:52:00","date_gmt":"2026-05-11T10:52:00","guid":{"rendered":"https:\/\/tupique.com\/product\/appareil-de-massage-anticellulite-a-vibration-avec-infrarouges-5-en-1-cellyred-innovagoods\/"},"modified":"2026-05-11T21:23:45","modified_gmt":"2026-05-11T19:23:45","slug":"appareil-de-massage-anticellulite-a-vibration-avec-infrarouges-5-en-1-cellyred-innovagoods","status":"publish","type":"product","link":"https:\/\/tupique.com\/en\/product\/appareil-de-massage-anticellulite-a-vibration-avec-infrarouges-5-en-1-cellyred-innovagoods\/","title":{"rendered":"InnovaGoods Cellyred 5-in-1 Anti-Cellulite Massage Device with Infrared Vibrations"},"content":{"rendered":"<div class=\"col-md-6\"><b>InnovaGoods<\/b> vous facilite la t\u00e2che pour que votre soin personnel soit une priorit\u00e9 sans excuses. Il vous propose les meilleures nouveaut\u00e9s en mati\u00e8re de beaut\u00e9, de d\u00e9tente et de bien-\u00eatre ! <b>InnovaGoods Cellyred 5-in-1 Anti-Cellulite Massage Device with Infrared Vibrations <\/b> en est un bon exemple ! D\u00e9couvrez une vaste gamme de produits de qualit\u00e9 qui se d\u00e9marquent de par leur fonctionnalit\u00e9, leur efficacit\u00e9 et leur design innovant.<\/p>\n<p>Un appareil de massage anticellulite \u00e0 chaleur infrarouge qui agit efficacement sur la graisse accumul\u00e9e, en am\u00e9liorant l\u2019aspect et l&#8217;\u00e9lasticit\u00e9 de la peau. Gr\u00e2ce \u00e0 sa conception multifonction, il combat la cellulite et la flaccidit\u00e9, mais il est \u00e9galement parfait pour offrir une grande relaxation et un bien-\u00eatre par des massages agr\u00e9ables. Son mouvement de rotation et de vibration et la chaleur infrarouge renforcent et am\u00e9liorent les r\u00e9sultats. La fonction infrarouge peut \u00eatre d\u00e9sactiv\u00e9e si vous souhaitez l\u2019utiliser sans chaleur. Il est compos\u00e9 de 5 t\u00eates diff\u00e9rentes pour une adaptation totale, selon la zone du corps \u00e0 traiter et le type de massage ou d&#8217;effet \u00e0 obtenir\u00a0: profond-calmant-anticellulite \/ drainant-anti-flaccidit\u00e9-anticellulite\/ tonifiant-relaxant\/ raffermissant. L&#8217;une des t\u00eates de fixation est recouverte d\u2019un filet de protection destin\u00e9 \u00e0 \u00eatre utilis\u00e9 sur les parties poilues. Il dispose d&#8217;une intensit\u00e9 r\u00e9glable et d&#8217;un contr\u00f4le de vitesse. Son fonctionnement est tr\u00e8s simple, il suffit d\u2019effectuer des mouvements lents et circulaires sur la zone \u00e0 traiter, en glissant doucement. Il convient \u00e0 toutes les zones du corps\u00a0; m\u00eame s\u2019il s\u2019utilise principalement sur les fessiers, les jambes, les bras, la taille et l&#8217;abdomen, il est aussi parfait pour les \u00e9paules, le cou, etc. Il se nettoie facilement et peut \u00eatre utilis\u00e9 quotidiennement, la recommandation est fix\u00e9e \u00e0 20 min maximum (environ. 5 min sur chaque zone). Il est recommand\u00e9 d&#8217;utiliser des lotions, des huiles et des cr\u00e8mes appropri\u00e9es (non comprises) pour favoriser l&#8217;utilisation et les r\u00e9sultats.<\/p>\n<ul>\n<li>Mat\u00e9riel:\n<ul>\n<li>ABS<\/li>\n<li>TPR<\/li>\n<\/ul>\n<\/li>\n<li>Couleur:\n<ul>\n<li>Blanc<\/li>\n<li>Bleu<\/li>\n<li>Gris<\/li>\n<\/ul>\n<\/li>\n<li>Type: Masseur \u00c9lectrique Anti-Cellulite<\/li>\n<li>Design moderne: Ergonomique<\/li>\n<li>Multifonction: 5-in-1<\/li>\n<li>Inclut: 5 t\u00eates interchangeables<\/li>\n<li>Anticellulite: Am\u00e9lioration de l&#8217;\u00e9tat et de l&#8217;aspect de la peau<\/li>\n<li>Fonction massage: Mouvement simultan\u00e9 de rotation et de vibration<\/li>\n<li>Chaleur infrarouge: Effet thermoactif renforc\u00e9<\/li>\n<li>Caract\u00e9ristiques: Intensit\u00e9 r\u00e9glable<\/li>\n<li>Vitesse ajustable: \u22642500 r.p.m.<\/li>\n<li>Utilisation quotidienne recommand\u00e9e: 15-20 min<\/li>\n<li>Adapt\u00e9 pour tout le corps: Id\u00e9al pour les jambes, fessiers, taille, abdomen et bras<\/li>\n<li>Effets b\u00e9n\u00e9fiques: Soulagement, repos, d\u00e9tente et bien-\u00eatre<\/li>\n<li>Type de prise: C<\/li>\n<li>Longueur du c\u00e2ble: 180 cm<\/li>\n<li>puissance: 25 W<\/li>\n<li>AC In: 220-240 V \/ 50 Hz<\/li>\n<li>Dimensions approx.: 15 x 16,5 x 11 cm<\/li>\n<\/ul>\n<p>Packaging et manuel en 24 langues: anglais, fran\u00e7ais, espagnol, allemand, italien, portugais, n\u00e9erlandais, polonais, hongrois, roumain, danois, su\u00e9dois, finnois, lituanien, norv\u00e9gien, slov\u00e8ne, grec, tch\u00e8que, bulgare, croate, slovaque, estonien, russe, letton.<\/p><\/div>\n<div class=\"col-md-6\">\n<div class=\"embed-responsive embed-responsive-16by9\"><iframe class=\"embed-responsive-item\" src=\"https:\/\/www.youtube.com\/embed\/Ly1GZscfhE0\" frameborder=\"0\" allowfullscreen><\/iframe><\/div>\n<\/div>","protected":false},"excerpt":{"rendered":"<p>InnovaGoods vous facilite la t\u00e2che pour que votre soin personnel soit une priorit\u00e9 sans excuses. Il vous propose les meilleures nouveaut\u00e9s en mati\u00e8re de beaut\u00e9, de d\u00e9tente et de bien-\u00eatre ! Appareil de Massage Anticellulite \u00e0 Vibration avec Infrarouges 5 en 1 Cellyred InnovaGoods en est un bon exemple ! D\u00e9couvrez une vaste gamme de [&hellip;]<\/p>\n","protected":false},"featured_media":180521,"comment_status":"open","ping_status":"closed","template":"","meta":[],"product_brand":[256],"product_cat":[63,550,1825,776,1059,1838,752,1826,1487,1796],"product_tag":[104],"class_list":{"0":"post-180534","1":"product","2":"type-product","3":"status-publish","4":"has-post-thumbnail","6":"product_brand-brandp_1281","7":"product_cat-cadeaux-originaux","8":"product_cat-cadeaux-pour-femme","9":"product_cat-cadeaux-pour-soins-personnels","10":"product_cat-detente-et-bien-etre","11":"product_cat-esthetique-et-traitements-corporels","12":"product_cat-masseurs","13":"product_cat-sante-beaute","14":"product_cat-teleachat-vu-a-la-television-sante-et-beaute-teleshop","15":"product_cat-soins-anti-cellulite","16":"product_cat-teleachat-vu-a-la-television","17":"product_tag-tag_1279","19":"first","20":"instock","21":"taxable","22":"shipping-taxable","23":"purchasable","24":"product-type-simple"},"yoast_head":"<!-- This site is optimized with the Yoast SEO plugin v27.5 - https:\/\/yoast.com\/product\/yoast-seo-wordpress\/ -->\n<title>Appareil de Massage Anticellulite \u00e0 Vibration avec Infrarouges 5 en 1 Cellyred InnovaGoods - Tupique<\/title>\n<meta name=\"robots\" content=\"index, follow, max-snippet:-1, max-image-preview:large, max-video-preview:-1\" \/>\n<link rel=\"canonical\" href=\"https:\/\/tupique.com\/en\/product\/appareil-de-massage-anticellulite-a-vibration-avec-infrarouges-5-en-1-cellyred-innovagoods\/\" \/>\n<meta property=\"og:locale\" content=\"en_GB\" \/>\n<meta property=\"og:type\" content=\"article\" \/>\n<meta property=\"og:title\" content=\"Appareil de Massage Anticellulite \u00e0 Vibration avec Infrarouges 5 en 1 Cellyred InnovaGoods - Tupique\" \/>\n<meta property=\"og:description\" content=\"InnovaGoods vous facilite la t\u00e2che pour que votre soin personnel soit une priorit\u00e9 sans excuses. Il vous propose les meilleures nouveaut\u00e9s en mati\u00e8re de beaut\u00e9, de d\u00e9tente et de bien-\u00eatre ! Appareil de Massage Anticellulite \u00e0 Vibration avec Infrarouges 5 en 1 Cellyred InnovaGoods en est un bon exemple ! D\u00e9couvrez une vaste gamme de [&hellip;]\" \/>\n<meta property=\"og:url\" content=\"https:\/\/tupique.com\/en\/product\/appareil-de-massage-anticellulite-a-vibration-avec-infrarouges-5-en-1-cellyred-innovagoods\/\" \/>\n<meta property=\"og:site_name\" content=\"Tupique\" \/>\n<meta property=\"article:modified_time\" content=\"2026-05-11T19:23:45+00:00\" \/>\n<meta property=\"og:image\" content=\"https:\/\/tupique.com\/wp-content\/uploads\/2026\/05\/V0103224_000_MKT5.jpg\" \/>\n\t<meta property=\"og:image:width\" content=\"1200\" \/>\n\t<meta property=\"og:image:height\" content=\"1200\" \/>\n\t<meta property=\"og:image:type\" content=\"image\/jpeg\" \/>\n<meta name=\"twitter:card\" content=\"summary_large_image\" \/>\n<meta name=\"twitter:label1\" content=\"Est. reading time\" \/>\n\t<meta name=\"twitter:data1\" content=\"2 minutes\" \/>\n<script type=\"application\/ld+json\" class=\"yoast-schema-graph\">{\"@context\":\"https:\\\/\\\/schema.org\",\"@graph\":[{\"@type\":\"WebPage\",\"@id\":\"https:\\\/\\\/tupique.com\\\/product\\\/appareil-de-massage-anticellulite-a-vibration-avec-infrarouges-5-en-1-cellyred-innovagoods\\\/\",\"url\":\"https:\\\/\\\/tupique.com\\\/product\\\/appareil-de-massage-anticellulite-a-vibration-avec-infrarouges-5-en-1-cellyred-innovagoods\\\/\",\"name\":\"Appareil de Massage Anticellulite \u00e0 Vibration avec Infrarouges 5 en 1 Cellyred InnovaGoods - Tupique\",\"isPartOf\":{\"@id\":\"https:\\\/\\\/tupique.com\\\/#website\"},\"primaryImageOfPage\":{\"@id\":\"https:\\\/\\\/tupique.com\\\/product\\\/appareil-de-massage-anticellulite-a-vibration-avec-infrarouges-5-en-1-cellyred-innovagoods\\\/#primaryimage\"},\"image\":{\"@id\":\"https:\\\/\\\/tupique.com\\\/product\\\/appareil-de-massage-anticellulite-a-vibration-avec-infrarouges-5-en-1-cellyred-innovagoods\\\/#primaryimage\"},\"thumbnailUrl\":\"https:\\\/\\\/tupique.com\\\/wp-content\\\/uploads\\\/2026\\\/05\\\/V0103224_000_MKT5.jpg\",\"datePublished\":\"2026-05-11T10:52:00+00:00\",\"dateModified\":\"2026-05-11T19:23:45+00:00\",\"breadcrumb\":{\"@id\":\"https:\\\/\\\/tupique.com\\\/product\\\/appareil-de-massage-anticellulite-a-vibration-avec-infrarouges-5-en-1-cellyred-innovagoods\\\/#breadcrumb\"},\"inLanguage\":\"en-GB\",\"potentialAction\":[{\"@type\":\"ReadAction\",\"target\":[\"https:\\\/\\\/tupique.com\\\/product\\\/appareil-de-massage-anticellulite-a-vibration-avec-infrarouges-5-en-1-cellyred-innovagoods\\\/\"]}]},{\"@type\":\"ImageObject\",\"inLanguage\":\"en-GB\",\"@id\":\"https:\\\/\\\/tupique.com\\\/product\\\/appareil-de-massage-anticellulite-a-vibration-avec-infrarouges-5-en-1-cellyred-innovagoods\\\/#primaryimage\",\"url\":\"https:\\\/\\\/tupique.com\\\/wp-content\\\/uploads\\\/2026\\\/05\\\/V0103224_000_MKT5.jpg\",\"contentUrl\":\"https:\\\/\\\/tupique.com\\\/wp-content\\\/uploads\\\/2026\\\/05\\\/V0103224_000_MKT5.jpg\",\"width\":1200,\"height\":1200,\"caption\":\"V0103224_0\"},{\"@type\":\"BreadcrumbList\",\"@id\":\"https:\\\/\\\/tupique.com\\\/product\\\/appareil-de-massage-anticellulite-a-vibration-avec-infrarouges-5-en-1-cellyred-innovagoods\\\/#breadcrumb\",\"itemListElement\":[{\"@type\":\"ListItem\",\"position\":1,\"name\":\"commencer\",\"item\":\"https:\\\/\\\/tupique.com\\\/\"},{\"@type\":\"ListItem\",\"position\":2,\"name\":\"Loja\",\"item\":\"https:\\\/\\\/tupique.com\\\/loja\\\/\"},{\"@type\":\"ListItem\",\"position\":3,\"name\":\"Appareil de Massage Anticellulite \u00e0 Vibration avec Infrarouges 5 en 1 Cellyred InnovaGoods\"}]},{\"@type\":\"WebSite\",\"@id\":\"https:\\\/\\\/tupique.com\\\/#website\",\"url\":\"https:\\\/\\\/tupique.com\\\/\",\"name\":\"Tupique\",\"description\":\"\",\"publisher\":{\"@id\":\"https:\\\/\\\/tupique.com\\\/#organization\"},\"potentialAction\":[{\"@type\":\"SearchAction\",\"target\":{\"@type\":\"EntryPoint\",\"urlTemplate\":\"https:\\\/\\\/tupique.com\\\/?s={search_term_string}\"},\"query-input\":{\"@type\":\"PropertyValueSpecification\",\"valueRequired\":true,\"valueName\":\"search_term_string\"}}],\"inLanguage\":\"en-GB\"},{\"@type\":\"Organization\",\"@id\":\"https:\\\/\\\/tupique.com\\\/#organization\",\"name\":\"Tupique\",\"url\":\"https:\\\/\\\/tupique.com\\\/\",\"logo\":{\"@type\":\"ImageObject\",\"inLanguage\":\"en-GB\",\"@id\":\"https:\\\/\\\/tupique.com\\\/#\\\/schema\\\/logo\\\/image\\\/\",\"url\":\"https:\\\/\\\/tupique.com\\\/wp-content\\\/uploads\\\/2026\\\/03\\\/logo-tupique-1.webp\",\"contentUrl\":\"https:\\\/\\\/tupique.com\\\/wp-content\\\/uploads\\\/2026\\\/03\\\/logo-tupique-1.webp\",\"width\":500,\"height\":67,\"caption\":\"Tupique\"},\"image\":{\"@id\":\"https:\\\/\\\/tupique.com\\\/#\\\/schema\\\/logo\\\/image\\\/\"}}]}<\/script>\n<!-- \/ Yoast SEO plugin. -->","yoast_head_json":{"title":"Appareil de Massage Anticellulite \u00e0 Vibration avec Infrarouges 5 en 1 Cellyred InnovaGoods - Tupique","robots":{"index":"index","follow":"follow","max-snippet":"max-snippet:-1","max-image-preview":"max-image-preview:large","max-video-preview":"max-video-preview:-1"},"canonical":"https:\/\/tupique.com\/en\/product\/appareil-de-massage-anticellulite-a-vibration-avec-infrarouges-5-en-1-cellyred-innovagoods\/","og_locale":"en_GB","og_type":"article","og_title":"Appareil de Massage Anticellulite \u00e0 Vibration avec Infrarouges 5 en 1 Cellyred InnovaGoods - Tupique","og_description":"InnovaGoods vous facilite la t\u00e2che pour que votre soin personnel soit une priorit\u00e9 sans excuses. Il vous propose les meilleures nouveaut\u00e9s en mati\u00e8re de beaut\u00e9, de d\u00e9tente et de bien-\u00eatre ! Appareil de Massage Anticellulite \u00e0 Vibration avec Infrarouges 5 en 1 Cellyred InnovaGoods en est un bon exemple ! D\u00e9couvrez une vaste gamme de [&hellip;]","og_url":"https:\/\/tupique.com\/en\/product\/appareil-de-massage-anticellulite-a-vibration-avec-infrarouges-5-en-1-cellyred-innovagoods\/","og_site_name":"Tupique","article_modified_time":"2026-05-11T19:23:45+00:00","og_image":[{"width":1200,"height":1200,"url":"https:\/\/tupique.com\/wp-content\/uploads\/2026\/05\/V0103224_000_MKT5.jpg","type":"image\/jpeg"}],"twitter_card":"summary_large_image","twitter_misc":{"Est. reading time":"2 minutes"},"schema":{"@context":"https:\/\/schema.org","@graph":[{"@type":"WebPage","@id":"https:\/\/tupique.com\/product\/appareil-de-massage-anticellulite-a-vibration-avec-infrarouges-5-en-1-cellyred-innovagoods\/","url":"https:\/\/tupique.com\/product\/appareil-de-massage-anticellulite-a-vibration-avec-infrarouges-5-en-1-cellyred-innovagoods\/","name":"Appareil de Massage Anticellulite \u00e0 Vibration avec Infrarouges 5 en 1 Cellyred InnovaGoods - Tupique","isPartOf":{"@id":"https:\/\/tupique.com\/#website"},"primaryImageOfPage":{"@id":"https:\/\/tupique.com\/product\/appareil-de-massage-anticellulite-a-vibration-avec-infrarouges-5-en-1-cellyred-innovagoods\/#primaryimage"},"image":{"@id":"https:\/\/tupique.com\/product\/appareil-de-massage-anticellulite-a-vibration-avec-infrarouges-5-en-1-cellyred-innovagoods\/#primaryimage"},"thumbnailUrl":"https:\/\/tupique.com\/wp-content\/uploads\/2026\/05\/V0103224_000_MKT5.jpg","datePublished":"2026-05-11T10:52:00+00:00","dateModified":"2026-05-11T19:23:45+00:00","breadcrumb":{"@id":"https:\/\/tupique.com\/product\/appareil-de-massage-anticellulite-a-vibration-avec-infrarouges-5-en-1-cellyred-innovagoods\/#breadcrumb"},"inLanguage":"en-GB","potentialAction":[{"@type":"ReadAction","target":["https:\/\/tupique.com\/product\/appareil-de-massage-anticellulite-a-vibration-avec-infrarouges-5-en-1-cellyred-innovagoods\/"]}]},{"@type":"ImageObject","inLanguage":"en-GB","@id":"https:\/\/tupique.com\/product\/appareil-de-massage-anticellulite-a-vibration-avec-infrarouges-5-en-1-cellyred-innovagoods\/#primaryimage","url":"https:\/\/tupique.com\/wp-content\/uploads\/2026\/05\/V0103224_000_MKT5.jpg","contentUrl":"https:\/\/tupique.com\/wp-content\/uploads\/2026\/05\/V0103224_000_MKT5.jpg","width":1200,"height":1200,"caption":"V0103224_0"},{"@type":"BreadcrumbList","@id":"https:\/\/tupique.com\/product\/appareil-de-massage-anticellulite-a-vibration-avec-infrarouges-5-en-1-cellyred-innovagoods\/#breadcrumb","itemListElement":[{"@type":"ListItem","position":1,"name":"commencer","item":"https:\/\/tupique.com\/"},{"@type":"ListItem","position":2,"name":"Loja","item":"https:\/\/tupique.com\/loja\/"},{"@type":"ListItem","position":3,"name":"Appareil de Massage Anticellulite \u00e0 Vibration avec Infrarouges 5 en 1 Cellyred InnovaGoods"}]},{"@type":"WebSite","@id":"https:\/\/tupique.com\/#website","url":"https:\/\/tupique.com\/","name":"Tupique","description":"","publisher":{"@id":"https:\/\/tupique.com\/#organization"},"potentialAction":[{"@type":"SearchAction","target":{"@type":"EntryPoint","urlTemplate":"https:\/\/tupique.com\/?s={search_term_string}"},"query-input":{"@type":"PropertyValueSpecification","valueRequired":true,"valueName":"search_term_string"}}],"inLanguage":"en-GB"},{"@type":"Organization","@id":"https:\/\/tupique.com\/#organization","name":"Tupique","url":"https:\/\/tupique.com\/","logo":{"@type":"ImageObject","inLanguage":"en-GB","@id":"https:\/\/tupique.com\/#\/schema\/logo\/image\/","url":"https:\/\/tupique.com\/wp-content\/uploads\/2026\/03\/logo-tupique-1.webp","contentUrl":"https:\/\/tupique.com\/wp-content\/uploads\/2026\/03\/logo-tupique-1.webp","width":500,"height":67,"caption":"Tupique"},"image":{"@id":"https:\/\/tupique.com\/#\/schema\/logo\/image\/"}}]}},"_links":{"self":[{"href":"https:\/\/tupique.com\/en\/wp-json\/wp\/v2\/product\/180534","targetHints":{"allow":["GET"]}}],"collection":[{"href":"https:\/\/tupique.com\/en\/wp-json\/wp\/v2\/product"}],"about":[{"href":"https:\/\/tupique.com\/en\/wp-json\/wp\/v2\/types\/product"}],"replies":[{"embeddable":true,"href":"https:\/\/tupique.com\/en\/wp-json\/wp\/v2\/comments?post=180534"}],"wp:featuredmedia":[{"embeddable":true,"href":"https:\/\/tupique.com\/en\/wp-json\/wp\/v2\/media\/180521"}],"wp:attachment":[{"href":"https:\/\/tupique.com\/en\/wp-json\/wp\/v2\/media?parent=180534"}],"wp:term":[{"taxonomy":"product_brand","embeddable":true,"href":"https:\/\/tupique.com\/en\/wp-json\/wp\/v2\/product_brand?post=180534"},{"taxonomy":"product_cat","embeddable":true,"href":"https:\/\/tupique.com\/en\/wp-json\/wp\/v2\/product_cat?post=180534"},{"taxonomy":"product_tag","embeddable":true,"href":"https:\/\/tupique.com\/en\/wp-json\/wp\/v2\/product_tag?post=180534"}],"curies":[{"name":"wp","href":"https:\/\/api.w.org\/{rel}","templated":true}]}}