{"id":180619,"date":"2026-05-11T13:04:36","date_gmt":"2026-05-11T11:04:36","guid":{"rendered":"https:\/\/tupique.com\/product\/mixeur-a-recipient-portatif-rechargeable-shakuit-innovagoods\/"},"modified":"2026-05-11T21:23:45","modified_gmt":"2026-05-11T19:23:45","slug":"mixeur-a-recipient-portatif-rechargeable-shakuit-innovagoods","status":"publish","type":"product","link":"https:\/\/tupique.com\/en\/product\/mixeur-a-recipient-portatif-rechargeable-shakuit-innovagoods\/","title":{"rendered":"Shakuit InnovaGoods Rechargeable Portable Container Blender"},"content":{"rendered":"<div class=\"col-md-6\"><b>InnovaGoods<\/b> vient vous aider \u00e0 cuisiner facilement et de mani\u00e8re amusante en vous offrant les meilleures nouveaut\u00e9s pour votre cuisine, comme <b>Shakuit InnovaGoods Rechargeable Portable Container Blender <\/b> ! D\u00e9couvrez une vaste gamme de produits de qualit\u00e9 qui se d\u00e9marquent de par leur fonctionnalit\u00e9, leur efficacit\u00e9 et leur design innovant !<\/p>\n<p>The <b>mixeur \u00e0 verre portable rechargeable Shakuit InnovaGoods<\/b> est id\u00e9al pour r\u00e9aliser des milk-shakes, des jus et des smoothies naturels dans un confort total \u00e0 la maison, au bureau, \u00e0 la salle de sport, etc. Ce <b>mixeur \u00e0 verre rechargeable<\/b> dispose de 4 lames et un filtre interne pour verser le contenu pr\u00eat \u00e0 boire sans grumeaux ni pulpe. Gr\u00e2ce \u00e0 son design compact et portable, vous pouvez facilement le transporter n\u2019importe o\u00f9 dans votre sac \u00e0 main, sac \u00e0 dos, etc. De plus, il comprend une poign\u00e9e de transport sur le bouchon et il se d\u00e9monte facilement pour \u00eatre nettoy\u00e9.<\/p>\n<ul>\n<li>Design moderne, original et fonctionnel<\/li>\n<li><b>Mixeur avec verre, capacit\u00e9 : 380 ml<\/b><\/li>\n<li><b>Rechargeable via c\u00e2ble USB<\/b><\/li>\n<li><b>4 lames en acier<\/b><\/li>\n<li><b>Filtre anti grumeaux et anti pulpe<\/b><\/li>\n<li><b>Bouton unique marche\/arr\u00eat, vitesse : 17000 r.p.m<\/b><\/li>\n<li><b>Poign\u00e9e pour le porter confortablement<\/b><\/li>\n<li>Facile \u00e0 utiliser, \u00e9conomie de temps et d\u2019effort<\/li>\n<li><b>Compact, l\u00e9ger, portable, prend peu de place<\/b><\/li>\n<li><b>Facile \u00e0 transporter et \u00e0 ranger (sac \u00e0 main, sac \u00e0 dos, etc.)<\/b><\/li>\n<li>D\u00e9montable, facile \u00e0 nettoyer, non adapt\u00e9 au lave-vaisselle<\/li>\n<li><b>Id\u00e9al pour jus de fruits, milk-shakes, d\u00e9tox, smoothies, etc.<\/b><\/li>\n<li>Comprend des instructions d\u2019utilisation et un c\u00e2ble USB et micro USB<\/li>\n<\/ul>\n<p>Ce <b>mixeur \u00e0 verre portable<\/b> est tr\u00e8s facile \u00e0 utiliser, vous n\u2019avez qu\u2019\u00e0 appuyer sur le bouton de marche\/arr\u00eat et \u00e0 agiter le mixeur doucement quand il est en marche (mouvement vertical\/horizontal) pour aider \u00e0 acc\u00e9l\u00e9rer et am\u00e9liorer le processus jusqu\u2019\u00e0 obtenir la texture que vous d\u00e9sirez et un r\u00e9sultat homog\u00e8ne.<\/p>\n<p>Il est recommand\u00e9 de couper les fruits en petits morceaux et de ne pas utiliser de fruits secs ni des aliments durs ou avec des coquilles. Le total des aliments \u00e0 mixer (aliments solides et liquides) ne doit pas d\u00e9passer 80 % de la capacit\u00e9 du verre, vous devez toujours laisser au moins 20 % du r\u00e9cipient libre.<\/p>\n<ul>\n<li>Mat\u00e9riel:\n<ul>\n<li>Acier inoxydable<\/li>\n<li>Polycarbonate<\/li>\n<li>polypropyl\u00e8ne<\/li>\n<\/ul>\n<\/li>\n<li>Couleur:\n<ul>\n<li>Gris<\/li>\n<li>Transparent<\/li>\n<\/ul>\n<\/li>\n<li>Type: Bol mixeur<\/li>\n<li>Capacit\u00e9: 380 ml<\/li>\n<li>Lames: x4<\/li>\n<li>Inclut: Filtre interne<\/li>\n<li>vitesse: 17000 r.p.m.<\/li>\n<li>Anse de transport: Facile \u00e0 transporter et \u00e0 ranger<\/li>\n<li>Conception originale et facile \u00e0 transporter: Novateur et pratique<\/li>\n<li>Compact: L\u00e9ger et maniable<\/li>\n<li>D\u00e9montable: Facile \u00e0 nettoyer<\/li>\n<li>Caract\u00e9ristiques: Ne convient pas aux lave-vaisselles<\/li>\n<li>Propri\u00e9t\u00e9s: Anti-goutte et anti-d\u00e9bordement<\/li>\n<li>Syst\u00e8me de s\u00e9curit\u00e9: Utilisation pratique, simple et s\u00fbre<\/li>\n<li>Utilisation principale: Id\u00e9al pour les jus de fruits, les milkshakes, les jus d\u00e9tox, les smoothies et les aliments pour b\u00e9b\u00e9s.<\/li>\n<li>Rechargeable: Comprend un c\u00e2ble USB \u00e0 micro USB<\/li>\n<li>Charge USB: LED indicateur de chargement<\/li>\n<li>Batterie: Li-ion 3,7 V \/ 1200 mAh \/ 60 W &#8211; DC in: 5 V \/ 1 A<\/li>\n<li>Dimensions approx.: \u00d8 8 x 24 cm<\/li>\n<\/ul>\n<p>Packaging et manuel en 24 langues: anglais, fran\u00e7ais, espagnol, allemand, italien, portugais, n\u00e9erlandais, polonais, hongrois, roumain, danois, su\u00e9dois, finnois, lituanien, norv\u00e9gien, slov\u00e8ne, grec, tch\u00e8que, bulgare, croate, slovaque, estonien, russe, letton.<\/p><\/div>\n<div class=\"col-md-6\">\n<div class=\"embed-responsive embed-responsive-16by9\"><iframe class=\"embed-responsive-item\" src=\"https:\/\/www.youtube.com\/embed\/wirTtnqBFa4\" frameborder=\"0\" allowfullscreen><\/iframe><\/div>\n<\/div>","protected":false},"excerpt":{"rendered":"<p><span class=\"unit-info\">8.1553 &euro; \/ 100 ml<\/span><\/p>","protected":false},"featured_media":180605,"comment_status":"open","ping_status":"closed","template":"","meta":[],"product_brand":[256],"product_cat":[1818,735,63,227,60,77,1796],"product_tag":[213,55,56],"woo-feed-brand":[],"class_list":{"0":"post-180619","1":"product","2":"type-product","3":"status-publish","4":"has-post-thumbnail","6":"product_brand-brandp_1281","7":"product_cat-accessoires-de-cuisine","8":"product_cat-batteurs","9":"product_cat-cadeaux-originaux","10":"product_cat-cadeaux-pour-la-cuisine","11":"product_cat-cuisine-gourmet","12":"product_cat-petit-electromenager","13":"product_cat-teleachat-vu-a-la-television","14":"product_tag-tag_933","15":"product_tag-tag_926","16":"product_tag-tag_930","18":"first","19":"instock","20":"taxable","21":"shipping-taxable","22":"purchasable","23":"product-type-simple"},"yoast_head":"<!-- This site is optimized with the Yoast SEO plugin v27.6 - https:\/\/yoast.com\/product\/yoast-seo-wordpress\/ -->\n<title>Mixeur \u00e0 R\u00e9cipient Portatif Rechargeable Shakuit InnovaGoods | | Tupique<\/title>\n<meta name=\"description\" content=\"Envie d&#039;acheter Mixeur \u00e0 R\u00e9cipient Portatif Rechargeable Shakuit InnovaGoods\u00a0? Achetez Mixeur \u00e0 R\u00e9cipient Portatif Rechargeable Shakuit InnovaGoods maintenant avec Tupique en 3 versements sans int\u00e9r\u00eat.\" \/>\n<meta name=\"robots\" content=\"index, follow, max-snippet:-1, max-image-preview:large, max-video-preview:-1\" \/>\n<link rel=\"canonical\" href=\"https:\/\/tupique.com\/en\/product\/mixeur-a-recipient-portatif-rechargeable-shakuit-innovagoods\/\" \/>\n<meta property=\"og:locale\" content=\"en_GB\" \/>\n<meta property=\"og:type\" content=\"article\" \/>\n<meta property=\"og:title\" content=\"Mixeur \u00e0 R\u00e9cipient Portatif Rechargeable Shakuit InnovaGoods | | Tupique\" \/>\n<meta property=\"og:description\" content=\"Envie d&#039;acheter Mixeur \u00e0 R\u00e9cipient Portatif Rechargeable Shakuit InnovaGoods\u00a0? Achetez Mixeur \u00e0 R\u00e9cipient Portatif Rechargeable Shakuit InnovaGoods maintenant avec Tupique en 3 versements sans int\u00e9r\u00eat.\" \/>\n<meta property=\"og:url\" content=\"https:\/\/tupique.com\/en\/product\/mixeur-a-recipient-portatif-rechargeable-shakuit-innovagoods\/\" \/>\n<meta property=\"og:site_name\" content=\"Tupique\" \/>\n<meta property=\"article:modified_time\" content=\"2026-05-11T19:23:45+00:00\" \/>\n<meta property=\"og:image\" content=\"https:\/\/tupique.com\/wp-content\/uploads\/2026\/05\/v0103242_000_mkt4.jpg\" \/>\n\t<meta property=\"og:image:width\" content=\"1200\" \/>\n\t<meta property=\"og:image:height\" content=\"1200\" \/>\n\t<meta property=\"og:image:type\" content=\"image\/jpeg\" \/>\n<meta name=\"twitter:card\" content=\"summary_large_image\" \/>\n<meta name=\"twitter:label1\" content=\"Est. reading time\" \/>\n\t<meta name=\"twitter:data1\" content=\"2 minutes\" \/>\n<script type=\"application\/ld+json\" class=\"yoast-schema-graph\">{\"@context\":\"https:\\\/\\\/schema.org\",\"@graph\":[{\"@type\":\"WebPage\",\"@id\":\"https:\\\/\\\/tupique.com\\\/en\\\/product\\\/mixeur-a-recipient-portatif-rechargeable-shakuit-innovagoods\\\/\",\"url\":\"https:\\\/\\\/tupique.com\\\/en\\\/product\\\/mixeur-a-recipient-portatif-rechargeable-shakuit-innovagoods\\\/\",\"name\":\"Mixeur \u00e0 R\u00e9cipient Portatif Rechargeable Shakuit InnovaGoods | | Tupique\",\"isPartOf\":{\"@id\":\"https:\\\/\\\/tupique.com\\\/#website\"},\"primaryImageOfPage\":{\"@id\":\"https:\\\/\\\/tupique.com\\\/en\\\/product\\\/mixeur-a-recipient-portatif-rechargeable-shakuit-innovagoods\\\/#primaryimage\"},\"image\":{\"@id\":\"https:\\\/\\\/tupique.com\\\/en\\\/product\\\/mixeur-a-recipient-portatif-rechargeable-shakuit-innovagoods\\\/#primaryimage\"},\"thumbnailUrl\":\"https:\\\/\\\/tupique.com\\\/wp-content\\\/uploads\\\/2026\\\/05\\\/v0103242_000_mkt4.jpg\",\"datePublished\":\"2026-05-11T11:04:36+00:00\",\"dateModified\":\"2026-05-11T19:23:45+00:00\",\"description\":\"Envie d'acheter Mixeur \u00e0 R\u00e9cipient Portatif Rechargeable Shakuit InnovaGoods\u00a0? Achetez Mixeur \u00e0 R\u00e9cipient Portatif Rechargeable Shakuit InnovaGoods maintenant avec Tupique en 3 versements sans int\u00e9r\u00eat.\",\"breadcrumb\":{\"@id\":\"https:\\\/\\\/tupique.com\\\/en\\\/product\\\/mixeur-a-recipient-portatif-rechargeable-shakuit-innovagoods\\\/#breadcrumb\"},\"inLanguage\":\"en-GB\",\"potentialAction\":[{\"@type\":\"ReadAction\",\"target\":[\"https:\\\/\\\/tupique.com\\\/en\\\/product\\\/mixeur-a-recipient-portatif-rechargeable-shakuit-innovagoods\\\/\"]}]},{\"@type\":\"ImageObject\",\"inLanguage\":\"en-GB\",\"@id\":\"https:\\\/\\\/tupique.com\\\/en\\\/product\\\/mixeur-a-recipient-portatif-rechargeable-shakuit-innovagoods\\\/#primaryimage\",\"url\":\"https:\\\/\\\/tupique.com\\\/wp-content\\\/uploads\\\/2026\\\/05\\\/v0103242_000_mkt4.jpg\",\"contentUrl\":\"https:\\\/\\\/tupique.com\\\/wp-content\\\/uploads\\\/2026\\\/05\\\/v0103242_000_mkt4.jpg\",\"width\":1200,\"height\":1200,\"caption\":\"V0103242_0\"},{\"@type\":\"BreadcrumbList\",\"@id\":\"https:\\\/\\\/tupique.com\\\/en\\\/product\\\/mixeur-a-recipient-portatif-rechargeable-shakuit-innovagoods\\\/#breadcrumb\",\"itemListElement\":[{\"@type\":\"ListItem\",\"position\":1,\"name\":\"commencer\",\"item\":\"https:\\\/\\\/tupique.com\\\/\"},{\"@type\":\"ListItem\",\"position\":2,\"name\":\"Loja\",\"item\":\"https:\\\/\\\/tupique.com\\\/pt\\\/loja\\\/\"},{\"@type\":\"ListItem\",\"position\":3,\"name\":\"Mixeur \u00e0 R\u00e9cipient Portatif Rechargeable Shakuit InnovaGoods\"}]},{\"@type\":\"WebSite\",\"@id\":\"https:\\\/\\\/tupique.com\\\/#website\",\"url\":\"https:\\\/\\\/tupique.com\\\/\",\"name\":\"Tupique\",\"description\":\"\",\"publisher\":{\"@id\":\"https:\\\/\\\/tupique.com\\\/#organization\"},\"potentialAction\":[{\"@type\":\"SearchAction\",\"target\":{\"@type\":\"EntryPoint\",\"urlTemplate\":\"https:\\\/\\\/tupique.com\\\/?s={search_term_string}\"},\"query-input\":{\"@type\":\"PropertyValueSpecification\",\"valueRequired\":true,\"valueName\":\"search_term_string\"}}],\"inLanguage\":\"en-GB\"},{\"@type\":\"Organization\",\"@id\":\"https:\\\/\\\/tupique.com\\\/#organization\",\"name\":\"Tupique\",\"url\":\"https:\\\/\\\/tupique.com\\\/\",\"logo\":{\"@type\":\"ImageObject\",\"inLanguage\":\"en-GB\",\"@id\":\"https:\\\/\\\/tupique.com\\\/#\\\/schema\\\/logo\\\/image\\\/\",\"url\":\"https:\\\/\\\/tupique.com\\\/wp-content\\\/uploads\\\/2026\\\/03\\\/logo-tupique-1.webp\",\"contentUrl\":\"https:\\\/\\\/tupique.com\\\/wp-content\\\/uploads\\\/2026\\\/03\\\/logo-tupique-1.webp\",\"width\":500,\"height\":67,\"caption\":\"Tupique\"},\"image\":{\"@id\":\"https:\\\/\\\/tupique.com\\\/#\\\/schema\\\/logo\\\/image\\\/\"}}]}<\/script>\n<!-- \/ Yoast SEO plugin. -->","yoast_head_json":{"title":"Mixeur \u00e0 R\u00e9cipient Portatif Rechargeable Shakuit InnovaGoods | | Tupique","description":"Envie d'acheter Mixeur \u00e0 R\u00e9cipient Portatif Rechargeable Shakuit InnovaGoods\u00a0? Achetez Mixeur \u00e0 R\u00e9cipient Portatif Rechargeable Shakuit InnovaGoods maintenant avec Tupique en 3 versements sans int\u00e9r\u00eat.","robots":{"index":"index","follow":"follow","max-snippet":"max-snippet:-1","max-image-preview":"max-image-preview:large","max-video-preview":"max-video-preview:-1"},"canonical":"https:\/\/tupique.com\/en\/product\/mixeur-a-recipient-portatif-rechargeable-shakuit-innovagoods\/","og_locale":"en_GB","og_type":"article","og_title":"Mixeur \u00e0 R\u00e9cipient Portatif Rechargeable Shakuit InnovaGoods | | Tupique","og_description":"Envie d'acheter Mixeur \u00e0 R\u00e9cipient Portatif Rechargeable Shakuit InnovaGoods\u00a0? Achetez Mixeur \u00e0 R\u00e9cipient Portatif Rechargeable Shakuit InnovaGoods maintenant avec Tupique en 3 versements sans int\u00e9r\u00eat.","og_url":"https:\/\/tupique.com\/en\/product\/mixeur-a-recipient-portatif-rechargeable-shakuit-innovagoods\/","og_site_name":"Tupique","article_modified_time":"2026-05-11T19:23:45+00:00","og_image":[{"width":1200,"height":1200,"url":"https:\/\/tupique.com\/wp-content\/uploads\/2026\/05\/v0103242_000_mkt4.jpg","type":"image\/jpeg"}],"twitter_card":"summary_large_image","twitter_misc":{"Est. reading time":"2 minutes"},"schema":{"@context":"https:\/\/schema.org","@graph":[{"@type":"WebPage","@id":"https:\/\/tupique.com\/en\/product\/mixeur-a-recipient-portatif-rechargeable-shakuit-innovagoods\/","url":"https:\/\/tupique.com\/en\/product\/mixeur-a-recipient-portatif-rechargeable-shakuit-innovagoods\/","name":"Mixeur \u00e0 R\u00e9cipient Portatif Rechargeable Shakuit InnovaGoods | | Tupique","isPartOf":{"@id":"https:\/\/tupique.com\/#website"},"primaryImageOfPage":{"@id":"https:\/\/tupique.com\/en\/product\/mixeur-a-recipient-portatif-rechargeable-shakuit-innovagoods\/#primaryimage"},"image":{"@id":"https:\/\/tupique.com\/en\/product\/mixeur-a-recipient-portatif-rechargeable-shakuit-innovagoods\/#primaryimage"},"thumbnailUrl":"https:\/\/tupique.com\/wp-content\/uploads\/2026\/05\/v0103242_000_mkt4.jpg","datePublished":"2026-05-11T11:04:36+00:00","dateModified":"2026-05-11T19:23:45+00:00","description":"Envie d'acheter Mixeur \u00e0 R\u00e9cipient Portatif Rechargeable Shakuit InnovaGoods\u00a0? Achetez Mixeur \u00e0 R\u00e9cipient Portatif Rechargeable Shakuit InnovaGoods maintenant avec Tupique en 3 versements sans int\u00e9r\u00eat.","breadcrumb":{"@id":"https:\/\/tupique.com\/en\/product\/mixeur-a-recipient-portatif-rechargeable-shakuit-innovagoods\/#breadcrumb"},"inLanguage":"en-GB","potentialAction":[{"@type":"ReadAction","target":["https:\/\/tupique.com\/en\/product\/mixeur-a-recipient-portatif-rechargeable-shakuit-innovagoods\/"]}]},{"@type":"ImageObject","inLanguage":"en-GB","@id":"https:\/\/tupique.com\/en\/product\/mixeur-a-recipient-portatif-rechargeable-shakuit-innovagoods\/#primaryimage","url":"https:\/\/tupique.com\/wp-content\/uploads\/2026\/05\/v0103242_000_mkt4.jpg","contentUrl":"https:\/\/tupique.com\/wp-content\/uploads\/2026\/05\/v0103242_000_mkt4.jpg","width":1200,"height":1200,"caption":"V0103242_0"},{"@type":"BreadcrumbList","@id":"https:\/\/tupique.com\/en\/product\/mixeur-a-recipient-portatif-rechargeable-shakuit-innovagoods\/#breadcrumb","itemListElement":[{"@type":"ListItem","position":1,"name":"commencer","item":"https:\/\/tupique.com\/"},{"@type":"ListItem","position":2,"name":"Loja","item":"https:\/\/tupique.com\/pt\/loja\/"},{"@type":"ListItem","position":3,"name":"Mixeur \u00e0 R\u00e9cipient Portatif Rechargeable Shakuit InnovaGoods"}]},{"@type":"WebSite","@id":"https:\/\/tupique.com\/#website","url":"https:\/\/tupique.com\/","name":"Tupique","description":"","publisher":{"@id":"https:\/\/tupique.com\/#organization"},"potentialAction":[{"@type":"SearchAction","target":{"@type":"EntryPoint","urlTemplate":"https:\/\/tupique.com\/?s={search_term_string}"},"query-input":{"@type":"PropertyValueSpecification","valueRequired":true,"valueName":"search_term_string"}}],"inLanguage":"en-GB"},{"@type":"Organization","@id":"https:\/\/tupique.com\/#organization","name":"Tupique","url":"https:\/\/tupique.com\/","logo":{"@type":"ImageObject","inLanguage":"en-GB","@id":"https:\/\/tupique.com\/#\/schema\/logo\/image\/","url":"https:\/\/tupique.com\/wp-content\/uploads\/2026\/03\/logo-tupique-1.webp","contentUrl":"https:\/\/tupique.com\/wp-content\/uploads\/2026\/03\/logo-tupique-1.webp","width":500,"height":67,"caption":"Tupique"},"image":{"@id":"https:\/\/tupique.com\/#\/schema\/logo\/image\/"}}]}},"_links":{"self":[{"href":"https:\/\/tupique.com\/en\/wp-json\/wp\/v2\/product\/180619","targetHints":{"allow":["GET"]}}],"collection":[{"href":"https:\/\/tupique.com\/en\/wp-json\/wp\/v2\/product"}],"about":[{"href":"https:\/\/tupique.com\/en\/wp-json\/wp\/v2\/types\/product"}],"replies":[{"embeddable":true,"href":"https:\/\/tupique.com\/en\/wp-json\/wp\/v2\/comments?post=180619"}],"wp:featuredmedia":[{"embeddable":true,"href":"https:\/\/tupique.com\/en\/wp-json\/wp\/v2\/media\/180605"}],"wp:attachment":[{"href":"https:\/\/tupique.com\/en\/wp-json\/wp\/v2\/media?parent=180619"}],"wp:term":[{"taxonomy":"product_brand","embeddable":true,"href":"https:\/\/tupique.com\/en\/wp-json\/wp\/v2\/product_brand?post=180619"},{"taxonomy":"product_cat","embeddable":true,"href":"https:\/\/tupique.com\/en\/wp-json\/wp\/v2\/product_cat?post=180619"},{"taxonomy":"product_tag","embeddable":true,"href":"https:\/\/tupique.com\/en\/wp-json\/wp\/v2\/product_tag?post=180619"},{"taxonomy":"woo-feed-brand","embeddable":true,"href":"https:\/\/tupique.com\/en\/wp-json\/wp\/v2\/woo-feed-brand?post=180619"}],"curies":[{"name":"wp","href":"https:\/\/api.w.org\/{rel}","templated":true}]}}