{"id":180641,"date":"2026-05-11T13:05:08","date_gmt":"2026-05-11T11:05:08","guid":{"rendered":"https:\/\/tupique.com\/product\/bracelet-magnetique-pour-le-bricolage-wristool-innovagoods\/"},"modified":"2026-05-11T21:23:45","modified_gmt":"2026-05-11T19:23:45","slug":"bracelet-magnetique-pour-le-bricolage-wristool-innovagoods","status":"publish","type":"product","link":"https:\/\/tupique.com\/en\/product\/bracelet-magnetique-pour-le-bricolage-wristool-innovagoods\/","title":{"rendered":"Bracelet Magn\u00e9tique pour le Bricolage WrisTool InnovaGoods"},"content":{"rendered":"<div class=\"col-md-6\"><b>InnovaGoods<\/b> vous offre les meilleures nouveaut\u00e9s pour la maison, comme <b>Bracelet Magn\u00e9tique pour le Bricolage WrisTool InnovaGoods Home Houseware<\/b> ! D\u00e9couvrez une vaste gamme de produits de qualit\u00e9 qui se d\u00e9marquent de par leur fonctionnalit\u00e9, leur efficacit\u00e9 et leur design innovant : \u00e9clairage, organisation, d\u00e9coration, climatisation, jardin, animaux domestiques, nettoyage, etc.<\/p>\n<p>Un bracelet magn\u00e9tique original et polyvalent avec 15 aimants puissants pour contenir des outils et accessoires tels que des cl\u00e9s, des embouts, des vis, des \u00e9crous, etc. Il facilite et acc\u00e9l\u00e8re les travaux de bricolage, car il vous permet de laisser vos mains libres avec ce dont vous avez besoin \u00e0 proximit\u00e9 pour plus de confort. Il peut \u00e9galement \u00eatre utilis\u00e9 dans d&#8217;autres types de travaux, tels que les t\u00e2ches de couture, etc. Ce bracelet magn\u00e9tique est ergonomique, respirant et adaptable, il s&#8217;adapte parfaitement \u00e0 la taille du poignet gr\u00e2ce \u00e0 sa fermeture velcro. En outre, il dispose \u00e9galement de deux poches pour les objets non m\u00e9talliques, tels que des fiches, des serre-c\u00e2bles, des bobines de fil, etc.<\/p>\n<ul>\n<li>Mati\u00e8re:\n<ul>\n<li>Aimants<\/li>\n<li>Polyester<\/li>\n<\/ul>\n<\/li>\n<li>Couleur:\n<ul>\n<li>Noir<\/li>\n<li>Rouge<\/li>\n<\/ul>\n<\/li>\n<li>Type: Bracelet<\/li>\n<li>Design innovant et fonctionnel: Ergonomique<\/li>\n<li>Aimants: x15<\/li>\n<li>Magn\u00e9tique: Aimants \u00e0 grand pouvoir d&#8217;attraction<\/li>\n<li>Caract\u00e9ristiques: 2 Poches<\/li>\n<li>R\u00e9glable: Fermeture avec velcro<\/li>\n<li>Propri\u00e9t\u00e9s: Respirant<\/li>\n<li>Multifonction: Polyvalent et adaptable<\/li>\n<li>L\u00e9ger et maniable: Utilisation pratique et simple<\/li>\n<li>Occupe peu d&#8217;espace: Facile \u00e0 transporter et \u00e0 ranger<\/li>\n<li>Utilisation recommand\u00e9e: Convient pour le bricolage, la couture, etc.<\/li>\n<li>Dimensions approx.: 39 x 9,5 x 0,5 cm<\/li>\n<\/ul>\n<p>Packaging en 24 langues: anglais, fran\u00e7ais, espagnol, allemand, italien, portugais, n\u00e9erlandais, polonais, hongrois, roumain, danois, su\u00e9dois, finnois, lituanien, norv\u00e9gien, slov\u00e8ne, grec, tch\u00e8que, bulgare, croate, slovaque, estonien, russe, letton.<\/p><\/div>\n<div class=\"col-md-6\">\n<div class=\"embed-responsive embed-responsive-16by9\"><iframe class=\"embed-responsive-item\" src=\"https:\/\/www.youtube.com\/embed\/CzoR9wIb7Zg\" frameborder=\"0\" allowfullscreen><\/iframe><\/div>\n<\/div>","protected":false},"excerpt":{"rendered":"<p>InnovaGoods vous offre les meilleures nouveaut\u00e9s pour la maison, comme Bracelet Magn\u00e9tique pour le Bricolage WrisTool InnovaGoods Home Houseware ! D\u00e9couvrez une vaste gamme de produits de qualit\u00e9 qui se d\u00e9marquent de par leur fonctionnalit\u00e9, leur efficacit\u00e9 et leur design innovant : \u00e9clairage, organisation, d\u00e9coration, climatisation, jardin, animaux domestiques, nettoyage, etc. Un bracelet magn\u00e9tique original [&hellip;]<\/p>\n","protected":false},"featured_media":180630,"comment_status":"open","ping_status":"closed","template":"","meta":[],"product_brand":[256],"product_cat":[613,63,64,1797,239,1796],"product_tag":[210],"woo-feed-brand":[],"class_list":{"0":"post-180641","1":"product","2":"type-product","3":"status-publish","4":"has-post-thumbnail","6":"product_brand-brandp_1281","7":"product_cat-bricolage-et-materiel","8":"product_cat-cadeaux-originaux","9":"product_cat-cadeaux-pour-la-maison","10":"product_cat-idees-pour-la-maison","11":"product_cat-maison-jardin","12":"product_cat-teleachat-vu-a-la-television","13":"product_tag-tag_25","15":"first","16":"instock","17":"taxable","18":"shipping-taxable","19":"purchasable","20":"product-type-simple"},"yoast_head":"<!-- This site is optimized with the Yoast SEO plugin v27.6 - https:\/\/yoast.com\/product\/yoast-seo-wordpress\/ -->\n<title>Bracelet Magn\u00e9tique pour le Bricolage WrisTool InnovaGoods | | Tupique<\/title>\n<meta name=\"description\" content=\"Envie d&#039;acheter Bracelet Magn\u00e9tique pour le Bricolage WrisTool InnovaGoods\u00a0? Achetez Bracelet Magn\u00e9tique pour le Bricolage WrisTool InnovaGoods maintenant avec Tupique en 3 versements sans int\u00e9r\u00eat.\" \/>\n<meta name=\"robots\" content=\"index, follow, max-snippet:-1, max-image-preview:large, max-video-preview:-1\" \/>\n<link rel=\"canonical\" href=\"https:\/\/tupique.com\/en\/product\/bracelet-magnetique-pour-le-bricolage-wristool-innovagoods\/\" \/>\n<meta property=\"og:locale\" content=\"en_GB\" \/>\n<meta property=\"og:type\" content=\"article\" \/>\n<meta property=\"og:title\" content=\"Bracelet Magn\u00e9tique pour le Bricolage WrisTool InnovaGoods | | Tupique\" \/>\n<meta property=\"og:description\" content=\"Envie d&#039;acheter Bracelet Magn\u00e9tique pour le Bricolage WrisTool InnovaGoods\u00a0? Achetez Bracelet Magn\u00e9tique pour le Bricolage WrisTool InnovaGoods maintenant avec Tupique en 3 versements sans int\u00e9r\u00eat.\" \/>\n<meta property=\"og:url\" content=\"https:\/\/tupique.com\/en\/product\/bracelet-magnetique-pour-le-bricolage-wristool-innovagoods\/\" \/>\n<meta property=\"og:site_name\" content=\"Tupique\" \/>\n<meta property=\"article:modified_time\" content=\"2026-05-11T19:23:45+00:00\" \/>\n<meta property=\"og:image\" content=\"https:\/\/tupique.com\/wp-content\/uploads\/2026\/05\/V0103257_MKT_0005.jpg\" \/>\n\t<meta property=\"og:image:width\" content=\"1200\" \/>\n\t<meta property=\"og:image:height\" content=\"1200\" \/>\n\t<meta property=\"og:image:type\" content=\"image\/jpeg\" \/>\n<meta name=\"twitter:card\" content=\"summary_large_image\" \/>\n<meta name=\"twitter:label1\" content=\"Est. reading time\" \/>\n\t<meta name=\"twitter:data1\" content=\"1 minute\" \/>\n<script type=\"application\/ld+json\" class=\"yoast-schema-graph\">{\"@context\":\"https:\\\/\\\/schema.org\",\"@graph\":[{\"@type\":\"WebPage\",\"@id\":\"https:\\\/\\\/tupique.com\\\/product\\\/bracelet-magnetique-pour-le-bricolage-wristool-innovagoods\\\/\",\"url\":\"https:\\\/\\\/tupique.com\\\/product\\\/bracelet-magnetique-pour-le-bricolage-wristool-innovagoods\\\/\",\"name\":\"Bracelet Magn\u00e9tique pour le Bricolage WrisTool InnovaGoods | | Tupique\",\"isPartOf\":{\"@id\":\"https:\\\/\\\/tupique.com\\\/#website\"},\"primaryImageOfPage\":{\"@id\":\"https:\\\/\\\/tupique.com\\\/product\\\/bracelet-magnetique-pour-le-bricolage-wristool-innovagoods\\\/#primaryimage\"},\"image\":{\"@id\":\"https:\\\/\\\/tupique.com\\\/product\\\/bracelet-magnetique-pour-le-bricolage-wristool-innovagoods\\\/#primaryimage\"},\"thumbnailUrl\":\"https:\\\/\\\/tupique.com\\\/wp-content\\\/uploads\\\/2026\\\/05\\\/V0103257_MKT_0005.jpg\",\"datePublished\":\"2026-05-11T11:05:08+00:00\",\"dateModified\":\"2026-05-11T19:23:45+00:00\",\"description\":\"Envie d'acheter Bracelet Magn\u00e9tique pour le Bricolage WrisTool InnovaGoods\u00a0? Achetez Bracelet Magn\u00e9tique pour le Bricolage WrisTool InnovaGoods maintenant avec Tupique en 3 versements sans int\u00e9r\u00eat.\",\"breadcrumb\":{\"@id\":\"https:\\\/\\\/tupique.com\\\/product\\\/bracelet-magnetique-pour-le-bricolage-wristool-innovagoods\\\/#breadcrumb\"},\"inLanguage\":\"en-GB\",\"potentialAction\":[{\"@type\":\"ReadAction\",\"target\":[\"https:\\\/\\\/tupique.com\\\/product\\\/bracelet-magnetique-pour-le-bricolage-wristool-innovagoods\\\/\"]}]},{\"@type\":\"ImageObject\",\"inLanguage\":\"en-GB\",\"@id\":\"https:\\\/\\\/tupique.com\\\/product\\\/bracelet-magnetique-pour-le-bricolage-wristool-innovagoods\\\/#primaryimage\",\"url\":\"https:\\\/\\\/tupique.com\\\/wp-content\\\/uploads\\\/2026\\\/05\\\/V0103257_MKT_0005.jpg\",\"contentUrl\":\"https:\\\/\\\/tupique.com\\\/wp-content\\\/uploads\\\/2026\\\/05\\\/V0103257_MKT_0005.jpg\",\"width\":1200,\"height\":1200,\"caption\":\"V0103257_0\"},{\"@type\":\"BreadcrumbList\",\"@id\":\"https:\\\/\\\/tupique.com\\\/product\\\/bracelet-magnetique-pour-le-bricolage-wristool-innovagoods\\\/#breadcrumb\",\"itemListElement\":[{\"@type\":\"ListItem\",\"position\":1,\"name\":\"commencer\",\"item\":\"https:\\\/\\\/tupique.com\\\/\"},{\"@type\":\"ListItem\",\"position\":2,\"name\":\"Loja\",\"item\":\"https:\\\/\\\/tupique.com\\\/pt\\\/loja\\\/\"},{\"@type\":\"ListItem\",\"position\":3,\"name\":\"Bracelet Magn\u00e9tique pour le Bricolage WrisTool InnovaGoods\"}]},{\"@type\":\"WebSite\",\"@id\":\"https:\\\/\\\/tupique.com\\\/#website\",\"url\":\"https:\\\/\\\/tupique.com\\\/\",\"name\":\"Tupique\",\"description\":\"\",\"publisher\":{\"@id\":\"https:\\\/\\\/tupique.com\\\/#organization\"},\"potentialAction\":[{\"@type\":\"SearchAction\",\"target\":{\"@type\":\"EntryPoint\",\"urlTemplate\":\"https:\\\/\\\/tupique.com\\\/?s={search_term_string}\"},\"query-input\":{\"@type\":\"PropertyValueSpecification\",\"valueRequired\":true,\"valueName\":\"search_term_string\"}}],\"inLanguage\":\"en-GB\"},{\"@type\":\"Organization\",\"@id\":\"https:\\\/\\\/tupique.com\\\/#organization\",\"name\":\"Tupique\",\"url\":\"https:\\\/\\\/tupique.com\\\/\",\"logo\":{\"@type\":\"ImageObject\",\"inLanguage\":\"en-GB\",\"@id\":\"https:\\\/\\\/tupique.com\\\/#\\\/schema\\\/logo\\\/image\\\/\",\"url\":\"https:\\\/\\\/tupique.com\\\/wp-content\\\/uploads\\\/2026\\\/03\\\/logo-tupique-1.webp\",\"contentUrl\":\"https:\\\/\\\/tupique.com\\\/wp-content\\\/uploads\\\/2026\\\/03\\\/logo-tupique-1.webp\",\"width\":500,\"height\":67,\"caption\":\"Tupique\"},\"image\":{\"@id\":\"https:\\\/\\\/tupique.com\\\/#\\\/schema\\\/logo\\\/image\\\/\"}}]}<\/script>\n<!-- \/ Yoast SEO plugin. -->","yoast_head_json":{"title":"Bracelet Magn\u00e9tique pour le Bricolage WrisTool InnovaGoods | | Tupique","description":"Envie d'acheter Bracelet Magn\u00e9tique pour le Bricolage WrisTool InnovaGoods\u00a0? Achetez Bracelet Magn\u00e9tique pour le Bricolage WrisTool InnovaGoods maintenant avec Tupique en 3 versements sans int\u00e9r\u00eat.","robots":{"index":"index","follow":"follow","max-snippet":"max-snippet:-1","max-image-preview":"max-image-preview:large","max-video-preview":"max-video-preview:-1"},"canonical":"https:\/\/tupique.com\/en\/product\/bracelet-magnetique-pour-le-bricolage-wristool-innovagoods\/","og_locale":"en_GB","og_type":"article","og_title":"Bracelet Magn\u00e9tique pour le Bricolage WrisTool InnovaGoods | | Tupique","og_description":"Envie d'acheter Bracelet Magn\u00e9tique pour le Bricolage WrisTool InnovaGoods\u00a0? Achetez Bracelet Magn\u00e9tique pour le Bricolage WrisTool InnovaGoods maintenant avec Tupique en 3 versements sans int\u00e9r\u00eat.","og_url":"https:\/\/tupique.com\/en\/product\/bracelet-magnetique-pour-le-bricolage-wristool-innovagoods\/","og_site_name":"Tupique","article_modified_time":"2026-05-11T19:23:45+00:00","og_image":[{"width":1200,"height":1200,"url":"https:\/\/tupique.com\/wp-content\/uploads\/2026\/05\/V0103257_MKT_0005.jpg","type":"image\/jpeg"}],"twitter_card":"summary_large_image","twitter_misc":{"Est. reading time":"1 minute"},"schema":{"@context":"https:\/\/schema.org","@graph":[{"@type":"WebPage","@id":"https:\/\/tupique.com\/product\/bracelet-magnetique-pour-le-bricolage-wristool-innovagoods\/","url":"https:\/\/tupique.com\/product\/bracelet-magnetique-pour-le-bricolage-wristool-innovagoods\/","name":"Bracelet Magn\u00e9tique pour le Bricolage WrisTool InnovaGoods | | Tupique","isPartOf":{"@id":"https:\/\/tupique.com\/#website"},"primaryImageOfPage":{"@id":"https:\/\/tupique.com\/product\/bracelet-magnetique-pour-le-bricolage-wristool-innovagoods\/#primaryimage"},"image":{"@id":"https:\/\/tupique.com\/product\/bracelet-magnetique-pour-le-bricolage-wristool-innovagoods\/#primaryimage"},"thumbnailUrl":"https:\/\/tupique.com\/wp-content\/uploads\/2026\/05\/V0103257_MKT_0005.jpg","datePublished":"2026-05-11T11:05:08+00:00","dateModified":"2026-05-11T19:23:45+00:00","description":"Envie d'acheter Bracelet Magn\u00e9tique pour le Bricolage WrisTool InnovaGoods\u00a0? Achetez Bracelet Magn\u00e9tique pour le Bricolage WrisTool InnovaGoods maintenant avec Tupique en 3 versements sans int\u00e9r\u00eat.","breadcrumb":{"@id":"https:\/\/tupique.com\/product\/bracelet-magnetique-pour-le-bricolage-wristool-innovagoods\/#breadcrumb"},"inLanguage":"en-GB","potentialAction":[{"@type":"ReadAction","target":["https:\/\/tupique.com\/product\/bracelet-magnetique-pour-le-bricolage-wristool-innovagoods\/"]}]},{"@type":"ImageObject","inLanguage":"en-GB","@id":"https:\/\/tupique.com\/product\/bracelet-magnetique-pour-le-bricolage-wristool-innovagoods\/#primaryimage","url":"https:\/\/tupique.com\/wp-content\/uploads\/2026\/05\/V0103257_MKT_0005.jpg","contentUrl":"https:\/\/tupique.com\/wp-content\/uploads\/2026\/05\/V0103257_MKT_0005.jpg","width":1200,"height":1200,"caption":"V0103257_0"},{"@type":"BreadcrumbList","@id":"https:\/\/tupique.com\/product\/bracelet-magnetique-pour-le-bricolage-wristool-innovagoods\/#breadcrumb","itemListElement":[{"@type":"ListItem","position":1,"name":"commencer","item":"https:\/\/tupique.com\/"},{"@type":"ListItem","position":2,"name":"Loja","item":"https:\/\/tupique.com\/pt\/loja\/"},{"@type":"ListItem","position":3,"name":"Bracelet Magn\u00e9tique pour le Bricolage WrisTool InnovaGoods"}]},{"@type":"WebSite","@id":"https:\/\/tupique.com\/#website","url":"https:\/\/tupique.com\/","name":"Tupique","description":"","publisher":{"@id":"https:\/\/tupique.com\/#organization"},"potentialAction":[{"@type":"SearchAction","target":{"@type":"EntryPoint","urlTemplate":"https:\/\/tupique.com\/?s={search_term_string}"},"query-input":{"@type":"PropertyValueSpecification","valueRequired":true,"valueName":"search_term_string"}}],"inLanguage":"en-GB"},{"@type":"Organization","@id":"https:\/\/tupique.com\/#organization","name":"Tupique","url":"https:\/\/tupique.com\/","logo":{"@type":"ImageObject","inLanguage":"en-GB","@id":"https:\/\/tupique.com\/#\/schema\/logo\/image\/","url":"https:\/\/tupique.com\/wp-content\/uploads\/2026\/03\/logo-tupique-1.webp","contentUrl":"https:\/\/tupique.com\/wp-content\/uploads\/2026\/03\/logo-tupique-1.webp","width":500,"height":67,"caption":"Tupique"},"image":{"@id":"https:\/\/tupique.com\/#\/schema\/logo\/image\/"}}]}},"_links":{"self":[{"href":"https:\/\/tupique.com\/en\/wp-json\/wp\/v2\/product\/180641","targetHints":{"allow":["GET"]}}],"collection":[{"href":"https:\/\/tupique.com\/en\/wp-json\/wp\/v2\/product"}],"about":[{"href":"https:\/\/tupique.com\/en\/wp-json\/wp\/v2\/types\/product"}],"replies":[{"embeddable":true,"href":"https:\/\/tupique.com\/en\/wp-json\/wp\/v2\/comments?post=180641"}],"wp:featuredmedia":[{"embeddable":true,"href":"https:\/\/tupique.com\/en\/wp-json\/wp\/v2\/media\/180630"}],"wp:attachment":[{"href":"https:\/\/tupique.com\/en\/wp-json\/wp\/v2\/media?parent=180641"}],"wp:term":[{"taxonomy":"product_brand","embeddable":true,"href":"https:\/\/tupique.com\/en\/wp-json\/wp\/v2\/product_brand?post=180641"},{"taxonomy":"product_cat","embeddable":true,"href":"https:\/\/tupique.com\/en\/wp-json\/wp\/v2\/product_cat?post=180641"},{"taxonomy":"product_tag","embeddable":true,"href":"https:\/\/tupique.com\/en\/wp-json\/wp\/v2\/product_tag?post=180641"},{"taxonomy":"woo-feed-brand","embeddable":true,"href":"https:\/\/tupique.com\/en\/wp-json\/wp\/v2\/woo-feed-brand?post=180641"}],"curies":[{"name":"wp","href":"https:\/\/api.w.org\/{rel}","templated":true}]}}