{"id":180654,"date":"2026-05-11T13:05:31","date_gmt":"2026-05-11T11:05:31","guid":{"rendered":"https:\/\/tupique.com\/product\/bureau-pliable-avec-etagere-tablezy-innovagoods\/"},"modified":"2026-05-11T21:23:45","modified_gmt":"2026-05-11T19:23:45","slug":"bureau-pliable-avec-etagere-tablezy-innovagoods","status":"publish","type":"product","link":"https:\/\/tupique.com\/en\/product\/bureau-pliable-avec-etagere-tablezy-innovagoods\/","title":{"rendered":"Bureau Pliable avec \u00c9tag\u00e8re Tablezy InnovaGoods"},"content":{"rendered":"<div class=\"col-md-6\"><b>InnovaGoods<\/b> vous offre les meilleures nouveaut\u00e9s pour la maison, comme <b>Bureau Pliable avec \u00c9tag\u00e8re Tablezy InnovaGoods <\/b> ! D\u00e9couvrez une vaste gamme de produits de qualit\u00e9 qui se d\u00e9marquent de par leur fonctionnalit\u00e9, leur efficacit\u00e9 et leur design innovant : \u00e9clairage, organisation, d\u00e9coration, climatisation, jardin, animaux domestiques, nettoyage, etc.<\/p>\n<p>Un bureau original avec une \u00e9tag\u00e8re tr\u00e8s pratique gr\u00e2ce \u00e0 sa conception pliable multifonctionnelle, car il s&#8217;adapte aux besoins en optimisant l&#8217;utilisation de l&#8217;espace. Ce type de mobilier tendance ne n\u00e9cessite aucun type de montage. Il se d\u00e9plie tr\u00e8s facilement et se replie rapidement pour \u00eatre transport\u00e9 partout ou pour \u00eatre rang\u00e9 en occupant le minimum d&#8217;espace (dans une armoire, sous le lit, derri\u00e8re la porte, derri\u00e8re un meuble, etc.) Un bureau tr\u00e8s polyvalent et r\u00e9sistant supportant des poids jusqu&#8217;\u00e0 50 kg. Il dispose d&#8217;une \u00e9tag\u00e8re qui peut \u00eatre pli\u00e9e ou d\u00e9pli\u00e9e, au choix, \u00e0 tout moment, elle est parfaite comme support pour placer des livres, des tasses, des haut-parleurs, des bouteilles ou d&#8217;autres objets utiles et\/ou d\u00e9coratifs.Gr\u00e2ce \u00e0 ses dimensions et ses caract\u00e9ristiques, il est id\u00e9al pour une utilisation facile \u00e0 la maison comme table de travail (dans la chambre \u00e0 coucher, le salon, etc.)<\/p>\n<ul>\n<li>Mat\u00e9riel:\n<ul>\n<li>Bois MDF<\/li>\n<li>Acier<\/li>\n<\/ul>\n<\/li>\n<li>Couleur:\n<ul>\n<li>Beige<\/li>\n<li>Blanc<\/li>\n<\/ul>\n<\/li>\n<li>Type: Bureau avec \u00e9tag\u00e8res<\/li>\n<li>Multifonction: Plusieurs fonctionnalit\u00e9s et espaces<\/li>\n<li>Caract\u00e9ristiques: Tablette pliante<\/li>\n<li>Pliable: Gain de place<\/li>\n<li>Originale et portative: Facile \u00e0 transporter et \u00e0 ranger<\/li>\n<li>Utilisation pratique et simple: Aucun montage n\u00e9cessaire<\/li>\n<li>Facile \u00e0 nettoyer: Facile \u00e0 nettoyer<\/li>\n<li>Poids Max. support\u00e9: 50 kg<\/li>\n<li>Dimensions approx. (d\u00e9pli\u00e9): 84 x 97 x 60 cm<\/li>\n<li>Dimensions approx. pli\u00e9: 84 x 110 x 3 cm<\/li>\n<\/ul>\n<p>Packaging en 24 langues: anglais, fran\u00e7ais, espagnol, allemand, italien, portugais, n\u00e9erlandais, polonais, hongrois, roumain, danois, su\u00e9dois, finnois, lituanien, norv\u00e9gien, slov\u00e8ne, grec, tch\u00e8que, bulgare, croate, slovaque, estonien, russe, letton.<\/p><\/div>\n<div class=\"col-md-6\">\n<div class=\"embed-responsive embed-responsive-16by9\"><iframe class=\"embed-responsive-item\" src=\"https:\/\/www.youtube.com\/embed\/dZ6gHBVNBY8\" frameborder=\"0\" allowfullscreen><\/iframe><\/div>\n<\/div>","protected":false},"excerpt":{"rendered":"<p>InnovaGoods vous offre les meilleures nouveaut\u00e9s pour la maison, comme Bureau Pliable avec \u00c9tag\u00e8re Tablezy InnovaGoods ! D\u00e9couvrez une vaste gamme de produits de qualit\u00e9 qui se d\u00e9marquent de par leur fonctionnalit\u00e9, leur efficacit\u00e9 et leur design innovant : \u00e9clairage, organisation, d\u00e9coration, climatisation, jardin, animaux domestiques, nettoyage, etc. Un bureau original avec une \u00e9tag\u00e8re tr\u00e8s [&hellip;]<\/p>\n","protected":false},"featured_media":180642,"comment_status":"open","ping_status":"closed","template":"","meta":[],"product_brand":[256],"product_cat":[966,1695,63,64,1797,65,958,239,1693,577,1796],"product_tag":[213,106],"woo-feed-brand":[],"class_list":{"0":"post-180654","1":"product","2":"type-product","3":"status-publish","4":"has-post-thumbnail","6":"product_brand-brandp_1281","7":"product_cat-accessoires-informatiques","8":"product_cat-bureaux","9":"product_cat-cadeaux-originaux","10":"product_cat-cadeaux-pour-la-maison","11":"product_cat-idees-pour-la-maison","12":"product_cat-informatique-electronique","13":"product_cat-informatique-ordinateurs","14":"product_cat-maison-jardin","15":"product_cat-meuble-tv-et-auxiliaires","16":"product_cat-mobilier","17":"product_cat-teleachat-vu-a-la-television","18":"product_tag-tag_933","19":"product_tag-tag_1295","21":"first","22":"instock","23":"taxable","24":"shipping-taxable","25":"purchasable","26":"product-type-simple"},"yoast_head":"<!-- This site is optimized with the Yoast SEO plugin v27.5 - https:\/\/yoast.com\/product\/yoast-seo-wordpress\/ -->\n<title>Bureau Pliable avec \u00c9tag\u00e8re Tablezy InnovaGoods | | Tupique<\/title>\n<meta name=\"description\" content=\"Envie d&#039;acheter Bureau Pliable avec \u00c9tag\u00e8re Tablezy InnovaGoods\u00a0? Achetez Bureau Pliable avec \u00c9tag\u00e8re Tablezy InnovaGoods maintenant avec Tupique en 3 versements sans int\u00e9r\u00eat.\" \/>\n<meta name=\"robots\" content=\"index, follow, max-snippet:-1, max-image-preview:large, max-video-preview:-1\" \/>\n<link rel=\"canonical\" href=\"https:\/\/tupique.com\/en\/product\/bureau-pliable-avec-etagere-tablezy-innovagoods\/\" \/>\n<meta property=\"og:locale\" content=\"en_GB\" \/>\n<meta property=\"og:type\" content=\"article\" \/>\n<meta property=\"og:title\" content=\"Bureau Pliable avec \u00c9tag\u00e8re Tablezy InnovaGoods | | Tupique\" \/>\n<meta property=\"og:description\" content=\"Envie d&#039;acheter Bureau Pliable avec \u00c9tag\u00e8re Tablezy InnovaGoods\u00a0? Achetez Bureau Pliable avec \u00c9tag\u00e8re Tablezy InnovaGoods maintenant avec Tupique en 3 versements sans int\u00e9r\u00eat.\" \/>\n<meta property=\"og:url\" content=\"https:\/\/tupique.com\/en\/product\/bureau-pliable-avec-etagere-tablezy-innovagoods\/\" \/>\n<meta property=\"og:site_name\" content=\"Tupique\" \/>\n<meta property=\"article:modified_time\" content=\"2026-05-11T19:23:45+00:00\" \/>\n<meta property=\"og:image\" content=\"https:\/\/tupique.com\/wp-content\/uploads\/2026\/05\/V0103260_000_MKT3.jpg\" \/>\n\t<meta property=\"og:image:width\" content=\"1200\" \/>\n\t<meta property=\"og:image:height\" content=\"1200\" \/>\n\t<meta property=\"og:image:type\" content=\"image\/jpeg\" \/>\n<meta name=\"twitter:card\" content=\"summary_large_image\" \/>\n<meta name=\"twitter:label1\" content=\"Est. reading time\" \/>\n\t<meta name=\"twitter:data1\" content=\"1 minute\" \/>\n<script type=\"application\/ld+json\" class=\"yoast-schema-graph\">{\"@context\":\"https:\\\/\\\/schema.org\",\"@graph\":[{\"@type\":\"WebPage\",\"@id\":\"https:\\\/\\\/tupique.com\\\/product\\\/bureau-pliable-avec-etagere-tablezy-innovagoods\\\/\",\"url\":\"https:\\\/\\\/tupique.com\\\/product\\\/bureau-pliable-avec-etagere-tablezy-innovagoods\\\/\",\"name\":\"Bureau Pliable avec \u00c9tag\u00e8re Tablezy InnovaGoods | | Tupique\",\"isPartOf\":{\"@id\":\"https:\\\/\\\/tupique.com\\\/#website\"},\"primaryImageOfPage\":{\"@id\":\"https:\\\/\\\/tupique.com\\\/product\\\/bureau-pliable-avec-etagere-tablezy-innovagoods\\\/#primaryimage\"},\"image\":{\"@id\":\"https:\\\/\\\/tupique.com\\\/product\\\/bureau-pliable-avec-etagere-tablezy-innovagoods\\\/#primaryimage\"},\"thumbnailUrl\":\"https:\\\/\\\/tupique.com\\\/wp-content\\\/uploads\\\/2026\\\/05\\\/V0103260_000_MKT3.jpg\",\"datePublished\":\"2026-05-11T11:05:31+00:00\",\"dateModified\":\"2026-05-11T19:23:45+00:00\",\"description\":\"Envie d'acheter Bureau Pliable avec \u00c9tag\u00e8re Tablezy InnovaGoods\u00a0? Achetez Bureau Pliable avec \u00c9tag\u00e8re Tablezy InnovaGoods maintenant avec Tupique en 3 versements sans int\u00e9r\u00eat.\",\"breadcrumb\":{\"@id\":\"https:\\\/\\\/tupique.com\\\/product\\\/bureau-pliable-avec-etagere-tablezy-innovagoods\\\/#breadcrumb\"},\"inLanguage\":\"en-GB\",\"potentialAction\":[{\"@type\":\"ReadAction\",\"target\":[\"https:\\\/\\\/tupique.com\\\/product\\\/bureau-pliable-avec-etagere-tablezy-innovagoods\\\/\"]}]},{\"@type\":\"ImageObject\",\"inLanguage\":\"en-GB\",\"@id\":\"https:\\\/\\\/tupique.com\\\/product\\\/bureau-pliable-avec-etagere-tablezy-innovagoods\\\/#primaryimage\",\"url\":\"https:\\\/\\\/tupique.com\\\/wp-content\\\/uploads\\\/2026\\\/05\\\/V0103260_000_MKT3.jpg\",\"contentUrl\":\"https:\\\/\\\/tupique.com\\\/wp-content\\\/uploads\\\/2026\\\/05\\\/V0103260_000_MKT3.jpg\",\"width\":1200,\"height\":1200,\"caption\":\"V0103260_0\"},{\"@type\":\"BreadcrumbList\",\"@id\":\"https:\\\/\\\/tupique.com\\\/product\\\/bureau-pliable-avec-etagere-tablezy-innovagoods\\\/#breadcrumb\",\"itemListElement\":[{\"@type\":\"ListItem\",\"position\":1,\"name\":\"commencer\",\"item\":\"https:\\\/\\\/tupique.com\\\/\"},{\"@type\":\"ListItem\",\"position\":2,\"name\":\"Loja\",\"item\":\"https:\\\/\\\/tupique.com\\\/pt\\\/loja\\\/\"},{\"@type\":\"ListItem\",\"position\":3,\"name\":\"Bureau Pliable avec \u00c9tag\u00e8re Tablezy InnovaGoods\"}]},{\"@type\":\"WebSite\",\"@id\":\"https:\\\/\\\/tupique.com\\\/#website\",\"url\":\"https:\\\/\\\/tupique.com\\\/\",\"name\":\"Tupique\",\"description\":\"\",\"publisher\":{\"@id\":\"https:\\\/\\\/tupique.com\\\/#organization\"},\"potentialAction\":[{\"@type\":\"SearchAction\",\"target\":{\"@type\":\"EntryPoint\",\"urlTemplate\":\"https:\\\/\\\/tupique.com\\\/?s={search_term_string}\"},\"query-input\":{\"@type\":\"PropertyValueSpecification\",\"valueRequired\":true,\"valueName\":\"search_term_string\"}}],\"inLanguage\":\"en-GB\"},{\"@type\":\"Organization\",\"@id\":\"https:\\\/\\\/tupique.com\\\/#organization\",\"name\":\"Tupique\",\"url\":\"https:\\\/\\\/tupique.com\\\/\",\"logo\":{\"@type\":\"ImageObject\",\"inLanguage\":\"en-GB\",\"@id\":\"https:\\\/\\\/tupique.com\\\/#\\\/schema\\\/logo\\\/image\\\/\",\"url\":\"https:\\\/\\\/tupique.com\\\/wp-content\\\/uploads\\\/2026\\\/03\\\/logo-tupique-1.webp\",\"contentUrl\":\"https:\\\/\\\/tupique.com\\\/wp-content\\\/uploads\\\/2026\\\/03\\\/logo-tupique-1.webp\",\"width\":500,\"height\":67,\"caption\":\"Tupique\"},\"image\":{\"@id\":\"https:\\\/\\\/tupique.com\\\/#\\\/schema\\\/logo\\\/image\\\/\"}}]}<\/script>\n<!-- \/ Yoast SEO plugin. -->","yoast_head_json":{"title":"Bureau Pliable avec \u00c9tag\u00e8re Tablezy InnovaGoods | | Tupique","description":"Envie d'acheter Bureau Pliable avec \u00c9tag\u00e8re Tablezy InnovaGoods\u00a0? Achetez Bureau Pliable avec \u00c9tag\u00e8re Tablezy InnovaGoods maintenant avec Tupique en 3 versements sans int\u00e9r\u00eat.","robots":{"index":"index","follow":"follow","max-snippet":"max-snippet:-1","max-image-preview":"max-image-preview:large","max-video-preview":"max-video-preview:-1"},"canonical":"https:\/\/tupique.com\/en\/product\/bureau-pliable-avec-etagere-tablezy-innovagoods\/","og_locale":"en_GB","og_type":"article","og_title":"Bureau Pliable avec \u00c9tag\u00e8re Tablezy InnovaGoods | | Tupique","og_description":"Envie d'acheter Bureau Pliable avec \u00c9tag\u00e8re Tablezy InnovaGoods\u00a0? Achetez Bureau Pliable avec \u00c9tag\u00e8re Tablezy InnovaGoods maintenant avec Tupique en 3 versements sans int\u00e9r\u00eat.","og_url":"https:\/\/tupique.com\/en\/product\/bureau-pliable-avec-etagere-tablezy-innovagoods\/","og_site_name":"Tupique","article_modified_time":"2026-05-11T19:23:45+00:00","og_image":[{"width":1200,"height":1200,"url":"https:\/\/tupique.com\/wp-content\/uploads\/2026\/05\/V0103260_000_MKT3.jpg","type":"image\/jpeg"}],"twitter_card":"summary_large_image","twitter_misc":{"Est. reading time":"1 minute"},"schema":{"@context":"https:\/\/schema.org","@graph":[{"@type":"WebPage","@id":"https:\/\/tupique.com\/product\/bureau-pliable-avec-etagere-tablezy-innovagoods\/","url":"https:\/\/tupique.com\/product\/bureau-pliable-avec-etagere-tablezy-innovagoods\/","name":"Bureau Pliable avec \u00c9tag\u00e8re Tablezy InnovaGoods | | Tupique","isPartOf":{"@id":"https:\/\/tupique.com\/#website"},"primaryImageOfPage":{"@id":"https:\/\/tupique.com\/product\/bureau-pliable-avec-etagere-tablezy-innovagoods\/#primaryimage"},"image":{"@id":"https:\/\/tupique.com\/product\/bureau-pliable-avec-etagere-tablezy-innovagoods\/#primaryimage"},"thumbnailUrl":"https:\/\/tupique.com\/wp-content\/uploads\/2026\/05\/V0103260_000_MKT3.jpg","datePublished":"2026-05-11T11:05:31+00:00","dateModified":"2026-05-11T19:23:45+00:00","description":"Envie d'acheter Bureau Pliable avec \u00c9tag\u00e8re Tablezy InnovaGoods\u00a0? Achetez Bureau Pliable avec \u00c9tag\u00e8re Tablezy InnovaGoods maintenant avec Tupique en 3 versements sans int\u00e9r\u00eat.","breadcrumb":{"@id":"https:\/\/tupique.com\/product\/bureau-pliable-avec-etagere-tablezy-innovagoods\/#breadcrumb"},"inLanguage":"en-GB","potentialAction":[{"@type":"ReadAction","target":["https:\/\/tupique.com\/product\/bureau-pliable-avec-etagere-tablezy-innovagoods\/"]}]},{"@type":"ImageObject","inLanguage":"en-GB","@id":"https:\/\/tupique.com\/product\/bureau-pliable-avec-etagere-tablezy-innovagoods\/#primaryimage","url":"https:\/\/tupique.com\/wp-content\/uploads\/2026\/05\/V0103260_000_MKT3.jpg","contentUrl":"https:\/\/tupique.com\/wp-content\/uploads\/2026\/05\/V0103260_000_MKT3.jpg","width":1200,"height":1200,"caption":"V0103260_0"},{"@type":"BreadcrumbList","@id":"https:\/\/tupique.com\/product\/bureau-pliable-avec-etagere-tablezy-innovagoods\/#breadcrumb","itemListElement":[{"@type":"ListItem","position":1,"name":"commencer","item":"https:\/\/tupique.com\/"},{"@type":"ListItem","position":2,"name":"Loja","item":"https:\/\/tupique.com\/pt\/loja\/"},{"@type":"ListItem","position":3,"name":"Bureau Pliable avec \u00c9tag\u00e8re Tablezy InnovaGoods"}]},{"@type":"WebSite","@id":"https:\/\/tupique.com\/#website","url":"https:\/\/tupique.com\/","name":"Tupique","description":"","publisher":{"@id":"https:\/\/tupique.com\/#organization"},"potentialAction":[{"@type":"SearchAction","target":{"@type":"EntryPoint","urlTemplate":"https:\/\/tupique.com\/?s={search_term_string}"},"query-input":{"@type":"PropertyValueSpecification","valueRequired":true,"valueName":"search_term_string"}}],"inLanguage":"en-GB"},{"@type":"Organization","@id":"https:\/\/tupique.com\/#organization","name":"Tupique","url":"https:\/\/tupique.com\/","logo":{"@type":"ImageObject","inLanguage":"en-GB","@id":"https:\/\/tupique.com\/#\/schema\/logo\/image\/","url":"https:\/\/tupique.com\/wp-content\/uploads\/2026\/03\/logo-tupique-1.webp","contentUrl":"https:\/\/tupique.com\/wp-content\/uploads\/2026\/03\/logo-tupique-1.webp","width":500,"height":67,"caption":"Tupique"},"image":{"@id":"https:\/\/tupique.com\/#\/schema\/logo\/image\/"}}]}},"_links":{"self":[{"href":"https:\/\/tupique.com\/en\/wp-json\/wp\/v2\/product\/180654","targetHints":{"allow":["GET"]}}],"collection":[{"href":"https:\/\/tupique.com\/en\/wp-json\/wp\/v2\/product"}],"about":[{"href":"https:\/\/tupique.com\/en\/wp-json\/wp\/v2\/types\/product"}],"replies":[{"embeddable":true,"href":"https:\/\/tupique.com\/en\/wp-json\/wp\/v2\/comments?post=180654"}],"wp:featuredmedia":[{"embeddable":true,"href":"https:\/\/tupique.com\/en\/wp-json\/wp\/v2\/media\/180642"}],"wp:attachment":[{"href":"https:\/\/tupique.com\/en\/wp-json\/wp\/v2\/media?parent=180654"}],"wp:term":[{"taxonomy":"product_brand","embeddable":true,"href":"https:\/\/tupique.com\/en\/wp-json\/wp\/v2\/product_brand?post=180654"},{"taxonomy":"product_cat","embeddable":true,"href":"https:\/\/tupique.com\/en\/wp-json\/wp\/v2\/product_cat?post=180654"},{"taxonomy":"product_tag","embeddable":true,"href":"https:\/\/tupique.com\/en\/wp-json\/wp\/v2\/product_tag?post=180654"},{"taxonomy":"woo-feed-brand","embeddable":true,"href":"https:\/\/tupique.com\/en\/wp-json\/wp\/v2\/woo-feed-brand?post=180654"}],"curies":[{"name":"wp","href":"https:\/\/api.w.org\/{rel}","templated":true}]}}