{"id":180770,"date":"2026-05-11T13:08:37","date_gmt":"2026-05-11T11:08:37","guid":{"rendered":"https:\/\/tupique.com\/product\/etui-de-stockage-de-masques-ffp2-inca-rose\/"},"modified":"2026-05-11T21:17:30","modified_gmt":"2026-05-11T19:17:30","slug":"etui-de-stockage-de-masques-ffp2-inca-rose","status":"publish","type":"product","link":"https:\/\/tupique.com\/en\/product\/etui-de-stockage-de-masques-ffp2-inca-rose\/","title":{"rendered":"\u00c9tui de stockage de masques FFP2 Inca Rose"},"content":{"rendered":"<p>\u00c9tui de stockage de masques FFP2 Inca Rose est un produit exclusif de qualit\u00e9 pour le soin du corps. Si vous recherchez les meilleurs produits d\u2019hygi\u00e8ne personnelle, les produits Inca 100 % originaux sont exactement ce dont vous avez besoin.<\/p>\n<ul>\n<li>Couleur: Rose<\/li>\n<\/ul>","protected":false},"excerpt":{"rendered":"<p><span class=\"unit-info\">115.3077 &euro; \/ 1 m<\/span><\/p>","protected":false},"featured_media":180769,"comment_status":"open","ping_status":"closed","template":"","meta":[],"product_brand":[2143],"product_cat":[776,1218,752],"product_tag":[104],"woo-feed-brand":[],"class_list":{"0":"post-180770","1":"product","2":"type-product","3":"status-publish","4":"has-post-thumbnail","6":"product_brand-brandp_3715","7":"product_cat-detente-et-bien-etre","8":"product_cat-produits-de-detente","9":"product_cat-sante-beaute","10":"product_tag-tag_1279","12":"first","13":"instock","14":"taxable","15":"shipping-taxable","16":"purchasable","17":"product-type-simple"},"yoast_head":"<!-- This site is optimized with the Yoast SEO plugin v27.6 - https:\/\/yoast.com\/product\/yoast-seo-wordpress\/ -->\n<title>\u00c9tui de stockage de masques FFP2 Inca Rose | | Tupique<\/title>\n<meta name=\"description\" content=\"Envie d&#039;acheter \u00c9tui de stockage de masques FFP2 Inca Rose\u00a0? Achetez \u00c9tui de stockage de masques FFP2 Inca Rose maintenant avec Tupique en 3 versements sans int\u00e9r\u00eat.\" \/>\n<meta name=\"robots\" content=\"index, follow, max-snippet:-1, max-image-preview:large, max-video-preview:-1\" \/>\n<link rel=\"canonical\" href=\"https:\/\/tupique.com\/en\/product\/etui-de-stockage-de-masques-ffp2-inca-rose\/\" \/>\n<meta property=\"og:locale\" content=\"en_GB\" \/>\n<meta property=\"og:type\" content=\"article\" \/>\n<meta property=\"og:title\" content=\"\u00c9tui de stockage de masques FFP2 Inca Rose | | Tupique\" \/>\n<meta property=\"og:description\" content=\"Envie d&#039;acheter \u00c9tui de stockage de masques FFP2 Inca Rose\u00a0? Achetez \u00c9tui de stockage de masques FFP2 Inca Rose maintenant avec Tupique en 3 versements sans int\u00e9r\u00eat.\" \/>\n<meta property=\"og:url\" content=\"https:\/\/tupique.com\/en\/product\/etui-de-stockage-de-masques-ffp2-inca-rose\/\" \/>\n<meta property=\"og:site_name\" content=\"Tupique\" \/>\n<meta property=\"article:modified_time\" content=\"2026-05-11T19:17:30+00:00\" \/>\n<meta property=\"og:image\" content=\"https:\/\/tupique.com\/wp-content\/uploads\/2026\/05\/8435142001103_S0583894_P0-v_12.jpg\" \/>\n\t<meta property=\"og:image:width\" content=\"1200\" \/>\n\t<meta property=\"og:image:height\" content=\"1200\" \/>\n\t<meta property=\"og:image:type\" content=\"image\/jpeg\" \/>\n<meta name=\"twitter:card\" content=\"summary_large_image\" \/>\n<script type=\"application\/ld+json\" class=\"yoast-schema-graph\">{\"@context\":\"https:\\\/\\\/schema.org\",\"@graph\":[{\"@type\":\"WebPage\",\"@id\":\"https:\\\/\\\/tupique.com\\\/en\\\/product\\\/etui-de-stockage-de-masques-ffp2-inca-rose\\\/\",\"url\":\"https:\\\/\\\/tupique.com\\\/en\\\/product\\\/etui-de-stockage-de-masques-ffp2-inca-rose\\\/\",\"name\":\"\u00c9tui de stockage de masques FFP2 Inca Rose | | Tupique\",\"isPartOf\":{\"@id\":\"https:\\\/\\\/tupique.com\\\/#website\"},\"primaryImageOfPage\":{\"@id\":\"https:\\\/\\\/tupique.com\\\/en\\\/product\\\/etui-de-stockage-de-masques-ffp2-inca-rose\\\/#primaryimage\"},\"image\":{\"@id\":\"https:\\\/\\\/tupique.com\\\/en\\\/product\\\/etui-de-stockage-de-masques-ffp2-inca-rose\\\/#primaryimage\"},\"thumbnailUrl\":\"https:\\\/\\\/tupique.com\\\/wp-content\\\/uploads\\\/2026\\\/05\\\/8435142001103_S0583894_P0-v_12.jpg\",\"datePublished\":\"2026-05-11T11:08:37+00:00\",\"dateModified\":\"2026-05-11T19:17:30+00:00\",\"description\":\"Envie d'acheter \u00c9tui de stockage de masques FFP2 Inca Rose\u00a0? Achetez \u00c9tui de stockage de masques FFP2 Inca Rose maintenant avec Tupique en 3 versements sans int\u00e9r\u00eat.\",\"breadcrumb\":{\"@id\":\"https:\\\/\\\/tupique.com\\\/en\\\/product\\\/etui-de-stockage-de-masques-ffp2-inca-rose\\\/#breadcrumb\"},\"inLanguage\":\"en-GB\",\"potentialAction\":[{\"@type\":\"ReadAction\",\"target\":[\"https:\\\/\\\/tupique.com\\\/en\\\/product\\\/etui-de-stockage-de-masques-ffp2-inca-rose\\\/\"]}]},{\"@type\":\"ImageObject\",\"inLanguage\":\"en-GB\",\"@id\":\"https:\\\/\\\/tupique.com\\\/en\\\/product\\\/etui-de-stockage-de-masques-ffp2-inca-rose\\\/#primaryimage\",\"url\":\"https:\\\/\\\/tupique.com\\\/wp-content\\\/uploads\\\/2026\\\/05\\\/8435142001103_S0583894_P0-v_12.jpg\",\"contentUrl\":\"https:\\\/\\\/tupique.com\\\/wp-content\\\/uploads\\\/2026\\\/05\\\/8435142001103_S0583894_P0-v_12.jpg\",\"width\":1200,\"height\":1200,\"caption\":\"S0583894_0\"},{\"@type\":\"BreadcrumbList\",\"@id\":\"https:\\\/\\\/tupique.com\\\/en\\\/product\\\/etui-de-stockage-de-masques-ffp2-inca-rose\\\/#breadcrumb\",\"itemListElement\":[{\"@type\":\"ListItem\",\"position\":1,\"name\":\"commencer\",\"item\":\"https:\\\/\\\/tupique.com\\\/\"},{\"@type\":\"ListItem\",\"position\":2,\"name\":\"Loja\",\"item\":\"https:\\\/\\\/tupique.com\\\/pt\\\/loja\\\/\"},{\"@type\":\"ListItem\",\"position\":3,\"name\":\"\u00c9tui de stockage de masques FFP2 Inca Rose\"}]},{\"@type\":\"WebSite\",\"@id\":\"https:\\\/\\\/tupique.com\\\/#website\",\"url\":\"https:\\\/\\\/tupique.com\\\/\",\"name\":\"Tupique\",\"description\":\"\",\"publisher\":{\"@id\":\"https:\\\/\\\/tupique.com\\\/#organization\"},\"potentialAction\":[{\"@type\":\"SearchAction\",\"target\":{\"@type\":\"EntryPoint\",\"urlTemplate\":\"https:\\\/\\\/tupique.com\\\/?s={search_term_string}\"},\"query-input\":{\"@type\":\"PropertyValueSpecification\",\"valueRequired\":true,\"valueName\":\"search_term_string\"}}],\"inLanguage\":\"en-GB\"},{\"@type\":\"Organization\",\"@id\":\"https:\\\/\\\/tupique.com\\\/#organization\",\"name\":\"Tupique\",\"url\":\"https:\\\/\\\/tupique.com\\\/\",\"logo\":{\"@type\":\"ImageObject\",\"inLanguage\":\"en-GB\",\"@id\":\"https:\\\/\\\/tupique.com\\\/#\\\/schema\\\/logo\\\/image\\\/\",\"url\":\"https:\\\/\\\/tupique.com\\\/wp-content\\\/uploads\\\/2026\\\/03\\\/logo-tupique-1.webp\",\"contentUrl\":\"https:\\\/\\\/tupique.com\\\/wp-content\\\/uploads\\\/2026\\\/03\\\/logo-tupique-1.webp\",\"width\":500,\"height\":67,\"caption\":\"Tupique\"},\"image\":{\"@id\":\"https:\\\/\\\/tupique.com\\\/#\\\/schema\\\/logo\\\/image\\\/\"}}]}<\/script>\n<!-- \/ Yoast SEO plugin. -->","yoast_head_json":{"title":"\u00c9tui de stockage de masques FFP2 Inca Rose | | Tupique","description":"Envie d'acheter \u00c9tui de stockage de masques FFP2 Inca Rose\u00a0? Achetez \u00c9tui de stockage de masques FFP2 Inca Rose maintenant avec Tupique en 3 versements sans int\u00e9r\u00eat.","robots":{"index":"index","follow":"follow","max-snippet":"max-snippet:-1","max-image-preview":"max-image-preview:large","max-video-preview":"max-video-preview:-1"},"canonical":"https:\/\/tupique.com\/en\/product\/etui-de-stockage-de-masques-ffp2-inca-rose\/","og_locale":"en_GB","og_type":"article","og_title":"\u00c9tui de stockage de masques FFP2 Inca Rose | | Tupique","og_description":"Envie d'acheter \u00c9tui de stockage de masques FFP2 Inca Rose\u00a0? Achetez \u00c9tui de stockage de masques FFP2 Inca Rose maintenant avec Tupique en 3 versements sans int\u00e9r\u00eat.","og_url":"https:\/\/tupique.com\/en\/product\/etui-de-stockage-de-masques-ffp2-inca-rose\/","og_site_name":"Tupique","article_modified_time":"2026-05-11T19:17:30+00:00","og_image":[{"width":1200,"height":1200,"url":"https:\/\/tupique.com\/wp-content\/uploads\/2026\/05\/8435142001103_S0583894_P0-v_12.jpg","type":"image\/jpeg"}],"twitter_card":"summary_large_image","schema":{"@context":"https:\/\/schema.org","@graph":[{"@type":"WebPage","@id":"https:\/\/tupique.com\/en\/product\/etui-de-stockage-de-masques-ffp2-inca-rose\/","url":"https:\/\/tupique.com\/en\/product\/etui-de-stockage-de-masques-ffp2-inca-rose\/","name":"\u00c9tui de stockage de masques FFP2 Inca Rose | | Tupique","isPartOf":{"@id":"https:\/\/tupique.com\/#website"},"primaryImageOfPage":{"@id":"https:\/\/tupique.com\/en\/product\/etui-de-stockage-de-masques-ffp2-inca-rose\/#primaryimage"},"image":{"@id":"https:\/\/tupique.com\/en\/product\/etui-de-stockage-de-masques-ffp2-inca-rose\/#primaryimage"},"thumbnailUrl":"https:\/\/tupique.com\/wp-content\/uploads\/2026\/05\/8435142001103_S0583894_P0-v_12.jpg","datePublished":"2026-05-11T11:08:37+00:00","dateModified":"2026-05-11T19:17:30+00:00","description":"Envie d'acheter \u00c9tui de stockage de masques FFP2 Inca Rose\u00a0? Achetez \u00c9tui de stockage de masques FFP2 Inca Rose maintenant avec Tupique en 3 versements sans int\u00e9r\u00eat.","breadcrumb":{"@id":"https:\/\/tupique.com\/en\/product\/etui-de-stockage-de-masques-ffp2-inca-rose\/#breadcrumb"},"inLanguage":"en-GB","potentialAction":[{"@type":"ReadAction","target":["https:\/\/tupique.com\/en\/product\/etui-de-stockage-de-masques-ffp2-inca-rose\/"]}]},{"@type":"ImageObject","inLanguage":"en-GB","@id":"https:\/\/tupique.com\/en\/product\/etui-de-stockage-de-masques-ffp2-inca-rose\/#primaryimage","url":"https:\/\/tupique.com\/wp-content\/uploads\/2026\/05\/8435142001103_S0583894_P0-v_12.jpg","contentUrl":"https:\/\/tupique.com\/wp-content\/uploads\/2026\/05\/8435142001103_S0583894_P0-v_12.jpg","width":1200,"height":1200,"caption":"S0583894_0"},{"@type":"BreadcrumbList","@id":"https:\/\/tupique.com\/en\/product\/etui-de-stockage-de-masques-ffp2-inca-rose\/#breadcrumb","itemListElement":[{"@type":"ListItem","position":1,"name":"commencer","item":"https:\/\/tupique.com\/"},{"@type":"ListItem","position":2,"name":"Loja","item":"https:\/\/tupique.com\/pt\/loja\/"},{"@type":"ListItem","position":3,"name":"\u00c9tui de stockage de masques FFP2 Inca Rose"}]},{"@type":"WebSite","@id":"https:\/\/tupique.com\/#website","url":"https:\/\/tupique.com\/","name":"Tupique","description":"","publisher":{"@id":"https:\/\/tupique.com\/#organization"},"potentialAction":[{"@type":"SearchAction","target":{"@type":"EntryPoint","urlTemplate":"https:\/\/tupique.com\/?s={search_term_string}"},"query-input":{"@type":"PropertyValueSpecification","valueRequired":true,"valueName":"search_term_string"}}],"inLanguage":"en-GB"},{"@type":"Organization","@id":"https:\/\/tupique.com\/#organization","name":"Tupique","url":"https:\/\/tupique.com\/","logo":{"@type":"ImageObject","inLanguage":"en-GB","@id":"https:\/\/tupique.com\/#\/schema\/logo\/image\/","url":"https:\/\/tupique.com\/wp-content\/uploads\/2026\/03\/logo-tupique-1.webp","contentUrl":"https:\/\/tupique.com\/wp-content\/uploads\/2026\/03\/logo-tupique-1.webp","width":500,"height":67,"caption":"Tupique"},"image":{"@id":"https:\/\/tupique.com\/#\/schema\/logo\/image\/"}}]}},"_links":{"self":[{"href":"https:\/\/tupique.com\/en\/wp-json\/wp\/v2\/product\/180770","targetHints":{"allow":["GET"]}}],"collection":[{"href":"https:\/\/tupique.com\/en\/wp-json\/wp\/v2\/product"}],"about":[{"href":"https:\/\/tupique.com\/en\/wp-json\/wp\/v2\/types\/product"}],"replies":[{"embeddable":true,"href":"https:\/\/tupique.com\/en\/wp-json\/wp\/v2\/comments?post=180770"}],"wp:featuredmedia":[{"embeddable":true,"href":"https:\/\/tupique.com\/en\/wp-json\/wp\/v2\/media\/180769"}],"wp:attachment":[{"href":"https:\/\/tupique.com\/en\/wp-json\/wp\/v2\/media?parent=180770"}],"wp:term":[{"taxonomy":"product_brand","embeddable":true,"href":"https:\/\/tupique.com\/en\/wp-json\/wp\/v2\/product_brand?post=180770"},{"taxonomy":"product_cat","embeddable":true,"href":"https:\/\/tupique.com\/en\/wp-json\/wp\/v2\/product_cat?post=180770"},{"taxonomy":"product_tag","embeddable":true,"href":"https:\/\/tupique.com\/en\/wp-json\/wp\/v2\/product_tag?post=180770"},{"taxonomy":"woo-feed-brand","embeddable":true,"href":"https:\/\/tupique.com\/en\/wp-json\/wp\/v2\/woo-feed-brand?post=180770"}],"curies":[{"name":"wp","href":"https:\/\/api.w.org\/{rel}","templated":true}]}}