{"id":180854,"date":"2026-05-11T13:21:14","date_gmt":"2026-05-11T11:21:14","guid":{"rendered":"https:\/\/tupique.com\/product\/essuie-tout-cartapaglia-foxy-cartapaglia-frits-2-uds\/"},"modified":"2026-05-11T21:17:31","modified_gmt":"2026-05-11T19:17:31","slug":"essuie-tout-cartapaglia-foxy-cartapaglia-frits-2-uds","status":"publish","type":"product","link":"https:\/\/tupique.com\/en\/product\/essuie-tout-cartapaglia-foxy-cartapaglia-frits-2-uds\/","title":{"rendered":"Essuie-tout Cartapaglia Foxy Cartapaglia Frits (2 uds)"},"content":{"rendered":"<p>Si vous aimez prendre soin de chaque d\u00e9tail de votre maison et d&#8217;\u00eatre \u00e0 la derni\u00e8re mode en mati\u00e8re de produits qui vous rendront la vie plus facile, achetez <b>Essuie-tout Cartapaglia Foxy Cartapaglia Frits (2 uds)<\/b> au meilleur prix.<\/p>\n<p>The <b>papier essuie-tout Cartapaglia de la marque Foxy<\/b> est un produit con\u00e7u sp\u00e9cifiquement pour un usage en cuisine, particuli\u00e8rement adapt\u00e9 pour g\u00e9rer et absorber les graisses apr\u00e8s friture, gr\u00e2ce \u00e0 sa capacit\u00e9 et sa structure optimis\u00e9es \u00e0 cet effet. Ce pack comprend <b>2 rouleaux<\/b>, offrant une solution pratique et \u00e9conomique pour un usage domestique ou professionnel, avec un poids total de <b>340 grammes<\/b> garantissant r\u00e9sistance et durabilit\u00e9 \u00e0 chaque feuille. Fabriqu\u00e9 en <b>Spain<\/b>, ce papier allie qualit\u00e9 et design fonctionnel facilitant son utilisation aussi bien par les hommes que par les femmes, comme l\u2019indique son \u00e9tiquetage <b>unisex<\/b>. Il est id\u00e9al pour maintenir les surfaces propres, s\u00e9cher les aliments frits et \u00e9viter l\u2019exc\u00e8s d\u2019huile, contribuant \u00e0 une cuisine plus ordonn\u00e9e et saine. Sa pr\u00e9sentation en double unit\u00e9 assure une plus grande autonomie sans besoin de remplacement imm\u00e9diat, r\u00e9pondant aux besoins courants des utilisateurs. En r\u00e9sum\u00e9, le <b>papier essuie-tout Cartapaglia<\/b> repr\u00e9sente une option pratique dans sa cat\u00e9gorie, alliant efficacit\u00e9 et qualit\u00e9 pour l\u2019entretien quotidien lors de la pr\u00e9paration et du nettoyage apr\u00e8s friture.<\/p>\n<ul>\n<li>Inclut: 2 Unit\u00e9s<\/li>\n<li>Utilisation recommand\u00e9e: Frits<\/li>\n<\/ul>","protected":false},"excerpt":{"rendered":"<p>Si vous aimez prendre soin de chaque d\u00e9tail de votre maison et d&#8217;\u00eatre \u00e0 la derni\u00e8re mode en mati\u00e8re de produits qui vous rendront la vie plus facile, achetez Essuie-tout Cartapaglia Foxy Cartapaglia Frits (2 uds) au meilleur prix. Le papier essuie-tout Cartapaglia de la marque Foxy est un produit con\u00e7u sp\u00e9cifiquement pour un usage [&hellip;]<\/p>\n","protected":false},"featured_media":180853,"comment_status":"open","ping_status":"closed","template":"","meta":[],"product_brand":[2137],"product_cat":[1874,769,770],"product_tag":[104],"woo-feed-brand":[],"class_list":{"0":"post-180854","1":"product","2":"type-product","3":"status-publish","4":"has-post-thumbnail","6":"product_brand-brandp_3000","7":"product_cat-hygiene-intime","8":"product_cat-parfum-cosmetique","9":"product_cat-soin-corporel","10":"product_tag-tag_1279","12":"first","13":"instock","14":"taxable","15":"shipping-taxable","16":"purchasable","17":"product-type-simple"},"yoast_head":"<!-- This site is optimized with the Yoast SEO plugin v27.6 - https:\/\/yoast.com\/product\/yoast-seo-wordpress\/ -->\n<title>Essuie-tout Cartapaglia Foxy Cartapaglia Frits (2 uds) | | Tupique<\/title>\n<meta name=\"description\" content=\"Envie d&#039;acheter Essuie-tout Cartapaglia Foxy Cartapaglia Frits (2 uds)\u00a0? Achetez Essuie-tout Cartapaglia Foxy Cartapaglia Frits (2 uds) maintenant avec Tupique en 3 versements sans int\u00e9r\u00eat.\" \/>\n<meta name=\"robots\" content=\"index, follow, max-snippet:-1, max-image-preview:large, max-video-preview:-1\" \/>\n<link rel=\"canonical\" href=\"https:\/\/tupique.com\/en\/product\/essuie-tout-cartapaglia-foxy-cartapaglia-frits-2-uds\/\" \/>\n<meta property=\"og:locale\" content=\"en_GB\" \/>\n<meta property=\"og:type\" content=\"article\" \/>\n<meta property=\"og:title\" content=\"Essuie-tout Cartapaglia Foxy Cartapaglia Frits (2 uds) | | Tupique\" \/>\n<meta property=\"og:description\" content=\"Envie d&#039;acheter Essuie-tout Cartapaglia Foxy Cartapaglia Frits (2 uds)\u00a0? Achetez Essuie-tout Cartapaglia Foxy Cartapaglia Frits (2 uds) maintenant avec Tupique en 3 versements sans int\u00e9r\u00eat.\" \/>\n<meta property=\"og:url\" content=\"https:\/\/tupique.com\/en\/product\/essuie-tout-cartapaglia-foxy-cartapaglia-frits-2-uds\/\" \/>\n<meta property=\"og:site_name\" content=\"Tupique\" \/>\n<meta property=\"article:modified_time\" content=\"2026-05-11T19:17:31+00:00\" \/>\n<meta property=\"og:image\" content=\"https:\/\/tupique.com\/wp-content\/uploads\/2026\/05\/8437005901155_R02.jpg\" \/>\n\t<meta property=\"og:image:width\" content=\"1200\" \/>\n\t<meta property=\"og:image:height\" content=\"1200\" \/>\n\t<meta property=\"og:image:type\" content=\"image\/jpeg\" \/>\n<meta name=\"twitter:card\" content=\"summary_large_image\" \/>\n<meta name=\"twitter:label1\" content=\"Est. reading time\" \/>\n\t<meta name=\"twitter:data1\" content=\"1 minute\" \/>\n<script type=\"application\/ld+json\" class=\"yoast-schema-graph\">{\"@context\":\"https:\\\/\\\/schema.org\",\"@graph\":[{\"@type\":\"WebPage\",\"@id\":\"https:\\\/\\\/tupique.com\\\/pt\\\/product\\\/essuie-tout-cartapaglia-foxy-cartapaglia-frits-2-uds\\\/\",\"url\":\"https:\\\/\\\/tupique.com\\\/pt\\\/product\\\/essuie-tout-cartapaglia-foxy-cartapaglia-frits-2-uds\\\/\",\"name\":\"Essuie-tout Cartapaglia Foxy Cartapaglia Frits (2 uds) | | Tupique\",\"isPartOf\":{\"@id\":\"https:\\\/\\\/tupique.com\\\/#website\"},\"primaryImageOfPage\":{\"@id\":\"https:\\\/\\\/tupique.com\\\/pt\\\/product\\\/essuie-tout-cartapaglia-foxy-cartapaglia-frits-2-uds\\\/#primaryimage\"},\"image\":{\"@id\":\"https:\\\/\\\/tupique.com\\\/pt\\\/product\\\/essuie-tout-cartapaglia-foxy-cartapaglia-frits-2-uds\\\/#primaryimage\"},\"thumbnailUrl\":\"https:\\\/\\\/tupique.com\\\/wp-content\\\/uploads\\\/2026\\\/05\\\/8437005901155_R02.jpg\",\"datePublished\":\"2026-05-11T11:21:14+00:00\",\"dateModified\":\"2026-05-11T19:17:31+00:00\",\"description\":\"Envie d'acheter Essuie-tout Cartapaglia Foxy Cartapaglia Frits (2 uds)\u00a0? Achetez Essuie-tout Cartapaglia Foxy Cartapaglia Frits (2 uds) maintenant avec Tupique en 3 versements sans int\u00e9r\u00eat.\",\"breadcrumb\":{\"@id\":\"https:\\\/\\\/tupique.com\\\/pt\\\/product\\\/essuie-tout-cartapaglia-foxy-cartapaglia-frits-2-uds\\\/#breadcrumb\"},\"inLanguage\":\"en-GB\",\"potentialAction\":[{\"@type\":\"ReadAction\",\"target\":[\"https:\\\/\\\/tupique.com\\\/pt\\\/product\\\/essuie-tout-cartapaglia-foxy-cartapaglia-frits-2-uds\\\/\"]}]},{\"@type\":\"ImageObject\",\"inLanguage\":\"en-GB\",\"@id\":\"https:\\\/\\\/tupique.com\\\/pt\\\/product\\\/essuie-tout-cartapaglia-foxy-cartapaglia-frits-2-uds\\\/#primaryimage\",\"url\":\"https:\\\/\\\/tupique.com\\\/wp-content\\\/uploads\\\/2026\\\/05\\\/8437005901155_R02.jpg\",\"contentUrl\":\"https:\\\/\\\/tupique.com\\\/wp-content\\\/uploads\\\/2026\\\/05\\\/8437005901155_R02.jpg\",\"width\":1200,\"height\":1200,\"caption\":\"S0587204_0\"},{\"@type\":\"BreadcrumbList\",\"@id\":\"https:\\\/\\\/tupique.com\\\/pt\\\/product\\\/essuie-tout-cartapaglia-foxy-cartapaglia-frits-2-uds\\\/#breadcrumb\",\"itemListElement\":[{\"@type\":\"ListItem\",\"position\":1,\"name\":\"commencer\",\"item\":\"https:\\\/\\\/tupique.com\\\/\"},{\"@type\":\"ListItem\",\"position\":2,\"name\":\"Loja\",\"item\":\"https:\\\/\\\/tupique.com\\\/pt\\\/loja\\\/\"},{\"@type\":\"ListItem\",\"position\":3,\"name\":\"Essuie-tout Cartapaglia Foxy Cartapaglia Frits (2 uds)\"}]},{\"@type\":\"WebSite\",\"@id\":\"https:\\\/\\\/tupique.com\\\/#website\",\"url\":\"https:\\\/\\\/tupique.com\\\/\",\"name\":\"Tupique\",\"description\":\"\",\"publisher\":{\"@id\":\"https:\\\/\\\/tupique.com\\\/#organization\"},\"potentialAction\":[{\"@type\":\"SearchAction\",\"target\":{\"@type\":\"EntryPoint\",\"urlTemplate\":\"https:\\\/\\\/tupique.com\\\/?s={search_term_string}\"},\"query-input\":{\"@type\":\"PropertyValueSpecification\",\"valueRequired\":true,\"valueName\":\"search_term_string\"}}],\"inLanguage\":\"en-GB\"},{\"@type\":\"Organization\",\"@id\":\"https:\\\/\\\/tupique.com\\\/#organization\",\"name\":\"Tupique\",\"url\":\"https:\\\/\\\/tupique.com\\\/\",\"logo\":{\"@type\":\"ImageObject\",\"inLanguage\":\"en-GB\",\"@id\":\"https:\\\/\\\/tupique.com\\\/#\\\/schema\\\/logo\\\/image\\\/\",\"url\":\"https:\\\/\\\/tupique.com\\\/wp-content\\\/uploads\\\/2026\\\/03\\\/logo-tupique-1.webp\",\"contentUrl\":\"https:\\\/\\\/tupique.com\\\/wp-content\\\/uploads\\\/2026\\\/03\\\/logo-tupique-1.webp\",\"width\":500,\"height\":67,\"caption\":\"Tupique\"},\"image\":{\"@id\":\"https:\\\/\\\/tupique.com\\\/#\\\/schema\\\/logo\\\/image\\\/\"}}]}<\/script>\n<!-- \/ Yoast SEO plugin. -->","yoast_head_json":{"title":"Essuie-tout Cartapaglia Foxy Cartapaglia Frits (2 uds) | | Tupique","description":"Envie d'acheter Essuie-tout Cartapaglia Foxy Cartapaglia Frits (2 uds)\u00a0? Achetez Essuie-tout Cartapaglia Foxy Cartapaglia Frits (2 uds) maintenant avec Tupique en 3 versements sans int\u00e9r\u00eat.","robots":{"index":"index","follow":"follow","max-snippet":"max-snippet:-1","max-image-preview":"max-image-preview:large","max-video-preview":"max-video-preview:-1"},"canonical":"https:\/\/tupique.com\/en\/product\/essuie-tout-cartapaglia-foxy-cartapaglia-frits-2-uds\/","og_locale":"en_GB","og_type":"article","og_title":"Essuie-tout Cartapaglia Foxy Cartapaglia Frits (2 uds) | | Tupique","og_description":"Envie d'acheter Essuie-tout Cartapaglia Foxy Cartapaglia Frits (2 uds)\u00a0? Achetez Essuie-tout Cartapaglia Foxy Cartapaglia Frits (2 uds) maintenant avec Tupique en 3 versements sans int\u00e9r\u00eat.","og_url":"https:\/\/tupique.com\/en\/product\/essuie-tout-cartapaglia-foxy-cartapaglia-frits-2-uds\/","og_site_name":"Tupique","article_modified_time":"2026-05-11T19:17:31+00:00","og_image":[{"width":1200,"height":1200,"url":"https:\/\/tupique.com\/wp-content\/uploads\/2026\/05\/8437005901155_R02.jpg","type":"image\/jpeg"}],"twitter_card":"summary_large_image","twitter_misc":{"Est. reading time":"1 minute"},"schema":{"@context":"https:\/\/schema.org","@graph":[{"@type":"WebPage","@id":"https:\/\/tupique.com\/pt\/product\/essuie-tout-cartapaglia-foxy-cartapaglia-frits-2-uds\/","url":"https:\/\/tupique.com\/pt\/product\/essuie-tout-cartapaglia-foxy-cartapaglia-frits-2-uds\/","name":"Essuie-tout Cartapaglia Foxy Cartapaglia Frits (2 uds) | | Tupique","isPartOf":{"@id":"https:\/\/tupique.com\/#website"},"primaryImageOfPage":{"@id":"https:\/\/tupique.com\/pt\/product\/essuie-tout-cartapaglia-foxy-cartapaglia-frits-2-uds\/#primaryimage"},"image":{"@id":"https:\/\/tupique.com\/pt\/product\/essuie-tout-cartapaglia-foxy-cartapaglia-frits-2-uds\/#primaryimage"},"thumbnailUrl":"https:\/\/tupique.com\/wp-content\/uploads\/2026\/05\/8437005901155_R02.jpg","datePublished":"2026-05-11T11:21:14+00:00","dateModified":"2026-05-11T19:17:31+00:00","description":"Envie d'acheter Essuie-tout Cartapaglia Foxy Cartapaglia Frits (2 uds)\u00a0? Achetez Essuie-tout Cartapaglia Foxy Cartapaglia Frits (2 uds) maintenant avec Tupique en 3 versements sans int\u00e9r\u00eat.","breadcrumb":{"@id":"https:\/\/tupique.com\/pt\/product\/essuie-tout-cartapaglia-foxy-cartapaglia-frits-2-uds\/#breadcrumb"},"inLanguage":"en-GB","potentialAction":[{"@type":"ReadAction","target":["https:\/\/tupique.com\/pt\/product\/essuie-tout-cartapaglia-foxy-cartapaglia-frits-2-uds\/"]}]},{"@type":"ImageObject","inLanguage":"en-GB","@id":"https:\/\/tupique.com\/pt\/product\/essuie-tout-cartapaglia-foxy-cartapaglia-frits-2-uds\/#primaryimage","url":"https:\/\/tupique.com\/wp-content\/uploads\/2026\/05\/8437005901155_R02.jpg","contentUrl":"https:\/\/tupique.com\/wp-content\/uploads\/2026\/05\/8437005901155_R02.jpg","width":1200,"height":1200,"caption":"S0587204_0"},{"@type":"BreadcrumbList","@id":"https:\/\/tupique.com\/pt\/product\/essuie-tout-cartapaglia-foxy-cartapaglia-frits-2-uds\/#breadcrumb","itemListElement":[{"@type":"ListItem","position":1,"name":"commencer","item":"https:\/\/tupique.com\/"},{"@type":"ListItem","position":2,"name":"Loja","item":"https:\/\/tupique.com\/pt\/loja\/"},{"@type":"ListItem","position":3,"name":"Essuie-tout Cartapaglia Foxy Cartapaglia Frits (2 uds)"}]},{"@type":"WebSite","@id":"https:\/\/tupique.com\/#website","url":"https:\/\/tupique.com\/","name":"Tupique","description":"","publisher":{"@id":"https:\/\/tupique.com\/#organization"},"potentialAction":[{"@type":"SearchAction","target":{"@type":"EntryPoint","urlTemplate":"https:\/\/tupique.com\/?s={search_term_string}"},"query-input":{"@type":"PropertyValueSpecification","valueRequired":true,"valueName":"search_term_string"}}],"inLanguage":"en-GB"},{"@type":"Organization","@id":"https:\/\/tupique.com\/#organization","name":"Tupique","url":"https:\/\/tupique.com\/","logo":{"@type":"ImageObject","inLanguage":"en-GB","@id":"https:\/\/tupique.com\/#\/schema\/logo\/image\/","url":"https:\/\/tupique.com\/wp-content\/uploads\/2026\/03\/logo-tupique-1.webp","contentUrl":"https:\/\/tupique.com\/wp-content\/uploads\/2026\/03\/logo-tupique-1.webp","width":500,"height":67,"caption":"Tupique"},"image":{"@id":"https:\/\/tupique.com\/#\/schema\/logo\/image\/"}}]}},"_links":{"self":[{"href":"https:\/\/tupique.com\/en\/wp-json\/wp\/v2\/product\/180854","targetHints":{"allow":["GET"]}}],"collection":[{"href":"https:\/\/tupique.com\/en\/wp-json\/wp\/v2\/product"}],"about":[{"href":"https:\/\/tupique.com\/en\/wp-json\/wp\/v2\/types\/product"}],"replies":[{"embeddable":true,"href":"https:\/\/tupique.com\/en\/wp-json\/wp\/v2\/comments?post=180854"}],"wp:featuredmedia":[{"embeddable":true,"href":"https:\/\/tupique.com\/en\/wp-json\/wp\/v2\/media\/180853"}],"wp:attachment":[{"href":"https:\/\/tupique.com\/en\/wp-json\/wp\/v2\/media?parent=180854"}],"wp:term":[{"taxonomy":"product_brand","embeddable":true,"href":"https:\/\/tupique.com\/en\/wp-json\/wp\/v2\/product_brand?post=180854"},{"taxonomy":"product_cat","embeddable":true,"href":"https:\/\/tupique.com\/en\/wp-json\/wp\/v2\/product_cat?post=180854"},{"taxonomy":"product_tag","embeddable":true,"href":"https:\/\/tupique.com\/en\/wp-json\/wp\/v2\/product_tag?post=180854"},{"taxonomy":"woo-feed-brand","embeddable":true,"href":"https:\/\/tupique.com\/en\/wp-json\/wp\/v2\/woo-feed-brand?post=180854"}],"curies":[{"name":"wp","href":"https:\/\/api.w.org\/{rel}","templated":true}]}}