{"id":180887,"date":"2026-05-11T13:22:40","date_gmt":"2026-05-11T11:22:40","guid":{"rendered":"https:\/\/tupique.com\/product\/tutu-inca-bailarina-unicornio-multicouleur-licorne-24-36-mois-3-pieces\/"},"modified":"2026-05-11T21:17:31","modified_gmt":"2026-05-11T19:17:31","slug":"tutu-inca-bailarina-unicornio-multicouleur-licorne-24-36-mois-3-pieces","status":"publish","type":"product","link":"https:\/\/tupique.com\/en\/product\/tutu-inca-bailarina-unicornio-multicouleur-licorne-24-36-mois-3-pieces\/","title":{"rendered":"Tutu Inca Bailarina Unicornio Multicouleur Licorne 24-36 Mois (3 Pi\u00e8ces)"},"content":{"rendered":"<p>Restez en forme et d\u00e9couvrez les derni\u00e8res nouveaut\u00e9s du secteur pour faire du sport avec les meilleures garanties ! Achetez <b>Tutu Inca Bailarina Unicornio Multicouleur Licorne 24-36 Mois (3 Pi\u00e8ces)<\/b> au meilleur prix et profitez d&#8217;une vie saine !<\/p>\n<ul>\n<li>Inclut:\n<ul>\n<li>Serre-t\u00eate<\/li>\n<li>Baguette magique<\/li>\n<li>Tutu<\/li>\n<\/ul>\n<\/li>\n<li>Design: Licorne<\/li>\n<li>Couleur: Multicouleur<\/li>\n<li>Recommended age:\n<ul>\n<li>Enfants<\/li>\n<li>24-36 Mois<\/li>\n<\/ul>\n<\/li>\n<li>Type: Jupe<\/li>\n<li>diam\u00e8tre approx.: \u00d8 19 cm<\/li>\n<li>Long: 19 cm<\/li>\n<li>Nombre de pi\u00e8ces: 3 Pi\u00e8ces<\/li>\n<li>Genre: Unisexe<\/li>\n<\/ul>","protected":false},"excerpt":{"rendered":"<p>Restez en forme et d\u00e9couvrez les derni\u00e8res nouveaut\u00e9s du secteur pour faire du sport avec les meilleures garanties ! Achetez Tutu Inca Bailarina Unicornio Multicouleur Licorne 24-36 Mois (3 Pi\u00e8ces) au meilleur prix et profitez d&#8217;une vie saine ! Inclut: Serre-t\u00eate Baguette magique Tutu Design: Licorne Couleur: Multicouleur \u00c2ge recommand\u00e9: Enfants 24-36 Mois Type: Jupe [&hellip;]<\/p>\n","protected":false},"featured_media":180886,"comment_status":"open","ping_status":"closed","template":"","meta":[],"product_brand":[2143],"product_cat":[2128,2129,1764],"product_tag":[163],"woo-feed-brand":[],"class_list":{"0":"post-180887","1":"product","2":"type-product","3":"status-publish","4":"has-post-thumbnail","6":"product_brand-brandp_3715","7":"product_cat-autres-sports","8":"product_cat-dance-and-gymnastics","9":"product_cat-sports-loisirs","10":"product_tag-tag_17","12":"first","13":"instock","14":"taxable","15":"shipping-taxable","16":"purchasable","17":"product-type-simple"},"yoast_head":"<!-- This site is optimized with the Yoast SEO plugin v27.5 - https:\/\/yoast.com\/product\/yoast-seo-wordpress\/ -->\n<title>Tutu Inca Bailarina Unicornio Multicouleur Licorne 24-36 Mois (3 Pi\u00e8ces) | | Tupique<\/title>\n<meta name=\"description\" content=\"Envie d&#039;acheter Tutu Inca Bailarina Unicornio Multicouleur Licorne 24-36 Mois (3 Pi\u00e8ces)\u00a0? Achetez Tutu Inca Bailarina Unicornio Multicouleur Licorne 24-36 Mois (3 Pi\u00e8ces) maintenant avec Tupique en 3 versements sans int\u00e9r\u00eat.\" \/>\n<meta name=\"robots\" content=\"index, follow, max-snippet:-1, max-image-preview:large, max-video-preview:-1\" \/>\n<link rel=\"canonical\" href=\"https:\/\/tupique.com\/en\/product\/tutu-inca-bailarina-unicornio-multicouleur-licorne-24-36-mois-3-pieces\/\" \/>\n<meta property=\"og:locale\" content=\"en_GB\" \/>\n<meta property=\"og:type\" content=\"article\" \/>\n<meta property=\"og:title\" content=\"Tutu Inca Bailarina Unicornio Multicouleur Licorne 24-36 Mois (3 Pi\u00e8ces) | | Tupique\" \/>\n<meta property=\"og:description\" content=\"Envie d&#039;acheter Tutu Inca Bailarina Unicornio Multicouleur Licorne 24-36 Mois (3 Pi\u00e8ces)\u00a0? Achetez Tutu Inca Bailarina Unicornio Multicouleur Licorne 24-36 Mois (3 Pi\u00e8ces) maintenant avec Tupique en 3 versements sans int\u00e9r\u00eat.\" \/>\n<meta property=\"og:url\" content=\"https:\/\/tupique.com\/en\/product\/tutu-inca-bailarina-unicornio-multicouleur-licorne-24-36-mois-3-pieces\/\" \/>\n<meta property=\"og:site_name\" content=\"Tupique\" \/>\n<meta property=\"article:modified_time\" content=\"2026-05-11T19:17:31+00:00\" \/>\n<meta name=\"twitter:card\" content=\"summary_large_image\" \/>\n<script type=\"application\/ld+json\" class=\"yoast-schema-graph\">{\"@context\":\"https:\\\/\\\/schema.org\",\"@graph\":[{\"@type\":\"WebPage\",\"@id\":\"https:\\\/\\\/tupique.com\\\/product\\\/tutu-inca-bailarina-unicornio-multicouleur-licorne-24-36-mois-3-pieces\\\/\",\"url\":\"https:\\\/\\\/tupique.com\\\/product\\\/tutu-inca-bailarina-unicornio-multicouleur-licorne-24-36-mois-3-pieces\\\/\",\"name\":\"Tutu Inca Bailarina Unicornio Multicouleur Licorne 24-36 Mois (3 Pi\u00e8ces) | | Tupique\",\"isPartOf\":{\"@id\":\"https:\\\/\\\/tupique.com\\\/#website\"},\"primaryImageOfPage\":{\"@id\":\"https:\\\/\\\/tupique.com\\\/product\\\/tutu-inca-bailarina-unicornio-multicouleur-licorne-24-36-mois-3-pieces\\\/#primaryimage\"},\"image\":{\"@id\":\"https:\\\/\\\/tupique.com\\\/product\\\/tutu-inca-bailarina-unicornio-multicouleur-licorne-24-36-mois-3-pieces\\\/#primaryimage\"},\"thumbnailUrl\":\"https:\\\/\\\/tupique.com\\\/wp-content\\\/uploads\\\/2026\\\/05\\\/8435142482308_S0587155_P0-v_12.jpg\",\"datePublished\":\"2026-05-11T11:22:40+00:00\",\"dateModified\":\"2026-05-11T19:17:31+00:00\",\"description\":\"Envie d'acheter Tutu Inca Bailarina Unicornio Multicouleur Licorne 24-36 Mois (3 Pi\u00e8ces)\u00a0? Achetez Tutu Inca Bailarina Unicornio Multicouleur Licorne 24-36 Mois (3 Pi\u00e8ces) maintenant avec Tupique en 3 versements sans int\u00e9r\u00eat.\",\"breadcrumb\":{\"@id\":\"https:\\\/\\\/tupique.com\\\/product\\\/tutu-inca-bailarina-unicornio-multicouleur-licorne-24-36-mois-3-pieces\\\/#breadcrumb\"},\"inLanguage\":\"en-GB\",\"potentialAction\":[{\"@type\":\"ReadAction\",\"target\":[\"https:\\\/\\\/tupique.com\\\/product\\\/tutu-inca-bailarina-unicornio-multicouleur-licorne-24-36-mois-3-pieces\\\/\"]}]},{\"@type\":\"ImageObject\",\"inLanguage\":\"en-GB\",\"@id\":\"https:\\\/\\\/tupique.com\\\/product\\\/tutu-inca-bailarina-unicornio-multicouleur-licorne-24-36-mois-3-pieces\\\/#primaryimage\",\"url\":\"https:\\\/\\\/tupique.com\\\/wp-content\\\/uploads\\\/2026\\\/05\\\/8435142482308_S0587155_P0-v_12.jpg\",\"contentUrl\":\"https:\\\/\\\/tupique.com\\\/wp-content\\\/uploads\\\/2026\\\/05\\\/8435142482308_S0587155_P0-v_12.jpg\",\"width\":1200,\"height\":1200,\"caption\":\"S0587155_0\"},{\"@type\":\"BreadcrumbList\",\"@id\":\"https:\\\/\\\/tupique.com\\\/product\\\/tutu-inca-bailarina-unicornio-multicouleur-licorne-24-36-mois-3-pieces\\\/#breadcrumb\",\"itemListElement\":[{\"@type\":\"ListItem\",\"position\":1,\"name\":\"commencer\",\"item\":\"https:\\\/\\\/tupique.com\\\/\"},{\"@type\":\"ListItem\",\"position\":2,\"name\":\"Loja\",\"item\":\"https:\\\/\\\/tupique.com\\\/loja\\\/\"},{\"@type\":\"ListItem\",\"position\":3,\"name\":\"Tutu Inca Bailarina Unicornio Multicouleur Licorne 24-36 Mois (3 Pi\u00e8ces)\"}]},{\"@type\":\"WebSite\",\"@id\":\"https:\\\/\\\/tupique.com\\\/#website\",\"url\":\"https:\\\/\\\/tupique.com\\\/\",\"name\":\"Tupique\",\"description\":\"\",\"publisher\":{\"@id\":\"https:\\\/\\\/tupique.com\\\/#organization\"},\"potentialAction\":[{\"@type\":\"SearchAction\",\"target\":{\"@type\":\"EntryPoint\",\"urlTemplate\":\"https:\\\/\\\/tupique.com\\\/?s={search_term_string}\"},\"query-input\":{\"@type\":\"PropertyValueSpecification\",\"valueRequired\":true,\"valueName\":\"search_term_string\"}}],\"inLanguage\":\"en-GB\"},{\"@type\":\"Organization\",\"@id\":\"https:\\\/\\\/tupique.com\\\/#organization\",\"name\":\"Tupique\",\"url\":\"https:\\\/\\\/tupique.com\\\/\",\"logo\":{\"@type\":\"ImageObject\",\"inLanguage\":\"en-GB\",\"@id\":\"https:\\\/\\\/tupique.com\\\/#\\\/schema\\\/logo\\\/image\\\/\",\"url\":\"https:\\\/\\\/tupique.com\\\/wp-content\\\/uploads\\\/2026\\\/03\\\/logo-tupique-1.webp\",\"contentUrl\":\"https:\\\/\\\/tupique.com\\\/wp-content\\\/uploads\\\/2026\\\/03\\\/logo-tupique-1.webp\",\"width\":500,\"height\":67,\"caption\":\"Tupique\"},\"image\":{\"@id\":\"https:\\\/\\\/tupique.com\\\/#\\\/schema\\\/logo\\\/image\\\/\"}}]}<\/script>\n<!-- \/ Yoast SEO plugin. -->","yoast_head_json":{"title":"Tutu Inca Bailarina Unicornio Multicouleur Licorne 24-36 Mois (3 Pi\u00e8ces) | | Tupique","description":"Envie d'acheter Tutu Inca Bailarina Unicornio Multicouleur Licorne 24-36 Mois (3 Pi\u00e8ces)\u00a0? Achetez Tutu Inca Bailarina Unicornio Multicouleur Licorne 24-36 Mois (3 Pi\u00e8ces) maintenant avec Tupique en 3 versements sans int\u00e9r\u00eat.","robots":{"index":"index","follow":"follow","max-snippet":"max-snippet:-1","max-image-preview":"max-image-preview:large","max-video-preview":"max-video-preview:-1"},"canonical":"https:\/\/tupique.com\/en\/product\/tutu-inca-bailarina-unicornio-multicouleur-licorne-24-36-mois-3-pieces\/","og_locale":"en_GB","og_type":"article","og_title":"Tutu Inca Bailarina Unicornio Multicouleur Licorne 24-36 Mois (3 Pi\u00e8ces) | | Tupique","og_description":"Envie d'acheter Tutu Inca Bailarina Unicornio Multicouleur Licorne 24-36 Mois (3 Pi\u00e8ces)\u00a0? Achetez Tutu Inca Bailarina Unicornio Multicouleur Licorne 24-36 Mois (3 Pi\u00e8ces) maintenant avec Tupique en 3 versements sans int\u00e9r\u00eat.","og_url":"https:\/\/tupique.com\/en\/product\/tutu-inca-bailarina-unicornio-multicouleur-licorne-24-36-mois-3-pieces\/","og_site_name":"Tupique","article_modified_time":"2026-05-11T19:17:31+00:00","twitter_card":"summary_large_image","schema":{"@context":"https:\/\/schema.org","@graph":[{"@type":"WebPage","@id":"https:\/\/tupique.com\/product\/tutu-inca-bailarina-unicornio-multicouleur-licorne-24-36-mois-3-pieces\/","url":"https:\/\/tupique.com\/product\/tutu-inca-bailarina-unicornio-multicouleur-licorne-24-36-mois-3-pieces\/","name":"Tutu Inca Bailarina Unicornio Multicouleur Licorne 24-36 Mois (3 Pi\u00e8ces) | | Tupique","isPartOf":{"@id":"https:\/\/tupique.com\/#website"},"primaryImageOfPage":{"@id":"https:\/\/tupique.com\/product\/tutu-inca-bailarina-unicornio-multicouleur-licorne-24-36-mois-3-pieces\/#primaryimage"},"image":{"@id":"https:\/\/tupique.com\/product\/tutu-inca-bailarina-unicornio-multicouleur-licorne-24-36-mois-3-pieces\/#primaryimage"},"thumbnailUrl":"https:\/\/tupique.com\/wp-content\/uploads\/2026\/05\/8435142482308_S0587155_P0-v_12.jpg","datePublished":"2026-05-11T11:22:40+00:00","dateModified":"2026-05-11T19:17:31+00:00","description":"Envie d'acheter Tutu Inca Bailarina Unicornio Multicouleur Licorne 24-36 Mois (3 Pi\u00e8ces)\u00a0? Achetez Tutu Inca Bailarina Unicornio Multicouleur Licorne 24-36 Mois (3 Pi\u00e8ces) maintenant avec Tupique en 3 versements sans int\u00e9r\u00eat.","breadcrumb":{"@id":"https:\/\/tupique.com\/product\/tutu-inca-bailarina-unicornio-multicouleur-licorne-24-36-mois-3-pieces\/#breadcrumb"},"inLanguage":"en-GB","potentialAction":[{"@type":"ReadAction","target":["https:\/\/tupique.com\/product\/tutu-inca-bailarina-unicornio-multicouleur-licorne-24-36-mois-3-pieces\/"]}]},{"@type":"ImageObject","inLanguage":"en-GB","@id":"https:\/\/tupique.com\/product\/tutu-inca-bailarina-unicornio-multicouleur-licorne-24-36-mois-3-pieces\/#primaryimage","url":"https:\/\/tupique.com\/wp-content\/uploads\/2026\/05\/8435142482308_S0587155_P0-v_12.jpg","contentUrl":"https:\/\/tupique.com\/wp-content\/uploads\/2026\/05\/8435142482308_S0587155_P0-v_12.jpg","width":1200,"height":1200,"caption":"S0587155_0"},{"@type":"BreadcrumbList","@id":"https:\/\/tupique.com\/product\/tutu-inca-bailarina-unicornio-multicouleur-licorne-24-36-mois-3-pieces\/#breadcrumb","itemListElement":[{"@type":"ListItem","position":1,"name":"commencer","item":"https:\/\/tupique.com\/"},{"@type":"ListItem","position":2,"name":"Loja","item":"https:\/\/tupique.com\/loja\/"},{"@type":"ListItem","position":3,"name":"Tutu Inca Bailarina Unicornio Multicouleur Licorne 24-36 Mois (3 Pi\u00e8ces)"}]},{"@type":"WebSite","@id":"https:\/\/tupique.com\/#website","url":"https:\/\/tupique.com\/","name":"Tupique","description":"","publisher":{"@id":"https:\/\/tupique.com\/#organization"},"potentialAction":[{"@type":"SearchAction","target":{"@type":"EntryPoint","urlTemplate":"https:\/\/tupique.com\/?s={search_term_string}"},"query-input":{"@type":"PropertyValueSpecification","valueRequired":true,"valueName":"search_term_string"}}],"inLanguage":"en-GB"},{"@type":"Organization","@id":"https:\/\/tupique.com\/#organization","name":"Tupique","url":"https:\/\/tupique.com\/","logo":{"@type":"ImageObject","inLanguage":"en-GB","@id":"https:\/\/tupique.com\/#\/schema\/logo\/image\/","url":"https:\/\/tupique.com\/wp-content\/uploads\/2026\/03\/logo-tupique-1.webp","contentUrl":"https:\/\/tupique.com\/wp-content\/uploads\/2026\/03\/logo-tupique-1.webp","width":500,"height":67,"caption":"Tupique"},"image":{"@id":"https:\/\/tupique.com\/#\/schema\/logo\/image\/"}}]}},"_links":{"self":[{"href":"https:\/\/tupique.com\/en\/wp-json\/wp\/v2\/product\/180887","targetHints":{"allow":["GET"]}}],"collection":[{"href":"https:\/\/tupique.com\/en\/wp-json\/wp\/v2\/product"}],"about":[{"href":"https:\/\/tupique.com\/en\/wp-json\/wp\/v2\/types\/product"}],"replies":[{"embeddable":true,"href":"https:\/\/tupique.com\/en\/wp-json\/wp\/v2\/comments?post=180887"}],"wp:featuredmedia":[{"embeddable":true,"href":"https:\/\/tupique.com\/en\/wp-json\/wp\/v2\/media\/180886"}],"wp:attachment":[{"href":"https:\/\/tupique.com\/en\/wp-json\/wp\/v2\/media?parent=180887"}],"wp:term":[{"taxonomy":"product_brand","embeddable":true,"href":"https:\/\/tupique.com\/en\/wp-json\/wp\/v2\/product_brand?post=180887"},{"taxonomy":"product_cat","embeddable":true,"href":"https:\/\/tupique.com\/en\/wp-json\/wp\/v2\/product_cat?post=180887"},{"taxonomy":"product_tag","embeddable":true,"href":"https:\/\/tupique.com\/en\/wp-json\/wp\/v2\/product_tag?post=180887"},{"taxonomy":"woo-feed-brand","embeddable":true,"href":"https:\/\/tupique.com\/en\/wp-json\/wp\/v2\/woo-feed-brand?post=180887"}],"curies":[{"name":"wp","href":"https:\/\/api.w.org\/{rel}","templated":true}]}}