{"id":181115,"date":"2026-05-11T13:42:36","date_gmt":"2026-05-11T11:42:36","guid":{"rendered":"https:\/\/tupique.com\/product\/appareil-de-massage-oculaire-anti-age-avec-phototherapie-thermotherapie-et-vibrotherapie-therey-innovagoods\/"},"modified":"2026-05-11T21:23:45","modified_gmt":"2026-05-11T19:23:45","slug":"appareil-de-massage-oculaire-anti-age-avec-phototherapie-thermotherapie-et-vibrotherapie-therey-innovagoods","status":"publish","type":"product","link":"https:\/\/tupique.com\/en\/product\/appareil-de-massage-oculaire-anti-age-avec-phototherapie-thermotherapie-et-vibrotherapie-therey-innovagoods\/","title":{"rendered":"InnovaGoods Therey Anti-Ageing Eye Massager with Phototherapy, Thermotherapy and Vibrotherapy"},"content":{"rendered":"<div class=\"col-md-6\"><b>InnovaGoods<\/b> vous facilite la t\u00e2che pour que votre soin personnel soit une priorit\u00e9 sans excuses. Il vous propose les meilleures nouveaut\u00e9s en mati\u00e8re de beaut\u00e9, de d\u00e9tente et de bien-\u00eatre ! <b>InnovaGoods Therey Anti-Ageing Eye Massager with Phototherapy, Thermotherapy and Vibrotherapy <\/b> en est un bon exemple ! D\u00e9couvrez une vaste gamme de produits de qualit\u00e9 qui se d\u00e9marquent de par leur fonctionnalit\u00e9, leur efficacit\u00e9 et leur design innovant.<\/p>\n<p>Un appareil de massage oculaire anti-\u00e2ge \u00e0 triple action, avec phototh\u00e9rapie, thermoth\u00e9rapie et vibroth\u00e9rapie tr\u00e8s efficace pour am\u00e9liorer l&#8217;\u00e9tat et l&#8217;aspect de la peau dans la zone du contour des yeux, avec un effet lifting. Gr\u00e2ce \u00e0 sa conception compacte, l\u00e9g\u00e8re et portable, il occupe peu d&#8217;espace, vous pouvez le transporter et le ranger dans votre sac, votre n\u00e9cessaire de toilette, etc. Il est rechargeable, et s\u2019utilise ainsi avec un plus grand confort quand et o\u00f9 vous le souhaitez, sans probl\u00e8me de c\u00e2bles ou de prises de courant. Cet appareil de massage ergonomique \u00e0 usages multiples 3-in-1 combine vibrations douces et propri\u00e9t\u00e9s anti-\u00e2ge gr\u00e2ce aux lumi\u00e8res LED. La lumi\u00e8re rouge procure un effet calmant et diminue l&#8217;apparition de rides en g\u00e9n\u00e9ral et plus particuli\u00e8rement de rides d&#8217;expression. La lumi\u00e8re bleue poss\u00e8de un effet anti-fatigue et tenseur de la peau, tout en lui apportant de la fermet\u00e9. La vibroth\u00e9rapie d\u00e9tend les muscles de la zone oculaire, pr\u00e9venant ainsi l&#8217;impression de fatigue. De plus, la chaleur facilite l&#8217;absorption et la p\u00e9n\u00e9tration des produits de soins du visage sur la peau, en en renfor\u00e7ant les effets. Cette triple th\u00e9rapie pr\u00e9sente de multiples avantages, en r\u00e9duisant les cernes anti-esth\u00e9tiques, les poches, les pattes d\u2019oie autour des yeux, en apportant un air plus lumineux et plus jeune. D\u2019utilisation tr\u00e8s simple, il suffit de proc\u00e9der \u00e0 des mouvements uniformes autour de la zone \u00e0 traiter. Il s&#8217;\u00e9teint automatiquement apr\u00e8s 45 minutes sans utilisation. La fonction vibratoire peut \u00eatre utilis\u00e9e de fa\u00e7on ind\u00e9pendante.<\/p>\n<ul>\n<li>Mat\u00e9riel:\n<ul>\n<li>ABS<\/li>\n<li>Polycarbonate<\/li>\n<\/ul>\n<\/li>\n<li>Couleur:\n<ul>\n<li>Blanc<\/li>\n<li>Argent\u00e9<\/li>\n<\/ul>\n<\/li>\n<li>Type: Masseur \u00c9lectrique<\/li>\n<li>Caract\u00e9ristiques: Effet Lifting<\/li>\n<li>Multifonction: 3-in-1<\/li>\n<li>Luminoth\u00e9rapie: 2 m\u00e9thodes d\u2019utilisation<\/li>\n<li>Vibroth\u00e9rapie: 1200 r.p.m.<\/li>\n<li>Th\u00e9rapie thermique: Fonction chaleur<\/li>\n<li>Temp\u00e9rature max.: 42 \u00baC<\/li>\n<li>Effets b\u00e9n\u00e9fiques: Am\u00e9lioration de l&#8217;\u00e9tat et de l&#8217;aspect de la peau<\/li>\n<li>Rechargeable: Comprend un c\u00e2ble USB \u00e0 micro USB<\/li>\n<li>Batterie: PoLi 3,7 V \/ 300 mAh<\/li>\n<li>DC In: 5 V \/ 500 mA<\/li>\n<li>Dimensions approx.: \u00d82,3 x 11,8 cm<\/li>\n<\/ul>\n<p>Packaging et manuel en 24 langues: anglais, fran\u00e7ais, espagnol, allemand, italien, portugais, n\u00e9erlandais, polonais, hongrois, roumain, danois, su\u00e9dois, finnois, lituanien, norv\u00e9gien, slov\u00e8ne, grec, tch\u00e8que, bulgare, croate, slovaque, estonien, russe, letton.<\/p><\/div>\n<div class=\"col-md-6\">\n<div class=\"embed-responsive embed-responsive-16by9\"><iframe class=\"embed-responsive-item\" src=\"https:\/\/www.youtube.com\/embed\/pVqG9-0YRo8\" frameborder=\"0\" allowfullscreen><\/iframe><\/div>\n<\/div>","protected":false},"excerpt":{"rendered":"<p>InnovaGoods vous facilite la t\u00e2che pour que votre soin personnel soit une priorit\u00e9 sans excuses. Il vous propose les meilleures nouveaut\u00e9s en mati\u00e8re de beaut\u00e9, de d\u00e9tente et de bien-\u00eatre ! Appareil de Massage Oculaire Anti-\u00e2ge avec Phototh\u00e9rapie, Thermoth\u00e9rapie et Vibroth\u00e9rapie Therey InnovaGoods en est un bon exemple ! D\u00e9couvrez une vaste gamme de produits [&hellip;]<\/p>\n","protected":false},"featured_media":181103,"comment_status":"open","ping_status":"closed","template":"","meta":[],"product_brand":[256],"product_cat":[63,550,1825,1679,1503,1059,769,752,1826,1495,1487,1796],"product_tag":[722],"woo-feed-brand":[],"class_list":{"0":"post-181115","1":"product","2":"type-product","3":"status-publish","4":"has-post-thumbnail","6":"product_brand-brandp_1281","7":"product_cat-cadeaux-originaux","8":"product_cat-cadeaux-pour-femme","9":"product_cat-cadeaux-pour-soins-personnels","10":"product_cat-contours-des-yeux","11":"product_cat-cremes-anti-rides-et-hydratantes","12":"product_cat-esthetique-et-traitements-corporels","13":"product_cat-parfum-cosmetique","14":"product_cat-sante-beaute","15":"product_cat-teleachat-vu-a-la-television-sante-et-beaute-teleshop","16":"product_cat-soin-du-visage","17":"product_cat-soins-anti-cellulite","18":"product_cat-teleachat-vu-a-la-television","19":"product_tag-tag_923","21":"first","22":"instock","23":"taxable","24":"shipping-taxable","25":"purchasable","26":"product-type-simple"},"yoast_head":"<!-- This site is optimized with the Yoast SEO plugin v27.6 - https:\/\/yoast.com\/product\/yoast-seo-wordpress\/ -->\n<title>Appareil de Massage Oculaire Anti-\u00e2ge avec Phototh\u00e9rapie, Thermoth\u00e9rapie et Vibroth\u00e9rapie Therey InnovaGoods | | Tupique<\/title>\n<meta name=\"description\" content=\"Envie d&#039;acheter Appareil de Massage Oculaire Anti-\u00e2ge avec Phototh\u00e9rapie, Thermoth\u00e9rapie et Vibroth\u00e9rapie Therey InnovaGoods\u00a0? Achetez Appareil de Massage Oculaire Anti-\u00e2ge avec Phototh\u00e9rapie, Thermoth\u00e9rapie et Vibroth\u00e9rapie Therey InnovaGoods maintenant avec Tupique en 3 versements sans int\u00e9r\u00eat.\" \/>\n<meta name=\"robots\" content=\"index, follow, max-snippet:-1, max-image-preview:large, max-video-preview:-1\" \/>\n<link rel=\"canonical\" href=\"https:\/\/tupique.com\/en\/product\/appareil-de-massage-oculaire-anti-age-avec-phototherapie-thermotherapie-et-vibrotherapie-therey-innovagoods\/\" \/>\n<meta property=\"og:locale\" content=\"en_GB\" \/>\n<meta property=\"og:type\" content=\"article\" \/>\n<meta property=\"og:title\" content=\"Appareil de Massage Oculaire Anti-\u00e2ge avec Phototh\u00e9rapie, Thermoth\u00e9rapie et Vibroth\u00e9rapie Therey InnovaGoods | | Tupique\" \/>\n<meta property=\"og:description\" content=\"Envie d&#039;acheter Appareil de Massage Oculaire Anti-\u00e2ge avec Phototh\u00e9rapie, Thermoth\u00e9rapie et Vibroth\u00e9rapie Therey InnovaGoods\u00a0? Achetez Appareil de Massage Oculaire Anti-\u00e2ge avec Phototh\u00e9rapie, Thermoth\u00e9rapie et Vibroth\u00e9rapie Therey InnovaGoods maintenant avec Tupique en 3 versements sans int\u00e9r\u00eat.\" \/>\n<meta property=\"og:url\" content=\"https:\/\/tupique.com\/en\/product\/appareil-de-massage-oculaire-anti-age-avec-phototherapie-thermotherapie-et-vibrotherapie-therey-innovagoods\/\" \/>\n<meta property=\"og:site_name\" content=\"Tupique\" \/>\n<meta property=\"article:modified_time\" content=\"2026-05-11T19:23:45+00:00\" \/>\n<meta property=\"og:image\" content=\"https:\/\/tupique.com\/wp-content\/uploads\/2026\/05\/V0103319_000_MKT-v_14.jpg\" \/>\n\t<meta property=\"og:image:width\" content=\"1200\" \/>\n\t<meta property=\"og:image:height\" content=\"1200\" \/>\n\t<meta property=\"og:image:type\" content=\"image\/jpeg\" \/>\n<meta name=\"twitter:card\" content=\"summary_large_image\" \/>\n<meta name=\"twitter:label1\" content=\"Est. reading time\" \/>\n\t<meta name=\"twitter:data1\" content=\"2 minutes\" \/>\n<script type=\"application\/ld+json\" class=\"yoast-schema-graph\">{\"@context\":\"https:\\\/\\\/schema.org\",\"@graph\":[{\"@type\":\"WebPage\",\"@id\":\"https:\\\/\\\/tupique.com\\\/pt\\\/product\\\/appareil-de-massage-oculaire-anti-age-avec-phototherapie-thermotherapie-et-vibrotherapie-therey-innovagoods\\\/\",\"url\":\"https:\\\/\\\/tupique.com\\\/pt\\\/product\\\/appareil-de-massage-oculaire-anti-age-avec-phototherapie-thermotherapie-et-vibrotherapie-therey-innovagoods\\\/\",\"name\":\"Appareil de Massage Oculaire Anti-\u00e2ge avec Phototh\u00e9rapie, Thermoth\u00e9rapie et Vibroth\u00e9rapie Therey InnovaGoods | | Tupique\",\"isPartOf\":{\"@id\":\"https:\\\/\\\/tupique.com\\\/#website\"},\"primaryImageOfPage\":{\"@id\":\"https:\\\/\\\/tupique.com\\\/pt\\\/product\\\/appareil-de-massage-oculaire-anti-age-avec-phototherapie-thermotherapie-et-vibrotherapie-therey-innovagoods\\\/#primaryimage\"},\"image\":{\"@id\":\"https:\\\/\\\/tupique.com\\\/pt\\\/product\\\/appareil-de-massage-oculaire-anti-age-avec-phototherapie-thermotherapie-et-vibrotherapie-therey-innovagoods\\\/#primaryimage\"},\"thumbnailUrl\":\"https:\\\/\\\/tupique.com\\\/wp-content\\\/uploads\\\/2026\\\/05\\\/V0103319_000_MKT-v_14.jpg\",\"datePublished\":\"2026-05-11T11:42:36+00:00\",\"dateModified\":\"2026-05-11T19:23:45+00:00\",\"description\":\"Envie d'acheter Appareil de Massage Oculaire Anti-\u00e2ge avec Phototh\u00e9rapie, Thermoth\u00e9rapie et Vibroth\u00e9rapie Therey InnovaGoods\u00a0? Achetez Appareil de Massage Oculaire Anti-\u00e2ge avec Phototh\u00e9rapie, Thermoth\u00e9rapie et Vibroth\u00e9rapie Therey InnovaGoods maintenant avec Tupique en 3 versements sans int\u00e9r\u00eat.\",\"breadcrumb\":{\"@id\":\"https:\\\/\\\/tupique.com\\\/pt\\\/product\\\/appareil-de-massage-oculaire-anti-age-avec-phototherapie-thermotherapie-et-vibrotherapie-therey-innovagoods\\\/#breadcrumb\"},\"inLanguage\":\"en-GB\",\"potentialAction\":[{\"@type\":\"ReadAction\",\"target\":[\"https:\\\/\\\/tupique.com\\\/pt\\\/product\\\/appareil-de-massage-oculaire-anti-age-avec-phototherapie-thermotherapie-et-vibrotherapie-therey-innovagoods\\\/\"]}]},{\"@type\":\"ImageObject\",\"inLanguage\":\"en-GB\",\"@id\":\"https:\\\/\\\/tupique.com\\\/pt\\\/product\\\/appareil-de-massage-oculaire-anti-age-avec-phototherapie-thermotherapie-et-vibrotherapie-therey-innovagoods\\\/#primaryimage\",\"url\":\"https:\\\/\\\/tupique.com\\\/wp-content\\\/uploads\\\/2026\\\/05\\\/V0103319_000_MKT-v_14.jpg\",\"contentUrl\":\"https:\\\/\\\/tupique.com\\\/wp-content\\\/uploads\\\/2026\\\/05\\\/V0103319_000_MKT-v_14.jpg\",\"width\":1200,\"height\":1200,\"caption\":\"V0103319_0\"},{\"@type\":\"BreadcrumbList\",\"@id\":\"https:\\\/\\\/tupique.com\\\/pt\\\/product\\\/appareil-de-massage-oculaire-anti-age-avec-phototherapie-thermotherapie-et-vibrotherapie-therey-innovagoods\\\/#breadcrumb\",\"itemListElement\":[{\"@type\":\"ListItem\",\"position\":1,\"name\":\"commencer\",\"item\":\"https:\\\/\\\/tupique.com\\\/\"},{\"@type\":\"ListItem\",\"position\":2,\"name\":\"Loja\",\"item\":\"https:\\\/\\\/tupique.com\\\/pt\\\/loja\\\/\"},{\"@type\":\"ListItem\",\"position\":3,\"name\":\"Appareil de Massage Oculaire Anti-\u00e2ge avec Phototh\u00e9rapie, Thermoth\u00e9rapie et Vibroth\u00e9rapie Therey InnovaGoods\"}]},{\"@type\":\"WebSite\",\"@id\":\"https:\\\/\\\/tupique.com\\\/#website\",\"url\":\"https:\\\/\\\/tupique.com\\\/\",\"name\":\"Tupique\",\"description\":\"\",\"publisher\":{\"@id\":\"https:\\\/\\\/tupique.com\\\/#organization\"},\"potentialAction\":[{\"@type\":\"SearchAction\",\"target\":{\"@type\":\"EntryPoint\",\"urlTemplate\":\"https:\\\/\\\/tupique.com\\\/?s={search_term_string}\"},\"query-input\":{\"@type\":\"PropertyValueSpecification\",\"valueRequired\":true,\"valueName\":\"search_term_string\"}}],\"inLanguage\":\"en-GB\"},{\"@type\":\"Organization\",\"@id\":\"https:\\\/\\\/tupique.com\\\/#organization\",\"name\":\"Tupique\",\"url\":\"https:\\\/\\\/tupique.com\\\/\",\"logo\":{\"@type\":\"ImageObject\",\"inLanguage\":\"en-GB\",\"@id\":\"https:\\\/\\\/tupique.com\\\/#\\\/schema\\\/logo\\\/image\\\/\",\"url\":\"https:\\\/\\\/tupique.com\\\/wp-content\\\/uploads\\\/2026\\\/03\\\/logo-tupique-1.webp\",\"contentUrl\":\"https:\\\/\\\/tupique.com\\\/wp-content\\\/uploads\\\/2026\\\/03\\\/logo-tupique-1.webp\",\"width\":500,\"height\":67,\"caption\":\"Tupique\"},\"image\":{\"@id\":\"https:\\\/\\\/tupique.com\\\/#\\\/schema\\\/logo\\\/image\\\/\"}}]}<\/script>\n<!-- \/ Yoast SEO plugin. -->","yoast_head_json":{"title":"Appareil de Massage Oculaire Anti-\u00e2ge avec Phototh\u00e9rapie, Thermoth\u00e9rapie et Vibroth\u00e9rapie Therey InnovaGoods | | Tupique","description":"Envie d'acheter Appareil de Massage Oculaire Anti-\u00e2ge avec Phototh\u00e9rapie, Thermoth\u00e9rapie et Vibroth\u00e9rapie Therey InnovaGoods\u00a0? Achetez Appareil de Massage Oculaire Anti-\u00e2ge avec Phototh\u00e9rapie, Thermoth\u00e9rapie et Vibroth\u00e9rapie Therey InnovaGoods maintenant avec Tupique en 3 versements sans int\u00e9r\u00eat.","robots":{"index":"index","follow":"follow","max-snippet":"max-snippet:-1","max-image-preview":"max-image-preview:large","max-video-preview":"max-video-preview:-1"},"canonical":"https:\/\/tupique.com\/en\/product\/appareil-de-massage-oculaire-anti-age-avec-phototherapie-thermotherapie-et-vibrotherapie-therey-innovagoods\/","og_locale":"en_GB","og_type":"article","og_title":"Appareil de Massage Oculaire Anti-\u00e2ge avec Phototh\u00e9rapie, Thermoth\u00e9rapie et Vibroth\u00e9rapie Therey InnovaGoods | | Tupique","og_description":"Envie d'acheter Appareil de Massage Oculaire Anti-\u00e2ge avec Phototh\u00e9rapie, Thermoth\u00e9rapie et Vibroth\u00e9rapie Therey InnovaGoods\u00a0? Achetez Appareil de Massage Oculaire Anti-\u00e2ge avec Phototh\u00e9rapie, Thermoth\u00e9rapie et Vibroth\u00e9rapie Therey InnovaGoods maintenant avec Tupique en 3 versements sans int\u00e9r\u00eat.","og_url":"https:\/\/tupique.com\/en\/product\/appareil-de-massage-oculaire-anti-age-avec-phototherapie-thermotherapie-et-vibrotherapie-therey-innovagoods\/","og_site_name":"Tupique","article_modified_time":"2026-05-11T19:23:45+00:00","og_image":[{"width":1200,"height":1200,"url":"https:\/\/tupique.com\/wp-content\/uploads\/2026\/05\/V0103319_000_MKT-v_14.jpg","type":"image\/jpeg"}],"twitter_card":"summary_large_image","twitter_misc":{"Est. reading time":"2 minutes"},"schema":{"@context":"https:\/\/schema.org","@graph":[{"@type":"WebPage","@id":"https:\/\/tupique.com\/pt\/product\/appareil-de-massage-oculaire-anti-age-avec-phototherapie-thermotherapie-et-vibrotherapie-therey-innovagoods\/","url":"https:\/\/tupique.com\/pt\/product\/appareil-de-massage-oculaire-anti-age-avec-phototherapie-thermotherapie-et-vibrotherapie-therey-innovagoods\/","name":"Appareil de Massage Oculaire Anti-\u00e2ge avec Phototh\u00e9rapie, Thermoth\u00e9rapie et Vibroth\u00e9rapie Therey InnovaGoods | | Tupique","isPartOf":{"@id":"https:\/\/tupique.com\/#website"},"primaryImageOfPage":{"@id":"https:\/\/tupique.com\/pt\/product\/appareil-de-massage-oculaire-anti-age-avec-phototherapie-thermotherapie-et-vibrotherapie-therey-innovagoods\/#primaryimage"},"image":{"@id":"https:\/\/tupique.com\/pt\/product\/appareil-de-massage-oculaire-anti-age-avec-phototherapie-thermotherapie-et-vibrotherapie-therey-innovagoods\/#primaryimage"},"thumbnailUrl":"https:\/\/tupique.com\/wp-content\/uploads\/2026\/05\/V0103319_000_MKT-v_14.jpg","datePublished":"2026-05-11T11:42:36+00:00","dateModified":"2026-05-11T19:23:45+00:00","description":"Envie d'acheter Appareil de Massage Oculaire Anti-\u00e2ge avec Phototh\u00e9rapie, Thermoth\u00e9rapie et Vibroth\u00e9rapie Therey InnovaGoods\u00a0? Achetez Appareil de Massage Oculaire Anti-\u00e2ge avec Phototh\u00e9rapie, Thermoth\u00e9rapie et Vibroth\u00e9rapie Therey InnovaGoods maintenant avec Tupique en 3 versements sans int\u00e9r\u00eat.","breadcrumb":{"@id":"https:\/\/tupique.com\/pt\/product\/appareil-de-massage-oculaire-anti-age-avec-phototherapie-thermotherapie-et-vibrotherapie-therey-innovagoods\/#breadcrumb"},"inLanguage":"en-GB","potentialAction":[{"@type":"ReadAction","target":["https:\/\/tupique.com\/pt\/product\/appareil-de-massage-oculaire-anti-age-avec-phototherapie-thermotherapie-et-vibrotherapie-therey-innovagoods\/"]}]},{"@type":"ImageObject","inLanguage":"en-GB","@id":"https:\/\/tupique.com\/pt\/product\/appareil-de-massage-oculaire-anti-age-avec-phototherapie-thermotherapie-et-vibrotherapie-therey-innovagoods\/#primaryimage","url":"https:\/\/tupique.com\/wp-content\/uploads\/2026\/05\/V0103319_000_MKT-v_14.jpg","contentUrl":"https:\/\/tupique.com\/wp-content\/uploads\/2026\/05\/V0103319_000_MKT-v_14.jpg","width":1200,"height":1200,"caption":"V0103319_0"},{"@type":"BreadcrumbList","@id":"https:\/\/tupique.com\/pt\/product\/appareil-de-massage-oculaire-anti-age-avec-phototherapie-thermotherapie-et-vibrotherapie-therey-innovagoods\/#breadcrumb","itemListElement":[{"@type":"ListItem","position":1,"name":"commencer","item":"https:\/\/tupique.com\/"},{"@type":"ListItem","position":2,"name":"Loja","item":"https:\/\/tupique.com\/pt\/loja\/"},{"@type":"ListItem","position":3,"name":"Appareil de Massage Oculaire Anti-\u00e2ge avec Phototh\u00e9rapie, Thermoth\u00e9rapie et Vibroth\u00e9rapie Therey InnovaGoods"}]},{"@type":"WebSite","@id":"https:\/\/tupique.com\/#website","url":"https:\/\/tupique.com\/","name":"Tupique","description":"","publisher":{"@id":"https:\/\/tupique.com\/#organization"},"potentialAction":[{"@type":"SearchAction","target":{"@type":"EntryPoint","urlTemplate":"https:\/\/tupique.com\/?s={search_term_string}"},"query-input":{"@type":"PropertyValueSpecification","valueRequired":true,"valueName":"search_term_string"}}],"inLanguage":"en-GB"},{"@type":"Organization","@id":"https:\/\/tupique.com\/#organization","name":"Tupique","url":"https:\/\/tupique.com\/","logo":{"@type":"ImageObject","inLanguage":"en-GB","@id":"https:\/\/tupique.com\/#\/schema\/logo\/image\/","url":"https:\/\/tupique.com\/wp-content\/uploads\/2026\/03\/logo-tupique-1.webp","contentUrl":"https:\/\/tupique.com\/wp-content\/uploads\/2026\/03\/logo-tupique-1.webp","width":500,"height":67,"caption":"Tupique"},"image":{"@id":"https:\/\/tupique.com\/#\/schema\/logo\/image\/"}}]}},"_links":{"self":[{"href":"https:\/\/tupique.com\/en\/wp-json\/wp\/v2\/product\/181115","targetHints":{"allow":["GET"]}}],"collection":[{"href":"https:\/\/tupique.com\/en\/wp-json\/wp\/v2\/product"}],"about":[{"href":"https:\/\/tupique.com\/en\/wp-json\/wp\/v2\/types\/product"}],"replies":[{"embeddable":true,"href":"https:\/\/tupique.com\/en\/wp-json\/wp\/v2\/comments?post=181115"}],"wp:featuredmedia":[{"embeddable":true,"href":"https:\/\/tupique.com\/en\/wp-json\/wp\/v2\/media\/181103"}],"wp:attachment":[{"href":"https:\/\/tupique.com\/en\/wp-json\/wp\/v2\/media?parent=181115"}],"wp:term":[{"taxonomy":"product_brand","embeddable":true,"href":"https:\/\/tupique.com\/en\/wp-json\/wp\/v2\/product_brand?post=181115"},{"taxonomy":"product_cat","embeddable":true,"href":"https:\/\/tupique.com\/en\/wp-json\/wp\/v2\/product_cat?post=181115"},{"taxonomy":"product_tag","embeddable":true,"href":"https:\/\/tupique.com\/en\/wp-json\/wp\/v2\/product_tag?post=181115"},{"taxonomy":"woo-feed-brand","embeddable":true,"href":"https:\/\/tupique.com\/en\/wp-json\/wp\/v2\/woo-feed-brand?post=181115"}],"curies":[{"name":"wp","href":"https:\/\/api.w.org\/{rel}","templated":true}]}}