{"id":181127,"date":"2026-05-11T13:42:56","date_gmt":"2026-05-11T11:42:56","guid":{"rendered":"https:\/\/tupique.com\/product\/oreiller-modulable-multifonction-rollow-innovagoods\/"},"modified":"2026-05-11T21:23:45","modified_gmt":"2026-05-11T19:23:45","slug":"oreiller-modulable-multifonction-rollow-innovagoods","status":"publish","type":"product","link":"https:\/\/tupique.com\/en\/product\/oreiller-modulable-multifonction-rollow-innovagoods\/","title":{"rendered":"Oreiller Modulable Multifonction Rollow InnovaGoods"},"content":{"rendered":"<div class=\"col-md-6\"><b>InnovaGoods<\/b> vous facilite la t\u00e2che pour que votre soin personnel soit une priorit\u00e9 sans excuses. Il vous propose les meilleures nouveaut\u00e9s en mati\u00e8re de beaut\u00e9, de d\u00e9tente et de bien-\u00eatre! <b>Oreiller Modulable Multifonction Rollow InnovaGoods Wellness Relax<\/b> en est un bon exemple! D\u00e9couvrez une vaste gamme de produits de qualit\u00e9 qui se d\u00e9marquent de par leur fonctionnalit\u00e9, leur efficacit\u00e9 et leur design innovant.<\/p>\n<p>Oreiller Modulable Multifonction et polyvalent. Sa forme originale s\u00b4adapte facilement \u00e0 toutes les positions (couch\u00e9, assis, inclin\u00e9, etc.) selon vos besoins et pr\u00e9ferences. Id\u00e9al pour une multitude d\u00b4occasions comme \u00e0 la maison, au bureau, en voiture, sur le canap\u00e9, chaise, lit, au sol&#8230;) et pour diverses activit\u00e9es comme t\u00e9l\u00e9travailler, voyager, lecture, repos, dormir etc. Cet oreiller original et ergonomique avec sa conception tubulaire il est compos\u00e9 de 5 modules ann\u00e9x\u00e9s et indivisibles qui se plient et se d\u00e9plient facilement selon vos besoins du moment. En plus, il est tr\u00e8s pratique et confortable, il vous procurera repos et d\u00e9tente, il est tr\u00e8s doux et l\u00e9ger avec son touch\u00e9 de velours. Gr\u00e2ce \u00e0 sa structure, il aide \u00e0 aligner le dos, le cou, et la r\u00e9gion lombaire. Tr\u00e8s pratique car il vous \u00e9vite d\u00b4avoir \u00e0 utiliser plusieurs oreillers. Il est \u00e0 noter qu\u00b4il ne se d\u00e9forme pas et il s\u00b4ajuste facilement \u00e0 toutes les positions du corps. Lavage \u00e0 main.<\/p>\n<ul>\n<li>Mat\u00e9riel:\n<ul>\n<li>Coton\/PP<\/li>\n<li>Polyester<\/li>\n<\/ul>\n<\/li>\n<li>Couleur: Gris<\/li>\n<li>Design: Ergonomique<\/li>\n<li>Type:\n<ul>\n<li>Tubulaire<\/li>\n<li>Modulaire<\/li>\n<li>Multifonction<\/li>\n<\/ul>\n<\/li>\n<li>Nombre de modules: 5<\/li>\n<li>Multiposition: Pliable<\/li>\n<li>Polyvalent: Polyvalent et adaptable<\/li>\n<li>Doux, agr\u00e9able au toucher: Velout\u00e9<\/li>\n<li>Confort et commodit\u00e9: Repos et relaxation<\/li>\n<li>Anti-d\u00e9formations: R\u00e9sistante et durable<\/li>\n<li>L\u00e9ger et maniable: Facile \u00e0 plier et \u00e0 d\u00e9plier<\/li>\n<li>Plusieurs fonctionnalit\u00e9s et espaces: Id\u00e9al pour le bureau, la maison, le t\u00e9l\u00e9travail, la voiture, etc.<\/li>\n<li>Facile \u00e0 nettoyer: Laver \u00e0 la main<\/li>\n<li>Dimensions approx.: 40 x 60 x 8,5 cm<\/li>\n<li>Packaging en 24 langues: anglais, fran\u00e7ais, espagnol, allemand, italien, portugais, n\u00e9erlandais, polonais, hongrois, roumain, danois, su\u00e9dois, finnois, lituanien, norv\u00e9gien, slov\u00e8ne, grec, tch\u00e8que, bulgare, croate, slovaque, estonien, russe, letton<\/li>\n<\/ul>\n<p>Packaging en 24 langues: anglais, fran\u00e7ais, espagnol, allemand, italien, portugais, n\u00e9erlandais, polonais, hongrois, roumain, danois, su\u00e9dois, finnois, lituanien, norv\u00e9gien, slov\u00e8ne, grec, tch\u00e8que, bulgare, croate, slovaque, estonien, russe, letton.<\/p><\/div>\n<div class=\"col-md-6\">\n<div class=\"embed-responsive embed-responsive-16by9\"><iframe class=\"embed-responsive-item\" src=\"https:\/\/www.youtube.com\/embed\/STGcE1m3Cts\" frameborder=\"0\" allowfullscreen><\/iframe><\/div>\n<\/div>","protected":false},"excerpt":{"rendered":"<p>InnovaGoods vous facilite la t\u00e2che pour que votre soin personnel soit une priorit\u00e9 sans excuses. Il vous propose les meilleures nouveaut\u00e9s en mati\u00e8re de beaut\u00e9, de d\u00e9tente et de bien-\u00eatre! Oreiller Modulable Multifonction Rollow InnovaGoods Wellness Relax en est un bon exemple! D\u00e9couvrez une vaste gamme de produits de qualit\u00e9 qui se d\u00e9marquent de par [&hellip;]<\/p>\n","protected":false},"featured_media":181116,"comment_status":"open","ping_status":"closed","template":"","meta":[],"product_brand":[256],"product_cat":[63,64,1825,1861,776,1797,239,1860,784,752,1796],"product_tag":[213,106],"class_list":{"0":"post-181127","1":"product","2":"type-product","3":"status-publish","4":"has-post-thumbnail","6":"product_brand-brandp_1281","7":"product_cat-cadeaux-originaux","8":"product_cat-cadeaux-pour-la-maison","9":"product_cat-cadeaux-pour-soins-personnels","10":"product_cat-coussins-et-oreillers","11":"product_cat-detente-et-bien-etre","12":"product_cat-idees-pour-la-maison","13":"product_cat-maison-jardin","14":"product_cat-oreillers","15":"product_cat-repos","16":"product_cat-sante-beaute","17":"product_cat-teleachat-vu-a-la-television","18":"product_tag-tag_933","19":"product_tag-tag_1295","21":"first","22":"instock","23":"taxable","24":"shipping-taxable","25":"purchasable","26":"product-type-simple"},"yoast_head":"<!-- This site is optimized with the Yoast SEO plugin v27.5 - https:\/\/yoast.com\/product\/yoast-seo-wordpress\/ -->\n<title>Oreiller Modulable Multifonction Rollow InnovaGoods - Tupique<\/title>\n<meta name=\"robots\" content=\"index, follow, max-snippet:-1, max-image-preview:large, max-video-preview:-1\" \/>\n<link rel=\"canonical\" href=\"https:\/\/tupique.com\/en\/product\/oreiller-modulable-multifonction-rollow-innovagoods\/\" \/>\n<meta property=\"og:locale\" content=\"en_GB\" \/>\n<meta property=\"og:type\" content=\"article\" \/>\n<meta property=\"og:title\" content=\"Oreiller Modulable Multifonction Rollow InnovaGoods - Tupique\" \/>\n<meta property=\"og:description\" content=\"InnovaGoods vous facilite la t\u00e2che pour que votre soin personnel soit une priorit\u00e9 sans excuses. Il vous propose les meilleures nouveaut\u00e9s en mati\u00e8re de beaut\u00e9, de d\u00e9tente et de bien-\u00eatre! Oreiller Modulable Multifonction Rollow InnovaGoods Wellness Relax en est un bon exemple! D\u00e9couvrez une vaste gamme de produits de qualit\u00e9 qui se d\u00e9marquent de par [&hellip;]\" \/>\n<meta property=\"og:url\" content=\"https:\/\/tupique.com\/en\/product\/oreiller-modulable-multifonction-rollow-innovagoods\/\" \/>\n<meta property=\"og:site_name\" content=\"Tupique\" \/>\n<meta property=\"article:modified_time\" content=\"2026-05-11T19:23:45+00:00\" \/>\n<meta name=\"twitter:card\" content=\"summary_large_image\" \/>\n<meta name=\"twitter:label1\" content=\"Est. reading time\" \/>\n\t<meta name=\"twitter:data1\" content=\"2 minutes\" \/>\n<script type=\"application\/ld+json\" class=\"yoast-schema-graph\">{\"@context\":\"https:\\\/\\\/schema.org\",\"@graph\":[{\"@type\":\"WebPage\",\"@id\":\"https:\\\/\\\/tupique.com\\\/product\\\/oreiller-modulable-multifonction-rollow-innovagoods\\\/\",\"url\":\"https:\\\/\\\/tupique.com\\\/product\\\/oreiller-modulable-multifonction-rollow-innovagoods\\\/\",\"name\":\"Oreiller Modulable Multifonction Rollow InnovaGoods - Tupique\",\"isPartOf\":{\"@id\":\"https:\\\/\\\/tupique.com\\\/#website\"},\"primaryImageOfPage\":{\"@id\":\"https:\\\/\\\/tupique.com\\\/product\\\/oreiller-modulable-multifonction-rollow-innovagoods\\\/#primaryimage\"},\"image\":{\"@id\":\"https:\\\/\\\/tupique.com\\\/product\\\/oreiller-modulable-multifonction-rollow-innovagoods\\\/#primaryimage\"},\"thumbnailUrl\":\"https:\\\/\\\/tupique.com\\\/wp-content\\\/uploads\\\/2026\\\/05\\\/V0103310_000_MKT3.jpg\",\"datePublished\":\"2026-05-11T11:42:56+00:00\",\"dateModified\":\"2026-05-11T19:23:45+00:00\",\"breadcrumb\":{\"@id\":\"https:\\\/\\\/tupique.com\\\/product\\\/oreiller-modulable-multifonction-rollow-innovagoods\\\/#breadcrumb\"},\"inLanguage\":\"en-GB\",\"potentialAction\":[{\"@type\":\"ReadAction\",\"target\":[\"https:\\\/\\\/tupique.com\\\/product\\\/oreiller-modulable-multifonction-rollow-innovagoods\\\/\"]}]},{\"@type\":\"ImageObject\",\"inLanguage\":\"en-GB\",\"@id\":\"https:\\\/\\\/tupique.com\\\/product\\\/oreiller-modulable-multifonction-rollow-innovagoods\\\/#primaryimage\",\"url\":\"https:\\\/\\\/tupique.com\\\/wp-content\\\/uploads\\\/2026\\\/05\\\/V0103310_000_MKT3.jpg\",\"contentUrl\":\"https:\\\/\\\/tupique.com\\\/wp-content\\\/uploads\\\/2026\\\/05\\\/V0103310_000_MKT3.jpg\",\"width\":1200,\"height\":1200,\"caption\":\"V0103310_0\"},{\"@type\":\"BreadcrumbList\",\"@id\":\"https:\\\/\\\/tupique.com\\\/product\\\/oreiller-modulable-multifonction-rollow-innovagoods\\\/#breadcrumb\",\"itemListElement\":[{\"@type\":\"ListItem\",\"position\":1,\"name\":\"commencer\",\"item\":\"https:\\\/\\\/tupique.com\\\/\"},{\"@type\":\"ListItem\",\"position\":2,\"name\":\"Loja\",\"item\":\"https:\\\/\\\/tupique.com\\\/loja\\\/\"},{\"@type\":\"ListItem\",\"position\":3,\"name\":\"Oreiller Modulable Multifonction Rollow InnovaGoods\"}]},{\"@type\":\"WebSite\",\"@id\":\"https:\\\/\\\/tupique.com\\\/#website\",\"url\":\"https:\\\/\\\/tupique.com\\\/\",\"name\":\"Tupique\",\"description\":\"\",\"publisher\":{\"@id\":\"https:\\\/\\\/tupique.com\\\/#organization\"},\"potentialAction\":[{\"@type\":\"SearchAction\",\"target\":{\"@type\":\"EntryPoint\",\"urlTemplate\":\"https:\\\/\\\/tupique.com\\\/?s={search_term_string}\"},\"query-input\":{\"@type\":\"PropertyValueSpecification\",\"valueRequired\":true,\"valueName\":\"search_term_string\"}}],\"inLanguage\":\"en-GB\"},{\"@type\":\"Organization\",\"@id\":\"https:\\\/\\\/tupique.com\\\/#organization\",\"name\":\"Tupique\",\"url\":\"https:\\\/\\\/tupique.com\\\/\",\"logo\":{\"@type\":\"ImageObject\",\"inLanguage\":\"en-GB\",\"@id\":\"https:\\\/\\\/tupique.com\\\/#\\\/schema\\\/logo\\\/image\\\/\",\"url\":\"https:\\\/\\\/tupique.com\\\/wp-content\\\/uploads\\\/2026\\\/03\\\/logo-tupique-1.webp\",\"contentUrl\":\"https:\\\/\\\/tupique.com\\\/wp-content\\\/uploads\\\/2026\\\/03\\\/logo-tupique-1.webp\",\"width\":500,\"height\":67,\"caption\":\"Tupique\"},\"image\":{\"@id\":\"https:\\\/\\\/tupique.com\\\/#\\\/schema\\\/logo\\\/image\\\/\"}}]}<\/script>\n<!-- \/ Yoast SEO plugin. -->","yoast_head_json":{"title":"Oreiller Modulable Multifonction Rollow InnovaGoods - Tupique","robots":{"index":"index","follow":"follow","max-snippet":"max-snippet:-1","max-image-preview":"max-image-preview:large","max-video-preview":"max-video-preview:-1"},"canonical":"https:\/\/tupique.com\/en\/product\/oreiller-modulable-multifonction-rollow-innovagoods\/","og_locale":"en_GB","og_type":"article","og_title":"Oreiller Modulable Multifonction Rollow InnovaGoods - Tupique","og_description":"InnovaGoods vous facilite la t\u00e2che pour que votre soin personnel soit une priorit\u00e9 sans excuses. Il vous propose les meilleures nouveaut\u00e9s en mati\u00e8re de beaut\u00e9, de d\u00e9tente et de bien-\u00eatre! Oreiller Modulable Multifonction Rollow InnovaGoods Wellness Relax en est un bon exemple! D\u00e9couvrez une vaste gamme de produits de qualit\u00e9 qui se d\u00e9marquent de par [&hellip;]","og_url":"https:\/\/tupique.com\/en\/product\/oreiller-modulable-multifonction-rollow-innovagoods\/","og_site_name":"Tupique","article_modified_time":"2026-05-11T19:23:45+00:00","twitter_card":"summary_large_image","twitter_misc":{"Est. reading time":"2 minutes"},"schema":{"@context":"https:\/\/schema.org","@graph":[{"@type":"WebPage","@id":"https:\/\/tupique.com\/product\/oreiller-modulable-multifonction-rollow-innovagoods\/","url":"https:\/\/tupique.com\/product\/oreiller-modulable-multifonction-rollow-innovagoods\/","name":"Oreiller Modulable Multifonction Rollow InnovaGoods - Tupique","isPartOf":{"@id":"https:\/\/tupique.com\/#website"},"primaryImageOfPage":{"@id":"https:\/\/tupique.com\/product\/oreiller-modulable-multifonction-rollow-innovagoods\/#primaryimage"},"image":{"@id":"https:\/\/tupique.com\/product\/oreiller-modulable-multifonction-rollow-innovagoods\/#primaryimage"},"thumbnailUrl":"https:\/\/tupique.com\/wp-content\/uploads\/2026\/05\/V0103310_000_MKT3.jpg","datePublished":"2026-05-11T11:42:56+00:00","dateModified":"2026-05-11T19:23:45+00:00","breadcrumb":{"@id":"https:\/\/tupique.com\/product\/oreiller-modulable-multifonction-rollow-innovagoods\/#breadcrumb"},"inLanguage":"en-GB","potentialAction":[{"@type":"ReadAction","target":["https:\/\/tupique.com\/product\/oreiller-modulable-multifonction-rollow-innovagoods\/"]}]},{"@type":"ImageObject","inLanguage":"en-GB","@id":"https:\/\/tupique.com\/product\/oreiller-modulable-multifonction-rollow-innovagoods\/#primaryimage","url":"https:\/\/tupique.com\/wp-content\/uploads\/2026\/05\/V0103310_000_MKT3.jpg","contentUrl":"https:\/\/tupique.com\/wp-content\/uploads\/2026\/05\/V0103310_000_MKT3.jpg","width":1200,"height":1200,"caption":"V0103310_0"},{"@type":"BreadcrumbList","@id":"https:\/\/tupique.com\/product\/oreiller-modulable-multifonction-rollow-innovagoods\/#breadcrumb","itemListElement":[{"@type":"ListItem","position":1,"name":"commencer","item":"https:\/\/tupique.com\/"},{"@type":"ListItem","position":2,"name":"Loja","item":"https:\/\/tupique.com\/loja\/"},{"@type":"ListItem","position":3,"name":"Oreiller Modulable Multifonction Rollow InnovaGoods"}]},{"@type":"WebSite","@id":"https:\/\/tupique.com\/#website","url":"https:\/\/tupique.com\/","name":"Tupique","description":"","publisher":{"@id":"https:\/\/tupique.com\/#organization"},"potentialAction":[{"@type":"SearchAction","target":{"@type":"EntryPoint","urlTemplate":"https:\/\/tupique.com\/?s={search_term_string}"},"query-input":{"@type":"PropertyValueSpecification","valueRequired":true,"valueName":"search_term_string"}}],"inLanguage":"en-GB"},{"@type":"Organization","@id":"https:\/\/tupique.com\/#organization","name":"Tupique","url":"https:\/\/tupique.com\/","logo":{"@type":"ImageObject","inLanguage":"en-GB","@id":"https:\/\/tupique.com\/#\/schema\/logo\/image\/","url":"https:\/\/tupique.com\/wp-content\/uploads\/2026\/03\/logo-tupique-1.webp","contentUrl":"https:\/\/tupique.com\/wp-content\/uploads\/2026\/03\/logo-tupique-1.webp","width":500,"height":67,"caption":"Tupique"},"image":{"@id":"https:\/\/tupique.com\/#\/schema\/logo\/image\/"}}]}},"_links":{"self":[{"href":"https:\/\/tupique.com\/en\/wp-json\/wp\/v2\/product\/181127","targetHints":{"allow":["GET"]}}],"collection":[{"href":"https:\/\/tupique.com\/en\/wp-json\/wp\/v2\/product"}],"about":[{"href":"https:\/\/tupique.com\/en\/wp-json\/wp\/v2\/types\/product"}],"replies":[{"embeddable":true,"href":"https:\/\/tupique.com\/en\/wp-json\/wp\/v2\/comments?post=181127"}],"wp:featuredmedia":[{"embeddable":true,"href":"https:\/\/tupique.com\/en\/wp-json\/wp\/v2\/media\/181116"}],"wp:attachment":[{"href":"https:\/\/tupique.com\/en\/wp-json\/wp\/v2\/media?parent=181127"}],"wp:term":[{"taxonomy":"product_brand","embeddable":true,"href":"https:\/\/tupique.com\/en\/wp-json\/wp\/v2\/product_brand?post=181127"},{"taxonomy":"product_cat","embeddable":true,"href":"https:\/\/tupique.com\/en\/wp-json\/wp\/v2\/product_cat?post=181127"},{"taxonomy":"product_tag","embeddable":true,"href":"https:\/\/tupique.com\/en\/wp-json\/wp\/v2\/product_tag?post=181127"}],"curies":[{"name":"wp","href":"https:\/\/api.w.org\/{rel}","templated":true}]}}