{"id":181355,"date":"2026-05-11T14:00:55","date_gmt":"2026-05-11T12:00:55","guid":{"rendered":"https:\/\/tupique.com\/product\/decorations-de-noel-dkd-home-decor-polyester-bois-2-pcs-9-x-6-x-39-cm\/"},"modified":"2026-05-11T21:17:47","modified_gmt":"2026-05-11T19:17:47","slug":"decorations-de-noel-dkd-home-decor-polyester-bois-2-pcs-9-x-6-x-39-cm","status":"publish","type":"product","link":"https:\/\/tupique.com\/en\/product\/decorations-de-noel-dkd-home-decor-polyester-bois-2-pcs-9-x-6-x-39-cm\/","title":{"rendered":"D\u00e9corations de No\u00ebl DKD Home Decor Polyester Bois (2 pcs) (9 x 6 x 39 cm)"},"content":{"rendered":"<p>Vous voulez donner une touche d&#8217;originalit\u00e9 \u00e0 votre maison ? Vous y arriverez gr\u00e2ce au <b>D\u00e9corations de No\u00ebl DKD Home Decor Polyester Bois (2 pcs) (9 x 6 x 39 cm)<\/b>.<\/p>\n<ul>\n<li>Couleur:\n<ul>\n<li>Blanc<\/li>\n<li>Rouge<\/li>\n<\/ul>\n<\/li>\n<li>Mat\u00e9riel:\n<ul>\n<li>Polyester<\/li>\n<li>Bois<\/li>\n<\/ul>\n<\/li>\n<li>Style: No\u00ebl<\/li>\n<li>Pi\u00e8ces: 2 pcs<\/li>\n<li>Dimensions approx.: 9 x 6 x 39 cm<\/li>\n<li>Design: Renne<\/li>\n<li>Informations importantes: Dessins assortis envoy\u00e9s al\u00e9atoirement selon le stock disponible<\/li>\n<\/ul>\n<p>Informations importantes: Dessins assortis envoy\u00e9s al\u00e9atoirement selon le stock disponible.<\/p>","protected":false},"excerpt":{"rendered":"<p><span class=\"unit-info\">7.9950 &euro; \/ 1 unit<\/span><\/p>","protected":false},"featured_media":181352,"comment_status":"open","ping_status":"closed","template":"","meta":[],"product_brand":[263],"product_cat":[1703,1430,239],"product_tag":[215],"class_list":{"0":"post-181355","1":"product","2":"type-product","3":"status-publish","4":"has-post-thumbnail","6":"product_brand-brandp_3770","7":"product_cat-decoration-de-noel","8":"product_cat-decoration-et-eclairage","9":"product_cat-maison-jardin","10":"product_tag-tag_427","12":"first","13":"instock","14":"taxable","15":"shipping-taxable","16":"purchasable","17":"product-type-simple"},"yoast_head":"<!-- This site is optimized with the Yoast SEO plugin v27.5 - https:\/\/yoast.com\/product\/yoast-seo-wordpress\/ -->\n<title>D\u00e9corations de No\u00ebl DKD Home Decor Polyester Bois (2 pcs) (9 x 6 x 39 cm) - Tupique<\/title>\n<meta name=\"robots\" content=\"index, follow, max-snippet:-1, max-image-preview:large, max-video-preview:-1\" \/>\n<link rel=\"canonical\" href=\"https:\/\/tupique.com\/en\/product\/decorations-de-noel-dkd-home-decor-polyester-bois-2-pcs-9-x-6-x-39-cm\/\" \/>\n<meta property=\"og:locale\" content=\"en_GB\" \/>\n<meta property=\"og:type\" content=\"article\" \/>\n<meta property=\"og:title\" content=\"D\u00e9corations de No\u00ebl DKD Home Decor Polyester Bois (2 pcs) (9 x 6 x 39 cm) - Tupique\" \/>\n<meta property=\"og:description\" content=\"7.9950 &euro; \/ 1 unit\" \/>\n<meta property=\"og:url\" content=\"https:\/\/tupique.com\/en\/product\/decorations-de-noel-dkd-home-decor-polyester-bois-2-pcs-9-x-6-x-39-cm\/\" \/>\n<meta property=\"og:site_name\" content=\"Tupique\" \/>\n<meta property=\"article:modified_time\" content=\"2026-05-11T19:17:47+00:00\" \/>\n<meta name=\"twitter:card\" content=\"summary_large_image\" \/>\n<script type=\"application\/ld+json\" class=\"yoast-schema-graph\">{\"@context\":\"https:\\\/\\\/schema.org\",\"@graph\":[{\"@type\":\"WebPage\",\"@id\":\"https:\\\/\\\/tupique.com\\\/product\\\/decorations-de-noel-dkd-home-decor-polyester-bois-2-pcs-9-x-6-x-39-cm\\\/\",\"url\":\"https:\\\/\\\/tupique.com\\\/product\\\/decorations-de-noel-dkd-home-decor-polyester-bois-2-pcs-9-x-6-x-39-cm\\\/\",\"name\":\"D\u00e9corations de No\u00ebl DKD Home Decor Polyester Bois (2 pcs) (9 x 6 x 39 cm) - Tupique\",\"isPartOf\":{\"@id\":\"https:\\\/\\\/tupique.com\\\/#website\"},\"primaryImageOfPage\":{\"@id\":\"https:\\\/\\\/tupique.com\\\/product\\\/decorations-de-noel-dkd-home-decor-polyester-bois-2-pcs-9-x-6-x-39-cm\\\/#primaryimage\"},\"image\":{\"@id\":\"https:\\\/\\\/tupique.com\\\/product\\\/decorations-de-noel-dkd-home-decor-polyester-bois-2-pcs-9-x-6-x-39-cm\\\/#primaryimage\"},\"thumbnailUrl\":\"https:\\\/\\\/tupique.com\\\/wp-content\\\/uploads\\\/2026\\\/05\\\/8424001842087_S3025172_P22.jpg\",\"datePublished\":\"2026-05-11T12:00:55+00:00\",\"dateModified\":\"2026-05-11T19:17:47+00:00\",\"breadcrumb\":{\"@id\":\"https:\\\/\\\/tupique.com\\\/product\\\/decorations-de-noel-dkd-home-decor-polyester-bois-2-pcs-9-x-6-x-39-cm\\\/#breadcrumb\"},\"inLanguage\":\"en-GB\",\"potentialAction\":[{\"@type\":\"ReadAction\",\"target\":[\"https:\\\/\\\/tupique.com\\\/product\\\/decorations-de-noel-dkd-home-decor-polyester-bois-2-pcs-9-x-6-x-39-cm\\\/\"]}]},{\"@type\":\"ImageObject\",\"inLanguage\":\"en-GB\",\"@id\":\"https:\\\/\\\/tupique.com\\\/product\\\/decorations-de-noel-dkd-home-decor-polyester-bois-2-pcs-9-x-6-x-39-cm\\\/#primaryimage\",\"url\":\"https:\\\/\\\/tupique.com\\\/wp-content\\\/uploads\\\/2026\\\/05\\\/8424001842087_S3025172_P22.jpg\",\"contentUrl\":\"https:\\\/\\\/tupique.com\\\/wp-content\\\/uploads\\\/2026\\\/05\\\/8424001842087_S3025172_P22.jpg\",\"width\":1200,\"height\":1200,\"caption\":\"S3025172_0\"},{\"@type\":\"BreadcrumbList\",\"@id\":\"https:\\\/\\\/tupique.com\\\/product\\\/decorations-de-noel-dkd-home-decor-polyester-bois-2-pcs-9-x-6-x-39-cm\\\/#breadcrumb\",\"itemListElement\":[{\"@type\":\"ListItem\",\"position\":1,\"name\":\"commencer\",\"item\":\"https:\\\/\\\/tupique.com\\\/\"},{\"@type\":\"ListItem\",\"position\":2,\"name\":\"Loja\",\"item\":\"https:\\\/\\\/tupique.com\\\/loja\\\/\"},{\"@type\":\"ListItem\",\"position\":3,\"name\":\"D\u00e9corations de No\u00ebl DKD Home Decor Polyester Bois (2 pcs) (9 x 6 x 39 cm)\"}]},{\"@type\":\"WebSite\",\"@id\":\"https:\\\/\\\/tupique.com\\\/#website\",\"url\":\"https:\\\/\\\/tupique.com\\\/\",\"name\":\"Tupique\",\"description\":\"\",\"publisher\":{\"@id\":\"https:\\\/\\\/tupique.com\\\/#organization\"},\"potentialAction\":[{\"@type\":\"SearchAction\",\"target\":{\"@type\":\"EntryPoint\",\"urlTemplate\":\"https:\\\/\\\/tupique.com\\\/?s={search_term_string}\"},\"query-input\":{\"@type\":\"PropertyValueSpecification\",\"valueRequired\":true,\"valueName\":\"search_term_string\"}}],\"inLanguage\":\"en-GB\"},{\"@type\":\"Organization\",\"@id\":\"https:\\\/\\\/tupique.com\\\/#organization\",\"name\":\"Tupique\",\"url\":\"https:\\\/\\\/tupique.com\\\/\",\"logo\":{\"@type\":\"ImageObject\",\"inLanguage\":\"en-GB\",\"@id\":\"https:\\\/\\\/tupique.com\\\/#\\\/schema\\\/logo\\\/image\\\/\",\"url\":\"https:\\\/\\\/tupique.com\\\/wp-content\\\/uploads\\\/2026\\\/03\\\/logo-tupique-1.webp\",\"contentUrl\":\"https:\\\/\\\/tupique.com\\\/wp-content\\\/uploads\\\/2026\\\/03\\\/logo-tupique-1.webp\",\"width\":500,\"height\":67,\"caption\":\"Tupique\"},\"image\":{\"@id\":\"https:\\\/\\\/tupique.com\\\/#\\\/schema\\\/logo\\\/image\\\/\"}}]}<\/script>\n<!-- \/ Yoast SEO plugin. -->","yoast_head_json":{"title":"D\u00e9corations de No\u00ebl DKD Home Decor Polyester Bois (2 pcs) (9 x 6 x 39 cm) - Tupique","robots":{"index":"index","follow":"follow","max-snippet":"max-snippet:-1","max-image-preview":"max-image-preview:large","max-video-preview":"max-video-preview:-1"},"canonical":"https:\/\/tupique.com\/en\/product\/decorations-de-noel-dkd-home-decor-polyester-bois-2-pcs-9-x-6-x-39-cm\/","og_locale":"en_GB","og_type":"article","og_title":"D\u00e9corations de No\u00ebl DKD Home Decor Polyester Bois (2 pcs) (9 x 6 x 39 cm) - Tupique","og_description":"7.9950 &euro; \/ 1 unit","og_url":"https:\/\/tupique.com\/en\/product\/decorations-de-noel-dkd-home-decor-polyester-bois-2-pcs-9-x-6-x-39-cm\/","og_site_name":"Tupique","article_modified_time":"2026-05-11T19:17:47+00:00","twitter_card":"summary_large_image","schema":{"@context":"https:\/\/schema.org","@graph":[{"@type":"WebPage","@id":"https:\/\/tupique.com\/product\/decorations-de-noel-dkd-home-decor-polyester-bois-2-pcs-9-x-6-x-39-cm\/","url":"https:\/\/tupique.com\/product\/decorations-de-noel-dkd-home-decor-polyester-bois-2-pcs-9-x-6-x-39-cm\/","name":"D\u00e9corations de No\u00ebl DKD Home Decor Polyester Bois (2 pcs) (9 x 6 x 39 cm) - Tupique","isPartOf":{"@id":"https:\/\/tupique.com\/#website"},"primaryImageOfPage":{"@id":"https:\/\/tupique.com\/product\/decorations-de-noel-dkd-home-decor-polyester-bois-2-pcs-9-x-6-x-39-cm\/#primaryimage"},"image":{"@id":"https:\/\/tupique.com\/product\/decorations-de-noel-dkd-home-decor-polyester-bois-2-pcs-9-x-6-x-39-cm\/#primaryimage"},"thumbnailUrl":"https:\/\/tupique.com\/wp-content\/uploads\/2026\/05\/8424001842087_S3025172_P22.jpg","datePublished":"2026-05-11T12:00:55+00:00","dateModified":"2026-05-11T19:17:47+00:00","breadcrumb":{"@id":"https:\/\/tupique.com\/product\/decorations-de-noel-dkd-home-decor-polyester-bois-2-pcs-9-x-6-x-39-cm\/#breadcrumb"},"inLanguage":"en-GB","potentialAction":[{"@type":"ReadAction","target":["https:\/\/tupique.com\/product\/decorations-de-noel-dkd-home-decor-polyester-bois-2-pcs-9-x-6-x-39-cm\/"]}]},{"@type":"ImageObject","inLanguage":"en-GB","@id":"https:\/\/tupique.com\/product\/decorations-de-noel-dkd-home-decor-polyester-bois-2-pcs-9-x-6-x-39-cm\/#primaryimage","url":"https:\/\/tupique.com\/wp-content\/uploads\/2026\/05\/8424001842087_S3025172_P22.jpg","contentUrl":"https:\/\/tupique.com\/wp-content\/uploads\/2026\/05\/8424001842087_S3025172_P22.jpg","width":1200,"height":1200,"caption":"S3025172_0"},{"@type":"BreadcrumbList","@id":"https:\/\/tupique.com\/product\/decorations-de-noel-dkd-home-decor-polyester-bois-2-pcs-9-x-6-x-39-cm\/#breadcrumb","itemListElement":[{"@type":"ListItem","position":1,"name":"commencer","item":"https:\/\/tupique.com\/"},{"@type":"ListItem","position":2,"name":"Loja","item":"https:\/\/tupique.com\/loja\/"},{"@type":"ListItem","position":3,"name":"D\u00e9corations de No\u00ebl DKD Home Decor Polyester Bois (2 pcs) (9 x 6 x 39 cm)"}]},{"@type":"WebSite","@id":"https:\/\/tupique.com\/#website","url":"https:\/\/tupique.com\/","name":"Tupique","description":"","publisher":{"@id":"https:\/\/tupique.com\/#organization"},"potentialAction":[{"@type":"SearchAction","target":{"@type":"EntryPoint","urlTemplate":"https:\/\/tupique.com\/?s={search_term_string}"},"query-input":{"@type":"PropertyValueSpecification","valueRequired":true,"valueName":"search_term_string"}}],"inLanguage":"en-GB"},{"@type":"Organization","@id":"https:\/\/tupique.com\/#organization","name":"Tupique","url":"https:\/\/tupique.com\/","logo":{"@type":"ImageObject","inLanguage":"en-GB","@id":"https:\/\/tupique.com\/#\/schema\/logo\/image\/","url":"https:\/\/tupique.com\/wp-content\/uploads\/2026\/03\/logo-tupique-1.webp","contentUrl":"https:\/\/tupique.com\/wp-content\/uploads\/2026\/03\/logo-tupique-1.webp","width":500,"height":67,"caption":"Tupique"},"image":{"@id":"https:\/\/tupique.com\/#\/schema\/logo\/image\/"}}]}},"_links":{"self":[{"href":"https:\/\/tupique.com\/en\/wp-json\/wp\/v2\/product\/181355","targetHints":{"allow":["GET"]}}],"collection":[{"href":"https:\/\/tupique.com\/en\/wp-json\/wp\/v2\/product"}],"about":[{"href":"https:\/\/tupique.com\/en\/wp-json\/wp\/v2\/types\/product"}],"replies":[{"embeddable":true,"href":"https:\/\/tupique.com\/en\/wp-json\/wp\/v2\/comments?post=181355"}],"wp:featuredmedia":[{"embeddable":true,"href":"https:\/\/tupique.com\/en\/wp-json\/wp\/v2\/media\/181352"}],"wp:attachment":[{"href":"https:\/\/tupique.com\/en\/wp-json\/wp\/v2\/media?parent=181355"}],"wp:term":[{"taxonomy":"product_brand","embeddable":true,"href":"https:\/\/tupique.com\/en\/wp-json\/wp\/v2\/product_brand?post=181355"},{"taxonomy":"product_cat","embeddable":true,"href":"https:\/\/tupique.com\/en\/wp-json\/wp\/v2\/product_cat?post=181355"},{"taxonomy":"product_tag","embeddable":true,"href":"https:\/\/tupique.com\/en\/wp-json\/wp\/v2\/product_tag?post=181355"}],"curies":[{"name":"wp","href":"https:\/\/api.w.org\/{rel}","templated":true}]}}