{"id":181368,"date":"2026-05-11T14:01:25","date_gmt":"2026-05-11T12:01:25","guid":{"rendered":"https:\/\/tupique.com\/product\/brosse-nettoyante-visage-rechargeable-hyser-innovagoods\/"},"modified":"2026-05-11T21:23:46","modified_gmt":"2026-05-11T19:23:46","slug":"brosse-nettoyante-visage-rechargeable-hyser-innovagoods","status":"publish","type":"product","link":"https:\/\/tupique.com\/en\/product\/brosse-nettoyante-visage-rechargeable-hyser-innovagoods\/","title":{"rendered":"Hyser InnovaGoods Rechargeable Facial Cleansing Brush"},"content":{"rendered":"<div class=\"col-md-6\"><b>InnovaGoods<\/b> vous facilite la t\u00e2che pour que votre soin personnel soit une priorit\u00e9 sans excuses. Il vous propose les meilleures nouveaut\u00e9s en mati\u00e8re de beaut\u00e9, de d\u00e9tente et de bien-\u00eatre! <b>Hyser InnovaGoods Rechargeable Facial Cleansing Brush <\/b> en est un bon exemple! D\u00e9couvrez une vaste gamme de produits de qualit\u00e9 qui se d\u00e9marquent de par leur fonctionnalit\u00e9, leur efficacit\u00e9 et leur design innovant.<\/p>\n<p>Brosse nettoyante visage qui permet un nettoyage en profondeur du visage de mani\u00e8re naturelle et non invasive, sans produits chimiques et en hydratant la zone \u00e0 traiter avec de l\u2019eau pour un plus grand soin et une meilleure protection de la peau. La version la plus innovante et la plus avanc\u00e9e des brosses nettoyantes visage pour les points noirs, car elle les \u00e9limine \u00e0 la racine, et non superficiellement comme d\u2019autres nettoyants conventionnels. Elle poss\u00e8de un double r\u00e9servoir d\u2019eau (40\u00a0ml + 40\u00a0ml)\u00a0; l\u2019un fournit de l\u2019eau propre \u00e0 la peau et l\u2019autre stocke l\u2019eau avec la salet\u00e9, les peaux mortes et les impuret\u00e9s. Elle poss\u00e8de 6\u00a0t\u00eates interchangeables de diff\u00e9rentes tailles (S, M, L) pour s\u2019adapter \u00e0 toutes les zones du visage et aux diff\u00e9rents types de peau (normale ou sensible). Ses 3\u00a0niveaux d\u2019intensit\u00e9 correspondent \u00e0 3\u00a0modes de nettoyage, selon le type de peau (intensit\u00e9 douce pour les peaux s\u00e8ches, intensit\u00e9 moyenne pour les peaux normales et mixtes et intensit\u00e9 \u00e9lev\u00e9e pour les peaux grasses). Elle poss\u00e8de une grande puissance d\u2019aspiration, est ergonomique et tr\u00e8s facile \u00e0 utiliser. Elle ouvre les pores et \u00e9limine les points noirs, les com\u00e9dons et l\u2019acn\u00e9, am\u00e9liorant ainsi l\u2019apparence de la peau. Elle procure \u00e9galement une sensation de fra\u00eecheur et stimule la production de collag\u00e8ne, retardant ainsi le vieillissement de la peau. Sa conception rechargeable, l\u00e9g\u00e8re et portable la rend pratique \u00e0 utiliser et facile \u00e0 emporter partout. Le r\u00e9servoir d\u2019eau est amovible pour un nettoyage facile. Comprend un c\u00e2ble de chargement USB vers micro-USB.<\/p>\n<ul>\n<li>Mat\u00e9riel:\n<ul>\n<li>ABS<\/li>\n<li>PS<\/li>\n<\/ul>\n<\/li>\n<li>Couleur:\n<ul>\n<li>Blanc<\/li>\n<li>Noir<\/li>\n<li>Bleu<\/li>\n<li>Transparent<\/li>\n<\/ul>\n<\/li>\n<li>Design innovant et fonctionnel: Ergonomique<\/li>\n<li>Type:\n<ul>\n<li>\u00c9lectrique<\/li>\n<li>Rechargeable<\/li>\n<li>Sans fil<\/li>\n<\/ul>\n<\/li>\n<li>Capacit\u00e9: 80 ml<\/li>\n<li>Nettoyage du visage en profondeur: Naturel, sans produits chimiques<\/li>\n<li>6 t\u00eates interchangeables: Polyvalent et adaptable<\/li>\n<li>3 m\u00e9thodes d\u2019utilisation: 3 niveaux d&#8217;intensit\u00e9<\/li>\n<li>Facile \u00e0 nettoyer: R\u00e9servoir amovible<\/li>\n<li>Universel: Convient \u00e0 tous les types de peau<\/li>\n<li>Un seul Bouton: Bouton on\/off<\/li>\n<li>Facilit\u00e9 d&#8217;utilisation: Utilisation pratique et simple<\/li>\n<li>Compact: L\u00e9ger et maniable<\/li>\n<li>Originale et portative: Facile \u00e0 transporter et \u00e0 ranger<\/li>\n<li>Charge USB: comprend un c\u00e2ble USB \u00e0 micro USB<\/li>\n<li>Longueur du c\u00e2ble: 80 cm<\/li>\n<li>Batterie: Li-ion 400 mAh \/ 1,48 W<\/li>\n<li>DC In: 5 V \/ 2 A<\/li>\n<li>Dimensions approx.: 5 x 20,5 x 8 cm<\/li>\n<li>Packaging et manuel en 24 langues: anglais, fran\u00e7ais, espagnol, allemand, italien, portugais, n\u00e9erlandais, polonais, hongrois, roumain, danois, su\u00e9dois, finnois, lituanien, norv\u00e9gien, slov\u00e8ne, grec, tch\u00e8que, bulgare, croate, slovaque, estonien, russe, letton<\/li>\n<\/ul>\n<p>Packaging et manuel en 24 langues: anglais, fran\u00e7ais, espagnol, allemand, italien, portugais, n\u00e9erlandais, polonais, hongrois, roumain, danois, su\u00e9dois, finnois, lituanien, norv\u00e9gien, slov\u00e8ne, grec, tch\u00e8que, bulgare, croate, slovaque, estonien, russe, letton.<\/p><\/div>\n<div class=\"col-md-6\">\n<div class=\"embed-responsive embed-responsive-16by9\"><iframe class=\"embed-responsive-item\" src=\"https:\/\/www.youtube.com\/embed\/b6ZWFguAzMw\" frameborder=\"0\" allowfullscreen><\/iframe><\/div>\n<\/div>","protected":false},"excerpt":{"rendered":"<p><span class=\"unit-info\">37.4875 &euro; \/ 100 ml<\/span><\/p>","protected":false},"featured_media":181356,"comment_status":"open","ping_status":"closed","template":"","meta":[],"product_brand":[256],"product_cat":[63,550,1825,776,1859,769,1218,752,1826,1495,1796],"product_tag":[722],"woo-feed-brand":[],"class_list":{"0":"post-181368","1":"product","2":"type-product","3":"status-publish","4":"has-post-thumbnail","6":"product_brand-brandp_1281","7":"product_cat-cadeaux-originaux","8":"product_cat-cadeaux-pour-femme","9":"product_cat-cadeaux-pour-soins-personnels","10":"product_cat-detente-et-bien-etre","11":"product_cat-nettoyants-et-exfoliants","12":"product_cat-parfum-cosmetique","13":"product_cat-produits-de-detente","14":"product_cat-sante-beaute","15":"product_cat-teleachat-vu-a-la-television-sante-et-beaute-teleshop","16":"product_cat-soin-du-visage","17":"product_cat-teleachat-vu-a-la-television","18":"product_tag-tag_923","20":"first","21":"instock","22":"taxable","23":"shipping-taxable","24":"purchasable","25":"product-type-simple"},"yoast_head":"<!-- This site is optimized with the Yoast SEO plugin v27.6 - https:\/\/yoast.com\/product\/yoast-seo-wordpress\/ -->\n<title>Brosse Nettoyante Visage Rechargeable Hyser InnovaGoods | | Tupique<\/title>\n<meta name=\"description\" content=\"Envie d&#039;acheter Brosse Nettoyante Visage Rechargeable Hyser InnovaGoods\u00a0? Achetez Brosse Nettoyante Visage Rechargeable Hyser InnovaGoods maintenant avec Tupique en 3 versements sans int\u00e9r\u00eat.\" \/>\n<meta name=\"robots\" content=\"index, follow, max-snippet:-1, max-image-preview:large, max-video-preview:-1\" \/>\n<link rel=\"canonical\" href=\"https:\/\/tupique.com\/en\/product\/brosse-nettoyante-visage-rechargeable-hyser-innovagoods\/\" \/>\n<meta property=\"og:locale\" content=\"en_GB\" \/>\n<meta property=\"og:type\" content=\"article\" \/>\n<meta property=\"og:title\" content=\"Brosse Nettoyante Visage Rechargeable Hyser InnovaGoods | | Tupique\" \/>\n<meta property=\"og:description\" content=\"Envie d&#039;acheter Brosse Nettoyante Visage Rechargeable Hyser InnovaGoods\u00a0? Achetez Brosse Nettoyante Visage Rechargeable Hyser InnovaGoods maintenant avec Tupique en 3 versements sans int\u00e9r\u00eat.\" \/>\n<meta property=\"og:url\" content=\"https:\/\/tupique.com\/en\/product\/brosse-nettoyante-visage-rechargeable-hyser-innovagoods\/\" \/>\n<meta property=\"og:site_name\" content=\"Tupique\" \/>\n<meta property=\"article:modified_time\" content=\"2026-05-11T19:23:46+00:00\" \/>\n<meta property=\"og:image\" content=\"https:\/\/tupique.com\/wp-content\/uploads\/2026\/05\/V0103362_000_MKT-v_14.jpg\" \/>\n\t<meta property=\"og:image:width\" content=\"1200\" \/>\n\t<meta property=\"og:image:height\" content=\"1200\" \/>\n\t<meta property=\"og:image:type\" content=\"image\/jpeg\" \/>\n<meta name=\"twitter:card\" content=\"summary_large_image\" \/>\n<meta name=\"twitter:label1\" content=\"Est. reading time\" \/>\n\t<meta name=\"twitter:data1\" content=\"2 minutes\" \/>\n<script type=\"application\/ld+json\" class=\"yoast-schema-graph\">{\"@context\":\"https:\\\/\\\/schema.org\",\"@graph\":[{\"@type\":\"WebPage\",\"@id\":\"https:\\\/\\\/tupique.com\\\/en\\\/product\\\/brosse-nettoyante-visage-rechargeable-hyser-innovagoods\\\/\",\"url\":\"https:\\\/\\\/tupique.com\\\/en\\\/product\\\/brosse-nettoyante-visage-rechargeable-hyser-innovagoods\\\/\",\"name\":\"Brosse Nettoyante Visage Rechargeable Hyser InnovaGoods | | Tupique\",\"isPartOf\":{\"@id\":\"https:\\\/\\\/tupique.com\\\/#website\"},\"primaryImageOfPage\":{\"@id\":\"https:\\\/\\\/tupique.com\\\/en\\\/product\\\/brosse-nettoyante-visage-rechargeable-hyser-innovagoods\\\/#primaryimage\"},\"image\":{\"@id\":\"https:\\\/\\\/tupique.com\\\/en\\\/product\\\/brosse-nettoyante-visage-rechargeable-hyser-innovagoods\\\/#primaryimage\"},\"thumbnailUrl\":\"https:\\\/\\\/tupique.com\\\/wp-content\\\/uploads\\\/2026\\\/05\\\/V0103362_000_MKT-v_14.jpg\",\"datePublished\":\"2026-05-11T12:01:25+00:00\",\"dateModified\":\"2026-05-11T19:23:46+00:00\",\"description\":\"Envie d'acheter Brosse Nettoyante Visage Rechargeable Hyser InnovaGoods\u00a0? Achetez Brosse Nettoyante Visage Rechargeable Hyser InnovaGoods maintenant avec Tupique en 3 versements sans int\u00e9r\u00eat.\",\"breadcrumb\":{\"@id\":\"https:\\\/\\\/tupique.com\\\/en\\\/product\\\/brosse-nettoyante-visage-rechargeable-hyser-innovagoods\\\/#breadcrumb\"},\"inLanguage\":\"en-GB\",\"potentialAction\":[{\"@type\":\"ReadAction\",\"target\":[\"https:\\\/\\\/tupique.com\\\/en\\\/product\\\/brosse-nettoyante-visage-rechargeable-hyser-innovagoods\\\/\"]}]},{\"@type\":\"ImageObject\",\"inLanguage\":\"en-GB\",\"@id\":\"https:\\\/\\\/tupique.com\\\/en\\\/product\\\/brosse-nettoyante-visage-rechargeable-hyser-innovagoods\\\/#primaryimage\",\"url\":\"https:\\\/\\\/tupique.com\\\/wp-content\\\/uploads\\\/2026\\\/05\\\/V0103362_000_MKT-v_14.jpg\",\"contentUrl\":\"https:\\\/\\\/tupique.com\\\/wp-content\\\/uploads\\\/2026\\\/05\\\/V0103362_000_MKT-v_14.jpg\",\"width\":1200,\"height\":1200,\"caption\":\"V0103362_0\"},{\"@type\":\"BreadcrumbList\",\"@id\":\"https:\\\/\\\/tupique.com\\\/en\\\/product\\\/brosse-nettoyante-visage-rechargeable-hyser-innovagoods\\\/#breadcrumb\",\"itemListElement\":[{\"@type\":\"ListItem\",\"position\":1,\"name\":\"commencer\",\"item\":\"https:\\\/\\\/tupique.com\\\/\"},{\"@type\":\"ListItem\",\"position\":2,\"name\":\"Loja\",\"item\":\"https:\\\/\\\/tupique.com\\\/pt\\\/loja\\\/\"},{\"@type\":\"ListItem\",\"position\":3,\"name\":\"Brosse Nettoyante Visage Rechargeable Hyser InnovaGoods\"}]},{\"@type\":\"WebSite\",\"@id\":\"https:\\\/\\\/tupique.com\\\/#website\",\"url\":\"https:\\\/\\\/tupique.com\\\/\",\"name\":\"Tupique\",\"description\":\"\",\"publisher\":{\"@id\":\"https:\\\/\\\/tupique.com\\\/#organization\"},\"potentialAction\":[{\"@type\":\"SearchAction\",\"target\":{\"@type\":\"EntryPoint\",\"urlTemplate\":\"https:\\\/\\\/tupique.com\\\/?s={search_term_string}\"},\"query-input\":{\"@type\":\"PropertyValueSpecification\",\"valueRequired\":true,\"valueName\":\"search_term_string\"}}],\"inLanguage\":\"en-GB\"},{\"@type\":\"Organization\",\"@id\":\"https:\\\/\\\/tupique.com\\\/#organization\",\"name\":\"Tupique\",\"url\":\"https:\\\/\\\/tupique.com\\\/\",\"logo\":{\"@type\":\"ImageObject\",\"inLanguage\":\"en-GB\",\"@id\":\"https:\\\/\\\/tupique.com\\\/#\\\/schema\\\/logo\\\/image\\\/\",\"url\":\"https:\\\/\\\/tupique.com\\\/wp-content\\\/uploads\\\/2026\\\/03\\\/logo-tupique-1.webp\",\"contentUrl\":\"https:\\\/\\\/tupique.com\\\/wp-content\\\/uploads\\\/2026\\\/03\\\/logo-tupique-1.webp\",\"width\":500,\"height\":67,\"caption\":\"Tupique\"},\"image\":{\"@id\":\"https:\\\/\\\/tupique.com\\\/#\\\/schema\\\/logo\\\/image\\\/\"}}]}<\/script>\n<!-- \/ Yoast SEO plugin. -->","yoast_head_json":{"title":"Brosse Nettoyante Visage Rechargeable Hyser InnovaGoods | | Tupique","description":"Envie d'acheter Brosse Nettoyante Visage Rechargeable Hyser InnovaGoods\u00a0? Achetez Brosse Nettoyante Visage Rechargeable Hyser InnovaGoods maintenant avec Tupique en 3 versements sans int\u00e9r\u00eat.","robots":{"index":"index","follow":"follow","max-snippet":"max-snippet:-1","max-image-preview":"max-image-preview:large","max-video-preview":"max-video-preview:-1"},"canonical":"https:\/\/tupique.com\/en\/product\/brosse-nettoyante-visage-rechargeable-hyser-innovagoods\/","og_locale":"en_GB","og_type":"article","og_title":"Brosse Nettoyante Visage Rechargeable Hyser InnovaGoods | | Tupique","og_description":"Envie d'acheter Brosse Nettoyante Visage Rechargeable Hyser InnovaGoods\u00a0? Achetez Brosse Nettoyante Visage Rechargeable Hyser InnovaGoods maintenant avec Tupique en 3 versements sans int\u00e9r\u00eat.","og_url":"https:\/\/tupique.com\/en\/product\/brosse-nettoyante-visage-rechargeable-hyser-innovagoods\/","og_site_name":"Tupique","article_modified_time":"2026-05-11T19:23:46+00:00","og_image":[{"width":1200,"height":1200,"url":"https:\/\/tupique.com\/wp-content\/uploads\/2026\/05\/V0103362_000_MKT-v_14.jpg","type":"image\/jpeg"}],"twitter_card":"summary_large_image","twitter_misc":{"Est. reading time":"2 minutes"},"schema":{"@context":"https:\/\/schema.org","@graph":[{"@type":"WebPage","@id":"https:\/\/tupique.com\/en\/product\/brosse-nettoyante-visage-rechargeable-hyser-innovagoods\/","url":"https:\/\/tupique.com\/en\/product\/brosse-nettoyante-visage-rechargeable-hyser-innovagoods\/","name":"Brosse Nettoyante Visage Rechargeable Hyser InnovaGoods | | Tupique","isPartOf":{"@id":"https:\/\/tupique.com\/#website"},"primaryImageOfPage":{"@id":"https:\/\/tupique.com\/en\/product\/brosse-nettoyante-visage-rechargeable-hyser-innovagoods\/#primaryimage"},"image":{"@id":"https:\/\/tupique.com\/en\/product\/brosse-nettoyante-visage-rechargeable-hyser-innovagoods\/#primaryimage"},"thumbnailUrl":"https:\/\/tupique.com\/wp-content\/uploads\/2026\/05\/V0103362_000_MKT-v_14.jpg","datePublished":"2026-05-11T12:01:25+00:00","dateModified":"2026-05-11T19:23:46+00:00","description":"Envie d'acheter Brosse Nettoyante Visage Rechargeable Hyser InnovaGoods\u00a0? Achetez Brosse Nettoyante Visage Rechargeable Hyser InnovaGoods maintenant avec Tupique en 3 versements sans int\u00e9r\u00eat.","breadcrumb":{"@id":"https:\/\/tupique.com\/en\/product\/brosse-nettoyante-visage-rechargeable-hyser-innovagoods\/#breadcrumb"},"inLanguage":"en-GB","potentialAction":[{"@type":"ReadAction","target":["https:\/\/tupique.com\/en\/product\/brosse-nettoyante-visage-rechargeable-hyser-innovagoods\/"]}]},{"@type":"ImageObject","inLanguage":"en-GB","@id":"https:\/\/tupique.com\/en\/product\/brosse-nettoyante-visage-rechargeable-hyser-innovagoods\/#primaryimage","url":"https:\/\/tupique.com\/wp-content\/uploads\/2026\/05\/V0103362_000_MKT-v_14.jpg","contentUrl":"https:\/\/tupique.com\/wp-content\/uploads\/2026\/05\/V0103362_000_MKT-v_14.jpg","width":1200,"height":1200,"caption":"V0103362_0"},{"@type":"BreadcrumbList","@id":"https:\/\/tupique.com\/en\/product\/brosse-nettoyante-visage-rechargeable-hyser-innovagoods\/#breadcrumb","itemListElement":[{"@type":"ListItem","position":1,"name":"commencer","item":"https:\/\/tupique.com\/"},{"@type":"ListItem","position":2,"name":"Loja","item":"https:\/\/tupique.com\/pt\/loja\/"},{"@type":"ListItem","position":3,"name":"Brosse Nettoyante Visage Rechargeable Hyser InnovaGoods"}]},{"@type":"WebSite","@id":"https:\/\/tupique.com\/#website","url":"https:\/\/tupique.com\/","name":"Tupique","description":"","publisher":{"@id":"https:\/\/tupique.com\/#organization"},"potentialAction":[{"@type":"SearchAction","target":{"@type":"EntryPoint","urlTemplate":"https:\/\/tupique.com\/?s={search_term_string}"},"query-input":{"@type":"PropertyValueSpecification","valueRequired":true,"valueName":"search_term_string"}}],"inLanguage":"en-GB"},{"@type":"Organization","@id":"https:\/\/tupique.com\/#organization","name":"Tupique","url":"https:\/\/tupique.com\/","logo":{"@type":"ImageObject","inLanguage":"en-GB","@id":"https:\/\/tupique.com\/#\/schema\/logo\/image\/","url":"https:\/\/tupique.com\/wp-content\/uploads\/2026\/03\/logo-tupique-1.webp","contentUrl":"https:\/\/tupique.com\/wp-content\/uploads\/2026\/03\/logo-tupique-1.webp","width":500,"height":67,"caption":"Tupique"},"image":{"@id":"https:\/\/tupique.com\/#\/schema\/logo\/image\/"}}]}},"_links":{"self":[{"href":"https:\/\/tupique.com\/en\/wp-json\/wp\/v2\/product\/181368","targetHints":{"allow":["GET"]}}],"collection":[{"href":"https:\/\/tupique.com\/en\/wp-json\/wp\/v2\/product"}],"about":[{"href":"https:\/\/tupique.com\/en\/wp-json\/wp\/v2\/types\/product"}],"replies":[{"embeddable":true,"href":"https:\/\/tupique.com\/en\/wp-json\/wp\/v2\/comments?post=181368"}],"wp:featuredmedia":[{"embeddable":true,"href":"https:\/\/tupique.com\/en\/wp-json\/wp\/v2\/media\/181356"}],"wp:attachment":[{"href":"https:\/\/tupique.com\/en\/wp-json\/wp\/v2\/media?parent=181368"}],"wp:term":[{"taxonomy":"product_brand","embeddable":true,"href":"https:\/\/tupique.com\/en\/wp-json\/wp\/v2\/product_brand?post=181368"},{"taxonomy":"product_cat","embeddable":true,"href":"https:\/\/tupique.com\/en\/wp-json\/wp\/v2\/product_cat?post=181368"},{"taxonomy":"product_tag","embeddable":true,"href":"https:\/\/tupique.com\/en\/wp-json\/wp\/v2\/product_tag?post=181368"},{"taxonomy":"woo-feed-brand","embeddable":true,"href":"https:\/\/tupique.com\/en\/wp-json\/wp\/v2\/woo-feed-brand?post=181368"}],"curies":[{"name":"wp","href":"https:\/\/api.w.org\/{rel}","templated":true}]}}