{"id":181903,"date":"2026-05-11T14:54:29","date_gmt":"2026-05-11T12:54:29","guid":{"rendered":"https:\/\/tupique.com\/product\/bougeoir-gift-decor-cuivre-ambre-metal-verre-19-x-20-x-19-cm-lanterne\/"},"modified":"2026-05-11T21:18:35","modified_gmt":"2026-05-11T19:18:35","slug":"bougeoir-gift-decor-cuivre-ambre-metal-verre-19-x-20-x-19-cm-lanterne","status":"publish","type":"product","link":"https:\/\/tupique.com\/en\/product\/bougeoir-gift-decor-cuivre-ambre-metal-verre-19-x-20-x-19-cm-lanterne\/","title":{"rendered":"Bougeoir Gift Decor Cuivre Ambre M\u00e9tal verre 19 x 20 x 19 cm Lanterne"},"content":{"rendered":"<p>Vous voulez donner une touche d&#8217;originalit\u00e9 \u00e0 votre maison ? Vous y arriverez gr\u00e2ce au <b>Bougeoir Gift Decor Cuivre Ambre M\u00e9tal verre 19 x 20 x 19 cm Lanterne<\/b>.<\/p>\n<p>The <b>porte-bougie Gift Decor<\/b> est un \u00e9l\u00e9ment de <b>d\u00e9coration<\/b> con\u00e7u pour apporter une touche \u00e9l\u00e9gante et contemporaine \u00e0 tout espace int\u00e9rieur. Fabriqu\u00e9 en <b>m\u00e9tal<\/b> avec une finition cuivre, ce porte-bougie pr\u00e9sente une structure robuste et durable qui assure stabilit\u00e9 et s\u00e9curit\u00e9 pour la bougie plac\u00e9e \u00e0 l\u2019int\u00e9rieur. Son design int\u00e8gre une base en <b>verre en forme de lanterne ambr\u00e9e<\/b>, qui rehausse l\u2019esth\u00e9tique du produit tout en filtrant doucement la lumi\u00e8re de la bougie, cr\u00e9ant une ambiance chaleureuse et accueillante. Ce porte-bougie, d\u2019origine <b>chinoise<\/b>, allie fonctionnalit\u00e9 et style d\u00e9coratif polyvalent, adapt\u00e9 aux espaces modernes comme aux environnements plus classiques. L\u2019utilisation du m\u00e9tal et du verre garantit une pi\u00e8ce r\u00e9sistante et facile \u00e0 entretenir, se distinguant par sa finition et sa texture qui apportent sophistication sans sacrifier la praticit\u00e9. Id\u00e9al pour un usage domestique ou pour compl\u00e9ter la d\u00e9coration de restaurants, h\u00f4tels et espaces d\u2019accueil, ce porte-bougie est une option pratique pour ceux qui recherchent \u00e0 combiner design et utilit\u00e9 dans un accessoire d\u2019\u00e9clairage d\u2019ambiance. En somme, le porte-bougie Gift Decor repr\u00e9sente une solution d\u00e9corative solide et attrayante pour les amateurs de qualit\u00e9 et de style dans les objets pour la maison.<\/p>\n<ul>\n<li>Type:\n<ul>\n<li>D\u00e9coration<\/li>\n<li>Bougeoir<\/li>\n<\/ul>\n<\/li>\n<li>Design: Lanterne<\/li>\n<li>Couleur:\n<ul>\n<li>Ambre<\/li>\n<li>Cuivre<\/li>\n<\/ul>\n<\/li>\n<li>Mati\u00e8re:\n<ul>\n<li>M\u00e9tal<\/li>\n<li>verre<\/li>\n<\/ul>\n<\/li>\n<li>Dimensions approx.: 19 x 20 x 19 cm<\/li>\n<\/ul>","protected":false},"excerpt":{"rendered":"<p>Vous voulez donner une touche d&#8217;originalit\u00e9 \u00e0 votre maison ? Vous y arriverez gr\u00e2ce au Bougeoir Gift Decor Cuivre Ambre M\u00e9tal verre 19 x 20 x 19 cm Lanterne. Le porte-bougie Gift Decor est un \u00e9l\u00e9ment de d\u00e9coration con\u00e7u pour apporter une touche \u00e9l\u00e9gante et contemporaine \u00e0 tout espace int\u00e9rieur. Fabriqu\u00e9 en m\u00e9tal avec une [&hellip;]<\/p>\n","protected":false},"featured_media":181902,"comment_status":"open","ping_status":"closed","template":"","meta":[],"product_brand":[1923],"product_cat":[1875,1430,239],"product_tag":[101],"woo-feed-brand":[],"class_list":{"0":"post-181903","1":"product","2":"type-product","3":"status-publish","4":"has-post-thumbnail","6":"product_brand-brandp_3024","7":"product_cat-bougies-et-chandeliers","8":"product_cat-decoration-et-eclairage","9":"product_cat-maison-jardin","10":"product_tag-tag_599","12":"first","13":"instock","14":"taxable","15":"shipping-taxable","16":"purchasable","17":"product-type-simple"},"yoast_head":"<!-- This site is optimized with the Yoast SEO plugin v27.6 - https:\/\/yoast.com\/product\/yoast-seo-wordpress\/ -->\n<title>Bougeoir Gift Decor Cuivre Ambre M\u00e9tal verre 19 x 20 x 19 cm Lanterne | | Tupique<\/title>\n<meta name=\"description\" content=\"Envie d&#039;acheter Bougeoir Gift Decor Cuivre Ambre M\u00e9tal verre 19 x 20 x 19 cm Lanterne\u00a0? Achetez Bougeoir Gift Decor Cuivre Ambre M\u00e9tal verre 19 x 20 x 19 cm Lanterne maintenant avec Tupique en 3 versements sans int\u00e9r\u00eat.\" \/>\n<meta name=\"robots\" content=\"index, follow, max-snippet:-1, max-image-preview:large, max-video-preview:-1\" \/>\n<link rel=\"canonical\" href=\"https:\/\/tupique.com\/en\/product\/bougeoir-gift-decor-cuivre-ambre-metal-verre-19-x-20-x-19-cm-lanterne\/\" \/>\n<meta property=\"og:locale\" content=\"en_GB\" \/>\n<meta property=\"og:type\" content=\"article\" \/>\n<meta property=\"og:title\" content=\"Bougeoir Gift Decor Cuivre Ambre M\u00e9tal verre 19 x 20 x 19 cm Lanterne | | Tupique\" \/>\n<meta property=\"og:description\" content=\"Envie d&#039;acheter Bougeoir Gift Decor Cuivre Ambre M\u00e9tal verre 19 x 20 x 19 cm Lanterne\u00a0? Achetez Bougeoir Gift Decor Cuivre Ambre M\u00e9tal verre 19 x 20 x 19 cm Lanterne maintenant avec Tupique en 3 versements sans int\u00e9r\u00eat.\" \/>\n<meta property=\"og:url\" content=\"https:\/\/tupique.com\/en\/product\/bougeoir-gift-decor-cuivre-ambre-metal-verre-19-x-20-x-19-cm-lanterne\/\" \/>\n<meta property=\"og:site_name\" content=\"Tupique\" \/>\n<meta property=\"article:modified_time\" content=\"2026-05-11T19:18:35+00:00\" \/>\n<meta property=\"og:image\" content=\"https:\/\/tupique.com\/wp-content\/uploads\/2026\/05\/8430852678027_S3609614_P0-v_11.jpg\" \/>\n\t<meta property=\"og:image:width\" content=\"1200\" \/>\n\t<meta property=\"og:image:height\" content=\"1200\" \/>\n\t<meta property=\"og:image:type\" content=\"image\/jpeg\" \/>\n<meta name=\"twitter:card\" content=\"summary_large_image\" \/>\n<meta name=\"twitter:label1\" content=\"Est. reading time\" \/>\n\t<meta name=\"twitter:data1\" content=\"1 minute\" \/>\n<script type=\"application\/ld+json\" class=\"yoast-schema-graph\">{\"@context\":\"https:\\\/\\\/schema.org\",\"@graph\":[{\"@type\":\"WebPage\",\"@id\":\"https:\\\/\\\/tupique.com\\\/pt\\\/product\\\/bougeoir-gift-decor-cuivre-ambre-metal-verre-19-x-20-x-19-cm-lanterne\\\/\",\"url\":\"https:\\\/\\\/tupique.com\\\/pt\\\/product\\\/bougeoir-gift-decor-cuivre-ambre-metal-verre-19-x-20-x-19-cm-lanterne\\\/\",\"name\":\"Bougeoir Gift Decor Cuivre Ambre M\u00e9tal verre 19 x 20 x 19 cm Lanterne | | Tupique\",\"isPartOf\":{\"@id\":\"https:\\\/\\\/tupique.com\\\/#website\"},\"primaryImageOfPage\":{\"@id\":\"https:\\\/\\\/tupique.com\\\/pt\\\/product\\\/bougeoir-gift-decor-cuivre-ambre-metal-verre-19-x-20-x-19-cm-lanterne\\\/#primaryimage\"},\"image\":{\"@id\":\"https:\\\/\\\/tupique.com\\\/pt\\\/product\\\/bougeoir-gift-decor-cuivre-ambre-metal-verre-19-x-20-x-19-cm-lanterne\\\/#primaryimage\"},\"thumbnailUrl\":\"https:\\\/\\\/tupique.com\\\/wp-content\\\/uploads\\\/2026\\\/05\\\/8430852678027_S3609614_P0-v_11.jpg\",\"datePublished\":\"2026-05-11T12:54:29+00:00\",\"dateModified\":\"2026-05-11T19:18:35+00:00\",\"description\":\"Envie d'acheter Bougeoir Gift Decor Cuivre Ambre M\u00e9tal verre 19 x 20 x 19 cm Lanterne\u00a0? Achetez Bougeoir Gift Decor Cuivre Ambre M\u00e9tal verre 19 x 20 x 19 cm Lanterne maintenant avec Tupique en 3 versements sans int\u00e9r\u00eat.\",\"breadcrumb\":{\"@id\":\"https:\\\/\\\/tupique.com\\\/pt\\\/product\\\/bougeoir-gift-decor-cuivre-ambre-metal-verre-19-x-20-x-19-cm-lanterne\\\/#breadcrumb\"},\"inLanguage\":\"en-GB\",\"potentialAction\":[{\"@type\":\"ReadAction\",\"target\":[\"https:\\\/\\\/tupique.com\\\/pt\\\/product\\\/bougeoir-gift-decor-cuivre-ambre-metal-verre-19-x-20-x-19-cm-lanterne\\\/\"]}]},{\"@type\":\"ImageObject\",\"inLanguage\":\"en-GB\",\"@id\":\"https:\\\/\\\/tupique.com\\\/pt\\\/product\\\/bougeoir-gift-decor-cuivre-ambre-metal-verre-19-x-20-x-19-cm-lanterne\\\/#primaryimage\",\"url\":\"https:\\\/\\\/tupique.com\\\/wp-content\\\/uploads\\\/2026\\\/05\\\/8430852678027_S3609614_P0-v_11.jpg\",\"contentUrl\":\"https:\\\/\\\/tupique.com\\\/wp-content\\\/uploads\\\/2026\\\/05\\\/8430852678027_S3609614_P0-v_11.jpg\",\"width\":1200,\"height\":1200,\"caption\":\"S3609614_0\"},{\"@type\":\"BreadcrumbList\",\"@id\":\"https:\\\/\\\/tupique.com\\\/pt\\\/product\\\/bougeoir-gift-decor-cuivre-ambre-metal-verre-19-x-20-x-19-cm-lanterne\\\/#breadcrumb\",\"itemListElement\":[{\"@type\":\"ListItem\",\"position\":1,\"name\":\"commencer\",\"item\":\"https:\\\/\\\/tupique.com\\\/\"},{\"@type\":\"ListItem\",\"position\":2,\"name\":\"Loja\",\"item\":\"https:\\\/\\\/tupique.com\\\/pt\\\/loja\\\/\"},{\"@type\":\"ListItem\",\"position\":3,\"name\":\"Bougeoir Gift Decor Cuivre Ambre M\u00e9tal verre 19 x 20 x 19 cm Lanterne\"}]},{\"@type\":\"WebSite\",\"@id\":\"https:\\\/\\\/tupique.com\\\/#website\",\"url\":\"https:\\\/\\\/tupique.com\\\/\",\"name\":\"Tupique\",\"description\":\"\",\"publisher\":{\"@id\":\"https:\\\/\\\/tupique.com\\\/#organization\"},\"potentialAction\":[{\"@type\":\"SearchAction\",\"target\":{\"@type\":\"EntryPoint\",\"urlTemplate\":\"https:\\\/\\\/tupique.com\\\/?s={search_term_string}\"},\"query-input\":{\"@type\":\"PropertyValueSpecification\",\"valueRequired\":true,\"valueName\":\"search_term_string\"}}],\"inLanguage\":\"en-GB\"},{\"@type\":\"Organization\",\"@id\":\"https:\\\/\\\/tupique.com\\\/#organization\",\"name\":\"Tupique\",\"url\":\"https:\\\/\\\/tupique.com\\\/\",\"logo\":{\"@type\":\"ImageObject\",\"inLanguage\":\"en-GB\",\"@id\":\"https:\\\/\\\/tupique.com\\\/#\\\/schema\\\/logo\\\/image\\\/\",\"url\":\"https:\\\/\\\/tupique.com\\\/wp-content\\\/uploads\\\/2026\\\/03\\\/logo-tupique-1.webp\",\"contentUrl\":\"https:\\\/\\\/tupique.com\\\/wp-content\\\/uploads\\\/2026\\\/03\\\/logo-tupique-1.webp\",\"width\":500,\"height\":67,\"caption\":\"Tupique\"},\"image\":{\"@id\":\"https:\\\/\\\/tupique.com\\\/#\\\/schema\\\/logo\\\/image\\\/\"}}]}<\/script>\n<!-- \/ Yoast SEO plugin. -->","yoast_head_json":{"title":"Bougeoir Gift Decor Cuivre Ambre M\u00e9tal verre 19 x 20 x 19 cm Lanterne | | Tupique","description":"Envie d'acheter Bougeoir Gift Decor Cuivre Ambre M\u00e9tal verre 19 x 20 x 19 cm Lanterne\u00a0? Achetez Bougeoir Gift Decor Cuivre Ambre M\u00e9tal verre 19 x 20 x 19 cm Lanterne maintenant avec Tupique en 3 versements sans int\u00e9r\u00eat.","robots":{"index":"index","follow":"follow","max-snippet":"max-snippet:-1","max-image-preview":"max-image-preview:large","max-video-preview":"max-video-preview:-1"},"canonical":"https:\/\/tupique.com\/en\/product\/bougeoir-gift-decor-cuivre-ambre-metal-verre-19-x-20-x-19-cm-lanterne\/","og_locale":"en_GB","og_type":"article","og_title":"Bougeoir Gift Decor Cuivre Ambre M\u00e9tal verre 19 x 20 x 19 cm Lanterne | | Tupique","og_description":"Envie d'acheter Bougeoir Gift Decor Cuivre Ambre M\u00e9tal verre 19 x 20 x 19 cm Lanterne\u00a0? Achetez Bougeoir Gift Decor Cuivre Ambre M\u00e9tal verre 19 x 20 x 19 cm Lanterne maintenant avec Tupique en 3 versements sans int\u00e9r\u00eat.","og_url":"https:\/\/tupique.com\/en\/product\/bougeoir-gift-decor-cuivre-ambre-metal-verre-19-x-20-x-19-cm-lanterne\/","og_site_name":"Tupique","article_modified_time":"2026-05-11T19:18:35+00:00","og_image":[{"width":1200,"height":1200,"url":"https:\/\/tupique.com\/wp-content\/uploads\/2026\/05\/8430852678027_S3609614_P0-v_11.jpg","type":"image\/jpeg"}],"twitter_card":"summary_large_image","twitter_misc":{"Est. reading time":"1 minute"},"schema":{"@context":"https:\/\/schema.org","@graph":[{"@type":"WebPage","@id":"https:\/\/tupique.com\/pt\/product\/bougeoir-gift-decor-cuivre-ambre-metal-verre-19-x-20-x-19-cm-lanterne\/","url":"https:\/\/tupique.com\/pt\/product\/bougeoir-gift-decor-cuivre-ambre-metal-verre-19-x-20-x-19-cm-lanterne\/","name":"Bougeoir Gift Decor Cuivre Ambre M\u00e9tal verre 19 x 20 x 19 cm Lanterne | | Tupique","isPartOf":{"@id":"https:\/\/tupique.com\/#website"},"primaryImageOfPage":{"@id":"https:\/\/tupique.com\/pt\/product\/bougeoir-gift-decor-cuivre-ambre-metal-verre-19-x-20-x-19-cm-lanterne\/#primaryimage"},"image":{"@id":"https:\/\/tupique.com\/pt\/product\/bougeoir-gift-decor-cuivre-ambre-metal-verre-19-x-20-x-19-cm-lanterne\/#primaryimage"},"thumbnailUrl":"https:\/\/tupique.com\/wp-content\/uploads\/2026\/05\/8430852678027_S3609614_P0-v_11.jpg","datePublished":"2026-05-11T12:54:29+00:00","dateModified":"2026-05-11T19:18:35+00:00","description":"Envie d'acheter Bougeoir Gift Decor Cuivre Ambre M\u00e9tal verre 19 x 20 x 19 cm Lanterne\u00a0? Achetez Bougeoir Gift Decor Cuivre Ambre M\u00e9tal verre 19 x 20 x 19 cm Lanterne maintenant avec Tupique en 3 versements sans int\u00e9r\u00eat.","breadcrumb":{"@id":"https:\/\/tupique.com\/pt\/product\/bougeoir-gift-decor-cuivre-ambre-metal-verre-19-x-20-x-19-cm-lanterne\/#breadcrumb"},"inLanguage":"en-GB","potentialAction":[{"@type":"ReadAction","target":["https:\/\/tupique.com\/pt\/product\/bougeoir-gift-decor-cuivre-ambre-metal-verre-19-x-20-x-19-cm-lanterne\/"]}]},{"@type":"ImageObject","inLanguage":"en-GB","@id":"https:\/\/tupique.com\/pt\/product\/bougeoir-gift-decor-cuivre-ambre-metal-verre-19-x-20-x-19-cm-lanterne\/#primaryimage","url":"https:\/\/tupique.com\/wp-content\/uploads\/2026\/05\/8430852678027_S3609614_P0-v_11.jpg","contentUrl":"https:\/\/tupique.com\/wp-content\/uploads\/2026\/05\/8430852678027_S3609614_P0-v_11.jpg","width":1200,"height":1200,"caption":"S3609614_0"},{"@type":"BreadcrumbList","@id":"https:\/\/tupique.com\/pt\/product\/bougeoir-gift-decor-cuivre-ambre-metal-verre-19-x-20-x-19-cm-lanterne\/#breadcrumb","itemListElement":[{"@type":"ListItem","position":1,"name":"commencer","item":"https:\/\/tupique.com\/"},{"@type":"ListItem","position":2,"name":"Loja","item":"https:\/\/tupique.com\/pt\/loja\/"},{"@type":"ListItem","position":3,"name":"Bougeoir Gift Decor Cuivre Ambre M\u00e9tal verre 19 x 20 x 19 cm Lanterne"}]},{"@type":"WebSite","@id":"https:\/\/tupique.com\/#website","url":"https:\/\/tupique.com\/","name":"Tupique","description":"","publisher":{"@id":"https:\/\/tupique.com\/#organization"},"potentialAction":[{"@type":"SearchAction","target":{"@type":"EntryPoint","urlTemplate":"https:\/\/tupique.com\/?s={search_term_string}"},"query-input":{"@type":"PropertyValueSpecification","valueRequired":true,"valueName":"search_term_string"}}],"inLanguage":"en-GB"},{"@type":"Organization","@id":"https:\/\/tupique.com\/#organization","name":"Tupique","url":"https:\/\/tupique.com\/","logo":{"@type":"ImageObject","inLanguage":"en-GB","@id":"https:\/\/tupique.com\/#\/schema\/logo\/image\/","url":"https:\/\/tupique.com\/wp-content\/uploads\/2026\/03\/logo-tupique-1.webp","contentUrl":"https:\/\/tupique.com\/wp-content\/uploads\/2026\/03\/logo-tupique-1.webp","width":500,"height":67,"caption":"Tupique"},"image":{"@id":"https:\/\/tupique.com\/#\/schema\/logo\/image\/"}}]}},"_links":{"self":[{"href":"https:\/\/tupique.com\/en\/wp-json\/wp\/v2\/product\/181903","targetHints":{"allow":["GET"]}}],"collection":[{"href":"https:\/\/tupique.com\/en\/wp-json\/wp\/v2\/product"}],"about":[{"href":"https:\/\/tupique.com\/en\/wp-json\/wp\/v2\/types\/product"}],"replies":[{"embeddable":true,"href":"https:\/\/tupique.com\/en\/wp-json\/wp\/v2\/comments?post=181903"}],"wp:featuredmedia":[{"embeddable":true,"href":"https:\/\/tupique.com\/en\/wp-json\/wp\/v2\/media\/181902"}],"wp:attachment":[{"href":"https:\/\/tupique.com\/en\/wp-json\/wp\/v2\/media?parent=181903"}],"wp:term":[{"taxonomy":"product_brand","embeddable":true,"href":"https:\/\/tupique.com\/en\/wp-json\/wp\/v2\/product_brand?post=181903"},{"taxonomy":"product_cat","embeddable":true,"href":"https:\/\/tupique.com\/en\/wp-json\/wp\/v2\/product_cat?post=181903"},{"taxonomy":"product_tag","embeddable":true,"href":"https:\/\/tupique.com\/en\/wp-json\/wp\/v2\/product_tag?post=181903"},{"taxonomy":"woo-feed-brand","embeddable":true,"href":"https:\/\/tupique.com\/en\/wp-json\/wp\/v2\/woo-feed-brand?post=181903"}],"curies":[{"name":"wp","href":"https:\/\/api.w.org\/{rel}","templated":true}]}}