{"id":182056,"date":"2026-05-11T15:08:11","date_gmt":"2026-05-11T13:08:11","guid":{"rendered":"https:\/\/tupique.com\/product\/appareil-de-massage-et-de-modelage-du-corps-ems-atrainik-innovagoods\/"},"modified":"2026-05-11T21:23:46","modified_gmt":"2026-05-11T19:23:46","slug":"appareil-de-massage-et-de-modelage-du-corps-ems-atrainik-innovagoods","status":"publish","type":"product","link":"https:\/\/tupique.com\/en\/product\/appareil-de-massage-et-de-modelage-du-corps-ems-atrainik-innovagoods\/","title":{"rendered":"EMS Body Massager and Slimming Device Atrainik InnovaGoods"},"content":{"rendered":"<div class=\"col-md-6\"><b>InnovaGoods<\/b> vous facilite la t\u00e2che pour que votre soin personnel soit une priorit\u00e9 sans excuses. Il vous propose les meilleures nouveaut\u00e9s en mati\u00e8re de beaut\u00e9, de d\u00e9tente et de bien-\u00eatre! <b>EMS Body Massager and Slimming Device Atrainik InnovaGoods <\/b> en est un bon exemple! D\u00e9couvrez une vaste gamme de produits de qualit\u00e9 qui se d\u00e9marquent de par leur fonctionnalit\u00e9, leur efficacit\u00e9 et leur design innovant.<\/p>\n<p>Un appareil de massage et de modelage du corps qui effectue un travail musculaire intense au moyen de l&#8217;\u00e9lectrostimulation (EMS) pour modeler la silhouette (\u00e9lectrosculpture du corps). Il tonifie et renforce les muscles et favorise l&#8217;\u00e9limination des graisses, en obtenant un effet amincissant important et efficace. Il dispose de 6 modes de massage et de 10 niveaux d&#8217;intensit\u00e9 pour s&#8217;adapter aux diff\u00e9rents besoins, d&#8217;un massage plus doux d&#8217;\u00e9chauffement ou relaxant \u00e0 un massage d&#8217;exercice intense plus puissant. Gr\u00e2ce \u00e0 sa conception ergonomique, multi-positions et multi-fonctions, il permet d&#8217;obtenir de multiples bienfaits et peut \u00eatre utilis\u00e9 sur diff\u00e9rentes parties du corps (abdomen, jambes, bras, fesses, taille, dos, \u00e9paules, cou, etc.) Les 4 patchs magn\u00e9tiques sont r\u00e9utilisables (2 + 2 de rechange), sont fix\u00e9s magn\u00e9tiquement aux deux modules de l&#8217;appareil et adh\u00e8rent parfaitement \u00e0 la peau. Cet \u00e9lectrostimulateur-masseur polyvalent est pratique, discret et silencieux, ce qui permet de l&#8217;utiliser \u00e0 diff\u00e9rents moments et dans divers lieux (\u00e0 la maison, au t\u00e9l\u00e9travail, \u00e0 la salle de sport, au fitness, au yoga, etc.) De plus, \u00e9tant l\u00e9ger, compact, rechargeable et portable, il est tr\u00e8s facile \u00e0 utiliser, \u00e0 transporter et \u00e0 ranger. Une utilisation quotidienne de 10 minutes au maximum est recommand\u00e9e. C\u00e2ble de charge DC-USB inclus.<\/p>\n<p><\/p>\n<ul>\n<li>Mat\u00e9riel: ABS<\/li>\n<li>Couleur:\n<ul>\n<li>Bleu<\/li>\n<li>Gris<\/li>\n<\/ul>\n<\/li>\n<li>Design moderne: Ergonomique<\/li>\n<li>Type:\n<ul>\n<li>\u00c9lectrique<\/li>\n<li>Rechargeable<\/li>\n<li>Sans fil<\/li>\n<\/ul>\n<\/li>\n<li>\u00c9lectrostimulation (EMS): Fonction massage<\/li>\n<li>Multifonction: 6 Modes de massage<\/li>\n<li>Intensit\u00e9 r\u00e9glable: 10 niveaux d&#8217;intensit\u00e9<\/li>\n<li>Patchs magn\u00e9tiques:\n<ul>\n<li>x4<\/li>\n<li>R\u00e9utilisable<\/li>\n<\/ul>\n<\/li>\n<li>Multiposition: Abdominaux, bras, jambes, fesses, taille, dos, etc.<\/li>\n<li>Fixation ferme: Parfaite adh\u00e9sion \u00e0 la peau<\/li>\n<li>Effet amincissant:\n<ul>\n<li>Favorise l&#8217;\u00e9limination des graisses et des toxines.<\/li>\n<li>Id\u00e9al pour d\u00e9tendre et tonifier les muscles et modeler la silhouette<\/li>\n<\/ul>\n<\/li>\n<li>Polyvalent et adaptable: Plusieurs fonctionnalit\u00e9s et espaces<\/li>\n<li>Silencieux: Utilisation pratique, simple et s\u00fbre<\/li>\n<li>Originale et portative: L\u00e9ger et maniable<\/li>\n<li>Taille r\u00e9duite et compacte: Facile \u00e0 transporter et \u00e0 ranger<\/li>\n<li>Charge USB: C\u00e2ble DC-USB inclus<\/li>\n<li>Batterie: Li-ion 150 mAh \/ 0,55 Wh<\/li>\n<li>DC In: 5 V \/ 500 mA<\/li>\n<li>Dimensions approx.: 2x 5,6 x 6,1 x 1,8 cm<\/li>\n<li>Packaging et manuel en 24 langues: anglais, fran\u00e7ais, espagnol, allemand, italien, portugais, n\u00e9erlandais, polonais, hongrois, roumain, danois, su\u00e9dois, finnois, lituanien, norv\u00e9gien, slov\u00e8ne, grec, tch\u00e8que, bulgare, croate, slovaque, estonien, russe, letton<\/li>\n<\/ul>\n<\/div>\n<div class=\"col-md-6\">\n<div class=\"embed-responsive embed-responsive-16by9\"><iframe class=\"embed-responsive-item\" src=\"https:\/\/www.youtube.com\/embed\/_HovVQNpid8\" frameborder=\"0\" allowfullscreen><\/iframe><\/div>\n<\/div>","protected":false},"excerpt":{"rendered":"<p>InnovaGoods vous facilite la t\u00e2che pour que votre soin personnel soit une priorit\u00e9 sans excuses. Il vous propose les meilleures nouveaut\u00e9s en mati\u00e8re de beaut\u00e9, de d\u00e9tente et de bien-\u00eatre! Appareil de Massage et de Modelage du Corps EMS Atrainik InnovaGoods en est un bon exemple! D\u00e9couvrez une vaste gamme de produits de qualit\u00e9 qui [&hellip;]<\/p>\n","protected":false},"featured_media":182041,"comment_status":"open","ping_status":"closed","template":"","meta":[],"product_brand":[256],"product_cat":[63,1825,2256,776,1059,1777,1838,752,1826,1487,1764,1796],"product_tag":[722,1776,163,165],"woo-feed-brand":[],"class_list":{"0":"post-182056","1":"product","2":"type-product","3":"status-publish","4":"has-post-thumbnail","6":"product_brand-brandp_1281","7":"product_cat-cadeaux-originaux","8":"product_cat-cadeaux-pour-soins-personnels","9":"product_cat-ceintures-vibrantes-et-electrostimulateurs","10":"product_cat-detente-et-bien-etre","11":"product_cat-esthetique-et-traitements-corporels","12":"product_cat-fitness","13":"product_cat-masseurs","14":"product_cat-sante-beaute","15":"product_cat-teleachat-vu-a-la-television-sante-et-beaute-teleshop","16":"product_cat-soins-anti-cellulite","17":"product_cat-sports-loisirs","18":"product_cat-teleachat-vu-a-la-television","19":"product_tag-tag_923","20":"product_tag-tag_1294","21":"product_tag-tag_17","22":"product_tag-tag_69","24":"first","25":"instock","26":"taxable","27":"shipping-taxable","28":"purchasable","29":"product-type-simple"},"yoast_head":"<!-- This site is optimized with the Yoast SEO plugin v27.6 - https:\/\/yoast.com\/product\/yoast-seo-wordpress\/ -->\n<title>Appareil de Massage et de Modelage du Corps EMS Atrainik InnovaGoods | | Tupique<\/title>\n<meta name=\"description\" content=\"Envie d&#039;acheter Appareil de Massage et de Modelage du Corps EMS Atrainik InnovaGoods\u00a0? Achetez Appareil de Massage et de Modelage du Corps EMS Atrainik InnovaGoods maintenant avec Tupique en 3 versements sans int\u00e9r\u00eat.\" \/>\n<meta name=\"robots\" content=\"index, follow, max-snippet:-1, max-image-preview:large, max-video-preview:-1\" \/>\n<link rel=\"canonical\" href=\"https:\/\/tupique.com\/en\/product\/appareil-de-massage-et-de-modelage-du-corps-ems-atrainik-innovagoods\/\" \/>\n<meta property=\"og:locale\" content=\"en_GB\" \/>\n<meta property=\"og:type\" content=\"article\" \/>\n<meta property=\"og:title\" content=\"Appareil de Massage et de Modelage du Corps EMS Atrainik InnovaGoods | | Tupique\" \/>\n<meta property=\"og:description\" content=\"Envie d&#039;acheter Appareil de Massage et de Modelage du Corps EMS Atrainik InnovaGoods\u00a0? Achetez Appareil de Massage et de Modelage du Corps EMS Atrainik InnovaGoods maintenant avec Tupique en 3 versements sans int\u00e9r\u00eat.\" \/>\n<meta property=\"og:url\" content=\"https:\/\/tupique.com\/en\/product\/appareil-de-massage-et-de-modelage-du-corps-ems-atrainik-innovagoods\/\" \/>\n<meta property=\"og:site_name\" content=\"Tupique\" \/>\n<meta property=\"article:modified_time\" content=\"2026-05-11T19:23:46+00:00\" \/>\n<meta property=\"og:image\" content=\"https:\/\/tupique.com\/wp-content\/uploads\/2026\/05\/V0103444_000_MKT-v_13.jpg\" \/>\n\t<meta property=\"og:image:width\" content=\"1200\" \/>\n\t<meta property=\"og:image:height\" content=\"1200\" \/>\n\t<meta property=\"og:image:type\" content=\"image\/jpeg\" \/>\n<meta name=\"twitter:card\" content=\"summary_large_image\" \/>\n<meta name=\"twitter:label1\" content=\"Est. reading time\" \/>\n\t<meta name=\"twitter:data1\" content=\"2 minutes\" \/>\n<script type=\"application\/ld+json\" class=\"yoast-schema-graph\">{\"@context\":\"https:\\\/\\\/schema.org\",\"@graph\":[{\"@type\":\"WebPage\",\"@id\":\"https:\\\/\\\/tupique.com\\\/en\\\/product\\\/appareil-de-massage-et-de-modelage-du-corps-ems-atrainik-innovagoods\\\/\",\"url\":\"https:\\\/\\\/tupique.com\\\/en\\\/product\\\/appareil-de-massage-et-de-modelage-du-corps-ems-atrainik-innovagoods\\\/\",\"name\":\"Appareil de Massage et de Modelage du Corps EMS Atrainik InnovaGoods | | Tupique\",\"isPartOf\":{\"@id\":\"https:\\\/\\\/tupique.com\\\/#website\"},\"primaryImageOfPage\":{\"@id\":\"https:\\\/\\\/tupique.com\\\/en\\\/product\\\/appareil-de-massage-et-de-modelage-du-corps-ems-atrainik-innovagoods\\\/#primaryimage\"},\"image\":{\"@id\":\"https:\\\/\\\/tupique.com\\\/en\\\/product\\\/appareil-de-massage-et-de-modelage-du-corps-ems-atrainik-innovagoods\\\/#primaryimage\"},\"thumbnailUrl\":\"https:\\\/\\\/tupique.com\\\/wp-content\\\/uploads\\\/2026\\\/05\\\/V0103444_000_MKT-v_13.jpg\",\"datePublished\":\"2026-05-11T13:08:11+00:00\",\"dateModified\":\"2026-05-11T19:23:46+00:00\",\"description\":\"Envie d'acheter Appareil de Massage et de Modelage du Corps EMS Atrainik InnovaGoods\u00a0? Achetez Appareil de Massage et de Modelage du Corps EMS Atrainik InnovaGoods maintenant avec Tupique en 3 versements sans int\u00e9r\u00eat.\",\"breadcrumb\":{\"@id\":\"https:\\\/\\\/tupique.com\\\/en\\\/product\\\/appareil-de-massage-et-de-modelage-du-corps-ems-atrainik-innovagoods\\\/#breadcrumb\"},\"inLanguage\":\"en-GB\",\"potentialAction\":[{\"@type\":\"ReadAction\",\"target\":[\"https:\\\/\\\/tupique.com\\\/en\\\/product\\\/appareil-de-massage-et-de-modelage-du-corps-ems-atrainik-innovagoods\\\/\"]}]},{\"@type\":\"ImageObject\",\"inLanguage\":\"en-GB\",\"@id\":\"https:\\\/\\\/tupique.com\\\/en\\\/product\\\/appareil-de-massage-et-de-modelage-du-corps-ems-atrainik-innovagoods\\\/#primaryimage\",\"url\":\"https:\\\/\\\/tupique.com\\\/wp-content\\\/uploads\\\/2026\\\/05\\\/V0103444_000_MKT-v_13.jpg\",\"contentUrl\":\"https:\\\/\\\/tupique.com\\\/wp-content\\\/uploads\\\/2026\\\/05\\\/V0103444_000_MKT-v_13.jpg\",\"width\":1200,\"height\":1200,\"caption\":\"V0103444_0\"},{\"@type\":\"BreadcrumbList\",\"@id\":\"https:\\\/\\\/tupique.com\\\/en\\\/product\\\/appareil-de-massage-et-de-modelage-du-corps-ems-atrainik-innovagoods\\\/#breadcrumb\",\"itemListElement\":[{\"@type\":\"ListItem\",\"position\":1,\"name\":\"commencer\",\"item\":\"https:\\\/\\\/tupique.com\\\/\"},{\"@type\":\"ListItem\",\"position\":2,\"name\":\"Loja\",\"item\":\"https:\\\/\\\/tupique.com\\\/pt\\\/loja\\\/\"},{\"@type\":\"ListItem\",\"position\":3,\"name\":\"Appareil de Massage et de Modelage du Corps EMS Atrainik InnovaGoods\"}]},{\"@type\":\"WebSite\",\"@id\":\"https:\\\/\\\/tupique.com\\\/#website\",\"url\":\"https:\\\/\\\/tupique.com\\\/\",\"name\":\"Tupique\",\"description\":\"\",\"publisher\":{\"@id\":\"https:\\\/\\\/tupique.com\\\/#organization\"},\"potentialAction\":[{\"@type\":\"SearchAction\",\"target\":{\"@type\":\"EntryPoint\",\"urlTemplate\":\"https:\\\/\\\/tupique.com\\\/?s={search_term_string}\"},\"query-input\":{\"@type\":\"PropertyValueSpecification\",\"valueRequired\":true,\"valueName\":\"search_term_string\"}}],\"inLanguage\":\"en-GB\"},{\"@type\":\"Organization\",\"@id\":\"https:\\\/\\\/tupique.com\\\/#organization\",\"name\":\"Tupique\",\"url\":\"https:\\\/\\\/tupique.com\\\/\",\"logo\":{\"@type\":\"ImageObject\",\"inLanguage\":\"en-GB\",\"@id\":\"https:\\\/\\\/tupique.com\\\/#\\\/schema\\\/logo\\\/image\\\/\",\"url\":\"https:\\\/\\\/tupique.com\\\/wp-content\\\/uploads\\\/2026\\\/03\\\/logo-tupique-1.webp\",\"contentUrl\":\"https:\\\/\\\/tupique.com\\\/wp-content\\\/uploads\\\/2026\\\/03\\\/logo-tupique-1.webp\",\"width\":500,\"height\":67,\"caption\":\"Tupique\"},\"image\":{\"@id\":\"https:\\\/\\\/tupique.com\\\/#\\\/schema\\\/logo\\\/image\\\/\"}}]}<\/script>\n<!-- \/ Yoast SEO plugin. -->","yoast_head_json":{"title":"Appareil de Massage et de Modelage du Corps EMS Atrainik InnovaGoods | | Tupique","description":"Envie d'acheter Appareil de Massage et de Modelage du Corps EMS Atrainik InnovaGoods\u00a0? Achetez Appareil de Massage et de Modelage du Corps EMS Atrainik InnovaGoods maintenant avec Tupique en 3 versements sans int\u00e9r\u00eat.","robots":{"index":"index","follow":"follow","max-snippet":"max-snippet:-1","max-image-preview":"max-image-preview:large","max-video-preview":"max-video-preview:-1"},"canonical":"https:\/\/tupique.com\/en\/product\/appareil-de-massage-et-de-modelage-du-corps-ems-atrainik-innovagoods\/","og_locale":"en_GB","og_type":"article","og_title":"Appareil de Massage et de Modelage du Corps EMS Atrainik InnovaGoods | | Tupique","og_description":"Envie d'acheter Appareil de Massage et de Modelage du Corps EMS Atrainik InnovaGoods\u00a0? Achetez Appareil de Massage et de Modelage du Corps EMS Atrainik InnovaGoods maintenant avec Tupique en 3 versements sans int\u00e9r\u00eat.","og_url":"https:\/\/tupique.com\/en\/product\/appareil-de-massage-et-de-modelage-du-corps-ems-atrainik-innovagoods\/","og_site_name":"Tupique","article_modified_time":"2026-05-11T19:23:46+00:00","og_image":[{"width":1200,"height":1200,"url":"https:\/\/tupique.com\/wp-content\/uploads\/2026\/05\/V0103444_000_MKT-v_13.jpg","type":"image\/jpeg"}],"twitter_card":"summary_large_image","twitter_misc":{"Est. reading time":"2 minutes"},"schema":{"@context":"https:\/\/schema.org","@graph":[{"@type":"WebPage","@id":"https:\/\/tupique.com\/en\/product\/appareil-de-massage-et-de-modelage-du-corps-ems-atrainik-innovagoods\/","url":"https:\/\/tupique.com\/en\/product\/appareil-de-massage-et-de-modelage-du-corps-ems-atrainik-innovagoods\/","name":"Appareil de Massage et de Modelage du Corps EMS Atrainik InnovaGoods | | Tupique","isPartOf":{"@id":"https:\/\/tupique.com\/#website"},"primaryImageOfPage":{"@id":"https:\/\/tupique.com\/en\/product\/appareil-de-massage-et-de-modelage-du-corps-ems-atrainik-innovagoods\/#primaryimage"},"image":{"@id":"https:\/\/tupique.com\/en\/product\/appareil-de-massage-et-de-modelage-du-corps-ems-atrainik-innovagoods\/#primaryimage"},"thumbnailUrl":"https:\/\/tupique.com\/wp-content\/uploads\/2026\/05\/V0103444_000_MKT-v_13.jpg","datePublished":"2026-05-11T13:08:11+00:00","dateModified":"2026-05-11T19:23:46+00:00","description":"Envie d'acheter Appareil de Massage et de Modelage du Corps EMS Atrainik InnovaGoods\u00a0? Achetez Appareil de Massage et de Modelage du Corps EMS Atrainik InnovaGoods maintenant avec Tupique en 3 versements sans int\u00e9r\u00eat.","breadcrumb":{"@id":"https:\/\/tupique.com\/en\/product\/appareil-de-massage-et-de-modelage-du-corps-ems-atrainik-innovagoods\/#breadcrumb"},"inLanguage":"en-GB","potentialAction":[{"@type":"ReadAction","target":["https:\/\/tupique.com\/en\/product\/appareil-de-massage-et-de-modelage-du-corps-ems-atrainik-innovagoods\/"]}]},{"@type":"ImageObject","inLanguage":"en-GB","@id":"https:\/\/tupique.com\/en\/product\/appareil-de-massage-et-de-modelage-du-corps-ems-atrainik-innovagoods\/#primaryimage","url":"https:\/\/tupique.com\/wp-content\/uploads\/2026\/05\/V0103444_000_MKT-v_13.jpg","contentUrl":"https:\/\/tupique.com\/wp-content\/uploads\/2026\/05\/V0103444_000_MKT-v_13.jpg","width":1200,"height":1200,"caption":"V0103444_0"},{"@type":"BreadcrumbList","@id":"https:\/\/tupique.com\/en\/product\/appareil-de-massage-et-de-modelage-du-corps-ems-atrainik-innovagoods\/#breadcrumb","itemListElement":[{"@type":"ListItem","position":1,"name":"commencer","item":"https:\/\/tupique.com\/"},{"@type":"ListItem","position":2,"name":"Loja","item":"https:\/\/tupique.com\/pt\/loja\/"},{"@type":"ListItem","position":3,"name":"Appareil de Massage et de Modelage du Corps EMS Atrainik InnovaGoods"}]},{"@type":"WebSite","@id":"https:\/\/tupique.com\/#website","url":"https:\/\/tupique.com\/","name":"Tupique","description":"","publisher":{"@id":"https:\/\/tupique.com\/#organization"},"potentialAction":[{"@type":"SearchAction","target":{"@type":"EntryPoint","urlTemplate":"https:\/\/tupique.com\/?s={search_term_string}"},"query-input":{"@type":"PropertyValueSpecification","valueRequired":true,"valueName":"search_term_string"}}],"inLanguage":"en-GB"},{"@type":"Organization","@id":"https:\/\/tupique.com\/#organization","name":"Tupique","url":"https:\/\/tupique.com\/","logo":{"@type":"ImageObject","inLanguage":"en-GB","@id":"https:\/\/tupique.com\/#\/schema\/logo\/image\/","url":"https:\/\/tupique.com\/wp-content\/uploads\/2026\/03\/logo-tupique-1.webp","contentUrl":"https:\/\/tupique.com\/wp-content\/uploads\/2026\/03\/logo-tupique-1.webp","width":500,"height":67,"caption":"Tupique"},"image":{"@id":"https:\/\/tupique.com\/#\/schema\/logo\/image\/"}}]}},"_links":{"self":[{"href":"https:\/\/tupique.com\/en\/wp-json\/wp\/v2\/product\/182056","targetHints":{"allow":["GET"]}}],"collection":[{"href":"https:\/\/tupique.com\/en\/wp-json\/wp\/v2\/product"}],"about":[{"href":"https:\/\/tupique.com\/en\/wp-json\/wp\/v2\/types\/product"}],"replies":[{"embeddable":true,"href":"https:\/\/tupique.com\/en\/wp-json\/wp\/v2\/comments?post=182056"}],"wp:featuredmedia":[{"embeddable":true,"href":"https:\/\/tupique.com\/en\/wp-json\/wp\/v2\/media\/182041"}],"wp:attachment":[{"href":"https:\/\/tupique.com\/en\/wp-json\/wp\/v2\/media?parent=182056"}],"wp:term":[{"taxonomy":"product_brand","embeddable":true,"href":"https:\/\/tupique.com\/en\/wp-json\/wp\/v2\/product_brand?post=182056"},{"taxonomy":"product_cat","embeddable":true,"href":"https:\/\/tupique.com\/en\/wp-json\/wp\/v2\/product_cat?post=182056"},{"taxonomy":"product_tag","embeddable":true,"href":"https:\/\/tupique.com\/en\/wp-json\/wp\/v2\/product_tag?post=182056"},{"taxonomy":"woo-feed-brand","embeddable":true,"href":"https:\/\/tupique.com\/en\/wp-json\/wp\/v2\/woo-feed-brand?post=182056"}],"curies":[{"name":"wp","href":"https:\/\/api.w.org\/{rel}","templated":true}]}}