{"id":182086,"date":"2026-05-11T15:09:10","date_gmt":"2026-05-11T13:09:10","guid":{"rendered":"https:\/\/tupique.com\/product\/cle-a-douille-universelle-avec-accessoires-uniscrew-innovagoods\/"},"modified":"2026-05-11T21:23:47","modified_gmt":"2026-05-11T19:23:47","slug":"cle-a-douille-universelle-avec-accessoires-uniscrew-innovagoods","status":"publish","type":"product","link":"https:\/\/tupique.com\/en\/product\/cle-a-douille-universelle-avec-accessoires-uniscrew-innovagoods\/","title":{"rendered":"Cl\u00e9 \u00e0 Douille Universelle avec Accessoires Uniscrew InnovaGoods"},"content":{"rendered":"<div class=\"col-md-6\"><b>InnovaGoods<\/b> vous offre les meilleures nouveaut\u00e9s pour la maison, comme <b>Cl\u00e9 \u00e0 Douille Universelle avec Accessoires Uniscrew InnovaGoods <\/b> ! D\u00e9couvrez une vaste gamme de produits de qualit\u00e9 qui se d\u00e9marquent de par leur fonctionnalit\u00e9, leur efficacit\u00e9 et leur design innovant : \u00e9clairage, organisation, d\u00e9coration, climatisation, jardin, animaux domestiques, nettoyage, etc.<\/p>\n<p>Une cl\u00e9 \u00e0 douille universelle innovante et polyvalente avec accessoires qui permet de visser et d\u00e9visser facilement tout type d\u2019\u00e9crou, de vis, de gond \u00e0 visser, de piton, etc. S\u2019adapte \u00e0 toutes les tailles et formes \u00e0 ses dimensions, ce qui le rend adapt\u00e9 pour le mat\u00e9riel de vissage entre 7-19\u00a0mm. Gr\u00e2ce au connecteur universel inclus, il est facilement ins\u00e9r\u00e9 dans n&#8217;importe quel cl\u00e9 \u00e0 cliquet, perceuse ou tournevis \u00e9lectrique ou manuel interchangeable. Il comprend un accessoire d\u2019extension pour \u00e9tendre votre port\u00e9e et un coude inclinable \u00e0 105\u00b0 pour les zones difficiles \u00e0 atteindre ou les espaces peu spacieux. Il est \u00e9galement fabriqu\u00e9 \u00e0 partir de m\u00e9taux de haute qualit\u00e9 et de haute r\u00e9sistance et est facile \u00e0 utiliser, \u00e0 transporter et \u00e0 ranger. Avec cet outil original, pratique, compact et l\u00e9ger vous n\u2019avez donc pas besoin de transporter des boites ou des caisses lourdes contenant une multitude de cl\u00e9s \u00e0 douille pour diff\u00e9rents types et tailles de mat\u00e9riel de vissage.<\/p>\n<ul>\n<li>Mat\u00e9riel:\n<ul>\n<li>Acier<\/li>\n<li>Chrome<\/li>\n<li>Vanadium<\/li>\n<\/ul>\n<\/li>\n<li>Couleur: M\u00e9tal<\/li>\n<li>Type: Cl\u00e9 \u00e0 pipe<\/li>\n<li>Multifonction: Visser et d\u00e9visser<\/li>\n<li>Polyvalent et adaptable: Convient pour du mat\u00e9riel de vissage entre 7-19 mm<\/li>\n<li>Polyvalent: \u00c9crous, vis, gonds \u00e0 visser, pitons, etc.<\/li>\n<li>Caract\u00e9ristiques: Accessoires inclus<\/li>\n<li>Accessoire connecteur pour tournevis\/foret: Universel<\/li>\n<li>Accessoire d&#8217;extension: (+) 7,5 cm<\/li>\n<li>Accessoire coude: Angle 105\u00ba<\/li>\n<li>Compatible:\n<ul>\n<li>Outils \u00e9lectriques<\/li>\n<li>Outils \u00e0 main<\/li>\n<\/ul>\n<\/li>\n<li>Dimensions approx.: \u00d82,5 x 5 cm<\/li>\n<\/ul>\n<p>Packaging et manuel en 24 langues: anglais, fran\u00e7ais, espagnol, allemand, italien, portugais, n\u00e9erlandais, polonais, hongrois, roumain, danois, su\u00e9dois, finnois, lituanien, norv\u00e9gien, slov\u00e8ne, grec, tch\u00e8que, bulgare, croate, slovaque, estonien, russe, letton.<\/p><\/div>\n<div class=\"col-md-6\">\n<div class=\"embed-responsive embed-responsive-16by9\"><iframe class=\"embed-responsive-item\" src=\"https:\/\/www.youtube.com\/embed\/vI5PB62_-ok\" frameborder=\"0\" allowfullscreen><\/iframe><\/div>\n<\/div>","protected":false},"excerpt":{"rendered":"<p>InnovaGoods vous offre les meilleures nouveaut\u00e9s pour la maison, comme Cl\u00e9 \u00e0 Douille Universelle avec Accessoires Uniscrew InnovaGoods ! D\u00e9couvrez une vaste gamme de produits de qualit\u00e9 qui se d\u00e9marquent de par leur fonctionnalit\u00e9, leur efficacit\u00e9 et leur design innovant : \u00e9clairage, organisation, d\u00e9coration, climatisation, jardin, animaux domestiques, nettoyage, etc. Une cl\u00e9 \u00e0 douille universelle [&hellip;]<\/p>\n","protected":false},"featured_media":182070,"comment_status":"open","ping_status":"closed","template":"","meta":[],"product_brand":[256],"product_cat":[613,63,64,1797,239,1796],"product_tag":[210],"class_list":{"0":"post-182086","1":"product","2":"type-product","3":"status-publish","4":"has-post-thumbnail","6":"product_brand-brandp_1281","7":"product_cat-bricolage-et-materiel","8":"product_cat-cadeaux-originaux","9":"product_cat-cadeaux-pour-la-maison","10":"product_cat-idees-pour-la-maison","11":"product_cat-maison-jardin","12":"product_cat-teleachat-vu-a-la-television","13":"product_tag-tag_25","15":"first","16":"instock","17":"taxable","18":"shipping-taxable","19":"purchasable","20":"product-type-simple"},"yoast_head":"<!-- This site is optimized with the Yoast SEO plugin v27.5 - https:\/\/yoast.com\/product\/yoast-seo-wordpress\/ -->\n<title>Cl\u00e9 \u00e0 Douille Universelle avec Accessoires Uniscrew InnovaGoods - Tupique<\/title>\n<meta name=\"robots\" content=\"index, follow, max-snippet:-1, max-image-preview:large, max-video-preview:-1\" \/>\n<link rel=\"canonical\" href=\"https:\/\/tupique.com\/en\/product\/cle-a-douille-universelle-avec-accessoires-uniscrew-innovagoods\/\" \/>\n<meta property=\"og:locale\" content=\"en_GB\" \/>\n<meta property=\"og:type\" content=\"article\" \/>\n<meta property=\"og:title\" content=\"Cl\u00e9 \u00e0 Douille Universelle avec Accessoires Uniscrew InnovaGoods - Tupique\" \/>\n<meta property=\"og:description\" content=\"InnovaGoods vous offre les meilleures nouveaut\u00e9s pour la maison, comme Cl\u00e9 \u00e0 Douille Universelle avec Accessoires Uniscrew InnovaGoods ! D\u00e9couvrez une vaste gamme de produits de qualit\u00e9 qui se d\u00e9marquent de par leur fonctionnalit\u00e9, leur efficacit\u00e9 et leur design innovant : \u00e9clairage, organisation, d\u00e9coration, climatisation, jardin, animaux domestiques, nettoyage, etc. Une cl\u00e9 \u00e0 douille universelle [&hellip;]\" \/>\n<meta property=\"og:url\" content=\"https:\/\/tupique.com\/en\/product\/cle-a-douille-universelle-avec-accessoires-uniscrew-innovagoods\/\" \/>\n<meta property=\"og:site_name\" content=\"Tupique\" \/>\n<meta property=\"article:modified_time\" content=\"2026-05-11T19:23:47+00:00\" \/>\n<meta name=\"twitter:card\" content=\"summary_large_image\" \/>\n<meta name=\"twitter:label1\" content=\"Est. reading time\" \/>\n\t<meta name=\"twitter:data1\" content=\"1 minute\" \/>\n<script type=\"application\/ld+json\" class=\"yoast-schema-graph\">{\"@context\":\"https:\\\/\\\/schema.org\",\"@graph\":[{\"@type\":\"WebPage\",\"@id\":\"https:\\\/\\\/tupique.com\\\/product\\\/cle-a-douille-universelle-avec-accessoires-uniscrew-innovagoods\\\/\",\"url\":\"https:\\\/\\\/tupique.com\\\/product\\\/cle-a-douille-universelle-avec-accessoires-uniscrew-innovagoods\\\/\",\"name\":\"Cl\u00e9 \u00e0 Douille Universelle avec Accessoires Uniscrew InnovaGoods - Tupique\",\"isPartOf\":{\"@id\":\"https:\\\/\\\/tupique.com\\\/#website\"},\"primaryImageOfPage\":{\"@id\":\"https:\\\/\\\/tupique.com\\\/product\\\/cle-a-douille-universelle-avec-accessoires-uniscrew-innovagoods\\\/#primaryimage\"},\"image\":{\"@id\":\"https:\\\/\\\/tupique.com\\\/product\\\/cle-a-douille-universelle-avec-accessoires-uniscrew-innovagoods\\\/#primaryimage\"},\"thumbnailUrl\":\"https:\\\/\\\/tupique.com\\\/wp-content\\\/uploads\\\/2026\\\/05\\\/V0103465_000_MKT5.jpg\",\"datePublished\":\"2026-05-11T13:09:10+00:00\",\"dateModified\":\"2026-05-11T19:23:47+00:00\",\"breadcrumb\":{\"@id\":\"https:\\\/\\\/tupique.com\\\/product\\\/cle-a-douille-universelle-avec-accessoires-uniscrew-innovagoods\\\/#breadcrumb\"},\"inLanguage\":\"en-GB\",\"potentialAction\":[{\"@type\":\"ReadAction\",\"target\":[\"https:\\\/\\\/tupique.com\\\/product\\\/cle-a-douille-universelle-avec-accessoires-uniscrew-innovagoods\\\/\"]}]},{\"@type\":\"ImageObject\",\"inLanguage\":\"en-GB\",\"@id\":\"https:\\\/\\\/tupique.com\\\/product\\\/cle-a-douille-universelle-avec-accessoires-uniscrew-innovagoods\\\/#primaryimage\",\"url\":\"https:\\\/\\\/tupique.com\\\/wp-content\\\/uploads\\\/2026\\\/05\\\/V0103465_000_MKT5.jpg\",\"contentUrl\":\"https:\\\/\\\/tupique.com\\\/wp-content\\\/uploads\\\/2026\\\/05\\\/V0103465_000_MKT5.jpg\",\"width\":1200,\"height\":1200,\"caption\":\"V0103465_0\"},{\"@type\":\"BreadcrumbList\",\"@id\":\"https:\\\/\\\/tupique.com\\\/product\\\/cle-a-douille-universelle-avec-accessoires-uniscrew-innovagoods\\\/#breadcrumb\",\"itemListElement\":[{\"@type\":\"ListItem\",\"position\":1,\"name\":\"commencer\",\"item\":\"https:\\\/\\\/tupique.com\\\/\"},{\"@type\":\"ListItem\",\"position\":2,\"name\":\"Loja\",\"item\":\"https:\\\/\\\/tupique.com\\\/loja\\\/\"},{\"@type\":\"ListItem\",\"position\":3,\"name\":\"Cl\u00e9 \u00e0 Douille Universelle avec Accessoires Uniscrew InnovaGoods\"}]},{\"@type\":\"WebSite\",\"@id\":\"https:\\\/\\\/tupique.com\\\/#website\",\"url\":\"https:\\\/\\\/tupique.com\\\/\",\"name\":\"Tupique\",\"description\":\"\",\"publisher\":{\"@id\":\"https:\\\/\\\/tupique.com\\\/#organization\"},\"potentialAction\":[{\"@type\":\"SearchAction\",\"target\":{\"@type\":\"EntryPoint\",\"urlTemplate\":\"https:\\\/\\\/tupique.com\\\/?s={search_term_string}\"},\"query-input\":{\"@type\":\"PropertyValueSpecification\",\"valueRequired\":true,\"valueName\":\"search_term_string\"}}],\"inLanguage\":\"en-GB\"},{\"@type\":\"Organization\",\"@id\":\"https:\\\/\\\/tupique.com\\\/#organization\",\"name\":\"Tupique\",\"url\":\"https:\\\/\\\/tupique.com\\\/\",\"logo\":{\"@type\":\"ImageObject\",\"inLanguage\":\"en-GB\",\"@id\":\"https:\\\/\\\/tupique.com\\\/#\\\/schema\\\/logo\\\/image\\\/\",\"url\":\"https:\\\/\\\/tupique.com\\\/wp-content\\\/uploads\\\/2026\\\/03\\\/logo-tupique-1.webp\",\"contentUrl\":\"https:\\\/\\\/tupique.com\\\/wp-content\\\/uploads\\\/2026\\\/03\\\/logo-tupique-1.webp\",\"width\":500,\"height\":67,\"caption\":\"Tupique\"},\"image\":{\"@id\":\"https:\\\/\\\/tupique.com\\\/#\\\/schema\\\/logo\\\/image\\\/\"}}]}<\/script>\n<!-- \/ Yoast SEO plugin. -->","yoast_head_json":{"title":"Cl\u00e9 \u00e0 Douille Universelle avec Accessoires Uniscrew InnovaGoods - Tupique","robots":{"index":"index","follow":"follow","max-snippet":"max-snippet:-1","max-image-preview":"max-image-preview:large","max-video-preview":"max-video-preview:-1"},"canonical":"https:\/\/tupique.com\/en\/product\/cle-a-douille-universelle-avec-accessoires-uniscrew-innovagoods\/","og_locale":"en_GB","og_type":"article","og_title":"Cl\u00e9 \u00e0 Douille Universelle avec Accessoires Uniscrew InnovaGoods - Tupique","og_description":"InnovaGoods vous offre les meilleures nouveaut\u00e9s pour la maison, comme Cl\u00e9 \u00e0 Douille Universelle avec Accessoires Uniscrew InnovaGoods ! D\u00e9couvrez une vaste gamme de produits de qualit\u00e9 qui se d\u00e9marquent de par leur fonctionnalit\u00e9, leur efficacit\u00e9 et leur design innovant : \u00e9clairage, organisation, d\u00e9coration, climatisation, jardin, animaux domestiques, nettoyage, etc. Une cl\u00e9 \u00e0 douille universelle [&hellip;]","og_url":"https:\/\/tupique.com\/en\/product\/cle-a-douille-universelle-avec-accessoires-uniscrew-innovagoods\/","og_site_name":"Tupique","article_modified_time":"2026-05-11T19:23:47+00:00","twitter_card":"summary_large_image","twitter_misc":{"Est. reading time":"1 minute"},"schema":{"@context":"https:\/\/schema.org","@graph":[{"@type":"WebPage","@id":"https:\/\/tupique.com\/product\/cle-a-douille-universelle-avec-accessoires-uniscrew-innovagoods\/","url":"https:\/\/tupique.com\/product\/cle-a-douille-universelle-avec-accessoires-uniscrew-innovagoods\/","name":"Cl\u00e9 \u00e0 Douille Universelle avec Accessoires Uniscrew InnovaGoods - Tupique","isPartOf":{"@id":"https:\/\/tupique.com\/#website"},"primaryImageOfPage":{"@id":"https:\/\/tupique.com\/product\/cle-a-douille-universelle-avec-accessoires-uniscrew-innovagoods\/#primaryimage"},"image":{"@id":"https:\/\/tupique.com\/product\/cle-a-douille-universelle-avec-accessoires-uniscrew-innovagoods\/#primaryimage"},"thumbnailUrl":"https:\/\/tupique.com\/wp-content\/uploads\/2026\/05\/V0103465_000_MKT5.jpg","datePublished":"2026-05-11T13:09:10+00:00","dateModified":"2026-05-11T19:23:47+00:00","breadcrumb":{"@id":"https:\/\/tupique.com\/product\/cle-a-douille-universelle-avec-accessoires-uniscrew-innovagoods\/#breadcrumb"},"inLanguage":"en-GB","potentialAction":[{"@type":"ReadAction","target":["https:\/\/tupique.com\/product\/cle-a-douille-universelle-avec-accessoires-uniscrew-innovagoods\/"]}]},{"@type":"ImageObject","inLanguage":"en-GB","@id":"https:\/\/tupique.com\/product\/cle-a-douille-universelle-avec-accessoires-uniscrew-innovagoods\/#primaryimage","url":"https:\/\/tupique.com\/wp-content\/uploads\/2026\/05\/V0103465_000_MKT5.jpg","contentUrl":"https:\/\/tupique.com\/wp-content\/uploads\/2026\/05\/V0103465_000_MKT5.jpg","width":1200,"height":1200,"caption":"V0103465_0"},{"@type":"BreadcrumbList","@id":"https:\/\/tupique.com\/product\/cle-a-douille-universelle-avec-accessoires-uniscrew-innovagoods\/#breadcrumb","itemListElement":[{"@type":"ListItem","position":1,"name":"commencer","item":"https:\/\/tupique.com\/"},{"@type":"ListItem","position":2,"name":"Loja","item":"https:\/\/tupique.com\/loja\/"},{"@type":"ListItem","position":3,"name":"Cl\u00e9 \u00e0 Douille Universelle avec Accessoires Uniscrew InnovaGoods"}]},{"@type":"WebSite","@id":"https:\/\/tupique.com\/#website","url":"https:\/\/tupique.com\/","name":"Tupique","description":"","publisher":{"@id":"https:\/\/tupique.com\/#organization"},"potentialAction":[{"@type":"SearchAction","target":{"@type":"EntryPoint","urlTemplate":"https:\/\/tupique.com\/?s={search_term_string}"},"query-input":{"@type":"PropertyValueSpecification","valueRequired":true,"valueName":"search_term_string"}}],"inLanguage":"en-GB"},{"@type":"Organization","@id":"https:\/\/tupique.com\/#organization","name":"Tupique","url":"https:\/\/tupique.com\/","logo":{"@type":"ImageObject","inLanguage":"en-GB","@id":"https:\/\/tupique.com\/#\/schema\/logo\/image\/","url":"https:\/\/tupique.com\/wp-content\/uploads\/2026\/03\/logo-tupique-1.webp","contentUrl":"https:\/\/tupique.com\/wp-content\/uploads\/2026\/03\/logo-tupique-1.webp","width":500,"height":67,"caption":"Tupique"},"image":{"@id":"https:\/\/tupique.com\/#\/schema\/logo\/image\/"}}]}},"_links":{"self":[{"href":"https:\/\/tupique.com\/en\/wp-json\/wp\/v2\/product\/182086","targetHints":{"allow":["GET"]}}],"collection":[{"href":"https:\/\/tupique.com\/en\/wp-json\/wp\/v2\/product"}],"about":[{"href":"https:\/\/tupique.com\/en\/wp-json\/wp\/v2\/types\/product"}],"replies":[{"embeddable":true,"href":"https:\/\/tupique.com\/en\/wp-json\/wp\/v2\/comments?post=182086"}],"wp:featuredmedia":[{"embeddable":true,"href":"https:\/\/tupique.com\/en\/wp-json\/wp\/v2\/media\/182070"}],"wp:attachment":[{"href":"https:\/\/tupique.com\/en\/wp-json\/wp\/v2\/media?parent=182086"}],"wp:term":[{"taxonomy":"product_brand","embeddable":true,"href":"https:\/\/tupique.com\/en\/wp-json\/wp\/v2\/product_brand?post=182086"},{"taxonomy":"product_cat","embeddable":true,"href":"https:\/\/tupique.com\/en\/wp-json\/wp\/v2\/product_cat?post=182086"},{"taxonomy":"product_tag","embeddable":true,"href":"https:\/\/tupique.com\/en\/wp-json\/wp\/v2\/product_tag?post=182086"}],"curies":[{"name":"wp","href":"https:\/\/api.w.org\/{rel}","templated":true}]}}