{"id":182121,"date":"2026-05-11T15:11:50","date_gmt":"2026-05-11T13:11:50","guid":{"rendered":"https:\/\/tupique.com\/product\/cable-avec-cadenas-ferrestock\/"},"modified":"2026-05-11T21:20:44","modified_gmt":"2026-05-11T19:20:44","slug":"cable-avec-cadenas-ferrestock","status":"publish","type":"product","link":"https:\/\/tupique.com\/en\/product\/cable-avec-cadenas-ferrestock\/","title":{"rendered":"C\u00e2ble avec cadenas Ferrestock"},"content":{"rendered":"<p>Restez en forme et d\u00e9couvrez les derni\u00e8res nouveaut\u00e9s du secteur pour faire du sport avec les meilleures garanties ! Achetez <b>C\u00e2ble avec cadenas Ferrestock<\/b> au meilleur prix et profitez d&#8217;une vie saine !<\/p>\n<p>The <b>c\u00e2ble antivol<\/b> pliable Ferrestock est une solution de s\u00e9curit\u00e9 robuste et pratique pour prot\u00e9ger les v\u00e9los, combinant fonctionnalit\u00e9 avanc\u00e9e et mat\u00e9riaux haute r\u00e9sistance. Avec une longueur totale de <b>69 cm<\/b>, cet antivol se distingue par sa structure compos\u00e9e de barres int\u00e9rieures en <b>acier tremp\u00e9 avec rev\u00eatement nickel\u00e9<\/b>, offrant une grande durabilit\u00e9 et r\u00e9sistance aux tentatives de coupe ou de per\u00e7age. Son design pliable facilite le transport et le rangement, compl\u00e9t\u00e9 par un support en caoutchouc permettant de le ranger ais\u00e9ment \u00e0 l\u2019int\u00e9rieur du cadre du v\u00e9lo. Ce syst\u00e8me dispose d\u2019un niveau de s\u00e9curit\u00e9 de <b>11 sur 15<\/b>, le pla\u00e7ant dans une cat\u00e9gorie moyenne-haute, adapt\u00e9e \u00e0 la protection contre le vol en milieu urbain ou rural. Il inclut <b>deux cl\u00e9s de s\u00e9curit\u00e9 antivol<\/b>, pour l\u2019ouverture et le verrouillage, qui emp\u00eachent le retrait de la cl\u00e9 lorsque la serrure est ouverte, renfor\u00e7ant la s\u00e9curit\u00e9 et \u00e9vitant les manipulations accidentelles. Pour l\u2019ouvrir, il faut d\u00e9plier correctement les maillons interm\u00e9diaires avant d\u2019ins\u00e9rer la cl\u00e9, qui est initialement en position verrouill\u00e9e ; en tournant celle-ci de 90\u00ba dans le sens horaire, le m\u00e9canisme se d\u00e9verrouille et permet de faire glisser le maillon de verrouillage qui lib\u00e8re l\u2019antivol. L\u2019attention port\u00e9e aux mat\u00e9riaux et au m\u00e9canisme conf\u00e8re \u00e0 ce produit une fiabilit\u00e9 remarquable, ainsi qu\u2019un \u00e9quilibre pratique entre s\u00e9curit\u00e9 et facilit\u00e9 d\u2019utilisation. Dans l\u2019ensemble, l\u2019antivol pliable Ferrestock est une option efficace et r\u00e9sistante pour ceux qui souhaitent prot\u00e9ger leur v\u00e9lo avec un dispositif facile \u00e0 manipuler et \u00e0 transporter.<\/p>\n<ul>\n<li>Caract\u00e9ristiques: Pliable<\/li>\n<li>Type: Cadenas<\/li>\n<\/ul>","protected":false},"excerpt":{"rendered":"<p>Restez en forme et d\u00e9couvrez les derni\u00e8res nouveaut\u00e9s du secteur pour faire du sport avec les meilleures garanties ! Achetez C\u00e2ble avec cadenas Ferrestock au meilleur prix et profitez d&#8217;une vie saine ! Le c\u00e2ble antivol pliable Ferrestock est une solution de s\u00e9curit\u00e9 robuste et pratique pour prot\u00e9ger les v\u00e9los, combinant fonctionnalit\u00e9 avanc\u00e9e et mat\u00e9riaux [&hellip;]<\/p>\n","protected":false},"featured_media":182113,"comment_status":"open","ping_status":"closed","template":"","meta":[],"product_brand":[2293],"product_cat":[1858,1857,1764],"product_tag":[163],"woo-feed-brand":[],"class_list":{"0":"post-182121","1":"product","2":"type-product","3":"status-publish","4":"has-post-thumbnail","6":"product_brand-brandp_5162","7":"product_cat-accessoires-de-cyclisme","8":"product_cat-cyclisme","9":"product_cat-sports-loisirs","10":"product_tag-tag_17","12":"first","13":"instock","14":"taxable","15":"shipping-taxable","16":"purchasable","17":"product-type-simple"},"yoast_head":"<!-- This site is optimized with the Yoast SEO plugin v27.5 - https:\/\/yoast.com\/product\/yoast-seo-wordpress\/ -->\n<title>C\u00e2ble avec cadenas Ferrestock | | Tupique<\/title>\n<meta name=\"description\" content=\"Envie d&#039;acheter C\u00e2ble avec cadenas Ferrestock\u00a0? Achetez C\u00e2ble avec cadenas Ferrestock maintenant avec Tupique en 3 versements sans int\u00e9r\u00eat.\" \/>\n<meta name=\"robots\" content=\"index, follow, max-snippet:-1, max-image-preview:large, max-video-preview:-1\" \/>\n<link rel=\"canonical\" href=\"https:\/\/tupique.com\/en\/product\/cable-avec-cadenas-ferrestock\/\" \/>\n<meta property=\"og:locale\" content=\"en_GB\" \/>\n<meta property=\"og:type\" content=\"article\" \/>\n<meta property=\"og:title\" content=\"C\u00e2ble avec cadenas Ferrestock | | Tupique\" \/>\n<meta property=\"og:description\" content=\"Envie d&#039;acheter C\u00e2ble avec cadenas Ferrestock\u00a0? Achetez C\u00e2ble avec cadenas Ferrestock maintenant avec Tupique en 3 versements sans int\u00e9r\u00eat.\" \/>\n<meta property=\"og:url\" content=\"https:\/\/tupique.com\/en\/product\/cable-avec-cadenas-ferrestock\/\" \/>\n<meta property=\"og:site_name\" content=\"Tupique\" \/>\n<meta property=\"article:modified_time\" content=\"2026-05-11T19:20:44+00:00\" \/>\n<meta property=\"og:image\" content=\"https:\/\/tupique.com\/wp-content\/uploads\/2026\/05\/8430025013594_S6502725_P0_WBG3.jpg\" \/>\n\t<meta property=\"og:image:width\" content=\"1200\" \/>\n\t<meta property=\"og:image:height\" content=\"1200\" \/>\n\t<meta property=\"og:image:type\" content=\"image\/jpeg\" \/>\n<meta name=\"twitter:card\" content=\"summary_large_image\" \/>\n<meta name=\"twitter:label1\" content=\"Est. reading time\" \/>\n\t<meta name=\"twitter:data1\" content=\"2 minutes\" \/>\n<script type=\"application\/ld+json\" class=\"yoast-schema-graph\">{\"@context\":\"https:\\\/\\\/schema.org\",\"@graph\":[{\"@type\":\"WebPage\",\"@id\":\"https:\\\/\\\/tupique.com\\\/product\\\/cable-avec-cadenas-ferrestock\\\/\",\"url\":\"https:\\\/\\\/tupique.com\\\/product\\\/cable-avec-cadenas-ferrestock\\\/\",\"name\":\"C\u00e2ble avec cadenas Ferrestock | | Tupique\",\"isPartOf\":{\"@id\":\"https:\\\/\\\/tupique.com\\\/#website\"},\"primaryImageOfPage\":{\"@id\":\"https:\\\/\\\/tupique.com\\\/product\\\/cable-avec-cadenas-ferrestock\\\/#primaryimage\"},\"image\":{\"@id\":\"https:\\\/\\\/tupique.com\\\/product\\\/cable-avec-cadenas-ferrestock\\\/#primaryimage\"},\"thumbnailUrl\":\"https:\\\/\\\/tupique.com\\\/wp-content\\\/uploads\\\/2026\\\/05\\\/8430025013594_S6502725_P0_WBG3.jpg\",\"datePublished\":\"2026-05-11T13:11:50+00:00\",\"dateModified\":\"2026-05-11T19:20:44+00:00\",\"description\":\"Envie d'acheter C\u00e2ble avec cadenas Ferrestock\u00a0? Achetez C\u00e2ble avec cadenas Ferrestock maintenant avec Tupique en 3 versements sans int\u00e9r\u00eat.\",\"breadcrumb\":{\"@id\":\"https:\\\/\\\/tupique.com\\\/product\\\/cable-avec-cadenas-ferrestock\\\/#breadcrumb\"},\"inLanguage\":\"en-GB\",\"potentialAction\":[{\"@type\":\"ReadAction\",\"target\":[\"https:\\\/\\\/tupique.com\\\/product\\\/cable-avec-cadenas-ferrestock\\\/\"]}]},{\"@type\":\"ImageObject\",\"inLanguage\":\"en-GB\",\"@id\":\"https:\\\/\\\/tupique.com\\\/product\\\/cable-avec-cadenas-ferrestock\\\/#primaryimage\",\"url\":\"https:\\\/\\\/tupique.com\\\/wp-content\\\/uploads\\\/2026\\\/05\\\/8430025013594_S6502725_P0_WBG3.jpg\",\"contentUrl\":\"https:\\\/\\\/tupique.com\\\/wp-content\\\/uploads\\\/2026\\\/05\\\/8430025013594_S6502725_P0_WBG3.jpg\",\"width\":1200,\"height\":1200,\"caption\":\"S6502725_0\"},{\"@type\":\"BreadcrumbList\",\"@id\":\"https:\\\/\\\/tupique.com\\\/product\\\/cable-avec-cadenas-ferrestock\\\/#breadcrumb\",\"itemListElement\":[{\"@type\":\"ListItem\",\"position\":1,\"name\":\"commencer\",\"item\":\"https:\\\/\\\/tupique.com\\\/\"},{\"@type\":\"ListItem\",\"position\":2,\"name\":\"Loja\",\"item\":\"https:\\\/\\\/tupique.com\\\/loja\\\/\"},{\"@type\":\"ListItem\",\"position\":3,\"name\":\"C\u00e2ble avec cadenas Ferrestock\"}]},{\"@type\":\"WebSite\",\"@id\":\"https:\\\/\\\/tupique.com\\\/#website\",\"url\":\"https:\\\/\\\/tupique.com\\\/\",\"name\":\"Tupique\",\"description\":\"\",\"publisher\":{\"@id\":\"https:\\\/\\\/tupique.com\\\/#organization\"},\"potentialAction\":[{\"@type\":\"SearchAction\",\"target\":{\"@type\":\"EntryPoint\",\"urlTemplate\":\"https:\\\/\\\/tupique.com\\\/?s={search_term_string}\"},\"query-input\":{\"@type\":\"PropertyValueSpecification\",\"valueRequired\":true,\"valueName\":\"search_term_string\"}}],\"inLanguage\":\"en-GB\"},{\"@type\":\"Organization\",\"@id\":\"https:\\\/\\\/tupique.com\\\/#organization\",\"name\":\"Tupique\",\"url\":\"https:\\\/\\\/tupique.com\\\/\",\"logo\":{\"@type\":\"ImageObject\",\"inLanguage\":\"en-GB\",\"@id\":\"https:\\\/\\\/tupique.com\\\/#\\\/schema\\\/logo\\\/image\\\/\",\"url\":\"https:\\\/\\\/tupique.com\\\/wp-content\\\/uploads\\\/2026\\\/03\\\/logo-tupique-1.webp\",\"contentUrl\":\"https:\\\/\\\/tupique.com\\\/wp-content\\\/uploads\\\/2026\\\/03\\\/logo-tupique-1.webp\",\"width\":500,\"height\":67,\"caption\":\"Tupique\"},\"image\":{\"@id\":\"https:\\\/\\\/tupique.com\\\/#\\\/schema\\\/logo\\\/image\\\/\"}}]}<\/script>\n<!-- \/ Yoast SEO plugin. -->","yoast_head_json":{"title":"C\u00e2ble avec cadenas Ferrestock | | Tupique","description":"Envie d'acheter C\u00e2ble avec cadenas Ferrestock\u00a0? Achetez C\u00e2ble avec cadenas Ferrestock maintenant avec Tupique en 3 versements sans int\u00e9r\u00eat.","robots":{"index":"index","follow":"follow","max-snippet":"max-snippet:-1","max-image-preview":"max-image-preview:large","max-video-preview":"max-video-preview:-1"},"canonical":"https:\/\/tupique.com\/en\/product\/cable-avec-cadenas-ferrestock\/","og_locale":"en_GB","og_type":"article","og_title":"C\u00e2ble avec cadenas Ferrestock | | Tupique","og_description":"Envie d'acheter C\u00e2ble avec cadenas Ferrestock\u00a0? Achetez C\u00e2ble avec cadenas Ferrestock maintenant avec Tupique en 3 versements sans int\u00e9r\u00eat.","og_url":"https:\/\/tupique.com\/en\/product\/cable-avec-cadenas-ferrestock\/","og_site_name":"Tupique","article_modified_time":"2026-05-11T19:20:44+00:00","og_image":[{"width":1200,"height":1200,"url":"https:\/\/tupique.com\/wp-content\/uploads\/2026\/05\/8430025013594_S6502725_P0_WBG3.jpg","type":"image\/jpeg"}],"twitter_card":"summary_large_image","twitter_misc":{"Est. reading time":"2 minutes"},"schema":{"@context":"https:\/\/schema.org","@graph":[{"@type":"WebPage","@id":"https:\/\/tupique.com\/product\/cable-avec-cadenas-ferrestock\/","url":"https:\/\/tupique.com\/product\/cable-avec-cadenas-ferrestock\/","name":"C\u00e2ble avec cadenas Ferrestock | | Tupique","isPartOf":{"@id":"https:\/\/tupique.com\/#website"},"primaryImageOfPage":{"@id":"https:\/\/tupique.com\/product\/cable-avec-cadenas-ferrestock\/#primaryimage"},"image":{"@id":"https:\/\/tupique.com\/product\/cable-avec-cadenas-ferrestock\/#primaryimage"},"thumbnailUrl":"https:\/\/tupique.com\/wp-content\/uploads\/2026\/05\/8430025013594_S6502725_P0_WBG3.jpg","datePublished":"2026-05-11T13:11:50+00:00","dateModified":"2026-05-11T19:20:44+00:00","description":"Envie d'acheter C\u00e2ble avec cadenas Ferrestock\u00a0? Achetez C\u00e2ble avec cadenas Ferrestock maintenant avec Tupique en 3 versements sans int\u00e9r\u00eat.","breadcrumb":{"@id":"https:\/\/tupique.com\/product\/cable-avec-cadenas-ferrestock\/#breadcrumb"},"inLanguage":"en-GB","potentialAction":[{"@type":"ReadAction","target":["https:\/\/tupique.com\/product\/cable-avec-cadenas-ferrestock\/"]}]},{"@type":"ImageObject","inLanguage":"en-GB","@id":"https:\/\/tupique.com\/product\/cable-avec-cadenas-ferrestock\/#primaryimage","url":"https:\/\/tupique.com\/wp-content\/uploads\/2026\/05\/8430025013594_S6502725_P0_WBG3.jpg","contentUrl":"https:\/\/tupique.com\/wp-content\/uploads\/2026\/05\/8430025013594_S6502725_P0_WBG3.jpg","width":1200,"height":1200,"caption":"S6502725_0"},{"@type":"BreadcrumbList","@id":"https:\/\/tupique.com\/product\/cable-avec-cadenas-ferrestock\/#breadcrumb","itemListElement":[{"@type":"ListItem","position":1,"name":"commencer","item":"https:\/\/tupique.com\/"},{"@type":"ListItem","position":2,"name":"Loja","item":"https:\/\/tupique.com\/loja\/"},{"@type":"ListItem","position":3,"name":"C\u00e2ble avec cadenas Ferrestock"}]},{"@type":"WebSite","@id":"https:\/\/tupique.com\/#website","url":"https:\/\/tupique.com\/","name":"Tupique","description":"","publisher":{"@id":"https:\/\/tupique.com\/#organization"},"potentialAction":[{"@type":"SearchAction","target":{"@type":"EntryPoint","urlTemplate":"https:\/\/tupique.com\/?s={search_term_string}"},"query-input":{"@type":"PropertyValueSpecification","valueRequired":true,"valueName":"search_term_string"}}],"inLanguage":"en-GB"},{"@type":"Organization","@id":"https:\/\/tupique.com\/#organization","name":"Tupique","url":"https:\/\/tupique.com\/","logo":{"@type":"ImageObject","inLanguage":"en-GB","@id":"https:\/\/tupique.com\/#\/schema\/logo\/image\/","url":"https:\/\/tupique.com\/wp-content\/uploads\/2026\/03\/logo-tupique-1.webp","contentUrl":"https:\/\/tupique.com\/wp-content\/uploads\/2026\/03\/logo-tupique-1.webp","width":500,"height":67,"caption":"Tupique"},"image":{"@id":"https:\/\/tupique.com\/#\/schema\/logo\/image\/"}}]}},"_links":{"self":[{"href":"https:\/\/tupique.com\/en\/wp-json\/wp\/v2\/product\/182121","targetHints":{"allow":["GET"]}}],"collection":[{"href":"https:\/\/tupique.com\/en\/wp-json\/wp\/v2\/product"}],"about":[{"href":"https:\/\/tupique.com\/en\/wp-json\/wp\/v2\/types\/product"}],"replies":[{"embeddable":true,"href":"https:\/\/tupique.com\/en\/wp-json\/wp\/v2\/comments?post=182121"}],"wp:featuredmedia":[{"embeddable":true,"href":"https:\/\/tupique.com\/en\/wp-json\/wp\/v2\/media\/182113"}],"wp:attachment":[{"href":"https:\/\/tupique.com\/en\/wp-json\/wp\/v2\/media?parent=182121"}],"wp:term":[{"taxonomy":"product_brand","embeddable":true,"href":"https:\/\/tupique.com\/en\/wp-json\/wp\/v2\/product_brand?post=182121"},{"taxonomy":"product_cat","embeddable":true,"href":"https:\/\/tupique.com\/en\/wp-json\/wp\/v2\/product_cat?post=182121"},{"taxonomy":"product_tag","embeddable":true,"href":"https:\/\/tupique.com\/en\/wp-json\/wp\/v2\/product_tag?post=182121"},{"taxonomy":"woo-feed-brand","embeddable":true,"href":"https:\/\/tupique.com\/en\/wp-json\/wp\/v2\/woo-feed-brand?post=182121"}],"curies":[{"name":"wp","href":"https:\/\/api.w.org\/{rel}","templated":true}]}}