{"id":182196,"date":"2026-05-11T15:14:12","date_gmt":"2026-05-11T13:14:12","guid":{"rendered":"https:\/\/tupique.com\/product\/chaise-de-sol-inclinable-sitinel-innovagoods\/"},"modified":"2026-05-11T21:23:47","modified_gmt":"2026-05-11T19:23:47","slug":"chaise-de-sol-inclinable-sitinel-innovagoods","status":"publish","type":"product","link":"https:\/\/tupique.com\/en\/product\/chaise-de-sol-inclinable-sitinel-innovagoods\/","title":{"rendered":"Chaise de Sol Inclinable Sitinel InnovaGoods"},"content":{"rendered":"<div class=\"col-md-6\"><b>InnovaGoods<\/b> vous offre les meilleures nouveaut\u00e9s pour la maison, comme <b>Chaise de Sol Inclinable Sitinel InnovaGoods <\/b>! D\u00e9couvrez une vaste gamme de produits de qualit\u00e9 qui se d\u00e9marquent de par leur fonctionnalit\u00e9, leur efficacit\u00e9 et leur design innovant : \u00e9clairage, organisation, d\u00e9coration, climatisation, jardin, animaux domestiques, nettoyage, etc.<\/p>\n<p>Un si\u00e8ge de sol inclinable original et \u00e9l\u00e9gant, tr\u00e8s pratique et confortable, qui permet jusqu&#8217;\u00e0 6 positions pour s&#8217;adapter \u00e0 tout moment \u00e0 la posture souhait\u00e9e. Il est dot\u00e9 d&#8217;un dossier \u00e0 inclinaison r\u00e9glable (angle r\u00e9glable, 90\u00ba-180\u00ba), de sorte qu&#8217;il peut \u00eatre utilis\u00e9 pour s&#8217;asseoir ou s&#8217;allonger lorsqu&#8217;il est enti\u00e8rement d\u00e9ploy\u00e9 comme tapis. Ce si\u00e8ge de sol moderne et polyvalent est ergonomique, multiposition et multifonctionnel, offrant une multitude de possibilit\u00e9s pour les enfants et les adultes. Id\u00e9al pour lire, m\u00e9diter, se reposer, regarder la t\u00e9l\u00e9vision, jouer \u00e0 des jeux vid\u00e9o, etc. De plus, gr\u00e2ce \u00e0 sa conception l\u00e9g\u00e8re et portable avec poign\u00e9e de transport, il peut \u00eatre facilement emport\u00e9 partout o\u00f9 il est n\u00e9cessaire. Il est \u00e9galement facile \u00e0 ranger dans un plus petit espace en position \u00e0 plat, et peut \u00eatre gliss\u00e9 sous le lit ou le canap\u00e9, dans l&#8217;armoire, etc. Il offre un soutien stable et un maintien ferme gr\u00e2ce \u00e0 sa structure solide et \u00e0 ses mat\u00e9riaux de qualit\u00e9. Recommand\u00e9 pour une utilisation en int\u00e9rieur (chambres, salons, etc.) ou dans les zones semi-couvertes de la maison (terrasses, etc.). Facile \u00e0 nettoyer (nettoyage \u00e0 la main).<\/p>\n<ul>\n<li>Mat\u00e9riel:\n<ul>\n<li>60  % Coton<\/li>\n<li>40 % Polyester<\/li>\n<\/ul>\n<\/li>\n<li>Couleur:\n<ul>\n<li>Gris<\/li>\n<li>Noir<\/li>\n<\/ul>\n<\/li>\n<li>Un design moderne et \u00e9l\u00e9gant: Novateur et pratique<\/li>\n<li>Ergonomique: Id\u00e9al pour enfants et adultes<\/li>\n<li>Originale et portative: Polyvalent et adaptable<\/li>\n<li>Multifonction: Plusieurs fonctionnalit\u00e9s et espaces<\/li>\n<li>Dossier inclin\u00e9: Inclinaison r\u00e9glable<\/li>\n<li>Multiposition: 6 positions<\/li>\n<li>angle ajustable: 90\u00ba-180\u00ba<\/li>\n<li>Utilisation recommand\u00e9e: Usage en int\u00e9rieur<\/li>\n<li>Confort et commodit\u00e9: Repos et relaxation<\/li>\n<li>Structure du si\u00e8ge: Alliage m\u00e9tallique<\/li>\n<li>Pieds d\u00b4appui stables: Fixation ferme<\/li>\n<li>Mat\u00e9riaux de qualit\u00e9: R\u00e9sistante et durable<\/li>\n<li>Poids Max. support\u00e9: 120 kg<\/li>\n<li>L\u00e9ger et maniable: Facilit\u00e9 d&#8217;utilisation<\/li>\n<li>Anse de transport: Facile \u00e0 transporter et \u00e0 ranger<\/li>\n<li>Facile \u00e0 nettoyer: Laver \u00e0 la main<\/li>\n<li>Dimensions approx. (d\u00e9pli\u00e9): 82 x 40 x 6 cm<\/li>\n<li>Packaging et manuel en 24 langues: anglais, fran\u00e7ais, espagnol, allemand, italien, portugais, n\u00e9erlandais, polonais, hongrois, roumain, danois, su\u00e9dois, finnois, lituanien, norv\u00e9gien, slov\u00e8ne, grec, tch\u00e8que, bulgare, croate, slovaque, estonien, russe, letton<\/li>\n<\/ul>\n<p>Packaging et manuel en 24 langues: anglais, fran\u00e7ais, espagnol, allemand, italien, portugais, n\u00e9erlandais, polonais, hongrois, roumain, danois, su\u00e9dois, finnois, lituanien, norv\u00e9gien, slov\u00e8ne, grec, tch\u00e8que, bulgare, croate, slovaque, estonien, russe, letton.<\/p><\/div>\n<div class=\"col-md-6\">\n<div class=\"embed-responsive embed-responsive-16by9\"><iframe class=\"embed-responsive-item\" src=\"https:\/\/www.youtube.com\/embed\/T2jVfrYAL5c\" frameborder=\"0\" allowfullscreen><\/iframe><\/div>\n<\/div>","protected":false},"excerpt":{"rendered":"<p>InnovaGoods vous offre les meilleures nouveaut\u00e9s pour la maison, comme Chaise de Sol Inclinable Sitinel InnovaGoods ! D\u00e9couvrez une vaste gamme de produits de qualit\u00e9 qui se d\u00e9marquent de par leur fonctionnalit\u00e9, leur efficacit\u00e9 et leur design innovant : \u00e9clairage, organisation, d\u00e9coration, climatisation, jardin, animaux domestiques, nettoyage, etc. Un si\u00e8ge de sol inclinable original et [&hellip;]<\/p>\n","protected":false},"featured_media":182182,"comment_status":"open","ping_status":"closed","template":"","meta":[],"product_brand":[256],"product_cat":[63,64,776,1797,239,577,1700,1218,752,1216,1796],"product_tag":[103],"class_list":{"0":"post-182196","1":"product","2":"type-product","3":"status-publish","4":"has-post-thumbnail","6":"product_brand-brandp_1281","7":"product_cat-cadeaux-originaux","8":"product_cat-cadeaux-pour-la-maison","9":"product_cat-detente-et-bien-etre","10":"product_cat-idees-pour-la-maison","11":"product_cat-maison-jardin","12":"product_cat-mobilier","13":"product_cat-poufs-et-tabourets","14":"product_cat-produits-de-detente","15":"product_cat-sante-beaute","16":"product_cat-tables-et-chaises","17":"product_cat-teleachat-vu-a-la-television","18":"product_tag-tag_1261","20":"first","21":"instock","22":"taxable","23":"shipping-taxable","24":"purchasable","25":"product-type-simple"},"yoast_head":"<!-- This site is optimized with the Yoast SEO plugin v27.5 - https:\/\/yoast.com\/product\/yoast-seo-wordpress\/ -->\n<title>Chaise de Sol Inclinable Sitinel InnovaGoods - Tupique<\/title>\n<meta name=\"robots\" content=\"index, follow, max-snippet:-1, max-image-preview:large, max-video-preview:-1\" \/>\n<link rel=\"canonical\" href=\"https:\/\/tupique.com\/en\/product\/chaise-de-sol-inclinable-sitinel-innovagoods\/\" \/>\n<meta property=\"og:locale\" content=\"en_GB\" \/>\n<meta property=\"og:type\" content=\"article\" \/>\n<meta property=\"og:title\" content=\"Chaise de Sol Inclinable Sitinel InnovaGoods - Tupique\" \/>\n<meta property=\"og:description\" content=\"InnovaGoods vous offre les meilleures nouveaut\u00e9s pour la maison, comme Chaise de Sol Inclinable Sitinel InnovaGoods ! D\u00e9couvrez une vaste gamme de produits de qualit\u00e9 qui se d\u00e9marquent de par leur fonctionnalit\u00e9, leur efficacit\u00e9 et leur design innovant : \u00e9clairage, organisation, d\u00e9coration, climatisation, jardin, animaux domestiques, nettoyage, etc. Un si\u00e8ge de sol inclinable original et [&hellip;]\" \/>\n<meta property=\"og:url\" content=\"https:\/\/tupique.com\/en\/product\/chaise-de-sol-inclinable-sitinel-innovagoods\/\" \/>\n<meta property=\"og:site_name\" content=\"Tupique\" \/>\n<meta property=\"article:modified_time\" content=\"2026-05-11T19:23:47+00:00\" \/>\n<meta property=\"og:image\" content=\"https:\/\/tupique.com\/wp-content\/uploads\/2026\/05\/V0103502_000_MKT-v_15.jpg\" \/>\n\t<meta property=\"og:image:width\" content=\"1200\" \/>\n\t<meta property=\"og:image:height\" content=\"1200\" \/>\n\t<meta property=\"og:image:type\" content=\"image\/jpeg\" \/>\n<meta name=\"twitter:card\" content=\"summary_large_image\" \/>\n<meta name=\"twitter:label1\" content=\"Est. reading time\" \/>\n\t<meta name=\"twitter:data1\" content=\"2 minutes\" \/>\n<script type=\"application\/ld+json\" class=\"yoast-schema-graph\">{\"@context\":\"https:\\\/\\\/schema.org\",\"@graph\":[{\"@type\":\"WebPage\",\"@id\":\"https:\\\/\\\/tupique.com\\\/product\\\/chaise-de-sol-inclinable-sitinel-innovagoods\\\/\",\"url\":\"https:\\\/\\\/tupique.com\\\/product\\\/chaise-de-sol-inclinable-sitinel-innovagoods\\\/\",\"name\":\"Chaise de Sol Inclinable Sitinel InnovaGoods - Tupique\",\"isPartOf\":{\"@id\":\"https:\\\/\\\/tupique.com\\\/#website\"},\"primaryImageOfPage\":{\"@id\":\"https:\\\/\\\/tupique.com\\\/product\\\/chaise-de-sol-inclinable-sitinel-innovagoods\\\/#primaryimage\"},\"image\":{\"@id\":\"https:\\\/\\\/tupique.com\\\/product\\\/chaise-de-sol-inclinable-sitinel-innovagoods\\\/#primaryimage\"},\"thumbnailUrl\":\"https:\\\/\\\/tupique.com\\\/wp-content\\\/uploads\\\/2026\\\/05\\\/V0103502_000_MKT-v_15.jpg\",\"datePublished\":\"2026-05-11T13:14:12+00:00\",\"dateModified\":\"2026-05-11T19:23:47+00:00\",\"breadcrumb\":{\"@id\":\"https:\\\/\\\/tupique.com\\\/product\\\/chaise-de-sol-inclinable-sitinel-innovagoods\\\/#breadcrumb\"},\"inLanguage\":\"en-GB\",\"potentialAction\":[{\"@type\":\"ReadAction\",\"target\":[\"https:\\\/\\\/tupique.com\\\/product\\\/chaise-de-sol-inclinable-sitinel-innovagoods\\\/\"]}]},{\"@type\":\"ImageObject\",\"inLanguage\":\"en-GB\",\"@id\":\"https:\\\/\\\/tupique.com\\\/product\\\/chaise-de-sol-inclinable-sitinel-innovagoods\\\/#primaryimage\",\"url\":\"https:\\\/\\\/tupique.com\\\/wp-content\\\/uploads\\\/2026\\\/05\\\/V0103502_000_MKT-v_15.jpg\",\"contentUrl\":\"https:\\\/\\\/tupique.com\\\/wp-content\\\/uploads\\\/2026\\\/05\\\/V0103502_000_MKT-v_15.jpg\",\"width\":1200,\"height\":1200,\"caption\":\"V0103502_0\"},{\"@type\":\"BreadcrumbList\",\"@id\":\"https:\\\/\\\/tupique.com\\\/product\\\/chaise-de-sol-inclinable-sitinel-innovagoods\\\/#breadcrumb\",\"itemListElement\":[{\"@type\":\"ListItem\",\"position\":1,\"name\":\"commencer\",\"item\":\"https:\\\/\\\/tupique.com\\\/\"},{\"@type\":\"ListItem\",\"position\":2,\"name\":\"Loja\",\"item\":\"https:\\\/\\\/tupique.com\\\/loja\\\/\"},{\"@type\":\"ListItem\",\"position\":3,\"name\":\"Chaise de Sol Inclinable Sitinel InnovaGoods\"}]},{\"@type\":\"WebSite\",\"@id\":\"https:\\\/\\\/tupique.com\\\/#website\",\"url\":\"https:\\\/\\\/tupique.com\\\/\",\"name\":\"Tupique\",\"description\":\"\",\"publisher\":{\"@id\":\"https:\\\/\\\/tupique.com\\\/#organization\"},\"potentialAction\":[{\"@type\":\"SearchAction\",\"target\":{\"@type\":\"EntryPoint\",\"urlTemplate\":\"https:\\\/\\\/tupique.com\\\/?s={search_term_string}\"},\"query-input\":{\"@type\":\"PropertyValueSpecification\",\"valueRequired\":true,\"valueName\":\"search_term_string\"}}],\"inLanguage\":\"en-GB\"},{\"@type\":\"Organization\",\"@id\":\"https:\\\/\\\/tupique.com\\\/#organization\",\"name\":\"Tupique\",\"url\":\"https:\\\/\\\/tupique.com\\\/\",\"logo\":{\"@type\":\"ImageObject\",\"inLanguage\":\"en-GB\",\"@id\":\"https:\\\/\\\/tupique.com\\\/#\\\/schema\\\/logo\\\/image\\\/\",\"url\":\"https:\\\/\\\/tupique.com\\\/wp-content\\\/uploads\\\/2026\\\/03\\\/logo-tupique-1.webp\",\"contentUrl\":\"https:\\\/\\\/tupique.com\\\/wp-content\\\/uploads\\\/2026\\\/03\\\/logo-tupique-1.webp\",\"width\":500,\"height\":67,\"caption\":\"Tupique\"},\"image\":{\"@id\":\"https:\\\/\\\/tupique.com\\\/#\\\/schema\\\/logo\\\/image\\\/\"}}]}<\/script>\n<!-- \/ Yoast SEO plugin. -->","yoast_head_json":{"title":"Chaise de Sol Inclinable Sitinel InnovaGoods - Tupique","robots":{"index":"index","follow":"follow","max-snippet":"max-snippet:-1","max-image-preview":"max-image-preview:large","max-video-preview":"max-video-preview:-1"},"canonical":"https:\/\/tupique.com\/en\/product\/chaise-de-sol-inclinable-sitinel-innovagoods\/","og_locale":"en_GB","og_type":"article","og_title":"Chaise de Sol Inclinable Sitinel InnovaGoods - Tupique","og_description":"InnovaGoods vous offre les meilleures nouveaut\u00e9s pour la maison, comme Chaise de Sol Inclinable Sitinel InnovaGoods ! D\u00e9couvrez une vaste gamme de produits de qualit\u00e9 qui se d\u00e9marquent de par leur fonctionnalit\u00e9, leur efficacit\u00e9 et leur design innovant : \u00e9clairage, organisation, d\u00e9coration, climatisation, jardin, animaux domestiques, nettoyage, etc. Un si\u00e8ge de sol inclinable original et [&hellip;]","og_url":"https:\/\/tupique.com\/en\/product\/chaise-de-sol-inclinable-sitinel-innovagoods\/","og_site_name":"Tupique","article_modified_time":"2026-05-11T19:23:47+00:00","og_image":[{"width":1200,"height":1200,"url":"https:\/\/tupique.com\/wp-content\/uploads\/2026\/05\/V0103502_000_MKT-v_15.jpg","type":"image\/jpeg"}],"twitter_card":"summary_large_image","twitter_misc":{"Est. reading time":"2 minutes"},"schema":{"@context":"https:\/\/schema.org","@graph":[{"@type":"WebPage","@id":"https:\/\/tupique.com\/product\/chaise-de-sol-inclinable-sitinel-innovagoods\/","url":"https:\/\/tupique.com\/product\/chaise-de-sol-inclinable-sitinel-innovagoods\/","name":"Chaise de Sol Inclinable Sitinel InnovaGoods - Tupique","isPartOf":{"@id":"https:\/\/tupique.com\/#website"},"primaryImageOfPage":{"@id":"https:\/\/tupique.com\/product\/chaise-de-sol-inclinable-sitinel-innovagoods\/#primaryimage"},"image":{"@id":"https:\/\/tupique.com\/product\/chaise-de-sol-inclinable-sitinel-innovagoods\/#primaryimage"},"thumbnailUrl":"https:\/\/tupique.com\/wp-content\/uploads\/2026\/05\/V0103502_000_MKT-v_15.jpg","datePublished":"2026-05-11T13:14:12+00:00","dateModified":"2026-05-11T19:23:47+00:00","breadcrumb":{"@id":"https:\/\/tupique.com\/product\/chaise-de-sol-inclinable-sitinel-innovagoods\/#breadcrumb"},"inLanguage":"en-GB","potentialAction":[{"@type":"ReadAction","target":["https:\/\/tupique.com\/product\/chaise-de-sol-inclinable-sitinel-innovagoods\/"]}]},{"@type":"ImageObject","inLanguage":"en-GB","@id":"https:\/\/tupique.com\/product\/chaise-de-sol-inclinable-sitinel-innovagoods\/#primaryimage","url":"https:\/\/tupique.com\/wp-content\/uploads\/2026\/05\/V0103502_000_MKT-v_15.jpg","contentUrl":"https:\/\/tupique.com\/wp-content\/uploads\/2026\/05\/V0103502_000_MKT-v_15.jpg","width":1200,"height":1200,"caption":"V0103502_0"},{"@type":"BreadcrumbList","@id":"https:\/\/tupique.com\/product\/chaise-de-sol-inclinable-sitinel-innovagoods\/#breadcrumb","itemListElement":[{"@type":"ListItem","position":1,"name":"commencer","item":"https:\/\/tupique.com\/"},{"@type":"ListItem","position":2,"name":"Loja","item":"https:\/\/tupique.com\/loja\/"},{"@type":"ListItem","position":3,"name":"Chaise de Sol Inclinable Sitinel InnovaGoods"}]},{"@type":"WebSite","@id":"https:\/\/tupique.com\/#website","url":"https:\/\/tupique.com\/","name":"Tupique","description":"","publisher":{"@id":"https:\/\/tupique.com\/#organization"},"potentialAction":[{"@type":"SearchAction","target":{"@type":"EntryPoint","urlTemplate":"https:\/\/tupique.com\/?s={search_term_string}"},"query-input":{"@type":"PropertyValueSpecification","valueRequired":true,"valueName":"search_term_string"}}],"inLanguage":"en-GB"},{"@type":"Organization","@id":"https:\/\/tupique.com\/#organization","name":"Tupique","url":"https:\/\/tupique.com\/","logo":{"@type":"ImageObject","inLanguage":"en-GB","@id":"https:\/\/tupique.com\/#\/schema\/logo\/image\/","url":"https:\/\/tupique.com\/wp-content\/uploads\/2026\/03\/logo-tupique-1.webp","contentUrl":"https:\/\/tupique.com\/wp-content\/uploads\/2026\/03\/logo-tupique-1.webp","width":500,"height":67,"caption":"Tupique"},"image":{"@id":"https:\/\/tupique.com\/#\/schema\/logo\/image\/"}}]}},"_links":{"self":[{"href":"https:\/\/tupique.com\/en\/wp-json\/wp\/v2\/product\/182196","targetHints":{"allow":["GET"]}}],"collection":[{"href":"https:\/\/tupique.com\/en\/wp-json\/wp\/v2\/product"}],"about":[{"href":"https:\/\/tupique.com\/en\/wp-json\/wp\/v2\/types\/product"}],"replies":[{"embeddable":true,"href":"https:\/\/tupique.com\/en\/wp-json\/wp\/v2\/comments?post=182196"}],"wp:featuredmedia":[{"embeddable":true,"href":"https:\/\/tupique.com\/en\/wp-json\/wp\/v2\/media\/182182"}],"wp:attachment":[{"href":"https:\/\/tupique.com\/en\/wp-json\/wp\/v2\/media?parent=182196"}],"wp:term":[{"taxonomy":"product_brand","embeddable":true,"href":"https:\/\/tupique.com\/en\/wp-json\/wp\/v2\/product_brand?post=182196"},{"taxonomy":"product_cat","embeddable":true,"href":"https:\/\/tupique.com\/en\/wp-json\/wp\/v2\/product_cat?post=182196"},{"taxonomy":"product_tag","embeddable":true,"href":"https:\/\/tupique.com\/en\/wp-json\/wp\/v2\/product_tag?post=182196"}],"curies":[{"name":"wp","href":"https:\/\/api.w.org\/{rel}","templated":true}]}}