{"id":182215,"date":"2026-05-11T15:14:48","date_gmt":"2026-05-11T13:14:48","guid":{"rendered":"https:\/\/tupique.com\/product\/brosse-rotative-pour-tuyau-twise-innovagoods\/"},"modified":"2026-05-11T21:23:47","modified_gmt":"2026-05-11T19:23:47","slug":"brosse-rotative-pour-tuyau-twise-innovagoods","status":"publish","type":"product","link":"https:\/\/tupique.com\/en\/product\/brosse-rotative-pour-tuyau-twise-innovagoods\/","title":{"rendered":"InnovaGoods Twise Hose Rotary Brush"},"content":{"rendered":"<div class=\"col-md-6\"><b>InnovaGoods<\/b> vous offre les meilleures nouveaut\u00e9s pour la maison, comme <b>InnovaGoods Twise Hose Rotary Brush <\/b>! D\u00e9couvrez une vaste gamme de produits de qualit\u00e9 qui se d\u00e9marquent de par leur fonctionnalit\u00e9, leur efficacit\u00e9 et leur design innovant : \u00e9clairage, organisation, d\u00e9coration, climatisation, jardin, animaux domestiques, nettoyage, etc.<\/p>\n<p>Brosse rotative originale et polyvalente tr\u00e8s confortable et efficace pour le nettoyage en ext\u00e9rieur d\u2019une multitude d\u2019espaces et de surfaces par \u00e9limination des salissures les plus difficiles et les plus incrust\u00e9es, ce qui permet de gagner du temps et d&#8217;\u00e9conomiser des efforts. Id\u00e9al pour le nettoyage des roues, pneus et autres pi\u00e8ces de tout v\u00e9hicule (voitures, motos, bicyclettes, etc.). Il est \u00e9galement d\u2019une grande aide pour le nettoyage des meubles et ustensiles ou outils de jardins, terrasses et barbecues, et pour le nettoyage des fa\u00e7ades, grilles, tapis, fourrures et ustensiles pour animaux, bottes et chaussures de travail, \u00e9quipements de sport, etc. Cette brosse de nettoyage multi-usages est dot\u00e9e d\u2019une t\u00eate rotative \u00e0 360\u00b0 et d&#8217;un r\u00e9gulateur de pression d&#8217;eau pour s\u00e9lectionner une intensit\u00e9 de d\u00e9bit plus \u00e9lev\u00e9e ou plus faible. Pour la faire fonctionner, c\u2019est la pression de l\u2019eau qui cause le mouvement rotatif de la brosse. Plus le niveau de pression est \u00e9lev\u00e9, plus la vitesse de rotation est \u00e9lev\u00e9e et vice versa. Comprend 2 brosses de nettoyage amovibles et interchangeables, l&#8217;une avec des poils durs et l&#8217;autre avec des poils souples pour s&#8217;adapter aux surfaces plus dures ou plus d\u00e9licates. Il s\u2019installe facilement sur n&#8217;importe quel tuyau, il suffit d&#8217;ins\u00e9rer sa fiche universelle dans une prise universelle (non fournie).<\/p>\n<ul>\n<li>Mat\u00e9riel:\n<ul>\n<li>ABS<\/li>\n<li>TPR<\/li>\n<\/ul>\n<\/li>\n<li>Couleur:\n<ul>\n<li>Gris<\/li>\n<li>Jaune<\/li>\n<li>Noir<\/li>\n<\/ul>\n<\/li>\n<li>Conception originale: Novateur et pratique<\/li>\n<li>Type: Multifonction<\/li>\n<li>Polyvalent et adaptable: Plusieurs fonctionnalit\u00e9s et espaces<\/li>\n<li>2 brosses de nettoyage amovibles:\n<ul>\n<li>Poils durs<\/li>\n<li>Poils souples<\/li>\n<\/ul>\n<\/li>\n<li>T\u00eate rotative: Rotation \u00e0 360\u00b0<\/li>\n<li>R\u00e9gulateur de pression: Intensit\u00e9 r\u00e9glable<\/li>\n<li>Prise universelle: Clic automatique<\/li>\n<li>Fonctionnement: Rotation automatique en fonction de la pression de l&#8217;eau<\/li>\n<li>Toilettage plus rapide et plus efficace: Gain de temps et \u00e9conomie d&#8217;efforts<\/li>\n<li>Utilisation principale: Utilisation en ext\u00e9rieur<\/li>\n<li>Facilit\u00e9 d&#8217;utilisation: Utilisation pratique et simple<\/li>\n<li>L\u00e9ger et maniable: Facile \u00e0 transporter et \u00e0 ranger<\/li>\n<li>Utilisation recommand\u00e9e: Nettoyage de roues, pneus, fa\u00e7ades, portails, meubles de jardin, coin barbecue, etc.<\/li>\n<li>Dimensions approx.: 39 x 7 x 7 cm<\/li>\n<li>Packaging et manuel en 24 langues: anglais, fran\u00e7ais, espagnol, allemand, italien, portugais, n\u00e9erlandais, polonais, hongrois, roumain, danois, su\u00e9dois, finnois, lituanien, norv\u00e9gien, slov\u00e8ne, grec, tch\u00e8que, bulgare, croate, slovaque, estonien, russe, letton<\/li>\n<\/ul>\n<p>Packaging et manuel en 24 langues: anglais, fran\u00e7ais, espagnol, allemand, italien, portugais, n\u00e9erlandais, polonais, hongrois, roumain, danois, su\u00e9dois, finnois, lituanien, norv\u00e9gien, slov\u00e8ne, grec, tch\u00e8que, bulgare, croate, slovaque, estonien, russe, letton.<\/p><\/div>\n<div class=\"col-md-6\">\n<div class=\"embed-responsive embed-responsive-16by9\"><iframe class=\"embed-responsive-item\" src=\"https:\/\/www.youtube.com\/embed\/-svVZVKCWAA\" frameborder=\"0\" allowfullscreen><\/iframe><\/div>\n<\/div>","protected":false},"excerpt":{"rendered":"<p>InnovaGoods vous offre les meilleures nouveaut\u00e9s pour la maison, comme Brosse Rotative pour Tuyau Twise InnovaGoods ! D\u00e9couvrez une vaste gamme de produits de qualit\u00e9 qui se d\u00e9marquent de par leur fonctionnalit\u00e9, leur efficacit\u00e9 et leur design innovant : \u00e9clairage, organisation, d\u00e9coration, climatisation, jardin, animaux domestiques, nettoyage, etc. Brosse rotative originale et polyvalente tr\u00e8s confortable [&hellip;]<\/p>\n","protected":false},"featured_media":182197,"comment_status":"open","ping_status":"closed","template":"","meta":[],"product_brand":[256],"product_cat":[1765,241,613,63,64,1797,759,760,239,1842,240,1764,1796,1049],"product_tag":[211,210],"woo-feed-brand":[],"class_list":{"0":"post-182215","1":"product","2":"type-product","3":"status-publish","4":"has-post-thumbnail","6":"product_brand-brandp_1281","7":"product_cat-accessoires-pour-voitures","8":"product_cat-autres-produits-menagers","9":"product_cat-bricolage-et-materiel","10":"product_cat-cadeaux-originaux","11":"product_cat-cadeaux-pour-la-maison","12":"product_cat-idees-pour-la-maison","13":"product_cat-jardin-et-terrasse","14":"product_cat-jardinage","15":"product_cat-maison-jardin","16":"product_cat-nettoyage-et-entretien-de-vehicule","17":"product_cat-nettoyage-aspirateur-et-repassage","18":"product_cat-sports-loisirs","19":"product_cat-teleachat-vu-a-la-television","20":"product_cat-tuyaux-d-arrosage-et-accessoires","21":"product_tag-tag_3","22":"product_tag-tag_25","24":"first","25":"instock","26":"taxable","27":"shipping-taxable","28":"purchasable","29":"product-type-simple"},"yoast_head":"<!-- This site is optimized with the Yoast SEO plugin v27.5 - https:\/\/yoast.com\/product\/yoast-seo-wordpress\/ -->\n<title>Brosse Rotative pour Tuyau Twise InnovaGoods | | Tupique<\/title>\n<meta name=\"description\" content=\"Envie d&#039;acheter Brosse Rotative pour Tuyau Twise InnovaGoods\u00a0? Achetez Brosse Rotative pour Tuyau Twise InnovaGoods maintenant avec Tupique en 3 versements sans int\u00e9r\u00eat.\" \/>\n<meta name=\"robots\" content=\"index, follow, max-snippet:-1, max-image-preview:large, max-video-preview:-1\" \/>\n<link rel=\"canonical\" href=\"https:\/\/tupique.com\/en\/product\/brosse-rotative-pour-tuyau-twise-innovagoods\/\" \/>\n<meta property=\"og:locale\" content=\"en_GB\" \/>\n<meta property=\"og:type\" content=\"article\" \/>\n<meta property=\"og:title\" content=\"Brosse Rotative pour Tuyau Twise InnovaGoods | | Tupique\" \/>\n<meta property=\"og:description\" content=\"Envie d&#039;acheter Brosse Rotative pour Tuyau Twise InnovaGoods\u00a0? Achetez Brosse Rotative pour Tuyau Twise InnovaGoods maintenant avec Tupique en 3 versements sans int\u00e9r\u00eat.\" \/>\n<meta property=\"og:url\" content=\"https:\/\/tupique.com\/en\/product\/brosse-rotative-pour-tuyau-twise-innovagoods\/\" \/>\n<meta property=\"og:site_name\" content=\"Tupique\" \/>\n<meta property=\"article:modified_time\" content=\"2026-05-11T19:23:47+00:00\" \/>\n<meta property=\"og:image\" content=\"https:\/\/tupique.com\/wp-content\/uploads\/2026\/05\/V0103499_000_MKT-v_15.jpg\" \/>\n\t<meta property=\"og:image:width\" content=\"1200\" \/>\n\t<meta property=\"og:image:height\" content=\"1200\" \/>\n\t<meta property=\"og:image:type\" content=\"image\/jpeg\" \/>\n<meta name=\"twitter:card\" content=\"summary_large_image\" \/>\n<meta name=\"twitter:label1\" content=\"Est. reading time\" \/>\n\t<meta name=\"twitter:data1\" content=\"2 minutes\" \/>\n<script type=\"application\/ld+json\" class=\"yoast-schema-graph\">{\"@context\":\"https:\\\/\\\/schema.org\",\"@graph\":[{\"@type\":\"WebPage\",\"@id\":\"https:\\\/\\\/tupique.com\\\/pt\\\/product\\\/brosse-rotative-pour-tuyau-twise-innovagoods\\\/\",\"url\":\"https:\\\/\\\/tupique.com\\\/pt\\\/product\\\/brosse-rotative-pour-tuyau-twise-innovagoods\\\/\",\"name\":\"Brosse Rotative pour Tuyau Twise InnovaGoods | | Tupique\",\"isPartOf\":{\"@id\":\"https:\\\/\\\/tupique.com\\\/#website\"},\"primaryImageOfPage\":{\"@id\":\"https:\\\/\\\/tupique.com\\\/pt\\\/product\\\/brosse-rotative-pour-tuyau-twise-innovagoods\\\/#primaryimage\"},\"image\":{\"@id\":\"https:\\\/\\\/tupique.com\\\/pt\\\/product\\\/brosse-rotative-pour-tuyau-twise-innovagoods\\\/#primaryimage\"},\"thumbnailUrl\":\"https:\\\/\\\/tupique.com\\\/wp-content\\\/uploads\\\/2026\\\/05\\\/V0103499_000_MKT-v_15.jpg\",\"datePublished\":\"2026-05-11T13:14:48+00:00\",\"dateModified\":\"2026-05-11T19:23:47+00:00\",\"description\":\"Envie d'acheter Brosse Rotative pour Tuyau Twise InnovaGoods\u00a0? Achetez Brosse Rotative pour Tuyau Twise InnovaGoods maintenant avec Tupique en 3 versements sans int\u00e9r\u00eat.\",\"breadcrumb\":{\"@id\":\"https:\\\/\\\/tupique.com\\\/pt\\\/product\\\/brosse-rotative-pour-tuyau-twise-innovagoods\\\/#breadcrumb\"},\"inLanguage\":\"en-GB\",\"potentialAction\":[{\"@type\":\"ReadAction\",\"target\":[\"https:\\\/\\\/tupique.com\\\/pt\\\/product\\\/brosse-rotative-pour-tuyau-twise-innovagoods\\\/\"]}]},{\"@type\":\"ImageObject\",\"inLanguage\":\"en-GB\",\"@id\":\"https:\\\/\\\/tupique.com\\\/pt\\\/product\\\/brosse-rotative-pour-tuyau-twise-innovagoods\\\/#primaryimage\",\"url\":\"https:\\\/\\\/tupique.com\\\/wp-content\\\/uploads\\\/2026\\\/05\\\/V0103499_000_MKT-v_15.jpg\",\"contentUrl\":\"https:\\\/\\\/tupique.com\\\/wp-content\\\/uploads\\\/2026\\\/05\\\/V0103499_000_MKT-v_15.jpg\",\"width\":1200,\"height\":1200,\"caption\":\"V0103499_0\"},{\"@type\":\"BreadcrumbList\",\"@id\":\"https:\\\/\\\/tupique.com\\\/pt\\\/product\\\/brosse-rotative-pour-tuyau-twise-innovagoods\\\/#breadcrumb\",\"itemListElement\":[{\"@type\":\"ListItem\",\"position\":1,\"name\":\"commencer\",\"item\":\"https:\\\/\\\/tupique.com\\\/\"},{\"@type\":\"ListItem\",\"position\":2,\"name\":\"Loja\",\"item\":\"https:\\\/\\\/tupique.com\\\/pt\\\/loja\\\/\"},{\"@type\":\"ListItem\",\"position\":3,\"name\":\"Brosse Rotative pour Tuyau Twise InnovaGoods\"}]},{\"@type\":\"WebSite\",\"@id\":\"https:\\\/\\\/tupique.com\\\/#website\",\"url\":\"https:\\\/\\\/tupique.com\\\/\",\"name\":\"Tupique\",\"description\":\"\",\"publisher\":{\"@id\":\"https:\\\/\\\/tupique.com\\\/#organization\"},\"potentialAction\":[{\"@type\":\"SearchAction\",\"target\":{\"@type\":\"EntryPoint\",\"urlTemplate\":\"https:\\\/\\\/tupique.com\\\/?s={search_term_string}\"},\"query-input\":{\"@type\":\"PropertyValueSpecification\",\"valueRequired\":true,\"valueName\":\"search_term_string\"}}],\"inLanguage\":\"en-GB\"},{\"@type\":\"Organization\",\"@id\":\"https:\\\/\\\/tupique.com\\\/#organization\",\"name\":\"Tupique\",\"url\":\"https:\\\/\\\/tupique.com\\\/\",\"logo\":{\"@type\":\"ImageObject\",\"inLanguage\":\"en-GB\",\"@id\":\"https:\\\/\\\/tupique.com\\\/#\\\/schema\\\/logo\\\/image\\\/\",\"url\":\"https:\\\/\\\/tupique.com\\\/wp-content\\\/uploads\\\/2026\\\/03\\\/logo-tupique-1.webp\",\"contentUrl\":\"https:\\\/\\\/tupique.com\\\/wp-content\\\/uploads\\\/2026\\\/03\\\/logo-tupique-1.webp\",\"width\":500,\"height\":67,\"caption\":\"Tupique\"},\"image\":{\"@id\":\"https:\\\/\\\/tupique.com\\\/#\\\/schema\\\/logo\\\/image\\\/\"}}]}<\/script>\n<!-- \/ Yoast SEO plugin. -->","yoast_head_json":{"title":"Brosse Rotative pour Tuyau Twise InnovaGoods | | Tupique","description":"Envie d'acheter Brosse Rotative pour Tuyau Twise InnovaGoods\u00a0? Achetez Brosse Rotative pour Tuyau Twise InnovaGoods maintenant avec Tupique en 3 versements sans int\u00e9r\u00eat.","robots":{"index":"index","follow":"follow","max-snippet":"max-snippet:-1","max-image-preview":"max-image-preview:large","max-video-preview":"max-video-preview:-1"},"canonical":"https:\/\/tupique.com\/en\/product\/brosse-rotative-pour-tuyau-twise-innovagoods\/","og_locale":"en_GB","og_type":"article","og_title":"Brosse Rotative pour Tuyau Twise InnovaGoods | | Tupique","og_description":"Envie d'acheter Brosse Rotative pour Tuyau Twise InnovaGoods\u00a0? Achetez Brosse Rotative pour Tuyau Twise InnovaGoods maintenant avec Tupique en 3 versements sans int\u00e9r\u00eat.","og_url":"https:\/\/tupique.com\/en\/product\/brosse-rotative-pour-tuyau-twise-innovagoods\/","og_site_name":"Tupique","article_modified_time":"2026-05-11T19:23:47+00:00","og_image":[{"width":1200,"height":1200,"url":"https:\/\/tupique.com\/wp-content\/uploads\/2026\/05\/V0103499_000_MKT-v_15.jpg","type":"image\/jpeg"}],"twitter_card":"summary_large_image","twitter_misc":{"Est. reading time":"2 minutes"},"schema":{"@context":"https:\/\/schema.org","@graph":[{"@type":"WebPage","@id":"https:\/\/tupique.com\/pt\/product\/brosse-rotative-pour-tuyau-twise-innovagoods\/","url":"https:\/\/tupique.com\/pt\/product\/brosse-rotative-pour-tuyau-twise-innovagoods\/","name":"Brosse Rotative pour Tuyau Twise InnovaGoods | | Tupique","isPartOf":{"@id":"https:\/\/tupique.com\/#website"},"primaryImageOfPage":{"@id":"https:\/\/tupique.com\/pt\/product\/brosse-rotative-pour-tuyau-twise-innovagoods\/#primaryimage"},"image":{"@id":"https:\/\/tupique.com\/pt\/product\/brosse-rotative-pour-tuyau-twise-innovagoods\/#primaryimage"},"thumbnailUrl":"https:\/\/tupique.com\/wp-content\/uploads\/2026\/05\/V0103499_000_MKT-v_15.jpg","datePublished":"2026-05-11T13:14:48+00:00","dateModified":"2026-05-11T19:23:47+00:00","description":"Envie d'acheter Brosse Rotative pour Tuyau Twise InnovaGoods\u00a0? Achetez Brosse Rotative pour Tuyau Twise InnovaGoods maintenant avec Tupique en 3 versements sans int\u00e9r\u00eat.","breadcrumb":{"@id":"https:\/\/tupique.com\/pt\/product\/brosse-rotative-pour-tuyau-twise-innovagoods\/#breadcrumb"},"inLanguage":"en-GB","potentialAction":[{"@type":"ReadAction","target":["https:\/\/tupique.com\/pt\/product\/brosse-rotative-pour-tuyau-twise-innovagoods\/"]}]},{"@type":"ImageObject","inLanguage":"en-GB","@id":"https:\/\/tupique.com\/pt\/product\/brosse-rotative-pour-tuyau-twise-innovagoods\/#primaryimage","url":"https:\/\/tupique.com\/wp-content\/uploads\/2026\/05\/V0103499_000_MKT-v_15.jpg","contentUrl":"https:\/\/tupique.com\/wp-content\/uploads\/2026\/05\/V0103499_000_MKT-v_15.jpg","width":1200,"height":1200,"caption":"V0103499_0"},{"@type":"BreadcrumbList","@id":"https:\/\/tupique.com\/pt\/product\/brosse-rotative-pour-tuyau-twise-innovagoods\/#breadcrumb","itemListElement":[{"@type":"ListItem","position":1,"name":"commencer","item":"https:\/\/tupique.com\/"},{"@type":"ListItem","position":2,"name":"Loja","item":"https:\/\/tupique.com\/pt\/loja\/"},{"@type":"ListItem","position":3,"name":"Brosse Rotative pour Tuyau Twise InnovaGoods"}]},{"@type":"WebSite","@id":"https:\/\/tupique.com\/#website","url":"https:\/\/tupique.com\/","name":"Tupique","description":"","publisher":{"@id":"https:\/\/tupique.com\/#organization"},"potentialAction":[{"@type":"SearchAction","target":{"@type":"EntryPoint","urlTemplate":"https:\/\/tupique.com\/?s={search_term_string}"},"query-input":{"@type":"PropertyValueSpecification","valueRequired":true,"valueName":"search_term_string"}}],"inLanguage":"en-GB"},{"@type":"Organization","@id":"https:\/\/tupique.com\/#organization","name":"Tupique","url":"https:\/\/tupique.com\/","logo":{"@type":"ImageObject","inLanguage":"en-GB","@id":"https:\/\/tupique.com\/#\/schema\/logo\/image\/","url":"https:\/\/tupique.com\/wp-content\/uploads\/2026\/03\/logo-tupique-1.webp","contentUrl":"https:\/\/tupique.com\/wp-content\/uploads\/2026\/03\/logo-tupique-1.webp","width":500,"height":67,"caption":"Tupique"},"image":{"@id":"https:\/\/tupique.com\/#\/schema\/logo\/image\/"}}]}},"_links":{"self":[{"href":"https:\/\/tupique.com\/en\/wp-json\/wp\/v2\/product\/182215","targetHints":{"allow":["GET"]}}],"collection":[{"href":"https:\/\/tupique.com\/en\/wp-json\/wp\/v2\/product"}],"about":[{"href":"https:\/\/tupique.com\/en\/wp-json\/wp\/v2\/types\/product"}],"replies":[{"embeddable":true,"href":"https:\/\/tupique.com\/en\/wp-json\/wp\/v2\/comments?post=182215"}],"wp:featuredmedia":[{"embeddable":true,"href":"https:\/\/tupique.com\/en\/wp-json\/wp\/v2\/media\/182197"}],"wp:attachment":[{"href":"https:\/\/tupique.com\/en\/wp-json\/wp\/v2\/media?parent=182215"}],"wp:term":[{"taxonomy":"product_brand","embeddable":true,"href":"https:\/\/tupique.com\/en\/wp-json\/wp\/v2\/product_brand?post=182215"},{"taxonomy":"product_cat","embeddable":true,"href":"https:\/\/tupique.com\/en\/wp-json\/wp\/v2\/product_cat?post=182215"},{"taxonomy":"product_tag","embeddable":true,"href":"https:\/\/tupique.com\/en\/wp-json\/wp\/v2\/product_tag?post=182215"},{"taxonomy":"woo-feed-brand","embeddable":true,"href":"https:\/\/tupique.com\/en\/wp-json\/wp\/v2\/woo-feed-brand?post=182215"}],"curies":[{"name":"wp","href":"https:\/\/api.w.org\/{rel}","templated":true}]}}