{"id":182290,"date":"2026-05-11T15:25:09","date_gmt":"2026-05-11T13:25:09","guid":{"rendered":"https:\/\/tupique.com\/product\/siege-gonflable-avec-led-multicolore-et-telecommande-pulight-innovagoods\/"},"modified":"2026-05-11T21:23:47","modified_gmt":"2026-05-11T19:23:47","slug":"siege-gonflable-avec-led-multicolore-et-telecommande-pulight-innovagoods","status":"publish","type":"product","link":"https:\/\/tupique.com\/en\/product\/siege-gonflable-avec-led-multicolore-et-telecommande-pulight-innovagoods\/","title":{"rendered":"Si\u00e8ge gonflable avec LED multicolore et t\u00e9l\u00e9commande Pulight InnovaGoods"},"content":{"rendered":"<div class=\"col-md-6\"><b>InnovaGoods<\/b> vous offre les meilleures nouveaut\u00e9s pour la maison, comme <b>Si\u00e8ge gonflable avec LED multicolore et t\u00e9l\u00e9commande Pulight InnovaGoods <\/b> ! D\u00e9couvrez une vaste gamme de produits de qualit\u00e9 qui se d\u00e9marquent de par leur fonctionnalit\u00e9, leur efficacit\u00e9 et leur design innovant : \u00e9clairage, organisation, d\u00e9coration, climatisation, jardin, animaux domestiques, nettoyage, etc.<\/p>\n<p>The <b>si\u00e8ge<br \/>\ngonflable Pulight InnovaGoods avec LED multicolore et t\u00e9l\u00e9commande<\/b> offre<br \/>\ndes possibilit\u00e9s infinies avec sa conception originale et polyvalente qui peut<br \/>\n\u00eatre adapt\u00e9e \u00e0 tous les contextes. Vous pouvez profiter de ce <b>pouf gonflable<\/b> confortable <b>\u00e0 l&#8217;int\u00e9rieur comme \u00e0 l&#8217;ext\u00e9rieur<\/b>, car<br \/>\nson <b>\u00e9clairage LED<\/b> est id\u00e9al pour<br \/>\ncr\u00e9er une atmosph\u00e8re sp\u00e9ciale le soir. Un <b>si\u00e8ge<br \/>\nflottant<\/b> qui allie parfaitement \u00e9l\u00e9gance et utilit\u00e9. <\/p>\n<\/p>\n<ul>\n<li><b>T\u00e9l\u00e9commande <\/b>pour choisir entre<b> diff\u00e9rentes<br \/>\ncouleurs et r\u00e9glages de lumi\u00e8re<\/b><\/li>\n<li>Module<br \/>\n<b>LED \u00e9lectrique amovible<\/b> \u00e0 usage<br \/>\nclassique<\/li>\n<li><b>Pompe de gonflage incluse <\/b>pour le gonfler rapidement et facilement<\/li>\n<li><b>Double soupape de<br \/>\ns\u00e9curit\u00e9 : <\/b>gonflage plus s\u00fbr et d\u00e9gonflage plus<br \/>\nrapide <\/li>\n<li><b>R\u00e9sistant \u00e0 l&#8217;eau<\/b>, il peut \u00e9galement \u00eatre utilis\u00e9 dans la piscine<\/li>\n<li>Mat\u00e9riaux<br \/>\nde qualit\u00e9 et r\u00e9sistants pouvant supporter jusqu&#8217;\u00e0 100 kg<\/li>\n<li><b>L\u00e9ger, portable<\/b>, peu encombrant, facile \u00e0 transporter et \u00e0 ranger<\/li>\n<li><b>Multifonction <\/b>: si\u00e8ge, repose-pieds, int\u00e9rieur, jardin, camping, piscine, etc.<\/li>\n<\/ul>\n<p>Ce <b>pouf<br \/>\nflottant <\/b>avec <b>lumi\u00e8re LED<\/b> doit<br \/>\n\u00eatre gonfl\u00e9 sans pression excessive. Pour d\u00e9gonfler, retirez la soupape de<br \/>\ns\u00e9curit\u00e9.<\/p>\n<p>Il existe un <b>large choix de couleurs<\/b> et de nuances (blanc, vert, rouge, bleu,<br \/>\netc.). Il dispose \u00e9galement d&#8217;un r\u00e9gulateur d&#8217;intensit\u00e9 lumineuse pour le <b>r\u00e9glage continu<\/b> (couleur fixe) et pour<br \/>\nla vitesse des <b>r\u00e9glages de s\u00e9quence<\/b><br \/>\nmulticolore (flash, stroboscopique, att\u00e9nu\u00e9, doux).<\/p>\n<\/p>\n<ul>\n<li>Mat\u00e9riel:\n<ul>\n<li>PVC<\/li>\n<li>polypropyl\u00e8ne<\/li>\n<\/ul>\n<\/li>\n<li>Couleur: Transparent<\/li>\n<li>Type: Pouf gonflable<\/li>\n<li>Inclut: Pompe \u00e0 air<\/li>\n<li>Mode d\u00b4\u00e9clairage: 10 LED RGB<\/li>\n<li>Illumination:\n<ul>\n<li>Multicouleur<\/li>\n<li>Fixe ou s\u00e9quentiel<\/li>\n<li>Intensit\u00e9 r\u00e9glable<\/li>\n<\/ul>\n<\/li>\n<li>T\u00e9l\u00e9commande: Fonctionne \u00e0 piles (1 x CR2025, incluses)<\/li>\n<li>Poids Max. support\u00e9: 100 kg<\/li>\n<li>Valve de s\u00e9curit\u00e9: Oui<\/li>\n<li>Classification IP: IP68<\/li>\n<li>Nombre de batteries: 3<\/li>\n<li>Type de batterie: AAA<\/li>\n<li>Piles incluses: Non<\/li>\n<li>puissance: 10 x 0,3 W<\/li>\n<li>Dimensions approx.: \u00d850 x 30 cm<\/li>\n<\/ul>\n<p>Packaging et manuel en 24 langues: anglais, fran\u00e7ais, espagnol, allemand, italien, portugais, n\u00e9erlandais, polonais, hongrois, roumain, danois, su\u00e9dois, finnois, lituanien, norv\u00e9gien, slov\u00e8ne, grec, tch\u00e8que, bulgare, croate, slovaque, estonien, russe, letton.<\/p><\/div>\n<div class=\"col-md-6\">\n<div class=\"embed-responsive embed-responsive-16by9\"><iframe class=\"embed-responsive-item\" src=\"https:\/\/www.youtube.com\/embed\/YaWd9LAlaPY\" frameborder=\"0\" allowfullscreen><\/iframe><\/div>\n<\/div>","protected":false},"excerpt":{"rendered":"<p>InnovaGoods vous offre les meilleures nouveaut\u00e9s pour la maison, comme Si\u00e8ge gonflable avec LED multicolore et t\u00e9l\u00e9commande Pulight InnovaGoods ! D\u00e9couvrez une vaste gamme de produits de qualit\u00e9 qui se d\u00e9marquent de par leur fonctionnalit\u00e9, leur efficacit\u00e9 et leur design innovant : \u00e9clairage, organisation, d\u00e9coration, climatisation, jardin, animaux domestiques, nettoyage, etc. Le si\u00e8ge gonflable Pulight [&hellip;]<\/p>\n","protected":false},"featured_media":182277,"comment_status":"open","ping_status":"closed","template":"","meta":[],"product_brand":[256],"product_cat":[63,64,2263,1797,1769,1764,1796],"product_tag":[211],"woo-feed-brand":[],"class_list":{"0":"post-182290","1":"product","2":"type-product","3":"status-publish","4":"has-post-thumbnail","6":"product_brand-brandp_1281","7":"product_cat-cadeaux-originaux","8":"product_cat-cadeaux-pour-la-maison","9":"product_cat-gonflables","10":"product_cat-idees-pour-la-maison","11":"product_cat-plage-et-piscine","12":"product_cat-sports-loisirs","13":"product_cat-teleachat-vu-a-la-television","14":"product_tag-tag_3","16":"first","17":"instock","18":"taxable","19":"shipping-taxable","20":"purchasable","21":"product-type-simple"},"yoast_head":"<!-- This site is optimized with the Yoast SEO plugin v27.6 - https:\/\/yoast.com\/product\/yoast-seo-wordpress\/ -->\n<title>Si\u00e8ge gonflable avec LED multicolore et t\u00e9l\u00e9commande Pulight InnovaGoods | | Tupique<\/title>\n<meta name=\"description\" content=\"Envie d&#039;acheter Si\u00e8ge gonflable avec LED multicolore et t\u00e9l\u00e9commande Pulight InnovaGoods\u00a0? Achetez Si\u00e8ge gonflable avec LED multicolore et t\u00e9l\u00e9commande Pulight InnovaGoods maintenant avec Tupique en 3 versements sans int\u00e9r\u00eat.\" \/>\n<meta name=\"robots\" content=\"index, follow, max-snippet:-1, max-image-preview:large, max-video-preview:-1\" \/>\n<link rel=\"canonical\" href=\"https:\/\/tupique.com\/en\/product\/siege-gonflable-avec-led-multicolore-et-telecommande-pulight-innovagoods\/\" \/>\n<meta property=\"og:locale\" content=\"en_GB\" \/>\n<meta property=\"og:type\" content=\"article\" \/>\n<meta property=\"og:title\" content=\"Si\u00e8ge gonflable avec LED multicolore et t\u00e9l\u00e9commande Pulight InnovaGoods | | Tupique\" \/>\n<meta property=\"og:description\" content=\"Envie d&#039;acheter Si\u00e8ge gonflable avec LED multicolore et t\u00e9l\u00e9commande Pulight InnovaGoods\u00a0? Achetez Si\u00e8ge gonflable avec LED multicolore et t\u00e9l\u00e9commande Pulight InnovaGoods maintenant avec Tupique en 3 versements sans int\u00e9r\u00eat.\" \/>\n<meta property=\"og:url\" content=\"https:\/\/tupique.com\/en\/product\/siege-gonflable-avec-led-multicolore-et-telecommande-pulight-innovagoods\/\" \/>\n<meta property=\"og:site_name\" content=\"Tupique\" \/>\n<meta property=\"article:modified_time\" content=\"2026-05-11T19:23:47+00:00\" \/>\n<meta property=\"og:image\" content=\"https:\/\/tupique.com\/wp-content\/uploads\/2026\/05\/V0103503_000_MKT-v_14.jpg\" \/>\n\t<meta property=\"og:image:width\" content=\"1200\" \/>\n\t<meta property=\"og:image:height\" content=\"1200\" \/>\n\t<meta property=\"og:image:type\" content=\"image\/jpeg\" \/>\n<meta name=\"twitter:card\" content=\"summary_large_image\" \/>\n<meta name=\"twitter:label1\" content=\"Est. reading time\" \/>\n\t<meta name=\"twitter:data1\" content=\"2 minutes\" \/>\n<script type=\"application\/ld+json\" class=\"yoast-schema-graph\">{\"@context\":\"https:\\\/\\\/schema.org\",\"@graph\":[{\"@type\":\"WebPage\",\"@id\":\"https:\\\/\\\/tupique.com\\\/pt\\\/product\\\/siege-gonflable-avec-led-multicolore-et-telecommande-pulight-innovagoods\\\/\",\"url\":\"https:\\\/\\\/tupique.com\\\/pt\\\/product\\\/siege-gonflable-avec-led-multicolore-et-telecommande-pulight-innovagoods\\\/\",\"name\":\"Si\u00e8ge gonflable avec LED multicolore et t\u00e9l\u00e9commande Pulight InnovaGoods | | Tupique\",\"isPartOf\":{\"@id\":\"https:\\\/\\\/tupique.com\\\/#website\"},\"primaryImageOfPage\":{\"@id\":\"https:\\\/\\\/tupique.com\\\/pt\\\/product\\\/siege-gonflable-avec-led-multicolore-et-telecommande-pulight-innovagoods\\\/#primaryimage\"},\"image\":{\"@id\":\"https:\\\/\\\/tupique.com\\\/pt\\\/product\\\/siege-gonflable-avec-led-multicolore-et-telecommande-pulight-innovagoods\\\/#primaryimage\"},\"thumbnailUrl\":\"https:\\\/\\\/tupique.com\\\/wp-content\\\/uploads\\\/2026\\\/05\\\/V0103503_000_MKT-v_14.jpg\",\"datePublished\":\"2026-05-11T13:25:09+00:00\",\"dateModified\":\"2026-05-11T19:23:47+00:00\",\"description\":\"Envie d'acheter Si\u00e8ge gonflable avec LED multicolore et t\u00e9l\u00e9commande Pulight InnovaGoods\u00a0? Achetez Si\u00e8ge gonflable avec LED multicolore et t\u00e9l\u00e9commande Pulight InnovaGoods maintenant avec Tupique en 3 versements sans int\u00e9r\u00eat.\",\"breadcrumb\":{\"@id\":\"https:\\\/\\\/tupique.com\\\/pt\\\/product\\\/siege-gonflable-avec-led-multicolore-et-telecommande-pulight-innovagoods\\\/#breadcrumb\"},\"inLanguage\":\"en-GB\",\"potentialAction\":[{\"@type\":\"ReadAction\",\"target\":[\"https:\\\/\\\/tupique.com\\\/pt\\\/product\\\/siege-gonflable-avec-led-multicolore-et-telecommande-pulight-innovagoods\\\/\"]}]},{\"@type\":\"ImageObject\",\"inLanguage\":\"en-GB\",\"@id\":\"https:\\\/\\\/tupique.com\\\/pt\\\/product\\\/siege-gonflable-avec-led-multicolore-et-telecommande-pulight-innovagoods\\\/#primaryimage\",\"url\":\"https:\\\/\\\/tupique.com\\\/wp-content\\\/uploads\\\/2026\\\/05\\\/V0103503_000_MKT-v_14.jpg\",\"contentUrl\":\"https:\\\/\\\/tupique.com\\\/wp-content\\\/uploads\\\/2026\\\/05\\\/V0103503_000_MKT-v_14.jpg\",\"width\":1200,\"height\":1200,\"caption\":\"V0103503_0\"},{\"@type\":\"BreadcrumbList\",\"@id\":\"https:\\\/\\\/tupique.com\\\/pt\\\/product\\\/siege-gonflable-avec-led-multicolore-et-telecommande-pulight-innovagoods\\\/#breadcrumb\",\"itemListElement\":[{\"@type\":\"ListItem\",\"position\":1,\"name\":\"commencer\",\"item\":\"https:\\\/\\\/tupique.com\\\/\"},{\"@type\":\"ListItem\",\"position\":2,\"name\":\"Loja\",\"item\":\"https:\\\/\\\/tupique.com\\\/pt\\\/loja\\\/\"},{\"@type\":\"ListItem\",\"position\":3,\"name\":\"Si\u00e8ge gonflable avec LED multicolore et t\u00e9l\u00e9commande Pulight InnovaGoods\"}]},{\"@type\":\"WebSite\",\"@id\":\"https:\\\/\\\/tupique.com\\\/#website\",\"url\":\"https:\\\/\\\/tupique.com\\\/\",\"name\":\"Tupique\",\"description\":\"\",\"publisher\":{\"@id\":\"https:\\\/\\\/tupique.com\\\/#organization\"},\"potentialAction\":[{\"@type\":\"SearchAction\",\"target\":{\"@type\":\"EntryPoint\",\"urlTemplate\":\"https:\\\/\\\/tupique.com\\\/?s={search_term_string}\"},\"query-input\":{\"@type\":\"PropertyValueSpecification\",\"valueRequired\":true,\"valueName\":\"search_term_string\"}}],\"inLanguage\":\"en-GB\"},{\"@type\":\"Organization\",\"@id\":\"https:\\\/\\\/tupique.com\\\/#organization\",\"name\":\"Tupique\",\"url\":\"https:\\\/\\\/tupique.com\\\/\",\"logo\":{\"@type\":\"ImageObject\",\"inLanguage\":\"en-GB\",\"@id\":\"https:\\\/\\\/tupique.com\\\/#\\\/schema\\\/logo\\\/image\\\/\",\"url\":\"https:\\\/\\\/tupique.com\\\/wp-content\\\/uploads\\\/2026\\\/03\\\/logo-tupique-1.webp\",\"contentUrl\":\"https:\\\/\\\/tupique.com\\\/wp-content\\\/uploads\\\/2026\\\/03\\\/logo-tupique-1.webp\",\"width\":500,\"height\":67,\"caption\":\"Tupique\"},\"image\":{\"@id\":\"https:\\\/\\\/tupique.com\\\/#\\\/schema\\\/logo\\\/image\\\/\"}}]}<\/script>\n<!-- \/ Yoast SEO plugin. -->","yoast_head_json":{"title":"Si\u00e8ge gonflable avec LED multicolore et t\u00e9l\u00e9commande Pulight InnovaGoods | | Tupique","description":"Envie d'acheter Si\u00e8ge gonflable avec LED multicolore et t\u00e9l\u00e9commande Pulight InnovaGoods\u00a0? Achetez Si\u00e8ge gonflable avec LED multicolore et t\u00e9l\u00e9commande Pulight InnovaGoods maintenant avec Tupique en 3 versements sans int\u00e9r\u00eat.","robots":{"index":"index","follow":"follow","max-snippet":"max-snippet:-1","max-image-preview":"max-image-preview:large","max-video-preview":"max-video-preview:-1"},"canonical":"https:\/\/tupique.com\/en\/product\/siege-gonflable-avec-led-multicolore-et-telecommande-pulight-innovagoods\/","og_locale":"en_GB","og_type":"article","og_title":"Si\u00e8ge gonflable avec LED multicolore et t\u00e9l\u00e9commande Pulight InnovaGoods | | Tupique","og_description":"Envie d'acheter Si\u00e8ge gonflable avec LED multicolore et t\u00e9l\u00e9commande Pulight InnovaGoods\u00a0? Achetez Si\u00e8ge gonflable avec LED multicolore et t\u00e9l\u00e9commande Pulight InnovaGoods maintenant avec Tupique en 3 versements sans int\u00e9r\u00eat.","og_url":"https:\/\/tupique.com\/en\/product\/siege-gonflable-avec-led-multicolore-et-telecommande-pulight-innovagoods\/","og_site_name":"Tupique","article_modified_time":"2026-05-11T19:23:47+00:00","og_image":[{"width":1200,"height":1200,"url":"https:\/\/tupique.com\/wp-content\/uploads\/2026\/05\/V0103503_000_MKT-v_14.jpg","type":"image\/jpeg"}],"twitter_card":"summary_large_image","twitter_misc":{"Est. reading time":"2 minutes"},"schema":{"@context":"https:\/\/schema.org","@graph":[{"@type":"WebPage","@id":"https:\/\/tupique.com\/pt\/product\/siege-gonflable-avec-led-multicolore-et-telecommande-pulight-innovagoods\/","url":"https:\/\/tupique.com\/pt\/product\/siege-gonflable-avec-led-multicolore-et-telecommande-pulight-innovagoods\/","name":"Si\u00e8ge gonflable avec LED multicolore et t\u00e9l\u00e9commande Pulight InnovaGoods | | Tupique","isPartOf":{"@id":"https:\/\/tupique.com\/#website"},"primaryImageOfPage":{"@id":"https:\/\/tupique.com\/pt\/product\/siege-gonflable-avec-led-multicolore-et-telecommande-pulight-innovagoods\/#primaryimage"},"image":{"@id":"https:\/\/tupique.com\/pt\/product\/siege-gonflable-avec-led-multicolore-et-telecommande-pulight-innovagoods\/#primaryimage"},"thumbnailUrl":"https:\/\/tupique.com\/wp-content\/uploads\/2026\/05\/V0103503_000_MKT-v_14.jpg","datePublished":"2026-05-11T13:25:09+00:00","dateModified":"2026-05-11T19:23:47+00:00","description":"Envie d'acheter Si\u00e8ge gonflable avec LED multicolore et t\u00e9l\u00e9commande Pulight InnovaGoods\u00a0? Achetez Si\u00e8ge gonflable avec LED multicolore et t\u00e9l\u00e9commande Pulight InnovaGoods maintenant avec Tupique en 3 versements sans int\u00e9r\u00eat.","breadcrumb":{"@id":"https:\/\/tupique.com\/pt\/product\/siege-gonflable-avec-led-multicolore-et-telecommande-pulight-innovagoods\/#breadcrumb"},"inLanguage":"en-GB","potentialAction":[{"@type":"ReadAction","target":["https:\/\/tupique.com\/pt\/product\/siege-gonflable-avec-led-multicolore-et-telecommande-pulight-innovagoods\/"]}]},{"@type":"ImageObject","inLanguage":"en-GB","@id":"https:\/\/tupique.com\/pt\/product\/siege-gonflable-avec-led-multicolore-et-telecommande-pulight-innovagoods\/#primaryimage","url":"https:\/\/tupique.com\/wp-content\/uploads\/2026\/05\/V0103503_000_MKT-v_14.jpg","contentUrl":"https:\/\/tupique.com\/wp-content\/uploads\/2026\/05\/V0103503_000_MKT-v_14.jpg","width":1200,"height":1200,"caption":"V0103503_0"},{"@type":"BreadcrumbList","@id":"https:\/\/tupique.com\/pt\/product\/siege-gonflable-avec-led-multicolore-et-telecommande-pulight-innovagoods\/#breadcrumb","itemListElement":[{"@type":"ListItem","position":1,"name":"commencer","item":"https:\/\/tupique.com\/"},{"@type":"ListItem","position":2,"name":"Loja","item":"https:\/\/tupique.com\/pt\/loja\/"},{"@type":"ListItem","position":3,"name":"Si\u00e8ge gonflable avec LED multicolore et t\u00e9l\u00e9commande Pulight InnovaGoods"}]},{"@type":"WebSite","@id":"https:\/\/tupique.com\/#website","url":"https:\/\/tupique.com\/","name":"Tupique","description":"","publisher":{"@id":"https:\/\/tupique.com\/#organization"},"potentialAction":[{"@type":"SearchAction","target":{"@type":"EntryPoint","urlTemplate":"https:\/\/tupique.com\/?s={search_term_string}"},"query-input":{"@type":"PropertyValueSpecification","valueRequired":true,"valueName":"search_term_string"}}],"inLanguage":"en-GB"},{"@type":"Organization","@id":"https:\/\/tupique.com\/#organization","name":"Tupique","url":"https:\/\/tupique.com\/","logo":{"@type":"ImageObject","inLanguage":"en-GB","@id":"https:\/\/tupique.com\/#\/schema\/logo\/image\/","url":"https:\/\/tupique.com\/wp-content\/uploads\/2026\/03\/logo-tupique-1.webp","contentUrl":"https:\/\/tupique.com\/wp-content\/uploads\/2026\/03\/logo-tupique-1.webp","width":500,"height":67,"caption":"Tupique"},"image":{"@id":"https:\/\/tupique.com\/#\/schema\/logo\/image\/"}}]}},"_links":{"self":[{"href":"https:\/\/tupique.com\/en\/wp-json\/wp\/v2\/product\/182290","targetHints":{"allow":["GET"]}}],"collection":[{"href":"https:\/\/tupique.com\/en\/wp-json\/wp\/v2\/product"}],"about":[{"href":"https:\/\/tupique.com\/en\/wp-json\/wp\/v2\/types\/product"}],"replies":[{"embeddable":true,"href":"https:\/\/tupique.com\/en\/wp-json\/wp\/v2\/comments?post=182290"}],"wp:featuredmedia":[{"embeddable":true,"href":"https:\/\/tupique.com\/en\/wp-json\/wp\/v2\/media\/182277"}],"wp:attachment":[{"href":"https:\/\/tupique.com\/en\/wp-json\/wp\/v2\/media?parent=182290"}],"wp:term":[{"taxonomy":"product_brand","embeddable":true,"href":"https:\/\/tupique.com\/en\/wp-json\/wp\/v2\/product_brand?post=182290"},{"taxonomy":"product_cat","embeddable":true,"href":"https:\/\/tupique.com\/en\/wp-json\/wp\/v2\/product_cat?post=182290"},{"taxonomy":"product_tag","embeddable":true,"href":"https:\/\/tupique.com\/en\/wp-json\/wp\/v2\/product_tag?post=182290"},{"taxonomy":"woo-feed-brand","embeddable":true,"href":"https:\/\/tupique.com\/en\/wp-json\/wp\/v2\/woo-feed-brand?post=182290"}],"curies":[{"name":"wp","href":"https:\/\/api.w.org\/{rel}","templated":true}]}}