{"id":182300,"date":"2026-05-11T15:25:24","date_gmt":"2026-05-11T13:25:24","guid":{"rendered":"https:\/\/tupique.com\/product\/durcisseur-dongles-mavala-cientifico-2-ml\/"},"modified":"2026-05-11T21:17:32","modified_gmt":"2026-05-11T19:17:32","slug":"durcisseur-dongles-mavala-cientifico-2-ml","status":"publish","type":"product","link":"https:\/\/tupique.com\/en\/product\/durcisseur-dongles-mavala-cientifico-2-ml\/","title":{"rendered":"Mavala Scientific Nail Hardener 2 ml"},"content":{"rendered":"<p>Vous aimeriez avoir la meilleure gamme de <b>soins esth\u00e9tiques<\/b> avec des produits de qualit\u00e9 et \u00e0 un prix abordable ? Alors ne vous passez pas \u00e0 c\u00f4t\u00e9 de <b>Durcisseur d&#8217;ongles Mavala K+ (2 ml)<\/b> !<\/p>\n<ul>\n<li>Type:\n<ul>\n<li>Durcisseur<\/li>\n<li>Maquillage<\/li>\n<li>Durcisseur d&#8217;ongles<\/li>\n<\/ul>\n<\/li>\n<li>Composition: K\u00e9ratine<\/li>\n<li>Genre: Unisexe<\/li>\n<li>Ingredients:\n<ul>\n<li>Ppg-26-buteth-26<\/li>\n<li>Sodium benzoate<\/li>\n<li>Sodium chloride<\/li>\n<li>Sodium laureth sulfate<\/li>\n<li>Water (Aqua)<\/li>\n<li>Ammonium hydroxide<\/li>\n<li>Chamomilla recutita (matricaria) flower extract<\/li>\n<li>Citric acid<\/li>\n<li>Citrus limon (lemon) peel oil<\/li>\n<li>Cocamidopropyl betaine<\/li>\n<li>Disodium phosphate<\/li>\n<li>Ethylhexylglycerin<\/li>\n<li>Eucalyptus globulus leaf oil<\/li>\n<li>Limonene<\/li>\n<li>Peg-40 hydrogenated castor oil<\/li>\n<li>Phenoxyethanol<\/li>\n<li>Benzoic acid<\/li>\n<li>Alcool<\/li>\n<li>Dimethyl Urea<\/li>\n<li>Caprylic\/capric triglyceride<\/li>\n<\/ul>\n<\/li>\n<li>Capacit\u00e9: 2 ml<\/li>\n<\/ul>","protected":false},"excerpt":{"rendered":"<p><span class=\"unit-info\">1149.5000 &euro; \/ 100 ml<\/span><\/p>","protected":false},"featured_media":182299,"comment_status":"open","ping_status":"closed","template":"","meta":[],"product_brand":[2299],"product_cat":[1059,1850,752],"product_tag":[722],"woo-feed-brand":[],"class_list":{"0":"post-182300","1":"product","2":"type-product","3":"status-publish","4":"has-post-thumbnail","6":"product_brand-brandp_1089","7":"product_cat-esthetique-et-traitements-corporels","8":"product_cat-manucure-et-pedicure","9":"product_cat-sante-beaute","10":"product_tag-tag_923","12":"first","13":"instock","14":"taxable","15":"shipping-taxable","16":"purchasable","17":"product-type-simple"},"yoast_head":"<!-- This site is optimized with the Yoast SEO plugin v27.6 - https:\/\/yoast.com\/product\/yoast-seo-wordpress\/ -->\n<title>Durcisseur d&#039;ongles Mavala Cient\u00edfico 2 ml | | Tupique<\/title>\n<meta name=\"description\" content=\"Envie d&#039;acheter Durcisseur d&#039;ongles Mavala Cient\u00edfico 2 ml\u00a0? Achetez Durcisseur d&#039;ongles Mavala Cient\u00edfico 2 ml maintenant avec Tupique en 3 versements sans int\u00e9r\u00eat.\" \/>\n<meta name=\"robots\" content=\"index, follow, max-snippet:-1, max-image-preview:large, max-video-preview:-1\" \/>\n<link rel=\"canonical\" href=\"https:\/\/tupique.com\/en\/product\/durcisseur-dongles-mavala-cientifico-2-ml\/\" \/>\n<meta property=\"og:locale\" content=\"en_GB\" \/>\n<meta property=\"og:type\" content=\"article\" \/>\n<meta property=\"og:title\" content=\"Durcisseur d&#039;ongles Mavala Cient\u00edfico 2 ml | | Tupique\" \/>\n<meta property=\"og:description\" content=\"Envie d&#039;acheter Durcisseur d&#039;ongles Mavala Cient\u00edfico 2 ml\u00a0? Achetez Durcisseur d&#039;ongles Mavala Cient\u00edfico 2 ml maintenant avec Tupique en 3 versements sans int\u00e9r\u00eat.\" \/>\n<meta property=\"og:url\" content=\"https:\/\/tupique.com\/en\/product\/durcisseur-dongles-mavala-cientifico-2-ml\/\" \/>\n<meta property=\"og:site_name\" content=\"Tupique\" \/>\n<meta property=\"article:modified_time\" content=\"2026-05-11T19:17:32+00:00\" \/>\n<meta property=\"og:image\" content=\"https:\/\/tupique.com\/wp-content\/uploads\/2026\/05\/7618900995611_R11.jpg\" \/>\n\t<meta property=\"og:image:width\" content=\"1200\" \/>\n\t<meta property=\"og:image:height\" content=\"1200\" \/>\n\t<meta property=\"og:image:type\" content=\"image\/jpeg\" \/>\n<meta name=\"twitter:card\" content=\"summary_large_image\" \/>\n<script type=\"application\/ld+json\" class=\"yoast-schema-graph\">{\"@context\":\"https:\\\/\\\/schema.org\",\"@graph\":[{\"@type\":\"WebPage\",\"@id\":\"https:\\\/\\\/tupique.com\\\/pt\\\/product\\\/durcisseur-dongles-mavala-cientifico-2-ml\\\/\",\"url\":\"https:\\\/\\\/tupique.com\\\/pt\\\/product\\\/durcisseur-dongles-mavala-cientifico-2-ml\\\/\",\"name\":\"Durcisseur d'ongles Mavala Cient\u00edfico 2 ml | | Tupique\",\"isPartOf\":{\"@id\":\"https:\\\/\\\/tupique.com\\\/#website\"},\"primaryImageOfPage\":{\"@id\":\"https:\\\/\\\/tupique.com\\\/pt\\\/product\\\/durcisseur-dongles-mavala-cientifico-2-ml\\\/#primaryimage\"},\"image\":{\"@id\":\"https:\\\/\\\/tupique.com\\\/pt\\\/product\\\/durcisseur-dongles-mavala-cientifico-2-ml\\\/#primaryimage\"},\"thumbnailUrl\":\"https:\\\/\\\/tupique.com\\\/wp-content\\\/uploads\\\/2026\\\/05\\\/7618900995611_R11.jpg\",\"datePublished\":\"2026-05-11T13:25:24+00:00\",\"dateModified\":\"2026-05-11T19:17:32+00:00\",\"description\":\"Envie d'acheter Durcisseur d'ongles Mavala Cient\u00edfico 2 ml\u00a0? Achetez Durcisseur d'ongles Mavala Cient\u00edfico 2 ml maintenant avec Tupique en 3 versements sans int\u00e9r\u00eat.\",\"breadcrumb\":{\"@id\":\"https:\\\/\\\/tupique.com\\\/pt\\\/product\\\/durcisseur-dongles-mavala-cientifico-2-ml\\\/#breadcrumb\"},\"inLanguage\":\"en-GB\",\"potentialAction\":[{\"@type\":\"ReadAction\",\"target\":[\"https:\\\/\\\/tupique.com\\\/pt\\\/product\\\/durcisseur-dongles-mavala-cientifico-2-ml\\\/\"]}]},{\"@type\":\"ImageObject\",\"inLanguage\":\"en-GB\",\"@id\":\"https:\\\/\\\/tupique.com\\\/pt\\\/product\\\/durcisseur-dongles-mavala-cientifico-2-ml\\\/#primaryimage\",\"url\":\"https:\\\/\\\/tupique.com\\\/wp-content\\\/uploads\\\/2026\\\/05\\\/7618900995611_R11.jpg\",\"contentUrl\":\"https:\\\/\\\/tupique.com\\\/wp-content\\\/uploads\\\/2026\\\/05\\\/7618900995611_R11.jpg\",\"width\":1200,\"height\":1200,\"caption\":\"S0597436_0\"},{\"@type\":\"BreadcrumbList\",\"@id\":\"https:\\\/\\\/tupique.com\\\/pt\\\/product\\\/durcisseur-dongles-mavala-cientifico-2-ml\\\/#breadcrumb\",\"itemListElement\":[{\"@type\":\"ListItem\",\"position\":1,\"name\":\"commencer\",\"item\":\"https:\\\/\\\/tupique.com\\\/\"},{\"@type\":\"ListItem\",\"position\":2,\"name\":\"Loja\",\"item\":\"https:\\\/\\\/tupique.com\\\/pt\\\/loja\\\/\"},{\"@type\":\"ListItem\",\"position\":3,\"name\":\"Durcisseur d&#8217;ongles Mavala Cient\u00edfico 2 ml\"}]},{\"@type\":\"WebSite\",\"@id\":\"https:\\\/\\\/tupique.com\\\/#website\",\"url\":\"https:\\\/\\\/tupique.com\\\/\",\"name\":\"Tupique\",\"description\":\"\",\"publisher\":{\"@id\":\"https:\\\/\\\/tupique.com\\\/#organization\"},\"potentialAction\":[{\"@type\":\"SearchAction\",\"target\":{\"@type\":\"EntryPoint\",\"urlTemplate\":\"https:\\\/\\\/tupique.com\\\/?s={search_term_string}\"},\"query-input\":{\"@type\":\"PropertyValueSpecification\",\"valueRequired\":true,\"valueName\":\"search_term_string\"}}],\"inLanguage\":\"en-GB\"},{\"@type\":\"Organization\",\"@id\":\"https:\\\/\\\/tupique.com\\\/#organization\",\"name\":\"Tupique\",\"url\":\"https:\\\/\\\/tupique.com\\\/\",\"logo\":{\"@type\":\"ImageObject\",\"inLanguage\":\"en-GB\",\"@id\":\"https:\\\/\\\/tupique.com\\\/#\\\/schema\\\/logo\\\/image\\\/\",\"url\":\"https:\\\/\\\/tupique.com\\\/wp-content\\\/uploads\\\/2026\\\/03\\\/logo-tupique-1.webp\",\"contentUrl\":\"https:\\\/\\\/tupique.com\\\/wp-content\\\/uploads\\\/2026\\\/03\\\/logo-tupique-1.webp\",\"width\":500,\"height\":67,\"caption\":\"Tupique\"},\"image\":{\"@id\":\"https:\\\/\\\/tupique.com\\\/#\\\/schema\\\/logo\\\/image\\\/\"}}]}<\/script>\n<!-- \/ Yoast SEO plugin. -->","yoast_head_json":{"title":"Durcisseur d'ongles Mavala Cient\u00edfico 2 ml | | Tupique","description":"Envie d'acheter Durcisseur d'ongles Mavala Cient\u00edfico 2 ml\u00a0? Achetez Durcisseur d'ongles Mavala Cient\u00edfico 2 ml maintenant avec Tupique en 3 versements sans int\u00e9r\u00eat.","robots":{"index":"index","follow":"follow","max-snippet":"max-snippet:-1","max-image-preview":"max-image-preview:large","max-video-preview":"max-video-preview:-1"},"canonical":"https:\/\/tupique.com\/en\/product\/durcisseur-dongles-mavala-cientifico-2-ml\/","og_locale":"en_GB","og_type":"article","og_title":"Durcisseur d'ongles Mavala Cient\u00edfico 2 ml | | Tupique","og_description":"Envie d'acheter Durcisseur d'ongles Mavala Cient\u00edfico 2 ml\u00a0? Achetez Durcisseur d'ongles Mavala Cient\u00edfico 2 ml maintenant avec Tupique en 3 versements sans int\u00e9r\u00eat.","og_url":"https:\/\/tupique.com\/en\/product\/durcisseur-dongles-mavala-cientifico-2-ml\/","og_site_name":"Tupique","article_modified_time":"2026-05-11T19:17:32+00:00","og_image":[{"width":1200,"height":1200,"url":"https:\/\/tupique.com\/wp-content\/uploads\/2026\/05\/7618900995611_R11.jpg","type":"image\/jpeg"}],"twitter_card":"summary_large_image","schema":{"@context":"https:\/\/schema.org","@graph":[{"@type":"WebPage","@id":"https:\/\/tupique.com\/pt\/product\/durcisseur-dongles-mavala-cientifico-2-ml\/","url":"https:\/\/tupique.com\/pt\/product\/durcisseur-dongles-mavala-cientifico-2-ml\/","name":"Durcisseur d'ongles Mavala Cient\u00edfico 2 ml | | Tupique","isPartOf":{"@id":"https:\/\/tupique.com\/#website"},"primaryImageOfPage":{"@id":"https:\/\/tupique.com\/pt\/product\/durcisseur-dongles-mavala-cientifico-2-ml\/#primaryimage"},"image":{"@id":"https:\/\/tupique.com\/pt\/product\/durcisseur-dongles-mavala-cientifico-2-ml\/#primaryimage"},"thumbnailUrl":"https:\/\/tupique.com\/wp-content\/uploads\/2026\/05\/7618900995611_R11.jpg","datePublished":"2026-05-11T13:25:24+00:00","dateModified":"2026-05-11T19:17:32+00:00","description":"Envie d'acheter Durcisseur d'ongles Mavala Cient\u00edfico 2 ml\u00a0? Achetez Durcisseur d'ongles Mavala Cient\u00edfico 2 ml maintenant avec Tupique en 3 versements sans int\u00e9r\u00eat.","breadcrumb":{"@id":"https:\/\/tupique.com\/pt\/product\/durcisseur-dongles-mavala-cientifico-2-ml\/#breadcrumb"},"inLanguage":"en-GB","potentialAction":[{"@type":"ReadAction","target":["https:\/\/tupique.com\/pt\/product\/durcisseur-dongles-mavala-cientifico-2-ml\/"]}]},{"@type":"ImageObject","inLanguage":"en-GB","@id":"https:\/\/tupique.com\/pt\/product\/durcisseur-dongles-mavala-cientifico-2-ml\/#primaryimage","url":"https:\/\/tupique.com\/wp-content\/uploads\/2026\/05\/7618900995611_R11.jpg","contentUrl":"https:\/\/tupique.com\/wp-content\/uploads\/2026\/05\/7618900995611_R11.jpg","width":1200,"height":1200,"caption":"S0597436_0"},{"@type":"BreadcrumbList","@id":"https:\/\/tupique.com\/pt\/product\/durcisseur-dongles-mavala-cientifico-2-ml\/#breadcrumb","itemListElement":[{"@type":"ListItem","position":1,"name":"commencer","item":"https:\/\/tupique.com\/"},{"@type":"ListItem","position":2,"name":"Loja","item":"https:\/\/tupique.com\/pt\/loja\/"},{"@type":"ListItem","position":3,"name":"Durcisseur d&#8217;ongles Mavala Cient\u00edfico 2 ml"}]},{"@type":"WebSite","@id":"https:\/\/tupique.com\/#website","url":"https:\/\/tupique.com\/","name":"Tupique","description":"","publisher":{"@id":"https:\/\/tupique.com\/#organization"},"potentialAction":[{"@type":"SearchAction","target":{"@type":"EntryPoint","urlTemplate":"https:\/\/tupique.com\/?s={search_term_string}"},"query-input":{"@type":"PropertyValueSpecification","valueRequired":true,"valueName":"search_term_string"}}],"inLanguage":"en-GB"},{"@type":"Organization","@id":"https:\/\/tupique.com\/#organization","name":"Tupique","url":"https:\/\/tupique.com\/","logo":{"@type":"ImageObject","inLanguage":"en-GB","@id":"https:\/\/tupique.com\/#\/schema\/logo\/image\/","url":"https:\/\/tupique.com\/wp-content\/uploads\/2026\/03\/logo-tupique-1.webp","contentUrl":"https:\/\/tupique.com\/wp-content\/uploads\/2026\/03\/logo-tupique-1.webp","width":500,"height":67,"caption":"Tupique"},"image":{"@id":"https:\/\/tupique.com\/#\/schema\/logo\/image\/"}}]}},"_links":{"self":[{"href":"https:\/\/tupique.com\/en\/wp-json\/wp\/v2\/product\/182300","targetHints":{"allow":["GET"]}}],"collection":[{"href":"https:\/\/tupique.com\/en\/wp-json\/wp\/v2\/product"}],"about":[{"href":"https:\/\/tupique.com\/en\/wp-json\/wp\/v2\/types\/product"}],"replies":[{"embeddable":true,"href":"https:\/\/tupique.com\/en\/wp-json\/wp\/v2\/comments?post=182300"}],"wp:featuredmedia":[{"embeddable":true,"href":"https:\/\/tupique.com\/en\/wp-json\/wp\/v2\/media\/182299"}],"wp:attachment":[{"href":"https:\/\/tupique.com\/en\/wp-json\/wp\/v2\/media?parent=182300"}],"wp:term":[{"taxonomy":"product_brand","embeddable":true,"href":"https:\/\/tupique.com\/en\/wp-json\/wp\/v2\/product_brand?post=182300"},{"taxonomy":"product_cat","embeddable":true,"href":"https:\/\/tupique.com\/en\/wp-json\/wp\/v2\/product_cat?post=182300"},{"taxonomy":"product_tag","embeddable":true,"href":"https:\/\/tupique.com\/en\/wp-json\/wp\/v2\/product_tag?post=182300"},{"taxonomy":"woo-feed-brand","embeddable":true,"href":"https:\/\/tupique.com\/en\/wp-json\/wp\/v2\/woo-feed-brand?post=182300"}],"curies":[{"name":"wp","href":"https:\/\/api.w.org\/{rel}","templated":true}]}}