{"id":182337,"date":"2026-05-11T15:26:50","date_gmt":"2026-05-11T13:26:50","guid":{"rendered":"https:\/\/tupique.com\/product\/culottes-ysabel-mora-vert-bikini-pois\/"},"modified":"2026-05-11T21:23:56","modified_gmt":"2026-05-11T19:23:56","slug":"culottes-ysabel-mora-vert-bikini-pois","status":"publish","type":"product","link":"https:\/\/tupique.com\/en\/product\/culottes-ysabel-mora-vert-bikini-pois\/","title":{"rendered":"Culottes Ysabel Mora Vert Bikini Pois"},"content":{"rendered":"<p>Restez en forme et d\u00e9couvrez les derni\u00e8res nouveaut\u00e9s du secteur pour faire du sport avec les meilleures garanties ! Achetez <b>Culottes Ysabel Mora Vert Bikini Pois<\/b> au meilleur prix et profitez d&#8217;une vie saine !<\/p>\n<ul>\n<li>Type:\n<ul>\n<li>Bikini<\/li>\n<li>Culottes<\/li>\n<\/ul>\n<\/li>\n<li>Couleur: Vert<\/li>\n<li>Design: Pois<\/li>\n<li>Genre: Femme<\/li>\n<li>\u00c2ge recommand\u00e9: Adultes<\/li>\n<\/ul>","protected":false},"excerpt":{"rendered":"<p>Restez en forme et d\u00e9couvrez les derni\u00e8res nouveaut\u00e9s du secteur pour faire du sport avec les meilleures garanties ! Achetez Culottes Ysabel Mora Vert Bikini Pois au meilleur prix et profitez d&#8217;une vie saine ! Type: Bikini Culottes Couleur: Vert Design: Pois Genre: Femme \u00c2ge recommand\u00e9: Adultes<\/p>","protected":false},"featured_media":182333,"comment_status":"open","ping_status":"closed","template":"","meta":[],"product_brand":[2303],"product_cat":[2271,2270,1764],"product_tag":[721,1816,163],"woo-feed-brand":[],"class_list":{"0":"post-182337","1":"product","2":"type-product","3":"status-publish","4":"has-post-thumbnail","6":"product_brand-brandp_5626","7":"product_cat-natation-maillots-de-bain-pour-le-sport","8":"product_cat-natation","9":"product_cat-sports-loisirs","10":"product_tag-tag_124","11":"product_tag-tag_1272","12":"product_tag-tag_17","14":"first","15":"instock","16":"taxable","17":"shipping-taxable","18":"purchasable","19":"product-type-variable"},"yoast_head":"<!-- This site is optimized with the Yoast SEO plugin v27.5 - https:\/\/yoast.com\/product\/yoast-seo-wordpress\/ -->\n<title>Culottes Ysabel Mora Vert Bikini Pois | | Tupique<\/title>\n<meta name=\"description\" content=\"Envie d&#039;acheter Culottes Ysabel Mora Vert Bikini Pois\u00a0? Achetez Culottes Ysabel Mora Vert Bikini Pois maintenant avec Tupique en 3 versements sans int\u00e9r\u00eat.\" \/>\n<meta name=\"robots\" content=\"index, follow, max-snippet:-1, max-image-preview:large, max-video-preview:-1\" \/>\n<link rel=\"canonical\" href=\"https:\/\/tupique.com\/en\/product\/culottes-ysabel-mora-vert-bikini-pois\/\" \/>\n<meta property=\"og:locale\" content=\"en_GB\" \/>\n<meta property=\"og:type\" content=\"article\" \/>\n<meta property=\"og:title\" content=\"Culottes Ysabel Mora Vert Bikini Pois | | Tupique\" \/>\n<meta property=\"og:description\" content=\"Envie d&#039;acheter Culottes Ysabel Mora Vert Bikini Pois\u00a0? Achetez Culottes Ysabel Mora Vert Bikini Pois maintenant avec Tupique en 3 versements sans int\u00e9r\u00eat.\" \/>\n<meta property=\"og:url\" content=\"https:\/\/tupique.com\/en\/product\/culottes-ysabel-mora-vert-bikini-pois\/\" \/>\n<meta property=\"og:site_name\" content=\"Tupique\" \/>\n<meta property=\"article:modified_time\" content=\"2026-05-11T19:23:56+00:00\" \/>\n<meta property=\"og:image\" content=\"https:\/\/tupique.com\/wp-content\/uploads\/2026\/05\/8434506365516_S6447293_P02.jpg\" \/>\n\t<meta property=\"og:image:width\" content=\"1200\" \/>\n\t<meta property=\"og:image:height\" content=\"1200\" \/>\n\t<meta property=\"og:image:type\" content=\"image\/jpeg\" \/>\n<meta name=\"twitter:card\" content=\"summary_large_image\" \/>\n<script type=\"application\/ld+json\" class=\"yoast-schema-graph\">{\"@context\":\"https:\\\/\\\/schema.org\",\"@graph\":[{\"@type\":\"WebPage\",\"@id\":\"https:\\\/\\\/tupique.com\\\/product\\\/culottes-ysabel-mora-vert-bikini-pois\\\/\",\"url\":\"https:\\\/\\\/tupique.com\\\/product\\\/culottes-ysabel-mora-vert-bikini-pois\\\/\",\"name\":\"Culottes Ysabel Mora Vert Bikini Pois | | Tupique\",\"isPartOf\":{\"@id\":\"https:\\\/\\\/tupique.com\\\/#website\"},\"primaryImageOfPage\":{\"@id\":\"https:\\\/\\\/tupique.com\\\/product\\\/culottes-ysabel-mora-vert-bikini-pois\\\/#primaryimage\"},\"image\":{\"@id\":\"https:\\\/\\\/tupique.com\\\/product\\\/culottes-ysabel-mora-vert-bikini-pois\\\/#primaryimage\"},\"thumbnailUrl\":\"https:\\\/\\\/tupique.com\\\/wp-content\\\/uploads\\\/2026\\\/05\\\/8434506365516_S6447293_P02.jpg\",\"datePublished\":\"2026-05-11T13:26:50+00:00\",\"dateModified\":\"2026-05-11T19:23:56+00:00\",\"description\":\"Envie d'acheter Culottes Ysabel Mora Vert Bikini Pois\u00a0? Achetez Culottes Ysabel Mora Vert Bikini Pois maintenant avec Tupique en 3 versements sans int\u00e9r\u00eat.\",\"breadcrumb\":{\"@id\":\"https:\\\/\\\/tupique.com\\\/product\\\/culottes-ysabel-mora-vert-bikini-pois\\\/#breadcrumb\"},\"inLanguage\":\"en-GB\",\"potentialAction\":[{\"@type\":\"ReadAction\",\"target\":[\"https:\\\/\\\/tupique.com\\\/product\\\/culottes-ysabel-mora-vert-bikini-pois\\\/\"]}]},{\"@type\":\"ImageObject\",\"inLanguage\":\"en-GB\",\"@id\":\"https:\\\/\\\/tupique.com\\\/product\\\/culottes-ysabel-mora-vert-bikini-pois\\\/#primaryimage\",\"url\":\"https:\\\/\\\/tupique.com\\\/wp-content\\\/uploads\\\/2026\\\/05\\\/8434506365516_S6447293_P02.jpg\",\"contentUrl\":\"https:\\\/\\\/tupique.com\\\/wp-content\\\/uploads\\\/2026\\\/05\\\/8434506365516_S6447293_P02.jpg\",\"width\":1200,\"height\":1200,\"caption\":\"S6447580_0\"},{\"@type\":\"BreadcrumbList\",\"@id\":\"https:\\\/\\\/tupique.com\\\/product\\\/culottes-ysabel-mora-vert-bikini-pois\\\/#breadcrumb\",\"itemListElement\":[{\"@type\":\"ListItem\",\"position\":1,\"name\":\"commencer\",\"item\":\"https:\\\/\\\/tupique.com\\\/\"},{\"@type\":\"ListItem\",\"position\":2,\"name\":\"Loja\",\"item\":\"https:\\\/\\\/tupique.com\\\/pt\\\/loja\\\/\"},{\"@type\":\"ListItem\",\"position\":3,\"name\":\"Culottes Ysabel Mora Vert Bikini Pois\"}]},{\"@type\":\"WebSite\",\"@id\":\"https:\\\/\\\/tupique.com\\\/#website\",\"url\":\"https:\\\/\\\/tupique.com\\\/\",\"name\":\"Tupique\",\"description\":\"\",\"publisher\":{\"@id\":\"https:\\\/\\\/tupique.com\\\/#organization\"},\"potentialAction\":[{\"@type\":\"SearchAction\",\"target\":{\"@type\":\"EntryPoint\",\"urlTemplate\":\"https:\\\/\\\/tupique.com\\\/?s={search_term_string}\"},\"query-input\":{\"@type\":\"PropertyValueSpecification\",\"valueRequired\":true,\"valueName\":\"search_term_string\"}}],\"inLanguage\":\"en-GB\"},{\"@type\":\"Organization\",\"@id\":\"https:\\\/\\\/tupique.com\\\/#organization\",\"name\":\"Tupique\",\"url\":\"https:\\\/\\\/tupique.com\\\/\",\"logo\":{\"@type\":\"ImageObject\",\"inLanguage\":\"en-GB\",\"@id\":\"https:\\\/\\\/tupique.com\\\/#\\\/schema\\\/logo\\\/image\\\/\",\"url\":\"https:\\\/\\\/tupique.com\\\/wp-content\\\/uploads\\\/2026\\\/03\\\/logo-tupique-1.webp\",\"contentUrl\":\"https:\\\/\\\/tupique.com\\\/wp-content\\\/uploads\\\/2026\\\/03\\\/logo-tupique-1.webp\",\"width\":500,\"height\":67,\"caption\":\"Tupique\"},\"image\":{\"@id\":\"https:\\\/\\\/tupique.com\\\/#\\\/schema\\\/logo\\\/image\\\/\"}}]}<\/script>\n<!-- \/ Yoast SEO plugin. -->","yoast_head_json":{"title":"Culottes Ysabel Mora Vert Bikini Pois | | Tupique","description":"Envie d'acheter Culottes Ysabel Mora Vert Bikini Pois\u00a0? Achetez Culottes Ysabel Mora Vert Bikini Pois maintenant avec Tupique en 3 versements sans int\u00e9r\u00eat.","robots":{"index":"index","follow":"follow","max-snippet":"max-snippet:-1","max-image-preview":"max-image-preview:large","max-video-preview":"max-video-preview:-1"},"canonical":"https:\/\/tupique.com\/en\/product\/culottes-ysabel-mora-vert-bikini-pois\/","og_locale":"en_GB","og_type":"article","og_title":"Culottes Ysabel Mora Vert Bikini Pois | | Tupique","og_description":"Envie d'acheter Culottes Ysabel Mora Vert Bikini Pois\u00a0? Achetez Culottes Ysabel Mora Vert Bikini Pois maintenant avec Tupique en 3 versements sans int\u00e9r\u00eat.","og_url":"https:\/\/tupique.com\/en\/product\/culottes-ysabel-mora-vert-bikini-pois\/","og_site_name":"Tupique","article_modified_time":"2026-05-11T19:23:56+00:00","og_image":[{"width":1200,"height":1200,"url":"https:\/\/tupique.com\/wp-content\/uploads\/2026\/05\/8434506365516_S6447293_P02.jpg","type":"image\/jpeg"}],"twitter_card":"summary_large_image","schema":{"@context":"https:\/\/schema.org","@graph":[{"@type":"WebPage","@id":"https:\/\/tupique.com\/product\/culottes-ysabel-mora-vert-bikini-pois\/","url":"https:\/\/tupique.com\/product\/culottes-ysabel-mora-vert-bikini-pois\/","name":"Culottes Ysabel Mora Vert Bikini Pois | | Tupique","isPartOf":{"@id":"https:\/\/tupique.com\/#website"},"primaryImageOfPage":{"@id":"https:\/\/tupique.com\/product\/culottes-ysabel-mora-vert-bikini-pois\/#primaryimage"},"image":{"@id":"https:\/\/tupique.com\/product\/culottes-ysabel-mora-vert-bikini-pois\/#primaryimage"},"thumbnailUrl":"https:\/\/tupique.com\/wp-content\/uploads\/2026\/05\/8434506365516_S6447293_P02.jpg","datePublished":"2026-05-11T13:26:50+00:00","dateModified":"2026-05-11T19:23:56+00:00","description":"Envie d'acheter Culottes Ysabel Mora Vert Bikini Pois\u00a0? Achetez Culottes Ysabel Mora Vert Bikini Pois maintenant avec Tupique en 3 versements sans int\u00e9r\u00eat.","breadcrumb":{"@id":"https:\/\/tupique.com\/product\/culottes-ysabel-mora-vert-bikini-pois\/#breadcrumb"},"inLanguage":"en-GB","potentialAction":[{"@type":"ReadAction","target":["https:\/\/tupique.com\/product\/culottes-ysabel-mora-vert-bikini-pois\/"]}]},{"@type":"ImageObject","inLanguage":"en-GB","@id":"https:\/\/tupique.com\/product\/culottes-ysabel-mora-vert-bikini-pois\/#primaryimage","url":"https:\/\/tupique.com\/wp-content\/uploads\/2026\/05\/8434506365516_S6447293_P02.jpg","contentUrl":"https:\/\/tupique.com\/wp-content\/uploads\/2026\/05\/8434506365516_S6447293_P02.jpg","width":1200,"height":1200,"caption":"S6447580_0"},{"@type":"BreadcrumbList","@id":"https:\/\/tupique.com\/product\/culottes-ysabel-mora-vert-bikini-pois\/#breadcrumb","itemListElement":[{"@type":"ListItem","position":1,"name":"commencer","item":"https:\/\/tupique.com\/"},{"@type":"ListItem","position":2,"name":"Loja","item":"https:\/\/tupique.com\/pt\/loja\/"},{"@type":"ListItem","position":3,"name":"Culottes Ysabel Mora Vert Bikini Pois"}]},{"@type":"WebSite","@id":"https:\/\/tupique.com\/#website","url":"https:\/\/tupique.com\/","name":"Tupique","description":"","publisher":{"@id":"https:\/\/tupique.com\/#organization"},"potentialAction":[{"@type":"SearchAction","target":{"@type":"EntryPoint","urlTemplate":"https:\/\/tupique.com\/?s={search_term_string}"},"query-input":{"@type":"PropertyValueSpecification","valueRequired":true,"valueName":"search_term_string"}}],"inLanguage":"en-GB"},{"@type":"Organization","@id":"https:\/\/tupique.com\/#organization","name":"Tupique","url":"https:\/\/tupique.com\/","logo":{"@type":"ImageObject","inLanguage":"en-GB","@id":"https:\/\/tupique.com\/#\/schema\/logo\/image\/","url":"https:\/\/tupique.com\/wp-content\/uploads\/2026\/03\/logo-tupique-1.webp","contentUrl":"https:\/\/tupique.com\/wp-content\/uploads\/2026\/03\/logo-tupique-1.webp","width":500,"height":67,"caption":"Tupique"},"image":{"@id":"https:\/\/tupique.com\/#\/schema\/logo\/image\/"}}]}},"_links":{"self":[{"href":"https:\/\/tupique.com\/en\/wp-json\/wp\/v2\/product\/182337","targetHints":{"allow":["GET"]}}],"collection":[{"href":"https:\/\/tupique.com\/en\/wp-json\/wp\/v2\/product"}],"about":[{"href":"https:\/\/tupique.com\/en\/wp-json\/wp\/v2\/types\/product"}],"replies":[{"embeddable":true,"href":"https:\/\/tupique.com\/en\/wp-json\/wp\/v2\/comments?post=182337"}],"wp:featuredmedia":[{"embeddable":true,"href":"https:\/\/tupique.com\/en\/wp-json\/wp\/v2\/media\/182333"}],"wp:attachment":[{"href":"https:\/\/tupique.com\/en\/wp-json\/wp\/v2\/media?parent=182337"}],"wp:term":[{"taxonomy":"product_brand","embeddable":true,"href":"https:\/\/tupique.com\/en\/wp-json\/wp\/v2\/product_brand?post=182337"},{"taxonomy":"product_cat","embeddable":true,"href":"https:\/\/tupique.com\/en\/wp-json\/wp\/v2\/product_cat?post=182337"},{"taxonomy":"product_tag","embeddable":true,"href":"https:\/\/tupique.com\/en\/wp-json\/wp\/v2\/product_tag?post=182337"},{"taxonomy":"woo-feed-brand","embeddable":true,"href":"https:\/\/tupique.com\/en\/wp-json\/wp\/v2\/woo-feed-brand?post=182337"}],"curies":[{"name":"wp","href":"https:\/\/api.w.org\/{rel}","templated":true}]}}