{"id":182351,"date":"2026-05-11T15:27:16","date_gmt":"2026-05-11T13:27:16","guid":{"rendered":"https:\/\/tupique.com\/product\/banc-de-jardin-pliable-avec-sac-a-outils-3-en-1-situl-innovagoods\/"},"modified":"2026-05-11T21:23:47","modified_gmt":"2026-05-11T19:23:47","slug":"banc-de-jardin-pliable-avec-sac-a-outils-3-en-1-situl-innovagoods","status":"publish","type":"product","link":"https:\/\/tupique.com\/en\/product\/banc-de-jardin-pliable-avec-sac-a-outils-3-en-1-situl-innovagoods\/","title":{"rendered":"3-in-1 Foldable Garden Bench with Tool Bag Situl InnovaGoods"},"content":{"rendered":"<div class=\"col-md-6\"><b>InnovaGoods<\/b> vous offre les meilleures nouveaut\u00e9s pour la maison, comme <b>3-in-1 Foldable Garden Bench with Tool Bag Situl InnovaGoods <\/b>! D\u00e9couvrez une vaste gamme de produits de qualit\u00e9 qui se d\u00e9marquent de par leur fonctionnalit\u00e9, leur efficacit\u00e9 et leur design innovant : \u00e9clairage, organisation, d\u00e9coration, climatisation, jardin, animaux domestiques, nettoyage, etc.<\/p>\n<p>The<b> banc de jardin pliable Situl InnovaGoods<\/b> vous permet<br \/>\nd\u2019effectuer des travaux de jardinage confortablement gr\u00e2ce \u00e0 sa conception <b>multi-positions et multifonction<\/b> 3-en-1 originale. Un<br \/>\n<b>si\u00e8ge de jardin ergonomique<\/b> polyvalent qui offre un soutien ferme et<br \/>\naide \u00e0 r\u00e9duire la pression sur les genoux. <b>Il se plie et se d\u00e9plie<\/b><br \/>\nfacilement pour \u00e9conomiser de <b>l\u2019espace<\/b> et faciliter son utilisation. En outre, il comprend des accessoires pour<br \/>\nsa plus grande utilit\u00e9.<\/p>\n<\/p>\n<ul>\n<li><b>Si\u00e8ge de jardinier<\/b> pliable, confortable et robuste <\/li>\n<li>Mat\u00e9riaux de qualit\u00e9, structure m\u00e9tallique et base de support en mousse<\/li>\n<li><b>Adaptable<\/b>, permet de choisir<b> 2 positions <\/b>:<br \/>\nassis ou \u00e0 genoux<\/li>\n<li><b>Sac de jardinage<\/b> amovible pour outils (non inclus)<\/li>\n<li>Le sac \u00e0 outils se place sur le si\u00e8ge dans ses 2 positions<\/li>\n<li><b>Sangle r\u00e9glable<\/b> pour porter le sac \u00e0 la taille si vous<br \/>\npr\u00e9f\u00e9rez<\/li>\n<li>L\u00e9ger, <b>portable<\/b>, prend peu de place,<b> facile \u00e0 transporter et \u00e0<br \/>\nranger<\/b><\/li>\n<\/ul>\n<p>The <b>banc<\/b><br \/>\n<b>de jardinier<\/b> repose sur la base pour d\u00e9plier les pieds, qui sont bloqu\u00e9s<br \/>\npour une utilisation en toute s\u00e9curit\u00e9. Pour le plier \u00e0 nouveau, il vous suffit<br \/>\nde serrer le ressort qui lib\u00e8re la s\u00e9curit\u00e9, de plier un pied puis l\u2019autre.<\/p>\n<p>Pour travailler \u00e0 genoux ou assis, il vous<br \/>\nsuffit d\u2019inverser la position du si\u00e8ge. Il est recommand\u00e9 de ne pas utiliser de<br \/>\nproduits ou de mat\u00e9riaux abrasifs pour le nettoyage.<\/p>\n<p><\/p>\n<ul>\n<li>Mat\u00e9riel:\n<ul>\n<li>Fer<\/li>\n<li>Tissu Oxford<\/li>\n<li>Feuille de Mousse<\/li>\n<\/ul>\n<\/li>\n<li>Couleur:\n<ul>\n<li>Gris<\/li>\n<li>Vert<\/li>\n<\/ul>\n<\/li>\n<li>Multifonction: 3-in-1<\/li>\n<li>Type: Banc de jardin<\/li>\n<li>Design: Pliable<\/li>\n<li>Multiposition: 2 Positions<\/li>\n<li>Ergonomique: Utilisation pratique et simple<\/li>\n<li>R\u00e9sistante et durable: Fixation ferme<\/li>\n<li>Poids Max. support\u00e9: 110 kg<\/li>\n<li>L\u00e9ger et maniable: Facile \u00e0 transporter et \u00e0 ranger<\/li>\n<li>Sac de jardinage:\n<ul>\n<li>Amovible<\/li>\n<li>Ceinture de soutien<\/li>\n<\/ul>\n<\/li>\n<li>Non inclut: Outils<\/li>\n<li>Dimensions approx. pli\u00e9: 60 x 13,5 x 27,5 cm<\/li>\n<li>Dimensions approx. (d\u00e9pli\u00e9): 60 x 49 x 27,5 cm<\/li>\n<li>Packaging et manuel en 24 langues: anglais, fran\u00e7ais, espagnol, allemand, italien, portugais, n\u00e9erlandais, polonais, hongrois, roumain, danois, su\u00e9dois, finnois, lituanien, norv\u00e9gien, slov\u00e8ne, grec, tch\u00e8que, bulgare, croate, slovaque, estonien, russe, letton<\/li>\n<\/ul>\n<p>Packaging et manuel en 24 langues: anglais, fran\u00e7ais, espagnol, allemand, italien, portugais, n\u00e9erlandais, polonais, hongrois, roumain, danois, su\u00e9dois, finnois, lituanien, norv\u00e9gien, slov\u00e8ne, grec, tch\u00e8que, bulgare, croate, slovaque, estonien, russe, letton.<\/p><\/div>\n<div class=\"col-md-6\">\n<div class=\"embed-responsive embed-responsive-16by9\"><iframe class=\"embed-responsive-item\" src=\"https:\/\/www.youtube.com\/embed\/AuZ26KEA3tI\" frameborder=\"0\" allowfullscreen><\/iframe><\/div>\n<\/div>","protected":false},"excerpt":{"rendered":"<p>InnovaGoods vous offre les meilleures nouveaut\u00e9s pour la maison, comme Banc de Jardin Pliable avec Sac \u00e0 Outils 3-en-1 Situl InnovaGoods ! D\u00e9couvrez une vaste gamme de produits de qualit\u00e9 qui se d\u00e9marquent de par leur fonctionnalit\u00e9, leur efficacit\u00e9 et leur design innovant : \u00e9clairage, organisation, d\u00e9coration, climatisation, jardin, animaux domestiques, nettoyage, etc. Le banc [&hellip;]<\/p>\n","protected":false},"featured_media":182338,"comment_status":"open","ping_status":"closed","template":"","meta":[],"product_brand":[256],"product_cat":[613,63,64,1797,759,760,239,1796],"product_tag":[211,210],"class_list":{"0":"post-182351","1":"product","2":"type-product","3":"status-publish","4":"has-post-thumbnail","6":"product_brand-brandp_1281","7":"product_cat-bricolage-et-materiel","8":"product_cat-cadeaux-originaux","9":"product_cat-cadeaux-pour-la-maison","10":"product_cat-idees-pour-la-maison","11":"product_cat-jardin-et-terrasse","12":"product_cat-jardinage","13":"product_cat-maison-jardin","14":"product_cat-teleachat-vu-a-la-television","15":"product_tag-tag_3","16":"product_tag-tag_25","18":"first","19":"instock","20":"taxable","21":"shipping-taxable","22":"purchasable","23":"product-type-simple"},"yoast_head":"<!-- This site is optimized with the Yoast SEO plugin v27.5 - https:\/\/yoast.com\/product\/yoast-seo-wordpress\/ -->\n<title>Banc de Jardin Pliable avec Sac \u00e0 Outils 3-en-1 Situl InnovaGoods - Tupique<\/title>\n<meta name=\"robots\" content=\"index, follow, max-snippet:-1, max-image-preview:large, max-video-preview:-1\" \/>\n<link rel=\"canonical\" href=\"https:\/\/tupique.com\/en\/product\/banc-de-jardin-pliable-avec-sac-a-outils-3-en-1-situl-innovagoods\/\" \/>\n<meta property=\"og:locale\" content=\"en_GB\" \/>\n<meta property=\"og:type\" content=\"article\" \/>\n<meta property=\"og:title\" content=\"Banc de Jardin Pliable avec Sac \u00e0 Outils 3-en-1 Situl InnovaGoods - Tupique\" \/>\n<meta property=\"og:description\" content=\"InnovaGoods vous offre les meilleures nouveaut\u00e9s pour la maison, comme Banc de Jardin Pliable avec Sac \u00e0 Outils 3-en-1 Situl InnovaGoods ! D\u00e9couvrez une vaste gamme de produits de qualit\u00e9 qui se d\u00e9marquent de par leur fonctionnalit\u00e9, leur efficacit\u00e9 et leur design innovant : \u00e9clairage, organisation, d\u00e9coration, climatisation, jardin, animaux domestiques, nettoyage, etc. Le banc [&hellip;]\" \/>\n<meta property=\"og:url\" content=\"https:\/\/tupique.com\/en\/product\/banc-de-jardin-pliable-avec-sac-a-outils-3-en-1-situl-innovagoods\/\" \/>\n<meta property=\"og:site_name\" content=\"Tupique\" \/>\n<meta property=\"article:modified_time\" content=\"2026-05-11T19:23:47+00:00\" \/>\n<meta name=\"twitter:card\" content=\"summary_large_image\" \/>\n<meta name=\"twitter:label1\" content=\"Est. reading time\" \/>\n\t<meta name=\"twitter:data1\" content=\"2 minutes\" \/>\n<script type=\"application\/ld+json\" class=\"yoast-schema-graph\">{\"@context\":\"https:\\\/\\\/schema.org\",\"@graph\":[{\"@type\":\"WebPage\",\"@id\":\"https:\\\/\\\/tupique.com\\\/product\\\/banc-de-jardin-pliable-avec-sac-a-outils-3-en-1-situl-innovagoods\\\/\",\"url\":\"https:\\\/\\\/tupique.com\\\/product\\\/banc-de-jardin-pliable-avec-sac-a-outils-3-en-1-situl-innovagoods\\\/\",\"name\":\"Banc de Jardin Pliable avec Sac \u00e0 Outils 3-en-1 Situl InnovaGoods - Tupique\",\"isPartOf\":{\"@id\":\"https:\\\/\\\/tupique.com\\\/#website\"},\"primaryImageOfPage\":{\"@id\":\"https:\\\/\\\/tupique.com\\\/product\\\/banc-de-jardin-pliable-avec-sac-a-outils-3-en-1-situl-innovagoods\\\/#primaryimage\"},\"image\":{\"@id\":\"https:\\\/\\\/tupique.com\\\/product\\\/banc-de-jardin-pliable-avec-sac-a-outils-3-en-1-situl-innovagoods\\\/#primaryimage\"},\"thumbnailUrl\":\"https:\\\/\\\/tupique.com\\\/wp-content\\\/uploads\\\/2026\\\/05\\\/V0103490_000_MKT-v_14.jpg\",\"datePublished\":\"2026-05-11T13:27:16+00:00\",\"dateModified\":\"2026-05-11T19:23:47+00:00\",\"breadcrumb\":{\"@id\":\"https:\\\/\\\/tupique.com\\\/product\\\/banc-de-jardin-pliable-avec-sac-a-outils-3-en-1-situl-innovagoods\\\/#breadcrumb\"},\"inLanguage\":\"en-GB\",\"potentialAction\":[{\"@type\":\"ReadAction\",\"target\":[\"https:\\\/\\\/tupique.com\\\/product\\\/banc-de-jardin-pliable-avec-sac-a-outils-3-en-1-situl-innovagoods\\\/\"]}]},{\"@type\":\"ImageObject\",\"inLanguage\":\"en-GB\",\"@id\":\"https:\\\/\\\/tupique.com\\\/product\\\/banc-de-jardin-pliable-avec-sac-a-outils-3-en-1-situl-innovagoods\\\/#primaryimage\",\"url\":\"https:\\\/\\\/tupique.com\\\/wp-content\\\/uploads\\\/2026\\\/05\\\/V0103490_000_MKT-v_14.jpg\",\"contentUrl\":\"https:\\\/\\\/tupique.com\\\/wp-content\\\/uploads\\\/2026\\\/05\\\/V0103490_000_MKT-v_14.jpg\",\"width\":1200,\"height\":1200,\"caption\":\"V0103490_0\"},{\"@type\":\"BreadcrumbList\",\"@id\":\"https:\\\/\\\/tupique.com\\\/product\\\/banc-de-jardin-pliable-avec-sac-a-outils-3-en-1-situl-innovagoods\\\/#breadcrumb\",\"itemListElement\":[{\"@type\":\"ListItem\",\"position\":1,\"name\":\"commencer\",\"item\":\"https:\\\/\\\/tupique.com\\\/\"},{\"@type\":\"ListItem\",\"position\":2,\"name\":\"Loja\",\"item\":\"https:\\\/\\\/tupique.com\\\/loja\\\/\"},{\"@type\":\"ListItem\",\"position\":3,\"name\":\"Banc de Jardin Pliable avec Sac \u00e0 Outils 3-en-1 Situl InnovaGoods\"}]},{\"@type\":\"WebSite\",\"@id\":\"https:\\\/\\\/tupique.com\\\/#website\",\"url\":\"https:\\\/\\\/tupique.com\\\/\",\"name\":\"Tupique\",\"description\":\"\",\"publisher\":{\"@id\":\"https:\\\/\\\/tupique.com\\\/#organization\"},\"potentialAction\":[{\"@type\":\"SearchAction\",\"target\":{\"@type\":\"EntryPoint\",\"urlTemplate\":\"https:\\\/\\\/tupique.com\\\/?s={search_term_string}\"},\"query-input\":{\"@type\":\"PropertyValueSpecification\",\"valueRequired\":true,\"valueName\":\"search_term_string\"}}],\"inLanguage\":\"en-GB\"},{\"@type\":\"Organization\",\"@id\":\"https:\\\/\\\/tupique.com\\\/#organization\",\"name\":\"Tupique\",\"url\":\"https:\\\/\\\/tupique.com\\\/\",\"logo\":{\"@type\":\"ImageObject\",\"inLanguage\":\"en-GB\",\"@id\":\"https:\\\/\\\/tupique.com\\\/#\\\/schema\\\/logo\\\/image\\\/\",\"url\":\"https:\\\/\\\/tupique.com\\\/wp-content\\\/uploads\\\/2026\\\/03\\\/logo-tupique-1.webp\",\"contentUrl\":\"https:\\\/\\\/tupique.com\\\/wp-content\\\/uploads\\\/2026\\\/03\\\/logo-tupique-1.webp\",\"width\":500,\"height\":67,\"caption\":\"Tupique\"},\"image\":{\"@id\":\"https:\\\/\\\/tupique.com\\\/#\\\/schema\\\/logo\\\/image\\\/\"}}]}<\/script>\n<!-- \/ Yoast SEO plugin. -->","yoast_head_json":{"title":"Banc de Jardin Pliable avec Sac \u00e0 Outils 3-en-1 Situl InnovaGoods - Tupique","robots":{"index":"index","follow":"follow","max-snippet":"max-snippet:-1","max-image-preview":"max-image-preview:large","max-video-preview":"max-video-preview:-1"},"canonical":"https:\/\/tupique.com\/en\/product\/banc-de-jardin-pliable-avec-sac-a-outils-3-en-1-situl-innovagoods\/","og_locale":"en_GB","og_type":"article","og_title":"Banc de Jardin Pliable avec Sac \u00e0 Outils 3-en-1 Situl InnovaGoods - Tupique","og_description":"InnovaGoods vous offre les meilleures nouveaut\u00e9s pour la maison, comme Banc de Jardin Pliable avec Sac \u00e0 Outils 3-en-1 Situl InnovaGoods ! D\u00e9couvrez une vaste gamme de produits de qualit\u00e9 qui se d\u00e9marquent de par leur fonctionnalit\u00e9, leur efficacit\u00e9 et leur design innovant : \u00e9clairage, organisation, d\u00e9coration, climatisation, jardin, animaux domestiques, nettoyage, etc. Le banc [&hellip;]","og_url":"https:\/\/tupique.com\/en\/product\/banc-de-jardin-pliable-avec-sac-a-outils-3-en-1-situl-innovagoods\/","og_site_name":"Tupique","article_modified_time":"2026-05-11T19:23:47+00:00","twitter_card":"summary_large_image","twitter_misc":{"Est. reading time":"2 minutes"},"schema":{"@context":"https:\/\/schema.org","@graph":[{"@type":"WebPage","@id":"https:\/\/tupique.com\/product\/banc-de-jardin-pliable-avec-sac-a-outils-3-en-1-situl-innovagoods\/","url":"https:\/\/tupique.com\/product\/banc-de-jardin-pliable-avec-sac-a-outils-3-en-1-situl-innovagoods\/","name":"Banc de Jardin Pliable avec Sac \u00e0 Outils 3-en-1 Situl InnovaGoods - Tupique","isPartOf":{"@id":"https:\/\/tupique.com\/#website"},"primaryImageOfPage":{"@id":"https:\/\/tupique.com\/product\/banc-de-jardin-pliable-avec-sac-a-outils-3-en-1-situl-innovagoods\/#primaryimage"},"image":{"@id":"https:\/\/tupique.com\/product\/banc-de-jardin-pliable-avec-sac-a-outils-3-en-1-situl-innovagoods\/#primaryimage"},"thumbnailUrl":"https:\/\/tupique.com\/wp-content\/uploads\/2026\/05\/V0103490_000_MKT-v_14.jpg","datePublished":"2026-05-11T13:27:16+00:00","dateModified":"2026-05-11T19:23:47+00:00","breadcrumb":{"@id":"https:\/\/tupique.com\/product\/banc-de-jardin-pliable-avec-sac-a-outils-3-en-1-situl-innovagoods\/#breadcrumb"},"inLanguage":"en-GB","potentialAction":[{"@type":"ReadAction","target":["https:\/\/tupique.com\/product\/banc-de-jardin-pliable-avec-sac-a-outils-3-en-1-situl-innovagoods\/"]}]},{"@type":"ImageObject","inLanguage":"en-GB","@id":"https:\/\/tupique.com\/product\/banc-de-jardin-pliable-avec-sac-a-outils-3-en-1-situl-innovagoods\/#primaryimage","url":"https:\/\/tupique.com\/wp-content\/uploads\/2026\/05\/V0103490_000_MKT-v_14.jpg","contentUrl":"https:\/\/tupique.com\/wp-content\/uploads\/2026\/05\/V0103490_000_MKT-v_14.jpg","width":1200,"height":1200,"caption":"V0103490_0"},{"@type":"BreadcrumbList","@id":"https:\/\/tupique.com\/product\/banc-de-jardin-pliable-avec-sac-a-outils-3-en-1-situl-innovagoods\/#breadcrumb","itemListElement":[{"@type":"ListItem","position":1,"name":"commencer","item":"https:\/\/tupique.com\/"},{"@type":"ListItem","position":2,"name":"Loja","item":"https:\/\/tupique.com\/loja\/"},{"@type":"ListItem","position":3,"name":"Banc de Jardin Pliable avec Sac \u00e0 Outils 3-en-1 Situl InnovaGoods"}]},{"@type":"WebSite","@id":"https:\/\/tupique.com\/#website","url":"https:\/\/tupique.com\/","name":"Tupique","description":"","publisher":{"@id":"https:\/\/tupique.com\/#organization"},"potentialAction":[{"@type":"SearchAction","target":{"@type":"EntryPoint","urlTemplate":"https:\/\/tupique.com\/?s={search_term_string}"},"query-input":{"@type":"PropertyValueSpecification","valueRequired":true,"valueName":"search_term_string"}}],"inLanguage":"en-GB"},{"@type":"Organization","@id":"https:\/\/tupique.com\/#organization","name":"Tupique","url":"https:\/\/tupique.com\/","logo":{"@type":"ImageObject","inLanguage":"en-GB","@id":"https:\/\/tupique.com\/#\/schema\/logo\/image\/","url":"https:\/\/tupique.com\/wp-content\/uploads\/2026\/03\/logo-tupique-1.webp","contentUrl":"https:\/\/tupique.com\/wp-content\/uploads\/2026\/03\/logo-tupique-1.webp","width":500,"height":67,"caption":"Tupique"},"image":{"@id":"https:\/\/tupique.com\/#\/schema\/logo\/image\/"}}]}},"_links":{"self":[{"href":"https:\/\/tupique.com\/en\/wp-json\/wp\/v2\/product\/182351","targetHints":{"allow":["GET"]}}],"collection":[{"href":"https:\/\/tupique.com\/en\/wp-json\/wp\/v2\/product"}],"about":[{"href":"https:\/\/tupique.com\/en\/wp-json\/wp\/v2\/types\/product"}],"replies":[{"embeddable":true,"href":"https:\/\/tupique.com\/en\/wp-json\/wp\/v2\/comments?post=182351"}],"wp:featuredmedia":[{"embeddable":true,"href":"https:\/\/tupique.com\/en\/wp-json\/wp\/v2\/media\/182338"}],"wp:attachment":[{"href":"https:\/\/tupique.com\/en\/wp-json\/wp\/v2\/media?parent=182351"}],"wp:term":[{"taxonomy":"product_brand","embeddable":true,"href":"https:\/\/tupique.com\/en\/wp-json\/wp\/v2\/product_brand?post=182351"},{"taxonomy":"product_cat","embeddable":true,"href":"https:\/\/tupique.com\/en\/wp-json\/wp\/v2\/product_cat?post=182351"},{"taxonomy":"product_tag","embeddable":true,"href":"https:\/\/tupique.com\/en\/wp-json\/wp\/v2\/product_tag?post=182351"}],"curies":[{"name":"wp","href":"https:\/\/api.w.org\/{rel}","templated":true}]}}