{"id":182613,"date":"2026-05-11T15:46:59","date_gmt":"2026-05-11T13:46:59","guid":{"rendered":"https:\/\/tupique.com\/product\/lampe-led-avec-capteur-de-mouvement-ksix-grace-55-cm\/"},"modified":"2026-05-11T21:17:35","modified_gmt":"2026-05-11T19:17:35","slug":"lampe-led-avec-capteur-de-mouvement-ksix-grace-55-cm","status":"publish","type":"product","link":"https:\/\/tupique.com\/en\/product\/lampe-led-avec-capteur-de-mouvement-ksix-grace-55-cm\/","title":{"rendered":"Lampe LED avec Capteur de Mouvement KSIX Grace (55 cm)"},"content":{"rendered":"<p>Si vous aimez prendre soin de chaque d\u00e9tail de votre maison et d&#8217;\u00eatre \u00e0 la derni\u00e8re mode en mati\u00e8re de produits qui vous rendront la vie plus facile, achetez <b>Lampe LED avec Capteur de Mouvement KSIX Grace (55 cm)<\/b> au meilleur prix.<\/p>\n<ul>\n<li>Couleur: Blanc<\/li>\n<li>Features:\n<ul>\n<li>Fonctionne \u00e0 piles (6 x AAA, non fournies)<\/li>\n<li>D\u00e9tecteur de Mouvement<\/li>\n<\/ul>\n<\/li>\n<li>Adh\u00e9sif: 3M<\/li>\n<li>Temp\u00e9rature de couleur: 4000 K<\/li>\n<li>Flux lumineux: 120 Lm<\/li>\n<li>Type: Tube LED<\/li>\n<li>Dimensions approx.: 55 cm<\/li>\n<\/ul>","protected":false},"excerpt":{"rendered":"<p>Si vous aimez prendre soin de chaque d\u00e9tail de votre maison et d&#8217;\u00eatre \u00e0 la derni\u00e8re mode en mati\u00e8re de produits qui vous rendront la vie plus facile, achetez Lampe LED avec Capteur de Mouvement KSIX Grace (55 cm) au meilleur prix. Couleur: Blanc Caract\u00e9ristiques: Fonctionne \u00e0 piles (6 x AAA, non fournies) D\u00e9tecteur de [&hellip;]<\/p>\n","protected":false},"featured_media":182594,"comment_status":"open","ping_status":"closed","template":"","meta":[],"product_brand":[177],"product_cat":[1430,1431,239],"product_tag":[104],"woo-feed-brand":[],"class_list":{"0":"post-182613","1":"product","2":"type-product","3":"status-publish","4":"has-post-thumbnail","6":"product_brand-brandp_1052","7":"product_cat-decoration-et-eclairage","8":"product_cat-lampes","9":"product_cat-maison-jardin","10":"product_tag-tag_1279","12":"first","13":"instock","14":"taxable","15":"shipping-taxable","16":"purchasable","17":"product-type-simple"},"yoast_head":"<!-- This site is optimized with the Yoast SEO plugin v27.5 - https:\/\/yoast.com\/product\/yoast-seo-wordpress\/ -->\n<title>Lampe LED avec Capteur de Mouvement KSIX Grace (55 cm) | | Tupique<\/title>\n<meta name=\"description\" content=\"Envie d&#039;acheter Lampe LED avec Capteur de Mouvement KSIX Grace (55 cm)\u00a0? Achetez Lampe LED avec Capteur de Mouvement KSIX Grace (55 cm) maintenant avec Tupique en 3 versements sans int\u00e9r\u00eat.\" \/>\n<meta name=\"robots\" content=\"index, follow, max-snippet:-1, max-image-preview:large, max-video-preview:-1\" \/>\n<link rel=\"canonical\" href=\"https:\/\/tupique.com\/en\/product\/lampe-led-avec-capteur-de-mouvement-ksix-grace-55-cm\/\" \/>\n<meta property=\"og:locale\" content=\"en_GB\" \/>\n<meta property=\"og:type\" content=\"article\" \/>\n<meta property=\"og:title\" content=\"Lampe LED avec Capteur de Mouvement KSIX Grace (55 cm) | | Tupique\" \/>\n<meta property=\"og:description\" content=\"Envie d&#039;acheter Lampe LED avec Capteur de Mouvement KSIX Grace (55 cm)\u00a0? Achetez Lampe LED avec Capteur de Mouvement KSIX Grace (55 cm) maintenant avec Tupique en 3 versements sans int\u00e9r\u00eat.\" \/>\n<meta property=\"og:url\" content=\"https:\/\/tupique.com\/en\/product\/lampe-led-avec-capteur-de-mouvement-ksix-grace-55-cm\/\" \/>\n<meta property=\"og:site_name\" content=\"Tupique\" \/>\n<meta property=\"article:modified_time\" content=\"2026-05-11T19:17:35+00:00\" \/>\n<meta property=\"og:image\" content=\"https:\/\/tupique.com\/wp-content\/uploads\/2026\/05\/8427542122854_S1906030_P04.jpg\" \/>\n\t<meta property=\"og:image:width\" content=\"1200\" \/>\n\t<meta property=\"og:image:height\" content=\"1200\" \/>\n\t<meta property=\"og:image:type\" content=\"image\/jpeg\" \/>\n<meta name=\"twitter:card\" content=\"summary_large_image\" \/>\n<script type=\"application\/ld+json\" class=\"yoast-schema-graph\">{\"@context\":\"https:\\\/\\\/schema.org\",\"@graph\":[{\"@type\":\"WebPage\",\"@id\":\"https:\\\/\\\/tupique.com\\\/en\\\/product\\\/lampe-led-avec-capteur-de-mouvement-ksix-grace-55-cm\\\/\",\"url\":\"https:\\\/\\\/tupique.com\\\/en\\\/product\\\/lampe-led-avec-capteur-de-mouvement-ksix-grace-55-cm\\\/\",\"name\":\"Lampe LED avec Capteur de Mouvement KSIX Grace (55 cm) | | Tupique\",\"isPartOf\":{\"@id\":\"https:\\\/\\\/tupique.com\\\/#website\"},\"primaryImageOfPage\":{\"@id\":\"https:\\\/\\\/tupique.com\\\/en\\\/product\\\/lampe-led-avec-capteur-de-mouvement-ksix-grace-55-cm\\\/#primaryimage\"},\"image\":{\"@id\":\"https:\\\/\\\/tupique.com\\\/en\\\/product\\\/lampe-led-avec-capteur-de-mouvement-ksix-grace-55-cm\\\/#primaryimage\"},\"thumbnailUrl\":\"https:\\\/\\\/tupique.com\\\/wp-content\\\/uploads\\\/2026\\\/05\\\/8427542122854_S1906030_P04.jpg\",\"datePublished\":\"2026-05-11T13:46:59+00:00\",\"dateModified\":\"2026-05-11T19:17:35+00:00\",\"description\":\"Envie d'acheter Lampe LED avec Capteur de Mouvement KSIX Grace (55 cm)\u00a0? Achetez Lampe LED avec Capteur de Mouvement KSIX Grace (55 cm) maintenant avec Tupique en 3 versements sans int\u00e9r\u00eat.\",\"breadcrumb\":{\"@id\":\"https:\\\/\\\/tupique.com\\\/en\\\/product\\\/lampe-led-avec-capteur-de-mouvement-ksix-grace-55-cm\\\/#breadcrumb\"},\"inLanguage\":\"en-GB\",\"potentialAction\":[{\"@type\":\"ReadAction\",\"target\":[\"https:\\\/\\\/tupique.com\\\/en\\\/product\\\/lampe-led-avec-capteur-de-mouvement-ksix-grace-55-cm\\\/\"]}]},{\"@type\":\"ImageObject\",\"inLanguage\":\"en-GB\",\"@id\":\"https:\\\/\\\/tupique.com\\\/en\\\/product\\\/lampe-led-avec-capteur-de-mouvement-ksix-grace-55-cm\\\/#primaryimage\",\"url\":\"https:\\\/\\\/tupique.com\\\/wp-content\\\/uploads\\\/2026\\\/05\\\/8427542122854_S1906030_P04.jpg\",\"contentUrl\":\"https:\\\/\\\/tupique.com\\\/wp-content\\\/uploads\\\/2026\\\/05\\\/8427542122854_S1906030_P04.jpg\",\"width\":1200,\"height\":1200,\"caption\":\"S1906030_0\"},{\"@type\":\"BreadcrumbList\",\"@id\":\"https:\\\/\\\/tupique.com\\\/en\\\/product\\\/lampe-led-avec-capteur-de-mouvement-ksix-grace-55-cm\\\/#breadcrumb\",\"itemListElement\":[{\"@type\":\"ListItem\",\"position\":1,\"name\":\"commencer\",\"item\":\"https:\\\/\\\/tupique.com\\\/\"},{\"@type\":\"ListItem\",\"position\":2,\"name\":\"Loja\",\"item\":\"https:\\\/\\\/tupique.com\\\/pt\\\/loja\\\/\"},{\"@type\":\"ListItem\",\"position\":3,\"name\":\"Lampe LED avec Capteur de Mouvement KSIX Grace (55 cm)\"}]},{\"@type\":\"WebSite\",\"@id\":\"https:\\\/\\\/tupique.com\\\/#website\",\"url\":\"https:\\\/\\\/tupique.com\\\/\",\"name\":\"Tupique\",\"description\":\"\",\"publisher\":{\"@id\":\"https:\\\/\\\/tupique.com\\\/#organization\"},\"potentialAction\":[{\"@type\":\"SearchAction\",\"target\":{\"@type\":\"EntryPoint\",\"urlTemplate\":\"https:\\\/\\\/tupique.com\\\/?s={search_term_string}\"},\"query-input\":{\"@type\":\"PropertyValueSpecification\",\"valueRequired\":true,\"valueName\":\"search_term_string\"}}],\"inLanguage\":\"en-GB\"},{\"@type\":\"Organization\",\"@id\":\"https:\\\/\\\/tupique.com\\\/#organization\",\"name\":\"Tupique\",\"url\":\"https:\\\/\\\/tupique.com\\\/\",\"logo\":{\"@type\":\"ImageObject\",\"inLanguage\":\"en-GB\",\"@id\":\"https:\\\/\\\/tupique.com\\\/#\\\/schema\\\/logo\\\/image\\\/\",\"url\":\"https:\\\/\\\/tupique.com\\\/wp-content\\\/uploads\\\/2026\\\/03\\\/logo-tupique-1.webp\",\"contentUrl\":\"https:\\\/\\\/tupique.com\\\/wp-content\\\/uploads\\\/2026\\\/03\\\/logo-tupique-1.webp\",\"width\":500,\"height\":67,\"caption\":\"Tupique\"},\"image\":{\"@id\":\"https:\\\/\\\/tupique.com\\\/#\\\/schema\\\/logo\\\/image\\\/\"}}]}<\/script>\n<!-- \/ Yoast SEO plugin. -->","yoast_head_json":{"title":"Lampe LED avec Capteur de Mouvement KSIX Grace (55 cm) | | Tupique","description":"Envie d'acheter Lampe LED avec Capteur de Mouvement KSIX Grace (55 cm)\u00a0? Achetez Lampe LED avec Capteur de Mouvement KSIX Grace (55 cm) maintenant avec Tupique en 3 versements sans int\u00e9r\u00eat.","robots":{"index":"index","follow":"follow","max-snippet":"max-snippet:-1","max-image-preview":"max-image-preview:large","max-video-preview":"max-video-preview:-1"},"canonical":"https:\/\/tupique.com\/en\/product\/lampe-led-avec-capteur-de-mouvement-ksix-grace-55-cm\/","og_locale":"en_GB","og_type":"article","og_title":"Lampe LED avec Capteur de Mouvement KSIX Grace (55 cm) | | Tupique","og_description":"Envie d'acheter Lampe LED avec Capteur de Mouvement KSIX Grace (55 cm)\u00a0? Achetez Lampe LED avec Capteur de Mouvement KSIX Grace (55 cm) maintenant avec Tupique en 3 versements sans int\u00e9r\u00eat.","og_url":"https:\/\/tupique.com\/en\/product\/lampe-led-avec-capteur-de-mouvement-ksix-grace-55-cm\/","og_site_name":"Tupique","article_modified_time":"2026-05-11T19:17:35+00:00","og_image":[{"width":1200,"height":1200,"url":"https:\/\/tupique.com\/wp-content\/uploads\/2026\/05\/8427542122854_S1906030_P04.jpg","type":"image\/jpeg"}],"twitter_card":"summary_large_image","schema":{"@context":"https:\/\/schema.org","@graph":[{"@type":"WebPage","@id":"https:\/\/tupique.com\/en\/product\/lampe-led-avec-capteur-de-mouvement-ksix-grace-55-cm\/","url":"https:\/\/tupique.com\/en\/product\/lampe-led-avec-capteur-de-mouvement-ksix-grace-55-cm\/","name":"Lampe LED avec Capteur de Mouvement KSIX Grace (55 cm) | | Tupique","isPartOf":{"@id":"https:\/\/tupique.com\/#website"},"primaryImageOfPage":{"@id":"https:\/\/tupique.com\/en\/product\/lampe-led-avec-capteur-de-mouvement-ksix-grace-55-cm\/#primaryimage"},"image":{"@id":"https:\/\/tupique.com\/en\/product\/lampe-led-avec-capteur-de-mouvement-ksix-grace-55-cm\/#primaryimage"},"thumbnailUrl":"https:\/\/tupique.com\/wp-content\/uploads\/2026\/05\/8427542122854_S1906030_P04.jpg","datePublished":"2026-05-11T13:46:59+00:00","dateModified":"2026-05-11T19:17:35+00:00","description":"Envie d'acheter Lampe LED avec Capteur de Mouvement KSIX Grace (55 cm)\u00a0? Achetez Lampe LED avec Capteur de Mouvement KSIX Grace (55 cm) maintenant avec Tupique en 3 versements sans int\u00e9r\u00eat.","breadcrumb":{"@id":"https:\/\/tupique.com\/en\/product\/lampe-led-avec-capteur-de-mouvement-ksix-grace-55-cm\/#breadcrumb"},"inLanguage":"en-GB","potentialAction":[{"@type":"ReadAction","target":["https:\/\/tupique.com\/en\/product\/lampe-led-avec-capteur-de-mouvement-ksix-grace-55-cm\/"]}]},{"@type":"ImageObject","inLanguage":"en-GB","@id":"https:\/\/tupique.com\/en\/product\/lampe-led-avec-capteur-de-mouvement-ksix-grace-55-cm\/#primaryimage","url":"https:\/\/tupique.com\/wp-content\/uploads\/2026\/05\/8427542122854_S1906030_P04.jpg","contentUrl":"https:\/\/tupique.com\/wp-content\/uploads\/2026\/05\/8427542122854_S1906030_P04.jpg","width":1200,"height":1200,"caption":"S1906030_0"},{"@type":"BreadcrumbList","@id":"https:\/\/tupique.com\/en\/product\/lampe-led-avec-capteur-de-mouvement-ksix-grace-55-cm\/#breadcrumb","itemListElement":[{"@type":"ListItem","position":1,"name":"commencer","item":"https:\/\/tupique.com\/"},{"@type":"ListItem","position":2,"name":"Loja","item":"https:\/\/tupique.com\/pt\/loja\/"},{"@type":"ListItem","position":3,"name":"Lampe LED avec Capteur de Mouvement KSIX Grace (55 cm)"}]},{"@type":"WebSite","@id":"https:\/\/tupique.com\/#website","url":"https:\/\/tupique.com\/","name":"Tupique","description":"","publisher":{"@id":"https:\/\/tupique.com\/#organization"},"potentialAction":[{"@type":"SearchAction","target":{"@type":"EntryPoint","urlTemplate":"https:\/\/tupique.com\/?s={search_term_string}"},"query-input":{"@type":"PropertyValueSpecification","valueRequired":true,"valueName":"search_term_string"}}],"inLanguage":"en-GB"},{"@type":"Organization","@id":"https:\/\/tupique.com\/#organization","name":"Tupique","url":"https:\/\/tupique.com\/","logo":{"@type":"ImageObject","inLanguage":"en-GB","@id":"https:\/\/tupique.com\/#\/schema\/logo\/image\/","url":"https:\/\/tupique.com\/wp-content\/uploads\/2026\/03\/logo-tupique-1.webp","contentUrl":"https:\/\/tupique.com\/wp-content\/uploads\/2026\/03\/logo-tupique-1.webp","width":500,"height":67,"caption":"Tupique"},"image":{"@id":"https:\/\/tupique.com\/#\/schema\/logo\/image\/"}}]}},"_links":{"self":[{"href":"https:\/\/tupique.com\/en\/wp-json\/wp\/v2\/product\/182613","targetHints":{"allow":["GET"]}}],"collection":[{"href":"https:\/\/tupique.com\/en\/wp-json\/wp\/v2\/product"}],"about":[{"href":"https:\/\/tupique.com\/en\/wp-json\/wp\/v2\/types\/product"}],"replies":[{"embeddable":true,"href":"https:\/\/tupique.com\/en\/wp-json\/wp\/v2\/comments?post=182613"}],"wp:featuredmedia":[{"embeddable":true,"href":"https:\/\/tupique.com\/en\/wp-json\/wp\/v2\/media\/182594"}],"wp:attachment":[{"href":"https:\/\/tupique.com\/en\/wp-json\/wp\/v2\/media?parent=182613"}],"wp:term":[{"taxonomy":"product_brand","embeddable":true,"href":"https:\/\/tupique.com\/en\/wp-json\/wp\/v2\/product_brand?post=182613"},{"taxonomy":"product_cat","embeddable":true,"href":"https:\/\/tupique.com\/en\/wp-json\/wp\/v2\/product_cat?post=182613"},{"taxonomy":"product_tag","embeddable":true,"href":"https:\/\/tupique.com\/en\/wp-json\/wp\/v2\/product_tag?post=182613"},{"taxonomy":"woo-feed-brand","embeddable":true,"href":"https:\/\/tupique.com\/en\/wp-json\/wp\/v2\/woo-feed-brand?post=182613"}],"curies":[{"name":"wp","href":"https:\/\/api.w.org\/{rel}","templated":true}]}}