{"id":182628,"date":"2026-05-11T15:47:29","date_gmt":"2026-05-11T13:47:29","guid":{"rendered":"https:\/\/tupique.com\/product\/adaptateur-de-scie-sauteuse-pour-perceuse-jrill-innovagoods\/"},"modified":"2026-05-11T21:23:47","modified_gmt":"2026-05-11T19:23:47","slug":"adaptateur-de-scie-sauteuse-pour-perceuse-jrill-innovagoods","status":"publish","type":"product","link":"https:\/\/tupique.com\/en\/product\/adaptateur-de-scie-sauteuse-pour-perceuse-jrill-innovagoods\/","title":{"rendered":"Jigsaw Adapter for Drill Jrill InnovaGoods"},"content":{"rendered":"<div class=\"col-md-6\"><b>InnovaGoods<\/b> vous offre les meilleures nouveaut\u00e9s pour la maison, comme <b>Jigsaw Adapter for Drill Jrill InnovaGoods <\/b>! D\u00e9couvrez une vaste gamme de produits de qualit\u00e9 qui se d\u00e9marquent de par leur fonctionnalit\u00e9, leur efficacit\u00e9 et leur design innovant : \u00e9clairage, organisation, d\u00e9coration, climatisation, jardin, animaux domestiques, nettoyage, etc.<\/p>\n<p>L\u2019<b>adaptateur de scie sauteuse <\/p>\n<p><b>Jrill<\/b><\/p>\n<p>InnovaGoods <\/b>est tr\u00e8s pratique pour une multitude de travaux <b>de bricolage<\/b>, vous permettant de convertir une perceuse en une scie<br \/>\nsauteuse tr\u00e8s facilement. Un moyen facile d\u2019utiliser et de rentabiliser d\u2019autres<br \/>\n<b>outils \u00e9lectriques<\/b>. Elle comprend<br \/>\n\u00e9galement une poign\u00e9e multiposition amovible et plusieurs lames de scie<br \/>\ninterchangeables adapt\u00e9es \u00e0 une utilisation sur diff\u00e9rents types de surfaces.<\/p>\n<\/p>\n<ul>\n<li>Conception<br \/>\ninnovante, polyvalente, multiusage et multifonction<\/li>\n<li><b>Convient aux surfaces en<br \/>\nbois, m\u00e9tal et PVC<\/b><\/li>\n<li>Universelle,<br \/>\n<b>facile \u00e0 installer sur n\u2019importe quelle<br \/>\nperceuse \u00e9lectrique<\/b><\/li>\n<li>Compatible<br \/>\navec les scies universelles pour tiges en T.<\/li>\n<li><b>Manche ergonomique amovible<\/b>, adaptable aux mains gauche et droite<\/li>\n<li>Comprend<b> 3 types de lames de scie <\/b>: T144D,<br \/>\nT344D, T318A<\/li>\n<li>Elle<br \/>\npeut \u00e9galement \u00eatre utilis\u00e9e \u00e0 l\u2019ext\u00e9rieur avec des perceuses sans fil<\/li>\n<\/ul>\n<p><b>Cet adaptateur de scie sauteuse pour perceuse<\/b> est tr\u00e8s facile \u00e0 utiliser. Il vous suffit de suivre les instructions<br \/>\nfournies pour l\u2019ins\u00e9rer dans la t\u00eate de per\u00e7age et fixer la lame de scie<br \/>\nrequise. La perceuse doit toujours \u00eatre d\u00e9branch\u00e9e du secteur pendant sa<br \/>\nmanipulation.<\/p>\n<p>Le manche \u00e0 visser<br \/>\npeut \u00eatre plac\u00e9 \u00e0 gauche ou \u00e0 droite, selon les pr\u00e9f\u00e9rences de l\u2019utilisateur (\u00e0<br \/>\ndroite ou \u00e0 gauche) et s\u2019adapter au mieux \u00e0 la zone de travail.<\/p>\n<p>Pour plus de<br \/>\ns\u00e9curit\u00e9, il est recommand\u00e9 de porter des lunettes de protection, un masque<br \/>\nfacial, des gants de travail et une protection (non fournis).<\/p>\n<\/p>\n<ul>\n<li>Mat\u00e9riel:\n<ul>\n<li>ABS<\/li>\n<li>Acier au carbone<\/li>\n<\/ul>\n<\/li>\n<li>Couleur:\n<ul>\n<li>Gris<\/li>\n<li>Jaune<\/li>\n<\/ul>\n<\/li>\n<li>Conception originale: Novateur et pratique<\/li>\n<li>Type: Set d&#8217;outils<\/li>\n<li>Multifonction: Polyvalent et adaptable<\/li>\n<li>Poign\u00e9e ergonomique: Amovible<\/li>\n<li>Inclut: Lame dentel\u00e9e x3<\/li>\n<li>Facilit\u00e9 d&#8217;utilisation: Utilisation pratique et simple<\/li>\n<li>Compatible avec:\n<ul>\n<li>PVC<\/li>\n<li>M\u00e9tal<\/li>\n<li>Bois<\/li>\n<\/ul>\n<\/li>\n<li>Compatible: Outils \u00e9lectriques<\/li>\n<li>Universel: Convient pour toutes les perceuses<\/li>\n<li>Dimensions approx.: 10 x 14 x 14 cm<\/li>\n<li>Packaging et manuel en 24 langues: anglais, fran\u00e7ais, espagnol, allemand, italien, portugais, n\u00e9erlandais, polonais, hongrois, roumain, danois, su\u00e9dois, finnois, lituanien, norv\u00e9gien, slov\u00e8ne, grec, tch\u00e8que, bulgare, croate, slovaque, estonien, russe, letton<\/li>\n<\/ul>\n<p>Packaging et manuel en 24 langues: anglais, fran\u00e7ais, espagnol, allemand, italien, portugais, n\u00e9erlandais, polonais, hongrois, roumain, danois, su\u00e9dois, finnois, lituanien, norv\u00e9gien, slov\u00e8ne, grec, tch\u00e8que, bulgare, croate, slovaque, estonien, russe, letton.<\/p><\/div>\n<div class=\"col-md-6\">\n<div class=\"embed-responsive embed-responsive-16by9\"><iframe class=\"embed-responsive-item\" src=\"https:\/\/www.youtube.com\/embed\/QxuL7pm39dA\" frameborder=\"0\" allowfullscreen><\/iframe><\/div>\n<\/div>","protected":false},"excerpt":{"rendered":"<p>InnovaGoods vous offre les meilleures nouveaut\u00e9s pour la maison, comme Adaptateur de Scie Sauteuse pour Perceuse Jrill InnovaGoods ! D\u00e9couvrez une vaste gamme de produits de qualit\u00e9 qui se d\u00e9marquent de par leur fonctionnalit\u00e9, leur efficacit\u00e9 et leur design innovant : \u00e9clairage, organisation, d\u00e9coration, climatisation, jardin, animaux domestiques, nettoyage, etc. L\u2019adaptateur de scie sauteuse Jrill [&hellip;]<\/p>\n","protected":false},"featured_media":182614,"comment_status":"open","ping_status":"closed","template":"","meta":[],"product_brand":[256],"product_cat":[613,63,64,1797,239,1796],"product_tag":[210],"woo-feed-brand":[],"class_list":{"0":"post-182628","1":"product","2":"type-product","3":"status-publish","4":"has-post-thumbnail","6":"product_brand-brandp_1281","7":"product_cat-bricolage-et-materiel","8":"product_cat-cadeaux-originaux","9":"product_cat-cadeaux-pour-la-maison","10":"product_cat-idees-pour-la-maison","11":"product_cat-maison-jardin","12":"product_cat-teleachat-vu-a-la-television","13":"product_tag-tag_25","15":"first","16":"instock","17":"taxable","18":"shipping-taxable","19":"purchasable","20":"product-type-simple"},"yoast_head":"<!-- This site is optimized with the Yoast SEO plugin v27.6 - https:\/\/yoast.com\/product\/yoast-seo-wordpress\/ -->\n<title>Adaptateur de Scie Sauteuse pour Perceuse Jrill InnovaGoods | | Tupique<\/title>\n<meta name=\"description\" content=\"Envie d&#039;acheter Adaptateur de Scie Sauteuse pour Perceuse Jrill InnovaGoods\u00a0? Achetez Adaptateur de Scie Sauteuse pour Perceuse Jrill InnovaGoods maintenant avec Tupique en 3 versements sans int\u00e9r\u00eat.\" \/>\n<meta name=\"robots\" content=\"index, follow, max-snippet:-1, max-image-preview:large, max-video-preview:-1\" \/>\n<link rel=\"canonical\" href=\"https:\/\/tupique.com\/en\/product\/adaptateur-de-scie-sauteuse-pour-perceuse-jrill-innovagoods\/\" \/>\n<meta property=\"og:locale\" content=\"en_GB\" \/>\n<meta property=\"og:type\" content=\"article\" \/>\n<meta property=\"og:title\" content=\"Adaptateur de Scie Sauteuse pour Perceuse Jrill InnovaGoods | | Tupique\" \/>\n<meta property=\"og:description\" content=\"Envie d&#039;acheter Adaptateur de Scie Sauteuse pour Perceuse Jrill InnovaGoods\u00a0? Achetez Adaptateur de Scie Sauteuse pour Perceuse Jrill InnovaGoods maintenant avec Tupique en 3 versements sans int\u00e9r\u00eat.\" \/>\n<meta property=\"og:url\" content=\"https:\/\/tupique.com\/en\/product\/adaptateur-de-scie-sauteuse-pour-perceuse-jrill-innovagoods\/\" \/>\n<meta property=\"og:site_name\" content=\"Tupique\" \/>\n<meta property=\"article:modified_time\" content=\"2026-05-11T19:23:47+00:00\" \/>\n<meta property=\"og:image\" content=\"https:\/\/tupique.com\/wp-content\/uploads\/2026\/05\/V0103527_000_MKT7.jpg\" \/>\n\t<meta property=\"og:image:width\" content=\"1200\" \/>\n\t<meta property=\"og:image:height\" content=\"1200\" \/>\n\t<meta property=\"og:image:type\" content=\"image\/jpeg\" \/>\n<meta name=\"twitter:card\" content=\"summary_large_image\" \/>\n<meta name=\"twitter:label1\" content=\"Est. reading time\" \/>\n\t<meta name=\"twitter:data1\" content=\"2 minutes\" \/>\n<script type=\"application\/ld+json\" class=\"yoast-schema-graph\">{\"@context\":\"https:\\\/\\\/schema.org\",\"@graph\":[{\"@type\":\"WebPage\",\"@id\":\"https:\\\/\\\/tupique.com\\\/en\\\/product\\\/adaptateur-de-scie-sauteuse-pour-perceuse-jrill-innovagoods\\\/\",\"url\":\"https:\\\/\\\/tupique.com\\\/en\\\/product\\\/adaptateur-de-scie-sauteuse-pour-perceuse-jrill-innovagoods\\\/\",\"name\":\"Adaptateur de Scie Sauteuse pour Perceuse Jrill InnovaGoods | | Tupique\",\"isPartOf\":{\"@id\":\"https:\\\/\\\/tupique.com\\\/#website\"},\"primaryImageOfPage\":{\"@id\":\"https:\\\/\\\/tupique.com\\\/en\\\/product\\\/adaptateur-de-scie-sauteuse-pour-perceuse-jrill-innovagoods\\\/#primaryimage\"},\"image\":{\"@id\":\"https:\\\/\\\/tupique.com\\\/en\\\/product\\\/adaptateur-de-scie-sauteuse-pour-perceuse-jrill-innovagoods\\\/#primaryimage\"},\"thumbnailUrl\":\"https:\\\/\\\/tupique.com\\\/wp-content\\\/uploads\\\/2026\\\/05\\\/V0103527_000_MKT7.jpg\",\"datePublished\":\"2026-05-11T13:47:29+00:00\",\"dateModified\":\"2026-05-11T19:23:47+00:00\",\"description\":\"Envie d'acheter Adaptateur de Scie Sauteuse pour Perceuse Jrill InnovaGoods\u00a0? Achetez Adaptateur de Scie Sauteuse pour Perceuse Jrill InnovaGoods maintenant avec Tupique en 3 versements sans int\u00e9r\u00eat.\",\"breadcrumb\":{\"@id\":\"https:\\\/\\\/tupique.com\\\/en\\\/product\\\/adaptateur-de-scie-sauteuse-pour-perceuse-jrill-innovagoods\\\/#breadcrumb\"},\"inLanguage\":\"en-GB\",\"potentialAction\":[{\"@type\":\"ReadAction\",\"target\":[\"https:\\\/\\\/tupique.com\\\/en\\\/product\\\/adaptateur-de-scie-sauteuse-pour-perceuse-jrill-innovagoods\\\/\"]}]},{\"@type\":\"ImageObject\",\"inLanguage\":\"en-GB\",\"@id\":\"https:\\\/\\\/tupique.com\\\/en\\\/product\\\/adaptateur-de-scie-sauteuse-pour-perceuse-jrill-innovagoods\\\/#primaryimage\",\"url\":\"https:\\\/\\\/tupique.com\\\/wp-content\\\/uploads\\\/2026\\\/05\\\/V0103527_000_MKT7.jpg\",\"contentUrl\":\"https:\\\/\\\/tupique.com\\\/wp-content\\\/uploads\\\/2026\\\/05\\\/V0103527_000_MKT7.jpg\",\"width\":1200,\"height\":1200,\"caption\":\"V0103527_0\"},{\"@type\":\"BreadcrumbList\",\"@id\":\"https:\\\/\\\/tupique.com\\\/en\\\/product\\\/adaptateur-de-scie-sauteuse-pour-perceuse-jrill-innovagoods\\\/#breadcrumb\",\"itemListElement\":[{\"@type\":\"ListItem\",\"position\":1,\"name\":\"commencer\",\"item\":\"https:\\\/\\\/tupique.com\\\/\"},{\"@type\":\"ListItem\",\"position\":2,\"name\":\"Loja\",\"item\":\"https:\\\/\\\/tupique.com\\\/pt\\\/loja\\\/\"},{\"@type\":\"ListItem\",\"position\":3,\"name\":\"Adaptateur de Scie Sauteuse pour Perceuse Jrill InnovaGoods\"}]},{\"@type\":\"WebSite\",\"@id\":\"https:\\\/\\\/tupique.com\\\/#website\",\"url\":\"https:\\\/\\\/tupique.com\\\/\",\"name\":\"Tupique\",\"description\":\"\",\"publisher\":{\"@id\":\"https:\\\/\\\/tupique.com\\\/#organization\"},\"potentialAction\":[{\"@type\":\"SearchAction\",\"target\":{\"@type\":\"EntryPoint\",\"urlTemplate\":\"https:\\\/\\\/tupique.com\\\/?s={search_term_string}\"},\"query-input\":{\"@type\":\"PropertyValueSpecification\",\"valueRequired\":true,\"valueName\":\"search_term_string\"}}],\"inLanguage\":\"en-GB\"},{\"@type\":\"Organization\",\"@id\":\"https:\\\/\\\/tupique.com\\\/#organization\",\"name\":\"Tupique\",\"url\":\"https:\\\/\\\/tupique.com\\\/\",\"logo\":{\"@type\":\"ImageObject\",\"inLanguage\":\"en-GB\",\"@id\":\"https:\\\/\\\/tupique.com\\\/#\\\/schema\\\/logo\\\/image\\\/\",\"url\":\"https:\\\/\\\/tupique.com\\\/wp-content\\\/uploads\\\/2026\\\/03\\\/logo-tupique-1.webp\",\"contentUrl\":\"https:\\\/\\\/tupique.com\\\/wp-content\\\/uploads\\\/2026\\\/03\\\/logo-tupique-1.webp\",\"width\":500,\"height\":67,\"caption\":\"Tupique\"},\"image\":{\"@id\":\"https:\\\/\\\/tupique.com\\\/#\\\/schema\\\/logo\\\/image\\\/\"}}]}<\/script>\n<!-- \/ Yoast SEO plugin. -->","yoast_head_json":{"title":"Adaptateur de Scie Sauteuse pour Perceuse Jrill InnovaGoods | | Tupique","description":"Envie d'acheter Adaptateur de Scie Sauteuse pour Perceuse Jrill InnovaGoods\u00a0? Achetez Adaptateur de Scie Sauteuse pour Perceuse Jrill InnovaGoods maintenant avec Tupique en 3 versements sans int\u00e9r\u00eat.","robots":{"index":"index","follow":"follow","max-snippet":"max-snippet:-1","max-image-preview":"max-image-preview:large","max-video-preview":"max-video-preview:-1"},"canonical":"https:\/\/tupique.com\/en\/product\/adaptateur-de-scie-sauteuse-pour-perceuse-jrill-innovagoods\/","og_locale":"en_GB","og_type":"article","og_title":"Adaptateur de Scie Sauteuse pour Perceuse Jrill InnovaGoods | | Tupique","og_description":"Envie d'acheter Adaptateur de Scie Sauteuse pour Perceuse Jrill InnovaGoods\u00a0? Achetez Adaptateur de Scie Sauteuse pour Perceuse Jrill InnovaGoods maintenant avec Tupique en 3 versements sans int\u00e9r\u00eat.","og_url":"https:\/\/tupique.com\/en\/product\/adaptateur-de-scie-sauteuse-pour-perceuse-jrill-innovagoods\/","og_site_name":"Tupique","article_modified_time":"2026-05-11T19:23:47+00:00","og_image":[{"width":1200,"height":1200,"url":"https:\/\/tupique.com\/wp-content\/uploads\/2026\/05\/V0103527_000_MKT7.jpg","type":"image\/jpeg"}],"twitter_card":"summary_large_image","twitter_misc":{"Est. reading time":"2 minutes"},"schema":{"@context":"https:\/\/schema.org","@graph":[{"@type":"WebPage","@id":"https:\/\/tupique.com\/en\/product\/adaptateur-de-scie-sauteuse-pour-perceuse-jrill-innovagoods\/","url":"https:\/\/tupique.com\/en\/product\/adaptateur-de-scie-sauteuse-pour-perceuse-jrill-innovagoods\/","name":"Adaptateur de Scie Sauteuse pour Perceuse Jrill InnovaGoods | | Tupique","isPartOf":{"@id":"https:\/\/tupique.com\/#website"},"primaryImageOfPage":{"@id":"https:\/\/tupique.com\/en\/product\/adaptateur-de-scie-sauteuse-pour-perceuse-jrill-innovagoods\/#primaryimage"},"image":{"@id":"https:\/\/tupique.com\/en\/product\/adaptateur-de-scie-sauteuse-pour-perceuse-jrill-innovagoods\/#primaryimage"},"thumbnailUrl":"https:\/\/tupique.com\/wp-content\/uploads\/2026\/05\/V0103527_000_MKT7.jpg","datePublished":"2026-05-11T13:47:29+00:00","dateModified":"2026-05-11T19:23:47+00:00","description":"Envie d'acheter Adaptateur de Scie Sauteuse pour Perceuse Jrill InnovaGoods\u00a0? Achetez Adaptateur de Scie Sauteuse pour Perceuse Jrill InnovaGoods maintenant avec Tupique en 3 versements sans int\u00e9r\u00eat.","breadcrumb":{"@id":"https:\/\/tupique.com\/en\/product\/adaptateur-de-scie-sauteuse-pour-perceuse-jrill-innovagoods\/#breadcrumb"},"inLanguage":"en-GB","potentialAction":[{"@type":"ReadAction","target":["https:\/\/tupique.com\/en\/product\/adaptateur-de-scie-sauteuse-pour-perceuse-jrill-innovagoods\/"]}]},{"@type":"ImageObject","inLanguage":"en-GB","@id":"https:\/\/tupique.com\/en\/product\/adaptateur-de-scie-sauteuse-pour-perceuse-jrill-innovagoods\/#primaryimage","url":"https:\/\/tupique.com\/wp-content\/uploads\/2026\/05\/V0103527_000_MKT7.jpg","contentUrl":"https:\/\/tupique.com\/wp-content\/uploads\/2026\/05\/V0103527_000_MKT7.jpg","width":1200,"height":1200,"caption":"V0103527_0"},{"@type":"BreadcrumbList","@id":"https:\/\/tupique.com\/en\/product\/adaptateur-de-scie-sauteuse-pour-perceuse-jrill-innovagoods\/#breadcrumb","itemListElement":[{"@type":"ListItem","position":1,"name":"commencer","item":"https:\/\/tupique.com\/"},{"@type":"ListItem","position":2,"name":"Loja","item":"https:\/\/tupique.com\/pt\/loja\/"},{"@type":"ListItem","position":3,"name":"Adaptateur de Scie Sauteuse pour Perceuse Jrill InnovaGoods"}]},{"@type":"WebSite","@id":"https:\/\/tupique.com\/#website","url":"https:\/\/tupique.com\/","name":"Tupique","description":"","publisher":{"@id":"https:\/\/tupique.com\/#organization"},"potentialAction":[{"@type":"SearchAction","target":{"@type":"EntryPoint","urlTemplate":"https:\/\/tupique.com\/?s={search_term_string}"},"query-input":{"@type":"PropertyValueSpecification","valueRequired":true,"valueName":"search_term_string"}}],"inLanguage":"en-GB"},{"@type":"Organization","@id":"https:\/\/tupique.com\/#organization","name":"Tupique","url":"https:\/\/tupique.com\/","logo":{"@type":"ImageObject","inLanguage":"en-GB","@id":"https:\/\/tupique.com\/#\/schema\/logo\/image\/","url":"https:\/\/tupique.com\/wp-content\/uploads\/2026\/03\/logo-tupique-1.webp","contentUrl":"https:\/\/tupique.com\/wp-content\/uploads\/2026\/03\/logo-tupique-1.webp","width":500,"height":67,"caption":"Tupique"},"image":{"@id":"https:\/\/tupique.com\/#\/schema\/logo\/image\/"}}]}},"_links":{"self":[{"href":"https:\/\/tupique.com\/en\/wp-json\/wp\/v2\/product\/182628","targetHints":{"allow":["GET"]}}],"collection":[{"href":"https:\/\/tupique.com\/en\/wp-json\/wp\/v2\/product"}],"about":[{"href":"https:\/\/tupique.com\/en\/wp-json\/wp\/v2\/types\/product"}],"replies":[{"embeddable":true,"href":"https:\/\/tupique.com\/en\/wp-json\/wp\/v2\/comments?post=182628"}],"wp:featuredmedia":[{"embeddable":true,"href":"https:\/\/tupique.com\/en\/wp-json\/wp\/v2\/media\/182614"}],"wp:attachment":[{"href":"https:\/\/tupique.com\/en\/wp-json\/wp\/v2\/media?parent=182628"}],"wp:term":[{"taxonomy":"product_brand","embeddable":true,"href":"https:\/\/tupique.com\/en\/wp-json\/wp\/v2\/product_brand?post=182628"},{"taxonomy":"product_cat","embeddable":true,"href":"https:\/\/tupique.com\/en\/wp-json\/wp\/v2\/product_cat?post=182628"},{"taxonomy":"product_tag","embeddable":true,"href":"https:\/\/tupique.com\/en\/wp-json\/wp\/v2\/product_tag?post=182628"},{"taxonomy":"woo-feed-brand","embeddable":true,"href":"https:\/\/tupique.com\/en\/wp-json\/wp\/v2\/woo-feed-brand?post=182628"}],"curies":[{"name":"wp","href":"https:\/\/api.w.org\/{rel}","templated":true}]}}