{"id":182652,"date":"2026-05-11T15:48:07","date_gmt":"2026-05-11T13:48:07","guid":{"rendered":"https:\/\/tupique.com\/product\/camescope-de-surveillance-tp-link-tc60\/"},"modified":"2026-05-11T21:20:37","modified_gmt":"2026-05-11T19:20:37","slug":"camescope-de-surveillance-tp-link-tc60","status":"publish","type":"product","link":"https:\/\/tupique.com\/en\/product\/camescope-de-surveillance-tp-link-tc60\/","title":{"rendered":"Camescope de surveillance TP-Link TC60"},"content":{"rendered":"<p>Si vous \u00eates passionn\u00e9 d&#8217;<b>informatique et d&#8217;\u00e9lectronique<\/b>, si vous \u00eates \u00e0 la pointe de la technologie et qu&#8217;aucun d\u00e9tail ne vous \u00e9chappe, achetez <b>Camescope de surveillance TP-Link TC60<\/b> au meilleur prix.<\/p>\n<p>The <b>cam\u00e9ra de surveillance<\/b> <b>TP-Link TC60<\/b> est une solution moderne pour la s\u00e9curit\u00e9 domestique et professionnelle, se distinguant par son design en <b>forme de cube<\/b> qui facilite son installation dans divers espaces. Sa structure robuste, compos\u00e9e de <b>m\u00e9tal et de plastique<\/b>, garantit durabilit\u00e9 et discr\u00e9tion dans tout environnement gr\u00e2ce \u00e0 sa finition <b>blanche<\/b>, id\u00e9ale pour une int\u00e9gration esth\u00e9tique dans les bureaux, commerces ou \u00e0 la maison. Cette <b>cam\u00e9ra de s\u00e9curit\u00e9 IP<\/b> fonctionne de mani\u00e8re <b>sans fil<\/b>, offrant ainsi une grande flexibilit\u00e9 d\u2019installation sans d\u00e9pendre de connexions physiques complexes, et elle est compatible avec les syst\u00e8mes de surveillance \u00e0 distance via des applications d\u00e9di\u00e9es. Le mod\u00e8le TC60 int\u00e8gre \u00e9galement des <b>haut-parleurs<\/b>, permettant une communication bidirectionnelle avec les utilisateurs et facilitant l\u2019interaction imm\u00e9diate lors de la supervision en temps r\u00e9el. Gr\u00e2ce \u00e0 sa simplicit\u00e9 d\u2019utilisation et sa connectivit\u00e9, elle allie fonctionnalit\u00e9 et praticit\u00e9, r\u00e9pondant aux besoins actuels de la vid\u00e9osurveillance et apportant une tranquillit\u00e9 d\u2019esprit suppl\u00e9mentaire aussi bien dans les espaces r\u00e9sidentiels que professionnels. Une excellente alternative pour ceux qui recherchent une technologie fiable et une utilisation facile pour la s\u00e9curit\u00e9 de leurs espaces personnels ou professionnels.<\/p>\n<ul>\n<li>Inclut:\n<ul>\n<li>Kit de Montage<\/li>\n<li>Vis<\/li>\n<li>Manuel de l&#8217;utilisateur<\/li>\n<\/ul>\n<\/li>\n<li>Features:\n<ul>\n<li>Sans fil<\/li>\n<li>Haut-parleurs int\u00e9gr\u00e9s<\/li>\n<li>Firmware \u00e9volutif<\/li>\n<li>Microphone int\u00e9gr\u00e9<\/li>\n<li>Montage mural<\/li>\n<li>Lecteur de Cartes<\/li>\n<li>T\u00e9moin de fonctionnement LED<\/li>\n<li>Bouton de r\u00e9initialisation<\/li>\n<\/ul>\n<\/li>\n<li>Produit \u00e0 brancher: Oui<\/li>\n<li>Type de prise: Prise EU<\/li>\n<li>Fonctions:\n<ul>\n<li>Vision nocturne<\/li>\n<li>Capteur de Mouvement<\/li>\n<li>Prot\u00e8ge la vie priv\u00e9e<\/li>\n<\/ul>\n<\/li>\n<li>Type:\n<ul>\n<li>Cam\u00e9scope<\/li>\n<li>Seau<\/li>\n<li>Sans fil<\/li>\n<li>Cam\u00e9ra de s\u00e9curit\u00e9 IP<\/li>\n<\/ul>\n<\/li>\n<li>Bloc d\u2019Alimentation:\n<ul>\n<li>r\u00e9seau \u00e9lectrique<\/li>\n<li>DC<\/li>\n<li>C\u00e2ble \u00e9lectrique<\/li>\n<li>CC<\/li>\n<\/ul>\n<\/li>\n<li>Couleur:\n<ul>\n<li>Blanc<\/li>\n<li>Noir<\/li>\n<\/ul>\n<\/li>\n<li>Cartes M\u00e9moire Compatibles: MicroSD (TransFlash)<\/li>\n<li>Nombre de cam\u00e9ras: 1<\/li>\n<li>Compatible: Android, iOS<\/li>\n<li>Taille maximale de la carte m\u00e9moire: 128 GB<\/li>\n<li>Mati\u00e8re:\n<ul>\n<li>M\u00e9tal<\/li>\n<li>Plastique<\/li>\n<\/ul>\n<\/li>\n<li>Connectivit\u00e9:\n<ul>\n<li>Wi-Fi<\/li>\n<li>Sans fil<\/li>\n<\/ul>\n<\/li>\n<li>Forme: Rond<\/li>\n<li>Tension:\n<ul>\n<li>9 V<\/li>\n<li>100 &#8211; 240 V<\/li>\n<\/ul>\n<\/li>\n<li>r\u00e9seau \u00e9lectrique: AC\/DC<\/li>\n<li>Fr\u00e9quence: 50 &#8211; 60 Hz<\/li>\n<li>Technologie:\n<ul>\n<li>Infrarouges<\/li>\n<li>Sans fil<\/li>\n<li>HDD<\/li>\n<li>2-Way CrossFireX<\/li>\n<\/ul>\n<\/li>\n<li>R\u00e9solution vid\u00e9o: 1080 px<\/li>\n<li>Certificat: RoHS<\/li>\n<li>Fr\u00e9quence d&#8217;entr\u00e9e AC: 50-60 Hz<\/li>\n<li>Ethernet: Non<\/li>\n<li>Vid\u00e9o: 1080 p<\/li>\n<li>Type d&#8217;installation: Montage mural<\/li>\n<li>Format: H.264<\/li>\n<li>Plage d&#8217;humidit\u00e9 de travail: 10 % &#8211; 90 %<\/li>\n<li>Ann\u00e9e: 2021<\/li>\n<li>Temp\u00e9rature approximative: -40\u00ba \/ 70\u00ba<\/li>\n<li>Paire de lunettes: x1<\/li>\n<li>Utilisation recommand\u00e9e: Int\u00e9rieur<\/li>\n<li>Angle: 105\u00ba<\/li>\n<li>Distance focale: 3,3 mm<\/li>\n<li>Amp\u00e9rage: 0,6 A<\/li>\n<li>R\u00e9solution (px):\n<ul>\n<li>1080 px<\/li>\n<li>1920 x 1080 px<\/li>\n<\/ul>\n<\/li>\n<\/ul>","protected":false},"excerpt":{"rendered":"<p>Si vous \u00eates passionn\u00e9 d&#8217;informatique et d&#8217;\u00e9lectronique, si vous \u00eates \u00e0 la pointe de la technologie et qu&#8217;aucun d\u00e9tail ne vous \u00e9chappe, achetez Camescope de surveillance TP-Link TC60 au meilleur prix. La cam\u00e9ra de surveillance TP-Link TC60 est une solution moderne pour la s\u00e9curit\u00e9 domestique et professionnelle, se distinguant par son design en forme de [&hellip;]<\/p>\n","protected":false},"featured_media":182650,"comment_status":"open","ping_status":"closed","template":"","meta":[],"product_brand":[1435],"product_cat":[580,239,579],"product_tag":[567,210],"woo-feed-brand":[],"class_list":{"0":"post-182652","1":"product","2":"type-product","3":"status-publish","4":"has-post-thumbnail","6":"product_brand-brandp_585","7":"product_cat-cameras-de-surveillance-video","8":"product_cat-maison-jardin","9":"product_cat-securite-a-la-maison","10":"product_tag-tag_556","11":"product_tag-tag_25","13":"first","14":"instock","15":"taxable","16":"shipping-taxable","17":"purchasable","18":"product-type-simple"},"yoast_head":"<!-- This site is optimized with the Yoast SEO plugin v27.5 - https:\/\/yoast.com\/product\/yoast-seo-wordpress\/ -->\n<title>Camescope de surveillance TP-Link TC60 | | Tupique<\/title>\n<meta name=\"description\" content=\"Envie d&#039;acheter Camescope de surveillance TP-Link TC60\u00a0? Achetez Camescope de surveillance TP-Link TC60 maintenant avec Tupique en 3 versements sans int\u00e9r\u00eat.\" \/>\n<meta name=\"robots\" content=\"index, follow, max-snippet:-1, max-image-preview:large, max-video-preview:-1\" \/>\n<link rel=\"canonical\" href=\"https:\/\/tupique.com\/en\/product\/camescope-de-surveillance-tp-link-tc60\/\" \/>\n<meta property=\"og:locale\" content=\"en_GB\" \/>\n<meta property=\"og:type\" content=\"article\" \/>\n<meta property=\"og:title\" content=\"Camescope de surveillance TP-Link TC60 | | Tupique\" \/>\n<meta property=\"og:description\" content=\"Envie d&#039;acheter Camescope de surveillance TP-Link TC60\u00a0? Achetez Camescope de surveillance TP-Link TC60 maintenant avec Tupique en 3 versements sans int\u00e9r\u00eat.\" \/>\n<meta property=\"og:url\" content=\"https:\/\/tupique.com\/en\/product\/camescope-de-surveillance-tp-link-tc60\/\" \/>\n<meta property=\"og:site_name\" content=\"Tupique\" \/>\n<meta property=\"article:modified_time\" content=\"2026-05-11T19:20:37+00:00\" \/>\n<meta property=\"og:image\" content=\"https:\/\/tupique.com\/wp-content\/uploads\/2026\/05\/4897098681695_I04.jpg\" \/>\n\t<meta property=\"og:image:width\" content=\"1200\" \/>\n\t<meta property=\"og:image:height\" content=\"1200\" \/>\n\t<meta property=\"og:image:type\" content=\"image\/jpeg\" \/>\n<meta name=\"twitter:card\" content=\"summary_large_image\" \/>\n<meta name=\"twitter:label1\" content=\"Est. reading time\" \/>\n\t<meta name=\"twitter:data1\" content=\"2 minutes\" \/>\n<script type=\"application\/ld+json\" class=\"yoast-schema-graph\">{\"@context\":\"https:\\\/\\\/schema.org\",\"@graph\":[{\"@type\":\"WebPage\",\"@id\":\"https:\\\/\\\/tupique.com\\\/en\\\/product\\\/camescope-de-surveillance-tp-link-tc60\\\/\",\"url\":\"https:\\\/\\\/tupique.com\\\/en\\\/product\\\/camescope-de-surveillance-tp-link-tc60\\\/\",\"name\":\"Camescope de surveillance TP-Link TC60 | | Tupique\",\"isPartOf\":{\"@id\":\"https:\\\/\\\/tupique.com\\\/#website\"},\"primaryImageOfPage\":{\"@id\":\"https:\\\/\\\/tupique.com\\\/en\\\/product\\\/camescope-de-surveillance-tp-link-tc60\\\/#primaryimage\"},\"image\":{\"@id\":\"https:\\\/\\\/tupique.com\\\/en\\\/product\\\/camescope-de-surveillance-tp-link-tc60\\\/#primaryimage\"},\"thumbnailUrl\":\"https:\\\/\\\/tupique.com\\\/wp-content\\\/uploads\\\/2026\\\/05\\\/4897098681695_I04.jpg\",\"datePublished\":\"2026-05-11T13:48:07+00:00\",\"dateModified\":\"2026-05-11T19:20:37+00:00\",\"description\":\"Envie d'acheter Camescope de surveillance TP-Link TC60\u00a0? Achetez Camescope de surveillance TP-Link TC60 maintenant avec Tupique en 3 versements sans int\u00e9r\u00eat.\",\"breadcrumb\":{\"@id\":\"https:\\\/\\\/tupique.com\\\/en\\\/product\\\/camescope-de-surveillance-tp-link-tc60\\\/#breadcrumb\"},\"inLanguage\":\"en-GB\",\"potentialAction\":[{\"@type\":\"ReadAction\",\"target\":[\"https:\\\/\\\/tupique.com\\\/en\\\/product\\\/camescope-de-surveillance-tp-link-tc60\\\/\"]}]},{\"@type\":\"ImageObject\",\"inLanguage\":\"en-GB\",\"@id\":\"https:\\\/\\\/tupique.com\\\/en\\\/product\\\/camescope-de-surveillance-tp-link-tc60\\\/#primaryimage\",\"url\":\"https:\\\/\\\/tupique.com\\\/wp-content\\\/uploads\\\/2026\\\/05\\\/4897098681695_I04.jpg\",\"contentUrl\":\"https:\\\/\\\/tupique.com\\\/wp-content\\\/uploads\\\/2026\\\/05\\\/4897098681695_I04.jpg\",\"width\":1200,\"height\":1200,\"caption\":\"S5613982_0\"},{\"@type\":\"BreadcrumbList\",\"@id\":\"https:\\\/\\\/tupique.com\\\/en\\\/product\\\/camescope-de-surveillance-tp-link-tc60\\\/#breadcrumb\",\"itemListElement\":[{\"@type\":\"ListItem\",\"position\":1,\"name\":\"commencer\",\"item\":\"https:\\\/\\\/tupique.com\\\/\"},{\"@type\":\"ListItem\",\"position\":2,\"name\":\"Loja\",\"item\":\"https:\\\/\\\/tupique.com\\\/pt\\\/loja\\\/\"},{\"@type\":\"ListItem\",\"position\":3,\"name\":\"Camescope de surveillance TP-Link TC60\"}]},{\"@type\":\"WebSite\",\"@id\":\"https:\\\/\\\/tupique.com\\\/#website\",\"url\":\"https:\\\/\\\/tupique.com\\\/\",\"name\":\"Tupique\",\"description\":\"\",\"publisher\":{\"@id\":\"https:\\\/\\\/tupique.com\\\/#organization\"},\"potentialAction\":[{\"@type\":\"SearchAction\",\"target\":{\"@type\":\"EntryPoint\",\"urlTemplate\":\"https:\\\/\\\/tupique.com\\\/?s={search_term_string}\"},\"query-input\":{\"@type\":\"PropertyValueSpecification\",\"valueRequired\":true,\"valueName\":\"search_term_string\"}}],\"inLanguage\":\"en-GB\"},{\"@type\":\"Organization\",\"@id\":\"https:\\\/\\\/tupique.com\\\/#organization\",\"name\":\"Tupique\",\"url\":\"https:\\\/\\\/tupique.com\\\/\",\"logo\":{\"@type\":\"ImageObject\",\"inLanguage\":\"en-GB\",\"@id\":\"https:\\\/\\\/tupique.com\\\/#\\\/schema\\\/logo\\\/image\\\/\",\"url\":\"https:\\\/\\\/tupique.com\\\/wp-content\\\/uploads\\\/2026\\\/03\\\/logo-tupique-1.webp\",\"contentUrl\":\"https:\\\/\\\/tupique.com\\\/wp-content\\\/uploads\\\/2026\\\/03\\\/logo-tupique-1.webp\",\"width\":500,\"height\":67,\"caption\":\"Tupique\"},\"image\":{\"@id\":\"https:\\\/\\\/tupique.com\\\/#\\\/schema\\\/logo\\\/image\\\/\"}}]}<\/script>\n<!-- \/ Yoast SEO plugin. -->","yoast_head_json":{"title":"Camescope de surveillance TP-Link TC60 | | Tupique","description":"Envie d'acheter Camescope de surveillance TP-Link TC60\u00a0? Achetez Camescope de surveillance TP-Link TC60 maintenant avec Tupique en 3 versements sans int\u00e9r\u00eat.","robots":{"index":"index","follow":"follow","max-snippet":"max-snippet:-1","max-image-preview":"max-image-preview:large","max-video-preview":"max-video-preview:-1"},"canonical":"https:\/\/tupique.com\/en\/product\/camescope-de-surveillance-tp-link-tc60\/","og_locale":"en_GB","og_type":"article","og_title":"Camescope de surveillance TP-Link TC60 | | Tupique","og_description":"Envie d'acheter Camescope de surveillance TP-Link TC60\u00a0? Achetez Camescope de surveillance TP-Link TC60 maintenant avec Tupique en 3 versements sans int\u00e9r\u00eat.","og_url":"https:\/\/tupique.com\/en\/product\/camescope-de-surveillance-tp-link-tc60\/","og_site_name":"Tupique","article_modified_time":"2026-05-11T19:20:37+00:00","og_image":[{"width":1200,"height":1200,"url":"https:\/\/tupique.com\/wp-content\/uploads\/2026\/05\/4897098681695_I04.jpg","type":"image\/jpeg"}],"twitter_card":"summary_large_image","twitter_misc":{"Est. reading time":"2 minutes"},"schema":{"@context":"https:\/\/schema.org","@graph":[{"@type":"WebPage","@id":"https:\/\/tupique.com\/en\/product\/camescope-de-surveillance-tp-link-tc60\/","url":"https:\/\/tupique.com\/en\/product\/camescope-de-surveillance-tp-link-tc60\/","name":"Camescope de surveillance TP-Link TC60 | | Tupique","isPartOf":{"@id":"https:\/\/tupique.com\/#website"},"primaryImageOfPage":{"@id":"https:\/\/tupique.com\/en\/product\/camescope-de-surveillance-tp-link-tc60\/#primaryimage"},"image":{"@id":"https:\/\/tupique.com\/en\/product\/camescope-de-surveillance-tp-link-tc60\/#primaryimage"},"thumbnailUrl":"https:\/\/tupique.com\/wp-content\/uploads\/2026\/05\/4897098681695_I04.jpg","datePublished":"2026-05-11T13:48:07+00:00","dateModified":"2026-05-11T19:20:37+00:00","description":"Envie d'acheter Camescope de surveillance TP-Link TC60\u00a0? Achetez Camescope de surveillance TP-Link TC60 maintenant avec Tupique en 3 versements sans int\u00e9r\u00eat.","breadcrumb":{"@id":"https:\/\/tupique.com\/en\/product\/camescope-de-surveillance-tp-link-tc60\/#breadcrumb"},"inLanguage":"en-GB","potentialAction":[{"@type":"ReadAction","target":["https:\/\/tupique.com\/en\/product\/camescope-de-surveillance-tp-link-tc60\/"]}]},{"@type":"ImageObject","inLanguage":"en-GB","@id":"https:\/\/tupique.com\/en\/product\/camescope-de-surveillance-tp-link-tc60\/#primaryimage","url":"https:\/\/tupique.com\/wp-content\/uploads\/2026\/05\/4897098681695_I04.jpg","contentUrl":"https:\/\/tupique.com\/wp-content\/uploads\/2026\/05\/4897098681695_I04.jpg","width":1200,"height":1200,"caption":"S5613982_0"},{"@type":"BreadcrumbList","@id":"https:\/\/tupique.com\/en\/product\/camescope-de-surveillance-tp-link-tc60\/#breadcrumb","itemListElement":[{"@type":"ListItem","position":1,"name":"commencer","item":"https:\/\/tupique.com\/"},{"@type":"ListItem","position":2,"name":"Loja","item":"https:\/\/tupique.com\/pt\/loja\/"},{"@type":"ListItem","position":3,"name":"Camescope de surveillance TP-Link TC60"}]},{"@type":"WebSite","@id":"https:\/\/tupique.com\/#website","url":"https:\/\/tupique.com\/","name":"Tupique","description":"","publisher":{"@id":"https:\/\/tupique.com\/#organization"},"potentialAction":[{"@type":"SearchAction","target":{"@type":"EntryPoint","urlTemplate":"https:\/\/tupique.com\/?s={search_term_string}"},"query-input":{"@type":"PropertyValueSpecification","valueRequired":true,"valueName":"search_term_string"}}],"inLanguage":"en-GB"},{"@type":"Organization","@id":"https:\/\/tupique.com\/#organization","name":"Tupique","url":"https:\/\/tupique.com\/","logo":{"@type":"ImageObject","inLanguage":"en-GB","@id":"https:\/\/tupique.com\/#\/schema\/logo\/image\/","url":"https:\/\/tupique.com\/wp-content\/uploads\/2026\/03\/logo-tupique-1.webp","contentUrl":"https:\/\/tupique.com\/wp-content\/uploads\/2026\/03\/logo-tupique-1.webp","width":500,"height":67,"caption":"Tupique"},"image":{"@id":"https:\/\/tupique.com\/#\/schema\/logo\/image\/"}}]}},"_links":{"self":[{"href":"https:\/\/tupique.com\/en\/wp-json\/wp\/v2\/product\/182652","targetHints":{"allow":["GET"]}}],"collection":[{"href":"https:\/\/tupique.com\/en\/wp-json\/wp\/v2\/product"}],"about":[{"href":"https:\/\/tupique.com\/en\/wp-json\/wp\/v2\/types\/product"}],"replies":[{"embeddable":true,"href":"https:\/\/tupique.com\/en\/wp-json\/wp\/v2\/comments?post=182652"}],"wp:featuredmedia":[{"embeddable":true,"href":"https:\/\/tupique.com\/en\/wp-json\/wp\/v2\/media\/182650"}],"wp:attachment":[{"href":"https:\/\/tupique.com\/en\/wp-json\/wp\/v2\/media?parent=182652"}],"wp:term":[{"taxonomy":"product_brand","embeddable":true,"href":"https:\/\/tupique.com\/en\/wp-json\/wp\/v2\/product_brand?post=182652"},{"taxonomy":"product_cat","embeddable":true,"href":"https:\/\/tupique.com\/en\/wp-json\/wp\/v2\/product_cat?post=182652"},{"taxonomy":"product_tag","embeddable":true,"href":"https:\/\/tupique.com\/en\/wp-json\/wp\/v2\/product_tag?post=182652"},{"taxonomy":"woo-feed-brand","embeddable":true,"href":"https:\/\/tupique.com\/en\/wp-json\/wp\/v2\/woo-feed-brand?post=182652"}],"curies":[{"name":"wp","href":"https:\/\/api.w.org\/{rel}","templated":true}]}}