{"id":182675,"date":"2026-05-11T15:48:43","date_gmt":"2026-05-11T13:48:43","guid":{"rendered":"https:\/\/tupique.com\/product\/tapis-dkd-home-decor-marron-multicouleur-150-x-150-x-075-cm\/"},"modified":"2026-05-11T21:17:52","modified_gmt":"2026-05-11T19:17:52","slug":"tapis-dkd-home-decor-marron-multicouleur-150-x-150-x-075-cm","status":"publish","type":"product","link":"https:\/\/tupique.com\/en\/product\/tapis-dkd-home-decor-marron-multicouleur-150-x-150-x-075-cm\/","title":{"rendered":"Tapis DKD Home Decor Marron Multicouleur (150 x 150 x 0,75 cm)"},"content":{"rendered":"<p>Vous voulez donner une touche d&#8217;originalit\u00e9 \u00e0 votre maison ? Vous y arriverez gr\u00e2ce au <b>Tapis DKD Home Decor Marron Multicouleur (150 x 150 x 0,75 cm)<\/b>.<\/p>\n<ul>\n<li>Type: Tapis<\/li>\n<li>Design:\n<ul>\n<li>Naturel<\/li>\n<li>Boho<\/li>\n<\/ul>\n<\/li>\n<li>Couleur:\n<ul>\n<li>Marron<\/li>\n<li>Multicouleur<\/li>\n<\/ul>\n<\/li>\n<li>Composition:\n<ul>\n<li>Coton<\/li>\n<li>Polyester<\/li>\n<li>Jute<\/li>\n<\/ul>\n<\/li>\n<li>Unit\u00e9s: 2 Unit\u00e9s<\/li>\n<li>Instructions de lavage: Nettoyage \u00e0 sec<\/li>\n<li>Dimensions approx.: 150 x 150 x 0,75 cm<\/li>\n<li>Taille: Standard<\/li>\n<li>Mat\u00e9riel: Plastique<\/li>\n<li>Forme: Rond<\/li>\n<\/ul>","protected":false},"excerpt":{"rendered":"<p>Vous voulez donner une touche d&#8217;originalit\u00e9 \u00e0 votre maison ? Vous y arriverez gr\u00e2ce au Tapis DKD Home Decor Marron Multicouleur (150 x 150 x 0,75 cm). Type: Tapis Design: Naturel Boho Couleur: Marron Multicouleur Composition: Coton Polyester Jute Unit\u00e9s: 2 Unit\u00e9s Instructions de lavage: Nettoyage \u00e0 sec Dimensions approx.: 150 x 150 x 0,75 [&hellip;]<\/p>\n","protected":false},"featured_media":182671,"comment_status":"open","ping_status":"closed","template":"","meta":[],"product_brand":[263],"product_cat":[1532,239,1533],"product_tag":[208],"woo-feed-brand":[],"class_list":{"0":"post-182675","1":"product","2":"type-product","3":"status-publish","4":"has-post-thumbnail","6":"product_brand-brandp_3770","7":"product_cat-linge-de-maison","8":"product_cat-maison-jardin","9":"product_cat-tapis-et-couvertures","10":"product_tag-tag_587","12":"first","13":"instock","14":"taxable","15":"shipping-taxable","16":"purchasable","17":"product-type-simple"},"yoast_head":"<!-- This site is optimized with the Yoast SEO plugin v27.6 - https:\/\/yoast.com\/product\/yoast-seo-wordpress\/ -->\n<title>Tapis DKD Home Decor Marron Multicouleur (150 x 150 x 0,75 cm) | | Tupique<\/title>\n<meta name=\"description\" content=\"Envie d&#039;acheter Tapis DKD Home Decor Marron Multicouleur (150 x 150 x 0,75 cm)\u00a0? Achetez Tapis DKD Home Decor Marron Multicouleur (150 x 150 x 0,75 cm) maintenant avec Tupique en 3 versements sans int\u00e9r\u00eat.\" \/>\n<meta name=\"robots\" content=\"index, follow, max-snippet:-1, max-image-preview:large, max-video-preview:-1\" \/>\n<link rel=\"canonical\" href=\"https:\/\/tupique.com\/en\/product\/tapis-dkd-home-decor-marron-multicouleur-150-x-150-x-075-cm\/\" \/>\n<meta property=\"og:locale\" content=\"en_GB\" \/>\n<meta property=\"og:type\" content=\"article\" \/>\n<meta property=\"og:title\" content=\"Tapis DKD Home Decor Marron Multicouleur (150 x 150 x 0,75 cm) | | Tupique\" \/>\n<meta property=\"og:description\" content=\"Envie d&#039;acheter Tapis DKD Home Decor Marron Multicouleur (150 x 150 x 0,75 cm)\u00a0? Achetez Tapis DKD Home Decor Marron Multicouleur (150 x 150 x 0,75 cm) maintenant avec Tupique en 3 versements sans int\u00e9r\u00eat.\" \/>\n<meta property=\"og:url\" content=\"https:\/\/tupique.com\/en\/product\/tapis-dkd-home-decor-marron-multicouleur-150-x-150-x-075-cm\/\" \/>\n<meta property=\"og:site_name\" content=\"Tupique\" \/>\n<meta property=\"article:modified_time\" content=\"2026-05-11T19:17:52+00:00\" \/>\n<meta property=\"og:image\" content=\"https:\/\/tupique.com\/wp-content\/uploads\/2026\/05\/8424001948246_S3038202_P34.jpg\" \/>\n\t<meta property=\"og:image:width\" content=\"1200\" \/>\n\t<meta property=\"og:image:height\" content=\"1200\" \/>\n\t<meta property=\"og:image:type\" content=\"image\/jpeg\" \/>\n<meta name=\"twitter:card\" content=\"summary_large_image\" \/>\n<script type=\"application\/ld+json\" class=\"yoast-schema-graph\">{\"@context\":\"https:\\\/\\\/schema.org\",\"@graph\":[{\"@type\":\"WebPage\",\"@id\":\"https:\\\/\\\/tupique.com\\\/pt\\\/product\\\/tapis-dkd-home-decor-marron-multicouleur-150-x-150-x-075-cm\\\/\",\"url\":\"https:\\\/\\\/tupique.com\\\/pt\\\/product\\\/tapis-dkd-home-decor-marron-multicouleur-150-x-150-x-075-cm\\\/\",\"name\":\"Tapis DKD Home Decor Marron Multicouleur (150 x 150 x 0,75 cm) | | Tupique\",\"isPartOf\":{\"@id\":\"https:\\\/\\\/tupique.com\\\/#website\"},\"primaryImageOfPage\":{\"@id\":\"https:\\\/\\\/tupique.com\\\/pt\\\/product\\\/tapis-dkd-home-decor-marron-multicouleur-150-x-150-x-075-cm\\\/#primaryimage\"},\"image\":{\"@id\":\"https:\\\/\\\/tupique.com\\\/pt\\\/product\\\/tapis-dkd-home-decor-marron-multicouleur-150-x-150-x-075-cm\\\/#primaryimage\"},\"thumbnailUrl\":\"https:\\\/\\\/tupique.com\\\/wp-content\\\/uploads\\\/2026\\\/05\\\/8424001948246_S3038202_P34.jpg\",\"datePublished\":\"2026-05-11T13:48:43+00:00\",\"dateModified\":\"2026-05-11T19:17:52+00:00\",\"description\":\"Envie d'acheter Tapis DKD Home Decor Marron Multicouleur (150 x 150 x 0,75 cm)\u00a0? Achetez Tapis DKD Home Decor Marron Multicouleur (150 x 150 x 0,75 cm) maintenant avec Tupique en 3 versements sans int\u00e9r\u00eat.\",\"breadcrumb\":{\"@id\":\"https:\\\/\\\/tupique.com\\\/pt\\\/product\\\/tapis-dkd-home-decor-marron-multicouleur-150-x-150-x-075-cm\\\/#breadcrumb\"},\"inLanguage\":\"en-GB\",\"potentialAction\":[{\"@type\":\"ReadAction\",\"target\":[\"https:\\\/\\\/tupique.com\\\/pt\\\/product\\\/tapis-dkd-home-decor-marron-multicouleur-150-x-150-x-075-cm\\\/\"]}]},{\"@type\":\"ImageObject\",\"inLanguage\":\"en-GB\",\"@id\":\"https:\\\/\\\/tupique.com\\\/pt\\\/product\\\/tapis-dkd-home-decor-marron-multicouleur-150-x-150-x-075-cm\\\/#primaryimage\",\"url\":\"https:\\\/\\\/tupique.com\\\/wp-content\\\/uploads\\\/2026\\\/05\\\/8424001948246_S3038202_P34.jpg\",\"contentUrl\":\"https:\\\/\\\/tupique.com\\\/wp-content\\\/uploads\\\/2026\\\/05\\\/8424001948246_S3038202_P34.jpg\",\"width\":1200,\"height\":1200,\"caption\":\"S3038202_0\"},{\"@type\":\"BreadcrumbList\",\"@id\":\"https:\\\/\\\/tupique.com\\\/pt\\\/product\\\/tapis-dkd-home-decor-marron-multicouleur-150-x-150-x-075-cm\\\/#breadcrumb\",\"itemListElement\":[{\"@type\":\"ListItem\",\"position\":1,\"name\":\"commencer\",\"item\":\"https:\\\/\\\/tupique.com\\\/\"},{\"@type\":\"ListItem\",\"position\":2,\"name\":\"Loja\",\"item\":\"https:\\\/\\\/tupique.com\\\/pt\\\/loja\\\/\"},{\"@type\":\"ListItem\",\"position\":3,\"name\":\"Tapis DKD Home Decor Marron Multicouleur (150 x 150 x 0,75 cm)\"}]},{\"@type\":\"WebSite\",\"@id\":\"https:\\\/\\\/tupique.com\\\/#website\",\"url\":\"https:\\\/\\\/tupique.com\\\/\",\"name\":\"Tupique\",\"description\":\"\",\"publisher\":{\"@id\":\"https:\\\/\\\/tupique.com\\\/#organization\"},\"potentialAction\":[{\"@type\":\"SearchAction\",\"target\":{\"@type\":\"EntryPoint\",\"urlTemplate\":\"https:\\\/\\\/tupique.com\\\/?s={search_term_string}\"},\"query-input\":{\"@type\":\"PropertyValueSpecification\",\"valueRequired\":true,\"valueName\":\"search_term_string\"}}],\"inLanguage\":\"en-GB\"},{\"@type\":\"Organization\",\"@id\":\"https:\\\/\\\/tupique.com\\\/#organization\",\"name\":\"Tupique\",\"url\":\"https:\\\/\\\/tupique.com\\\/\",\"logo\":{\"@type\":\"ImageObject\",\"inLanguage\":\"en-GB\",\"@id\":\"https:\\\/\\\/tupique.com\\\/#\\\/schema\\\/logo\\\/image\\\/\",\"url\":\"https:\\\/\\\/tupique.com\\\/wp-content\\\/uploads\\\/2026\\\/03\\\/logo-tupique-1.webp\",\"contentUrl\":\"https:\\\/\\\/tupique.com\\\/wp-content\\\/uploads\\\/2026\\\/03\\\/logo-tupique-1.webp\",\"width\":500,\"height\":67,\"caption\":\"Tupique\"},\"image\":{\"@id\":\"https:\\\/\\\/tupique.com\\\/#\\\/schema\\\/logo\\\/image\\\/\"}}]}<\/script>\n<!-- \/ Yoast SEO plugin. -->","yoast_head_json":{"title":"Tapis DKD Home Decor Marron Multicouleur (150 x 150 x 0,75 cm) | | Tupique","description":"Envie d'acheter Tapis DKD Home Decor Marron Multicouleur (150 x 150 x 0,75 cm)\u00a0? Achetez Tapis DKD Home Decor Marron Multicouleur (150 x 150 x 0,75 cm) maintenant avec Tupique en 3 versements sans int\u00e9r\u00eat.","robots":{"index":"index","follow":"follow","max-snippet":"max-snippet:-1","max-image-preview":"max-image-preview:large","max-video-preview":"max-video-preview:-1"},"canonical":"https:\/\/tupique.com\/en\/product\/tapis-dkd-home-decor-marron-multicouleur-150-x-150-x-075-cm\/","og_locale":"en_GB","og_type":"article","og_title":"Tapis DKD Home Decor Marron Multicouleur (150 x 150 x 0,75 cm) | | Tupique","og_description":"Envie d'acheter Tapis DKD Home Decor Marron Multicouleur (150 x 150 x 0,75 cm)\u00a0? Achetez Tapis DKD Home Decor Marron Multicouleur (150 x 150 x 0,75 cm) maintenant avec Tupique en 3 versements sans int\u00e9r\u00eat.","og_url":"https:\/\/tupique.com\/en\/product\/tapis-dkd-home-decor-marron-multicouleur-150-x-150-x-075-cm\/","og_site_name":"Tupique","article_modified_time":"2026-05-11T19:17:52+00:00","og_image":[{"width":1200,"height":1200,"url":"https:\/\/tupique.com\/wp-content\/uploads\/2026\/05\/8424001948246_S3038202_P34.jpg","type":"image\/jpeg"}],"twitter_card":"summary_large_image","schema":{"@context":"https:\/\/schema.org","@graph":[{"@type":"WebPage","@id":"https:\/\/tupique.com\/pt\/product\/tapis-dkd-home-decor-marron-multicouleur-150-x-150-x-075-cm\/","url":"https:\/\/tupique.com\/pt\/product\/tapis-dkd-home-decor-marron-multicouleur-150-x-150-x-075-cm\/","name":"Tapis DKD Home Decor Marron Multicouleur (150 x 150 x 0,75 cm) | | Tupique","isPartOf":{"@id":"https:\/\/tupique.com\/#website"},"primaryImageOfPage":{"@id":"https:\/\/tupique.com\/pt\/product\/tapis-dkd-home-decor-marron-multicouleur-150-x-150-x-075-cm\/#primaryimage"},"image":{"@id":"https:\/\/tupique.com\/pt\/product\/tapis-dkd-home-decor-marron-multicouleur-150-x-150-x-075-cm\/#primaryimage"},"thumbnailUrl":"https:\/\/tupique.com\/wp-content\/uploads\/2026\/05\/8424001948246_S3038202_P34.jpg","datePublished":"2026-05-11T13:48:43+00:00","dateModified":"2026-05-11T19:17:52+00:00","description":"Envie d'acheter Tapis DKD Home Decor Marron Multicouleur (150 x 150 x 0,75 cm)\u00a0? Achetez Tapis DKD Home Decor Marron Multicouleur (150 x 150 x 0,75 cm) maintenant avec Tupique en 3 versements sans int\u00e9r\u00eat.","breadcrumb":{"@id":"https:\/\/tupique.com\/pt\/product\/tapis-dkd-home-decor-marron-multicouleur-150-x-150-x-075-cm\/#breadcrumb"},"inLanguage":"en-GB","potentialAction":[{"@type":"ReadAction","target":["https:\/\/tupique.com\/pt\/product\/tapis-dkd-home-decor-marron-multicouleur-150-x-150-x-075-cm\/"]}]},{"@type":"ImageObject","inLanguage":"en-GB","@id":"https:\/\/tupique.com\/pt\/product\/tapis-dkd-home-decor-marron-multicouleur-150-x-150-x-075-cm\/#primaryimage","url":"https:\/\/tupique.com\/wp-content\/uploads\/2026\/05\/8424001948246_S3038202_P34.jpg","contentUrl":"https:\/\/tupique.com\/wp-content\/uploads\/2026\/05\/8424001948246_S3038202_P34.jpg","width":1200,"height":1200,"caption":"S3038202_0"},{"@type":"BreadcrumbList","@id":"https:\/\/tupique.com\/pt\/product\/tapis-dkd-home-decor-marron-multicouleur-150-x-150-x-075-cm\/#breadcrumb","itemListElement":[{"@type":"ListItem","position":1,"name":"commencer","item":"https:\/\/tupique.com\/"},{"@type":"ListItem","position":2,"name":"Loja","item":"https:\/\/tupique.com\/pt\/loja\/"},{"@type":"ListItem","position":3,"name":"Tapis DKD Home Decor Marron Multicouleur (150 x 150 x 0,75 cm)"}]},{"@type":"WebSite","@id":"https:\/\/tupique.com\/#website","url":"https:\/\/tupique.com\/","name":"Tupique","description":"","publisher":{"@id":"https:\/\/tupique.com\/#organization"},"potentialAction":[{"@type":"SearchAction","target":{"@type":"EntryPoint","urlTemplate":"https:\/\/tupique.com\/?s={search_term_string}"},"query-input":{"@type":"PropertyValueSpecification","valueRequired":true,"valueName":"search_term_string"}}],"inLanguage":"en-GB"},{"@type":"Organization","@id":"https:\/\/tupique.com\/#organization","name":"Tupique","url":"https:\/\/tupique.com\/","logo":{"@type":"ImageObject","inLanguage":"en-GB","@id":"https:\/\/tupique.com\/#\/schema\/logo\/image\/","url":"https:\/\/tupique.com\/wp-content\/uploads\/2026\/03\/logo-tupique-1.webp","contentUrl":"https:\/\/tupique.com\/wp-content\/uploads\/2026\/03\/logo-tupique-1.webp","width":500,"height":67,"caption":"Tupique"},"image":{"@id":"https:\/\/tupique.com\/#\/schema\/logo\/image\/"}}]}},"_links":{"self":[{"href":"https:\/\/tupique.com\/en\/wp-json\/wp\/v2\/product\/182675","targetHints":{"allow":["GET"]}}],"collection":[{"href":"https:\/\/tupique.com\/en\/wp-json\/wp\/v2\/product"}],"about":[{"href":"https:\/\/tupique.com\/en\/wp-json\/wp\/v2\/types\/product"}],"replies":[{"embeddable":true,"href":"https:\/\/tupique.com\/en\/wp-json\/wp\/v2\/comments?post=182675"}],"wp:featuredmedia":[{"embeddable":true,"href":"https:\/\/tupique.com\/en\/wp-json\/wp\/v2\/media\/182671"}],"wp:attachment":[{"href":"https:\/\/tupique.com\/en\/wp-json\/wp\/v2\/media?parent=182675"}],"wp:term":[{"taxonomy":"product_brand","embeddable":true,"href":"https:\/\/tupique.com\/en\/wp-json\/wp\/v2\/product_brand?post=182675"},{"taxonomy":"product_cat","embeddable":true,"href":"https:\/\/tupique.com\/en\/wp-json\/wp\/v2\/product_cat?post=182675"},{"taxonomy":"product_tag","embeddable":true,"href":"https:\/\/tupique.com\/en\/wp-json\/wp\/v2\/product_tag?post=182675"},{"taxonomy":"woo-feed-brand","embeddable":true,"href":"https:\/\/tupique.com\/en\/wp-json\/wp\/v2\/woo-feed-brand?post=182675"}],"curies":[{"name":"wp","href":"https:\/\/api.w.org\/{rel}","templated":true}]}}