{"id":182722,"date":"2026-05-11T15:57:36","date_gmt":"2026-05-11T13:57:36","guid":{"rendered":"https:\/\/tupique.com\/product\/harnais-pour-chien-hunter-hilo-comfort-turquoise-xl-s-m-48-55-cm\/"},"modified":"2026-05-11T21:20:38","modified_gmt":"2026-05-11T19:20:38","slug":"harnais-pour-chien-hunter-hilo-comfort-turquoise-xl-s-m-48-55-cm","status":"publish","type":"product","link":"https:\/\/tupique.com\/en\/product\/harnais-pour-chien-hunter-hilo-comfort-turquoise-xl-s-m-48-55-cm\/","title":{"rendered":"Harnais pour Chien Hunter Hilo-Comfort Turquoise XL S\/M (48-55 cm)"},"content":{"rendered":"<p>Si vous \u00eates \u00e0 la recherche de nouvelles tendances sur le march\u00e9, nous vous pr\u00e9sentons <b>Harnais pour Chien Hunter Hilo-Comfort Turquoise Taille S\/M (48-55 cm)<\/b>!<\/p>\n<ul>\n<li>Taille: Taille S\/M<\/li>\n<li>Mesure du cou: 48-55 cm<\/li>\n<li>Mat\u00e9riel: Legging<\/li>\n<li>Features:\n<ul>\n<li>L\u00e9ger et maniable<\/li>\n<li>R\u00e9fl\u00e9chissant<\/li>\n<li>Respirant<\/li>\n<li>Doux<\/li>\n<\/ul>\n<\/li>\n<li>Tour de poitrine: 52-58 cm<\/li>\n<li>Animal de compagnie: Chien<\/li>\n<li>Type: Harnais pour Chien<\/li>\n<li>Composition: Nylon<\/li>\n<\/ul>","protected":false},"excerpt":{"rendered":"<p>Si vous \u00eates \u00e0 la recherche de nouvelles tendances sur le march\u00e9, nous vous pr\u00e9sentons Harnais pour Chien Hunter Hilo-Comfort Turquoise Taille S\/M (48-55 cm)! Taille: Taille S\/M Mesure du cou: 48-55 cm Mat\u00e9riel: Legging Caract\u00e9ristiques: L\u00e9ger et maniable R\u00e9fl\u00e9chissant Respirant Doux Tour de poitrine: 52-58 cm Animal de compagnie: Chien Type: Harnais pour Chien [&hellip;]<\/p>\n","protected":false},"featured_media":182721,"comment_status":"open","ping_status":"closed","template":"","meta":[],"product_brand":[2358],"product_cat":[621,239,1878],"product_tag":[104],"woo-feed-brand":[],"class_list":{"0":"post-182722","1":"product","2":"type-product","3":"status-publish","4":"has-post-thumbnail","6":"product_brand-brandp_5747","7":"product_cat-animaux-de-compagnie","8":"product_cat-maison-jardin","9":"product_cat-voyages-et-promenades","10":"product_tag-tag_1279","12":"first","13":"instock","14":"taxable","15":"shipping-taxable","16":"purchasable","17":"product-type-simple"},"yoast_head":"<!-- This site is optimized with the Yoast SEO plugin v27.5 - https:\/\/yoast.com\/product\/yoast-seo-wordpress\/ -->\n<title>Harnais pour Chien Hunter Hilo-Comfort Turquoise XL S\/M (48-55 cm) | | Tupique<\/title>\n<meta name=\"description\" content=\"Envie d&#039;acheter Harnais pour Chien Hunter Hilo-Comfort Turquoise XL S\/M (48-55 cm)\u00a0? Achetez Harnais pour Chien Hunter Hilo-Comfort Turquoise XL S\/M (48-55 cm) maintenant avec Tupique en 3 versements sans int\u00e9r\u00eat.\" \/>\n<meta name=\"robots\" content=\"index, follow, max-snippet:-1, max-image-preview:large, max-video-preview:-1\" \/>\n<link rel=\"canonical\" href=\"https:\/\/tupique.com\/en\/product\/harnais-pour-chien-hunter-hilo-comfort-turquoise-xl-s-m-48-55-cm\/\" \/>\n<meta property=\"og:locale\" content=\"en_GB\" \/>\n<meta property=\"og:type\" content=\"article\" \/>\n<meta property=\"og:title\" content=\"Harnais pour Chien Hunter Hilo-Comfort Turquoise XL S\/M (48-55 cm) | | Tupique\" \/>\n<meta property=\"og:description\" content=\"Envie d&#039;acheter Harnais pour Chien Hunter Hilo-Comfort Turquoise XL S\/M (48-55 cm)\u00a0? Achetez Harnais pour Chien Hunter Hilo-Comfort Turquoise XL S\/M (48-55 cm) maintenant avec Tupique en 3 versements sans int\u00e9r\u00eat.\" \/>\n<meta property=\"og:url\" content=\"https:\/\/tupique.com\/en\/product\/harnais-pour-chien-hunter-hilo-comfort-turquoise-xl-s-m-48-55-cm\/\" \/>\n<meta property=\"og:site_name\" content=\"Tupique\" \/>\n<meta property=\"article:modified_time\" content=\"2026-05-11T19:20:38+00:00\" \/>\n<meta name=\"twitter:card\" content=\"summary_large_image\" \/>\n<script type=\"application\/ld+json\" class=\"yoast-schema-graph\">{\"@context\":\"https:\\\/\\\/schema.org\",\"@graph\":[{\"@type\":\"WebPage\",\"@id\":\"https:\\\/\\\/tupique.com\\\/product\\\/harnais-pour-chien-hunter-hilo-comfort-turquoise-xl-s-m-48-55-cm\\\/\",\"url\":\"https:\\\/\\\/tupique.com\\\/product\\\/harnais-pour-chien-hunter-hilo-comfort-turquoise-xl-s-m-48-55-cm\\\/\",\"name\":\"Harnais pour Chien Hunter Hilo-Comfort Turquoise XL S\\\/M (48-55 cm) | | Tupique\",\"isPartOf\":{\"@id\":\"https:\\\/\\\/tupique.com\\\/#website\"},\"primaryImageOfPage\":{\"@id\":\"https:\\\/\\\/tupique.com\\\/product\\\/harnais-pour-chien-hunter-hilo-comfort-turquoise-xl-s-m-48-55-cm\\\/#primaryimage\"},\"image\":{\"@id\":\"https:\\\/\\\/tupique.com\\\/product\\\/harnais-pour-chien-hunter-hilo-comfort-turquoise-xl-s-m-48-55-cm\\\/#primaryimage\"},\"thumbnailUrl\":\"https:\\\/\\\/tupique.com\\\/wp-content\\\/uploads\\\/2026\\\/05\\\/4016739671387_00_WBG2.jpg\",\"datePublished\":\"2026-05-11T13:57:36+00:00\",\"dateModified\":\"2026-05-11T19:20:38+00:00\",\"description\":\"Envie d'acheter Harnais pour Chien Hunter Hilo-Comfort Turquoise XL S\\\/M (48-55 cm)\u00a0? Achetez Harnais pour Chien Hunter Hilo-Comfort Turquoise XL S\\\/M (48-55 cm) maintenant avec Tupique en 3 versements sans int\u00e9r\u00eat.\",\"breadcrumb\":{\"@id\":\"https:\\\/\\\/tupique.com\\\/product\\\/harnais-pour-chien-hunter-hilo-comfort-turquoise-xl-s-m-48-55-cm\\\/#breadcrumb\"},\"inLanguage\":\"en-GB\",\"potentialAction\":[{\"@type\":\"ReadAction\",\"target\":[\"https:\\\/\\\/tupique.com\\\/product\\\/harnais-pour-chien-hunter-hilo-comfort-turquoise-xl-s-m-48-55-cm\\\/\"]}]},{\"@type\":\"ImageObject\",\"inLanguage\":\"en-GB\",\"@id\":\"https:\\\/\\\/tupique.com\\\/product\\\/harnais-pour-chien-hunter-hilo-comfort-turquoise-xl-s-m-48-55-cm\\\/#primaryimage\",\"url\":\"https:\\\/\\\/tupique.com\\\/wp-content\\\/uploads\\\/2026\\\/05\\\/4016739671387_00_WBG2.jpg\",\"contentUrl\":\"https:\\\/\\\/tupique.com\\\/wp-content\\\/uploads\\\/2026\\\/05\\\/4016739671387_00_WBG2.jpg\",\"width\":1200,\"height\":1200,\"caption\":\"S6103682_0\"},{\"@type\":\"BreadcrumbList\",\"@id\":\"https:\\\/\\\/tupique.com\\\/product\\\/harnais-pour-chien-hunter-hilo-comfort-turquoise-xl-s-m-48-55-cm\\\/#breadcrumb\",\"itemListElement\":[{\"@type\":\"ListItem\",\"position\":1,\"name\":\"commencer\",\"item\":\"https:\\\/\\\/tupique.com\\\/\"},{\"@type\":\"ListItem\",\"position\":2,\"name\":\"Loja\",\"item\":\"https:\\\/\\\/tupique.com\\\/loja\\\/\"},{\"@type\":\"ListItem\",\"position\":3,\"name\":\"Harnais pour Chien Hunter Hilo-Comfort Turquoise XL S\\\/M (48-55 cm)\"}]},{\"@type\":\"WebSite\",\"@id\":\"https:\\\/\\\/tupique.com\\\/#website\",\"url\":\"https:\\\/\\\/tupique.com\\\/\",\"name\":\"Tupique\",\"description\":\"\",\"publisher\":{\"@id\":\"https:\\\/\\\/tupique.com\\\/#organization\"},\"potentialAction\":[{\"@type\":\"SearchAction\",\"target\":{\"@type\":\"EntryPoint\",\"urlTemplate\":\"https:\\\/\\\/tupique.com\\\/?s={search_term_string}\"},\"query-input\":{\"@type\":\"PropertyValueSpecification\",\"valueRequired\":true,\"valueName\":\"search_term_string\"}}],\"inLanguage\":\"en-GB\"},{\"@type\":\"Organization\",\"@id\":\"https:\\\/\\\/tupique.com\\\/#organization\",\"name\":\"Tupique\",\"url\":\"https:\\\/\\\/tupique.com\\\/\",\"logo\":{\"@type\":\"ImageObject\",\"inLanguage\":\"en-GB\",\"@id\":\"https:\\\/\\\/tupique.com\\\/#\\\/schema\\\/logo\\\/image\\\/\",\"url\":\"https:\\\/\\\/tupique.com\\\/wp-content\\\/uploads\\\/2026\\\/03\\\/logo-tupique-1.webp\",\"contentUrl\":\"https:\\\/\\\/tupique.com\\\/wp-content\\\/uploads\\\/2026\\\/03\\\/logo-tupique-1.webp\",\"width\":500,\"height\":67,\"caption\":\"Tupique\"},\"image\":{\"@id\":\"https:\\\/\\\/tupique.com\\\/#\\\/schema\\\/logo\\\/image\\\/\"}}]}<\/script>\n<!-- \/ Yoast SEO plugin. -->","yoast_head_json":{"title":"Harnais pour Chien Hunter Hilo-Comfort Turquoise XL S\/M (48-55 cm) | | Tupique","description":"Envie d'acheter Harnais pour Chien Hunter Hilo-Comfort Turquoise XL S\/M (48-55 cm)\u00a0? Achetez Harnais pour Chien Hunter Hilo-Comfort Turquoise XL S\/M (48-55 cm) maintenant avec Tupique en 3 versements sans int\u00e9r\u00eat.","robots":{"index":"index","follow":"follow","max-snippet":"max-snippet:-1","max-image-preview":"max-image-preview:large","max-video-preview":"max-video-preview:-1"},"canonical":"https:\/\/tupique.com\/en\/product\/harnais-pour-chien-hunter-hilo-comfort-turquoise-xl-s-m-48-55-cm\/","og_locale":"en_GB","og_type":"article","og_title":"Harnais pour Chien Hunter Hilo-Comfort Turquoise XL S\/M (48-55 cm) | | Tupique","og_description":"Envie d'acheter Harnais pour Chien Hunter Hilo-Comfort Turquoise XL S\/M (48-55 cm)\u00a0? Achetez Harnais pour Chien Hunter Hilo-Comfort Turquoise XL S\/M (48-55 cm) maintenant avec Tupique en 3 versements sans int\u00e9r\u00eat.","og_url":"https:\/\/tupique.com\/en\/product\/harnais-pour-chien-hunter-hilo-comfort-turquoise-xl-s-m-48-55-cm\/","og_site_name":"Tupique","article_modified_time":"2026-05-11T19:20:38+00:00","twitter_card":"summary_large_image","schema":{"@context":"https:\/\/schema.org","@graph":[{"@type":"WebPage","@id":"https:\/\/tupique.com\/product\/harnais-pour-chien-hunter-hilo-comfort-turquoise-xl-s-m-48-55-cm\/","url":"https:\/\/tupique.com\/product\/harnais-pour-chien-hunter-hilo-comfort-turquoise-xl-s-m-48-55-cm\/","name":"Harnais pour Chien Hunter Hilo-Comfort Turquoise XL S\/M (48-55 cm) | | Tupique","isPartOf":{"@id":"https:\/\/tupique.com\/#website"},"primaryImageOfPage":{"@id":"https:\/\/tupique.com\/product\/harnais-pour-chien-hunter-hilo-comfort-turquoise-xl-s-m-48-55-cm\/#primaryimage"},"image":{"@id":"https:\/\/tupique.com\/product\/harnais-pour-chien-hunter-hilo-comfort-turquoise-xl-s-m-48-55-cm\/#primaryimage"},"thumbnailUrl":"https:\/\/tupique.com\/wp-content\/uploads\/2026\/05\/4016739671387_00_WBG2.jpg","datePublished":"2026-05-11T13:57:36+00:00","dateModified":"2026-05-11T19:20:38+00:00","description":"Envie d'acheter Harnais pour Chien Hunter Hilo-Comfort Turquoise XL S\/M (48-55 cm)\u00a0? Achetez Harnais pour Chien Hunter Hilo-Comfort Turquoise XL S\/M (48-55 cm) maintenant avec Tupique en 3 versements sans int\u00e9r\u00eat.","breadcrumb":{"@id":"https:\/\/tupique.com\/product\/harnais-pour-chien-hunter-hilo-comfort-turquoise-xl-s-m-48-55-cm\/#breadcrumb"},"inLanguage":"en-GB","potentialAction":[{"@type":"ReadAction","target":["https:\/\/tupique.com\/product\/harnais-pour-chien-hunter-hilo-comfort-turquoise-xl-s-m-48-55-cm\/"]}]},{"@type":"ImageObject","inLanguage":"en-GB","@id":"https:\/\/tupique.com\/product\/harnais-pour-chien-hunter-hilo-comfort-turquoise-xl-s-m-48-55-cm\/#primaryimage","url":"https:\/\/tupique.com\/wp-content\/uploads\/2026\/05\/4016739671387_00_WBG2.jpg","contentUrl":"https:\/\/tupique.com\/wp-content\/uploads\/2026\/05\/4016739671387_00_WBG2.jpg","width":1200,"height":1200,"caption":"S6103682_0"},{"@type":"BreadcrumbList","@id":"https:\/\/tupique.com\/product\/harnais-pour-chien-hunter-hilo-comfort-turquoise-xl-s-m-48-55-cm\/#breadcrumb","itemListElement":[{"@type":"ListItem","position":1,"name":"commencer","item":"https:\/\/tupique.com\/"},{"@type":"ListItem","position":2,"name":"Loja","item":"https:\/\/tupique.com\/loja\/"},{"@type":"ListItem","position":3,"name":"Harnais pour Chien Hunter Hilo-Comfort Turquoise XL S\/M (48-55 cm)"}]},{"@type":"WebSite","@id":"https:\/\/tupique.com\/#website","url":"https:\/\/tupique.com\/","name":"Tupique","description":"","publisher":{"@id":"https:\/\/tupique.com\/#organization"},"potentialAction":[{"@type":"SearchAction","target":{"@type":"EntryPoint","urlTemplate":"https:\/\/tupique.com\/?s={search_term_string}"},"query-input":{"@type":"PropertyValueSpecification","valueRequired":true,"valueName":"search_term_string"}}],"inLanguage":"en-GB"},{"@type":"Organization","@id":"https:\/\/tupique.com\/#organization","name":"Tupique","url":"https:\/\/tupique.com\/","logo":{"@type":"ImageObject","inLanguage":"en-GB","@id":"https:\/\/tupique.com\/#\/schema\/logo\/image\/","url":"https:\/\/tupique.com\/wp-content\/uploads\/2026\/03\/logo-tupique-1.webp","contentUrl":"https:\/\/tupique.com\/wp-content\/uploads\/2026\/03\/logo-tupique-1.webp","width":500,"height":67,"caption":"Tupique"},"image":{"@id":"https:\/\/tupique.com\/#\/schema\/logo\/image\/"}}]}},"_links":{"self":[{"href":"https:\/\/tupique.com\/en\/wp-json\/wp\/v2\/product\/182722","targetHints":{"allow":["GET"]}}],"collection":[{"href":"https:\/\/tupique.com\/en\/wp-json\/wp\/v2\/product"}],"about":[{"href":"https:\/\/tupique.com\/en\/wp-json\/wp\/v2\/types\/product"}],"replies":[{"embeddable":true,"href":"https:\/\/tupique.com\/en\/wp-json\/wp\/v2\/comments?post=182722"}],"wp:featuredmedia":[{"embeddable":true,"href":"https:\/\/tupique.com\/en\/wp-json\/wp\/v2\/media\/182721"}],"wp:attachment":[{"href":"https:\/\/tupique.com\/en\/wp-json\/wp\/v2\/media?parent=182722"}],"wp:term":[{"taxonomy":"product_brand","embeddable":true,"href":"https:\/\/tupique.com\/en\/wp-json\/wp\/v2\/product_brand?post=182722"},{"taxonomy":"product_cat","embeddable":true,"href":"https:\/\/tupique.com\/en\/wp-json\/wp\/v2\/product_cat?post=182722"},{"taxonomy":"product_tag","embeddable":true,"href":"https:\/\/tupique.com\/en\/wp-json\/wp\/v2\/product_tag?post=182722"},{"taxonomy":"woo-feed-brand","embeddable":true,"href":"https:\/\/tupique.com\/en\/wp-json\/wp\/v2\/woo-feed-brand?post=182722"}],"curies":[{"name":"wp","href":"https:\/\/api.w.org\/{rel}","templated":true}]}}