{"id":182833,"date":"2026-05-11T16:00:41","date_gmt":"2026-05-11T14:00:41","guid":{"rendered":"https:\/\/tupique.com\/product\/collier-pour-chien-hunter-neoprene-reflect-rouge-39-46-cm\/"},"modified":"2026-05-11T21:20:38","modified_gmt":"2026-05-11T19:20:38","slug":"collier-pour-chien-hunter-neoprene-reflect-rouge-39-46-cm","status":"publish","type":"product","link":"https:\/\/tupique.com\/en\/product\/collier-pour-chien-hunter-neoprene-reflect-rouge-39-46-cm\/","title":{"rendered":"Collier pour Chien Hunter Neoprene Reflect Rouge 39-46 cm"},"content":{"rendered":"<p>Si vous \u00eates \u00e0 la recherche de nouvelles tendances sur le march\u00e9, nous vous pr\u00e9sentons <b>Collier pour Chien Hunter Neoprene Reflect Rouge 39-46 cm<\/b> !<\/p>\n<ul>\n<li>Animal de compagnie: Chien<\/li>\n<li>Type: Collier pour Chien<\/li>\n<li>Couleur: Rouge<\/li>\n<li>Composition: Nylon<\/li>\n<li>Mesure du cou: 39-46 cm<\/li>\n<\/ul>","protected":false},"excerpt":{"rendered":"<p>Si vous \u00eates \u00e0 la recherche de nouvelles tendances sur le march\u00e9, nous vous pr\u00e9sentons Collier pour Chien Hunter Neoprene Reflect Rouge 39-46 cm ! Animal de compagnie: Chien Type: Collier pour Chien Couleur: Rouge Composition: Nylon Mesure du cou: 39-46 cm<\/p>","protected":false},"featured_media":182830,"comment_status":"open","ping_status":"closed","template":"","meta":[],"product_brand":[2358],"product_cat":[621,239,1878],"product_tag":[104],"class_list":{"0":"post-182833","1":"product","2":"type-product","3":"status-publish","4":"has-post-thumbnail","6":"product_brand-brandp_5747","7":"product_cat-animaux-de-compagnie","8":"product_cat-maison-jardin","9":"product_cat-voyages-et-promenades","10":"product_tag-tag_1279","12":"first","13":"instock","14":"taxable","15":"shipping-taxable","16":"purchasable","17":"product-type-simple"},"yoast_head":"<!-- This site is optimized with the Yoast SEO plugin v27.5 - https:\/\/yoast.com\/product\/yoast-seo-wordpress\/ -->\n<title>Collier pour Chien Hunter Neoprene Reflect Rouge 39-46 cm - Tupique<\/title>\n<meta name=\"robots\" content=\"index, follow, max-snippet:-1, max-image-preview:large, max-video-preview:-1\" \/>\n<link rel=\"canonical\" href=\"https:\/\/tupique.com\/en\/product\/collier-pour-chien-hunter-neoprene-reflect-rouge-39-46-cm\/\" \/>\n<meta property=\"og:locale\" content=\"en_GB\" \/>\n<meta property=\"og:type\" content=\"article\" \/>\n<meta property=\"og:title\" content=\"Collier pour Chien Hunter Neoprene Reflect Rouge 39-46 cm - Tupique\" \/>\n<meta property=\"og:description\" content=\"Si vous \u00eates \u00e0 la recherche de nouvelles tendances sur le march\u00e9, nous vous pr\u00e9sentons Collier pour Chien Hunter Neoprene Reflect Rouge 39-46 cm ! Animal de compagnie: Chien Type: Collier pour Chien Couleur: Rouge Composition: Nylon Mesure du cou: 39-46 cm\" \/>\n<meta property=\"og:url\" content=\"https:\/\/tupique.com\/en\/product\/collier-pour-chien-hunter-neoprene-reflect-rouge-39-46-cm\/\" \/>\n<meta property=\"og:site_name\" content=\"Tupique\" \/>\n<meta property=\"article:modified_time\" content=\"2026-05-11T19:20:38+00:00\" \/>\n<meta name=\"twitter:card\" content=\"summary_large_image\" \/>\n<script type=\"application\/ld+json\" class=\"yoast-schema-graph\">{\"@context\":\"https:\\\/\\\/schema.org\",\"@graph\":[{\"@type\":\"WebPage\",\"@id\":\"https:\\\/\\\/tupique.com\\\/product\\\/collier-pour-chien-hunter-neoprene-reflect-rouge-39-46-cm\\\/\",\"url\":\"https:\\\/\\\/tupique.com\\\/product\\\/collier-pour-chien-hunter-neoprene-reflect-rouge-39-46-cm\\\/\",\"name\":\"Collier pour Chien Hunter Neoprene Reflect Rouge 39-46 cm - Tupique\",\"isPartOf\":{\"@id\":\"https:\\\/\\\/tupique.com\\\/#website\"},\"primaryImageOfPage\":{\"@id\":\"https:\\\/\\\/tupique.com\\\/product\\\/collier-pour-chien-hunter-neoprene-reflect-rouge-39-46-cm\\\/#primaryimage\"},\"image\":{\"@id\":\"https:\\\/\\\/tupique.com\\\/product\\\/collier-pour-chien-hunter-neoprene-reflect-rouge-39-46-cm\\\/#primaryimage\"},\"thumbnailUrl\":\"https:\\\/\\\/tupique.com\\\/wp-content\\\/uploads\\\/2026\\\/05\\\/4016739641113_00_WBG3.jpg\",\"datePublished\":\"2026-05-11T14:00:41+00:00\",\"dateModified\":\"2026-05-11T19:20:38+00:00\",\"breadcrumb\":{\"@id\":\"https:\\\/\\\/tupique.com\\\/product\\\/collier-pour-chien-hunter-neoprene-reflect-rouge-39-46-cm\\\/#breadcrumb\"},\"inLanguage\":\"en-GB\",\"potentialAction\":[{\"@type\":\"ReadAction\",\"target\":[\"https:\\\/\\\/tupique.com\\\/product\\\/collier-pour-chien-hunter-neoprene-reflect-rouge-39-46-cm\\\/\"]}]},{\"@type\":\"ImageObject\",\"inLanguage\":\"en-GB\",\"@id\":\"https:\\\/\\\/tupique.com\\\/product\\\/collier-pour-chien-hunter-neoprene-reflect-rouge-39-46-cm\\\/#primaryimage\",\"url\":\"https:\\\/\\\/tupique.com\\\/wp-content\\\/uploads\\\/2026\\\/05\\\/4016739641113_00_WBG3.jpg\",\"contentUrl\":\"https:\\\/\\\/tupique.com\\\/wp-content\\\/uploads\\\/2026\\\/05\\\/4016739641113_00_WBG3.jpg\",\"width\":1200,\"height\":1200,\"caption\":\"S6102661_0\"},{\"@type\":\"BreadcrumbList\",\"@id\":\"https:\\\/\\\/tupique.com\\\/product\\\/collier-pour-chien-hunter-neoprene-reflect-rouge-39-46-cm\\\/#breadcrumb\",\"itemListElement\":[{\"@type\":\"ListItem\",\"position\":1,\"name\":\"commencer\",\"item\":\"https:\\\/\\\/tupique.com\\\/\"},{\"@type\":\"ListItem\",\"position\":2,\"name\":\"Loja\",\"item\":\"https:\\\/\\\/tupique.com\\\/loja\\\/\"},{\"@type\":\"ListItem\",\"position\":3,\"name\":\"Collier pour Chien Hunter Neoprene Reflect Rouge 39-46 cm\"}]},{\"@type\":\"WebSite\",\"@id\":\"https:\\\/\\\/tupique.com\\\/#website\",\"url\":\"https:\\\/\\\/tupique.com\\\/\",\"name\":\"Tupique\",\"description\":\"\",\"publisher\":{\"@id\":\"https:\\\/\\\/tupique.com\\\/#organization\"},\"potentialAction\":[{\"@type\":\"SearchAction\",\"target\":{\"@type\":\"EntryPoint\",\"urlTemplate\":\"https:\\\/\\\/tupique.com\\\/?s={search_term_string}\"},\"query-input\":{\"@type\":\"PropertyValueSpecification\",\"valueRequired\":true,\"valueName\":\"search_term_string\"}}],\"inLanguage\":\"en-GB\"},{\"@type\":\"Organization\",\"@id\":\"https:\\\/\\\/tupique.com\\\/#organization\",\"name\":\"Tupique\",\"url\":\"https:\\\/\\\/tupique.com\\\/\",\"logo\":{\"@type\":\"ImageObject\",\"inLanguage\":\"en-GB\",\"@id\":\"https:\\\/\\\/tupique.com\\\/#\\\/schema\\\/logo\\\/image\\\/\",\"url\":\"https:\\\/\\\/tupique.com\\\/wp-content\\\/uploads\\\/2026\\\/03\\\/logo-tupique-1.webp\",\"contentUrl\":\"https:\\\/\\\/tupique.com\\\/wp-content\\\/uploads\\\/2026\\\/03\\\/logo-tupique-1.webp\",\"width\":500,\"height\":67,\"caption\":\"Tupique\"},\"image\":{\"@id\":\"https:\\\/\\\/tupique.com\\\/#\\\/schema\\\/logo\\\/image\\\/\"}}]}<\/script>\n<!-- \/ Yoast SEO plugin. -->","yoast_head_json":{"title":"Collier pour Chien Hunter Neoprene Reflect Rouge 39-46 cm - Tupique","robots":{"index":"index","follow":"follow","max-snippet":"max-snippet:-1","max-image-preview":"max-image-preview:large","max-video-preview":"max-video-preview:-1"},"canonical":"https:\/\/tupique.com\/en\/product\/collier-pour-chien-hunter-neoprene-reflect-rouge-39-46-cm\/","og_locale":"en_GB","og_type":"article","og_title":"Collier pour Chien Hunter Neoprene Reflect Rouge 39-46 cm - Tupique","og_description":"Si vous \u00eates \u00e0 la recherche de nouvelles tendances sur le march\u00e9, nous vous pr\u00e9sentons Collier pour Chien Hunter Neoprene Reflect Rouge 39-46 cm ! Animal de compagnie: Chien Type: Collier pour Chien Couleur: Rouge Composition: Nylon Mesure du cou: 39-46 cm","og_url":"https:\/\/tupique.com\/en\/product\/collier-pour-chien-hunter-neoprene-reflect-rouge-39-46-cm\/","og_site_name":"Tupique","article_modified_time":"2026-05-11T19:20:38+00:00","twitter_card":"summary_large_image","schema":{"@context":"https:\/\/schema.org","@graph":[{"@type":"WebPage","@id":"https:\/\/tupique.com\/product\/collier-pour-chien-hunter-neoprene-reflect-rouge-39-46-cm\/","url":"https:\/\/tupique.com\/product\/collier-pour-chien-hunter-neoprene-reflect-rouge-39-46-cm\/","name":"Collier pour Chien Hunter Neoprene Reflect Rouge 39-46 cm - Tupique","isPartOf":{"@id":"https:\/\/tupique.com\/#website"},"primaryImageOfPage":{"@id":"https:\/\/tupique.com\/product\/collier-pour-chien-hunter-neoprene-reflect-rouge-39-46-cm\/#primaryimage"},"image":{"@id":"https:\/\/tupique.com\/product\/collier-pour-chien-hunter-neoprene-reflect-rouge-39-46-cm\/#primaryimage"},"thumbnailUrl":"https:\/\/tupique.com\/wp-content\/uploads\/2026\/05\/4016739641113_00_WBG3.jpg","datePublished":"2026-05-11T14:00:41+00:00","dateModified":"2026-05-11T19:20:38+00:00","breadcrumb":{"@id":"https:\/\/tupique.com\/product\/collier-pour-chien-hunter-neoprene-reflect-rouge-39-46-cm\/#breadcrumb"},"inLanguage":"en-GB","potentialAction":[{"@type":"ReadAction","target":["https:\/\/tupique.com\/product\/collier-pour-chien-hunter-neoprene-reflect-rouge-39-46-cm\/"]}]},{"@type":"ImageObject","inLanguage":"en-GB","@id":"https:\/\/tupique.com\/product\/collier-pour-chien-hunter-neoprene-reflect-rouge-39-46-cm\/#primaryimage","url":"https:\/\/tupique.com\/wp-content\/uploads\/2026\/05\/4016739641113_00_WBG3.jpg","contentUrl":"https:\/\/tupique.com\/wp-content\/uploads\/2026\/05\/4016739641113_00_WBG3.jpg","width":1200,"height":1200,"caption":"S6102661_0"},{"@type":"BreadcrumbList","@id":"https:\/\/tupique.com\/product\/collier-pour-chien-hunter-neoprene-reflect-rouge-39-46-cm\/#breadcrumb","itemListElement":[{"@type":"ListItem","position":1,"name":"commencer","item":"https:\/\/tupique.com\/"},{"@type":"ListItem","position":2,"name":"Loja","item":"https:\/\/tupique.com\/loja\/"},{"@type":"ListItem","position":3,"name":"Collier pour Chien Hunter Neoprene Reflect Rouge 39-46 cm"}]},{"@type":"WebSite","@id":"https:\/\/tupique.com\/#website","url":"https:\/\/tupique.com\/","name":"Tupique","description":"","publisher":{"@id":"https:\/\/tupique.com\/#organization"},"potentialAction":[{"@type":"SearchAction","target":{"@type":"EntryPoint","urlTemplate":"https:\/\/tupique.com\/?s={search_term_string}"},"query-input":{"@type":"PropertyValueSpecification","valueRequired":true,"valueName":"search_term_string"}}],"inLanguage":"en-GB"},{"@type":"Organization","@id":"https:\/\/tupique.com\/#organization","name":"Tupique","url":"https:\/\/tupique.com\/","logo":{"@type":"ImageObject","inLanguage":"en-GB","@id":"https:\/\/tupique.com\/#\/schema\/logo\/image\/","url":"https:\/\/tupique.com\/wp-content\/uploads\/2026\/03\/logo-tupique-1.webp","contentUrl":"https:\/\/tupique.com\/wp-content\/uploads\/2026\/03\/logo-tupique-1.webp","width":500,"height":67,"caption":"Tupique"},"image":{"@id":"https:\/\/tupique.com\/#\/schema\/logo\/image\/"}}]}},"_links":{"self":[{"href":"https:\/\/tupique.com\/en\/wp-json\/wp\/v2\/product\/182833","targetHints":{"allow":["GET"]}}],"collection":[{"href":"https:\/\/tupique.com\/en\/wp-json\/wp\/v2\/product"}],"about":[{"href":"https:\/\/tupique.com\/en\/wp-json\/wp\/v2\/types\/product"}],"replies":[{"embeddable":true,"href":"https:\/\/tupique.com\/en\/wp-json\/wp\/v2\/comments?post=182833"}],"wp:featuredmedia":[{"embeddable":true,"href":"https:\/\/tupique.com\/en\/wp-json\/wp\/v2\/media\/182830"}],"wp:attachment":[{"href":"https:\/\/tupique.com\/en\/wp-json\/wp\/v2\/media?parent=182833"}],"wp:term":[{"taxonomy":"product_brand","embeddable":true,"href":"https:\/\/tupique.com\/en\/wp-json\/wp\/v2\/product_brand?post=182833"},{"taxonomy":"product_cat","embeddable":true,"href":"https:\/\/tupique.com\/en\/wp-json\/wp\/v2\/product_cat?post=182833"},{"taxonomy":"product_tag","embeddable":true,"href":"https:\/\/tupique.com\/en\/wp-json\/wp\/v2\/product_tag?post=182833"}],"curies":[{"name":"wp","href":"https:\/\/api.w.org\/{rel}","templated":true}]}}